{"id":32335,"date":"2022-09-14T10:06:29","date_gmt":"2022-09-14T03:06:29","guid":{"rendered":"https:\/\/mouldking.store\/?post_type=product&#038;p=32335"},"modified":"2022-09-14T10:06:29","modified_gmt":"2022-09-14T03:06:29","slug":"funwhole-fh9001-wood-cabin-with-light-parts-with-2097-pieces","status":"publish","type":"product","link":"https:\/\/mouldking.store\/vi\/shop\/funwhole-fh9001-wood-cabin-with-light-parts-with-2097-pieces\/","title":{"rendered":"T\u1ee7 g\u1ed7 FUNWHOLE FH9001 v\u1edbi c\u00e1c b\u1ed9 ph\u1eadn \u00e1nh s\u00e1ng v\u1edbi 2097 mi\u1ebfng"},"content":{"rendered":"<p>Th\u00f4ng tin s\u1ea3n ph\u1ea9m:<\/p>\n<ol>\n<li>Th\u01b0\u01a1ng hi\u1ec7u: FUN WHOLE<\/li>\n<li>Gi\u1edbi t\u00ednh: Unisex<\/li>\n<li>T\u00ean: Cabin g\u1ed7 v\u1edbi c\u00e1c b\u1ed9 ph\u1eadn \u00e1nh s\u00e1ng<\/li>\n<li>\u0110\u1ed9 tu\u1ed5i: &gt; 6 tu\u1ed5i<\/li>\n<li>S\u1ed1 m\u00f4 h\u00ecnh: FH9001<\/li>\n<li>Ph\u00e2n lo\u1ea1i: T\u1eadp h\u1ee3p<\/li>\n<li>H\u00ecnh d\u1ea1ng kh\u1ed1i nh\u1ef1a: G\u1ea1ch t\u1ef1 kh\u00f3a<\/li>\n<li>Ch\u1ea5t li\u1ec7u: Nh\u1ef1a<\/li>\n<li>Lo\u1ea1i nh\u1ef1a: ABS<\/li>\n<li>Kh\u1ed1i g\u1ea1ch: 2097 C\u00c1I<\/li>\n<li>K\u00edch th\u01b0\u1edbc: L : 25,7 cm W : 25,7 cm H : 20,8 cm<\/li>\n<li>Ch\u1ee9a h\u01b0\u1edbng d\u1eabn l\u1eafp r\u00e1p chi ti\u1ebft.<\/li>\n<\/ol>\n<p>\u0110\u1ec3 \u00fd:<br \/>\n1. Kh\u00f4ng c\u00f3 h\u1ed9p ban \u0111\u1ea7u, nh\u01b0ng ch\u00fang t\u00f4i \u0111\u1ea3m b\u1ea3o s\u1ea3n ph\u1ea9m c\u1ee7a ch\u00fang t\u00f4i c\u00f3 ch\u1ea5t l\u01b0\u1ee3ng \u0111\u1ea3m b\u1ea3o v\u00e0 bao b\u00ec \u0111\u1eb9p.<br \/>\n2. V\u00ec t\u1ea5t c\u1ea3 c\u00e1c b\u1ed9 ph\u1eadn ch\u00fang t\u00f4i \u0111\u00e3 ki\u1ec3m tra tr\u01b0\u1edbc khi v\u1eadn chuy\u1ec3n, v\u00ec v\u1eady n\u1ebfu b\u1ea1n th\u1ea5y m\u1ed9t s\u1ed1 b\u1ed9 ph\u1eadn b\u1ecb thi\u1ebfu ho\u1eb7c h\u01b0 h\u1ecfng, \u0111\u1eebng lo l\u1eafng v\u00e0 ch\u1ec9 c\u1ea7n vui l\u00f2ng li\u00ean h\u1ec7 v\u1edbi ch\u00fang t\u00f4i v\u00e0 ch\u00fang t\u00f4i c\u00f3 th\u1ec3 g\u1eedi l\u1ea1i mi\u1ec5n ph\u00ed cho b\u1ea1n ngay l\u1eadp t\u1ee9c.<\/p>\n<p>&nbsp;<\/p>\n<figure id=\"attachment_32337\" aria-describedby=\"caption-attachment-32337\" style=\"width: 800px\" class=\"wp-caption aligncenter\"><img fetchpriority=\"high\" decoding=\"async\" class=\"wp-image-32337 size-full\" src=\"https:\/\/mouldking.store\/wp-content\/uploads\/2022\/09\/Modular-Building-FUNWHOLE-FH9001-Wood-Cabin-with-Light-parts-2.jpg\" alt=\"FUNWHOLE FH9001 Wood Cabin with Light parts with 2097 Pieces\" width=\"800\" height=\"800\" title=\"-\" srcset=\"https:\/\/mouldking.store\/wp-content\/uploads\/2022\/09\/Modular-Building-FUNWHOLE-FH9001-Wood-Cabin-with-Light-parts-2.jpg 800w, https:\/\/mouldking.store\/wp-content\/uploads\/2022\/09\/Modular-Building-FUNWHOLE-FH9001-Wood-Cabin-with-Light-parts-2-300x300.jpg 300w, https:\/\/mouldking.store\/wp-content\/uploads\/2022\/09\/Modular-Building-FUNWHOLE-FH9001-Wood-Cabin-with-Light-parts-2-768x768.jpg 768w, https:\/\/mouldking.store\/wp-content\/uploads\/2022\/09\/Modular-Building-FUNWHOLE-FH9001-Wood-Cabin-with-Light-parts-2-600x600.jpg 600w, https:\/\/mouldking.store\/wp-content\/uploads\/2022\/09\/Modular-Building-FUNWHOLE-FH9001-Wood-Cabin-with-Light-parts-2-150x150.jpg 150w, https:\/\/mouldking.store\/wp-content\/uploads\/2022\/09\/Modular-Building-FUNWHOLE-FH9001-Wood-Cabin-with-Light-parts-2-60x60.jpg 60w, https:\/\/mouldking.store\/wp-content\/uploads\/2022\/09\/Modular-Building-FUNWHOLE-FH9001-Wood-Cabin-with-Light-parts-2-90x90.jpg 90w\" sizes=\"(max-width: 800px) 100vw, 800px\" \/><figcaption id=\"caption-attachment-32337\" class=\"wp-caption-text\">T\u1ee7 g\u1ed7 FUNWHOLE FH9001 v\u1edbi c\u00e1c b\u1ed9 ph\u1eadn \u00e1nh s\u00e1ng v\u1edbi 2097 mi\u1ebfng<\/figcaption><\/figure>\n<figure id=\"attachment_32336\" aria-describedby=\"caption-attachment-32336\" style=\"width: 800px\" class=\"wp-caption aligncenter\"><img decoding=\"async\" class=\"wp-image-32336 size-full\" src=\"https:\/\/mouldking.store\/wp-content\/uploads\/2022\/09\/Modular-Building-FUNWHOLE-FH9001-Wood-Cabin-with-Light-parts-1.jpg\" alt=\"FUNWHOLE FH9001 Wood Cabin with Light parts with 2097 Pieces\" width=\"800\" height=\"800\" title=\"-\" srcset=\"https:\/\/mouldking.store\/wp-content\/uploads\/2022\/09\/Modular-Building-FUNWHOLE-FH9001-Wood-Cabin-with-Light-parts-1.jpg 800w, https:\/\/mouldking.store\/wp-content\/uploads\/2022\/09\/Modular-Building-FUNWHOLE-FH9001-Wood-Cabin-with-Light-parts-1-300x300.jpg 300w, https:\/\/mouldking.store\/wp-content\/uploads\/2022\/09\/Modular-Building-FUNWHOLE-FH9001-Wood-Cabin-with-Light-parts-1-768x768.jpg 768w, https:\/\/mouldking.store\/wp-content\/uploads\/2022\/09\/Modular-Building-FUNWHOLE-FH9001-Wood-Cabin-with-Light-parts-1-600x600.jpg 600w, https:\/\/mouldking.store\/wp-content\/uploads\/2022\/09\/Modular-Building-FUNWHOLE-FH9001-Wood-Cabin-with-Light-parts-1-150x150.jpg 150w, https:\/\/mouldking.store\/wp-content\/uploads\/2022\/09\/Modular-Building-FUNWHOLE-FH9001-Wood-Cabin-with-Light-parts-1-60x60.jpg 60w, https:\/\/mouldking.store\/wp-content\/uploads\/2022\/09\/Modular-Building-FUNWHOLE-FH9001-Wood-Cabin-with-Light-parts-1-90x90.jpg 90w\" sizes=\"(max-width: 800px) 100vw, 800px\" \/><figcaption id=\"caption-attachment-32336\" class=\"wp-caption-text\">T\u1ee7 g\u1ed7 FUNWHOLE FH9001 v\u1edbi c\u00e1c b\u1ed9 ph\u1eadn \u00e1nh s\u00e1ng v\u1edbi 2097 mi\u1ebfng<\/figcaption><\/figure>\n<figure id=\"attachment_32338\" aria-describedby=\"caption-attachment-32338\" style=\"width: 800px\" class=\"wp-caption aligncenter\"><img decoding=\"async\" class=\"wp-image-32338 size-full\" src=\"https:\/\/mouldking.store\/wp-content\/uploads\/2022\/09\/Modular-Building-FUNWHOLE-FH9001-Wood-Cabin-with-Light-parts-3.jpg\" alt=\"FUNWHOLE FH9001 Wood Cabin with Light parts with 2097 Pieces\" width=\"800\" height=\"800\" title=\"-\" srcset=\"https:\/\/mouldking.store\/wp-content\/uploads\/2022\/09\/Modular-Building-FUNWHOLE-FH9001-Wood-Cabin-with-Light-parts-3.jpg 800w, https:\/\/mouldking.store\/wp-content\/uploads\/2022\/09\/Modular-Building-FUNWHOLE-FH9001-Wood-Cabin-with-Light-parts-3-300x300.jpg 300w, https:\/\/mouldking.store\/wp-content\/uploads\/2022\/09\/Modular-Building-FUNWHOLE-FH9001-Wood-Cabin-with-Light-parts-3-768x768.jpg 768w, https:\/\/mouldking.store\/wp-content\/uploads\/2022\/09\/Modular-Building-FUNWHOLE-FH9001-Wood-Cabin-with-Light-parts-3-600x600.jpg 600w, https:\/\/mouldking.store\/wp-content\/uploads\/2022\/09\/Modular-Building-FUNWHOLE-FH9001-Wood-Cabin-with-Light-parts-3-150x150.jpg 150w, https:\/\/mouldking.store\/wp-content\/uploads\/2022\/09\/Modular-Building-FUNWHOLE-FH9001-Wood-Cabin-with-Light-parts-3-60x60.jpg 60w, https:\/\/mouldking.store\/wp-content\/uploads\/2022\/09\/Modular-Building-FUNWHOLE-FH9001-Wood-Cabin-with-Light-parts-3-90x90.jpg 90w\" sizes=\"(max-width: 800px) 100vw, 800px\" \/><figcaption id=\"caption-attachment-32338\" class=\"wp-caption-text\">T\u1ee7 g\u1ed7 FUNWHOLE FH9001 v\u1edbi c\u00e1c b\u1ed9 ph\u1eadn \u00e1nh s\u00e1ng v\u1edbi 2097 mi\u1ebfng<\/figcaption><\/figure>\n<figure id=\"attachment_32339\" aria-describedby=\"caption-attachment-32339\" style=\"width: 800px\" class=\"wp-caption aligncenter\"><img loading=\"lazy\" decoding=\"async\" class=\"wp-image-32339 size-full\" src=\"https:\/\/mouldking.store\/wp-content\/uploads\/2022\/09\/Modular-Building-FUNWHOLE-FH9001-Wood-Cabin-with-Light-parts-4.jpg\" alt=\"FUNWHOLE FH9001 Wood Cabin with Light parts with 2097 Pieces\" width=\"800\" height=\"800\" title=\"-\" srcset=\"https:\/\/mouldking.store\/wp-content\/uploads\/2022\/09\/Modular-Building-FUNWHOLE-FH9001-Wood-Cabin-with-Light-parts-4.jpg 800w, https:\/\/mouldking.store\/wp-content\/uploads\/2022\/09\/Modular-Building-FUNWHOLE-FH9001-Wood-Cabin-with-Light-parts-4-300x300.jpg 300w, https:\/\/mouldking.store\/wp-content\/uploads\/2022\/09\/Modular-Building-FUNWHOLE-FH9001-Wood-Cabin-with-Light-parts-4-768x768.jpg 768w, https:\/\/mouldking.store\/wp-content\/uploads\/2022\/09\/Modular-Building-FUNWHOLE-FH9001-Wood-Cabin-with-Light-parts-4-600x600.jpg 600w, https:\/\/mouldking.store\/wp-content\/uploads\/2022\/09\/Modular-Building-FUNWHOLE-FH9001-Wood-Cabin-with-Light-parts-4-150x150.jpg 150w, https:\/\/mouldking.store\/wp-content\/uploads\/2022\/09\/Modular-Building-FUNWHOLE-FH9001-Wood-Cabin-with-Light-parts-4-60x60.jpg 60w, https:\/\/mouldking.store\/wp-content\/uploads\/2022\/09\/Modular-Building-FUNWHOLE-FH9001-Wood-Cabin-with-Light-parts-4-90x90.jpg 90w\" sizes=\"(max-width: 800px) 100vw, 800px\" \/><figcaption id=\"caption-attachment-32339\" class=\"wp-caption-text\">T\u1ee7 g\u1ed7 FUNWHOLE FH9001 v\u1edbi c\u00e1c b\u1ed9 ph\u1eadn \u00e1nh s\u00e1ng v\u1edbi 2097 mi\u1ebfng<\/figcaption><\/figure>","protected":false},"excerpt":{"rendered":"<p>Product information: Brand: FUNWHOLE Gender: Unisex Name: Wood Cabin with Light parts Age Range: &gt; 6 years old Model Number: FH9001 Classification: Assemblage Plastic Block Shape: Self-Locking Bricks Material: Plastic Plastic Type: ABS Bricks Blocks: 2097 PCS Size: L : 25.7 cm W : 25.7 cm H : 20.8 cm Contains detailed assembly instructions. Notice: [&hellip;]<\/p>","protected":false},"featured_media":32337,"comment_status":"closed","ping_status":"closed","template":"","meta":{"_acf_changed":false},"product_cat":[390],"product_tag":[5831,5830,5832],"class_list":["product","first","instock","shipping-taxable","purchasable","product-type-simple"],"acf":[],"_links":{"self":[{"href":"https:\/\/mouldking.store\/vi\/wp-json\/wp\/v2\/product\/32335","targetHints":{"allow":["GET"]}}],"collection":[{"href":"https:\/\/mouldking.store\/vi\/wp-json\/wp\/v2\/product"}],"about":[{"href":"https:\/\/mouldking.store\/vi\/wp-json\/wp\/v2\/types\/product"}],"replies":[{"embeddable":true,"href":"https:\/\/mouldking.store\/vi\/wp-json\/wp\/v2\/comments?post=32335"}],"wp:featuredmedia":[{"embeddable":true,"href":"https:\/\/mouldking.store\/vi\/wp-json\/wp\/v2\/media\/32337"}],"wp:attachment":[{"href":"https:\/\/mouldking.store\/vi\/wp-json\/wp\/v2\/media?parent=32335"}],"wp:term":[{"taxonomy":"product_cat","embeddable":true,"href":"https:\/\/mouldking.store\/vi\/wp-json\/wp\/v2\/product_cat?post=32335"},{"taxonomy":"product_tag","embeddable":true,"href":"https:\/\/mouldking.store\/vi\/wp-json\/wp\/v2\/product_tag?post=32335"}],"curies":[{"name":"wp","href":"https:\/\/api.w.org\/{rel}","templated":true}]}}