{"id":32392,"date":"2022-09-14T11:04:35","date_gmt":"2022-09-14T04:04:35","guid":{"rendered":"https:\/\/mouldking.store\/?post_type=product&#038;p=32392"},"modified":"2022-09-14T11:04:35","modified_gmt":"2022-09-14T04:04:35","slug":"taigaole-t5027a-110-blue-bugatti-sports-car-with-2003-pieces","status":"publish","type":"product","link":"https:\/\/mouldking.store\/vi\/shop\/taigaole-t5027a-110-blue-bugatti-sports-car-with-2003-pieces\/","title":{"rendered":"TAIGAOLE T5027A Xe th\u1ec3 thao Bugatti m\u00e0u xanh t\u1ef7 l\u1ec7 1:10 v\u1edbi 2003 m\u1ea3nh gh\u00e9p"},"content":{"rendered":"<p>Th\u00f4ng tin s\u1ea3n ph\u1ea9m:<\/p>\n<ol>\n<li>Th\u01b0\u01a1ng hi\u1ec7u: TAIGAOLE<\/li>\n<li>Gi\u1edbi t\u00ednh: Unisex<\/li>\n<li>Name: 1:10 Blue Bugatti Sports Car<\/li>\n<li>\u0110\u1ed9 tu\u1ed5i: &gt; 6 tu\u1ed5i<\/li>\n<li>Model Number: T5027A<\/li>\n<li>Ph\u00e2n lo\u1ea1i: T\u1eadp h\u1ee3p<\/li>\n<li>H\u00ecnh d\u1ea1ng kh\u1ed1i nh\u1ef1a: G\u1ea1ch t\u1ef1 kh\u00f3a<\/li>\n<li>Ch\u1ea5t li\u1ec7u: Nh\u1ef1a<\/li>\n<li>Lo\u1ea1i nh\u1ef1a: ABS<\/li>\n<li>Kh\u1ed1i g\u1ea1ch: 2003 C\u00c1I<\/li>\n<li>Ch\u1ee9a h\u01b0\u1edbng d\u1eabn l\u1eafp r\u00e1p chi ti\u1ebft.<\/li>\n<\/ol>\n<p>\u0110\u1ec3 \u00fd:<br \/>\n1. Kh\u00f4ng c\u00f3 h\u1ed9p ban \u0111\u1ea7u, nh\u01b0ng ch\u00fang t\u00f4i \u0111\u1ea3m b\u1ea3o s\u1ea3n ph\u1ea9m c\u1ee7a ch\u00fang t\u00f4i c\u00f3 ch\u1ea5t l\u01b0\u1ee3ng \u0111\u1ea3m b\u1ea3o v\u00e0 bao b\u00ec \u0111\u1eb9p.<br \/>\n2. V\u00ec t\u1ea5t c\u1ea3 c\u00e1c b\u1ed9 ph\u1eadn ch\u00fang t\u00f4i \u0111\u00e3 ki\u1ec3m tra tr\u01b0\u1edbc khi v\u1eadn chuy\u1ec3n, v\u00ec v\u1eady n\u1ebfu b\u1ea1n th\u1ea5y m\u1ed9t s\u1ed1 b\u1ed9 ph\u1eadn b\u1ecb thi\u1ebfu ho\u1eb7c h\u01b0 h\u1ecfng, \u0111\u1eebng lo l\u1eafng v\u00e0 ch\u1ec9 c\u1ea7n vui l\u00f2ng li\u00ean h\u1ec7 v\u1edbi ch\u00fang t\u00f4i v\u00e0 ch\u00fang t\u00f4i c\u00f3 th\u1ec3 g\u1eedi l\u1ea1i mi\u1ec5n ph\u00ed cho b\u1ea1n ngay l\u1eadp t\u1ee9c.<\/p>\n<p>&nbsp;<\/p>\n<figure id=\"attachment_32393\" aria-describedby=\"caption-attachment-32393\" style=\"width: 800px\" class=\"wp-caption aligncenter\"><img fetchpriority=\"high\" decoding=\"async\" class=\"wp-image-32393 size-full\" src=\"https:\/\/mouldking.store\/wp-content\/uploads\/2022\/09\/Technic-TAIGAOLE-T5027A-110-Blue-Bugatti-Sports-Car-1.jpg\" alt=\"TAIGAOLE T5027A 1:10 Blue Bugatti Sports Car with 2003 Pieces\" width=\"800\" height=\"800\" title=\"-\" srcset=\"https:\/\/mouldking.store\/wp-content\/uploads\/2022\/09\/Technic-TAIGAOLE-T5027A-110-Blue-Bugatti-Sports-Car-1.jpg 800w, https:\/\/mouldking.store\/wp-content\/uploads\/2022\/09\/Technic-TAIGAOLE-T5027A-110-Blue-Bugatti-Sports-Car-1-300x300.jpg 300w, https:\/\/mouldking.store\/wp-content\/uploads\/2022\/09\/Technic-TAIGAOLE-T5027A-110-Blue-Bugatti-Sports-Car-1-768x768.jpg 768w, https:\/\/mouldking.store\/wp-content\/uploads\/2022\/09\/Technic-TAIGAOLE-T5027A-110-Blue-Bugatti-Sports-Car-1-600x600.jpg 600w, https:\/\/mouldking.store\/wp-content\/uploads\/2022\/09\/Technic-TAIGAOLE-T5027A-110-Blue-Bugatti-Sports-Car-1-150x150.jpg 150w, https:\/\/mouldking.store\/wp-content\/uploads\/2022\/09\/Technic-TAIGAOLE-T5027A-110-Blue-Bugatti-Sports-Car-1-60x60.jpg 60w, https:\/\/mouldking.store\/wp-content\/uploads\/2022\/09\/Technic-TAIGAOLE-T5027A-110-Blue-Bugatti-Sports-Car-1-90x90.jpg 90w\" sizes=\"(max-width: 800px) 100vw, 800px\" \/><figcaption id=\"caption-attachment-32393\" class=\"wp-caption-text\">TAIGAOLE T5027A Xe th\u1ec3 thao Bugatti m\u00e0u xanh t\u1ef7 l\u1ec7 1:10 v\u1edbi 2003 m\u1ea3nh gh\u00e9p<\/figcaption><\/figure>\n<figure id=\"attachment_32396\" aria-describedby=\"caption-attachment-32396\" style=\"width: 800px\" class=\"wp-caption aligncenter\"><img decoding=\"async\" class=\"wp-image-32396 size-full\" src=\"https:\/\/mouldking.store\/wp-content\/uploads\/2022\/09\/Technic-TAIGAOLE-T5027A-110-Blue-Bugatti-Sports-Car-4.jpg\" alt=\"TAIGAOLE T5027A 1:10 Blue Bugatti Sports Car with 2003 Pieces\" width=\"800\" height=\"800\" title=\"-\" srcset=\"https:\/\/mouldking.store\/wp-content\/uploads\/2022\/09\/Technic-TAIGAOLE-T5027A-110-Blue-Bugatti-Sports-Car-4.jpg 800w, https:\/\/mouldking.store\/wp-content\/uploads\/2022\/09\/Technic-TAIGAOLE-T5027A-110-Blue-Bugatti-Sports-Car-4-300x300.jpg 300w, https:\/\/mouldking.store\/wp-content\/uploads\/2022\/09\/Technic-TAIGAOLE-T5027A-110-Blue-Bugatti-Sports-Car-4-768x768.jpg 768w, https:\/\/mouldking.store\/wp-content\/uploads\/2022\/09\/Technic-TAIGAOLE-T5027A-110-Blue-Bugatti-Sports-Car-4-600x600.jpg 600w, https:\/\/mouldking.store\/wp-content\/uploads\/2022\/09\/Technic-TAIGAOLE-T5027A-110-Blue-Bugatti-Sports-Car-4-150x150.jpg 150w, https:\/\/mouldking.store\/wp-content\/uploads\/2022\/09\/Technic-TAIGAOLE-T5027A-110-Blue-Bugatti-Sports-Car-4-60x60.jpg 60w, https:\/\/mouldking.store\/wp-content\/uploads\/2022\/09\/Technic-TAIGAOLE-T5027A-110-Blue-Bugatti-Sports-Car-4-90x90.jpg 90w\" sizes=\"(max-width: 800px) 100vw, 800px\" \/><figcaption id=\"caption-attachment-32396\" class=\"wp-caption-text\">TAIGAOLE T5027A Xe th\u1ec3 thao Bugatti m\u00e0u xanh t\u1ef7 l\u1ec7 1:10 v\u1edbi 2003 m\u1ea3nh gh\u00e9p<\/figcaption><\/figure>\n<figure id=\"attachment_32395\" aria-describedby=\"caption-attachment-32395\" style=\"width: 800px\" class=\"wp-caption aligncenter\"><img decoding=\"async\" class=\"wp-image-32395 size-full\" src=\"https:\/\/mouldking.store\/wp-content\/uploads\/2022\/09\/Technic-TAIGAOLE-T5027A-110-Blue-Bugatti-Sports-Car-3.jpg\" alt=\"TAIGAOLE T5027A 1:10 Blue Bugatti Sports Car with 2003 Pieces\" width=\"800\" height=\"800\" title=\"-\" srcset=\"https:\/\/mouldking.store\/wp-content\/uploads\/2022\/09\/Technic-TAIGAOLE-T5027A-110-Blue-Bugatti-Sports-Car-3.jpg 800w, https:\/\/mouldking.store\/wp-content\/uploads\/2022\/09\/Technic-TAIGAOLE-T5027A-110-Blue-Bugatti-Sports-Car-3-300x300.jpg 300w, https:\/\/mouldking.store\/wp-content\/uploads\/2022\/09\/Technic-TAIGAOLE-T5027A-110-Blue-Bugatti-Sports-Car-3-768x768.jpg 768w, https:\/\/mouldking.store\/wp-content\/uploads\/2022\/09\/Technic-TAIGAOLE-T5027A-110-Blue-Bugatti-Sports-Car-3-600x600.jpg 600w, https:\/\/mouldking.store\/wp-content\/uploads\/2022\/09\/Technic-TAIGAOLE-T5027A-110-Blue-Bugatti-Sports-Car-3-150x150.jpg 150w, https:\/\/mouldking.store\/wp-content\/uploads\/2022\/09\/Technic-TAIGAOLE-T5027A-110-Blue-Bugatti-Sports-Car-3-60x60.jpg 60w, https:\/\/mouldking.store\/wp-content\/uploads\/2022\/09\/Technic-TAIGAOLE-T5027A-110-Blue-Bugatti-Sports-Car-3-90x90.jpg 90w\" sizes=\"(max-width: 800px) 100vw, 800px\" \/><figcaption id=\"caption-attachment-32395\" class=\"wp-caption-text\">TAIGAOLE T5027A Xe th\u1ec3 thao Bugatti m\u00e0u xanh t\u1ef7 l\u1ec7 1:10 v\u1edbi 2003 m\u1ea3nh gh\u00e9p<\/figcaption><\/figure>\n<figure id=\"attachment_32394\" aria-describedby=\"caption-attachment-32394\" style=\"width: 800px\" class=\"wp-caption aligncenter\"><img loading=\"lazy\" decoding=\"async\" class=\"wp-image-32394 size-full\" src=\"https:\/\/mouldking.store\/wp-content\/uploads\/2022\/09\/Technic-TAIGAOLE-T5027A-110-Blue-Bugatti-Sports-Car-2.jpg\" alt=\"TAIGAOLE T5027A 1:10 Blue Bugatti Sports Car with 2003 Pieces\" width=\"800\" height=\"800\" title=\"-\" srcset=\"https:\/\/mouldking.store\/wp-content\/uploads\/2022\/09\/Technic-TAIGAOLE-T5027A-110-Blue-Bugatti-Sports-Car-2.jpg 800w, https:\/\/mouldking.store\/wp-content\/uploads\/2022\/09\/Technic-TAIGAOLE-T5027A-110-Blue-Bugatti-Sports-Car-2-300x300.jpg 300w, https:\/\/mouldking.store\/wp-content\/uploads\/2022\/09\/Technic-TAIGAOLE-T5027A-110-Blue-Bugatti-Sports-Car-2-768x768.jpg 768w, https:\/\/mouldking.store\/wp-content\/uploads\/2022\/09\/Technic-TAIGAOLE-T5027A-110-Blue-Bugatti-Sports-Car-2-600x600.jpg 600w, https:\/\/mouldking.store\/wp-content\/uploads\/2022\/09\/Technic-TAIGAOLE-T5027A-110-Blue-Bugatti-Sports-Car-2-150x150.jpg 150w, https:\/\/mouldking.store\/wp-content\/uploads\/2022\/09\/Technic-TAIGAOLE-T5027A-110-Blue-Bugatti-Sports-Car-2-60x60.jpg 60w, https:\/\/mouldking.store\/wp-content\/uploads\/2022\/09\/Technic-TAIGAOLE-T5027A-110-Blue-Bugatti-Sports-Car-2-90x90.jpg 90w\" sizes=\"(max-width: 800px) 100vw, 800px\" \/><figcaption id=\"caption-attachment-32394\" class=\"wp-caption-text\">TAIGAOLE T5027A Xe th\u1ec3 thao Bugatti m\u00e0u xanh t\u1ef7 l\u1ec7 1:10 v\u1edbi 2003 m\u1ea3nh gh\u00e9p<\/figcaption><\/figure>","protected":false},"excerpt":{"rendered":"<p>Product information: Brand: TAIGAOLE Gender: Unisex Name: 1:10 Blue Bugatti Sports Car Age Range: &gt; 6 years old Model Number: T5027A Classification: Assemblage Plastic Block Shape: Self-Locking Bricks Material: Plastic Plastic Type: ABS Bricks Blocks: 2003 PCS Contains detailed assembly instructions. Notice: 1. Without an original box, but we guarantee our products have quality assurance [&hellip;]<\/p>","protected":false},"featured_media":32393,"comment_status":"closed","ping_status":"closed","template":"","meta":{"_acf_changed":false},"product_cat":[364],"product_tag":[5862,1730,5861,5860],"class_list":["product","first","instock","shipping-taxable","purchasable","product-type-variable"],"acf":[],"_links":{"self":[{"href":"https:\/\/mouldking.store\/vi\/wp-json\/wp\/v2\/product\/32392","targetHints":{"allow":["GET"]}}],"collection":[{"href":"https:\/\/mouldking.store\/vi\/wp-json\/wp\/v2\/product"}],"about":[{"href":"https:\/\/mouldking.store\/vi\/wp-json\/wp\/v2\/types\/product"}],"replies":[{"embeddable":true,"href":"https:\/\/mouldking.store\/vi\/wp-json\/wp\/v2\/comments?post=32392"}],"wp:featuredmedia":[{"embeddable":true,"href":"https:\/\/mouldking.store\/vi\/wp-json\/wp\/v2\/media\/32393"}],"wp:attachment":[{"href":"https:\/\/mouldking.store\/vi\/wp-json\/wp\/v2\/media?parent=32392"}],"wp:term":[{"taxonomy":"product_cat","embeddable":true,"href":"https:\/\/mouldking.store\/vi\/wp-json\/wp\/v2\/product_cat?post=32392"},{"taxonomy":"product_tag","embeddable":true,"href":"https:\/\/mouldking.store\/vi\/wp-json\/wp\/v2\/product_tag?post=32392"}],"curies":[{"name":"wp","href":"https:\/\/api.w.org\/{rel}","templated":true}]}}