{"id":32406,"date":"2022-09-14T11:11:20","date_gmt":"2022-09-14T04:11:20","guid":{"rendered":"https:\/\/mouldking.store\/?post_type=product&#038;p=32406"},"modified":"2022-09-14T11:11:20","modified_gmt":"2022-09-14T04:11:20","slug":"mould-king-14022-tompson-submachinegun-with-1208-pieces","status":"publish","type":"product","link":"https:\/\/mouldking.store\/vi\/shop\/mould-king-14022-tompson-submachinegun-with-1208-pieces\/","title":{"rendered":"Mold King 14022 Tompson Submachinegun with 1208 Pieces"},"content":{"rendered":"<p>Th\u00f4ng tin s\u1ea3n ph\u1ea9m:<\/p>\n<ol>\n<li>Th\u01b0\u01a1ng hi\u1ec7u: Khu\u00f4n Vua<\/li>\n<li>Gi\u1edbi t\u00ednh: Unisex<\/li>\n<li>T\u00ean: S\u00fang ti\u1ec3u li\u00ean Tompson<\/li>\n<li>\u0110\u1ed9 tu\u1ed5i: &gt; 14 tu\u1ed5i<\/li>\n<li>S\u1ed1 m\u00f4 h\u00ecnh: 14022<\/li>\n<li>Ph\u00e2n lo\u1ea1i: T\u1eadp h\u1ee3p<\/li>\n<li>H\u00ecnh d\u1ea1ng kh\u1ed1i nh\u1ef1a: G\u1ea1ch t\u1ef1 kh\u00f3a<\/li>\n<li>Ch\u1ea5t li\u1ec7u: Nh\u1ef1a<\/li>\n<li>Lo\u1ea1i nh\u1ef1a: ABS<\/li>\n<li>Kh\u1ed1i g\u1ea1ch: 1208 C\u00c1I<\/li>\n<li>Ch\u1ee9a h\u01b0\u1edbng d\u1eabn l\u1eafp r\u00e1p chi ti\u1ebft.<\/li>\n<\/ol>\n<p>\u0110\u1ec3 \u00fd:<br \/>\n1. Kh\u00f4ng c\u00f3 h\u1ed9p ban \u0111\u1ea7u, nh\u01b0ng ch\u00fang t\u00f4i \u0111\u1ea3m b\u1ea3o s\u1ea3n ph\u1ea9m c\u1ee7a ch\u00fang t\u00f4i c\u00f3 ch\u1ea5t l\u01b0\u1ee3ng \u0111\u1ea3m b\u1ea3o v\u00e0 bao b\u00ec \u0111\u1eb9p.<br \/>\n2. V\u00ec t\u1ea5t c\u1ea3 c\u00e1c b\u1ed9 ph\u1eadn ch\u00fang t\u00f4i \u0111\u00e3 ki\u1ec3m tra tr\u01b0\u1edbc khi v\u1eadn chuy\u1ec3n, v\u00ec v\u1eady n\u1ebfu b\u1ea1n th\u1ea5y m\u1ed9t s\u1ed1 b\u1ed9 ph\u1eadn b\u1ecb thi\u1ebfu ho\u1eb7c h\u01b0 h\u1ecfng, \u0111\u1eebng lo l\u1eafng v\u00e0 ch\u1ec9 c\u1ea7n vui l\u00f2ng li\u00ean h\u1ec7 v\u1edbi ch\u00fang t\u00f4i v\u00e0 ch\u00fang t\u00f4i c\u00f3 th\u1ec3 g\u1eedi l\u1ea1i mi\u1ec5n ph\u00ed cho b\u1ea1n ngay l\u1eadp t\u1ee9c.<\/p>\n<p>&nbsp;<\/p>\n<figure id=\"attachment_32407\" aria-describedby=\"caption-attachment-32407\" style=\"width: 800px\" class=\"wp-caption aligncenter\"><img fetchpriority=\"high\" decoding=\"async\" class=\"wp-image-32407 size-full\" src=\"https:\/\/mouldking.store\/wp-content\/uploads\/2022\/09\/Military-Mould-King-14022-Tompson-Submachinegun-1.jpg\" alt=\"Mould King 14022 Tompson Submachinegun with 1208 Pieces\" width=\"800\" height=\"800\" title=\"-\" srcset=\"https:\/\/mouldking.store\/wp-content\/uploads\/2022\/09\/Military-Mould-King-14022-Tompson-Submachinegun-1.jpg 800w, https:\/\/mouldking.store\/wp-content\/uploads\/2022\/09\/Military-Mould-King-14022-Tompson-Submachinegun-1-300x300.jpg 300w, https:\/\/mouldking.store\/wp-content\/uploads\/2022\/09\/Military-Mould-King-14022-Tompson-Submachinegun-1-768x768.jpg 768w, https:\/\/mouldking.store\/wp-content\/uploads\/2022\/09\/Military-Mould-King-14022-Tompson-Submachinegun-1-600x600.jpg 600w, https:\/\/mouldking.store\/wp-content\/uploads\/2022\/09\/Military-Mould-King-14022-Tompson-Submachinegun-1-150x150.jpg 150w, https:\/\/mouldking.store\/wp-content\/uploads\/2022\/09\/Military-Mould-King-14022-Tompson-Submachinegun-1-60x60.jpg 60w, https:\/\/mouldking.store\/wp-content\/uploads\/2022\/09\/Military-Mould-King-14022-Tompson-Submachinegun-1-90x90.jpg 90w\" sizes=\"(max-width: 800px) 100vw, 800px\" \/><figcaption id=\"caption-attachment-32407\" class=\"wp-caption-text\">Mold King 14022 Tompson Submachinegun with 1208 Pieces<\/figcaption><\/figure>\n<figure id=\"attachment_32409\" aria-describedby=\"caption-attachment-32409\" style=\"width: 800px\" class=\"wp-caption aligncenter\"><img decoding=\"async\" class=\"wp-image-32409 size-full\" src=\"https:\/\/mouldking.store\/wp-content\/uploads\/2022\/09\/Military-Mould-King-14022-Tompson-Submachinegun-3.jpg\" alt=\"Mould King 14022 Tompson Submachinegun with 1208 Pieces\" width=\"800\" height=\"800\" title=\"-\" srcset=\"https:\/\/mouldking.store\/wp-content\/uploads\/2022\/09\/Military-Mould-King-14022-Tompson-Submachinegun-3.jpg 800w, https:\/\/mouldking.store\/wp-content\/uploads\/2022\/09\/Military-Mould-King-14022-Tompson-Submachinegun-3-300x300.jpg 300w, https:\/\/mouldking.store\/wp-content\/uploads\/2022\/09\/Military-Mould-King-14022-Tompson-Submachinegun-3-768x768.jpg 768w, https:\/\/mouldking.store\/wp-content\/uploads\/2022\/09\/Military-Mould-King-14022-Tompson-Submachinegun-3-600x600.jpg 600w, https:\/\/mouldking.store\/wp-content\/uploads\/2022\/09\/Military-Mould-King-14022-Tompson-Submachinegun-3-150x150.jpg 150w, https:\/\/mouldking.store\/wp-content\/uploads\/2022\/09\/Military-Mould-King-14022-Tompson-Submachinegun-3-60x60.jpg 60w, https:\/\/mouldking.store\/wp-content\/uploads\/2022\/09\/Military-Mould-King-14022-Tompson-Submachinegun-3-90x90.jpg 90w\" sizes=\"(max-width: 800px) 100vw, 800px\" \/><figcaption id=\"caption-attachment-32409\" class=\"wp-caption-text\">Mold King 14022 Tompson Submachinegun with 1208 Pieces<\/figcaption><\/figure>\n<figure id=\"attachment_32410\" aria-describedby=\"caption-attachment-32410\" style=\"width: 800px\" class=\"wp-caption aligncenter\"><img decoding=\"async\" class=\"wp-image-32410 size-full\" src=\"https:\/\/mouldking.store\/wp-content\/uploads\/2022\/09\/Military-Mould-King-14022-Tompson-Submachinegun-4.jpg\" alt=\"Mould King 14022 Tompson Submachinegun with 1208 Pieces\" width=\"800\" height=\"800\" title=\"-\" srcset=\"https:\/\/mouldking.store\/wp-content\/uploads\/2022\/09\/Military-Mould-King-14022-Tompson-Submachinegun-4.jpg 800w, https:\/\/mouldking.store\/wp-content\/uploads\/2022\/09\/Military-Mould-King-14022-Tompson-Submachinegun-4-300x300.jpg 300w, https:\/\/mouldking.store\/wp-content\/uploads\/2022\/09\/Military-Mould-King-14022-Tompson-Submachinegun-4-768x768.jpg 768w, https:\/\/mouldking.store\/wp-content\/uploads\/2022\/09\/Military-Mould-King-14022-Tompson-Submachinegun-4-600x600.jpg 600w, https:\/\/mouldking.store\/wp-content\/uploads\/2022\/09\/Military-Mould-King-14022-Tompson-Submachinegun-4-150x150.jpg 150w, https:\/\/mouldking.store\/wp-content\/uploads\/2022\/09\/Military-Mould-King-14022-Tompson-Submachinegun-4-60x60.jpg 60w, https:\/\/mouldking.store\/wp-content\/uploads\/2022\/09\/Military-Mould-King-14022-Tompson-Submachinegun-4-90x90.jpg 90w\" sizes=\"(max-width: 800px) 100vw, 800px\" \/><figcaption id=\"caption-attachment-32410\" class=\"wp-caption-text\">Mold King 14022 Tompson Submachinegun with 1208 Pieces<\/figcaption><\/figure>\n<figure id=\"attachment_32408\" aria-describedby=\"caption-attachment-32408\" style=\"width: 800px\" class=\"wp-caption aligncenter\"><img loading=\"lazy\" decoding=\"async\" class=\"wp-image-32408 size-full\" src=\"https:\/\/mouldking.store\/wp-content\/uploads\/2022\/09\/Military-Mould-King-14022-Tompson-Submachinegun-2.jpg\" alt=\"Mould King 14022 Tompson Submachinegun with 1208 Pieces\" width=\"800\" height=\"800\" title=\"-\" srcset=\"https:\/\/mouldking.store\/wp-content\/uploads\/2022\/09\/Military-Mould-King-14022-Tompson-Submachinegun-2.jpg 800w, https:\/\/mouldking.store\/wp-content\/uploads\/2022\/09\/Military-Mould-King-14022-Tompson-Submachinegun-2-300x300.jpg 300w, https:\/\/mouldking.store\/wp-content\/uploads\/2022\/09\/Military-Mould-King-14022-Tompson-Submachinegun-2-768x768.jpg 768w, https:\/\/mouldking.store\/wp-content\/uploads\/2022\/09\/Military-Mould-King-14022-Tompson-Submachinegun-2-600x600.jpg 600w, https:\/\/mouldking.store\/wp-content\/uploads\/2022\/09\/Military-Mould-King-14022-Tompson-Submachinegun-2-150x150.jpg 150w, https:\/\/mouldking.store\/wp-content\/uploads\/2022\/09\/Military-Mould-King-14022-Tompson-Submachinegun-2-60x60.jpg 60w, https:\/\/mouldking.store\/wp-content\/uploads\/2022\/09\/Military-Mould-King-14022-Tompson-Submachinegun-2-90x90.jpg 90w\" sizes=\"(max-width: 800px) 100vw, 800px\" \/><figcaption id=\"caption-attachment-32408\" class=\"wp-caption-text\">Mold King 14022 Tompson Submachinegun with 1208 Pieces<\/figcaption><\/figure>","protected":false},"excerpt":{"rendered":"<p>Product information: Brand: Mould King Gender: Unisex Name: Tompson Submachinegun Age Range: &gt; 14 years old Model Number: 14022 Classification: Assemblage Plastic Block Shape: Self-Locking Bricks Material: Plastic Plastic Type: ABS Bricks Blocks: 1208 PCS Contains detailed assembly instructions. Notice: 1. Without an original box, but we guarantee our products have quality assurance and nice [&hellip;]<\/p>","protected":false},"featured_media":32407,"comment_status":"closed","ping_status":"closed","template":"","meta":{"_acf_changed":false},"product_cat":[372],"product_tag":[5867,5866,5868],"class_list":["product","first","instock","shipping-taxable","purchasable","product-type-simple"],"acf":[],"_links":{"self":[{"href":"https:\/\/mouldking.store\/vi\/wp-json\/wp\/v2\/product\/32406","targetHints":{"allow":["GET"]}}],"collection":[{"href":"https:\/\/mouldking.store\/vi\/wp-json\/wp\/v2\/product"}],"about":[{"href":"https:\/\/mouldking.store\/vi\/wp-json\/wp\/v2\/types\/product"}],"replies":[{"embeddable":true,"href":"https:\/\/mouldking.store\/vi\/wp-json\/wp\/v2\/comments?post=32406"}],"wp:featuredmedia":[{"embeddable":true,"href":"https:\/\/mouldking.store\/vi\/wp-json\/wp\/v2\/media\/32407"}],"wp:attachment":[{"href":"https:\/\/mouldking.store\/vi\/wp-json\/wp\/v2\/media?parent=32406"}],"wp:term":[{"taxonomy":"product_cat","embeddable":true,"href":"https:\/\/mouldking.store\/vi\/wp-json\/wp\/v2\/product_cat?post=32406"},{"taxonomy":"product_tag","embeddable":true,"href":"https:\/\/mouldking.store\/vi\/wp-json\/wp\/v2\/product_tag?post=32406"}],"curies":[{"name":"wp","href":"https:\/\/api.w.org\/{rel}","templated":true}]}}