{"id":32576,"date":"2022-09-28T10:58:31","date_gmt":"2022-09-28T03:58:31","guid":{"rendered":"https:\/\/mouldking.store\/?post_type=product&#038;p=32576"},"modified":"2022-09-28T11:00:43","modified_gmt":"2022-09-28T04:00:43","slug":"moc-113094-black-falcons-fortress-with-5812-pieces","status":"publish","type":"product","link":"https:\/\/mouldking.store\/vi\/shop\/moc-113094-black-falcons-fortress-with-5812-pieces\/","title":{"rendered":"MOC-113094 Ph\u00e1o \u0111\u00e0i Black Falcon v\u1edbi 5812 m\u1ea3nh gh\u00e9p"},"content":{"rendered":"<p>Th\u00f4ng tin s\u1ea3n ph\u1ea9m:<\/p>\n<ol>\n<li>Th\u01b0\u01a1ng hi\u1ec7u: M\u1ed8C<\/li>\n<li>Gi\u1edbi t\u00ednh: Unisex<\/li>\n<li>Name: Black Falcon\u2019s Fortress<\/li>\n<li>\u0110\u1ed9 tu\u1ed5i: &gt; 6 tu\u1ed5i<\/li>\n<li>Model Number: C807202<\/li>\n<li>Ph\u00e2n lo\u1ea1i: T\u1eadp h\u1ee3p<\/li>\n<li>H\u00ecnh d\u1ea1ng kh\u1ed1i nh\u1ef1a: G\u1ea1ch t\u1ef1 kh\u00f3a<\/li>\n<li>Ch\u1ea5t li\u1ec7u: Nh\u1ef1a<\/li>\n<li>Lo\u1ea1i nh\u1ef1a: ABS<\/li>\n<li>Bricks Blocks: 5812 PCS<\/li>\n<li>Size: 30 x 30 x 27 cm<\/li>\n<li>Weight: 3.81 kg<\/li>\n<li>Ch\u1ee9a h\u01b0\u1edbng d\u1eabn l\u1eafp r\u00e1p chi ti\u1ebft.<\/li>\n<\/ol>\n<p>\u0110\u1ec3 \u00fd:<br \/>\n1. Kh\u00f4ng c\u00f3 h\u1ed9p ban \u0111\u1ea7u, nh\u01b0ng ch\u00fang t\u00f4i \u0111\u1ea3m b\u1ea3o s\u1ea3n ph\u1ea9m c\u1ee7a ch\u00fang t\u00f4i c\u00f3 ch\u1ea5t l\u01b0\u1ee3ng \u0111\u1ea3m b\u1ea3o v\u00e0 bao b\u00ec \u0111\u1eb9p.<br \/>\n2. V\u00ec t\u1ea5t c\u1ea3 c\u00e1c b\u1ed9 ph\u1eadn ch\u00fang t\u00f4i \u0111\u00e3 ki\u1ec3m tra tr\u01b0\u1edbc khi v\u1eadn chuy\u1ec3n, v\u00ec v\u1eady n\u1ebfu b\u1ea1n th\u1ea5y m\u1ed9t s\u1ed1 b\u1ed9 ph\u1eadn b\u1ecb thi\u1ebfu ho\u1eb7c h\u01b0 h\u1ecfng, \u0111\u1eebng lo l\u1eafng v\u00e0 ch\u1ec9 c\u1ea7n vui l\u00f2ng li\u00ean h\u1ec7 v\u1edbi ch\u00fang t\u00f4i v\u00e0 ch\u00fang t\u00f4i c\u00f3 th\u1ec3 g\u1eedi l\u1ea1i mi\u1ec5n ph\u00ed cho b\u1ea1n ngay l\u1eadp t\u1ee9c.<\/p>\n<p>&nbsp;<\/p>\n<figure id=\"attachment_32587\" aria-describedby=\"caption-attachment-32587\" style=\"width: 800px\" class=\"wp-caption aligncenter\"><img fetchpriority=\"high\" decoding=\"async\" class=\"wp-image-32587 size-full\" src=\"https:\/\/mouldking.store\/wp-content\/uploads\/2022\/09\/MOC-113094-6.jpg\" alt=\"MOC-113094 Black Falcon\u2019s Fortress with 5812 Pieces\" width=\"800\" height=\"800\" title=\"-\" srcset=\"https:\/\/mouldking.store\/wp-content\/uploads\/2022\/09\/MOC-113094-6.jpg 800w, https:\/\/mouldking.store\/wp-content\/uploads\/2022\/09\/MOC-113094-6-300x300.jpg 300w, https:\/\/mouldking.store\/wp-content\/uploads\/2022\/09\/MOC-113094-6-768x768.jpg 768w, https:\/\/mouldking.store\/wp-content\/uploads\/2022\/09\/MOC-113094-6-600x600.jpg 600w, https:\/\/mouldking.store\/wp-content\/uploads\/2022\/09\/MOC-113094-6-150x150.jpg 150w, https:\/\/mouldking.store\/wp-content\/uploads\/2022\/09\/MOC-113094-6-60x60.jpg 60w, https:\/\/mouldking.store\/wp-content\/uploads\/2022\/09\/MOC-113094-6-90x90.jpg 90w\" sizes=\"(max-width: 800px) 100vw, 800px\" \/><figcaption id=\"caption-attachment-32587\" class=\"wp-caption-text\">MOC-113094 Ph\u00e1o \u0111\u00e0i Black Falcon v\u1edbi 5812 m\u1ea3nh gh\u00e9p<\/figcaption><\/figure>\n<figure id=\"attachment_32581\" aria-describedby=\"caption-attachment-32581\" style=\"width: 800px\" class=\"wp-caption aligncenter\"><img decoding=\"async\" class=\"wp-image-32581 size-full\" src=\"https:\/\/mouldking.store\/wp-content\/uploads\/2022\/09\/MOC-113094-2.jpg\" alt=\"MOC-113094 Black Falcon\u2019s Fortress with 5812 Pieces\" width=\"800\" height=\"800\" title=\"-\" srcset=\"https:\/\/mouldking.store\/wp-content\/uploads\/2022\/09\/MOC-113094-2.jpg 800w, https:\/\/mouldking.store\/wp-content\/uploads\/2022\/09\/MOC-113094-2-300x300.jpg 300w, https:\/\/mouldking.store\/wp-content\/uploads\/2022\/09\/MOC-113094-2-768x768.jpg 768w, https:\/\/mouldking.store\/wp-content\/uploads\/2022\/09\/MOC-113094-2-600x600.jpg 600w, https:\/\/mouldking.store\/wp-content\/uploads\/2022\/09\/MOC-113094-2-150x150.jpg 150w, https:\/\/mouldking.store\/wp-content\/uploads\/2022\/09\/MOC-113094-2-60x60.jpg 60w, https:\/\/mouldking.store\/wp-content\/uploads\/2022\/09\/MOC-113094-2-90x90.jpg 90w\" sizes=\"(max-width: 800px) 100vw, 800px\" \/><figcaption id=\"caption-attachment-32581\" class=\"wp-caption-text\">MOC-113094 Ph\u00e1o \u0111\u00e0i Black Falcon v\u1edbi 5812 m\u1ea3nh gh\u00e9p<\/figcaption><\/figure>\n<figure id=\"attachment_32578\" aria-describedby=\"caption-attachment-32578\" style=\"width: 800px\" class=\"wp-caption aligncenter\"><img decoding=\"async\" class=\"wp-image-32578 size-full\" src=\"https:\/\/mouldking.store\/wp-content\/uploads\/2022\/09\/MOC-113094-7.jpg\" alt=\"MOC-113094 Black Falcon\u2019s Fortress with 5812 Pieces\" width=\"800\" height=\"800\" title=\"-\" srcset=\"https:\/\/mouldking.store\/wp-content\/uploads\/2022\/09\/MOC-113094-7.jpg 800w, https:\/\/mouldking.store\/wp-content\/uploads\/2022\/09\/MOC-113094-7-300x300.jpg 300w, https:\/\/mouldking.store\/wp-content\/uploads\/2022\/09\/MOC-113094-7-768x768.jpg 768w, https:\/\/mouldking.store\/wp-content\/uploads\/2022\/09\/MOC-113094-7-600x600.jpg 600w, https:\/\/mouldking.store\/wp-content\/uploads\/2022\/09\/MOC-113094-7-150x150.jpg 150w, https:\/\/mouldking.store\/wp-content\/uploads\/2022\/09\/MOC-113094-7-60x60.jpg 60w, https:\/\/mouldking.store\/wp-content\/uploads\/2022\/09\/MOC-113094-7-90x90.jpg 90w\" sizes=\"(max-width: 800px) 100vw, 800px\" \/><figcaption id=\"caption-attachment-32578\" class=\"wp-caption-text\">MOC-113094 Ph\u00e1o \u0111\u00e0i Black Falcon v\u1edbi 5812 m\u1ea3nh gh\u00e9p<\/figcaption><\/figure>\n<figure id=\"attachment_32583\" aria-describedby=\"caption-attachment-32583\" style=\"width: 800px\" class=\"wp-caption aligncenter\"><img loading=\"lazy\" decoding=\"async\" class=\"wp-image-32583 size-full\" src=\"https:\/\/mouldking.store\/wp-content\/uploads\/2022\/09\/MOC-113094-3.jpg\" alt=\"MOC-113094 Black Falcon\u2019s Fortress with 5812 Pieces\" width=\"800\" height=\"800\" title=\"-\" srcset=\"https:\/\/mouldking.store\/wp-content\/uploads\/2022\/09\/MOC-113094-3.jpg 800w, https:\/\/mouldking.store\/wp-content\/uploads\/2022\/09\/MOC-113094-3-300x300.jpg 300w, https:\/\/mouldking.store\/wp-content\/uploads\/2022\/09\/MOC-113094-3-768x768.jpg 768w, https:\/\/mouldking.store\/wp-content\/uploads\/2022\/09\/MOC-113094-3-600x600.jpg 600w, https:\/\/mouldking.store\/wp-content\/uploads\/2022\/09\/MOC-113094-3-150x150.jpg 150w, https:\/\/mouldking.store\/wp-content\/uploads\/2022\/09\/MOC-113094-3-60x60.jpg 60w, https:\/\/mouldking.store\/wp-content\/uploads\/2022\/09\/MOC-113094-3-90x90.jpg 90w\" sizes=\"(max-width: 800px) 100vw, 800px\" \/><figcaption id=\"caption-attachment-32583\" class=\"wp-caption-text\">MOC-113094 Ph\u00e1o \u0111\u00e0i Black Falcon v\u1edbi 5812 m\u1ea3nh gh\u00e9p<\/figcaption><\/figure>\n<figure id=\"attachment_32586\" aria-describedby=\"caption-attachment-32586\" style=\"width: 800px\" class=\"wp-caption aligncenter\"><img loading=\"lazy\" decoding=\"async\" class=\"wp-image-32586 size-full\" src=\"https:\/\/mouldking.store\/wp-content\/uploads\/2022\/09\/MOC-113094-10.jpg\" alt=\"MOC-113094 Black Falcon\u2019s Fortress with 5812 Pieces\" width=\"800\" height=\"800\" title=\"-\" srcset=\"https:\/\/mouldking.store\/wp-content\/uploads\/2022\/09\/MOC-113094-10.jpg 800w, https:\/\/mouldking.store\/wp-content\/uploads\/2022\/09\/MOC-113094-10-300x300.jpg 300w, https:\/\/mouldking.store\/wp-content\/uploads\/2022\/09\/MOC-113094-10-768x768.jpg 768w, https:\/\/mouldking.store\/wp-content\/uploads\/2022\/09\/MOC-113094-10-600x600.jpg 600w, https:\/\/mouldking.store\/wp-content\/uploads\/2022\/09\/MOC-113094-10-150x150.jpg 150w, https:\/\/mouldking.store\/wp-content\/uploads\/2022\/09\/MOC-113094-10-60x60.jpg 60w, https:\/\/mouldking.store\/wp-content\/uploads\/2022\/09\/MOC-113094-10-90x90.jpg 90w\" sizes=\"(max-width: 800px) 100vw, 800px\" \/><figcaption id=\"caption-attachment-32586\" class=\"wp-caption-text\">MOC-113094 Ph\u00e1o \u0111\u00e0i Black Falcon v\u1edbi 5812 m\u1ea3nh gh\u00e9p<\/figcaption><\/figure>\n<p><img loading=\"lazy\" decoding=\"async\" class=\"alignnone size-medium wp-image-32584\" src=\"https:\/\/mouldking.store\/wp-content\/uploads\/2022\/09\/MOC-113094-4-300x300.jpg\" alt=\"-\" width=\"300\" height=\"300\" title=\"-\" srcset=\"https:\/\/mouldking.store\/wp-content\/uploads\/2022\/09\/MOC-113094-4-300x300.jpg 300w, https:\/\/mouldking.store\/wp-content\/uploads\/2022\/09\/MOC-113094-4-768x768.jpg 768w, https:\/\/mouldking.store\/wp-content\/uploads\/2022\/09\/MOC-113094-4-600x600.jpg 600w, https:\/\/mouldking.store\/wp-content\/uploads\/2022\/09\/MOC-113094-4-150x150.jpg 150w, https:\/\/mouldking.store\/wp-content\/uploads\/2022\/09\/MOC-113094-4-60x60.jpg 60w, https:\/\/mouldking.store\/wp-content\/uploads\/2022\/09\/MOC-113094-4-90x90.jpg 90w, https:\/\/mouldking.store\/wp-content\/uploads\/2022\/09\/MOC-113094-4.jpg 800w\" sizes=\"(max-width: 300px) 100vw, 300px\" \/> <img loading=\"lazy\" decoding=\"async\" class=\"alignnone size-medium wp-image-32585\" src=\"https:\/\/mouldking.store\/wp-content\/uploads\/2022\/09\/MOC-113094-1-300x300.jpg\" alt=\"-\" width=\"300\" height=\"300\" title=\"-\" srcset=\"https:\/\/mouldking.store\/wp-content\/uploads\/2022\/09\/MOC-113094-1-300x300.jpg 300w, https:\/\/mouldking.store\/wp-content\/uploads\/2022\/09\/MOC-113094-1-768x768.jpg 768w, https:\/\/mouldking.store\/wp-content\/uploads\/2022\/09\/MOC-113094-1-600x600.jpg 600w, https:\/\/mouldking.store\/wp-content\/uploads\/2022\/09\/MOC-113094-1-150x150.jpg 150w, https:\/\/mouldking.store\/wp-content\/uploads\/2022\/09\/MOC-113094-1-60x60.jpg 60w, https:\/\/mouldking.store\/wp-content\/uploads\/2022\/09\/MOC-113094-1-90x90.jpg 90w, https:\/\/mouldking.store\/wp-content\/uploads\/2022\/09\/MOC-113094-1.jpg 800w\" sizes=\"(max-width: 300px) 100vw, 300px\" \/> <img loading=\"lazy\" decoding=\"async\" class=\"alignnone size-medium wp-image-32579\" src=\"https:\/\/mouldking.store\/wp-content\/uploads\/2022\/09\/MOC-113094-5-300x300.jpg\" alt=\"-\" width=\"300\" height=\"300\" title=\"-\" srcset=\"https:\/\/mouldking.store\/wp-content\/uploads\/2022\/09\/MOC-113094-5-300x300.jpg 300w, https:\/\/mouldking.store\/wp-content\/uploads\/2022\/09\/MOC-113094-5-768x768.jpg 768w, https:\/\/mouldking.store\/wp-content\/uploads\/2022\/09\/MOC-113094-5-600x600.jpg 600w, https:\/\/mouldking.store\/wp-content\/uploads\/2022\/09\/MOC-113094-5-150x150.jpg 150w, https:\/\/mouldking.store\/wp-content\/uploads\/2022\/09\/MOC-113094-5-60x60.jpg 60w, https:\/\/mouldking.store\/wp-content\/uploads\/2022\/09\/MOC-113094-5-90x90.jpg 90w, https:\/\/mouldking.store\/wp-content\/uploads\/2022\/09\/MOC-113094-5.jpg 800w\" sizes=\"(max-width: 300px) 100vw, 300px\" \/> <img loading=\"lazy\" decoding=\"async\" class=\"alignnone size-medium wp-image-32582\" src=\"https:\/\/mouldking.store\/wp-content\/uploads\/2022\/09\/MOC-113094-8-300x300.jpg\" alt=\"-\" width=\"300\" height=\"300\" title=\"-\" srcset=\"https:\/\/mouldking.store\/wp-content\/uploads\/2022\/09\/MOC-113094-8-300x300.jpg 300w, https:\/\/mouldking.store\/wp-content\/uploads\/2022\/09\/MOC-113094-8-768x768.jpg 768w, https:\/\/mouldking.store\/wp-content\/uploads\/2022\/09\/MOC-113094-8-600x600.jpg 600w, https:\/\/mouldking.store\/wp-content\/uploads\/2022\/09\/MOC-113094-8-150x150.jpg 150w, https:\/\/mouldking.store\/wp-content\/uploads\/2022\/09\/MOC-113094-8-60x60.jpg 60w, https:\/\/mouldking.store\/wp-content\/uploads\/2022\/09\/MOC-113094-8-90x90.jpg 90w, https:\/\/mouldking.store\/wp-content\/uploads\/2022\/09\/MOC-113094-8.jpg 800w\" sizes=\"(max-width: 300px) 100vw, 300px\" \/> <img loading=\"lazy\" decoding=\"async\" class=\"alignnone size-medium wp-image-32580\" src=\"https:\/\/mouldking.store\/wp-content\/uploads\/2022\/09\/MOC-113094-9-141x300.jpg\" alt=\"-\" width=\"141\" height=\"300\" title=\"-\" srcset=\"https:\/\/mouldking.store\/wp-content\/uploads\/2022\/09\/MOC-113094-9-141x300.jpg 141w, https:\/\/mouldking.store\/wp-content\/uploads\/2022\/09\/MOC-113094-9-481x1024.jpg 481w, https:\/\/mouldking.store\/wp-content\/uploads\/2022\/09\/MOC-113094-9-768x1635.jpg 768w, https:\/\/mouldking.store\/wp-content\/uploads\/2022\/09\/MOC-113094-9-722x1536.jpg 722w, https:\/\/mouldking.store\/wp-content\/uploads\/2022\/09\/MOC-113094-9-300x639.jpg 300w, https:\/\/mouldking.store\/wp-content\/uploads\/2022\/09\/MOC-113094-9-600x1277.jpg 600w, https:\/\/mouldking.store\/wp-content\/uploads\/2022\/09\/MOC-113094-9-70x150.jpg 70w, https:\/\/mouldking.store\/wp-content\/uploads\/2022\/09\/MOC-113094-9-28x60.jpg 28w, https:\/\/mouldking.store\/wp-content\/uploads\/2022\/09\/MOC-113094-9-42x90.jpg 42w, https:\/\/mouldking.store\/wp-content\/uploads\/2022\/09\/MOC-113094-9.jpg 800w\" sizes=\"(max-width: 141px) 100vw, 141px\" \/><\/p>","protected":false},"excerpt":{"rendered":"<p>Product information: Brand: MOC Gender: Unisex Name: Black Falcon\u2019s Fortress Age Range: &gt; 6 years old Model Number: C807202 Classification: Assemblage Plastic Block Shape: Self-Locking Bricks Material: Plastic Plastic Type: ABS Bricks Blocks: 5812 PCS Size: 30 x 30 x 27 cm Weight: 3.81 kg Contains detailed assembly instructions. Notice: 1. Without an original box, [&hellip;]<\/p>","protected":false},"featured_media":32587,"comment_status":"closed","ping_status":"closed","template":"","meta":{"_acf_changed":false},"product_cat":[390],"product_tag":[5923,5922,5921],"class_list":["product","first","instock","shipping-taxable","product-type-simple"],"acf":[],"_links":{"self":[{"href":"https:\/\/mouldking.store\/vi\/wp-json\/wp\/v2\/product\/32576","targetHints":{"allow":["GET"]}}],"collection":[{"href":"https:\/\/mouldking.store\/vi\/wp-json\/wp\/v2\/product"}],"about":[{"href":"https:\/\/mouldking.store\/vi\/wp-json\/wp\/v2\/types\/product"}],"replies":[{"embeddable":true,"href":"https:\/\/mouldking.store\/vi\/wp-json\/wp\/v2\/comments?post=32576"}],"wp:featuredmedia":[{"embeddable":true,"href":"https:\/\/mouldking.store\/vi\/wp-json\/wp\/v2\/media\/32587"}],"wp:attachment":[{"href":"https:\/\/mouldking.store\/vi\/wp-json\/wp\/v2\/media?parent=32576"}],"wp:term":[{"taxonomy":"product_cat","embeddable":true,"href":"https:\/\/mouldking.store\/vi\/wp-json\/wp\/v2\/product_cat?post=32576"},{"taxonomy":"product_tag","embeddable":true,"href":"https:\/\/mouldking.store\/vi\/wp-json\/wp\/v2\/product_tag?post=32576"}],"curies":[{"name":"wp","href":"https:\/\/api.w.org\/{rel}","templated":true}]}}