{"id":32597,"date":"2022-09-28T11:06:03","date_gmt":"2022-09-28T04:06:03","guid":{"rendered":"https:\/\/mouldking.store\/?post_type=product&#038;p=32597"},"modified":"2025-12-25T09:12:27","modified_gmt":"2025-12-25T02:12:27","slug":"moc-105605-stargate-puddle-jumper-with-1110-pieces","status":"publish","type":"product","link":"https:\/\/mouldking.store\/vi\/shop\/moc-105605-stargate-puddle-jumper-with-1110-pieces\/","title":{"rendered":"MOC-105605 Stargate Puddle Jumper v\u1edbi 1110 mi\u1ebfng"},"content":{"rendered":"<p>Th\u00f4ng tin s\u1ea3n ph\u1ea9m:<\/p>\n<ol>\n<li>Th\u01b0\u01a1ng hi\u1ec7u: M\u1ed8C<\/li>\n<li>Gi\u1edbi t\u00ednh: Unisex<\/li>\n<li>Name: Stargate Puddle Jumper<\/li>\n<li>\u0110\u1ed9 tu\u1ed5i: &gt; 6 tu\u1ed5i<\/li>\n<li>Model Number: C9017<\/li>\n<li>Ph\u00e2n lo\u1ea1i: T\u1eadp h\u1ee3p<\/li>\n<li>H\u00ecnh d\u1ea1ng kh\u1ed1i nh\u1ef1a: G\u1ea1ch t\u1ef1 kh\u00f3a<\/li>\n<li>Ch\u1ea5t li\u1ec7u: Nh\u1ef1a<\/li>\n<li>Lo\u1ea1i nh\u1ef1a: ABS<\/li>\n<li>Bricks Blocks: 1110 PCS<\/li>\n<li>Dimensions: 26.4 x 18.7 x 9.9 cm<\/li>\n<li>Weight: 0.85 kg<\/li>\n<li>Ch\u1ee9a h\u01b0\u1edbng d\u1eabn l\u1eafp r\u00e1p chi ti\u1ebft.<\/li>\n<\/ol>\n<p>\u0110\u1ec3 \u00fd:<br \/>\n1. Kh\u00f4ng c\u00f3 h\u1ed9p ban \u0111\u1ea7u, nh\u01b0ng ch\u00fang t\u00f4i \u0111\u1ea3m b\u1ea3o s\u1ea3n ph\u1ea9m c\u1ee7a ch\u00fang t\u00f4i c\u00f3 ch\u1ea5t l\u01b0\u1ee3ng \u0111\u1ea3m b\u1ea3o v\u00e0 bao b\u00ec \u0111\u1eb9p.<br \/>\n2. V\u00ec t\u1ea5t c\u1ea3 c\u00e1c b\u1ed9 ph\u1eadn ch\u00fang t\u00f4i \u0111\u00e3 ki\u1ec3m tra tr\u01b0\u1edbc khi v\u1eadn chuy\u1ec3n, v\u00ec v\u1eady n\u1ebfu b\u1ea1n th\u1ea5y m\u1ed9t s\u1ed1 b\u1ed9 ph\u1eadn b\u1ecb thi\u1ebfu ho\u1eb7c h\u01b0 h\u1ecfng, \u0111\u1eebng lo l\u1eafng v\u00e0 ch\u1ec9 c\u1ea7n vui l\u00f2ng li\u00ean h\u1ec7 v\u1edbi ch\u00fang t\u00f4i v\u00e0 ch\u00fang t\u00f4i c\u00f3 th\u1ec3 g\u1eedi l\u1ea1i mi\u1ec5n ph\u00ed cho b\u1ea1n ngay l\u1eadp t\u1ee9c.<\/p>\n<p>&nbsp;<\/p>\n<figure id=\"attachment_32602\" aria-describedby=\"caption-attachment-32602\" style=\"width: 800px\" class=\"wp-caption aligncenter\"><img fetchpriority=\"high\" decoding=\"async\" class=\"wp-image-32602 size-full\" src=\"https:\/\/mouldking.store\/wp-content\/uploads\/2022\/09\/MOC-105605-Stargate-Puddle-Jumper-3.jpg\" alt=\"MOC-105605 Stargate Puddle Jumper with 1110 Pieces\" width=\"800\" height=\"800\" title=\"-\" srcset=\"https:\/\/mouldking.store\/wp-content\/uploads\/2022\/09\/MOC-105605-Stargate-Puddle-Jumper-3.jpg 800w, https:\/\/mouldking.store\/wp-content\/uploads\/2022\/09\/MOC-105605-Stargate-Puddle-Jumper-3-300x300.jpg 300w, https:\/\/mouldking.store\/wp-content\/uploads\/2022\/09\/MOC-105605-Stargate-Puddle-Jumper-3-768x768.jpg 768w, https:\/\/mouldking.store\/wp-content\/uploads\/2022\/09\/MOC-105605-Stargate-Puddle-Jumper-3-600x600.jpg 600w, https:\/\/mouldking.store\/wp-content\/uploads\/2022\/09\/MOC-105605-Stargate-Puddle-Jumper-3-150x150.jpg 150w, https:\/\/mouldking.store\/wp-content\/uploads\/2022\/09\/MOC-105605-Stargate-Puddle-Jumper-3-60x60.jpg 60w, https:\/\/mouldking.store\/wp-content\/uploads\/2022\/09\/MOC-105605-Stargate-Puddle-Jumper-3-90x90.jpg 90w\" sizes=\"(max-width: 800px) 100vw, 800px\" \/><figcaption id=\"caption-attachment-32602\" class=\"wp-caption-text\">MOC-105605 Stargate Puddle Jumper v\u1edbi 1110 mi\u1ebfng<\/figcaption><\/figure>\n<figure id=\"attachment_32601\" aria-describedby=\"caption-attachment-32601\" style=\"width: 800px\" class=\"wp-caption aligncenter\"><img decoding=\"async\" class=\"wp-image-32601 size-full\" src=\"https:\/\/mouldking.store\/wp-content\/uploads\/2022\/09\/MOC-105605-Stargate-Puddle-Jumper-5.jpg\" alt=\"MOC-105605 Stargate Puddle Jumper with 1110 Pieces\" width=\"800\" height=\"800\" title=\"-\" srcset=\"https:\/\/mouldking.store\/wp-content\/uploads\/2022\/09\/MOC-105605-Stargate-Puddle-Jumper-5.jpg 800w, https:\/\/mouldking.store\/wp-content\/uploads\/2022\/09\/MOC-105605-Stargate-Puddle-Jumper-5-300x300.jpg 300w, https:\/\/mouldking.store\/wp-content\/uploads\/2022\/09\/MOC-105605-Stargate-Puddle-Jumper-5-768x768.jpg 768w, https:\/\/mouldking.store\/wp-content\/uploads\/2022\/09\/MOC-105605-Stargate-Puddle-Jumper-5-600x600.jpg 600w, https:\/\/mouldking.store\/wp-content\/uploads\/2022\/09\/MOC-105605-Stargate-Puddle-Jumper-5-150x150.jpg 150w, https:\/\/mouldking.store\/wp-content\/uploads\/2022\/09\/MOC-105605-Stargate-Puddle-Jumper-5-60x60.jpg 60w, https:\/\/mouldking.store\/wp-content\/uploads\/2022\/09\/MOC-105605-Stargate-Puddle-Jumper-5-90x90.jpg 90w\" sizes=\"(max-width: 800px) 100vw, 800px\" \/><figcaption id=\"caption-attachment-32601\" class=\"wp-caption-text\">MOC-105605 Stargate Puddle Jumper v\u1edbi 1110 mi\u1ebfng<\/figcaption><\/figure>\n<figure id=\"attachment_32603\" aria-describedby=\"caption-attachment-32603\" style=\"width: 800px\" class=\"wp-caption aligncenter\"><img decoding=\"async\" class=\"wp-image-32603 size-full\" src=\"https:\/\/mouldking.store\/wp-content\/uploads\/2022\/09\/MOC-105605-Stargate-Puddle-Jumper-4.jpg\" alt=\"MOC-105605 Stargate Puddle Jumper with 1110 Pieces\" width=\"800\" height=\"800\" title=\"-\" srcset=\"https:\/\/mouldking.store\/wp-content\/uploads\/2022\/09\/MOC-105605-Stargate-Puddle-Jumper-4.jpg 800w, https:\/\/mouldking.store\/wp-content\/uploads\/2022\/09\/MOC-105605-Stargate-Puddle-Jumper-4-300x300.jpg 300w, https:\/\/mouldking.store\/wp-content\/uploads\/2022\/09\/MOC-105605-Stargate-Puddle-Jumper-4-768x768.jpg 768w, https:\/\/mouldking.store\/wp-content\/uploads\/2022\/09\/MOC-105605-Stargate-Puddle-Jumper-4-600x600.jpg 600w, https:\/\/mouldking.store\/wp-content\/uploads\/2022\/09\/MOC-105605-Stargate-Puddle-Jumper-4-150x150.jpg 150w, https:\/\/mouldking.store\/wp-content\/uploads\/2022\/09\/MOC-105605-Stargate-Puddle-Jumper-4-60x60.jpg 60w, https:\/\/mouldking.store\/wp-content\/uploads\/2022\/09\/MOC-105605-Stargate-Puddle-Jumper-4-90x90.jpg 90w\" sizes=\"(max-width: 800px) 100vw, 800px\" \/><figcaption id=\"caption-attachment-32603\" class=\"wp-caption-text\">MOC-105605 Stargate Puddle Jumper v\u1edbi 1110 mi\u1ebfng<\/figcaption><\/figure>\n<figure id=\"attachment_32600\" aria-describedby=\"caption-attachment-32600\" style=\"width: 800px\" class=\"wp-caption aligncenter\"><img loading=\"lazy\" decoding=\"async\" class=\"wp-image-32600 size-full\" src=\"https:\/\/mouldking.store\/wp-content\/uploads\/2022\/09\/MOC-105605-Stargate-Puddle-Jumper-2.jpg\" alt=\"MOC-105605 Stargate Puddle Jumper with 1110 Pieces\" width=\"800\" height=\"800\" title=\"-\" srcset=\"https:\/\/mouldking.store\/wp-content\/uploads\/2022\/09\/MOC-105605-Stargate-Puddle-Jumper-2.jpg 800w, https:\/\/mouldking.store\/wp-content\/uploads\/2022\/09\/MOC-105605-Stargate-Puddle-Jumper-2-300x300.jpg 300w, https:\/\/mouldking.store\/wp-content\/uploads\/2022\/09\/MOC-105605-Stargate-Puddle-Jumper-2-768x768.jpg 768w, https:\/\/mouldking.store\/wp-content\/uploads\/2022\/09\/MOC-105605-Stargate-Puddle-Jumper-2-600x600.jpg 600w, https:\/\/mouldking.store\/wp-content\/uploads\/2022\/09\/MOC-105605-Stargate-Puddle-Jumper-2-150x150.jpg 150w, https:\/\/mouldking.store\/wp-content\/uploads\/2022\/09\/MOC-105605-Stargate-Puddle-Jumper-2-60x60.jpg 60w, https:\/\/mouldking.store\/wp-content\/uploads\/2022\/09\/MOC-105605-Stargate-Puddle-Jumper-2-90x90.jpg 90w\" sizes=\"(max-width: 800px) 100vw, 800px\" \/><figcaption id=\"caption-attachment-32600\" class=\"wp-caption-text\">MOC-105605 Stargate Puddle Jumper v\u1edbi 1110 mi\u1ebfng<\/figcaption><\/figure>\n<figure id=\"attachment_32598\" aria-describedby=\"caption-attachment-32598\" style=\"width: 800px\" class=\"wp-caption aligncenter\"><img loading=\"lazy\" decoding=\"async\" class=\"wp-image-32598 size-full\" src=\"https:\/\/mouldking.store\/wp-content\/uploads\/2022\/09\/MOC-105605-Stargate-Puddle-Jumper-6.jpg\" alt=\"MOC-105605 Stargate Puddle Jumper with 1110 Pieces\" width=\"800\" height=\"800\" title=\"-\" srcset=\"https:\/\/mouldking.store\/wp-content\/uploads\/2022\/09\/MOC-105605-Stargate-Puddle-Jumper-6.jpg 800w, https:\/\/mouldking.store\/wp-content\/uploads\/2022\/09\/MOC-105605-Stargate-Puddle-Jumper-6-300x300.jpg 300w, https:\/\/mouldking.store\/wp-content\/uploads\/2022\/09\/MOC-105605-Stargate-Puddle-Jumper-6-768x768.jpg 768w, https:\/\/mouldking.store\/wp-content\/uploads\/2022\/09\/MOC-105605-Stargate-Puddle-Jumper-6-600x600.jpg 600w, https:\/\/mouldking.store\/wp-content\/uploads\/2022\/09\/MOC-105605-Stargate-Puddle-Jumper-6-150x150.jpg 150w, https:\/\/mouldking.store\/wp-content\/uploads\/2022\/09\/MOC-105605-Stargate-Puddle-Jumper-6-60x60.jpg 60w, https:\/\/mouldking.store\/wp-content\/uploads\/2022\/09\/MOC-105605-Stargate-Puddle-Jumper-6-90x90.jpg 90w\" sizes=\"(max-width: 800px) 100vw, 800px\" \/><figcaption id=\"caption-attachment-32598\" class=\"wp-caption-text\">MOC-105605 Stargate Puddle Jumper v\u1edbi 1110 mi\u1ebfng<\/figcaption><\/figure>\n<figure id=\"attachment_32599\" aria-describedby=\"caption-attachment-32599\" style=\"width: 800px\" class=\"wp-caption aligncenter\"><img loading=\"lazy\" decoding=\"async\" class=\"wp-image-32599 size-full\" src=\"https:\/\/mouldking.store\/wp-content\/uploads\/2022\/09\/MOC-105605-Stargate-Puddle-Jumper-1.jpg\" alt=\"MOC-105605 Stargate Puddle Jumper with 1110 Pieces\" width=\"800\" height=\"1237\" title=\"-\" srcset=\"https:\/\/mouldking.store\/wp-content\/uploads\/2022\/09\/MOC-105605-Stargate-Puddle-Jumper-1.jpg 800w, https:\/\/mouldking.store\/wp-content\/uploads\/2022\/09\/MOC-105605-Stargate-Puddle-Jumper-1-194x300.jpg 194w, https:\/\/mouldking.store\/wp-content\/uploads\/2022\/09\/MOC-105605-Stargate-Puddle-Jumper-1-662x1024.jpg 662w, https:\/\/mouldking.store\/wp-content\/uploads\/2022\/09\/MOC-105605-Stargate-Puddle-Jumper-1-768x1188.jpg 768w, https:\/\/mouldking.store\/wp-content\/uploads\/2022\/09\/MOC-105605-Stargate-Puddle-Jumper-1-300x464.jpg 300w, https:\/\/mouldking.store\/wp-content\/uploads\/2022\/09\/MOC-105605-Stargate-Puddle-Jumper-1-600x928.jpg 600w, https:\/\/mouldking.store\/wp-content\/uploads\/2022\/09\/MOC-105605-Stargate-Puddle-Jumper-1-97x150.jpg 97w, https:\/\/mouldking.store\/wp-content\/uploads\/2022\/09\/MOC-105605-Stargate-Puddle-Jumper-1-39x60.jpg 39w, https:\/\/mouldking.store\/wp-content\/uploads\/2022\/09\/MOC-105605-Stargate-Puddle-Jumper-1-58x90.jpg 58w\" sizes=\"(max-width: 800px) 100vw, 800px\" \/><figcaption id=\"caption-attachment-32599\" class=\"wp-caption-text\">MOC-105605 Stargate Puddle Jumper v\u1edbi 1110 mi\u1ebfng<\/figcaption><\/figure>","protected":false},"excerpt":{"rendered":"<p>Product information: Brand: MOC Gender: Unisex Name: Stargate Puddle Jumper Age Range: &gt; 6 years old Model Number: C9017 Classification: Assemblage Plastic Block Shape: Self-Locking Bricks Material: Plastic Plastic Type: ABS Bricks Blocks: 1110 PCS Dimensions: 26.4 x 18.7 x 9.9 cm Weight: 0.85 kg Contains detailed assembly instructions. Notice: 1. Without an original box, [&hellip;]<\/p>","protected":false},"featured_media":32602,"comment_status":"closed","ping_status":"closed","template":"","meta":{"_acf_changed":false},"product_cat":[581],"product_tag":[5928,5927,5929],"class_list":["product","first","instock","shipping-taxable","purchasable","product-type-simple"],"acf":[],"_links":{"self":[{"href":"https:\/\/mouldking.store\/vi\/wp-json\/wp\/v2\/product\/32597","targetHints":{"allow":["GET"]}}],"collection":[{"href":"https:\/\/mouldking.store\/vi\/wp-json\/wp\/v2\/product"}],"about":[{"href":"https:\/\/mouldking.store\/vi\/wp-json\/wp\/v2\/types\/product"}],"replies":[{"embeddable":true,"href":"https:\/\/mouldking.store\/vi\/wp-json\/wp\/v2\/comments?post=32597"}],"wp:featuredmedia":[{"embeddable":true,"href":"https:\/\/mouldking.store\/vi\/wp-json\/wp\/v2\/media\/32602"}],"wp:attachment":[{"href":"https:\/\/mouldking.store\/vi\/wp-json\/wp\/v2\/media?parent=32597"}],"wp:term":[{"taxonomy":"product_cat","embeddable":true,"href":"https:\/\/mouldking.store\/vi\/wp-json\/wp\/v2\/product_cat?post=32597"},{"taxonomy":"product_tag","embeddable":true,"href":"https:\/\/mouldking.store\/vi\/wp-json\/wp\/v2\/product_tag?post=32597"}],"curies":[{"name":"wp","href":"https:\/\/api.w.org\/{rel}","templated":true}]}}