{"id":32657,"date":"2022-09-28T11:47:01","date_gmt":"2022-09-28T04:47:01","guid":{"rendered":"https:\/\/mouldking.store\/?post_type=product&#038;p=32657"},"modified":"2025-12-25T09:12:27","modified_gmt":"2025-12-25T02:12:27","slug":"moc-71157-voyager-1-2-scale-112-with-1903-pieces","status":"publish","type":"product","link":"https:\/\/mouldking.store\/vi\/shop\/moc-71157-voyager-1-2-scale-112-with-1903-pieces\/","title":{"rendered":"MOC-71157 Du h\u00e0nh 1-2 t\u1ef7 l\u1ec7 1:12 v\u1edbi 1903 M\u1ea3nh gh\u00e9p"},"content":{"rendered":"<p>Th\u00f4ng tin s\u1ea3n ph\u1ea9m:<\/p>\n<ol>\n<li>Th\u01b0\u01a1ng hi\u1ec7u: M\u1ed8C<\/li>\n<li>Gi\u1edbi t\u00ednh: Unisex<\/li>\n<li>T\u00ean: Du h\u00e0nh 1-2 t\u1ef7 l\u1ec7 1:12<\/li>\n<li>\u0110\u1ed9 tu\u1ed5i: &gt; 6 tu\u1ed5i<\/li>\n<li>S\u1ed1 m\u00f4 h\u00ecnh: C7989<\/li>\n<li>Ph\u00e2n lo\u1ea1i: T\u1eadp h\u1ee3p<\/li>\n<li>H\u00ecnh d\u1ea1ng kh\u1ed1i nh\u1ef1a: G\u1ea1ch t\u1ef1 kh\u00f3a<\/li>\n<li>Ch\u1ea5t li\u1ec7u: Nh\u1ef1a<\/li>\n<li>Lo\u1ea1i nh\u1ef1a: ABS<\/li>\n<li>Kh\u1ed1i g\u1ea1ch: 1903 C\u00c1I<\/li>\n<li>K\u00edch th\u01b0\u1edbc: 45 x 35 x 78 cm<\/li>\n<li>C\u00e2n n\u1eb7ng: 1,27kg<\/li>\n<li>Ch\u1ee9a h\u01b0\u1edbng d\u1eabn l\u1eafp r\u00e1p chi ti\u1ebft.<\/li>\n<\/ol>\n<p>\u0110\u1ec3 \u00fd:<br \/>\n1. Kh\u00f4ng c\u00f3 h\u1ed9p ban \u0111\u1ea7u, nh\u01b0ng ch\u00fang t\u00f4i \u0111\u1ea3m b\u1ea3o s\u1ea3n ph\u1ea9m c\u1ee7a ch\u00fang t\u00f4i c\u00f3 ch\u1ea5t l\u01b0\u1ee3ng \u0111\u1ea3m b\u1ea3o v\u00e0 bao b\u00ec \u0111\u1eb9p.<br \/>\n2. V\u00ec t\u1ea5t c\u1ea3 c\u00e1c b\u1ed9 ph\u1eadn ch\u00fang t\u00f4i \u0111\u00e3 ki\u1ec3m tra tr\u01b0\u1edbc khi v\u1eadn chuy\u1ec3n, v\u00ec v\u1eady n\u1ebfu b\u1ea1n th\u1ea5y m\u1ed9t s\u1ed1 b\u1ed9 ph\u1eadn b\u1ecb thi\u1ebfu ho\u1eb7c h\u01b0 h\u1ecfng, \u0111\u1eebng lo l\u1eafng v\u00e0 ch\u1ec9 c\u1ea7n vui l\u00f2ng li\u00ean h\u1ec7 v\u1edbi ch\u00fang t\u00f4i v\u00e0 ch\u00fang t\u00f4i c\u00f3 th\u1ec3 g\u1eedi l\u1ea1i mi\u1ec5n ph\u00ed cho b\u1ea1n ngay l\u1eadp t\u1ee9c.<\/p>\n<p>&nbsp;<\/p>\n<figure id=\"attachment_32658\" aria-describedby=\"caption-attachment-32658\" style=\"width: 1000px\" class=\"wp-caption aligncenter\"><img fetchpriority=\"high\" decoding=\"async\" class=\"wp-image-32658 size-full\" src=\"https:\/\/mouldking.store\/wp-content\/uploads\/2022\/09\/Space-MOC-71157-Voyager-1-2-scale-112-MOCBRICKLAND-2.jpg\" alt=\"MOC-71157 Voyager 1-2 scale 1:12 with 1903 Pieces\" width=\"1000\" height=\"1000\" title=\"-\" srcset=\"https:\/\/mouldking.store\/wp-content\/uploads\/2022\/09\/Space-MOC-71157-Voyager-1-2-scale-112-MOCBRICKLAND-2.jpg 1000w, https:\/\/mouldking.store\/wp-content\/uploads\/2022\/09\/Space-MOC-71157-Voyager-1-2-scale-112-MOCBRICKLAND-2-300x300.jpg 300w, https:\/\/mouldking.store\/wp-content\/uploads\/2022\/09\/Space-MOC-71157-Voyager-1-2-scale-112-MOCBRICKLAND-2-768x768.jpg 768w, https:\/\/mouldking.store\/wp-content\/uploads\/2022\/09\/Space-MOC-71157-Voyager-1-2-scale-112-MOCBRICKLAND-2-600x600.jpg 600w, https:\/\/mouldking.store\/wp-content\/uploads\/2022\/09\/Space-MOC-71157-Voyager-1-2-scale-112-MOCBRICKLAND-2-150x150.jpg 150w, https:\/\/mouldking.store\/wp-content\/uploads\/2022\/09\/Space-MOC-71157-Voyager-1-2-scale-112-MOCBRICKLAND-2-60x60.jpg 60w, https:\/\/mouldking.store\/wp-content\/uploads\/2022\/09\/Space-MOC-71157-Voyager-1-2-scale-112-MOCBRICKLAND-2-90x90.jpg 90w\" sizes=\"(max-width: 1000px) 100vw, 1000px\" \/><figcaption id=\"caption-attachment-32658\" class=\"wp-caption-text\">MOC-71157 Du h\u00e0nh 1-2 t\u1ef7 l\u1ec7 1:12 v\u1edbi 1903 M\u1ea3nh gh\u00e9p<\/figcaption><\/figure>\n<figure id=\"attachment_32672\" aria-describedby=\"caption-attachment-32672\" style=\"width: 1000px\" class=\"wp-caption aligncenter\"><img decoding=\"async\" class=\"wp-image-32672 size-full\" src=\"https:\/\/mouldking.store\/wp-content\/uploads\/2022\/09\/Space-MOC-71157-Voyager-1-2-scale-112-MOCBRICKLAND-1.jpg\" alt=\"MOC-71157 Voyager 1-2 scale 1:12 with 1903 Pieces\" width=\"1000\" height=\"1000\" title=\"-\" srcset=\"https:\/\/mouldking.store\/wp-content\/uploads\/2022\/09\/Space-MOC-71157-Voyager-1-2-scale-112-MOCBRICKLAND-1.jpg 1000w, https:\/\/mouldking.store\/wp-content\/uploads\/2022\/09\/Space-MOC-71157-Voyager-1-2-scale-112-MOCBRICKLAND-1-300x300.jpg 300w, https:\/\/mouldking.store\/wp-content\/uploads\/2022\/09\/Space-MOC-71157-Voyager-1-2-scale-112-MOCBRICKLAND-1-768x768.jpg 768w, https:\/\/mouldking.store\/wp-content\/uploads\/2022\/09\/Space-MOC-71157-Voyager-1-2-scale-112-MOCBRICKLAND-1-600x600.jpg 600w, https:\/\/mouldking.store\/wp-content\/uploads\/2022\/09\/Space-MOC-71157-Voyager-1-2-scale-112-MOCBRICKLAND-1-150x150.jpg 150w, https:\/\/mouldking.store\/wp-content\/uploads\/2022\/09\/Space-MOC-71157-Voyager-1-2-scale-112-MOCBRICKLAND-1-60x60.jpg 60w, https:\/\/mouldking.store\/wp-content\/uploads\/2022\/09\/Space-MOC-71157-Voyager-1-2-scale-112-MOCBRICKLAND-1-90x90.jpg 90w\" sizes=\"(max-width: 1000px) 100vw, 1000px\" \/><figcaption id=\"caption-attachment-32672\" class=\"wp-caption-text\">MOC-71157 Du h\u00e0nh 1-2 t\u1ef7 l\u1ec7 1:12 v\u1edbi 1903 M\u1ea3nh gh\u00e9p<\/figcaption><\/figure>\n<figure id=\"attachment_32671\" aria-describedby=\"caption-attachment-32671\" style=\"width: 1000px\" class=\"wp-caption aligncenter\"><img decoding=\"async\" class=\"wp-image-32671 size-full\" src=\"https:\/\/mouldking.store\/wp-content\/uploads\/2022\/09\/Space-MOC-71157-Voyager-1-2-scale-112-MOCBRICKLAND-15.jpg\" alt=\"MOC-71157 Voyager 1-2 scale 1:12 with 1903 Pieces\" width=\"1000\" height=\"1000\" title=\"-\" srcset=\"https:\/\/mouldking.store\/wp-content\/uploads\/2022\/09\/Space-MOC-71157-Voyager-1-2-scale-112-MOCBRICKLAND-15.jpg 1000w, https:\/\/mouldking.store\/wp-content\/uploads\/2022\/09\/Space-MOC-71157-Voyager-1-2-scale-112-MOCBRICKLAND-15-300x300.jpg 300w, https:\/\/mouldking.store\/wp-content\/uploads\/2022\/09\/Space-MOC-71157-Voyager-1-2-scale-112-MOCBRICKLAND-15-768x768.jpg 768w, https:\/\/mouldking.store\/wp-content\/uploads\/2022\/09\/Space-MOC-71157-Voyager-1-2-scale-112-MOCBRICKLAND-15-600x600.jpg 600w, https:\/\/mouldking.store\/wp-content\/uploads\/2022\/09\/Space-MOC-71157-Voyager-1-2-scale-112-MOCBRICKLAND-15-150x150.jpg 150w, https:\/\/mouldking.store\/wp-content\/uploads\/2022\/09\/Space-MOC-71157-Voyager-1-2-scale-112-MOCBRICKLAND-15-60x60.jpg 60w, https:\/\/mouldking.store\/wp-content\/uploads\/2022\/09\/Space-MOC-71157-Voyager-1-2-scale-112-MOCBRICKLAND-15-90x90.jpg 90w\" sizes=\"(max-width: 1000px) 100vw, 1000px\" \/><figcaption id=\"caption-attachment-32671\" class=\"wp-caption-text\">MOC-71157 Du h\u00e0nh 1-2 t\u1ef7 l\u1ec7 1:12 v\u1edbi 1903 M\u1ea3nh gh\u00e9p<\/figcaption><\/figure>\n<figure id=\"attachment_32670\" aria-describedby=\"caption-attachment-32670\" style=\"width: 1000px\" class=\"wp-caption aligncenter\"><img loading=\"lazy\" decoding=\"async\" class=\"wp-image-32670 size-full\" src=\"https:\/\/mouldking.store\/wp-content\/uploads\/2022\/09\/Space-MOC-71157-Voyager-1-2-scale-112-MOCBRICKLAND-14.jpg\" alt=\"MOC-71157 Voyager 1-2 scale 1:12 with 1903 Pieces\" width=\"1000\" height=\"1000\" title=\"-\" srcset=\"https:\/\/mouldking.store\/wp-content\/uploads\/2022\/09\/Space-MOC-71157-Voyager-1-2-scale-112-MOCBRICKLAND-14.jpg 1000w, https:\/\/mouldking.store\/wp-content\/uploads\/2022\/09\/Space-MOC-71157-Voyager-1-2-scale-112-MOCBRICKLAND-14-300x300.jpg 300w, https:\/\/mouldking.store\/wp-content\/uploads\/2022\/09\/Space-MOC-71157-Voyager-1-2-scale-112-MOCBRICKLAND-14-768x768.jpg 768w, https:\/\/mouldking.store\/wp-content\/uploads\/2022\/09\/Space-MOC-71157-Voyager-1-2-scale-112-MOCBRICKLAND-14-600x600.jpg 600w, https:\/\/mouldking.store\/wp-content\/uploads\/2022\/09\/Space-MOC-71157-Voyager-1-2-scale-112-MOCBRICKLAND-14-150x150.jpg 150w, https:\/\/mouldking.store\/wp-content\/uploads\/2022\/09\/Space-MOC-71157-Voyager-1-2-scale-112-MOCBRICKLAND-14-60x60.jpg 60w, https:\/\/mouldking.store\/wp-content\/uploads\/2022\/09\/Space-MOC-71157-Voyager-1-2-scale-112-MOCBRICKLAND-14-90x90.jpg 90w\" sizes=\"(max-width: 1000px) 100vw, 1000px\" \/><figcaption id=\"caption-attachment-32670\" class=\"wp-caption-text\">MOC-71157 Du h\u00e0nh 1-2 t\u1ef7 l\u1ec7 1:12 v\u1edbi 1903 M\u1ea3nh gh\u00e9p<\/figcaption><\/figure>\n<figure id=\"attachment_32664\" aria-describedby=\"caption-attachment-32664\" style=\"width: 1000px\" class=\"wp-caption aligncenter\"><img loading=\"lazy\" decoding=\"async\" class=\"wp-image-32664 size-full\" src=\"https:\/\/mouldking.store\/wp-content\/uploads\/2022\/09\/Space-MOC-71157-Voyager-1-2-scale-112-MOCBRICKLAND-8.jpg\" alt=\"MOC-71157 Voyager 1-2 scale 1:12 with 1903 Pieces\" width=\"1000\" height=\"1000\" title=\"-\" srcset=\"https:\/\/mouldking.store\/wp-content\/uploads\/2022\/09\/Space-MOC-71157-Voyager-1-2-scale-112-MOCBRICKLAND-8.jpg 1000w, https:\/\/mouldking.store\/wp-content\/uploads\/2022\/09\/Space-MOC-71157-Voyager-1-2-scale-112-MOCBRICKLAND-8-300x300.jpg 300w, https:\/\/mouldking.store\/wp-content\/uploads\/2022\/09\/Space-MOC-71157-Voyager-1-2-scale-112-MOCBRICKLAND-8-768x768.jpg 768w, https:\/\/mouldking.store\/wp-content\/uploads\/2022\/09\/Space-MOC-71157-Voyager-1-2-scale-112-MOCBRICKLAND-8-600x600.jpg 600w, https:\/\/mouldking.store\/wp-content\/uploads\/2022\/09\/Space-MOC-71157-Voyager-1-2-scale-112-MOCBRICKLAND-8-150x150.jpg 150w, https:\/\/mouldking.store\/wp-content\/uploads\/2022\/09\/Space-MOC-71157-Voyager-1-2-scale-112-MOCBRICKLAND-8-60x60.jpg 60w, https:\/\/mouldking.store\/wp-content\/uploads\/2022\/09\/Space-MOC-71157-Voyager-1-2-scale-112-MOCBRICKLAND-8-90x90.jpg 90w\" sizes=\"(max-width: 1000px) 100vw, 1000px\" \/><figcaption id=\"caption-attachment-32664\" class=\"wp-caption-text\">MOC-71157 Du h\u00e0nh 1-2 t\u1ef7 l\u1ec7 1:12 v\u1edbi 1903 M\u1ea3nh gh\u00e9p<\/figcaption><\/figure>\n<figure id=\"attachment_32665\" aria-describedby=\"caption-attachment-32665\" style=\"width: 1000px\" class=\"wp-caption aligncenter\"><img loading=\"lazy\" decoding=\"async\" class=\"wp-image-32665 size-full\" src=\"https:\/\/mouldking.store\/wp-content\/uploads\/2022\/09\/Space-MOC-71157-Voyager-1-2-scale-112-MOCBRICKLAND-9.jpg\" alt=\"MOC-71157 Voyager 1-2 scale 1:12 with 1903 Pieces\" width=\"1000\" height=\"1000\" title=\"-\" srcset=\"https:\/\/mouldking.store\/wp-content\/uploads\/2022\/09\/Space-MOC-71157-Voyager-1-2-scale-112-MOCBRICKLAND-9.jpg 1000w, https:\/\/mouldking.store\/wp-content\/uploads\/2022\/09\/Space-MOC-71157-Voyager-1-2-scale-112-MOCBRICKLAND-9-300x300.jpg 300w, https:\/\/mouldking.store\/wp-content\/uploads\/2022\/09\/Space-MOC-71157-Voyager-1-2-scale-112-MOCBRICKLAND-9-768x768.jpg 768w, https:\/\/mouldking.store\/wp-content\/uploads\/2022\/09\/Space-MOC-71157-Voyager-1-2-scale-112-MOCBRICKLAND-9-600x600.jpg 600w, https:\/\/mouldking.store\/wp-content\/uploads\/2022\/09\/Space-MOC-71157-Voyager-1-2-scale-112-MOCBRICKLAND-9-150x150.jpg 150w, https:\/\/mouldking.store\/wp-content\/uploads\/2022\/09\/Space-MOC-71157-Voyager-1-2-scale-112-MOCBRICKLAND-9-60x60.jpg 60w, https:\/\/mouldking.store\/wp-content\/uploads\/2022\/09\/Space-MOC-71157-Voyager-1-2-scale-112-MOCBRICKLAND-9-90x90.jpg 90w\" sizes=\"(max-width: 1000px) 100vw, 1000px\" \/><figcaption id=\"caption-attachment-32665\" class=\"wp-caption-text\">MOC-71157 Du h\u00e0nh 1-2 t\u1ef7 l\u1ec7 1:12 v\u1edbi 1903 M\u1ea3nh gh\u00e9p<\/figcaption><\/figure>\n<figure id=\"attachment_32666\" aria-describedby=\"caption-attachment-32666\" style=\"width: 1000px\" class=\"wp-caption aligncenter\"><img loading=\"lazy\" decoding=\"async\" class=\"wp-image-32666 size-full\" src=\"https:\/\/mouldking.store\/wp-content\/uploads\/2022\/09\/Space-MOC-71157-Voyager-1-2-scale-112-MOCBRICKLAND-10.jpg\" alt=\"MOC-71157 Voyager 1-2 scale 1:12 with 1903 Pieces\" width=\"1000\" height=\"1000\" title=\"-\" srcset=\"https:\/\/mouldking.store\/wp-content\/uploads\/2022\/09\/Space-MOC-71157-Voyager-1-2-scale-112-MOCBRICKLAND-10.jpg 1000w, https:\/\/mouldking.store\/wp-content\/uploads\/2022\/09\/Space-MOC-71157-Voyager-1-2-scale-112-MOCBRICKLAND-10-300x300.jpg 300w, https:\/\/mouldking.store\/wp-content\/uploads\/2022\/09\/Space-MOC-71157-Voyager-1-2-scale-112-MOCBRICKLAND-10-768x768.jpg 768w, https:\/\/mouldking.store\/wp-content\/uploads\/2022\/09\/Space-MOC-71157-Voyager-1-2-scale-112-MOCBRICKLAND-10-600x600.jpg 600w, https:\/\/mouldking.store\/wp-content\/uploads\/2022\/09\/Space-MOC-71157-Voyager-1-2-scale-112-MOCBRICKLAND-10-150x150.jpg 150w, https:\/\/mouldking.store\/wp-content\/uploads\/2022\/09\/Space-MOC-71157-Voyager-1-2-scale-112-MOCBRICKLAND-10-60x60.jpg 60w, https:\/\/mouldking.store\/wp-content\/uploads\/2022\/09\/Space-MOC-71157-Voyager-1-2-scale-112-MOCBRICKLAND-10-90x90.jpg 90w\" sizes=\"(max-width: 1000px) 100vw, 1000px\" \/><figcaption id=\"caption-attachment-32666\" class=\"wp-caption-text\">MOC-71157 Du h\u00e0nh 1-2 t\u1ef7 l\u1ec7 1:12 v\u1edbi 1903 M\u1ea3nh gh\u00e9p<\/figcaption><\/figure>\n<figure id=\"attachment_32662\" aria-describedby=\"caption-attachment-32662\" style=\"width: 1000px\" class=\"wp-caption aligncenter\"><img loading=\"lazy\" decoding=\"async\" class=\"wp-image-32662 size-full\" src=\"https:\/\/mouldking.store\/wp-content\/uploads\/2022\/09\/Space-MOC-71157-Voyager-1-2-scale-112-MOCBRICKLAND-6.jpg\" alt=\"MOC-71157 Voyager 1-2 scale 1:12 with 1903 Pieces\" width=\"1000\" height=\"1000\" title=\"-\" srcset=\"https:\/\/mouldking.store\/wp-content\/uploads\/2022\/09\/Space-MOC-71157-Voyager-1-2-scale-112-MOCBRICKLAND-6.jpg 1000w, https:\/\/mouldking.store\/wp-content\/uploads\/2022\/09\/Space-MOC-71157-Voyager-1-2-scale-112-MOCBRICKLAND-6-300x300.jpg 300w, https:\/\/mouldking.store\/wp-content\/uploads\/2022\/09\/Space-MOC-71157-Voyager-1-2-scale-112-MOCBRICKLAND-6-768x768.jpg 768w, https:\/\/mouldking.store\/wp-content\/uploads\/2022\/09\/Space-MOC-71157-Voyager-1-2-scale-112-MOCBRICKLAND-6-600x600.jpg 600w, https:\/\/mouldking.store\/wp-content\/uploads\/2022\/09\/Space-MOC-71157-Voyager-1-2-scale-112-MOCBRICKLAND-6-150x150.jpg 150w, https:\/\/mouldking.store\/wp-content\/uploads\/2022\/09\/Space-MOC-71157-Voyager-1-2-scale-112-MOCBRICKLAND-6-60x60.jpg 60w, https:\/\/mouldking.store\/wp-content\/uploads\/2022\/09\/Space-MOC-71157-Voyager-1-2-scale-112-MOCBRICKLAND-6-90x90.jpg 90w\" sizes=\"(max-width: 1000px) 100vw, 1000px\" \/><figcaption id=\"caption-attachment-32662\" class=\"wp-caption-text\">MOC-71157 Du h\u00e0nh 1-2 t\u1ef7 l\u1ec7 1:12 v\u1edbi 1903 M\u1ea3nh gh\u00e9p<\/figcaption><\/figure>\n<figure id=\"attachment_32663\" aria-describedby=\"caption-attachment-32663\" style=\"width: 1000px\" class=\"wp-caption aligncenter\"><img loading=\"lazy\" decoding=\"async\" class=\"wp-image-32663 size-full\" src=\"https:\/\/mouldking.store\/wp-content\/uploads\/2022\/09\/Space-MOC-71157-Voyager-1-2-scale-112-MOCBRICKLAND-7.jpg\" alt=\"MOC-71157 Voyager 1-2 scale 1:12 with 1903 Pieces\" width=\"1000\" height=\"1000\" title=\"-\" srcset=\"https:\/\/mouldking.store\/wp-content\/uploads\/2022\/09\/Space-MOC-71157-Voyager-1-2-scale-112-MOCBRICKLAND-7.jpg 1000w, https:\/\/mouldking.store\/wp-content\/uploads\/2022\/09\/Space-MOC-71157-Voyager-1-2-scale-112-MOCBRICKLAND-7-300x300.jpg 300w, https:\/\/mouldking.store\/wp-content\/uploads\/2022\/09\/Space-MOC-71157-Voyager-1-2-scale-112-MOCBRICKLAND-7-768x768.jpg 768w, https:\/\/mouldking.store\/wp-content\/uploads\/2022\/09\/Space-MOC-71157-Voyager-1-2-scale-112-MOCBRICKLAND-7-600x600.jpg 600w, https:\/\/mouldking.store\/wp-content\/uploads\/2022\/09\/Space-MOC-71157-Voyager-1-2-scale-112-MOCBRICKLAND-7-150x150.jpg 150w, https:\/\/mouldking.store\/wp-content\/uploads\/2022\/09\/Space-MOC-71157-Voyager-1-2-scale-112-MOCBRICKLAND-7-60x60.jpg 60w, https:\/\/mouldking.store\/wp-content\/uploads\/2022\/09\/Space-MOC-71157-Voyager-1-2-scale-112-MOCBRICKLAND-7-90x90.jpg 90w\" sizes=\"(max-width: 1000px) 100vw, 1000px\" \/><figcaption id=\"caption-attachment-32663\" class=\"wp-caption-text\">MOC-71157 Du h\u00e0nh 1-2 t\u1ef7 l\u1ec7 1:12 v\u1edbi 1903 M\u1ea3nh gh\u00e9p<\/figcaption><\/figure>\n<figure id=\"attachment_32669\" aria-describedby=\"caption-attachment-32669\" style=\"width: 1000px\" class=\"wp-caption aligncenter\"><img loading=\"lazy\" decoding=\"async\" class=\"wp-image-32669 size-full\" src=\"https:\/\/mouldking.store\/wp-content\/uploads\/2022\/09\/Space-MOC-71157-Voyager-1-2-scale-112-MOCBRICKLAND-13.jpg\" alt=\"MOC-71157 Voyager 1-2 scale 1:12 with 1903 Pieces\" width=\"1000\" height=\"1000\" title=\"-\" srcset=\"https:\/\/mouldking.store\/wp-content\/uploads\/2022\/09\/Space-MOC-71157-Voyager-1-2-scale-112-MOCBRICKLAND-13.jpg 1000w, https:\/\/mouldking.store\/wp-content\/uploads\/2022\/09\/Space-MOC-71157-Voyager-1-2-scale-112-MOCBRICKLAND-13-300x300.jpg 300w, https:\/\/mouldking.store\/wp-content\/uploads\/2022\/09\/Space-MOC-71157-Voyager-1-2-scale-112-MOCBRICKLAND-13-768x768.jpg 768w, https:\/\/mouldking.store\/wp-content\/uploads\/2022\/09\/Space-MOC-71157-Voyager-1-2-scale-112-MOCBRICKLAND-13-600x600.jpg 600w, https:\/\/mouldking.store\/wp-content\/uploads\/2022\/09\/Space-MOC-71157-Voyager-1-2-scale-112-MOCBRICKLAND-13-150x150.jpg 150w, https:\/\/mouldking.store\/wp-content\/uploads\/2022\/09\/Space-MOC-71157-Voyager-1-2-scale-112-MOCBRICKLAND-13-60x60.jpg 60w, https:\/\/mouldking.store\/wp-content\/uploads\/2022\/09\/Space-MOC-71157-Voyager-1-2-scale-112-MOCBRICKLAND-13-90x90.jpg 90w\" sizes=\"(max-width: 1000px) 100vw, 1000px\" \/><figcaption id=\"caption-attachment-32669\" class=\"wp-caption-text\">MOC-71157 Du h\u00e0nh 1-2 t\u1ef7 l\u1ec7 1:12 v\u1edbi 1903 M\u1ea3nh gh\u00e9p<\/figcaption><\/figure>\n<figure id=\"attachment_32668\" aria-describedby=\"caption-attachment-32668\" style=\"width: 1000px\" class=\"wp-caption aligncenter\"><img loading=\"lazy\" decoding=\"async\" class=\"wp-image-32668 size-full\" src=\"https:\/\/mouldking.store\/wp-content\/uploads\/2022\/09\/Space-MOC-71157-Voyager-1-2-scale-112-MOCBRICKLAND-12.jpg\" alt=\"MOC-71157 Voyager 1-2 scale 1:12 with 1903 Pieces\" width=\"1000\" height=\"1000\" title=\"-\" srcset=\"https:\/\/mouldking.store\/wp-content\/uploads\/2022\/09\/Space-MOC-71157-Voyager-1-2-scale-112-MOCBRICKLAND-12.jpg 1000w, https:\/\/mouldking.store\/wp-content\/uploads\/2022\/09\/Space-MOC-71157-Voyager-1-2-scale-112-MOCBRICKLAND-12-300x300.jpg 300w, https:\/\/mouldking.store\/wp-content\/uploads\/2022\/09\/Space-MOC-71157-Voyager-1-2-scale-112-MOCBRICKLAND-12-768x768.jpg 768w, https:\/\/mouldking.store\/wp-content\/uploads\/2022\/09\/Space-MOC-71157-Voyager-1-2-scale-112-MOCBRICKLAND-12-600x600.jpg 600w, https:\/\/mouldking.store\/wp-content\/uploads\/2022\/09\/Space-MOC-71157-Voyager-1-2-scale-112-MOCBRICKLAND-12-150x150.jpg 150w, https:\/\/mouldking.store\/wp-content\/uploads\/2022\/09\/Space-MOC-71157-Voyager-1-2-scale-112-MOCBRICKLAND-12-60x60.jpg 60w, https:\/\/mouldking.store\/wp-content\/uploads\/2022\/09\/Space-MOC-71157-Voyager-1-2-scale-112-MOCBRICKLAND-12-90x90.jpg 90w\" sizes=\"(max-width: 1000px) 100vw, 1000px\" \/><figcaption id=\"caption-attachment-32668\" class=\"wp-caption-text\">MOC-71157 Du h\u00e0nh 1-2 t\u1ef7 l\u1ec7 1:12 v\u1edbi 1903 M\u1ea3nh gh\u00e9p<\/figcaption><\/figure>\n<figure id=\"attachment_32661\" aria-describedby=\"caption-attachment-32661\" style=\"width: 1000px\" class=\"wp-caption aligncenter\"><img loading=\"lazy\" decoding=\"async\" class=\"wp-image-32661 size-full\" src=\"https:\/\/mouldking.store\/wp-content\/uploads\/2022\/09\/Space-MOC-71157-Voyager-1-2-scale-112-MOCBRICKLAND-5.jpg\" alt=\"MOC-71157 Voyager 1-2 scale 1:12 with 1903 Pieces\" width=\"1000\" height=\"1000\" title=\"-\" srcset=\"https:\/\/mouldking.store\/wp-content\/uploads\/2022\/09\/Space-MOC-71157-Voyager-1-2-scale-112-MOCBRICKLAND-5.jpg 1000w, https:\/\/mouldking.store\/wp-content\/uploads\/2022\/09\/Space-MOC-71157-Voyager-1-2-scale-112-MOCBRICKLAND-5-300x300.jpg 300w, https:\/\/mouldking.store\/wp-content\/uploads\/2022\/09\/Space-MOC-71157-Voyager-1-2-scale-112-MOCBRICKLAND-5-768x768.jpg 768w, https:\/\/mouldking.store\/wp-content\/uploads\/2022\/09\/Space-MOC-71157-Voyager-1-2-scale-112-MOCBRICKLAND-5-600x600.jpg 600w, https:\/\/mouldking.store\/wp-content\/uploads\/2022\/09\/Space-MOC-71157-Voyager-1-2-scale-112-MOCBRICKLAND-5-150x150.jpg 150w, https:\/\/mouldking.store\/wp-content\/uploads\/2022\/09\/Space-MOC-71157-Voyager-1-2-scale-112-MOCBRICKLAND-5-60x60.jpg 60w, https:\/\/mouldking.store\/wp-content\/uploads\/2022\/09\/Space-MOC-71157-Voyager-1-2-scale-112-MOCBRICKLAND-5-90x90.jpg 90w\" sizes=\"(max-width: 1000px) 100vw, 1000px\" \/><figcaption id=\"caption-attachment-32661\" class=\"wp-caption-text\">MOC-71157 Du h\u00e0nh 1-2 t\u1ef7 l\u1ec7 1:12 v\u1edbi 1903 M\u1ea3nh gh\u00e9p<\/figcaption><\/figure>\n<figure id=\"attachment_32667\" aria-describedby=\"caption-attachment-32667\" style=\"width: 1000px\" class=\"wp-caption aligncenter\"><img loading=\"lazy\" decoding=\"async\" class=\"wp-image-32667 size-full\" src=\"https:\/\/mouldking.store\/wp-content\/uploads\/2022\/09\/Space-MOC-71157-Voyager-1-2-scale-112-MOCBRICKLAND-11.jpg\" alt=\"MOC-71157 Voyager 1-2 scale 1:12 with 1903 Pieces\" width=\"1000\" height=\"1000\" title=\"-\" srcset=\"https:\/\/mouldking.store\/wp-content\/uploads\/2022\/09\/Space-MOC-71157-Voyager-1-2-scale-112-MOCBRICKLAND-11.jpg 1000w, https:\/\/mouldking.store\/wp-content\/uploads\/2022\/09\/Space-MOC-71157-Voyager-1-2-scale-112-MOCBRICKLAND-11-300x300.jpg 300w, https:\/\/mouldking.store\/wp-content\/uploads\/2022\/09\/Space-MOC-71157-Voyager-1-2-scale-112-MOCBRICKLAND-11-768x768.jpg 768w, https:\/\/mouldking.store\/wp-content\/uploads\/2022\/09\/Space-MOC-71157-Voyager-1-2-scale-112-MOCBRICKLAND-11-600x600.jpg 600w, https:\/\/mouldking.store\/wp-content\/uploads\/2022\/09\/Space-MOC-71157-Voyager-1-2-scale-112-MOCBRICKLAND-11-150x150.jpg 150w, https:\/\/mouldking.store\/wp-content\/uploads\/2022\/09\/Space-MOC-71157-Voyager-1-2-scale-112-MOCBRICKLAND-11-60x60.jpg 60w, https:\/\/mouldking.store\/wp-content\/uploads\/2022\/09\/Space-MOC-71157-Voyager-1-2-scale-112-MOCBRICKLAND-11-90x90.jpg 90w\" sizes=\"(max-width: 1000px) 100vw, 1000px\" \/><figcaption id=\"caption-attachment-32667\" class=\"wp-caption-text\">MOC-71157 Du h\u00e0nh 1-2 t\u1ef7 l\u1ec7 1:12 v\u1edbi 1903 M\u1ea3nh gh\u00e9p<\/figcaption><\/figure>\n<figure id=\"attachment_32660\" aria-describedby=\"caption-attachment-32660\" style=\"width: 662px\" class=\"wp-caption aligncenter\"><img loading=\"lazy\" decoding=\"async\" class=\"wp-image-32660 size-full\" src=\"https:\/\/mouldking.store\/wp-content\/uploads\/2022\/09\/Space-MOC-71157-Voyager-1-2-scale-112-MOCBRICKLAND-4.jpg\" alt=\"MOC-71157 Voyager 1-2 scale 1:12 with 1903 Pieces\" width=\"662\" height=\"1200\" title=\"-\" srcset=\"https:\/\/mouldking.store\/wp-content\/uploads\/2022\/09\/Space-MOC-71157-Voyager-1-2-scale-112-MOCBRICKLAND-4.jpg 662w, https:\/\/mouldking.store\/wp-content\/uploads\/2022\/09\/Space-MOC-71157-Voyager-1-2-scale-112-MOCBRICKLAND-4-166x300.jpg 166w, https:\/\/mouldking.store\/wp-content\/uploads\/2022\/09\/Space-MOC-71157-Voyager-1-2-scale-112-MOCBRICKLAND-4-565x1024.jpg 565w, https:\/\/mouldking.store\/wp-content\/uploads\/2022\/09\/Space-MOC-71157-Voyager-1-2-scale-112-MOCBRICKLAND-4-300x544.jpg 300w, https:\/\/mouldking.store\/wp-content\/uploads\/2022\/09\/Space-MOC-71157-Voyager-1-2-scale-112-MOCBRICKLAND-4-600x1088.jpg 600w, https:\/\/mouldking.store\/wp-content\/uploads\/2022\/09\/Space-MOC-71157-Voyager-1-2-scale-112-MOCBRICKLAND-4-83x150.jpg 83w, https:\/\/mouldking.store\/wp-content\/uploads\/2022\/09\/Space-MOC-71157-Voyager-1-2-scale-112-MOCBRICKLAND-4-33x60.jpg 33w, https:\/\/mouldking.store\/wp-content\/uploads\/2022\/09\/Space-MOC-71157-Voyager-1-2-scale-112-MOCBRICKLAND-4-50x90.jpg 50w\" sizes=\"(max-width: 662px) 100vw, 662px\" \/><figcaption id=\"caption-attachment-32660\" class=\"wp-caption-text\">MOC-71157 Du h\u00e0nh 1-2 t\u1ef7 l\u1ec7 1:12 v\u1edbi 1903 M\u1ea3nh gh\u00e9p<\/figcaption><\/figure>","protected":false},"excerpt":{"rendered":"<p>Product information: Brand: MOC Gender: Unisex Name: Voyager 1-2 scale 1:12 Age Range: &gt; 6 years old Model Number: C7989 Classification: Assemblage Plastic Block Shape: Self-Locking Bricks Material: Plastic Plastic Type: ABS Bricks Blocks: 1903 PCS Dimensions: 45 x 35 x 78 cm Weight: 1.27 kg Contains detailed assembly instructions. Notice: 1. Without an original [&hellip;]<\/p>","protected":false},"featured_media":32658,"comment_status":"closed","ping_status":"closed","template":"","meta":{"_acf_changed":false},"product_cat":[364],"product_tag":[5722,5956,5957],"class_list":["product","first","instock","shipping-taxable","purchasable","product-type-simple"],"acf":[],"_links":{"self":[{"href":"https:\/\/mouldking.store\/vi\/wp-json\/wp\/v2\/product\/32657","targetHints":{"allow":["GET"]}}],"collection":[{"href":"https:\/\/mouldking.store\/vi\/wp-json\/wp\/v2\/product"}],"about":[{"href":"https:\/\/mouldking.store\/vi\/wp-json\/wp\/v2\/types\/product"}],"replies":[{"embeddable":true,"href":"https:\/\/mouldking.store\/vi\/wp-json\/wp\/v2\/comments?post=32657"}],"wp:featuredmedia":[{"embeddable":true,"href":"https:\/\/mouldking.store\/vi\/wp-json\/wp\/v2\/media\/32658"}],"wp:attachment":[{"href":"https:\/\/mouldking.store\/vi\/wp-json\/wp\/v2\/media?parent=32657"}],"wp:term":[{"taxonomy":"product_cat","embeddable":true,"href":"https:\/\/mouldking.store\/vi\/wp-json\/wp\/v2\/product_cat?post=32657"},{"taxonomy":"product_tag","embeddable":true,"href":"https:\/\/mouldking.store\/vi\/wp-json\/wp\/v2\/product_tag?post=32657"}],"curies":[{"name":"wp","href":"https:\/\/api.w.org\/{rel}","templated":true}]}}