{"id":32756,"date":"2022-09-28T16:02:22","date_gmt":"2022-09-28T09:02:22","guid":{"rendered":"https:\/\/mouldking.store\/?post_type=product&#038;p=32756"},"modified":"2025-12-25T09:12:26","modified_gmt":"2025-12-25T02:12:26","slug":"moc-28656-battlestar-galactica-viper-mark-7-with-368-pieces","status":"publish","type":"product","link":"https:\/\/mouldking.store\/vi\/shop\/moc-28656-battlestar-galactica-viper-mark-7-with-368-pieces\/","title":{"rendered":"MOC-28656 Battlestar Galactica Viper Mark 7 v\u1edbi 368 m\u1ea3nh"},"content":{"rendered":"<p>Th\u00f4ng tin s\u1ea3n ph\u1ea9m:<\/p>\n<ol>\n<li>Th\u01b0\u01a1ng hi\u1ec7u: M\u1ed8C<\/li>\n<li>Gi\u1edbi t\u00ednh: Unisex<\/li>\n<li>Name: Battlestar Galactica Viper Mark 7<\/li>\n<li>\u0110\u1ed9 tu\u1ed5i: &gt; 6 tu\u1ed5i<\/li>\n<li>Model Number: C9106<\/li>\n<li>Ph\u00e2n lo\u1ea1i: T\u1eadp h\u1ee3p<\/li>\n<li>H\u00ecnh d\u1ea1ng kh\u1ed1i nh\u1ef1a: G\u1ea1ch t\u1ef1 kh\u00f3a<\/li>\n<li>Ch\u1ea5t li\u1ec7u: Nh\u1ef1a<\/li>\n<li>Lo\u1ea1i nh\u1ef1a: ABS<\/li>\n<li>Kh\u1ed1i g\u1ea1ch: 368 C\u00c1I<\/li>\n<li>Dimensions: 32 x 24 x 12.8 cm<\/li>\n<li>Weight: 0.32 kg<\/li>\n<li>Ch\u1ee9a h\u01b0\u1edbng d\u1eabn l\u1eafp r\u00e1p chi ti\u1ebft.<\/li>\n<\/ol>\n<p>\u0110\u1ec3 \u00fd:<br \/>\n1. Kh\u00f4ng c\u00f3 h\u1ed9p ban \u0111\u1ea7u, nh\u01b0ng ch\u00fang t\u00f4i \u0111\u1ea3m b\u1ea3o s\u1ea3n ph\u1ea9m c\u1ee7a ch\u00fang t\u00f4i c\u00f3 ch\u1ea5t l\u01b0\u1ee3ng \u0111\u1ea3m b\u1ea3o v\u00e0 bao b\u00ec \u0111\u1eb9p.<br \/>\n2. V\u00ec t\u1ea5t c\u1ea3 c\u00e1c b\u1ed9 ph\u1eadn ch\u00fang t\u00f4i \u0111\u00e3 ki\u1ec3m tra tr\u01b0\u1edbc khi v\u1eadn chuy\u1ec3n, v\u00ec v\u1eady n\u1ebfu b\u1ea1n th\u1ea5y m\u1ed9t s\u1ed1 b\u1ed9 ph\u1eadn b\u1ecb thi\u1ebfu ho\u1eb7c h\u01b0 h\u1ecfng, \u0111\u1eebng lo l\u1eafng v\u00e0 ch\u1ec9 c\u1ea7n vui l\u00f2ng li\u00ean h\u1ec7 v\u1edbi ch\u00fang t\u00f4i v\u00e0 ch\u00fang t\u00f4i c\u00f3 th\u1ec3 g\u1eedi l\u1ea1i mi\u1ec5n ph\u00ed cho b\u1ea1n ngay l\u1eadp t\u1ee9c.<\/p>\n<p>&nbsp;<\/p>\n<figure id=\"attachment_32758\" aria-describedby=\"caption-attachment-32758\" style=\"width: 800px\" class=\"wp-caption aligncenter\"><img fetchpriority=\"high\" decoding=\"async\" class=\"wp-image-32758 size-full\" src=\"https:\/\/mouldking.store\/wp-content\/uploads\/2022\/09\/Movie-MOC-28656-Battlestar-Galactica-Viper-Mark-7-MOCBRICKLAND-2.jpg\" alt=\"MOC-28656 Battlestar Galactica Viper Mark 7 with 368 Pieces\" width=\"800\" height=\"800\" title=\"-\" srcset=\"https:\/\/mouldking.store\/wp-content\/uploads\/2022\/09\/Movie-MOC-28656-Battlestar-Galactica-Viper-Mark-7-MOCBRICKLAND-2.jpg 800w, https:\/\/mouldking.store\/wp-content\/uploads\/2022\/09\/Movie-MOC-28656-Battlestar-Galactica-Viper-Mark-7-MOCBRICKLAND-2-300x300.jpg 300w, https:\/\/mouldking.store\/wp-content\/uploads\/2022\/09\/Movie-MOC-28656-Battlestar-Galactica-Viper-Mark-7-MOCBRICKLAND-2-768x768.jpg 768w, https:\/\/mouldking.store\/wp-content\/uploads\/2022\/09\/Movie-MOC-28656-Battlestar-Galactica-Viper-Mark-7-MOCBRICKLAND-2-600x600.jpg 600w, https:\/\/mouldking.store\/wp-content\/uploads\/2022\/09\/Movie-MOC-28656-Battlestar-Galactica-Viper-Mark-7-MOCBRICKLAND-2-150x150.jpg 150w, https:\/\/mouldking.store\/wp-content\/uploads\/2022\/09\/Movie-MOC-28656-Battlestar-Galactica-Viper-Mark-7-MOCBRICKLAND-2-60x60.jpg 60w, https:\/\/mouldking.store\/wp-content\/uploads\/2022\/09\/Movie-MOC-28656-Battlestar-Galactica-Viper-Mark-7-MOCBRICKLAND-2-90x90.jpg 90w\" sizes=\"(max-width: 800px) 100vw, 800px\" \/><figcaption id=\"caption-attachment-32758\" class=\"wp-caption-text\">MOC-28656 Battlestar Galactica Viper Mark 7 v\u1edbi 368 m\u1ea3nh<\/figcaption><\/figure>\n<figure id=\"attachment_32760\" aria-describedby=\"caption-attachment-32760\" style=\"width: 800px\" class=\"wp-caption aligncenter\"><img decoding=\"async\" class=\"wp-image-32760 size-full\" src=\"https:\/\/mouldking.store\/wp-content\/uploads\/2022\/09\/Movie-MOC-28656-Battlestar-Galactica-Viper-Mark-7-MOCBRICKLAND-3.jpg\" alt=\"MOC-28656 Battlestar Galactica Viper Mark 7 with 368 Pieces\" width=\"800\" height=\"800\" title=\"-\" srcset=\"https:\/\/mouldking.store\/wp-content\/uploads\/2022\/09\/Movie-MOC-28656-Battlestar-Galactica-Viper-Mark-7-MOCBRICKLAND-3.jpg 800w, https:\/\/mouldking.store\/wp-content\/uploads\/2022\/09\/Movie-MOC-28656-Battlestar-Galactica-Viper-Mark-7-MOCBRICKLAND-3-300x300.jpg 300w, https:\/\/mouldking.store\/wp-content\/uploads\/2022\/09\/Movie-MOC-28656-Battlestar-Galactica-Viper-Mark-7-MOCBRICKLAND-3-768x768.jpg 768w, https:\/\/mouldking.store\/wp-content\/uploads\/2022\/09\/Movie-MOC-28656-Battlestar-Galactica-Viper-Mark-7-MOCBRICKLAND-3-600x600.jpg 600w, https:\/\/mouldking.store\/wp-content\/uploads\/2022\/09\/Movie-MOC-28656-Battlestar-Galactica-Viper-Mark-7-MOCBRICKLAND-3-150x150.jpg 150w, https:\/\/mouldking.store\/wp-content\/uploads\/2022\/09\/Movie-MOC-28656-Battlestar-Galactica-Viper-Mark-7-MOCBRICKLAND-3-60x60.jpg 60w, https:\/\/mouldking.store\/wp-content\/uploads\/2022\/09\/Movie-MOC-28656-Battlestar-Galactica-Viper-Mark-7-MOCBRICKLAND-3-90x90.jpg 90w\" sizes=\"(max-width: 800px) 100vw, 800px\" \/><figcaption id=\"caption-attachment-32760\" class=\"wp-caption-text\">MOC-28656 Battlestar Galactica Viper Mark 7 v\u1edbi 368 m\u1ea3nh<\/figcaption><\/figure>\n<figure id=\"attachment_32759\" aria-describedby=\"caption-attachment-32759\" style=\"width: 800px\" class=\"wp-caption aligncenter\"><img decoding=\"async\" class=\"wp-image-32759 size-full\" src=\"https:\/\/mouldking.store\/wp-content\/uploads\/2022\/09\/Movie-MOC-28656-Battlestar-Galactica-Viper-Mark-7-MOCBRICKLAND-4.jpg\" alt=\"MOC-28656 Battlestar Galactica Viper Mark 7 with 368 Pieces\" width=\"800\" height=\"800\" title=\"-\" srcset=\"https:\/\/mouldking.store\/wp-content\/uploads\/2022\/09\/Movie-MOC-28656-Battlestar-Galactica-Viper-Mark-7-MOCBRICKLAND-4.jpg 800w, https:\/\/mouldking.store\/wp-content\/uploads\/2022\/09\/Movie-MOC-28656-Battlestar-Galactica-Viper-Mark-7-MOCBRICKLAND-4-300x300.jpg 300w, https:\/\/mouldking.store\/wp-content\/uploads\/2022\/09\/Movie-MOC-28656-Battlestar-Galactica-Viper-Mark-7-MOCBRICKLAND-4-768x768.jpg 768w, https:\/\/mouldking.store\/wp-content\/uploads\/2022\/09\/Movie-MOC-28656-Battlestar-Galactica-Viper-Mark-7-MOCBRICKLAND-4-600x600.jpg 600w, https:\/\/mouldking.store\/wp-content\/uploads\/2022\/09\/Movie-MOC-28656-Battlestar-Galactica-Viper-Mark-7-MOCBRICKLAND-4-150x150.jpg 150w, https:\/\/mouldking.store\/wp-content\/uploads\/2022\/09\/Movie-MOC-28656-Battlestar-Galactica-Viper-Mark-7-MOCBRICKLAND-4-60x60.jpg 60w, https:\/\/mouldking.store\/wp-content\/uploads\/2022\/09\/Movie-MOC-28656-Battlestar-Galactica-Viper-Mark-7-MOCBRICKLAND-4-90x90.jpg 90w\" sizes=\"(max-width: 800px) 100vw, 800px\" \/><figcaption id=\"caption-attachment-32759\" class=\"wp-caption-text\">MOC-28656 Battlestar Galactica Viper Mark 7 v\u1edbi 368 m\u1ea3nh<\/figcaption><\/figure>\n<figure id=\"attachment_32757\" aria-describedby=\"caption-attachment-32757\" style=\"width: 800px\" class=\"wp-caption aligncenter\"><img loading=\"lazy\" decoding=\"async\" class=\"wp-image-32757 size-full\" src=\"https:\/\/mouldking.store\/wp-content\/uploads\/2022\/09\/Movie-MOC-28656-Battlestar-Galactica-Viper-Mark-7-MOCBRICKLAND-1.jpg\" alt=\"MOC-28656 Battlestar Galactica Viper Mark 7 with 368 Pieces\" width=\"800\" height=\"1316\" title=\"-\" srcset=\"https:\/\/mouldking.store\/wp-content\/uploads\/2022\/09\/Movie-MOC-28656-Battlestar-Galactica-Viper-Mark-7-MOCBRICKLAND-1.jpg 800w, https:\/\/mouldking.store\/wp-content\/uploads\/2022\/09\/Movie-MOC-28656-Battlestar-Galactica-Viper-Mark-7-MOCBRICKLAND-1-182x300.jpg 182w, https:\/\/mouldking.store\/wp-content\/uploads\/2022\/09\/Movie-MOC-28656-Battlestar-Galactica-Viper-Mark-7-MOCBRICKLAND-1-622x1024.jpg 622w, https:\/\/mouldking.store\/wp-content\/uploads\/2022\/09\/Movie-MOC-28656-Battlestar-Galactica-Viper-Mark-7-MOCBRICKLAND-1-768x1263.jpg 768w, https:\/\/mouldking.store\/wp-content\/uploads\/2022\/09\/Movie-MOC-28656-Battlestar-Galactica-Viper-Mark-7-MOCBRICKLAND-1-300x494.jpg 300w, https:\/\/mouldking.store\/wp-content\/uploads\/2022\/09\/Movie-MOC-28656-Battlestar-Galactica-Viper-Mark-7-MOCBRICKLAND-1-600x987.jpg 600w, https:\/\/mouldking.store\/wp-content\/uploads\/2022\/09\/Movie-MOC-28656-Battlestar-Galactica-Viper-Mark-7-MOCBRICKLAND-1-91x150.jpg 91w, https:\/\/mouldking.store\/wp-content\/uploads\/2022\/09\/Movie-MOC-28656-Battlestar-Galactica-Viper-Mark-7-MOCBRICKLAND-1-36x60.jpg 36w, https:\/\/mouldking.store\/wp-content\/uploads\/2022\/09\/Movie-MOC-28656-Battlestar-Galactica-Viper-Mark-7-MOCBRICKLAND-1-55x90.jpg 55w\" sizes=\"(max-width: 800px) 100vw, 800px\" \/><figcaption id=\"caption-attachment-32757\" class=\"wp-caption-text\">MOC-28656 Battlestar Galactica Viper Mark 7 v\u1edbi 368 m\u1ea3nh<\/figcaption><\/figure>","protected":false},"excerpt":{"rendered":"<p>Product information: Brand: MOC Gender: Unisex Name: Battlestar Galactica Viper Mark 7 Age Range: &gt; 6 years old Model Number: C9106 Classification: Assemblage Plastic Block Shape: Self-Locking Bricks Material: Plastic Plastic Type: ABS Bricks Blocks: 368 PCS Dimensions: 32 x 24 x 12.8 cm Weight: 0.32 kg Contains detailed assembly instructions. Notice: 1. Without an [&hellip;]<\/p>","protected":false},"featured_media":32758,"comment_status":"closed","ping_status":"closed","template":"","meta":{"_acf_changed":false},"product_cat":[581],"product_tag":[2273,5995,5994,5996],"class_list":["product","first","instock","shipping-taxable","purchasable","product-type-simple"],"acf":[],"_links":{"self":[{"href":"https:\/\/mouldking.store\/vi\/wp-json\/wp\/v2\/product\/32756","targetHints":{"allow":["GET"]}}],"collection":[{"href":"https:\/\/mouldking.store\/vi\/wp-json\/wp\/v2\/product"}],"about":[{"href":"https:\/\/mouldking.store\/vi\/wp-json\/wp\/v2\/types\/product"}],"replies":[{"embeddable":true,"href":"https:\/\/mouldking.store\/vi\/wp-json\/wp\/v2\/comments?post=32756"}],"wp:featuredmedia":[{"embeddable":true,"href":"https:\/\/mouldking.store\/vi\/wp-json\/wp\/v2\/media\/32758"}],"wp:attachment":[{"href":"https:\/\/mouldking.store\/vi\/wp-json\/wp\/v2\/media?parent=32756"}],"wp:term":[{"taxonomy":"product_cat","embeddable":true,"href":"https:\/\/mouldking.store\/vi\/wp-json\/wp\/v2\/product_cat?post=32756"},{"taxonomy":"product_tag","embeddable":true,"href":"https:\/\/mouldking.store\/vi\/wp-json\/wp\/v2\/product_tag?post=32756"}],"curies":[{"name":"wp","href":"https:\/\/api.w.org\/{rel}","templated":true}]}}