{"id":32803,"date":"2022-09-28T17:02:22","date_gmt":"2022-09-28T10:02:22","guid":{"rendered":"https:\/\/mouldking.store\/?post_type=product&#038;p=32803"},"modified":"2025-12-25T09:12:25","modified_gmt":"2025-12-25T02:12:25","slug":"moc-84957-pikmin-s-s-dolphin-with-503-pieces","status":"publish","type":"product","link":"https:\/\/mouldking.store\/vi\/shop\/moc-84957-pikmin-s-s-dolphin-with-503-pieces\/","title":{"rendered":"MOC-84957 C\u00e1 heo Pikmin SS v\u1edbi 503 mi\u1ebfng"},"content":{"rendered":"<p>Th\u00f4ng tin s\u1ea3n ph\u1ea9m:<\/p>\n<ol>\n<li>Th\u01b0\u01a1ng hi\u1ec7u: M\u1ed8C<\/li>\n<li>Gi\u1edbi t\u00ednh: Unisex<\/li>\n<li>T\u00ean: C\u00e1 Heo Pikmin SS<\/li>\n<li>\u0110\u1ed9 tu\u1ed5i: &gt; 6 tu\u1ed5i<\/li>\n<li>S\u1ed1 m\u00f4 h\u00ecnh: C9100<\/li>\n<li>Ph\u00e2n lo\u1ea1i: T\u1eadp h\u1ee3p<\/li>\n<li>H\u00ecnh d\u1ea1ng kh\u1ed1i nh\u1ef1a: G\u1ea1ch t\u1ef1 kh\u00f3a<\/li>\n<li>Ch\u1ea5t li\u1ec7u: Nh\u1ef1a<\/li>\n<li>Lo\u1ea1i nh\u1ef1a: ABS<\/li>\n<li>Kh\u1ed1i g\u1ea1ch: 503 C\u00c1I<\/li>\n<li>K\u00edch th\u01b0\u1edbc: 11,8 x 11 x 18,1 cm<\/li>\n<li>C\u00e2n n\u1eb7ng: 0,33kg<\/li>\n<li>Ch\u1ee9a h\u01b0\u1edbng d\u1eabn l\u1eafp r\u00e1p chi ti\u1ebft.<\/li>\n<\/ol>\n<p>\u0110\u1ec3 \u00fd:<br \/>\n1. Kh\u00f4ng c\u00f3 h\u1ed9p ban \u0111\u1ea7u, nh\u01b0ng ch\u00fang t\u00f4i \u0111\u1ea3m b\u1ea3o s\u1ea3n ph\u1ea9m c\u1ee7a ch\u00fang t\u00f4i c\u00f3 ch\u1ea5t l\u01b0\u1ee3ng \u0111\u1ea3m b\u1ea3o v\u00e0 bao b\u00ec \u0111\u1eb9p.<br \/>\n2. V\u00ec t\u1ea5t c\u1ea3 c\u00e1c b\u1ed9 ph\u1eadn ch\u00fang t\u00f4i \u0111\u00e3 ki\u1ec3m tra tr\u01b0\u1edbc khi v\u1eadn chuy\u1ec3n, v\u00ec v\u1eady n\u1ebfu b\u1ea1n th\u1ea5y m\u1ed9t s\u1ed1 b\u1ed9 ph\u1eadn b\u1ecb thi\u1ebfu ho\u1eb7c h\u01b0 h\u1ecfng, \u0111\u1eebng lo l\u1eafng v\u00e0 ch\u1ec9 c\u1ea7n vui l\u00f2ng li\u00ean h\u1ec7 v\u1edbi ch\u00fang t\u00f4i v\u00e0 ch\u00fang t\u00f4i c\u00f3 th\u1ec3 g\u1eedi l\u1ea1i mi\u1ec5n ph\u00ed cho b\u1ea1n ngay l\u1eadp t\u1ee9c.<\/p>\n<p>&nbsp;<\/p>\n<figure id=\"attachment_32809\" aria-describedby=\"caption-attachment-32809\" style=\"width: 800px\" class=\"wp-caption aligncenter\"><img fetchpriority=\"high\" decoding=\"async\" class=\"wp-image-32809 size-full\" src=\"https:\/\/mouldking.store\/wp-content\/uploads\/2022\/09\/Movie-MOC-84957-Pikmin-S.S.-Dolphin-MOCBRICKLAND-9.jpg\" alt=\"MOC-84957 Pikmin S.S. Dolphin with 503 Pieces\" width=\"800\" height=\"800\" title=\"-\" srcset=\"https:\/\/mouldking.store\/wp-content\/uploads\/2022\/09\/Movie-MOC-84957-Pikmin-S.S.-Dolphin-MOCBRICKLAND-9.jpg 800w, https:\/\/mouldking.store\/wp-content\/uploads\/2022\/09\/Movie-MOC-84957-Pikmin-S.S.-Dolphin-MOCBRICKLAND-9-300x300.jpg 300w, https:\/\/mouldking.store\/wp-content\/uploads\/2022\/09\/Movie-MOC-84957-Pikmin-S.S.-Dolphin-MOCBRICKLAND-9-768x768.jpg 768w, https:\/\/mouldking.store\/wp-content\/uploads\/2022\/09\/Movie-MOC-84957-Pikmin-S.S.-Dolphin-MOCBRICKLAND-9-600x600.jpg 600w, https:\/\/mouldking.store\/wp-content\/uploads\/2022\/09\/Movie-MOC-84957-Pikmin-S.S.-Dolphin-MOCBRICKLAND-9-150x150.jpg 150w, https:\/\/mouldking.store\/wp-content\/uploads\/2022\/09\/Movie-MOC-84957-Pikmin-S.S.-Dolphin-MOCBRICKLAND-9-60x60.jpg 60w, https:\/\/mouldking.store\/wp-content\/uploads\/2022\/09\/Movie-MOC-84957-Pikmin-S.S.-Dolphin-MOCBRICKLAND-9-90x90.jpg 90w\" sizes=\"(max-width: 800px) 100vw, 800px\" \/><figcaption id=\"caption-attachment-32809\" class=\"wp-caption-text\">MOC-84957 C\u00e1 heo Pikmin SS v\u1edbi 503 mi\u1ebfng<\/figcaption><\/figure>\n<figure id=\"attachment_32804\" aria-describedby=\"caption-attachment-32804\" style=\"width: 800px\" class=\"wp-caption aligncenter\"><img decoding=\"async\" class=\"wp-image-32804 size-full\" src=\"https:\/\/mouldking.store\/wp-content\/uploads\/2022\/09\/Movie-MOC-84957-Pikmin-S.S.-Dolphin-MOCBRICKLAND-3.jpg\" alt=\"MOC-84957 Pikmin S.S. Dolphin with 503 Pieces\" width=\"800\" height=\"800\" title=\"-\" srcset=\"https:\/\/mouldking.store\/wp-content\/uploads\/2022\/09\/Movie-MOC-84957-Pikmin-S.S.-Dolphin-MOCBRICKLAND-3.jpg 800w, https:\/\/mouldking.store\/wp-content\/uploads\/2022\/09\/Movie-MOC-84957-Pikmin-S.S.-Dolphin-MOCBRICKLAND-3-300x300.jpg 300w, https:\/\/mouldking.store\/wp-content\/uploads\/2022\/09\/Movie-MOC-84957-Pikmin-S.S.-Dolphin-MOCBRICKLAND-3-768x768.jpg 768w, https:\/\/mouldking.store\/wp-content\/uploads\/2022\/09\/Movie-MOC-84957-Pikmin-S.S.-Dolphin-MOCBRICKLAND-3-600x600.jpg 600w, https:\/\/mouldking.store\/wp-content\/uploads\/2022\/09\/Movie-MOC-84957-Pikmin-S.S.-Dolphin-MOCBRICKLAND-3-150x150.jpg 150w, https:\/\/mouldking.store\/wp-content\/uploads\/2022\/09\/Movie-MOC-84957-Pikmin-S.S.-Dolphin-MOCBRICKLAND-3-60x60.jpg 60w, https:\/\/mouldking.store\/wp-content\/uploads\/2022\/09\/Movie-MOC-84957-Pikmin-S.S.-Dolphin-MOCBRICKLAND-3-90x90.jpg 90w\" sizes=\"(max-width: 800px) 100vw, 800px\" \/><figcaption id=\"caption-attachment-32804\" class=\"wp-caption-text\">MOC-84957 C\u00e1 heo Pikmin SS v\u1edbi 503 mi\u1ebfng<\/figcaption><\/figure>\n<figure id=\"attachment_32805\" aria-describedby=\"caption-attachment-32805\" style=\"width: 800px\" class=\"wp-caption aligncenter\"><img decoding=\"async\" class=\"wp-image-32805 size-full\" src=\"https:\/\/mouldking.store\/wp-content\/uploads\/2022\/09\/Movie-MOC-84957-Pikmin-S.S.-Dolphin-MOCBRICKLAND-2.jpg\" alt=\"MOC-84957 Pikmin S.S. Dolphin with 503 Pieces\" width=\"800\" height=\"800\" title=\"-\" srcset=\"https:\/\/mouldking.store\/wp-content\/uploads\/2022\/09\/Movie-MOC-84957-Pikmin-S.S.-Dolphin-MOCBRICKLAND-2.jpg 800w, https:\/\/mouldking.store\/wp-content\/uploads\/2022\/09\/Movie-MOC-84957-Pikmin-S.S.-Dolphin-MOCBRICKLAND-2-300x300.jpg 300w, https:\/\/mouldking.store\/wp-content\/uploads\/2022\/09\/Movie-MOC-84957-Pikmin-S.S.-Dolphin-MOCBRICKLAND-2-768x768.jpg 768w, https:\/\/mouldking.store\/wp-content\/uploads\/2022\/09\/Movie-MOC-84957-Pikmin-S.S.-Dolphin-MOCBRICKLAND-2-600x600.jpg 600w, https:\/\/mouldking.store\/wp-content\/uploads\/2022\/09\/Movie-MOC-84957-Pikmin-S.S.-Dolphin-MOCBRICKLAND-2-150x150.jpg 150w, https:\/\/mouldking.store\/wp-content\/uploads\/2022\/09\/Movie-MOC-84957-Pikmin-S.S.-Dolphin-MOCBRICKLAND-2-60x60.jpg 60w, https:\/\/mouldking.store\/wp-content\/uploads\/2022\/09\/Movie-MOC-84957-Pikmin-S.S.-Dolphin-MOCBRICKLAND-2-90x90.jpg 90w\" sizes=\"(max-width: 800px) 100vw, 800px\" \/><figcaption id=\"caption-attachment-32805\" class=\"wp-caption-text\">MOC-84957 C\u00e1 heo Pikmin SS v\u1edbi 503 mi\u1ebfng<\/figcaption><\/figure>\n<figure id=\"attachment_32806\" aria-describedby=\"caption-attachment-32806\" style=\"width: 800px\" class=\"wp-caption aligncenter\"><img loading=\"lazy\" decoding=\"async\" class=\"wp-image-32806 size-full\" src=\"https:\/\/mouldking.store\/wp-content\/uploads\/2022\/09\/Movie-MOC-84957-Pikmin-S.S.-Dolphin-MOCBRICKLAND-1.jpg\" alt=\"MOC-84957 Pikmin S.S. Dolphin with 503 Pieces\" width=\"800\" height=\"800\" title=\"-\" srcset=\"https:\/\/mouldking.store\/wp-content\/uploads\/2022\/09\/Movie-MOC-84957-Pikmin-S.S.-Dolphin-MOCBRICKLAND-1.jpg 800w, https:\/\/mouldking.store\/wp-content\/uploads\/2022\/09\/Movie-MOC-84957-Pikmin-S.S.-Dolphin-MOCBRICKLAND-1-300x300.jpg 300w, https:\/\/mouldking.store\/wp-content\/uploads\/2022\/09\/Movie-MOC-84957-Pikmin-S.S.-Dolphin-MOCBRICKLAND-1-768x768.jpg 768w, https:\/\/mouldking.store\/wp-content\/uploads\/2022\/09\/Movie-MOC-84957-Pikmin-S.S.-Dolphin-MOCBRICKLAND-1-600x600.jpg 600w, https:\/\/mouldking.store\/wp-content\/uploads\/2022\/09\/Movie-MOC-84957-Pikmin-S.S.-Dolphin-MOCBRICKLAND-1-150x150.jpg 150w, https:\/\/mouldking.store\/wp-content\/uploads\/2022\/09\/Movie-MOC-84957-Pikmin-S.S.-Dolphin-MOCBRICKLAND-1-60x60.jpg 60w, https:\/\/mouldking.store\/wp-content\/uploads\/2022\/09\/Movie-MOC-84957-Pikmin-S.S.-Dolphin-MOCBRICKLAND-1-90x90.jpg 90w\" sizes=\"(max-width: 800px) 100vw, 800px\" \/><figcaption id=\"caption-attachment-32806\" class=\"wp-caption-text\">MOC-84957 C\u00e1 heo Pikmin SS v\u1edbi 503 mi\u1ebfng<\/figcaption><\/figure>\n<figure id=\"attachment_32807\" aria-describedby=\"caption-attachment-32807\" style=\"width: 800px\" class=\"wp-caption aligncenter\"><img loading=\"lazy\" decoding=\"async\" class=\"wp-image-32807 size-full\" src=\"https:\/\/mouldking.store\/wp-content\/uploads\/2022\/09\/Movie-MOC-84957-Pikmin-S.S.-Dolphin-MOCBRICKLAND-11.jpg\" alt=\"MOC-84957 Pikmin S.S. Dolphin with 503 Pieces\" width=\"800\" height=\"800\" title=\"-\" srcset=\"https:\/\/mouldking.store\/wp-content\/uploads\/2022\/09\/Movie-MOC-84957-Pikmin-S.S.-Dolphin-MOCBRICKLAND-11.jpg 800w, https:\/\/mouldking.store\/wp-content\/uploads\/2022\/09\/Movie-MOC-84957-Pikmin-S.S.-Dolphin-MOCBRICKLAND-11-300x300.jpg 300w, https:\/\/mouldking.store\/wp-content\/uploads\/2022\/09\/Movie-MOC-84957-Pikmin-S.S.-Dolphin-MOCBRICKLAND-11-768x768.jpg 768w, https:\/\/mouldking.store\/wp-content\/uploads\/2022\/09\/Movie-MOC-84957-Pikmin-S.S.-Dolphin-MOCBRICKLAND-11-600x600.jpg 600w, https:\/\/mouldking.store\/wp-content\/uploads\/2022\/09\/Movie-MOC-84957-Pikmin-S.S.-Dolphin-MOCBRICKLAND-11-150x150.jpg 150w, https:\/\/mouldking.store\/wp-content\/uploads\/2022\/09\/Movie-MOC-84957-Pikmin-S.S.-Dolphin-MOCBRICKLAND-11-60x60.jpg 60w, https:\/\/mouldking.store\/wp-content\/uploads\/2022\/09\/Movie-MOC-84957-Pikmin-S.S.-Dolphin-MOCBRICKLAND-11-90x90.jpg 90w\" sizes=\"(max-width: 800px) 100vw, 800px\" \/><figcaption id=\"caption-attachment-32807\" class=\"wp-caption-text\">MOC-84957 C\u00e1 heo Pikmin SS v\u1edbi 503 mi\u1ebfng<\/figcaption><\/figure>\n<figure id=\"attachment_32814\" aria-describedby=\"caption-attachment-32814\" style=\"width: 800px\" class=\"wp-caption aligncenter\"><img loading=\"lazy\" decoding=\"async\" class=\"wp-image-32814 size-full\" src=\"https:\/\/mouldking.store\/wp-content\/uploads\/2022\/09\/Movie-MOC-84957-Pikmin-S.S.-Dolphin-MOCBRICKLAND-4.jpg\" alt=\"MOC-84957 Pikmin S.S. Dolphin with 503 Pieces\" width=\"800\" height=\"800\" title=\"-\" srcset=\"https:\/\/mouldking.store\/wp-content\/uploads\/2022\/09\/Movie-MOC-84957-Pikmin-S.S.-Dolphin-MOCBRICKLAND-4.jpg 800w, https:\/\/mouldking.store\/wp-content\/uploads\/2022\/09\/Movie-MOC-84957-Pikmin-S.S.-Dolphin-MOCBRICKLAND-4-300x300.jpg 300w, https:\/\/mouldking.store\/wp-content\/uploads\/2022\/09\/Movie-MOC-84957-Pikmin-S.S.-Dolphin-MOCBRICKLAND-4-768x768.jpg 768w, https:\/\/mouldking.store\/wp-content\/uploads\/2022\/09\/Movie-MOC-84957-Pikmin-S.S.-Dolphin-MOCBRICKLAND-4-600x600.jpg 600w, https:\/\/mouldking.store\/wp-content\/uploads\/2022\/09\/Movie-MOC-84957-Pikmin-S.S.-Dolphin-MOCBRICKLAND-4-150x150.jpg 150w, https:\/\/mouldking.store\/wp-content\/uploads\/2022\/09\/Movie-MOC-84957-Pikmin-S.S.-Dolphin-MOCBRICKLAND-4-60x60.jpg 60w, https:\/\/mouldking.store\/wp-content\/uploads\/2022\/09\/Movie-MOC-84957-Pikmin-S.S.-Dolphin-MOCBRICKLAND-4-90x90.jpg 90w\" sizes=\"(max-width: 800px) 100vw, 800px\" \/><figcaption id=\"caption-attachment-32814\" class=\"wp-caption-text\">MOC-84957 C\u00e1 heo Pikmin SS v\u1edbi 503 mi\u1ebfng<\/figcaption><\/figure>\n<figure id=\"attachment_32813\" aria-describedby=\"caption-attachment-32813\" style=\"width: 800px\" class=\"wp-caption aligncenter\"><img loading=\"lazy\" decoding=\"async\" class=\"wp-image-32813 size-full\" src=\"https:\/\/mouldking.store\/wp-content\/uploads\/2022\/09\/Movie-MOC-84957-Pikmin-S.S.-Dolphin-MOCBRICKLAND-5.jpg\" alt=\"MOC-84957 Pikmin S.S. Dolphin with 503 Pieces\" width=\"800\" height=\"800\" title=\"-\" srcset=\"https:\/\/mouldking.store\/wp-content\/uploads\/2022\/09\/Movie-MOC-84957-Pikmin-S.S.-Dolphin-MOCBRICKLAND-5.jpg 800w, https:\/\/mouldking.store\/wp-content\/uploads\/2022\/09\/Movie-MOC-84957-Pikmin-S.S.-Dolphin-MOCBRICKLAND-5-300x300.jpg 300w, https:\/\/mouldking.store\/wp-content\/uploads\/2022\/09\/Movie-MOC-84957-Pikmin-S.S.-Dolphin-MOCBRICKLAND-5-768x768.jpg 768w, https:\/\/mouldking.store\/wp-content\/uploads\/2022\/09\/Movie-MOC-84957-Pikmin-S.S.-Dolphin-MOCBRICKLAND-5-600x600.jpg 600w, https:\/\/mouldking.store\/wp-content\/uploads\/2022\/09\/Movie-MOC-84957-Pikmin-S.S.-Dolphin-MOCBRICKLAND-5-150x150.jpg 150w, https:\/\/mouldking.store\/wp-content\/uploads\/2022\/09\/Movie-MOC-84957-Pikmin-S.S.-Dolphin-MOCBRICKLAND-5-60x60.jpg 60w, https:\/\/mouldking.store\/wp-content\/uploads\/2022\/09\/Movie-MOC-84957-Pikmin-S.S.-Dolphin-MOCBRICKLAND-5-90x90.jpg 90w\" sizes=\"(max-width: 800px) 100vw, 800px\" \/><figcaption id=\"caption-attachment-32813\" class=\"wp-caption-text\">MOC-84957 C\u00e1 heo Pikmin SS v\u1edbi 503 mi\u1ebfng<\/figcaption><\/figure>\n<figure id=\"attachment_32812\" aria-describedby=\"caption-attachment-32812\" style=\"width: 800px\" class=\"wp-caption aligncenter\"><img loading=\"lazy\" decoding=\"async\" class=\"wp-image-32812 size-full\" src=\"https:\/\/mouldking.store\/wp-content\/uploads\/2022\/09\/Movie-MOC-84957-Pikmin-S.S.-Dolphin-MOCBRICKLAND-6.jpg\" alt=\"MOC-84957 Pikmin S.S. Dolphin with 503 Pieces\" width=\"800\" height=\"800\" title=\"-\" srcset=\"https:\/\/mouldking.store\/wp-content\/uploads\/2022\/09\/Movie-MOC-84957-Pikmin-S.S.-Dolphin-MOCBRICKLAND-6.jpg 800w, https:\/\/mouldking.store\/wp-content\/uploads\/2022\/09\/Movie-MOC-84957-Pikmin-S.S.-Dolphin-MOCBRICKLAND-6-300x300.jpg 300w, https:\/\/mouldking.store\/wp-content\/uploads\/2022\/09\/Movie-MOC-84957-Pikmin-S.S.-Dolphin-MOCBRICKLAND-6-768x768.jpg 768w, https:\/\/mouldking.store\/wp-content\/uploads\/2022\/09\/Movie-MOC-84957-Pikmin-S.S.-Dolphin-MOCBRICKLAND-6-600x600.jpg 600w, https:\/\/mouldking.store\/wp-content\/uploads\/2022\/09\/Movie-MOC-84957-Pikmin-S.S.-Dolphin-MOCBRICKLAND-6-150x150.jpg 150w, https:\/\/mouldking.store\/wp-content\/uploads\/2022\/09\/Movie-MOC-84957-Pikmin-S.S.-Dolphin-MOCBRICKLAND-6-60x60.jpg 60w, https:\/\/mouldking.store\/wp-content\/uploads\/2022\/09\/Movie-MOC-84957-Pikmin-S.S.-Dolphin-MOCBRICKLAND-6-90x90.jpg 90w\" sizes=\"(max-width: 800px) 100vw, 800px\" \/><figcaption id=\"caption-attachment-32812\" class=\"wp-caption-text\">MOC-84957 C\u00e1 heo Pikmin SS v\u1edbi 503 mi\u1ebfng<\/figcaption><\/figure>\n<figure id=\"attachment_32811\" aria-describedby=\"caption-attachment-32811\" style=\"width: 800px\" class=\"wp-caption aligncenter\"><img loading=\"lazy\" decoding=\"async\" class=\"wp-image-32811 size-full\" src=\"https:\/\/mouldking.store\/wp-content\/uploads\/2022\/09\/Movie-MOC-84957-Pikmin-S.S.-Dolphin-MOCBRICKLAND-7.jpg\" alt=\"MOC-84957 Pikmin S.S. Dolphin with 503 Pieces\" width=\"800\" height=\"800\" title=\"-\" srcset=\"https:\/\/mouldking.store\/wp-content\/uploads\/2022\/09\/Movie-MOC-84957-Pikmin-S.S.-Dolphin-MOCBRICKLAND-7.jpg 800w, https:\/\/mouldking.store\/wp-content\/uploads\/2022\/09\/Movie-MOC-84957-Pikmin-S.S.-Dolphin-MOCBRICKLAND-7-300x300.jpg 300w, https:\/\/mouldking.store\/wp-content\/uploads\/2022\/09\/Movie-MOC-84957-Pikmin-S.S.-Dolphin-MOCBRICKLAND-7-768x768.jpg 768w, https:\/\/mouldking.store\/wp-content\/uploads\/2022\/09\/Movie-MOC-84957-Pikmin-S.S.-Dolphin-MOCBRICKLAND-7-600x600.jpg 600w, https:\/\/mouldking.store\/wp-content\/uploads\/2022\/09\/Movie-MOC-84957-Pikmin-S.S.-Dolphin-MOCBRICKLAND-7-150x150.jpg 150w, https:\/\/mouldking.store\/wp-content\/uploads\/2022\/09\/Movie-MOC-84957-Pikmin-S.S.-Dolphin-MOCBRICKLAND-7-60x60.jpg 60w, https:\/\/mouldking.store\/wp-content\/uploads\/2022\/09\/Movie-MOC-84957-Pikmin-S.S.-Dolphin-MOCBRICKLAND-7-90x90.jpg 90w\" sizes=\"(max-width: 800px) 100vw, 800px\" \/><figcaption id=\"caption-attachment-32811\" class=\"wp-caption-text\">MOC-84957 C\u00e1 heo Pikmin SS v\u1edbi 503 mi\u1ebfng<\/figcaption><\/figure>\n<figure id=\"attachment_32810\" aria-describedby=\"caption-attachment-32810\" style=\"width: 800px\" class=\"wp-caption aligncenter\"><img loading=\"lazy\" decoding=\"async\" class=\"wp-image-32810 size-full\" src=\"https:\/\/mouldking.store\/wp-content\/uploads\/2022\/09\/Movie-MOC-84957-Pikmin-S.S.-Dolphin-MOCBRICKLAND-8.jpg\" alt=\"MOC-84957 Pikmin S.S. Dolphin with 503 Pieces\" width=\"800\" height=\"800\" title=\"-\" srcset=\"https:\/\/mouldking.store\/wp-content\/uploads\/2022\/09\/Movie-MOC-84957-Pikmin-S.S.-Dolphin-MOCBRICKLAND-8.jpg 800w, https:\/\/mouldking.store\/wp-content\/uploads\/2022\/09\/Movie-MOC-84957-Pikmin-S.S.-Dolphin-MOCBRICKLAND-8-300x300.jpg 300w, https:\/\/mouldking.store\/wp-content\/uploads\/2022\/09\/Movie-MOC-84957-Pikmin-S.S.-Dolphin-MOCBRICKLAND-8-768x768.jpg 768w, https:\/\/mouldking.store\/wp-content\/uploads\/2022\/09\/Movie-MOC-84957-Pikmin-S.S.-Dolphin-MOCBRICKLAND-8-600x600.jpg 600w, https:\/\/mouldking.store\/wp-content\/uploads\/2022\/09\/Movie-MOC-84957-Pikmin-S.S.-Dolphin-MOCBRICKLAND-8-150x150.jpg 150w, https:\/\/mouldking.store\/wp-content\/uploads\/2022\/09\/Movie-MOC-84957-Pikmin-S.S.-Dolphin-MOCBRICKLAND-8-60x60.jpg 60w, https:\/\/mouldking.store\/wp-content\/uploads\/2022\/09\/Movie-MOC-84957-Pikmin-S.S.-Dolphin-MOCBRICKLAND-8-90x90.jpg 90w\" sizes=\"(max-width: 800px) 100vw, 800px\" \/><figcaption id=\"caption-attachment-32810\" class=\"wp-caption-text\">MOC-84957 C\u00e1 heo Pikmin SS v\u1edbi 503 mi\u1ebfng<\/figcaption><\/figure>\n<figure id=\"attachment_32808\" aria-describedby=\"caption-attachment-32808\" style=\"width: 800px\" class=\"wp-caption aligncenter\"><img loading=\"lazy\" decoding=\"async\" class=\"wp-image-32808 size-full\" src=\"https:\/\/mouldking.store\/wp-content\/uploads\/2022\/09\/Movie-MOC-84957-Pikmin-S.S.-Dolphin-MOCBRICKLAND-10.jpg\" alt=\"MOC-84957 Pikmin S.S. Dolphin with 503 Pieces\" width=\"800\" height=\"800\" title=\"-\" srcset=\"https:\/\/mouldking.store\/wp-content\/uploads\/2022\/09\/Movie-MOC-84957-Pikmin-S.S.-Dolphin-MOCBRICKLAND-10.jpg 800w, https:\/\/mouldking.store\/wp-content\/uploads\/2022\/09\/Movie-MOC-84957-Pikmin-S.S.-Dolphin-MOCBRICKLAND-10-300x300.jpg 300w, https:\/\/mouldking.store\/wp-content\/uploads\/2022\/09\/Movie-MOC-84957-Pikmin-S.S.-Dolphin-MOCBRICKLAND-10-768x768.jpg 768w, https:\/\/mouldking.store\/wp-content\/uploads\/2022\/09\/Movie-MOC-84957-Pikmin-S.S.-Dolphin-MOCBRICKLAND-10-600x600.jpg 600w, https:\/\/mouldking.store\/wp-content\/uploads\/2022\/09\/Movie-MOC-84957-Pikmin-S.S.-Dolphin-MOCBRICKLAND-10-150x150.jpg 150w, https:\/\/mouldking.store\/wp-content\/uploads\/2022\/09\/Movie-MOC-84957-Pikmin-S.S.-Dolphin-MOCBRICKLAND-10-60x60.jpg 60w, https:\/\/mouldking.store\/wp-content\/uploads\/2022\/09\/Movie-MOC-84957-Pikmin-S.S.-Dolphin-MOCBRICKLAND-10-90x90.jpg 90w\" sizes=\"(max-width: 800px) 100vw, 800px\" \/><figcaption id=\"caption-attachment-32808\" class=\"wp-caption-text\">MOC-84957 C\u00e1 heo Pikmin SS v\u1edbi 503 mi\u1ebfng<\/figcaption><\/figure>","protected":false},"excerpt":{"rendered":"<p>Product information: Brand: MOC Gender: Unisex Name: Pikmin S.S. Dolphin Age Range: &gt; 6 years old Model Number: C9100 Classification: Assemblage Plastic Block Shape: Self-Locking Bricks Material: Plastic Plastic Type: ABS Bricks Blocks: 503 PCS Dimensions: 11.8 x 11 x 18.1 cm Weight: 0.33 kg Contains detailed assembly instructions. Notice: 1. Without an original box, [&hellip;]<\/p>","protected":false},"featured_media":32809,"comment_status":"closed","ping_status":"closed","template":"","meta":{"_acf_changed":false},"product_cat":[6016],"product_tag":[6018,6017,6019],"class_list":["product","first","instock","shipping-taxable","purchasable","product-type-simple"],"acf":[],"_links":{"self":[{"href":"https:\/\/mouldking.store\/vi\/wp-json\/wp\/v2\/product\/32803","targetHints":{"allow":["GET"]}}],"collection":[{"href":"https:\/\/mouldking.store\/vi\/wp-json\/wp\/v2\/product"}],"about":[{"href":"https:\/\/mouldking.store\/vi\/wp-json\/wp\/v2\/types\/product"}],"replies":[{"embeddable":true,"href":"https:\/\/mouldking.store\/vi\/wp-json\/wp\/v2\/comments?post=32803"}],"wp:featuredmedia":[{"embeddable":true,"href":"https:\/\/mouldking.store\/vi\/wp-json\/wp\/v2\/media\/32809"}],"wp:attachment":[{"href":"https:\/\/mouldking.store\/vi\/wp-json\/wp\/v2\/media?parent=32803"}],"wp:term":[{"taxonomy":"product_cat","embeddable":true,"href":"https:\/\/mouldking.store\/vi\/wp-json\/wp\/v2\/product_cat?post=32803"},{"taxonomy":"product_tag","embeddable":true,"href":"https:\/\/mouldking.store\/vi\/wp-json\/wp\/v2\/product_tag?post=32803"}],"curies":[{"name":"wp","href":"https:\/\/api.w.org\/{rel}","templated":true}]}}