{"id":32902,"date":"2022-10-11T10:37:24","date_gmt":"2022-10-11T03:37:24","guid":{"rendered":"https:\/\/mouldking.store\/?post_type=product&#038;p=32902"},"modified":"2022-12-14T15:29:54","modified_gmt":"2022-12-14T08:29:54","slug":"panlos-628010-t28-heavy-tank-with-2986-pieces","status":"publish","type":"product","link":"https:\/\/mouldking.store\/vi\/shop\/panlos-628010-t28-heavy-tank-with-2986-pieces\/","title":{"rendered":"PANLOS 628010 T28 Heavy Tank with 2986 Pieces"},"content":{"rendered":"<p>Th\u00f4ng tin s\u1ea3n ph\u1ea9m:<\/p>\n<ol>\n<li>Th\u01b0\u01a1ng hi\u1ec7u: PANLOS<\/li>\n<li>Gi\u1edbi t\u00ednh: Unisex<\/li>\n<li>Name: T28 Heavy Tank<\/li>\n<li>\u0110\u1ed9 tu\u1ed5i: &gt; 6 tu\u1ed5i<\/li>\n<li>Model Number: 628010<\/li>\n<li>Ph\u00e2n lo\u1ea1i: T\u1eadp h\u1ee3p<\/li>\n<li>H\u00ecnh d\u1ea1ng kh\u1ed1i nh\u1ef1a: G\u1ea1ch t\u1ef1 kh\u00f3a<\/li>\n<li>Ch\u1ea5t li\u1ec7u: Nh\u1ef1a<\/li>\n<li>Lo\u1ea1i nh\u1ef1a: ABS<\/li>\n<li>Bricks Blocks: 2986 PCS<\/li>\n<li>Ch\u1ee9a h\u01b0\u1edbng d\u1eabn l\u1eafp r\u00e1p chi ti\u1ebft.<\/li>\n<\/ol>\n<p>\u0110\u1ec3 \u00fd:<br \/>\n1. Kh\u00f4ng c\u00f3 h\u1ed9p ban \u0111\u1ea7u, nh\u01b0ng ch\u00fang t\u00f4i \u0111\u1ea3m b\u1ea3o s\u1ea3n ph\u1ea9m c\u1ee7a ch\u00fang t\u00f4i c\u00f3 ch\u1ea5t l\u01b0\u1ee3ng \u0111\u1ea3m b\u1ea3o v\u00e0 bao b\u00ec \u0111\u1eb9p.<br \/>\n2. V\u00ec t\u1ea5t c\u1ea3 c\u00e1c b\u1ed9 ph\u1eadn ch\u00fang t\u00f4i \u0111\u00e3 ki\u1ec3m tra tr\u01b0\u1edbc khi v\u1eadn chuy\u1ec3n, v\u00ec v\u1eady n\u1ebfu b\u1ea1n th\u1ea5y m\u1ed9t s\u1ed1 b\u1ed9 ph\u1eadn b\u1ecb thi\u1ebfu ho\u1eb7c h\u01b0 h\u1ecfng, \u0111\u1eebng lo l\u1eafng v\u00e0 ch\u1ec9 c\u1ea7n vui l\u00f2ng li\u00ean h\u1ec7 v\u1edbi ch\u00fang t\u00f4i v\u00e0 ch\u00fang t\u00f4i c\u00f3 th\u1ec3 g\u1eedi l\u1ea1i mi\u1ec5n ph\u00ed cho b\u1ea1n ngay l\u1eadp t\u1ee9c.<\/p>\n<figure id=\"attachment_32903\" aria-describedby=\"caption-attachment-32903\" style=\"width: 800px\" class=\"wp-caption aligncenter\"><img fetchpriority=\"high\" decoding=\"async\" class=\"wp-image-32903 size-full\" src=\"https:\/\/mouldking.store\/wp-content\/uploads\/2022\/10\/Military-PANLOS-628010-T28-Heavy-Tank-1.jpg\" alt=\"PANLOS 628010 T28 Heavy Tank with 2986 Pieces\" width=\"800\" height=\"800\" title=\"-\" srcset=\"https:\/\/mouldking.store\/wp-content\/uploads\/2022\/10\/Military-PANLOS-628010-T28-Heavy-Tank-1.jpg 800w, https:\/\/mouldking.store\/wp-content\/uploads\/2022\/10\/Military-PANLOS-628010-T28-Heavy-Tank-1-300x300.jpg 300w, https:\/\/mouldking.store\/wp-content\/uploads\/2022\/10\/Military-PANLOS-628010-T28-Heavy-Tank-1-768x768.jpg 768w, https:\/\/mouldking.store\/wp-content\/uploads\/2022\/10\/Military-PANLOS-628010-T28-Heavy-Tank-1-600x600.jpg 600w, https:\/\/mouldking.store\/wp-content\/uploads\/2022\/10\/Military-PANLOS-628010-T28-Heavy-Tank-1-150x150.jpg 150w, https:\/\/mouldking.store\/wp-content\/uploads\/2022\/10\/Military-PANLOS-628010-T28-Heavy-Tank-1-60x60.jpg 60w, https:\/\/mouldking.store\/wp-content\/uploads\/2022\/10\/Military-PANLOS-628010-T28-Heavy-Tank-1-90x90.jpg 90w\" sizes=\"(max-width: 800px) 100vw, 800px\" \/><figcaption id=\"caption-attachment-32903\" class=\"wp-caption-text\">PANLOS 628010 T28 Heavy Tank with 2986 Pieces<\/figcaption><\/figure>\n<figure id=\"attachment_32906\" aria-describedby=\"caption-attachment-32906\" style=\"width: 800px\" class=\"wp-caption aligncenter\"><img decoding=\"async\" class=\"wp-image-32906 size-full\" src=\"https:\/\/mouldking.store\/wp-content\/uploads\/2022\/10\/Military-PANLOS-628010-T28-Heavy-Tank-4.jpg\" alt=\"PANLOS 628010 T28 Heavy Tank with 2986 Pieces\" width=\"800\" height=\"800\" title=\"-\" srcset=\"https:\/\/mouldking.store\/wp-content\/uploads\/2022\/10\/Military-PANLOS-628010-T28-Heavy-Tank-4.jpg 800w, https:\/\/mouldking.store\/wp-content\/uploads\/2022\/10\/Military-PANLOS-628010-T28-Heavy-Tank-4-300x300.jpg 300w, https:\/\/mouldking.store\/wp-content\/uploads\/2022\/10\/Military-PANLOS-628010-T28-Heavy-Tank-4-768x768.jpg 768w, https:\/\/mouldking.store\/wp-content\/uploads\/2022\/10\/Military-PANLOS-628010-T28-Heavy-Tank-4-600x600.jpg 600w, https:\/\/mouldking.store\/wp-content\/uploads\/2022\/10\/Military-PANLOS-628010-T28-Heavy-Tank-4-150x150.jpg 150w, https:\/\/mouldking.store\/wp-content\/uploads\/2022\/10\/Military-PANLOS-628010-T28-Heavy-Tank-4-60x60.jpg 60w, https:\/\/mouldking.store\/wp-content\/uploads\/2022\/10\/Military-PANLOS-628010-T28-Heavy-Tank-4-90x90.jpg 90w\" sizes=\"(max-width: 800px) 100vw, 800px\" \/><figcaption id=\"caption-attachment-32906\" class=\"wp-caption-text\">PANLOS 628010 T28 Heavy Tank with 2986 Pieces<\/figcaption><\/figure>\n<figure id=\"attachment_32904\" aria-describedby=\"caption-attachment-32904\" style=\"width: 732px\" class=\"wp-caption aligncenter\"><img decoding=\"async\" class=\"wp-image-32904 size-full\" src=\"https:\/\/mouldking.store\/wp-content\/uploads\/2022\/10\/Military-PANLOS-628010-T28-Heavy-Tank-2.jpg\" alt=\"PANLOS 628010 T28 Heavy Tank with 2986 Pieces\" width=\"732\" height=\"1024\" title=\"-\" srcset=\"https:\/\/mouldking.store\/wp-content\/uploads\/2022\/10\/Military-PANLOS-628010-T28-Heavy-Tank-2.jpg 732w, https:\/\/mouldking.store\/wp-content\/uploads\/2022\/10\/Military-PANLOS-628010-T28-Heavy-Tank-2-214x300.jpg 214w, https:\/\/mouldking.store\/wp-content\/uploads\/2022\/10\/Military-PANLOS-628010-T28-Heavy-Tank-2-300x420.jpg 300w, https:\/\/mouldking.store\/wp-content\/uploads\/2022\/10\/Military-PANLOS-628010-T28-Heavy-Tank-2-600x839.jpg 600w, https:\/\/mouldking.store\/wp-content\/uploads\/2022\/10\/Military-PANLOS-628010-T28-Heavy-Tank-2-107x150.jpg 107w, https:\/\/mouldking.store\/wp-content\/uploads\/2022\/10\/Military-PANLOS-628010-T28-Heavy-Tank-2-43x60.jpg 43w, https:\/\/mouldking.store\/wp-content\/uploads\/2022\/10\/Military-PANLOS-628010-T28-Heavy-Tank-2-64x90.jpg 64w\" sizes=\"(max-width: 732px) 100vw, 732px\" \/><figcaption id=\"caption-attachment-32904\" class=\"wp-caption-text\">PANLOS 628010 T28 Heavy Tank with 2986 Pieces<\/figcaption><\/figure>\n<figure id=\"attachment_32905\" aria-describedby=\"caption-attachment-32905\" style=\"width: 855px\" class=\"wp-caption aligncenter\"><img loading=\"lazy\" decoding=\"async\" class=\"wp-image-32905 size-full\" src=\"https:\/\/mouldking.store\/wp-content\/uploads\/2022\/10\/Military-PANLOS-628010-T28-Heavy-Tank-3.jpg\" alt=\"PANLOS 628010 T28 Heavy Tank with 2986 Pieces\" width=\"855\" height=\"1024\" title=\"-\" srcset=\"https:\/\/mouldking.store\/wp-content\/uploads\/2022\/10\/Military-PANLOS-628010-T28-Heavy-Tank-3.jpg 855w, https:\/\/mouldking.store\/wp-content\/uploads\/2022\/10\/Military-PANLOS-628010-T28-Heavy-Tank-3-250x300.jpg 250w, https:\/\/mouldking.store\/wp-content\/uploads\/2022\/10\/Military-PANLOS-628010-T28-Heavy-Tank-3-768x920.jpg 768w, https:\/\/mouldking.store\/wp-content\/uploads\/2022\/10\/Military-PANLOS-628010-T28-Heavy-Tank-3-300x359.jpg 300w, https:\/\/mouldking.store\/wp-content\/uploads\/2022\/10\/Military-PANLOS-628010-T28-Heavy-Tank-3-600x719.jpg 600w, https:\/\/mouldking.store\/wp-content\/uploads\/2022\/10\/Military-PANLOS-628010-T28-Heavy-Tank-3-125x150.jpg 125w, https:\/\/mouldking.store\/wp-content\/uploads\/2022\/10\/Military-PANLOS-628010-T28-Heavy-Tank-3-50x60.jpg 50w, https:\/\/mouldking.store\/wp-content\/uploads\/2022\/10\/Military-PANLOS-628010-T28-Heavy-Tank-3-75x90.jpg 75w\" sizes=\"(max-width: 855px) 100vw, 855px\" \/><figcaption id=\"caption-attachment-32905\" class=\"wp-caption-text\">PANLOS 628010 T28 Heavy Tank with 2986 Pieces<\/figcaption><\/figure>","protected":false},"excerpt":{"rendered":"<p>Product information: Brand: PANLOS Gender: Unisex Name: T28 Heavy Tank Age Range: &gt; 6 years old Model Number: 628010 Classification: Assemblage Plastic Block Shape: Self-Locking Bricks Material: Plastic Plastic Type: ABS Bricks Blocks: 2986 PCS Contains detailed assembly instructions. Notice: 1. Without an original box, but we guarantee our products have quality assurance and nice [&hellip;]<\/p>","protected":false},"featured_media":32903,"comment_status":"closed","ping_status":"closed","template":"","meta":{"_acf_changed":false},"product_cat":[372],"product_tag":[6029,6028,6027,6030],"class_list":["product","first","instock","shipping-taxable","purchasable","product-type-simple"],"acf":[],"_links":{"self":[{"href":"https:\/\/mouldking.store\/vi\/wp-json\/wp\/v2\/product\/32902","targetHints":{"allow":["GET"]}}],"collection":[{"href":"https:\/\/mouldking.store\/vi\/wp-json\/wp\/v2\/product"}],"about":[{"href":"https:\/\/mouldking.store\/vi\/wp-json\/wp\/v2\/types\/product"}],"replies":[{"embeddable":true,"href":"https:\/\/mouldking.store\/vi\/wp-json\/wp\/v2\/comments?post=32902"}],"wp:featuredmedia":[{"embeddable":true,"href":"https:\/\/mouldking.store\/vi\/wp-json\/wp\/v2\/media\/32903"}],"wp:attachment":[{"href":"https:\/\/mouldking.store\/vi\/wp-json\/wp\/v2\/media?parent=32902"}],"wp:term":[{"taxonomy":"product_cat","embeddable":true,"href":"https:\/\/mouldking.store\/vi\/wp-json\/wp\/v2\/product_cat?post=32902"},{"taxonomy":"product_tag","embeddable":true,"href":"https:\/\/mouldking.store\/vi\/wp-json\/wp\/v2\/product_tag?post=32902"}],"curies":[{"name":"wp","href":"https:\/\/api.w.org\/{rel}","templated":true}]}}