{"id":32907,"date":"2022-10-11T10:44:58","date_gmt":"2022-10-11T03:44:58","guid":{"rendered":"https:\/\/mouldking.store\/?post_type=product&#038;p=32907"},"modified":"2022-10-11T10:44:58","modified_gmt":"2022-10-11T03:44:58","slug":"sembo-704951-incarnation-jumping-spider-suv-with-1182-pieces","status":"publish","type":"product","link":"https:\/\/mouldking.store\/vi\/shop\/sembo-704951-incarnation-jumping-spider-suv-with-1182-pieces\/","title":{"rendered":"Sembo 704951 Incarnation Jumping Spider SUV v\u1edbi 1182 m\u1ea3nh gh\u00e9p"},"content":{"rendered":"<p>Th\u00f4ng tin s\u1ea3n ph\u1ea9m:<\/p>\n<ol>\n<li>Th\u01b0\u01a1ng hi\u1ec7u: Sembo<\/li>\n<li>Gi\u1edbi t\u00ednh: Unisex<\/li>\n<li>Name: Incarnation Jumping Spider SUV<\/li>\n<li>\u0110\u1ed9 tu\u1ed5i: &gt; 6 tu\u1ed5i<\/li>\n<li>Model Number: 704951<\/li>\n<li>Ph\u00e2n lo\u1ea1i: T\u1eadp h\u1ee3p<\/li>\n<li>H\u00ecnh d\u1ea1ng kh\u1ed1i nh\u1ef1a: G\u1ea1ch t\u1ef1 kh\u00f3a<\/li>\n<li>Ch\u1ea5t li\u1ec7u: Nh\u1ef1a<\/li>\n<li>Lo\u1ea1i nh\u1ef1a: ABS<\/li>\n<li>Kh\u1ed1i g\u1ea1ch: 1182 C\u00c1I<\/li>\n<li>Ch\u1ee9a h\u01b0\u1edbng d\u1eabn l\u1eafp r\u00e1p chi ti\u1ebft.<\/li>\n<\/ol>\n<p>\u0110\u1ec3 \u00fd:<br \/>\n1. Kh\u00f4ng c\u00f3 h\u1ed9p ban \u0111\u1ea7u, nh\u01b0ng ch\u00fang t\u00f4i \u0111\u1ea3m b\u1ea3o s\u1ea3n ph\u1ea9m c\u1ee7a ch\u00fang t\u00f4i c\u00f3 ch\u1ea5t l\u01b0\u1ee3ng \u0111\u1ea3m b\u1ea3o v\u00e0 bao b\u00ec \u0111\u1eb9p.<br \/>\n2. V\u00ec t\u1ea5t c\u1ea3 c\u00e1c b\u1ed9 ph\u1eadn ch\u00fang t\u00f4i \u0111\u00e3 ki\u1ec3m tra tr\u01b0\u1edbc khi v\u1eadn chuy\u1ec3n, v\u00ec v\u1eady n\u1ebfu b\u1ea1n th\u1ea5y m\u1ed9t s\u1ed1 b\u1ed9 ph\u1eadn b\u1ecb thi\u1ebfu ho\u1eb7c h\u01b0 h\u1ecfng, \u0111\u1eebng lo l\u1eafng v\u00e0 ch\u1ec9 c\u1ea7n vui l\u00f2ng li\u00ean h\u1ec7 v\u1edbi ch\u00fang t\u00f4i v\u00e0 ch\u00fang t\u00f4i c\u00f3 th\u1ec3 g\u1eedi l\u1ea1i mi\u1ec5n ph\u00ed cho b\u1ea1n ngay l\u1eadp t\u1ee9c.<\/p>\n<p>&nbsp;<\/p>\n<figure id=\"attachment_32908\" aria-describedby=\"caption-attachment-32908\" style=\"width: 800px\" class=\"wp-caption aligncenter\"><img fetchpriority=\"high\" decoding=\"async\" class=\"wp-image-32908 size-full\" src=\"https:\/\/mouldking.store\/wp-content\/uploads\/2022\/10\/Military-Sembo-704951-Incarnation-Jumping-Spider-SUV-1.jpg\" alt=\"Sembo 704951 Incarnation Jumping Spider SUV with 1182 Pieces\" width=\"800\" height=\"800\" title=\"-\" srcset=\"https:\/\/mouldking.store\/wp-content\/uploads\/2022\/10\/Military-Sembo-704951-Incarnation-Jumping-Spider-SUV-1.jpg 800w, https:\/\/mouldking.store\/wp-content\/uploads\/2022\/10\/Military-Sembo-704951-Incarnation-Jumping-Spider-SUV-1-300x300.jpg 300w, https:\/\/mouldking.store\/wp-content\/uploads\/2022\/10\/Military-Sembo-704951-Incarnation-Jumping-Spider-SUV-1-768x768.jpg 768w, https:\/\/mouldking.store\/wp-content\/uploads\/2022\/10\/Military-Sembo-704951-Incarnation-Jumping-Spider-SUV-1-600x600.jpg 600w, https:\/\/mouldking.store\/wp-content\/uploads\/2022\/10\/Military-Sembo-704951-Incarnation-Jumping-Spider-SUV-1-150x150.jpg 150w, https:\/\/mouldking.store\/wp-content\/uploads\/2022\/10\/Military-Sembo-704951-Incarnation-Jumping-Spider-SUV-1-60x60.jpg 60w, https:\/\/mouldking.store\/wp-content\/uploads\/2022\/10\/Military-Sembo-704951-Incarnation-Jumping-Spider-SUV-1-90x90.jpg 90w\" sizes=\"(max-width: 800px) 100vw, 800px\" \/><figcaption id=\"caption-attachment-32908\" class=\"wp-caption-text\">Sembo 704951 Incarnation Jumping Spider SUV v\u1edbi 1182 m\u1ea3nh gh\u00e9p<\/figcaption><\/figure>\n<figure id=\"attachment_32914\" aria-describedby=\"caption-attachment-32914\" style=\"width: 749px\" class=\"wp-caption aligncenter\"><img decoding=\"async\" class=\"wp-image-32914 size-full\" src=\"https:\/\/mouldking.store\/wp-content\/uploads\/2022\/10\/Military-Sembo-704951-Incarnation-Jumping-Spider-SUV-7.jpg\" alt=\"Sembo 704951 Incarnation Jumping Spider SUV with 1182 Pieces\" width=\"749\" height=\"1024\" title=\"-\" srcset=\"https:\/\/mouldking.store\/wp-content\/uploads\/2022\/10\/Military-Sembo-704951-Incarnation-Jumping-Spider-SUV-7.jpg 749w, https:\/\/mouldking.store\/wp-content\/uploads\/2022\/10\/Military-Sembo-704951-Incarnation-Jumping-Spider-SUV-7-219x300.jpg 219w, https:\/\/mouldking.store\/wp-content\/uploads\/2022\/10\/Military-Sembo-704951-Incarnation-Jumping-Spider-SUV-7-300x410.jpg 300w, https:\/\/mouldking.store\/wp-content\/uploads\/2022\/10\/Military-Sembo-704951-Incarnation-Jumping-Spider-SUV-7-600x820.jpg 600w, https:\/\/mouldking.store\/wp-content\/uploads\/2022\/10\/Military-Sembo-704951-Incarnation-Jumping-Spider-SUV-7-110x150.jpg 110w, https:\/\/mouldking.store\/wp-content\/uploads\/2022\/10\/Military-Sembo-704951-Incarnation-Jumping-Spider-SUV-7-44x60.jpg 44w, https:\/\/mouldking.store\/wp-content\/uploads\/2022\/10\/Military-Sembo-704951-Incarnation-Jumping-Spider-SUV-7-66x90.jpg 66w\" sizes=\"(max-width: 749px) 100vw, 749px\" \/><figcaption id=\"caption-attachment-32914\" class=\"wp-caption-text\">Sembo 704951 Incarnation Jumping Spider SUV v\u1edbi 1182 m\u1ea3nh gh\u00e9p<\/figcaption><\/figure>\n<figure id=\"attachment_32913\" aria-describedby=\"caption-attachment-32913\" style=\"width: 661px\" class=\"wp-caption aligncenter\"><img decoding=\"async\" class=\"wp-image-32913 size-full\" src=\"https:\/\/mouldking.store\/wp-content\/uploads\/2022\/10\/Military-Sembo-704951-Incarnation-Jumping-Spider-SUV-6.jpg\" alt=\"Sembo 704951 Incarnation Jumping Spider SUV with 1182 Pieces\" width=\"661\" height=\"1024\" title=\"-\" srcset=\"https:\/\/mouldking.store\/wp-content\/uploads\/2022\/10\/Military-Sembo-704951-Incarnation-Jumping-Spider-SUV-6.jpg 661w, https:\/\/mouldking.store\/wp-content\/uploads\/2022\/10\/Military-Sembo-704951-Incarnation-Jumping-Spider-SUV-6-194x300.jpg 194w, https:\/\/mouldking.store\/wp-content\/uploads\/2022\/10\/Military-Sembo-704951-Incarnation-Jumping-Spider-SUV-6-300x465.jpg 300w, https:\/\/mouldking.store\/wp-content\/uploads\/2022\/10\/Military-Sembo-704951-Incarnation-Jumping-Spider-SUV-6-600x930.jpg 600w, https:\/\/mouldking.store\/wp-content\/uploads\/2022\/10\/Military-Sembo-704951-Incarnation-Jumping-Spider-SUV-6-97x150.jpg 97w, https:\/\/mouldking.store\/wp-content\/uploads\/2022\/10\/Military-Sembo-704951-Incarnation-Jumping-Spider-SUV-6-39x60.jpg 39w, https:\/\/mouldking.store\/wp-content\/uploads\/2022\/10\/Military-Sembo-704951-Incarnation-Jumping-Spider-SUV-6-58x90.jpg 58w\" sizes=\"(max-width: 661px) 100vw, 661px\" \/><figcaption id=\"caption-attachment-32913\" class=\"wp-caption-text\">Sembo 704951 Incarnation Jumping Spider SUV v\u1edbi 1182 m\u1ea3nh gh\u00e9p<\/figcaption><\/figure>\n<figure id=\"attachment_32916\" aria-describedby=\"caption-attachment-32916\" style=\"width: 800px\" class=\"wp-caption aligncenter\"><img loading=\"lazy\" decoding=\"async\" class=\"wp-image-32916 size-full\" src=\"https:\/\/mouldking.store\/wp-content\/uploads\/2022\/10\/Military-Sembo-704951-Incarnation-Jumping-Spider-SUV-9.jpg\" alt=\"Sembo 704951 Incarnation Jumping Spider SUV with 1182 Pieces\" width=\"800\" height=\"800\" title=\"-\" srcset=\"https:\/\/mouldking.store\/wp-content\/uploads\/2022\/10\/Military-Sembo-704951-Incarnation-Jumping-Spider-SUV-9.jpg 800w, https:\/\/mouldking.store\/wp-content\/uploads\/2022\/10\/Military-Sembo-704951-Incarnation-Jumping-Spider-SUV-9-300x300.jpg 300w, https:\/\/mouldking.store\/wp-content\/uploads\/2022\/10\/Military-Sembo-704951-Incarnation-Jumping-Spider-SUV-9-768x768.jpg 768w, https:\/\/mouldking.store\/wp-content\/uploads\/2022\/10\/Military-Sembo-704951-Incarnation-Jumping-Spider-SUV-9-600x600.jpg 600w, https:\/\/mouldking.store\/wp-content\/uploads\/2022\/10\/Military-Sembo-704951-Incarnation-Jumping-Spider-SUV-9-150x150.jpg 150w, https:\/\/mouldking.store\/wp-content\/uploads\/2022\/10\/Military-Sembo-704951-Incarnation-Jumping-Spider-SUV-9-60x60.jpg 60w, https:\/\/mouldking.store\/wp-content\/uploads\/2022\/10\/Military-Sembo-704951-Incarnation-Jumping-Spider-SUV-9-90x90.jpg 90w\" sizes=\"(max-width: 800px) 100vw, 800px\" \/><figcaption id=\"caption-attachment-32916\" class=\"wp-caption-text\">Sembo 704951 Incarnation Jumping Spider SUV v\u1edbi 1182 m\u1ea3nh gh\u00e9p<\/figcaption><\/figure>\n<figure id=\"attachment_32915\" aria-describedby=\"caption-attachment-32915\" style=\"width: 800px\" class=\"wp-caption aligncenter\"><img loading=\"lazy\" decoding=\"async\" class=\"wp-image-32915 size-full\" src=\"https:\/\/mouldking.store\/wp-content\/uploads\/2022\/10\/Military-Sembo-704951-Incarnation-Jumping-Spider-SUV-8.jpg\" alt=\"Sembo 704951 Incarnation Jumping Spider SUV with 1182 Pieces\" width=\"800\" height=\"800\" title=\"-\" srcset=\"https:\/\/mouldking.store\/wp-content\/uploads\/2022\/10\/Military-Sembo-704951-Incarnation-Jumping-Spider-SUV-8.jpg 800w, https:\/\/mouldking.store\/wp-content\/uploads\/2022\/10\/Military-Sembo-704951-Incarnation-Jumping-Spider-SUV-8-300x300.jpg 300w, https:\/\/mouldking.store\/wp-content\/uploads\/2022\/10\/Military-Sembo-704951-Incarnation-Jumping-Spider-SUV-8-768x768.jpg 768w, https:\/\/mouldking.store\/wp-content\/uploads\/2022\/10\/Military-Sembo-704951-Incarnation-Jumping-Spider-SUV-8-600x600.jpg 600w, https:\/\/mouldking.store\/wp-content\/uploads\/2022\/10\/Military-Sembo-704951-Incarnation-Jumping-Spider-SUV-8-150x150.jpg 150w, https:\/\/mouldking.store\/wp-content\/uploads\/2022\/10\/Military-Sembo-704951-Incarnation-Jumping-Spider-SUV-8-60x60.jpg 60w, https:\/\/mouldking.store\/wp-content\/uploads\/2022\/10\/Military-Sembo-704951-Incarnation-Jumping-Spider-SUV-8-90x90.jpg 90w\" sizes=\"(max-width: 800px) 100vw, 800px\" \/><figcaption id=\"caption-attachment-32915\" class=\"wp-caption-text\">Sembo 704951 Incarnation Jumping Spider SUV v\u1edbi 1182 m\u1ea3nh gh\u00e9p<\/figcaption><\/figure>\n<figure id=\"attachment_32912\" aria-describedby=\"caption-attachment-32912\" style=\"width: 661px\" class=\"wp-caption aligncenter\"><img loading=\"lazy\" decoding=\"async\" class=\"wp-image-32912 size-full\" src=\"https:\/\/mouldking.store\/wp-content\/uploads\/2022\/10\/Military-Sembo-704951-Incarnation-Jumping-Spider-SUV-5.jpg\" alt=\"Sembo 704951 Incarnation Jumping Spider SUV with 1182 Pieces\" width=\"661\" height=\"1024\" title=\"-\" srcset=\"https:\/\/mouldking.store\/wp-content\/uploads\/2022\/10\/Military-Sembo-704951-Incarnation-Jumping-Spider-SUV-5.jpg 661w, https:\/\/mouldking.store\/wp-content\/uploads\/2022\/10\/Military-Sembo-704951-Incarnation-Jumping-Spider-SUV-5-194x300.jpg 194w, https:\/\/mouldking.store\/wp-content\/uploads\/2022\/10\/Military-Sembo-704951-Incarnation-Jumping-Spider-SUV-5-300x465.jpg 300w, https:\/\/mouldking.store\/wp-content\/uploads\/2022\/10\/Military-Sembo-704951-Incarnation-Jumping-Spider-SUV-5-600x930.jpg 600w, https:\/\/mouldking.store\/wp-content\/uploads\/2022\/10\/Military-Sembo-704951-Incarnation-Jumping-Spider-SUV-5-97x150.jpg 97w, https:\/\/mouldking.store\/wp-content\/uploads\/2022\/10\/Military-Sembo-704951-Incarnation-Jumping-Spider-SUV-5-39x60.jpg 39w, https:\/\/mouldking.store\/wp-content\/uploads\/2022\/10\/Military-Sembo-704951-Incarnation-Jumping-Spider-SUV-5-58x90.jpg 58w\" sizes=\"(max-width: 661px) 100vw, 661px\" \/><figcaption id=\"caption-attachment-32912\" class=\"wp-caption-text\">Sembo 704951 Incarnation Jumping Spider SUV v\u1edbi 1182 m\u1ea3nh gh\u00e9p<\/figcaption><\/figure>\n<figure id=\"attachment_32911\" aria-describedby=\"caption-attachment-32911\" style=\"width: 472px\" class=\"wp-caption aligncenter\"><img loading=\"lazy\" decoding=\"async\" class=\"wp-image-32911 size-full\" src=\"https:\/\/mouldking.store\/wp-content\/uploads\/2022\/10\/Military-Sembo-704951-Incarnation-Jumping-Spider-SUV-4.jpg\" alt=\"Sembo 704951 Incarnation Jumping Spider SUV with 1182 Pieces\" width=\"472\" height=\"1024\" title=\"-\" srcset=\"https:\/\/mouldking.store\/wp-content\/uploads\/2022\/10\/Military-Sembo-704951-Incarnation-Jumping-Spider-SUV-4.jpg 472w, https:\/\/mouldking.store\/wp-content\/uploads\/2022\/10\/Military-Sembo-704951-Incarnation-Jumping-Spider-SUV-4-138x300.jpg 138w, https:\/\/mouldking.store\/wp-content\/uploads\/2022\/10\/Military-Sembo-704951-Incarnation-Jumping-Spider-SUV-4-300x651.jpg 300w, https:\/\/mouldking.store\/wp-content\/uploads\/2022\/10\/Military-Sembo-704951-Incarnation-Jumping-Spider-SUV-4-69x150.jpg 69w, https:\/\/mouldking.store\/wp-content\/uploads\/2022\/10\/Military-Sembo-704951-Incarnation-Jumping-Spider-SUV-4-28x60.jpg 28w, https:\/\/mouldking.store\/wp-content\/uploads\/2022\/10\/Military-Sembo-704951-Incarnation-Jumping-Spider-SUV-4-41x90.jpg 41w\" sizes=\"(max-width: 472px) 100vw, 472px\" \/><figcaption id=\"caption-attachment-32911\" class=\"wp-caption-text\">Sembo 704951 Incarnation Jumping Spider SUV v\u1edbi 1182 m\u1ea3nh gh\u00e9p<\/figcaption><\/figure>\n<figure id=\"attachment_32910\" aria-describedby=\"caption-attachment-32910\" style=\"width: 800px\" class=\"wp-caption aligncenter\"><img loading=\"lazy\" decoding=\"async\" class=\"wp-image-32910 size-full\" src=\"https:\/\/mouldking.store\/wp-content\/uploads\/2022\/10\/Military-Sembo-704951-Incarnation-Jumping-Spider-SUV-3.jpg\" alt=\"Sembo 704951 Incarnation Jumping Spider SUV with 1182 Pieces\" width=\"800\" height=\"800\" title=\"-\" srcset=\"https:\/\/mouldking.store\/wp-content\/uploads\/2022\/10\/Military-Sembo-704951-Incarnation-Jumping-Spider-SUV-3.jpg 800w, https:\/\/mouldking.store\/wp-content\/uploads\/2022\/10\/Military-Sembo-704951-Incarnation-Jumping-Spider-SUV-3-300x300.jpg 300w, https:\/\/mouldking.store\/wp-content\/uploads\/2022\/10\/Military-Sembo-704951-Incarnation-Jumping-Spider-SUV-3-768x768.jpg 768w, https:\/\/mouldking.store\/wp-content\/uploads\/2022\/10\/Military-Sembo-704951-Incarnation-Jumping-Spider-SUV-3-600x600.jpg 600w, https:\/\/mouldking.store\/wp-content\/uploads\/2022\/10\/Military-Sembo-704951-Incarnation-Jumping-Spider-SUV-3-150x150.jpg 150w, https:\/\/mouldking.store\/wp-content\/uploads\/2022\/10\/Military-Sembo-704951-Incarnation-Jumping-Spider-SUV-3-60x60.jpg 60w, https:\/\/mouldking.store\/wp-content\/uploads\/2022\/10\/Military-Sembo-704951-Incarnation-Jumping-Spider-SUV-3-90x90.jpg 90w\" sizes=\"(max-width: 800px) 100vw, 800px\" \/><figcaption id=\"caption-attachment-32910\" class=\"wp-caption-text\">Sembo 704951 Incarnation Jumping Spider SUV v\u1edbi 1182 m\u1ea3nh gh\u00e9p<\/figcaption><\/figure>\n<figure id=\"attachment_32909\" aria-describedby=\"caption-attachment-32909\" style=\"width: 788px\" class=\"wp-caption aligncenter\"><img loading=\"lazy\" decoding=\"async\" class=\"wp-image-32909 size-full\" src=\"https:\/\/mouldking.store\/wp-content\/uploads\/2022\/10\/Military-Sembo-704951-Incarnation-Jumping-Spider-SUV-2.jpg\" alt=\"Sembo 704951 Incarnation Jumping Spider SUV with 1182 Pieces\" width=\"788\" height=\"860\" title=\"-\" srcset=\"https:\/\/mouldking.store\/wp-content\/uploads\/2022\/10\/Military-Sembo-704951-Incarnation-Jumping-Spider-SUV-2.jpg 788w, https:\/\/mouldking.store\/wp-content\/uploads\/2022\/10\/Military-Sembo-704951-Incarnation-Jumping-Spider-SUV-2-275x300.jpg 275w, https:\/\/mouldking.store\/wp-content\/uploads\/2022\/10\/Military-Sembo-704951-Incarnation-Jumping-Spider-SUV-2-768x838.jpg 768w, https:\/\/mouldking.store\/wp-content\/uploads\/2022\/10\/Military-Sembo-704951-Incarnation-Jumping-Spider-SUV-2-300x327.jpg 300w, https:\/\/mouldking.store\/wp-content\/uploads\/2022\/10\/Military-Sembo-704951-Incarnation-Jumping-Spider-SUV-2-600x655.jpg 600w, https:\/\/mouldking.store\/wp-content\/uploads\/2022\/10\/Military-Sembo-704951-Incarnation-Jumping-Spider-SUV-2-137x150.jpg 137w, https:\/\/mouldking.store\/wp-content\/uploads\/2022\/10\/Military-Sembo-704951-Incarnation-Jumping-Spider-SUV-2-55x60.jpg 55w, https:\/\/mouldking.store\/wp-content\/uploads\/2022\/10\/Military-Sembo-704951-Incarnation-Jumping-Spider-SUV-2-82x90.jpg 82w\" sizes=\"(max-width: 788px) 100vw, 788px\" \/><figcaption id=\"caption-attachment-32909\" class=\"wp-caption-text\">Sembo 704951 Incarnation Jumping Spider SUV v\u1edbi 1182 m\u1ea3nh gh\u00e9p<\/figcaption><\/figure>","protected":false},"excerpt":{"rendered":"<p>Product information: Brand: Sembo Gender: Unisex Name: Incarnation Jumping Spider SUV Age Range: &gt; 6 years old Model Number: 704951 Classification: Assemblage Plastic Block Shape: Self-Locking Bricks Material: Plastic Plastic Type: ABS Bricks Blocks: 1182 PCS Contains detailed assembly instructions. Notice: 1. Without an original box, but we guarantee our products have quality assurance and [&hellip;]<\/p>","protected":false},"featured_media":32908,"comment_status":"closed","ping_status":"closed","template":"","meta":{"_acf_changed":false},"product_cat":[372],"product_tag":[6034,6033,6032,6031],"class_list":["product","first","instock","shipping-taxable","purchasable","product-type-variable"],"acf":[],"_links":{"self":[{"href":"https:\/\/mouldking.store\/vi\/wp-json\/wp\/v2\/product\/32907","targetHints":{"allow":["GET"]}}],"collection":[{"href":"https:\/\/mouldking.store\/vi\/wp-json\/wp\/v2\/product"}],"about":[{"href":"https:\/\/mouldking.store\/vi\/wp-json\/wp\/v2\/types\/product"}],"replies":[{"embeddable":true,"href":"https:\/\/mouldking.store\/vi\/wp-json\/wp\/v2\/comments?post=32907"}],"wp:featuredmedia":[{"embeddable":true,"href":"https:\/\/mouldking.store\/vi\/wp-json\/wp\/v2\/media\/32908"}],"wp:attachment":[{"href":"https:\/\/mouldking.store\/vi\/wp-json\/wp\/v2\/media?parent=32907"}],"wp:term":[{"taxonomy":"product_cat","embeddable":true,"href":"https:\/\/mouldking.store\/vi\/wp-json\/wp\/v2\/product_cat?post=32907"},{"taxonomy":"product_tag","embeddable":true,"href":"https:\/\/mouldking.store\/vi\/wp-json\/wp\/v2\/product_tag?post=32907"}],"curies":[{"name":"wp","href":"https:\/\/api.w.org\/{rel}","templated":true}]}}