{"id":32949,"date":"2022-10-11T11:00:27","date_gmt":"2022-10-11T04:00:27","guid":{"rendered":"https:\/\/mouldking.store\/?post_type=product&#038;p=32949"},"modified":"2022-10-11T11:00:27","modified_gmt":"2022-10-11T04:00:27","slug":"mork-031013-the-flying-dutchman-with-3658-pieces","status":"publish","type":"product","link":"https:\/\/mouldking.store\/vi\/shop\/mork-031013-the-flying-dutchman-with-3658-pieces\/","title":{"rendered":"Mork 031013 The Flying Dutchman with 3658 Pieces"},"content":{"rendered":"<p>Th\u00f4ng tin s\u1ea3n ph\u1ea9m:<\/p>\n<ol>\n<li>Th\u01b0\u01a1ng hi\u1ec7u: Morks<\/li>\n<li>Gi\u1edbi t\u00ednh: Unisex<\/li>\n<li>T\u00ean: Ng\u01b0\u1eddi H\u00e0 Lan bay<\/li>\n<li>\u0110\u1ed9 tu\u1ed5i: &gt; 6 tu\u1ed5i<\/li>\n<li>S\u1ed1 m\u00f4 h\u00ecnh: 031013<\/li>\n<li>Ph\u00e2n lo\u1ea1i: T\u1eadp h\u1ee3p<\/li>\n<li>H\u00ecnh d\u1ea1ng kh\u1ed1i nh\u1ef1a: G\u1ea1ch t\u1ef1 kh\u00f3a<\/li>\n<li>Ch\u1ea5t li\u1ec7u: Nh\u1ef1a<\/li>\n<li>Lo\u1ea1i nh\u1ef1a: ABS<\/li>\n<li>Kh\u1ed1i g\u1ea1ch: 3658 C\u00c1I<\/li>\n<li>Ch\u1ee9a h\u01b0\u1edbng d\u1eabn l\u1eafp r\u00e1p chi ti\u1ebft.<\/li>\n<\/ol>\n<p>\u0110\u1ec3 \u00fd:<br \/>\n1. Kh\u00f4ng c\u00f3 h\u1ed9p ban \u0111\u1ea7u, nh\u01b0ng ch\u00fang t\u00f4i \u0111\u1ea3m b\u1ea3o s\u1ea3n ph\u1ea9m c\u1ee7a ch\u00fang t\u00f4i c\u00f3 ch\u1ea5t l\u01b0\u1ee3ng \u0111\u1ea3m b\u1ea3o v\u00e0 bao b\u00ec \u0111\u1eb9p.<br \/>\n2. V\u00ec t\u1ea5t c\u1ea3 c\u00e1c b\u1ed9 ph\u1eadn ch\u00fang t\u00f4i \u0111\u00e3 ki\u1ec3m tra tr\u01b0\u1edbc khi v\u1eadn chuy\u1ec3n, v\u00ec v\u1eady n\u1ebfu b\u1ea1n th\u1ea5y m\u1ed9t s\u1ed1 b\u1ed9 ph\u1eadn b\u1ecb thi\u1ebfu ho\u1eb7c h\u01b0 h\u1ecfng, \u0111\u1eebng lo l\u1eafng v\u00e0 ch\u1ec9 c\u1ea7n vui l\u00f2ng li\u00ean h\u1ec7 v\u1edbi ch\u00fang t\u00f4i v\u00e0 ch\u00fang t\u00f4i c\u00f3 th\u1ec3 g\u1eedi l\u1ea1i mi\u1ec5n ph\u00ed cho b\u1ea1n ngay l\u1eadp t\u1ee9c.<\/p>\n<p>&nbsp;<\/p>\n<figure id=\"attachment_32961\" aria-describedby=\"caption-attachment-32961\" style=\"width: 707px\" class=\"wp-caption aligncenter\"><img fetchpriority=\"high\" decoding=\"async\" class=\"wp-image-32961 size-full\" src=\"https:\/\/mouldking.store\/wp-content\/uploads\/2022\/10\/Creator-Mork-031013-The-Flying-Dutchman-12.jpg\" alt=\"Mork 031013 The Flying Dutchman with 3658 Pieces\" width=\"707\" height=\"1024\" title=\"-\" srcset=\"https:\/\/mouldking.store\/wp-content\/uploads\/2022\/10\/Creator-Mork-031013-The-Flying-Dutchman-12.jpg 707w, https:\/\/mouldking.store\/wp-content\/uploads\/2022\/10\/Creator-Mork-031013-The-Flying-Dutchman-12-207x300.jpg 207w, https:\/\/mouldking.store\/wp-content\/uploads\/2022\/10\/Creator-Mork-031013-The-Flying-Dutchman-12-300x435.jpg 300w, https:\/\/mouldking.store\/wp-content\/uploads\/2022\/10\/Creator-Mork-031013-The-Flying-Dutchman-12-600x869.jpg 600w, https:\/\/mouldking.store\/wp-content\/uploads\/2022\/10\/Creator-Mork-031013-The-Flying-Dutchman-12-104x150.jpg 104w, https:\/\/mouldking.store\/wp-content\/uploads\/2022\/10\/Creator-Mork-031013-The-Flying-Dutchman-12-41x60.jpg 41w, https:\/\/mouldking.store\/wp-content\/uploads\/2022\/10\/Creator-Mork-031013-The-Flying-Dutchman-12-62x90.jpg 62w\" sizes=\"(max-width: 707px) 100vw, 707px\" \/><figcaption id=\"caption-attachment-32961\" class=\"wp-caption-text\">Mork 031013 The Flying Dutchman with 3658 Pieces<\/figcaption><\/figure>\n<figure id=\"attachment_32950\" aria-describedby=\"caption-attachment-32950\" style=\"width: 800px\" class=\"wp-caption aligncenter\"><img decoding=\"async\" class=\"wp-image-32950 size-full\" src=\"https:\/\/mouldking.store\/wp-content\/uploads\/2022\/10\/Creator-Mork-031013-The-Flying-Dutchman-1.jpg\" alt=\"Mork 031013 The Flying Dutchman with 3658 Pieces\" width=\"800\" height=\"800\" title=\"-\" srcset=\"https:\/\/mouldking.store\/wp-content\/uploads\/2022\/10\/Creator-Mork-031013-The-Flying-Dutchman-1.jpg 800w, https:\/\/mouldking.store\/wp-content\/uploads\/2022\/10\/Creator-Mork-031013-The-Flying-Dutchman-1-300x300.jpg 300w, https:\/\/mouldking.store\/wp-content\/uploads\/2022\/10\/Creator-Mork-031013-The-Flying-Dutchman-1-768x768.jpg 768w, https:\/\/mouldking.store\/wp-content\/uploads\/2022\/10\/Creator-Mork-031013-The-Flying-Dutchman-1-600x600.jpg 600w, https:\/\/mouldking.store\/wp-content\/uploads\/2022\/10\/Creator-Mork-031013-The-Flying-Dutchman-1-150x150.jpg 150w, https:\/\/mouldking.store\/wp-content\/uploads\/2022\/10\/Creator-Mork-031013-The-Flying-Dutchman-1-60x60.jpg 60w, https:\/\/mouldking.store\/wp-content\/uploads\/2022\/10\/Creator-Mork-031013-The-Flying-Dutchman-1-90x90.jpg 90w\" sizes=\"(max-width: 800px) 100vw, 800px\" \/><figcaption id=\"caption-attachment-32950\" class=\"wp-caption-text\">Mork 031013 The Flying Dutchman with 3658 Pieces<\/figcaption><\/figure>\n<figure id=\"attachment_32958\" aria-describedby=\"caption-attachment-32958\" style=\"width: 665px\" class=\"wp-caption aligncenter\"><img decoding=\"async\" class=\"wp-image-32958 size-full\" src=\"https:\/\/mouldking.store\/wp-content\/uploads\/2022\/10\/Creator-Mork-031013-The-Flying-Dutchman-9.jpg\" alt=\"Mork 031013 The Flying Dutchman with 3658 Pieces\" width=\"665\" height=\"1024\" title=\"-\" srcset=\"https:\/\/mouldking.store\/wp-content\/uploads\/2022\/10\/Creator-Mork-031013-The-Flying-Dutchman-9.jpg 665w, https:\/\/mouldking.store\/wp-content\/uploads\/2022\/10\/Creator-Mork-031013-The-Flying-Dutchman-9-195x300.jpg 195w, https:\/\/mouldking.store\/wp-content\/uploads\/2022\/10\/Creator-Mork-031013-The-Flying-Dutchman-9-300x462.jpg 300w, https:\/\/mouldking.store\/wp-content\/uploads\/2022\/10\/Creator-Mork-031013-The-Flying-Dutchman-9-600x924.jpg 600w, https:\/\/mouldking.store\/wp-content\/uploads\/2022\/10\/Creator-Mork-031013-The-Flying-Dutchman-9-97x150.jpg 97w, https:\/\/mouldking.store\/wp-content\/uploads\/2022\/10\/Creator-Mork-031013-The-Flying-Dutchman-9-39x60.jpg 39w, https:\/\/mouldking.store\/wp-content\/uploads\/2022\/10\/Creator-Mork-031013-The-Flying-Dutchman-9-58x90.jpg 58w\" sizes=\"(max-width: 665px) 100vw, 665px\" \/><figcaption id=\"caption-attachment-32958\" class=\"wp-caption-text\">Mork 031013 The Flying Dutchman with 3658 Pieces<\/figcaption><\/figure>\n<figure id=\"attachment_32959\" aria-describedby=\"caption-attachment-32959\" style=\"width: 645px\" class=\"wp-caption aligncenter\"><img loading=\"lazy\" decoding=\"async\" class=\"wp-image-32959 size-full\" src=\"https:\/\/mouldking.store\/wp-content\/uploads\/2022\/10\/Creator-Mork-031013-The-Flying-Dutchman-10.jpg\" alt=\"Mork 031013 The Flying Dutchman with 3658 Pieces\" width=\"645\" height=\"1024\" title=\"-\" srcset=\"https:\/\/mouldking.store\/wp-content\/uploads\/2022\/10\/Creator-Mork-031013-The-Flying-Dutchman-10.jpg 645w, https:\/\/mouldking.store\/wp-content\/uploads\/2022\/10\/Creator-Mork-031013-The-Flying-Dutchman-10-189x300.jpg 189w, https:\/\/mouldking.store\/wp-content\/uploads\/2022\/10\/Creator-Mork-031013-The-Flying-Dutchman-10-300x476.jpg 300w, https:\/\/mouldking.store\/wp-content\/uploads\/2022\/10\/Creator-Mork-031013-The-Flying-Dutchman-10-600x953.jpg 600w, https:\/\/mouldking.store\/wp-content\/uploads\/2022\/10\/Creator-Mork-031013-The-Flying-Dutchman-10-94x150.jpg 94w, https:\/\/mouldking.store\/wp-content\/uploads\/2022\/10\/Creator-Mork-031013-The-Flying-Dutchman-10-38x60.jpg 38w, https:\/\/mouldking.store\/wp-content\/uploads\/2022\/10\/Creator-Mork-031013-The-Flying-Dutchman-10-57x90.jpg 57w\" sizes=\"(max-width: 645px) 100vw, 645px\" \/><figcaption id=\"caption-attachment-32959\" class=\"wp-caption-text\">Mork 031013 The Flying Dutchman with 3658 Pieces<\/figcaption><\/figure>\n<figure id=\"attachment_32956\" aria-describedby=\"caption-attachment-32956\" style=\"width: 873px\" class=\"wp-caption aligncenter\"><img loading=\"lazy\" decoding=\"async\" class=\"wp-image-32956 size-full\" src=\"https:\/\/mouldking.store\/wp-content\/uploads\/2022\/10\/Creator-Mork-031013-The-Flying-Dutchman-7.jpg\" alt=\"Mork 031013 The Flying Dutchman with 3658 Pieces\" width=\"873\" height=\"1024\" title=\"-\" srcset=\"https:\/\/mouldking.store\/wp-content\/uploads\/2022\/10\/Creator-Mork-031013-The-Flying-Dutchman-7.jpg 873w, https:\/\/mouldking.store\/wp-content\/uploads\/2022\/10\/Creator-Mork-031013-The-Flying-Dutchman-7-256x300.jpg 256w, https:\/\/mouldking.store\/wp-content\/uploads\/2022\/10\/Creator-Mork-031013-The-Flying-Dutchman-7-768x901.jpg 768w, https:\/\/mouldking.store\/wp-content\/uploads\/2022\/10\/Creator-Mork-031013-The-Flying-Dutchman-7-300x352.jpg 300w, https:\/\/mouldking.store\/wp-content\/uploads\/2022\/10\/Creator-Mork-031013-The-Flying-Dutchman-7-600x704.jpg 600w, https:\/\/mouldking.store\/wp-content\/uploads\/2022\/10\/Creator-Mork-031013-The-Flying-Dutchman-7-128x150.jpg 128w, https:\/\/mouldking.store\/wp-content\/uploads\/2022\/10\/Creator-Mork-031013-The-Flying-Dutchman-7-51x60.jpg 51w, https:\/\/mouldking.store\/wp-content\/uploads\/2022\/10\/Creator-Mork-031013-The-Flying-Dutchman-7-77x90.jpg 77w\" sizes=\"(max-width: 873px) 100vw, 873px\" \/><figcaption id=\"caption-attachment-32956\" class=\"wp-caption-text\">Mork 031013 The Flying Dutchman with 3658 Pieces<\/figcaption><\/figure>\n<figure id=\"attachment_32957\" aria-describedby=\"caption-attachment-32957\" style=\"width: 697px\" class=\"wp-caption aligncenter\"><img loading=\"lazy\" decoding=\"async\" class=\"wp-image-32957 size-full\" src=\"https:\/\/mouldking.store\/wp-content\/uploads\/2022\/10\/Creator-Mork-031013-The-Flying-Dutchman-8.jpg\" alt=\"Mork 031013 The Flying Dutchman with 3658 Pieces\" width=\"697\" height=\"1024\" title=\"-\" srcset=\"https:\/\/mouldking.store\/wp-content\/uploads\/2022\/10\/Creator-Mork-031013-The-Flying-Dutchman-8.jpg 697w, https:\/\/mouldking.store\/wp-content\/uploads\/2022\/10\/Creator-Mork-031013-The-Flying-Dutchman-8-204x300.jpg 204w, https:\/\/mouldking.store\/wp-content\/uploads\/2022\/10\/Creator-Mork-031013-The-Flying-Dutchman-8-300x441.jpg 300w, https:\/\/mouldking.store\/wp-content\/uploads\/2022\/10\/Creator-Mork-031013-The-Flying-Dutchman-8-600x881.jpg 600w, https:\/\/mouldking.store\/wp-content\/uploads\/2022\/10\/Creator-Mork-031013-The-Flying-Dutchman-8-102x150.jpg 102w, https:\/\/mouldking.store\/wp-content\/uploads\/2022\/10\/Creator-Mork-031013-The-Flying-Dutchman-8-41x60.jpg 41w, https:\/\/mouldking.store\/wp-content\/uploads\/2022\/10\/Creator-Mork-031013-The-Flying-Dutchman-8-61x90.jpg 61w\" sizes=\"(max-width: 697px) 100vw, 697px\" \/><figcaption id=\"caption-attachment-32957\" class=\"wp-caption-text\">Mork 031013 The Flying Dutchman with 3658 Pieces<\/figcaption><\/figure>\n<figure id=\"attachment_32955\" aria-describedby=\"caption-attachment-32955\" style=\"width: 661px\" class=\"wp-caption aligncenter\"><img loading=\"lazy\" decoding=\"async\" class=\"wp-image-32955 size-full\" src=\"https:\/\/mouldking.store\/wp-content\/uploads\/2022\/10\/Creator-Mork-031013-The-Flying-Dutchman-6.jpg\" alt=\"Mork 031013 The Flying Dutchman with 3658 Pieces\" width=\"661\" height=\"1024\" title=\"-\" srcset=\"https:\/\/mouldking.store\/wp-content\/uploads\/2022\/10\/Creator-Mork-031013-The-Flying-Dutchman-6.jpg 661w, https:\/\/mouldking.store\/wp-content\/uploads\/2022\/10\/Creator-Mork-031013-The-Flying-Dutchman-6-194x300.jpg 194w, https:\/\/mouldking.store\/wp-content\/uploads\/2022\/10\/Creator-Mork-031013-The-Flying-Dutchman-6-300x465.jpg 300w, https:\/\/mouldking.store\/wp-content\/uploads\/2022\/10\/Creator-Mork-031013-The-Flying-Dutchman-6-600x930.jpg 600w, https:\/\/mouldking.store\/wp-content\/uploads\/2022\/10\/Creator-Mork-031013-The-Flying-Dutchman-6-97x150.jpg 97w, https:\/\/mouldking.store\/wp-content\/uploads\/2022\/10\/Creator-Mork-031013-The-Flying-Dutchman-6-39x60.jpg 39w, https:\/\/mouldking.store\/wp-content\/uploads\/2022\/10\/Creator-Mork-031013-The-Flying-Dutchman-6-58x90.jpg 58w\" sizes=\"(max-width: 661px) 100vw, 661px\" \/><figcaption id=\"caption-attachment-32955\" class=\"wp-caption-text\">Mork 031013 The Flying Dutchman with 3658 Pieces<\/figcaption><\/figure>\n<figure id=\"attachment_32954\" aria-describedby=\"caption-attachment-32954\" style=\"width: 904px\" class=\"wp-caption aligncenter\"><img loading=\"lazy\" decoding=\"async\" class=\"wp-image-32954 size-full\" src=\"https:\/\/mouldking.store\/wp-content\/uploads\/2022\/10\/Creator-Mork-031013-The-Flying-Dutchman-5.jpg\" alt=\"Mork 031013 The Flying Dutchman with 3658 Pieces\" width=\"904\" height=\"1024\" title=\"-\" srcset=\"https:\/\/mouldking.store\/wp-content\/uploads\/2022\/10\/Creator-Mork-031013-The-Flying-Dutchman-5.jpg 904w, https:\/\/mouldking.store\/wp-content\/uploads\/2022\/10\/Creator-Mork-031013-The-Flying-Dutchman-5-265x300.jpg 265w, https:\/\/mouldking.store\/wp-content\/uploads\/2022\/10\/Creator-Mork-031013-The-Flying-Dutchman-5-768x870.jpg 768w, https:\/\/mouldking.store\/wp-content\/uploads\/2022\/10\/Creator-Mork-031013-The-Flying-Dutchman-5-300x340.jpg 300w, https:\/\/mouldking.store\/wp-content\/uploads\/2022\/10\/Creator-Mork-031013-The-Flying-Dutchman-5-600x680.jpg 600w, https:\/\/mouldking.store\/wp-content\/uploads\/2022\/10\/Creator-Mork-031013-The-Flying-Dutchman-5-132x150.jpg 132w, https:\/\/mouldking.store\/wp-content\/uploads\/2022\/10\/Creator-Mork-031013-The-Flying-Dutchman-5-53x60.jpg 53w, https:\/\/mouldking.store\/wp-content\/uploads\/2022\/10\/Creator-Mork-031013-The-Flying-Dutchman-5-79x90.jpg 79w\" sizes=\"(max-width: 904px) 100vw, 904px\" \/><figcaption id=\"caption-attachment-32954\" class=\"wp-caption-text\">Mork 031013 The Flying Dutchman with 3658 Pieces<\/figcaption><\/figure>\n<figure id=\"attachment_32953\" aria-describedby=\"caption-attachment-32953\" style=\"width: 700px\" class=\"wp-caption aligncenter\"><img loading=\"lazy\" decoding=\"async\" class=\"wp-image-32953 size-full\" src=\"https:\/\/mouldking.store\/wp-content\/uploads\/2022\/10\/Creator-Mork-031013-The-Flying-Dutchman-4.jpg\" alt=\"Mork 031013 The Flying Dutchman with 3658 Pieces\" width=\"700\" height=\"1024\" title=\"-\" srcset=\"https:\/\/mouldking.store\/wp-content\/uploads\/2022\/10\/Creator-Mork-031013-The-Flying-Dutchman-4.jpg 700w, https:\/\/mouldking.store\/wp-content\/uploads\/2022\/10\/Creator-Mork-031013-The-Flying-Dutchman-4-205x300.jpg 205w, https:\/\/mouldking.store\/wp-content\/uploads\/2022\/10\/Creator-Mork-031013-The-Flying-Dutchman-4-300x439.jpg 300w, https:\/\/mouldking.store\/wp-content\/uploads\/2022\/10\/Creator-Mork-031013-The-Flying-Dutchman-4-600x878.jpg 600w, https:\/\/mouldking.store\/wp-content\/uploads\/2022\/10\/Creator-Mork-031013-The-Flying-Dutchman-4-103x150.jpg 103w, https:\/\/mouldking.store\/wp-content\/uploads\/2022\/10\/Creator-Mork-031013-The-Flying-Dutchman-4-41x60.jpg 41w, https:\/\/mouldking.store\/wp-content\/uploads\/2022\/10\/Creator-Mork-031013-The-Flying-Dutchman-4-62x90.jpg 62w\" sizes=\"(max-width: 700px) 100vw, 700px\" \/><figcaption id=\"caption-attachment-32953\" class=\"wp-caption-text\">Mork 031013 The Flying Dutchman with 3658 Pieces<\/figcaption><\/figure>\n<figure id=\"attachment_32952\" aria-describedby=\"caption-attachment-32952\" style=\"width: 788px\" class=\"wp-caption aligncenter\"><img loading=\"lazy\" decoding=\"async\" class=\"wp-image-32952 size-full\" src=\"https:\/\/mouldking.store\/wp-content\/uploads\/2022\/10\/Creator-Mork-031013-The-Flying-Dutchman-3.jpg\" alt=\"Mork 031013 The Flying Dutchman with 3658 Pieces\" width=\"788\" height=\"872\" title=\"-\" srcset=\"https:\/\/mouldking.store\/wp-content\/uploads\/2022\/10\/Creator-Mork-031013-The-Flying-Dutchman-3.jpg 788w, https:\/\/mouldking.store\/wp-content\/uploads\/2022\/10\/Creator-Mork-031013-The-Flying-Dutchman-3-271x300.jpg 271w, https:\/\/mouldking.store\/wp-content\/uploads\/2022\/10\/Creator-Mork-031013-The-Flying-Dutchman-3-768x850.jpg 768w, https:\/\/mouldking.store\/wp-content\/uploads\/2022\/10\/Creator-Mork-031013-The-Flying-Dutchman-3-300x332.jpg 300w, https:\/\/mouldking.store\/wp-content\/uploads\/2022\/10\/Creator-Mork-031013-The-Flying-Dutchman-3-600x664.jpg 600w, https:\/\/mouldking.store\/wp-content\/uploads\/2022\/10\/Creator-Mork-031013-The-Flying-Dutchman-3-136x150.jpg 136w, https:\/\/mouldking.store\/wp-content\/uploads\/2022\/10\/Creator-Mork-031013-The-Flying-Dutchman-3-54x60.jpg 54w, https:\/\/mouldking.store\/wp-content\/uploads\/2022\/10\/Creator-Mork-031013-The-Flying-Dutchman-3-81x90.jpg 81w\" sizes=\"(max-width: 788px) 100vw, 788px\" \/><figcaption id=\"caption-attachment-32952\" class=\"wp-caption-text\">Mork 031013 The Flying Dutchman with 3658 Pieces<\/figcaption><\/figure>\n<figure id=\"attachment_32951\" aria-describedby=\"caption-attachment-32951\" style=\"width: 857px\" class=\"wp-caption aligncenter\"><img loading=\"lazy\" decoding=\"async\" class=\"wp-image-32951 size-full\" src=\"https:\/\/mouldking.store\/wp-content\/uploads\/2022\/10\/Creator-Mork-031013-The-Flying-Dutchman-2.jpg\" alt=\"Mork 031013 The Flying Dutchman with 3658 Pieces\" width=\"857\" height=\"1024\" title=\"-\" srcset=\"https:\/\/mouldking.store\/wp-content\/uploads\/2022\/10\/Creator-Mork-031013-The-Flying-Dutchman-2.jpg 857w, https:\/\/mouldking.store\/wp-content\/uploads\/2022\/10\/Creator-Mork-031013-The-Flying-Dutchman-2-251x300.jpg 251w, https:\/\/mouldking.store\/wp-content\/uploads\/2022\/10\/Creator-Mork-031013-The-Flying-Dutchman-2-768x918.jpg 768w, https:\/\/mouldking.store\/wp-content\/uploads\/2022\/10\/Creator-Mork-031013-The-Flying-Dutchman-2-300x358.jpg 300w, https:\/\/mouldking.store\/wp-content\/uploads\/2022\/10\/Creator-Mork-031013-The-Flying-Dutchman-2-600x717.jpg 600w, https:\/\/mouldking.store\/wp-content\/uploads\/2022\/10\/Creator-Mork-031013-The-Flying-Dutchman-2-126x150.jpg 126w, https:\/\/mouldking.store\/wp-content\/uploads\/2022\/10\/Creator-Mork-031013-The-Flying-Dutchman-2-50x60.jpg 50w, https:\/\/mouldking.store\/wp-content\/uploads\/2022\/10\/Creator-Mork-031013-The-Flying-Dutchman-2-75x90.jpg 75w\" sizes=\"(max-width: 857px) 100vw, 857px\" \/><figcaption id=\"caption-attachment-32951\" class=\"wp-caption-text\">Mork 031013 The Flying Dutchman with 3658 Pieces<\/figcaption><\/figure>\n<figure id=\"attachment_32960\" aria-describedby=\"caption-attachment-32960\" style=\"width: 691px\" class=\"wp-caption aligncenter\"><img loading=\"lazy\" decoding=\"async\" class=\"wp-image-32960 size-full\" src=\"https:\/\/mouldking.store\/wp-content\/uploads\/2022\/10\/Creator-Mork-031013-The-Flying-Dutchman-11.jpg\" alt=\"Mork 031013 The Flying Dutchman with 3658 Pieces\" width=\"691\" height=\"1024\" title=\"-\" srcset=\"https:\/\/mouldking.store\/wp-content\/uploads\/2022\/10\/Creator-Mork-031013-The-Flying-Dutchman-11.jpg 691w, https:\/\/mouldking.store\/wp-content\/uploads\/2022\/10\/Creator-Mork-031013-The-Flying-Dutchman-11-202x300.jpg 202w, https:\/\/mouldking.store\/wp-content\/uploads\/2022\/10\/Creator-Mork-031013-The-Flying-Dutchman-11-300x445.jpg 300w, https:\/\/mouldking.store\/wp-content\/uploads\/2022\/10\/Creator-Mork-031013-The-Flying-Dutchman-11-600x889.jpg 600w, https:\/\/mouldking.store\/wp-content\/uploads\/2022\/10\/Creator-Mork-031013-The-Flying-Dutchman-11-101x150.jpg 101w, https:\/\/mouldking.store\/wp-content\/uploads\/2022\/10\/Creator-Mork-031013-The-Flying-Dutchman-11-40x60.jpg 40w, https:\/\/mouldking.store\/wp-content\/uploads\/2022\/10\/Creator-Mork-031013-The-Flying-Dutchman-11-61x90.jpg 61w\" sizes=\"(max-width: 691px) 100vw, 691px\" \/><figcaption id=\"caption-attachment-32960\" class=\"wp-caption-text\">Mork 031013 The Flying Dutchman with 3658 Pieces<\/figcaption><\/figure>\n<p>&nbsp;<\/p>","protected":false},"excerpt":{"rendered":"<p>Product information: Brand: Mork Gender: Unisex Name: The Flying Dutchman Age Range: &gt; 6 years old Model Number: 031013 Classification: Assemblage Plastic Block Shape: Self-Locking Bricks Material: Plastic Plastic Type: ABS Bricks Blocks: 3658 PCS Contains detailed assembly instructions. Notice: 1. Without an original box, but we guarantee our products have quality assurance and nice [&hellip;]<\/p>","protected":false},"featured_media":32950,"comment_status":"closed","ping_status":"closed","template":"","meta":{"_acf_changed":false},"product_cat":[371],"product_tag":[6043,6042,6041,1024],"class_list":["product","first","instock","shipping-taxable","purchasable","product-type-simple"],"acf":[],"_links":{"self":[{"href":"https:\/\/mouldking.store\/vi\/wp-json\/wp\/v2\/product\/32949","targetHints":{"allow":["GET"]}}],"collection":[{"href":"https:\/\/mouldking.store\/vi\/wp-json\/wp\/v2\/product"}],"about":[{"href":"https:\/\/mouldking.store\/vi\/wp-json\/wp\/v2\/types\/product"}],"replies":[{"embeddable":true,"href":"https:\/\/mouldking.store\/vi\/wp-json\/wp\/v2\/comments?post=32949"}],"wp:featuredmedia":[{"embeddable":true,"href":"https:\/\/mouldking.store\/vi\/wp-json\/wp\/v2\/media\/32950"}],"wp:attachment":[{"href":"https:\/\/mouldking.store\/vi\/wp-json\/wp\/v2\/media?parent=32949"}],"wp:term":[{"taxonomy":"product_cat","embeddable":true,"href":"https:\/\/mouldking.store\/vi\/wp-json\/wp\/v2\/product_cat?post=32949"},{"taxonomy":"product_tag","embeddable":true,"href":"https:\/\/mouldking.store\/vi\/wp-json\/wp\/v2\/product_tag?post=32949"}],"curies":[{"name":"wp","href":"https:\/\/api.w.org\/{rel}","templated":true}]}}