{"id":32986,"date":"2022-10-11T11:58:21","date_gmt":"2022-10-11T04:58:21","guid":{"rendered":"https:\/\/mouldking.store\/?post_type=product&#038;p=32986"},"modified":"2022-10-11T11:58:21","modified_gmt":"2022-10-11T04:58:21","slug":"wange-5235-united-states-capitol-with-1074-pieces","status":"publish","type":"product","link":"https:\/\/mouldking.store\/vi\/shop\/wange-5235-united-states-capitol-with-1074-pieces\/","title":{"rendered":"WANGE 5235 T\u00f2a nh\u00e0 Qu\u1ed1c h\u1ed9i Hoa K\u1ef3 v\u1edbi 1074 mi\u1ebfng"},"content":{"rendered":"<p>Th\u00f4ng tin s\u1ea3n ph\u1ea9m:<\/p>\n<ol>\n<li>Th\u01b0\u01a1ng hi\u1ec7u: WANGE<\/li>\n<li>Gi\u1edbi t\u00ednh: Unisex<\/li>\n<li>Name: United States Capitol<\/li>\n<li>\u0110\u1ed9 tu\u1ed5i: &gt; 6 tu\u1ed5i<\/li>\n<li>Model Number: 5235<\/li>\n<li>Ph\u00e2n lo\u1ea1i: T\u1eadp h\u1ee3p<\/li>\n<li>H\u00ecnh d\u1ea1ng kh\u1ed1i nh\u1ef1a: G\u1ea1ch t\u1ef1 kh\u00f3a<\/li>\n<li>Ch\u1ea5t li\u1ec7u: Nh\u1ef1a<\/li>\n<li>Lo\u1ea1i nh\u1ef1a: ABS<\/li>\n<li>Bricks Blocks: 1074 PCS<\/li>\n<li>Ch\u1ee9a h\u01b0\u1edbng d\u1eabn l\u1eafp r\u00e1p chi ti\u1ebft.<\/li>\n<\/ol>\n<p>\u0110\u1ec3 \u00fd:<br \/>\n1. Kh\u00f4ng c\u00f3 h\u1ed9p ban \u0111\u1ea7u, nh\u01b0ng ch\u00fang t\u00f4i \u0111\u1ea3m b\u1ea3o s\u1ea3n ph\u1ea9m c\u1ee7a ch\u00fang t\u00f4i c\u00f3 ch\u1ea5t l\u01b0\u1ee3ng \u0111\u1ea3m b\u1ea3o v\u00e0 bao b\u00ec \u0111\u1eb9p.<br \/>\n2. V\u00ec t\u1ea5t c\u1ea3 c\u00e1c b\u1ed9 ph\u1eadn ch\u00fang t\u00f4i \u0111\u00e3 ki\u1ec3m tra tr\u01b0\u1edbc khi v\u1eadn chuy\u1ec3n, v\u00ec v\u1eady n\u1ebfu b\u1ea1n th\u1ea5y m\u1ed9t s\u1ed1 b\u1ed9 ph\u1eadn b\u1ecb thi\u1ebfu ho\u1eb7c h\u01b0 h\u1ecfng, \u0111\u1eebng lo l\u1eafng v\u00e0 ch\u1ec9 c\u1ea7n vui l\u00f2ng li\u00ean h\u1ec7 v\u1edbi ch\u00fang t\u00f4i v\u00e0 ch\u00fang t\u00f4i c\u00f3 th\u1ec3 g\u1eedi l\u1ea1i mi\u1ec5n ph\u00ed cho b\u1ea1n ngay l\u1eadp t\u1ee9c.<\/p>\n<figure id=\"attachment_32987\" aria-describedby=\"caption-attachment-32987\" style=\"width: 800px\" class=\"wp-caption aligncenter\"><img fetchpriority=\"high\" decoding=\"async\" class=\"wp-image-32987 size-full\" src=\"https:\/\/mouldking.store\/wp-content\/uploads\/2022\/10\/Modular-Building-WANGE-5235-United-States-Capitol-1.jpg\" alt=\"WANGE 5235 United States Capitol with 1074 Pieces\" width=\"800\" height=\"800\" title=\"-\" srcset=\"https:\/\/mouldking.store\/wp-content\/uploads\/2022\/10\/Modular-Building-WANGE-5235-United-States-Capitol-1.jpg 800w, https:\/\/mouldking.store\/wp-content\/uploads\/2022\/10\/Modular-Building-WANGE-5235-United-States-Capitol-1-300x300.jpg 300w, https:\/\/mouldking.store\/wp-content\/uploads\/2022\/10\/Modular-Building-WANGE-5235-United-States-Capitol-1-768x768.jpg 768w, https:\/\/mouldking.store\/wp-content\/uploads\/2022\/10\/Modular-Building-WANGE-5235-United-States-Capitol-1-600x600.jpg 600w, https:\/\/mouldking.store\/wp-content\/uploads\/2022\/10\/Modular-Building-WANGE-5235-United-States-Capitol-1-150x150.jpg 150w, https:\/\/mouldking.store\/wp-content\/uploads\/2022\/10\/Modular-Building-WANGE-5235-United-States-Capitol-1-60x60.jpg 60w, https:\/\/mouldking.store\/wp-content\/uploads\/2022\/10\/Modular-Building-WANGE-5235-United-States-Capitol-1-90x90.jpg 90w\" sizes=\"(max-width: 800px) 100vw, 800px\" \/><figcaption id=\"caption-attachment-32987\" class=\"wp-caption-text\">WANGE 5235 T\u00f2a nh\u00e0 Qu\u1ed1c h\u1ed9i Hoa K\u1ef3 v\u1edbi 1074 mi\u1ebfng<\/figcaption><\/figure>\n<figure id=\"attachment_32999\" aria-describedby=\"caption-attachment-32999\" style=\"width: 760px\" class=\"wp-caption aligncenter\"><img decoding=\"async\" class=\"wp-image-32999 size-full\" src=\"https:\/\/mouldking.store\/wp-content\/uploads\/2022\/10\/Modular-Building-WANGE-5235-United-States-Capitol-13.jpg\" alt=\"WANGE 5235 United States Capitol with 1074 Pieces\" width=\"760\" height=\"1024\" title=\"-\" srcset=\"https:\/\/mouldking.store\/wp-content\/uploads\/2022\/10\/Modular-Building-WANGE-5235-United-States-Capitol-13.jpg 760w, https:\/\/mouldking.store\/wp-content\/uploads\/2022\/10\/Modular-Building-WANGE-5235-United-States-Capitol-13-223x300.jpg 223w, https:\/\/mouldking.store\/wp-content\/uploads\/2022\/10\/Modular-Building-WANGE-5235-United-States-Capitol-13-300x404.jpg 300w, https:\/\/mouldking.store\/wp-content\/uploads\/2022\/10\/Modular-Building-WANGE-5235-United-States-Capitol-13-600x808.jpg 600w, https:\/\/mouldking.store\/wp-content\/uploads\/2022\/10\/Modular-Building-WANGE-5235-United-States-Capitol-13-111x150.jpg 111w, https:\/\/mouldking.store\/wp-content\/uploads\/2022\/10\/Modular-Building-WANGE-5235-United-States-Capitol-13-45x60.jpg 45w, https:\/\/mouldking.store\/wp-content\/uploads\/2022\/10\/Modular-Building-WANGE-5235-United-States-Capitol-13-67x90.jpg 67w\" sizes=\"(max-width: 760px) 100vw, 760px\" \/><figcaption id=\"caption-attachment-32999\" class=\"wp-caption-text\">WANGE 5235 T\u00f2a nh\u00e0 Qu\u1ed1c h\u1ed9i Hoa K\u1ef3 v\u1edbi 1074 mi\u1ebfng<\/figcaption><\/figure>\n<figure id=\"attachment_33000\" aria-describedby=\"caption-attachment-33000\" style=\"width: 800px\" class=\"wp-caption aligncenter\"><img decoding=\"async\" class=\"wp-image-33000 size-full\" src=\"https:\/\/mouldking.store\/wp-content\/uploads\/2022\/10\/Modular-Building-WANGE-5235-United-States-Capitol-14.jpg\" alt=\"WANGE 5235 United States Capitol with 1074 Pieces\" width=\"800\" height=\"800\" title=\"-\" srcset=\"https:\/\/mouldking.store\/wp-content\/uploads\/2022\/10\/Modular-Building-WANGE-5235-United-States-Capitol-14.jpg 800w, https:\/\/mouldking.store\/wp-content\/uploads\/2022\/10\/Modular-Building-WANGE-5235-United-States-Capitol-14-300x300.jpg 300w, https:\/\/mouldking.store\/wp-content\/uploads\/2022\/10\/Modular-Building-WANGE-5235-United-States-Capitol-14-768x768.jpg 768w, https:\/\/mouldking.store\/wp-content\/uploads\/2022\/10\/Modular-Building-WANGE-5235-United-States-Capitol-14-600x600.jpg 600w, https:\/\/mouldking.store\/wp-content\/uploads\/2022\/10\/Modular-Building-WANGE-5235-United-States-Capitol-14-150x150.jpg 150w, https:\/\/mouldking.store\/wp-content\/uploads\/2022\/10\/Modular-Building-WANGE-5235-United-States-Capitol-14-60x60.jpg 60w, https:\/\/mouldking.store\/wp-content\/uploads\/2022\/10\/Modular-Building-WANGE-5235-United-States-Capitol-14-90x90.jpg 90w\" sizes=\"(max-width: 800px) 100vw, 800px\" \/><figcaption id=\"caption-attachment-33000\" class=\"wp-caption-text\">WANGE 5235 T\u00f2a nh\u00e0 Qu\u1ed1c h\u1ed9i Hoa K\u1ef3 v\u1edbi 1074 mi\u1ebfng<\/figcaption><\/figure>\n<figure id=\"attachment_32993\" aria-describedby=\"caption-attachment-32993\" style=\"width: 581px\" class=\"wp-caption aligncenter\"><img loading=\"lazy\" decoding=\"async\" class=\"wp-image-32993 size-full\" src=\"https:\/\/mouldking.store\/wp-content\/uploads\/2022\/10\/Modular-Building-WANGE-5235-United-States-Capitol-7.jpg\" alt=\"WANGE 5235 United States Capitol with 1074 Pieces\" width=\"581\" height=\"1024\" title=\"-\" srcset=\"https:\/\/mouldking.store\/wp-content\/uploads\/2022\/10\/Modular-Building-WANGE-5235-United-States-Capitol-7.jpg 581w, https:\/\/mouldking.store\/wp-content\/uploads\/2022\/10\/Modular-Building-WANGE-5235-United-States-Capitol-7-170x300.jpg 170w, https:\/\/mouldking.store\/wp-content\/uploads\/2022\/10\/Modular-Building-WANGE-5235-United-States-Capitol-7-300x529.jpg 300w, https:\/\/mouldking.store\/wp-content\/uploads\/2022\/10\/Modular-Building-WANGE-5235-United-States-Capitol-7-85x150.jpg 85w, https:\/\/mouldking.store\/wp-content\/uploads\/2022\/10\/Modular-Building-WANGE-5235-United-States-Capitol-7-34x60.jpg 34w, https:\/\/mouldking.store\/wp-content\/uploads\/2022\/10\/Modular-Building-WANGE-5235-United-States-Capitol-7-51x90.jpg 51w\" sizes=\"(max-width: 581px) 100vw, 581px\" \/><figcaption id=\"caption-attachment-32993\" class=\"wp-caption-text\">WANGE 5235 T\u00f2a nh\u00e0 Qu\u1ed1c h\u1ed9i Hoa K\u1ef3 v\u1edbi 1074 mi\u1ebfng<\/figcaption><\/figure>\n<figure id=\"attachment_32994\" aria-describedby=\"caption-attachment-32994\" style=\"width: 706px\" class=\"wp-caption aligncenter\"><img loading=\"lazy\" decoding=\"async\" class=\"wp-image-32994 size-full\" src=\"https:\/\/mouldking.store\/wp-content\/uploads\/2022\/10\/Modular-Building-WANGE-5235-United-States-Capitol-8.jpg\" alt=\"WANGE 5235 United States Capitol with 1074 Pieces\" width=\"706\" height=\"1024\" title=\"-\" srcset=\"https:\/\/mouldking.store\/wp-content\/uploads\/2022\/10\/Modular-Building-WANGE-5235-United-States-Capitol-8.jpg 706w, https:\/\/mouldking.store\/wp-content\/uploads\/2022\/10\/Modular-Building-WANGE-5235-United-States-Capitol-8-207x300.jpg 207w, https:\/\/mouldking.store\/wp-content\/uploads\/2022\/10\/Modular-Building-WANGE-5235-United-States-Capitol-8-300x435.jpg 300w, https:\/\/mouldking.store\/wp-content\/uploads\/2022\/10\/Modular-Building-WANGE-5235-United-States-Capitol-8-600x870.jpg 600w, https:\/\/mouldking.store\/wp-content\/uploads\/2022\/10\/Modular-Building-WANGE-5235-United-States-Capitol-8-103x150.jpg 103w, https:\/\/mouldking.store\/wp-content\/uploads\/2022\/10\/Modular-Building-WANGE-5235-United-States-Capitol-8-41x60.jpg 41w, https:\/\/mouldking.store\/wp-content\/uploads\/2022\/10\/Modular-Building-WANGE-5235-United-States-Capitol-8-62x90.jpg 62w\" sizes=\"(max-width: 706px) 100vw, 706px\" \/><figcaption id=\"caption-attachment-32994\" class=\"wp-caption-text\">WANGE 5235 T\u00f2a nh\u00e0 Qu\u1ed1c h\u1ed9i Hoa K\u1ef3 v\u1edbi 1074 mi\u1ebfng<\/figcaption><\/figure>\n<figure id=\"attachment_32998\" aria-describedby=\"caption-attachment-32998\" style=\"width: 790px\" class=\"wp-caption aligncenter\"><img loading=\"lazy\" decoding=\"async\" class=\"wp-image-32998 size-full\" src=\"https:\/\/mouldking.store\/wp-content\/uploads\/2022\/10\/Modular-Building-WANGE-5235-United-States-Capitol-12.jpg\" alt=\"WANGE 5235 United States Capitol with 1074 Pieces\" width=\"790\" height=\"898\" title=\"-\" srcset=\"https:\/\/mouldking.store\/wp-content\/uploads\/2022\/10\/Modular-Building-WANGE-5235-United-States-Capitol-12.jpg 790w, https:\/\/mouldking.store\/wp-content\/uploads\/2022\/10\/Modular-Building-WANGE-5235-United-States-Capitol-12-264x300.jpg 264w, https:\/\/mouldking.store\/wp-content\/uploads\/2022\/10\/Modular-Building-WANGE-5235-United-States-Capitol-12-768x873.jpg 768w, https:\/\/mouldking.store\/wp-content\/uploads\/2022\/10\/Modular-Building-WANGE-5235-United-States-Capitol-12-300x341.jpg 300w, https:\/\/mouldking.store\/wp-content\/uploads\/2022\/10\/Modular-Building-WANGE-5235-United-States-Capitol-12-600x682.jpg 600w, https:\/\/mouldking.store\/wp-content\/uploads\/2022\/10\/Modular-Building-WANGE-5235-United-States-Capitol-12-132x150.jpg 132w, https:\/\/mouldking.store\/wp-content\/uploads\/2022\/10\/Modular-Building-WANGE-5235-United-States-Capitol-12-53x60.jpg 53w, https:\/\/mouldking.store\/wp-content\/uploads\/2022\/10\/Modular-Building-WANGE-5235-United-States-Capitol-12-79x90.jpg 79w\" sizes=\"(max-width: 790px) 100vw, 790px\" \/><figcaption id=\"caption-attachment-32998\" class=\"wp-caption-text\">WANGE 5235 T\u00f2a nh\u00e0 Qu\u1ed1c h\u1ed9i Hoa K\u1ef3 v\u1edbi 1074 mi\u1ebfng<\/figcaption><\/figure>\n<figure id=\"attachment_32989\" aria-describedby=\"caption-attachment-32989\" style=\"width: 790px\" class=\"wp-caption aligncenter\"><img loading=\"lazy\" decoding=\"async\" class=\"wp-image-32989 size-full\" src=\"https:\/\/mouldking.store\/wp-content\/uploads\/2022\/10\/Modular-Building-WANGE-5235-United-States-Capitol-3.jpg\" alt=\"WANGE 5235 United States Capitol with 1074 Pieces\" width=\"790\" height=\"796\" title=\"-\" srcset=\"https:\/\/mouldking.store\/wp-content\/uploads\/2022\/10\/Modular-Building-WANGE-5235-United-States-Capitol-3.jpg 790w, https:\/\/mouldking.store\/wp-content\/uploads\/2022\/10\/Modular-Building-WANGE-5235-United-States-Capitol-3-298x300.jpg 298w, https:\/\/mouldking.store\/wp-content\/uploads\/2022\/10\/Modular-Building-WANGE-5235-United-States-Capitol-3-768x774.jpg 768w, https:\/\/mouldking.store\/wp-content\/uploads\/2022\/10\/Modular-Building-WANGE-5235-United-States-Capitol-3-300x302.jpg 300w, https:\/\/mouldking.store\/wp-content\/uploads\/2022\/10\/Modular-Building-WANGE-5235-United-States-Capitol-3-600x605.jpg 600w, https:\/\/mouldking.store\/wp-content\/uploads\/2022\/10\/Modular-Building-WANGE-5235-United-States-Capitol-3-150x150.jpg 150w, https:\/\/mouldking.store\/wp-content\/uploads\/2022\/10\/Modular-Building-WANGE-5235-United-States-Capitol-3-60x60.jpg 60w, https:\/\/mouldking.store\/wp-content\/uploads\/2022\/10\/Modular-Building-WANGE-5235-United-States-Capitol-3-89x90.jpg 89w\" sizes=\"(max-width: 790px) 100vw, 790px\" \/><figcaption id=\"caption-attachment-32989\" class=\"wp-caption-text\">WANGE 5235 T\u00f2a nh\u00e0 Qu\u1ed1c h\u1ed9i Hoa K\u1ef3 v\u1edbi 1074 mi\u1ebfng<\/figcaption><\/figure>\n<figure id=\"attachment_32990\" aria-describedby=\"caption-attachment-32990\" style=\"width: 432px\" class=\"wp-caption aligncenter\"><img loading=\"lazy\" decoding=\"async\" class=\"wp-image-32990 size-full\" src=\"https:\/\/mouldking.store\/wp-content\/uploads\/2022\/10\/Modular-Building-WANGE-5235-United-States-Capitol-4.jpg\" alt=\"WANGE 5235 United States Capitol with 1074 Pieces\" width=\"432\" height=\"1024\" title=\"-\" srcset=\"https:\/\/mouldking.store\/wp-content\/uploads\/2022\/10\/Modular-Building-WANGE-5235-United-States-Capitol-4.jpg 432w, https:\/\/mouldking.store\/wp-content\/uploads\/2022\/10\/Modular-Building-WANGE-5235-United-States-Capitol-4-127x300.jpg 127w, https:\/\/mouldking.store\/wp-content\/uploads\/2022\/10\/Modular-Building-WANGE-5235-United-States-Capitol-4-300x711.jpg 300w, https:\/\/mouldking.store\/wp-content\/uploads\/2022\/10\/Modular-Building-WANGE-5235-United-States-Capitol-4-63x150.jpg 63w, https:\/\/mouldking.store\/wp-content\/uploads\/2022\/10\/Modular-Building-WANGE-5235-United-States-Capitol-4-25x60.jpg 25w, https:\/\/mouldking.store\/wp-content\/uploads\/2022\/10\/Modular-Building-WANGE-5235-United-States-Capitol-4-38x90.jpg 38w\" sizes=\"(max-width: 432px) 100vw, 432px\" \/><figcaption id=\"caption-attachment-32990\" class=\"wp-caption-text\">WANGE 5235 T\u00f2a nh\u00e0 Qu\u1ed1c h\u1ed9i Hoa K\u1ef3 v\u1edbi 1074 mi\u1ebfng<\/figcaption><\/figure>\n<figure id=\"attachment_32991\" aria-describedby=\"caption-attachment-32991\" style=\"width: 482px\" class=\"wp-caption aligncenter\"><img loading=\"lazy\" decoding=\"async\" class=\"wp-image-32991 size-full\" src=\"https:\/\/mouldking.store\/wp-content\/uploads\/2022\/10\/Modular-Building-WANGE-5235-United-States-Capitol-5.jpg\" alt=\"WANGE 5235 United States Capitol with 1074 Pieces\" width=\"482\" height=\"1024\" title=\"-\" srcset=\"https:\/\/mouldking.store\/wp-content\/uploads\/2022\/10\/Modular-Building-WANGE-5235-United-States-Capitol-5.jpg 482w, https:\/\/mouldking.store\/wp-content\/uploads\/2022\/10\/Modular-Building-WANGE-5235-United-States-Capitol-5-141x300.jpg 141w, https:\/\/mouldking.store\/wp-content\/uploads\/2022\/10\/Modular-Building-WANGE-5235-United-States-Capitol-5-300x637.jpg 300w, https:\/\/mouldking.store\/wp-content\/uploads\/2022\/10\/Modular-Building-WANGE-5235-United-States-Capitol-5-71x150.jpg 71w, https:\/\/mouldking.store\/wp-content\/uploads\/2022\/10\/Modular-Building-WANGE-5235-United-States-Capitol-5-28x60.jpg 28w, https:\/\/mouldking.store\/wp-content\/uploads\/2022\/10\/Modular-Building-WANGE-5235-United-States-Capitol-5-42x90.jpg 42w\" sizes=\"(max-width: 482px) 100vw, 482px\" \/><figcaption id=\"caption-attachment-32991\" class=\"wp-caption-text\">WANGE 5235 T\u00f2a nh\u00e0 Qu\u1ed1c h\u1ed9i Hoa K\u1ef3 v\u1edbi 1074 mi\u1ebfng<\/figcaption><\/figure>\n<figure id=\"attachment_32992\" aria-describedby=\"caption-attachment-32992\" style=\"width: 398px\" class=\"wp-caption aligncenter\"><img loading=\"lazy\" decoding=\"async\" class=\"wp-image-32992 size-full\" src=\"https:\/\/mouldking.store\/wp-content\/uploads\/2022\/10\/Modular-Building-WANGE-5235-United-States-Capitol-6.jpg\" alt=\"WANGE 5235 United States Capitol with 1074 Pieces\" width=\"398\" height=\"1024\" title=\"-\" srcset=\"https:\/\/mouldking.store\/wp-content\/uploads\/2022\/10\/Modular-Building-WANGE-5235-United-States-Capitol-6.jpg 398w, https:\/\/mouldking.store\/wp-content\/uploads\/2022\/10\/Modular-Building-WANGE-5235-United-States-Capitol-6-117x300.jpg 117w, https:\/\/mouldking.store\/wp-content\/uploads\/2022\/10\/Modular-Building-WANGE-5235-United-States-Capitol-6-300x772.jpg 300w, https:\/\/mouldking.store\/wp-content\/uploads\/2022\/10\/Modular-Building-WANGE-5235-United-States-Capitol-6-58x150.jpg 58w, https:\/\/mouldking.store\/wp-content\/uploads\/2022\/10\/Modular-Building-WANGE-5235-United-States-Capitol-6-23x60.jpg 23w, https:\/\/mouldking.store\/wp-content\/uploads\/2022\/10\/Modular-Building-WANGE-5235-United-States-Capitol-6-35x90.jpg 35w\" sizes=\"(max-width: 398px) 100vw, 398px\" \/><figcaption id=\"caption-attachment-32992\" class=\"wp-caption-text\">WANGE 5235 T\u00f2a nh\u00e0 Qu\u1ed1c h\u1ed9i Hoa K\u1ef3 v\u1edbi 1074 mi\u1ebfng<\/figcaption><\/figure>\n<figure id=\"attachment_32988\" aria-describedby=\"caption-attachment-32988\" style=\"width: 790px\" class=\"wp-caption aligncenter\"><img loading=\"lazy\" decoding=\"async\" class=\"wp-image-32988 size-full\" src=\"https:\/\/mouldking.store\/wp-content\/uploads\/2022\/10\/Modular-Building-WANGE-5235-United-States-Capitol-2.jpg\" alt=\"WANGE 5235 United States Capitol with 1074 Pieces\" width=\"790\" height=\"816\" title=\"-\" srcset=\"https:\/\/mouldking.store\/wp-content\/uploads\/2022\/10\/Modular-Building-WANGE-5235-United-States-Capitol-2.jpg 790w, https:\/\/mouldking.store\/wp-content\/uploads\/2022\/10\/Modular-Building-WANGE-5235-United-States-Capitol-2-290x300.jpg 290w, https:\/\/mouldking.store\/wp-content\/uploads\/2022\/10\/Modular-Building-WANGE-5235-United-States-Capitol-2-768x793.jpg 768w, https:\/\/mouldking.store\/wp-content\/uploads\/2022\/10\/Modular-Building-WANGE-5235-United-States-Capitol-2-300x310.jpg 300w, https:\/\/mouldking.store\/wp-content\/uploads\/2022\/10\/Modular-Building-WANGE-5235-United-States-Capitol-2-600x620.jpg 600w, https:\/\/mouldking.store\/wp-content\/uploads\/2022\/10\/Modular-Building-WANGE-5235-United-States-Capitol-2-145x150.jpg 145w, https:\/\/mouldking.store\/wp-content\/uploads\/2022\/10\/Modular-Building-WANGE-5235-United-States-Capitol-2-58x60.jpg 58w, https:\/\/mouldking.store\/wp-content\/uploads\/2022\/10\/Modular-Building-WANGE-5235-United-States-Capitol-2-87x90.jpg 87w\" sizes=\"(max-width: 790px) 100vw, 790px\" \/><figcaption id=\"caption-attachment-32988\" class=\"wp-caption-text\">WANGE 5235 T\u00f2a nh\u00e0 Qu\u1ed1c h\u1ed9i Hoa K\u1ef3 v\u1edbi 1074 mi\u1ebfng<\/figcaption><\/figure>\n<figure id=\"attachment_32995\" aria-describedby=\"caption-attachment-32995\" style=\"width: 676px\" class=\"wp-caption aligncenter\"><img loading=\"lazy\" decoding=\"async\" class=\"wp-image-32995 size-full\" src=\"https:\/\/mouldking.store\/wp-content\/uploads\/2022\/10\/Modular-Building-WANGE-5235-United-States-Capitol-9.jpg\" alt=\"WANGE 5235 United States Capitol with 1074 Pieces\" width=\"676\" height=\"1024\" title=\"-\" srcset=\"https:\/\/mouldking.store\/wp-content\/uploads\/2022\/10\/Modular-Building-WANGE-5235-United-States-Capitol-9.jpg 676w, https:\/\/mouldking.store\/wp-content\/uploads\/2022\/10\/Modular-Building-WANGE-5235-United-States-Capitol-9-198x300.jpg 198w, https:\/\/mouldking.store\/wp-content\/uploads\/2022\/10\/Modular-Building-WANGE-5235-United-States-Capitol-9-300x454.jpg 300w, https:\/\/mouldking.store\/wp-content\/uploads\/2022\/10\/Modular-Building-WANGE-5235-United-States-Capitol-9-600x909.jpg 600w, https:\/\/mouldking.store\/wp-content\/uploads\/2022\/10\/Modular-Building-WANGE-5235-United-States-Capitol-9-99x150.jpg 99w, https:\/\/mouldking.store\/wp-content\/uploads\/2022\/10\/Modular-Building-WANGE-5235-United-States-Capitol-9-40x60.jpg 40w, https:\/\/mouldking.store\/wp-content\/uploads\/2022\/10\/Modular-Building-WANGE-5235-United-States-Capitol-9-59x90.jpg 59w\" sizes=\"(max-width: 676px) 100vw, 676px\" \/><figcaption id=\"caption-attachment-32995\" class=\"wp-caption-text\">WANGE 5235 T\u00f2a nh\u00e0 Qu\u1ed1c h\u1ed9i Hoa K\u1ef3 v\u1edbi 1074 mi\u1ebfng<\/figcaption><\/figure>\n<figure id=\"attachment_32997\" aria-describedby=\"caption-attachment-32997\" style=\"width: 690px\" class=\"wp-caption aligncenter\"><img loading=\"lazy\" decoding=\"async\" class=\"wp-image-32997 size-full\" src=\"https:\/\/mouldking.store\/wp-content\/uploads\/2022\/10\/Modular-Building-WANGE-5235-United-States-Capitol-11.jpg\" alt=\"WANGE 5235 United States Capitol with 1074 Pieces\" width=\"690\" height=\"1024\" title=\"-\" srcset=\"https:\/\/mouldking.store\/wp-content\/uploads\/2022\/10\/Modular-Building-WANGE-5235-United-States-Capitol-11.jpg 690w, https:\/\/mouldking.store\/wp-content\/uploads\/2022\/10\/Modular-Building-WANGE-5235-United-States-Capitol-11-202x300.jpg 202w, https:\/\/mouldking.store\/wp-content\/uploads\/2022\/10\/Modular-Building-WANGE-5235-United-States-Capitol-11-300x445.jpg 300w, https:\/\/mouldking.store\/wp-content\/uploads\/2022\/10\/Modular-Building-WANGE-5235-United-States-Capitol-11-600x890.jpg 600w, https:\/\/mouldking.store\/wp-content\/uploads\/2022\/10\/Modular-Building-WANGE-5235-United-States-Capitol-11-101x150.jpg 101w, https:\/\/mouldking.store\/wp-content\/uploads\/2022\/10\/Modular-Building-WANGE-5235-United-States-Capitol-11-40x60.jpg 40w, https:\/\/mouldking.store\/wp-content\/uploads\/2022\/10\/Modular-Building-WANGE-5235-United-States-Capitol-11-61x90.jpg 61w\" sizes=\"(max-width: 690px) 100vw, 690px\" \/><figcaption id=\"caption-attachment-32997\" class=\"wp-caption-text\">WANGE 5235 T\u00f2a nh\u00e0 Qu\u1ed1c h\u1ed9i Hoa K\u1ef3 v\u1edbi 1074 mi\u1ebfng<\/figcaption><\/figure>\n<figure id=\"attachment_32996\" aria-describedby=\"caption-attachment-32996\" style=\"width: 790px\" class=\"wp-caption aligncenter\"><img loading=\"lazy\" decoding=\"async\" class=\"wp-image-32996 size-full\" src=\"https:\/\/mouldking.store\/wp-content\/uploads\/2022\/10\/Modular-Building-WANGE-5235-United-States-Capitol-10.jpg\" alt=\"WANGE 5235 United States Capitol with 1074 Pieces\" width=\"790\" height=\"1004\" title=\"-\" srcset=\"https:\/\/mouldking.store\/wp-content\/uploads\/2022\/10\/Modular-Building-WANGE-5235-United-States-Capitol-10.jpg 790w, https:\/\/mouldking.store\/wp-content\/uploads\/2022\/10\/Modular-Building-WANGE-5235-United-States-Capitol-10-236x300.jpg 236w, https:\/\/mouldking.store\/wp-content\/uploads\/2022\/10\/Modular-Building-WANGE-5235-United-States-Capitol-10-768x976.jpg 768w, https:\/\/mouldking.store\/wp-content\/uploads\/2022\/10\/Modular-Building-WANGE-5235-United-States-Capitol-10-300x381.jpg 300w, https:\/\/mouldking.store\/wp-content\/uploads\/2022\/10\/Modular-Building-WANGE-5235-United-States-Capitol-10-600x763.jpg 600w, https:\/\/mouldking.store\/wp-content\/uploads\/2022\/10\/Modular-Building-WANGE-5235-United-States-Capitol-10-118x150.jpg 118w, https:\/\/mouldking.store\/wp-content\/uploads\/2022\/10\/Modular-Building-WANGE-5235-United-States-Capitol-10-47x60.jpg 47w, https:\/\/mouldking.store\/wp-content\/uploads\/2022\/10\/Modular-Building-WANGE-5235-United-States-Capitol-10-71x90.jpg 71w\" sizes=\"(max-width: 790px) 100vw, 790px\" \/><figcaption id=\"caption-attachment-32996\" class=\"wp-caption-text\">WANGE 5235 T\u00f2a nh\u00e0 Qu\u1ed1c h\u1ed9i Hoa K\u1ef3 v\u1edbi 1074 mi\u1ebfng<\/figcaption><\/figure>","protected":false},"excerpt":{"rendered":"<p>Product information: Brand: WANGE Gender: Unisex Name: United States Capitol Age Range: &gt; 6 years old Model Number: 5235 Classification: Assemblage Plastic Block Shape: Self-Locking Bricks Material: Plastic Plastic Type: ABS Bricks Blocks: 1074 PCS Contains detailed assembly instructions. Notice: 1. Without an original box, but we guarantee our products have quality assurance and nice [&hellip;]<\/p>","protected":false},"featured_media":32987,"comment_status":"closed","ping_status":"closed","template":"","meta":{"_acf_changed":false},"product_cat":[390],"product_tag":[6055,6054,6053,6052],"class_list":["product","first","instock","shipping-taxable","purchasable","product-type-simple"],"acf":[],"_links":{"self":[{"href":"https:\/\/mouldking.store\/vi\/wp-json\/wp\/v2\/product\/32986","targetHints":{"allow":["GET"]}}],"collection":[{"href":"https:\/\/mouldking.store\/vi\/wp-json\/wp\/v2\/product"}],"about":[{"href":"https:\/\/mouldking.store\/vi\/wp-json\/wp\/v2\/types\/product"}],"replies":[{"embeddable":true,"href":"https:\/\/mouldking.store\/vi\/wp-json\/wp\/v2\/comments?post=32986"}],"wp:featuredmedia":[{"embeddable":true,"href":"https:\/\/mouldking.store\/vi\/wp-json\/wp\/v2\/media\/32987"}],"wp:attachment":[{"href":"https:\/\/mouldking.store\/vi\/wp-json\/wp\/v2\/media?parent=32986"}],"wp:term":[{"taxonomy":"product_cat","embeddable":true,"href":"https:\/\/mouldking.store\/vi\/wp-json\/wp\/v2\/product_cat?post=32986"},{"taxonomy":"product_tag","embeddable":true,"href":"https:\/\/mouldking.store\/vi\/wp-json\/wp\/v2\/product_tag?post=32986"}],"curies":[{"name":"wp","href":"https:\/\/api.w.org\/{rel}","templated":true}]}}