{"id":33030,"date":"2022-10-11T12:28:33","date_gmt":"2022-10-11T05:28:33","guid":{"rendered":"https:\/\/mouldking.store\/?post_type=product&#038;p=33030"},"modified":"2024-01-18T11:54:26","modified_gmt":"2024-01-18T04:54:26","slug":"tgl-t5026b-gt2rs-911-blue-with-3389-pieces","status":"publish","type":"product","link":"https:\/\/mouldking.store\/vi\/shop\/tgl-t5026b-gt2rs-911-blue-with-3389-pieces\/","title":{"rendered":"TGL T5026B GT2RS \u2013 911 Blue v\u1edbi 3389 m\u1ea3nh gh\u00e9p"},"content":{"rendered":"<p>Th\u00f4ng tin s\u1ea3n ph\u1ea9m:<\/p>\n<ol>\n<li>Th\u01b0\u01a1ng hi\u1ec7u: TGL<\/li>\n<li>Gi\u1edbi t\u00ednh: Unisex<\/li>\n<li>Name: GT2RS \u2013 911 Blue<\/li>\n<li>\u0110\u1ed9 tu\u1ed5i: &gt; 6 tu\u1ed5i<\/li>\n<li>Model Number: T5026B<\/li>\n<li>Ph\u00e2n lo\u1ea1i: T\u1eadp h\u1ee3p<\/li>\n<li>H\u00ecnh d\u1ea1ng kh\u1ed1i nh\u1ef1a: G\u1ea1ch t\u1ef1 kh\u00f3a<\/li>\n<li>Ch\u1ea5t li\u1ec7u: Nh\u1ef1a<\/li>\n<li>Lo\u1ea1i nh\u1ef1a: ABS<\/li>\n<li>Kh\u1ed1i g\u1ea1ch: 3389 C\u00c1I<\/li>\n<li>Ch\u1ee9a h\u01b0\u1edbng d\u1eabn l\u1eafp r\u00e1p chi ti\u1ebft.<\/li>\n<\/ol>\n<p>\u0110\u1ec3 \u00fd:<br \/>\n1. Kh\u00f4ng c\u00f3 h\u1ed9p ban \u0111\u1ea7u, nh\u01b0ng ch\u00fang t\u00f4i \u0111\u1ea3m b\u1ea3o s\u1ea3n ph\u1ea9m c\u1ee7a ch\u00fang t\u00f4i c\u00f3 ch\u1ea5t l\u01b0\u1ee3ng \u0111\u1ea3m b\u1ea3o v\u00e0 bao b\u00ec \u0111\u1eb9p.<br \/>\n2. V\u00ec t\u1ea5t c\u1ea3 c\u00e1c b\u1ed9 ph\u1eadn ch\u00fang t\u00f4i \u0111\u00e3 ki\u1ec3m tra tr\u01b0\u1edbc khi v\u1eadn chuy\u1ec3n, v\u00ec v\u1eady n\u1ebfu b\u1ea1n th\u1ea5y m\u1ed9t s\u1ed1 b\u1ed9 ph\u1eadn b\u1ecb thi\u1ebfu ho\u1eb7c h\u01b0 h\u1ecfng, \u0111\u1eebng lo l\u1eafng v\u00e0 ch\u1ec9 c\u1ea7n vui l\u00f2ng li\u00ean h\u1ec7 v\u1edbi ch\u00fang t\u00f4i v\u00e0 ch\u00fang t\u00f4i c\u00f3 th\u1ec3 g\u1eedi l\u1ea1i mi\u1ec5n ph\u00ed cho b\u1ea1n ngay l\u1eadp t\u1ee9c.<\/p>\n<p>&nbsp;<\/p>\n<figure id=\"attachment_33031\" aria-describedby=\"caption-attachment-33031\" style=\"width: 800px\" class=\"wp-caption aligncenter\"><img fetchpriority=\"high\" decoding=\"async\" class=\"wp-image-33031 size-full\" src=\"https:\/\/mouldking.store\/wp-content\/uploads\/2022\/10\/Technic-TGL-T5026B-GT2RS-911-Blue-1.jpg\" alt=\"TGL T5026B GT2RS \u2013 911 Blue with 3389 Pieces\" width=\"800\" height=\"800\" title=\"-\" srcset=\"https:\/\/mouldking.store\/wp-content\/uploads\/2022\/10\/Technic-TGL-T5026B-GT2RS-911-Blue-1.jpg 800w, https:\/\/mouldking.store\/wp-content\/uploads\/2022\/10\/Technic-TGL-T5026B-GT2RS-911-Blue-1-300x300.jpg 300w, https:\/\/mouldking.store\/wp-content\/uploads\/2022\/10\/Technic-TGL-T5026B-GT2RS-911-Blue-1-768x768.jpg 768w, https:\/\/mouldking.store\/wp-content\/uploads\/2022\/10\/Technic-TGL-T5026B-GT2RS-911-Blue-1-600x600.jpg 600w, https:\/\/mouldking.store\/wp-content\/uploads\/2022\/10\/Technic-TGL-T5026B-GT2RS-911-Blue-1-150x150.jpg 150w, https:\/\/mouldking.store\/wp-content\/uploads\/2022\/10\/Technic-TGL-T5026B-GT2RS-911-Blue-1-60x60.jpg 60w, https:\/\/mouldking.store\/wp-content\/uploads\/2022\/10\/Technic-TGL-T5026B-GT2RS-911-Blue-1-90x90.jpg 90w\" sizes=\"(max-width: 800px) 100vw, 800px\" \/><figcaption id=\"caption-attachment-33031\" class=\"wp-caption-text\">TGL T5026B GT2RS \u2013 911 Blue v\u1edbi 3389 m\u1ea3nh gh\u00e9p<\/figcaption><\/figure>\n<figure id=\"attachment_33035\" aria-describedby=\"caption-attachment-33035\" style=\"width: 403px\" class=\"wp-caption aligncenter\"><img decoding=\"async\" class=\"wp-image-33035 size-full\" src=\"https:\/\/mouldking.store\/wp-content\/uploads\/2022\/10\/Technic-TGL-T5026B-GT2RS-911-Blue-5.jpg\" alt=\"TGL T5026B GT2RS \u2013 911 Blue with 3389 Pieces\" width=\"403\" height=\"1024\" title=\"-\" srcset=\"https:\/\/mouldking.store\/wp-content\/uploads\/2022\/10\/Technic-TGL-T5026B-GT2RS-911-Blue-5.jpg 403w, https:\/\/mouldking.store\/wp-content\/uploads\/2022\/10\/Technic-TGL-T5026B-GT2RS-911-Blue-5-118x300.jpg 118w, https:\/\/mouldking.store\/wp-content\/uploads\/2022\/10\/Technic-TGL-T5026B-GT2RS-911-Blue-5-300x762.jpg 300w, https:\/\/mouldking.store\/wp-content\/uploads\/2022\/10\/Technic-TGL-T5026B-GT2RS-911-Blue-5-59x150.jpg 59w, https:\/\/mouldking.store\/wp-content\/uploads\/2022\/10\/Technic-TGL-T5026B-GT2RS-911-Blue-5-24x60.jpg 24w, https:\/\/mouldking.store\/wp-content\/uploads\/2022\/10\/Technic-TGL-T5026B-GT2RS-911-Blue-5-35x90.jpg 35w\" sizes=\"(max-width: 403px) 100vw, 403px\" \/><figcaption id=\"caption-attachment-33035\" class=\"wp-caption-text\">TGL T5026B GT2RS \u2013 911 Blue v\u1edbi 3389 m\u1ea3nh gh\u00e9p<\/figcaption><\/figure>\n<figure id=\"attachment_33034\" aria-describedby=\"caption-attachment-33034\" style=\"width: 492px\" class=\"wp-caption aligncenter\"><img decoding=\"async\" class=\"wp-image-33034 size-full\" src=\"https:\/\/mouldking.store\/wp-content\/uploads\/2022\/10\/Technic-TGL-T5026B-GT2RS-911-Blue-4.jpg\" alt=\"TGL T5026B GT2RS \u2013 911 Blue with 3389 Pieces\" width=\"492\" height=\"1024\" title=\"-\" srcset=\"https:\/\/mouldking.store\/wp-content\/uploads\/2022\/10\/Technic-TGL-T5026B-GT2RS-911-Blue-4.jpg 492w, https:\/\/mouldking.store\/wp-content\/uploads\/2022\/10\/Technic-TGL-T5026B-GT2RS-911-Blue-4-144x300.jpg 144w, https:\/\/mouldking.store\/wp-content\/uploads\/2022\/10\/Technic-TGL-T5026B-GT2RS-911-Blue-4-300x624.jpg 300w, https:\/\/mouldking.store\/wp-content\/uploads\/2022\/10\/Technic-TGL-T5026B-GT2RS-911-Blue-4-72x150.jpg 72w, https:\/\/mouldking.store\/wp-content\/uploads\/2022\/10\/Technic-TGL-T5026B-GT2RS-911-Blue-4-29x60.jpg 29w, https:\/\/mouldking.store\/wp-content\/uploads\/2022\/10\/Technic-TGL-T5026B-GT2RS-911-Blue-4-43x90.jpg 43w\" sizes=\"(max-width: 492px) 100vw, 492px\" \/><figcaption id=\"caption-attachment-33034\" class=\"wp-caption-text\">TGL T5026B GT2RS \u2013 911 Blue v\u1edbi 3389 m\u1ea3nh gh\u00e9p<\/figcaption><\/figure>\n<figure id=\"attachment_33032\" aria-describedby=\"caption-attachment-33032\" style=\"width: 750px\" class=\"wp-caption aligncenter\"><img loading=\"lazy\" decoding=\"async\" class=\"wp-image-33032 size-full\" src=\"https:\/\/mouldking.store\/wp-content\/uploads\/2022\/10\/Technic-TGL-T5026B-GT2RS-911-Blue-2.jpg\" alt=\"TGL T5026B GT2RS \u2013 911 Blue with 3389 Pieces\" width=\"750\" height=\"969\" title=\"-\" srcset=\"https:\/\/mouldking.store\/wp-content\/uploads\/2022\/10\/Technic-TGL-T5026B-GT2RS-911-Blue-2.jpg 750w, https:\/\/mouldking.store\/wp-content\/uploads\/2022\/10\/Technic-TGL-T5026B-GT2RS-911-Blue-2-232x300.jpg 232w, https:\/\/mouldking.store\/wp-content\/uploads\/2022\/10\/Technic-TGL-T5026B-GT2RS-911-Blue-2-300x388.jpg 300w, https:\/\/mouldking.store\/wp-content\/uploads\/2022\/10\/Technic-TGL-T5026B-GT2RS-911-Blue-2-600x775.jpg 600w, https:\/\/mouldking.store\/wp-content\/uploads\/2022\/10\/Technic-TGL-T5026B-GT2RS-911-Blue-2-116x150.jpg 116w, https:\/\/mouldking.store\/wp-content\/uploads\/2022\/10\/Technic-TGL-T5026B-GT2RS-911-Blue-2-46x60.jpg 46w, https:\/\/mouldking.store\/wp-content\/uploads\/2022\/10\/Technic-TGL-T5026B-GT2RS-911-Blue-2-70x90.jpg 70w\" sizes=\"(max-width: 750px) 100vw, 750px\" \/><figcaption id=\"caption-attachment-33032\" class=\"wp-caption-text\">TGL T5026B GT2RS \u2013 911 Blue v\u1edbi 3389 m\u1ea3nh gh\u00e9p<\/figcaption><\/figure>\n<figure id=\"attachment_33033\" aria-describedby=\"caption-attachment-33033\" style=\"width: 750px\" class=\"wp-caption aligncenter\"><img loading=\"lazy\" decoding=\"async\" class=\"wp-image-33033 size-full\" src=\"https:\/\/mouldking.store\/wp-content\/uploads\/2022\/10\/Technic-TGL-T5026B-GT2RS-911-Blue-3.jpg\" alt=\"TGL T5026B GT2RS \u2013 911 Blue with 3389 Pieces\" width=\"750\" height=\"669\" title=\"-\" srcset=\"https:\/\/mouldking.store\/wp-content\/uploads\/2022\/10\/Technic-TGL-T5026B-GT2RS-911-Blue-3.jpg 750w, https:\/\/mouldking.store\/wp-content\/uploads\/2022\/10\/Technic-TGL-T5026B-GT2RS-911-Blue-3-300x268.jpg 300w, https:\/\/mouldking.store\/wp-content\/uploads\/2022\/10\/Technic-TGL-T5026B-GT2RS-911-Blue-3-600x535.jpg 600w, https:\/\/mouldking.store\/wp-content\/uploads\/2022\/10\/Technic-TGL-T5026B-GT2RS-911-Blue-3-150x134.jpg 150w, https:\/\/mouldking.store\/wp-content\/uploads\/2022\/10\/Technic-TGL-T5026B-GT2RS-911-Blue-3-67x60.jpg 67w, https:\/\/mouldking.store\/wp-content\/uploads\/2022\/10\/Technic-TGL-T5026B-GT2RS-911-Blue-3-101x90.jpg 101w\" sizes=\"(max-width: 750px) 100vw, 750px\" \/><figcaption id=\"caption-attachment-33033\" class=\"wp-caption-text\">TGL T5026B GT2RS \u2013 911 Blue v\u1edbi 3389 m\u1ea3nh gh\u00e9p<\/figcaption><\/figure>","protected":false},"excerpt":{"rendered":"<p>Product information: Brand: TGL Gender: Unisex Name: GT2RS \u2013 911 Blue Age Range: &gt; 6 years old Model Number: T5026B Classification: Assemblage Plastic Block Shape: Self-Locking Bricks Material: Plastic Plastic Type: ABS Bricks Blocks: 3389 PCS Contains detailed assembly instructions. Notice: 1. Without an original box, but we guarantee our products have quality assurance and [&hellip;]<\/p>","protected":false},"featured_media":33031,"comment_status":"closed","ping_status":"closed","template":"","meta":{"_acf_changed":false},"product_cat":[364],"product_tag":[6067,6066,6065,6064],"class_list":["product","first","instock","shipping-taxable","purchasable","product-type-variable"],"acf":[],"_links":{"self":[{"href":"https:\/\/mouldking.store\/vi\/wp-json\/wp\/v2\/product\/33030","targetHints":{"allow":["GET"]}}],"collection":[{"href":"https:\/\/mouldking.store\/vi\/wp-json\/wp\/v2\/product"}],"about":[{"href":"https:\/\/mouldking.store\/vi\/wp-json\/wp\/v2\/types\/product"}],"replies":[{"embeddable":true,"href":"https:\/\/mouldking.store\/vi\/wp-json\/wp\/v2\/comments?post=33030"}],"wp:featuredmedia":[{"embeddable":true,"href":"https:\/\/mouldking.store\/vi\/wp-json\/wp\/v2\/media\/33031"}],"wp:attachment":[{"href":"https:\/\/mouldking.store\/vi\/wp-json\/wp\/v2\/media?parent=33030"}],"wp:term":[{"taxonomy":"product_cat","embeddable":true,"href":"https:\/\/mouldking.store\/vi\/wp-json\/wp\/v2\/product_cat?post=33030"},{"taxonomy":"product_tag","embeddable":true,"href":"https:\/\/mouldking.store\/vi\/wp-json\/wp\/v2\/product_tag?post=33030"}],"curies":[{"name":"wp","href":"https:\/\/api.w.org\/{rel}","templated":true}]}}