{"id":33038,"date":"2022-10-11T13:13:14","date_gmt":"2022-10-11T06:13:14","guid":{"rendered":"https:\/\/mouldking.store\/?post_type=product&#038;p=33038"},"modified":"2024-03-11T15:58:03","modified_gmt":"2024-03-11T08:58:03","slug":"tgl-t5026a-gt2rs-911-silver-with-3389-pieces","status":"publish","type":"product","link":"https:\/\/mouldking.store\/vi\/shop\/tgl-t5026a-gt2rs-911-silver-with-3389-pieces\/","title":{"rendered":"TGL T5026A GT2RS \u2013 B\u1ea1c 911 v\u1edbi 3389 mi\u1ebfng"},"content":{"rendered":"<p>Th\u00f4ng tin s\u1ea3n ph\u1ea9m:<\/p>\n<ol>\n<li>Th\u01b0\u01a1ng hi\u1ec7u: TGL<\/li>\n<li>Gi\u1edbi t\u00ednh: Unisex<\/li>\n<li>T\u00ean: GT2RS \u2013 B\u1ea1c 911<\/li>\n<li>\u0110\u1ed9 tu\u1ed5i: &gt; 6 tu\u1ed5i<\/li>\n<li>S\u1ed1 m\u00f4 h\u00ecnh: T5026A<\/li>\n<li>Ph\u00e2n lo\u1ea1i: T\u1eadp h\u1ee3p<\/li>\n<li>H\u00ecnh d\u1ea1ng kh\u1ed1i nh\u1ef1a: G\u1ea1ch t\u1ef1 kh\u00f3a<\/li>\n<li>Ch\u1ea5t li\u1ec7u: Nh\u1ef1a<\/li>\n<li>Lo\u1ea1i nh\u1ef1a: ABS<\/li>\n<li>Kh\u1ed1i g\u1ea1ch: 3389 C\u00c1I<\/li>\n<li>Ch\u1ee9a h\u01b0\u1edbng d\u1eabn l\u1eafp r\u00e1p chi ti\u1ebft.<\/li>\n<\/ol>\n<p>\u0110\u1ec3 \u00fd:<br \/>\n1. Kh\u00f4ng c\u00f3 h\u1ed9p ban \u0111\u1ea7u, nh\u01b0ng ch\u00fang t\u00f4i \u0111\u1ea3m b\u1ea3o s\u1ea3n ph\u1ea9m c\u1ee7a ch\u00fang t\u00f4i c\u00f3 ch\u1ea5t l\u01b0\u1ee3ng \u0111\u1ea3m b\u1ea3o v\u00e0 bao b\u00ec \u0111\u1eb9p.<br \/>\n2. V\u00ec t\u1ea5t c\u1ea3 c\u00e1c b\u1ed9 ph\u1eadn ch\u00fang t\u00f4i \u0111\u00e3 ki\u1ec3m tra tr\u01b0\u1edbc khi v\u1eadn chuy\u1ec3n, v\u00ec v\u1eady n\u1ebfu b\u1ea1n th\u1ea5y m\u1ed9t s\u1ed1 b\u1ed9 ph\u1eadn b\u1ecb thi\u1ebfu ho\u1eb7c h\u01b0 h\u1ecfng, \u0111\u1eebng lo l\u1eafng v\u00e0 ch\u1ec9 c\u1ea7n vui l\u00f2ng li\u00ean h\u1ec7 v\u1edbi ch\u00fang t\u00f4i v\u00e0 ch\u00fang t\u00f4i c\u00f3 th\u1ec3 g\u1eedi l\u1ea1i mi\u1ec5n ph\u00ed cho b\u1ea1n ngay l\u1eadp t\u1ee9c.<\/p>\n<p>&nbsp;<\/p>\n<figure id=\"attachment_33039\" aria-describedby=\"caption-attachment-33039\" style=\"width: 800px\" class=\"wp-caption aligncenter\"><img fetchpriority=\"high\" decoding=\"async\" class=\"wp-image-33039 size-full\" src=\"https:\/\/mouldking.store\/wp-content\/uploads\/2022\/10\/Technic-TGL-T5026A-GT2RS-911-Silver-1.jpg\" alt=\"TGL T5026A GT2RS \u2013 911 Silver with 3389 Pieces\" width=\"800\" height=\"800\" title=\"-\" srcset=\"https:\/\/mouldking.store\/wp-content\/uploads\/2022\/10\/Technic-TGL-T5026A-GT2RS-911-Silver-1.jpg 800w, https:\/\/mouldking.store\/wp-content\/uploads\/2022\/10\/Technic-TGL-T5026A-GT2RS-911-Silver-1-300x300.jpg 300w, https:\/\/mouldking.store\/wp-content\/uploads\/2022\/10\/Technic-TGL-T5026A-GT2RS-911-Silver-1-768x768.jpg 768w, https:\/\/mouldking.store\/wp-content\/uploads\/2022\/10\/Technic-TGL-T5026A-GT2RS-911-Silver-1-600x600.jpg 600w, https:\/\/mouldking.store\/wp-content\/uploads\/2022\/10\/Technic-TGL-T5026A-GT2RS-911-Silver-1-150x150.jpg 150w, https:\/\/mouldking.store\/wp-content\/uploads\/2022\/10\/Technic-TGL-T5026A-GT2RS-911-Silver-1-60x60.jpg 60w, https:\/\/mouldking.store\/wp-content\/uploads\/2022\/10\/Technic-TGL-T5026A-GT2RS-911-Silver-1-90x90.jpg 90w\" sizes=\"(max-width: 800px) 100vw, 800px\" \/><figcaption id=\"caption-attachment-33039\" class=\"wp-caption-text\">TGL T5026A GT2RS \u2013 B\u1ea1c 911 v\u1edbi 3389 mi\u1ebfng<\/figcaption><\/figure>\n<figure id=\"attachment_33044\" aria-describedby=\"caption-attachment-33044\" style=\"width: 568px\" class=\"wp-caption aligncenter\"><img decoding=\"async\" class=\"wp-image-33044 size-full\" src=\"https:\/\/mouldking.store\/wp-content\/uploads\/2022\/10\/Technic-TGL-T5026A-GT2RS-911-Silver-6.jpg\" alt=\"TGL T5026A GT2RS \u2013 911 Silver with 3389 Pieces\" width=\"568\" height=\"1024\" title=\"-\" srcset=\"https:\/\/mouldking.store\/wp-content\/uploads\/2022\/10\/Technic-TGL-T5026A-GT2RS-911-Silver-6.jpg 568w, https:\/\/mouldking.store\/wp-content\/uploads\/2022\/10\/Technic-TGL-T5026A-GT2RS-911-Silver-6-166x300.jpg 166w, https:\/\/mouldking.store\/wp-content\/uploads\/2022\/10\/Technic-TGL-T5026A-GT2RS-911-Silver-6-300x541.jpg 300w, https:\/\/mouldking.store\/wp-content\/uploads\/2022\/10\/Technic-TGL-T5026A-GT2RS-911-Silver-6-83x150.jpg 83w, https:\/\/mouldking.store\/wp-content\/uploads\/2022\/10\/Technic-TGL-T5026A-GT2RS-911-Silver-6-33x60.jpg 33w, https:\/\/mouldking.store\/wp-content\/uploads\/2022\/10\/Technic-TGL-T5026A-GT2RS-911-Silver-6-50x90.jpg 50w\" sizes=\"(max-width: 568px) 100vw, 568px\" \/><figcaption id=\"caption-attachment-33044\" class=\"wp-caption-text\">TGL T5026A GT2RS \u2013 B\u1ea1c 911 v\u1edbi 3389 mi\u1ebfng<\/figcaption><\/figure>\n<figure id=\"attachment_33043\" aria-describedby=\"caption-attachment-33043\" style=\"width: 750px\" class=\"wp-caption aligncenter\"><img decoding=\"async\" class=\"wp-image-33043 size-full\" src=\"https:\/\/mouldking.store\/wp-content\/uploads\/2022\/10\/Technic-TGL-T5026A-GT2RS-911-Silver-5.jpg\" alt=\"TGL T5026A GT2RS \u2013 911 Silver with 3389 Pieces\" width=\"750\" height=\"540\" title=\"-\" srcset=\"https:\/\/mouldking.store\/wp-content\/uploads\/2022\/10\/Technic-TGL-T5026A-GT2RS-911-Silver-5.jpg 750w, https:\/\/mouldking.store\/wp-content\/uploads\/2022\/10\/Technic-TGL-T5026A-GT2RS-911-Silver-5-300x216.jpg 300w, https:\/\/mouldking.store\/wp-content\/uploads\/2022\/10\/Technic-TGL-T5026A-GT2RS-911-Silver-5-600x432.jpg 600w, https:\/\/mouldking.store\/wp-content\/uploads\/2022\/10\/Technic-TGL-T5026A-GT2RS-911-Silver-5-150x108.jpg 150w, https:\/\/mouldking.store\/wp-content\/uploads\/2022\/10\/Technic-TGL-T5026A-GT2RS-911-Silver-5-83x60.jpg 83w, https:\/\/mouldking.store\/wp-content\/uploads\/2022\/10\/Technic-TGL-T5026A-GT2RS-911-Silver-5-125x90.jpg 125w\" sizes=\"(max-width: 750px) 100vw, 750px\" \/><figcaption id=\"caption-attachment-33043\" class=\"wp-caption-text\">TGL T5026A GT2RS \u2013 B\u1ea1c 911 v\u1edbi 3389 mi\u1ebfng<\/figcaption><\/figure>\n<figure id=\"attachment_33041\" aria-describedby=\"caption-attachment-33041\" style=\"width: 507px\" class=\"wp-caption aligncenter\"><img loading=\"lazy\" decoding=\"async\" class=\"wp-image-33041 size-full\" src=\"https:\/\/mouldking.store\/wp-content\/uploads\/2022\/10\/Technic-TGL-T5026A-GT2RS-911-Silver-3.jpg\" alt=\"TGL T5026A GT2RS \u2013 911 Silver with 3389 Pieces\" width=\"507\" height=\"1024\" title=\"-\" srcset=\"https:\/\/mouldking.store\/wp-content\/uploads\/2022\/10\/Technic-TGL-T5026A-GT2RS-911-Silver-3.jpg 507w, https:\/\/mouldking.store\/wp-content\/uploads\/2022\/10\/Technic-TGL-T5026A-GT2RS-911-Silver-3-149x300.jpg 149w, https:\/\/mouldking.store\/wp-content\/uploads\/2022\/10\/Technic-TGL-T5026A-GT2RS-911-Silver-3-300x606.jpg 300w, https:\/\/mouldking.store\/wp-content\/uploads\/2022\/10\/Technic-TGL-T5026A-GT2RS-911-Silver-3-74x150.jpg 74w, https:\/\/mouldking.store\/wp-content\/uploads\/2022\/10\/Technic-TGL-T5026A-GT2RS-911-Silver-3-30x60.jpg 30w, https:\/\/mouldking.store\/wp-content\/uploads\/2022\/10\/Technic-TGL-T5026A-GT2RS-911-Silver-3-45x90.jpg 45w\" sizes=\"(max-width: 507px) 100vw, 507px\" \/><figcaption id=\"caption-attachment-33041\" class=\"wp-caption-text\">TGL T5026A GT2RS \u2013 B\u1ea1c 911 v\u1edbi 3389 mi\u1ebfng<\/figcaption><\/figure>\n<figure id=\"attachment_33040\" aria-describedby=\"caption-attachment-33040\" style=\"width: 750px\" class=\"wp-caption aligncenter\"><img loading=\"lazy\" decoding=\"async\" class=\"wp-image-33040 size-full\" src=\"https:\/\/mouldking.store\/wp-content\/uploads\/2022\/10\/Technic-TGL-T5026A-GT2RS-911-Silver-2.jpg\" alt=\"TGL T5026A GT2RS \u2013 911 Silver with 3389 Pieces\" width=\"750\" height=\"969\" title=\"-\" srcset=\"https:\/\/mouldking.store\/wp-content\/uploads\/2022\/10\/Technic-TGL-T5026A-GT2RS-911-Silver-2.jpg 750w, https:\/\/mouldking.store\/wp-content\/uploads\/2022\/10\/Technic-TGL-T5026A-GT2RS-911-Silver-2-232x300.jpg 232w, https:\/\/mouldking.store\/wp-content\/uploads\/2022\/10\/Technic-TGL-T5026A-GT2RS-911-Silver-2-300x388.jpg 300w, https:\/\/mouldking.store\/wp-content\/uploads\/2022\/10\/Technic-TGL-T5026A-GT2RS-911-Silver-2-600x775.jpg 600w, https:\/\/mouldking.store\/wp-content\/uploads\/2022\/10\/Technic-TGL-T5026A-GT2RS-911-Silver-2-116x150.jpg 116w, https:\/\/mouldking.store\/wp-content\/uploads\/2022\/10\/Technic-TGL-T5026A-GT2RS-911-Silver-2-46x60.jpg 46w, https:\/\/mouldking.store\/wp-content\/uploads\/2022\/10\/Technic-TGL-T5026A-GT2RS-911-Silver-2-70x90.jpg 70w\" sizes=\"(max-width: 750px) 100vw, 750px\" \/><figcaption id=\"caption-attachment-33040\" class=\"wp-caption-text\">TGL T5026A GT2RS \u2013 B\u1ea1c 911 v\u1edbi 3389 mi\u1ebfng<\/figcaption><\/figure>\n<figure id=\"attachment_33042\" aria-describedby=\"caption-attachment-33042\" style=\"width: 800px\" class=\"wp-caption aligncenter\"><img loading=\"lazy\" decoding=\"async\" class=\"wp-image-33042 size-full\" src=\"https:\/\/mouldking.store\/wp-content\/uploads\/2022\/10\/Technic-TGL-T5026A-GT2RS-911-Silver-4.jpg\" alt=\"TGL T5026A GT2RS \u2013 911 Silver with 3389 Pieces\" width=\"800\" height=\"800\" title=\"-\" srcset=\"https:\/\/mouldking.store\/wp-content\/uploads\/2022\/10\/Technic-TGL-T5026A-GT2RS-911-Silver-4.jpg 800w, https:\/\/mouldking.store\/wp-content\/uploads\/2022\/10\/Technic-TGL-T5026A-GT2RS-911-Silver-4-300x300.jpg 300w, https:\/\/mouldking.store\/wp-content\/uploads\/2022\/10\/Technic-TGL-T5026A-GT2RS-911-Silver-4-768x768.jpg 768w, https:\/\/mouldking.store\/wp-content\/uploads\/2022\/10\/Technic-TGL-T5026A-GT2RS-911-Silver-4-600x600.jpg 600w, https:\/\/mouldking.store\/wp-content\/uploads\/2022\/10\/Technic-TGL-T5026A-GT2RS-911-Silver-4-150x150.jpg 150w, https:\/\/mouldking.store\/wp-content\/uploads\/2022\/10\/Technic-TGL-T5026A-GT2RS-911-Silver-4-60x60.jpg 60w, https:\/\/mouldking.store\/wp-content\/uploads\/2022\/10\/Technic-TGL-T5026A-GT2RS-911-Silver-4-90x90.jpg 90w\" sizes=\"(max-width: 800px) 100vw, 800px\" \/><figcaption id=\"caption-attachment-33042\" class=\"wp-caption-text\">TGL T5026A GT2RS \u2013 B\u1ea1c 911 v\u1edbi 3389 mi\u1ebfng<\/figcaption><\/figure>","protected":false},"excerpt":{"rendered":"<p>Product information: Brand: TGL Gender: Unisex Name: GT2RS \u2013 911 Silver Age Range: &gt; 6 years old Model Number: T5026A Classification: Assemblage Plastic Block Shape: Self-Locking Bricks Material: Plastic Plastic Type: ABS Bricks Blocks: 3389 PCS Contains detailed assembly instructions. Notice: 1. Without an original box, but we guarantee our products have quality assurance and [&hellip;]<\/p>","protected":false},"featured_media":33039,"comment_status":"closed","ping_status":"closed","template":"","meta":{"_acf_changed":false},"product_cat":[364],"product_tag":[6070,6069,6068],"class_list":["product","first","instock","shipping-taxable","purchasable","product-type-variable"],"acf":[],"_links":{"self":[{"href":"https:\/\/mouldking.store\/vi\/wp-json\/wp\/v2\/product\/33038","targetHints":{"allow":["GET"]}}],"collection":[{"href":"https:\/\/mouldking.store\/vi\/wp-json\/wp\/v2\/product"}],"about":[{"href":"https:\/\/mouldking.store\/vi\/wp-json\/wp\/v2\/types\/product"}],"replies":[{"embeddable":true,"href":"https:\/\/mouldking.store\/vi\/wp-json\/wp\/v2\/comments?post=33038"}],"wp:featuredmedia":[{"embeddable":true,"href":"https:\/\/mouldking.store\/vi\/wp-json\/wp\/v2\/media\/33039"}],"wp:attachment":[{"href":"https:\/\/mouldking.store\/vi\/wp-json\/wp\/v2\/media?parent=33038"}],"wp:term":[{"taxonomy":"product_cat","embeddable":true,"href":"https:\/\/mouldking.store\/vi\/wp-json\/wp\/v2\/product_cat?post=33038"},{"taxonomy":"product_tag","embeddable":true,"href":"https:\/\/mouldking.store\/vi\/wp-json\/wp\/v2\/product_tag?post=33038"}],"curies":[{"name":"wp","href":"https:\/\/api.w.org\/{rel}","templated":true}]}}