{"id":33091,"date":"2022-10-13T12:18:23","date_gmt":"2022-10-13T05:18:23","guid":{"rendered":"https:\/\/mouldking.store\/?post_type=product&#038;p=33091"},"modified":"2025-12-25T09:12:25","modified_gmt":"2025-12-25T02:12:25","slug":"moc-117928-vecna-grandfather-clock-from-stranger-things-with-671-pieces","status":"publish","type":"product","link":"https:\/\/mouldking.store\/vi\/shop\/moc-117928-vecna-grandfather-clock-from-stranger-things-with-671-pieces\/","title":{"rendered":"MOC-117928 \u0110\u1ed3ng h\u1ed3 \u00f4ng n\u1ed9i Vecna t\u1eeb Stranger Things v\u1edbi 671 m\u1ea3nh gh\u00e9p"},"content":{"rendered":"<p>Th\u00f4ng tin s\u1ea3n ph\u1ea9m:<\/p>\n<ol>\n<li>Th\u01b0\u01a1ng hi\u1ec7u: M\u1ed8C<\/li>\n<li>Gi\u1edbi t\u00ednh: Unisex<\/li>\n<li>T\u00ean: \u0110\u1ed3ng h\u1ed3 \u00f4ng n\u1ed9i Vecna t\u1eeb Stranger Things<\/li>\n<li>\u0110\u1ed9 tu\u1ed5i: &gt; 6 tu\u1ed5i<\/li>\n<li>S\u1ed1 m\u00f4 h\u00ecnh: C9129<\/li>\n<li>Ph\u00e2n lo\u1ea1i: T\u1eadp h\u1ee3p<\/li>\n<li>H\u00ecnh d\u1ea1ng kh\u1ed1i nh\u1ef1a: G\u1ea1ch t\u1ef1 kh\u00f3a<\/li>\n<li>Ch\u1ea5t li\u1ec7u: Nh\u1ef1a<\/li>\n<li>Lo\u1ea1i nh\u1ef1a: ABS<\/li>\n<li>Kh\u1ed1i g\u1ea1ch: 671 C\u00c1I<\/li>\n<li>K\u00edch th\u01b0\u1edbc: 19,2 x 9,6 x 35 cm<\/li>\n<li>C\u00e2n n\u1eb7ng: 0,8kg<\/li>\n<li>Ch\u1ee9a h\u01b0\u1edbng d\u1eabn l\u1eafp r\u00e1p chi ti\u1ebft.<\/li>\n<\/ol>\n<p>\u0110\u1ec3 \u00fd:<br \/>\n1. Kh\u00f4ng c\u00f3 h\u1ed9p ban \u0111\u1ea7u, nh\u01b0ng ch\u00fang t\u00f4i \u0111\u1ea3m b\u1ea3o s\u1ea3n ph\u1ea9m c\u1ee7a ch\u00fang t\u00f4i c\u00f3 ch\u1ea5t l\u01b0\u1ee3ng \u0111\u1ea3m b\u1ea3o v\u00e0 bao b\u00ec \u0111\u1eb9p.<br \/>\n2. V\u00ec t\u1ea5t c\u1ea3 c\u00e1c b\u1ed9 ph\u1eadn ch\u00fang t\u00f4i \u0111\u00e3 ki\u1ec3m tra tr\u01b0\u1edbc khi v\u1eadn chuy\u1ec3n, v\u00ec v\u1eady n\u1ebfu b\u1ea1n th\u1ea5y m\u1ed9t s\u1ed1 b\u1ed9 ph\u1eadn b\u1ecb thi\u1ebfu ho\u1eb7c h\u01b0 h\u1ecfng, \u0111\u1eebng lo l\u1eafng v\u00e0 ch\u1ec9 c\u1ea7n vui l\u00f2ng li\u00ean h\u1ec7 v\u1edbi ch\u00fang t\u00f4i v\u00e0 ch\u00fang t\u00f4i c\u00f3 th\u1ec3 g\u1eedi l\u1ea1i mi\u1ec5n ph\u00ed cho b\u1ea1n ngay l\u1eadp t\u1ee9c.<\/p>\n<p>&nbsp;<\/p>\n<figure id=\"attachment_33092\" aria-describedby=\"caption-attachment-33092\" style=\"width: 1024px\" class=\"wp-caption aligncenter\"><img fetchpriority=\"high\" decoding=\"async\" class=\"wp-image-33092 size-large\" src=\"https:\/\/mouldking.store\/wp-content\/uploads\/2022\/10\/Movie-MOC-117928-Vecna-Grandfather-Clock-from-Stranger-Things-MOCBRICKLAND-1024x1024.png\" alt=\"MOC-117928 Vecna Grandfather Clock from Stranger Things with 671 Pieces\" width=\"1024\" height=\"1024\" title=\"-\" srcset=\"https:\/\/mouldking.store\/wp-content\/uploads\/2022\/10\/Movie-MOC-117928-Vecna-Grandfather-Clock-from-Stranger-Things-MOCBRICKLAND-1024x1024.png 1024w, https:\/\/mouldking.store\/wp-content\/uploads\/2022\/10\/Movie-MOC-117928-Vecna-Grandfather-Clock-from-Stranger-Things-MOCBRICKLAND-300x300.png 300w, https:\/\/mouldking.store\/wp-content\/uploads\/2022\/10\/Movie-MOC-117928-Vecna-Grandfather-Clock-from-Stranger-Things-MOCBRICKLAND-768x768.png 768w, https:\/\/mouldking.store\/wp-content\/uploads\/2022\/10\/Movie-MOC-117928-Vecna-Grandfather-Clock-from-Stranger-Things-MOCBRICKLAND-1536x1536.png 1536w, https:\/\/mouldking.store\/wp-content\/uploads\/2022\/10\/Movie-MOC-117928-Vecna-Grandfather-Clock-from-Stranger-Things-MOCBRICKLAND-2048x2048.png 2048w, https:\/\/mouldking.store\/wp-content\/uploads\/2022\/10\/Movie-MOC-117928-Vecna-Grandfather-Clock-from-Stranger-Things-MOCBRICKLAND-600x600.png 600w, https:\/\/mouldking.store\/wp-content\/uploads\/2022\/10\/Movie-MOC-117928-Vecna-Grandfather-Clock-from-Stranger-Things-MOCBRICKLAND-150x150.png 150w, https:\/\/mouldking.store\/wp-content\/uploads\/2022\/10\/Movie-MOC-117928-Vecna-Grandfather-Clock-from-Stranger-Things-MOCBRICKLAND-60x60.png 60w, https:\/\/mouldking.store\/wp-content\/uploads\/2022\/10\/Movie-MOC-117928-Vecna-Grandfather-Clock-from-Stranger-Things-MOCBRICKLAND-90x90.png 90w\" sizes=\"(max-width: 1024px) 100vw, 1024px\" \/><figcaption id=\"caption-attachment-33092\" class=\"wp-caption-text\">MOC-117928 \u0110\u1ed3ng h\u1ed3 \u00f4ng n\u1ed9i Vecna t\u1eeb Stranger Things v\u1edbi 671 m\u1ea3nh gh\u00e9p<\/figcaption><\/figure>\n<figure id=\"attachment_33095\" aria-describedby=\"caption-attachment-33095\" style=\"width: 800px\" class=\"wp-caption aligncenter\"><img decoding=\"async\" class=\"wp-image-33095 size-full\" src=\"https:\/\/mouldking.store\/wp-content\/uploads\/2022\/10\/Movie-MOC-117928-Vecna-Grandfather-Clock-from-Stranger-Things-MOCBRICKLAND-2.jpg\" alt=\"MOC-117928 Vecna Grandfather Clock from Stranger Things with 671 Pieces\" width=\"800\" height=\"800\" title=\"-\" srcset=\"https:\/\/mouldking.store\/wp-content\/uploads\/2022\/10\/Movie-MOC-117928-Vecna-Grandfather-Clock-from-Stranger-Things-MOCBRICKLAND-2.jpg 800w, https:\/\/mouldking.store\/wp-content\/uploads\/2022\/10\/Movie-MOC-117928-Vecna-Grandfather-Clock-from-Stranger-Things-MOCBRICKLAND-2-300x300.jpg 300w, https:\/\/mouldking.store\/wp-content\/uploads\/2022\/10\/Movie-MOC-117928-Vecna-Grandfather-Clock-from-Stranger-Things-MOCBRICKLAND-2-768x768.jpg 768w, https:\/\/mouldking.store\/wp-content\/uploads\/2022\/10\/Movie-MOC-117928-Vecna-Grandfather-Clock-from-Stranger-Things-MOCBRICKLAND-2-600x600.jpg 600w, https:\/\/mouldking.store\/wp-content\/uploads\/2022\/10\/Movie-MOC-117928-Vecna-Grandfather-Clock-from-Stranger-Things-MOCBRICKLAND-2-150x150.jpg 150w, https:\/\/mouldking.store\/wp-content\/uploads\/2022\/10\/Movie-MOC-117928-Vecna-Grandfather-Clock-from-Stranger-Things-MOCBRICKLAND-2-60x60.jpg 60w, https:\/\/mouldking.store\/wp-content\/uploads\/2022\/10\/Movie-MOC-117928-Vecna-Grandfather-Clock-from-Stranger-Things-MOCBRICKLAND-2-90x90.jpg 90w\" sizes=\"(max-width: 800px) 100vw, 800px\" \/><figcaption id=\"caption-attachment-33095\" class=\"wp-caption-text\">MOC-117928 \u0110\u1ed3ng h\u1ed3 \u00f4ng n\u1ed9i Vecna t\u1eeb Stranger Things v\u1edbi 671 m\u1ea3nh gh\u00e9p<\/figcaption><\/figure>\n<figure id=\"attachment_33094\" aria-describedby=\"caption-attachment-33094\" style=\"width: 800px\" class=\"wp-caption aligncenter\"><img decoding=\"async\" class=\"wp-image-33094 size-full\" src=\"https:\/\/mouldking.store\/wp-content\/uploads\/2022\/10\/Movie-MOC-117928-Vecna-Grandfather-Clock-from-Stranger-Things-MOCBRICKLAND-3.jpg\" alt=\"MOC-117928 Vecna Grandfather Clock from Stranger Things with 671 Pieces\" width=\"800\" height=\"800\" title=\"-\" srcset=\"https:\/\/mouldking.store\/wp-content\/uploads\/2022\/10\/Movie-MOC-117928-Vecna-Grandfather-Clock-from-Stranger-Things-MOCBRICKLAND-3.jpg 800w, https:\/\/mouldking.store\/wp-content\/uploads\/2022\/10\/Movie-MOC-117928-Vecna-Grandfather-Clock-from-Stranger-Things-MOCBRICKLAND-3-300x300.jpg 300w, https:\/\/mouldking.store\/wp-content\/uploads\/2022\/10\/Movie-MOC-117928-Vecna-Grandfather-Clock-from-Stranger-Things-MOCBRICKLAND-3-768x768.jpg 768w, https:\/\/mouldking.store\/wp-content\/uploads\/2022\/10\/Movie-MOC-117928-Vecna-Grandfather-Clock-from-Stranger-Things-MOCBRICKLAND-3-600x600.jpg 600w, https:\/\/mouldking.store\/wp-content\/uploads\/2022\/10\/Movie-MOC-117928-Vecna-Grandfather-Clock-from-Stranger-Things-MOCBRICKLAND-3-150x150.jpg 150w, https:\/\/mouldking.store\/wp-content\/uploads\/2022\/10\/Movie-MOC-117928-Vecna-Grandfather-Clock-from-Stranger-Things-MOCBRICKLAND-3-60x60.jpg 60w, https:\/\/mouldking.store\/wp-content\/uploads\/2022\/10\/Movie-MOC-117928-Vecna-Grandfather-Clock-from-Stranger-Things-MOCBRICKLAND-3-90x90.jpg 90w\" sizes=\"(max-width: 800px) 100vw, 800px\" \/><figcaption id=\"caption-attachment-33094\" class=\"wp-caption-text\">MOC-117928 \u0110\u1ed3ng h\u1ed3 \u00f4ng n\u1ed9i Vecna t\u1eeb Stranger Things v\u1edbi 671 m\u1ea3nh gh\u00e9p<\/figcaption><\/figure>\n<figure id=\"attachment_33093\" aria-describedby=\"caption-attachment-33093\" style=\"width: 800px\" class=\"wp-caption aligncenter\"><img loading=\"lazy\" decoding=\"async\" class=\"wp-image-33093 size-full\" src=\"https:\/\/mouldking.store\/wp-content\/uploads\/2022\/10\/Movie-MOC-117928-Vecna-Grandfather-Clock-from-Stranger-Things-MOCBRICKLAND-4.jpg\" alt=\"MOC-117928 Vecna Grandfather Clock from Stranger Things with 671 Pieces\" width=\"800\" height=\"800\" title=\"-\" srcset=\"https:\/\/mouldking.store\/wp-content\/uploads\/2022\/10\/Movie-MOC-117928-Vecna-Grandfather-Clock-from-Stranger-Things-MOCBRICKLAND-4.jpg 800w, https:\/\/mouldking.store\/wp-content\/uploads\/2022\/10\/Movie-MOC-117928-Vecna-Grandfather-Clock-from-Stranger-Things-MOCBRICKLAND-4-300x300.jpg 300w, https:\/\/mouldking.store\/wp-content\/uploads\/2022\/10\/Movie-MOC-117928-Vecna-Grandfather-Clock-from-Stranger-Things-MOCBRICKLAND-4-768x768.jpg 768w, https:\/\/mouldking.store\/wp-content\/uploads\/2022\/10\/Movie-MOC-117928-Vecna-Grandfather-Clock-from-Stranger-Things-MOCBRICKLAND-4-600x600.jpg 600w, https:\/\/mouldking.store\/wp-content\/uploads\/2022\/10\/Movie-MOC-117928-Vecna-Grandfather-Clock-from-Stranger-Things-MOCBRICKLAND-4-150x150.jpg 150w, https:\/\/mouldking.store\/wp-content\/uploads\/2022\/10\/Movie-MOC-117928-Vecna-Grandfather-Clock-from-Stranger-Things-MOCBRICKLAND-4-60x60.jpg 60w, https:\/\/mouldking.store\/wp-content\/uploads\/2022\/10\/Movie-MOC-117928-Vecna-Grandfather-Clock-from-Stranger-Things-MOCBRICKLAND-4-90x90.jpg 90w\" sizes=\"(max-width: 800px) 100vw, 800px\" \/><figcaption id=\"caption-attachment-33093\" class=\"wp-caption-text\">MOC-117928 \u0110\u1ed3ng h\u1ed3 \u00f4ng n\u1ed9i Vecna t\u1eeb Stranger Things v\u1edbi 671 m\u1ea3nh gh\u00e9p<\/figcaption><\/figure>\n<figure id=\"attachment_33097\" aria-describedby=\"caption-attachment-33097\" style=\"width: 800px\" class=\"wp-caption aligncenter\"><img loading=\"lazy\" decoding=\"async\" class=\"wp-image-33097 size-full\" src=\"https:\/\/mouldking.store\/wp-content\/uploads\/2022\/10\/Movie-MOC-117928-Vecna-Grandfather-Clock-from-Stranger-Things-MOCBRICKLAND-5.jpg\" alt=\"MOC-117928 Vecna Grandfather Clock from Stranger Things with 671 Pieces\" width=\"800\" height=\"800\" title=\"-\" srcset=\"https:\/\/mouldking.store\/wp-content\/uploads\/2022\/10\/Movie-MOC-117928-Vecna-Grandfather-Clock-from-Stranger-Things-MOCBRICKLAND-5.jpg 800w, https:\/\/mouldking.store\/wp-content\/uploads\/2022\/10\/Movie-MOC-117928-Vecna-Grandfather-Clock-from-Stranger-Things-MOCBRICKLAND-5-300x300.jpg 300w, https:\/\/mouldking.store\/wp-content\/uploads\/2022\/10\/Movie-MOC-117928-Vecna-Grandfather-Clock-from-Stranger-Things-MOCBRICKLAND-5-768x768.jpg 768w, https:\/\/mouldking.store\/wp-content\/uploads\/2022\/10\/Movie-MOC-117928-Vecna-Grandfather-Clock-from-Stranger-Things-MOCBRICKLAND-5-600x600.jpg 600w, https:\/\/mouldking.store\/wp-content\/uploads\/2022\/10\/Movie-MOC-117928-Vecna-Grandfather-Clock-from-Stranger-Things-MOCBRICKLAND-5-150x150.jpg 150w, https:\/\/mouldking.store\/wp-content\/uploads\/2022\/10\/Movie-MOC-117928-Vecna-Grandfather-Clock-from-Stranger-Things-MOCBRICKLAND-5-60x60.jpg 60w, https:\/\/mouldking.store\/wp-content\/uploads\/2022\/10\/Movie-MOC-117928-Vecna-Grandfather-Clock-from-Stranger-Things-MOCBRICKLAND-5-90x90.jpg 90w\" sizes=\"(max-width: 800px) 100vw, 800px\" \/><figcaption id=\"caption-attachment-33097\" class=\"wp-caption-text\">MOC-117928 \u0110\u1ed3ng h\u1ed3 \u00f4ng n\u1ed9i Vecna t\u1eeb Stranger Things v\u1edbi 671 m\u1ea3nh gh\u00e9p<\/figcaption><\/figure>\n<figure id=\"attachment_33096\" aria-describedby=\"caption-attachment-33096\" style=\"width: 800px\" class=\"wp-caption aligncenter\"><img loading=\"lazy\" decoding=\"async\" class=\"wp-image-33096 size-full\" src=\"https:\/\/mouldking.store\/wp-content\/uploads\/2022\/10\/Movie-MOC-117928-Vecna-Grandfather-Clock-from-Stranger-Things-MOCBRICKLAND-1.jpg\" alt=\"MOC-117928 Vecna Grandfather Clock from Stranger Things with 671 Pieces\" width=\"800\" height=\"1196\" title=\"-\" srcset=\"https:\/\/mouldking.store\/wp-content\/uploads\/2022\/10\/Movie-MOC-117928-Vecna-Grandfather-Clock-from-Stranger-Things-MOCBRICKLAND-1.jpg 800w, https:\/\/mouldking.store\/wp-content\/uploads\/2022\/10\/Movie-MOC-117928-Vecna-Grandfather-Clock-from-Stranger-Things-MOCBRICKLAND-1-201x300.jpg 201w, https:\/\/mouldking.store\/wp-content\/uploads\/2022\/10\/Movie-MOC-117928-Vecna-Grandfather-Clock-from-Stranger-Things-MOCBRICKLAND-1-685x1024.jpg 685w, https:\/\/mouldking.store\/wp-content\/uploads\/2022\/10\/Movie-MOC-117928-Vecna-Grandfather-Clock-from-Stranger-Things-MOCBRICKLAND-1-768x1148.jpg 768w, https:\/\/mouldking.store\/wp-content\/uploads\/2022\/10\/Movie-MOC-117928-Vecna-Grandfather-Clock-from-Stranger-Things-MOCBRICKLAND-1-300x449.jpg 300w, https:\/\/mouldking.store\/wp-content\/uploads\/2022\/10\/Movie-MOC-117928-Vecna-Grandfather-Clock-from-Stranger-Things-MOCBRICKLAND-1-600x897.jpg 600w, https:\/\/mouldking.store\/wp-content\/uploads\/2022\/10\/Movie-MOC-117928-Vecna-Grandfather-Clock-from-Stranger-Things-MOCBRICKLAND-1-100x150.jpg 100w, https:\/\/mouldking.store\/wp-content\/uploads\/2022\/10\/Movie-MOC-117928-Vecna-Grandfather-Clock-from-Stranger-Things-MOCBRICKLAND-1-40x60.jpg 40w, https:\/\/mouldking.store\/wp-content\/uploads\/2022\/10\/Movie-MOC-117928-Vecna-Grandfather-Clock-from-Stranger-Things-MOCBRICKLAND-1-60x90.jpg 60w\" sizes=\"(max-width: 800px) 100vw, 800px\" \/><figcaption id=\"caption-attachment-33096\" class=\"wp-caption-text\">MOC-117928 \u0110\u1ed3ng h\u1ed3 \u00f4ng n\u1ed9i Vecna t\u1eeb Stranger Things v\u1edbi 671 m\u1ea3nh gh\u00e9p<\/figcaption><\/figure>","protected":false},"excerpt":{"rendered":"<p>Product information: Brand: MOC Gender: Unisex Name: Vecna Grandfather Clock from Stranger Things Age Range: &gt; 6 years old Model Number: C9129 Classification: Assemblage Plastic Block Shape: Self-Locking Bricks Material: Plastic Plastic Type: ABS Bricks Blocks: 671 PCS Dimensions: 19.2 x 9.6 x 35 cm Weight: 0.8 kg Contains detailed assembly instructions. Notice: 1. Without [&hellip;]<\/p>","protected":false},"featured_media":33092,"comment_status":"closed","ping_status":"closed","template":"","meta":{"_acf_changed":false},"product_cat":[581],"product_tag":[6086,6085,6084,5944,6087],"class_list":["product","first","instock","shipping-taxable","purchasable","product-type-simple"],"acf":[],"_links":{"self":[{"href":"https:\/\/mouldking.store\/vi\/wp-json\/wp\/v2\/product\/33091","targetHints":{"allow":["GET"]}}],"collection":[{"href":"https:\/\/mouldking.store\/vi\/wp-json\/wp\/v2\/product"}],"about":[{"href":"https:\/\/mouldking.store\/vi\/wp-json\/wp\/v2\/types\/product"}],"replies":[{"embeddable":true,"href":"https:\/\/mouldking.store\/vi\/wp-json\/wp\/v2\/comments?post=33091"}],"wp:featuredmedia":[{"embeddable":true,"href":"https:\/\/mouldking.store\/vi\/wp-json\/wp\/v2\/media\/33092"}],"wp:attachment":[{"href":"https:\/\/mouldking.store\/vi\/wp-json\/wp\/v2\/media?parent=33091"}],"wp:term":[{"taxonomy":"product_cat","embeddable":true,"href":"https:\/\/mouldking.store\/vi\/wp-json\/wp\/v2\/product_cat?post=33091"},{"taxonomy":"product_tag","embeddable":true,"href":"https:\/\/mouldking.store\/vi\/wp-json\/wp\/v2\/product_tag?post=33091"}],"curies":[{"name":"wp","href":"https:\/\/api.w.org\/{rel}","templated":true}]}}