{"id":33152,"date":"2022-10-13T16:11:21","date_gmt":"2022-10-13T09:11:21","guid":{"rendered":"https:\/\/mouldking.store\/?post_type=product&#038;p=33152"},"modified":"2025-12-25T09:12:25","modified_gmt":"2025-12-25T02:12:25","slug":"moc-89583-stand-compatible-with-zelda-horizon-zero-dawn-with-521-pieces","status":"publish","type":"product","link":"https:\/\/mouldking.store\/vi\/shop\/moc-89583-stand-compatible-with-zelda-horizon-zero-dawn-with-521-pieces\/","title":{"rendered":"Ch\u00e2n \u0111\u1ebf MOC 89583 T\u01b0\u01a1ng th\u00edch v\u1edbi Zelda\/Horizon Zero Dawn v\u1edbi 521 mi\u1ebfng"},"content":{"rendered":"<p>Th\u00f4ng tin s\u1ea3n ph\u1ea9m:<\/p>\n<ol>\n<li>Th\u01b0\u01a1ng hi\u1ec7u: M\u1ed8C<\/li>\n<li>Gi\u1edbi t\u00ednh: Unisex<\/li>\n<li>T\u00ean: Gi\u00e1 \u0111\u1ee1 t\u01b0\u01a1ng th\u00edch v\u1edbi Zelda\/Horizon Zero Dawn<\/li>\n<li>\u0110\u1ed9 tu\u1ed5i: &gt; 6 tu\u1ed5i<\/li>\n<li>S\u1ed1 m\u00f4 h\u00ecnh: C9131<\/li>\n<li>Ph\u00e2n lo\u1ea1i: T\u1eadp h\u1ee3p<\/li>\n<li>H\u00ecnh d\u1ea1ng kh\u1ed1i nh\u1ef1a: G\u1ea1ch t\u1ef1 kh\u00f3a<\/li>\n<li>Ch\u1ea5t li\u1ec7u: Nh\u1ef1a<\/li>\n<li>Lo\u1ea1i nh\u1ef1a: ABS<\/li>\n<li>Kh\u1ed1i g\u1ea1ch: 521 C\u00c1I<\/li>\n<li>K\u00edch th\u01b0\u1edbc: 31,8 x 26,4 x 18,5 cm<\/li>\n<li>C\u00e2n n\u1eb7ng: 0,58kg<\/li>\n<li>Ch\u1ee9a h\u01b0\u1edbng d\u1eabn l\u1eafp r\u00e1p chi ti\u1ebft.<\/li>\n<\/ol>\n<p>\u0110\u1ec3 \u00fd:<br \/>\n1. Kh\u00f4ng c\u00f3 h\u1ed9p ban \u0111\u1ea7u, nh\u01b0ng ch\u00fang t\u00f4i \u0111\u1ea3m b\u1ea3o s\u1ea3n ph\u1ea9m c\u1ee7a ch\u00fang t\u00f4i c\u00f3 ch\u1ea5t l\u01b0\u1ee3ng \u0111\u1ea3m b\u1ea3o v\u00e0 bao b\u00ec \u0111\u1eb9p.<br \/>\n2. V\u00ec t\u1ea5t c\u1ea3 c\u00e1c b\u1ed9 ph\u1eadn ch\u00fang t\u00f4i \u0111\u00e3 ki\u1ec3m tra tr\u01b0\u1edbc khi v\u1eadn chuy\u1ec3n, v\u00ec v\u1eady n\u1ebfu b\u1ea1n th\u1ea5y m\u1ed9t s\u1ed1 b\u1ed9 ph\u1eadn b\u1ecb thi\u1ebfu ho\u1eb7c h\u01b0 h\u1ecfng, \u0111\u1eebng lo l\u1eafng v\u00e0 ch\u1ec9 c\u1ea7n vui l\u00f2ng li\u00ean h\u1ec7 v\u1edbi ch\u00fang t\u00f4i v\u00e0 ch\u00fang t\u00f4i c\u00f3 th\u1ec3 g\u1eedi l\u1ea1i mi\u1ec5n ph\u00ed cho b\u1ea1n ngay l\u1eadp t\u1ee9c.<\/p>\n<figure id=\"attachment_33162\" aria-describedby=\"caption-attachment-33162\" style=\"width: 1024px\" class=\"wp-caption aligncenter\"><img fetchpriority=\"high\" decoding=\"async\" class=\"wp-image-33162 size-large\" src=\"https:\/\/mouldking.store\/wp-content\/uploads\/2022\/10\/Creator-MOC-89583-Stand-Compatible-With-ZeldaHorizon-Zero-Dawn-MOCBRICKLAND-1024x1024.png\" alt=\"MOC 89583 Stand Compatible With Zelda\/Horizon Zero Dawn with 521 Pieces\" width=\"1024\" height=\"1024\" title=\"-\" srcset=\"https:\/\/mouldking.store\/wp-content\/uploads\/2022\/10\/Creator-MOC-89583-Stand-Compatible-With-ZeldaHorizon-Zero-Dawn-MOCBRICKLAND-1024x1024.png 1024w, https:\/\/mouldking.store\/wp-content\/uploads\/2022\/10\/Creator-MOC-89583-Stand-Compatible-With-ZeldaHorizon-Zero-Dawn-MOCBRICKLAND-300x300.png 300w, https:\/\/mouldking.store\/wp-content\/uploads\/2022\/10\/Creator-MOC-89583-Stand-Compatible-With-ZeldaHorizon-Zero-Dawn-MOCBRICKLAND-768x768.png 768w, https:\/\/mouldking.store\/wp-content\/uploads\/2022\/10\/Creator-MOC-89583-Stand-Compatible-With-ZeldaHorizon-Zero-Dawn-MOCBRICKLAND-1536x1536.png 1536w, https:\/\/mouldking.store\/wp-content\/uploads\/2022\/10\/Creator-MOC-89583-Stand-Compatible-With-ZeldaHorizon-Zero-Dawn-MOCBRICKLAND-2048x2048.png 2048w, https:\/\/mouldking.store\/wp-content\/uploads\/2022\/10\/Creator-MOC-89583-Stand-Compatible-With-ZeldaHorizon-Zero-Dawn-MOCBRICKLAND-600x600.png 600w, https:\/\/mouldking.store\/wp-content\/uploads\/2022\/10\/Creator-MOC-89583-Stand-Compatible-With-ZeldaHorizon-Zero-Dawn-MOCBRICKLAND-150x150.png 150w, https:\/\/mouldking.store\/wp-content\/uploads\/2022\/10\/Creator-MOC-89583-Stand-Compatible-With-ZeldaHorizon-Zero-Dawn-MOCBRICKLAND-60x60.png 60w, https:\/\/mouldking.store\/wp-content\/uploads\/2022\/10\/Creator-MOC-89583-Stand-Compatible-With-ZeldaHorizon-Zero-Dawn-MOCBRICKLAND-90x90.png 90w\" sizes=\"(max-width: 1024px) 100vw, 1024px\" \/><figcaption id=\"caption-attachment-33162\" class=\"wp-caption-text\">Ch\u00e2n \u0111\u1ebf MOC 89583 T\u01b0\u01a1ng th\u00edch v\u1edbi Zelda\/Horizon Zero Dawn v\u1edbi 521 mi\u1ebfng<\/figcaption><\/figure>\n<figure id=\"attachment_33156\" aria-describedby=\"caption-attachment-33156\" style=\"width: 800px\" class=\"wp-caption aligncenter\"><img decoding=\"async\" class=\"wp-image-33156 size-full\" src=\"https:\/\/mouldking.store\/wp-content\/uploads\/2022\/10\/Creator-MOC-89583-Stand-Compatible-With-ZeldaHorizon-Zero-Dawn-MOCBRICKLAND-9.jpg\" alt=\"MOC 89583 Stand Compatible With Zelda\/Horizon Zero Dawn with 521 Pieces\" width=\"800\" height=\"800\" title=\"-\" srcset=\"https:\/\/mouldking.store\/wp-content\/uploads\/2022\/10\/Creator-MOC-89583-Stand-Compatible-With-ZeldaHorizon-Zero-Dawn-MOCBRICKLAND-9.jpg 800w, https:\/\/mouldking.store\/wp-content\/uploads\/2022\/10\/Creator-MOC-89583-Stand-Compatible-With-ZeldaHorizon-Zero-Dawn-MOCBRICKLAND-9-300x300.jpg 300w, https:\/\/mouldking.store\/wp-content\/uploads\/2022\/10\/Creator-MOC-89583-Stand-Compatible-With-ZeldaHorizon-Zero-Dawn-MOCBRICKLAND-9-768x768.jpg 768w, https:\/\/mouldking.store\/wp-content\/uploads\/2022\/10\/Creator-MOC-89583-Stand-Compatible-With-ZeldaHorizon-Zero-Dawn-MOCBRICKLAND-9-600x600.jpg 600w, https:\/\/mouldking.store\/wp-content\/uploads\/2022\/10\/Creator-MOC-89583-Stand-Compatible-With-ZeldaHorizon-Zero-Dawn-MOCBRICKLAND-9-150x150.jpg 150w, https:\/\/mouldking.store\/wp-content\/uploads\/2022\/10\/Creator-MOC-89583-Stand-Compatible-With-ZeldaHorizon-Zero-Dawn-MOCBRICKLAND-9-60x60.jpg 60w, https:\/\/mouldking.store\/wp-content\/uploads\/2022\/10\/Creator-MOC-89583-Stand-Compatible-With-ZeldaHorizon-Zero-Dawn-MOCBRICKLAND-9-90x90.jpg 90w\" sizes=\"(max-width: 800px) 100vw, 800px\" \/><figcaption id=\"caption-attachment-33156\" class=\"wp-caption-text\">Ch\u00e2n \u0111\u1ebf MOC 89583 T\u01b0\u01a1ng th\u00edch v\u1edbi Zelda\/Horizon Zero Dawn v\u1edbi 521 mi\u1ebfng<\/figcaption><\/figure>\n<figure id=\"attachment_33161\" aria-describedby=\"caption-attachment-33161\" style=\"width: 800px\" class=\"wp-caption aligncenter\"><img decoding=\"async\" class=\"wp-image-33161 size-full\" src=\"https:\/\/mouldking.store\/wp-content\/uploads\/2022\/10\/Creator-MOC-89583-Stand-Compatible-With-ZeldaHorizon-Zero-Dawn-MOCBRICKLAND-4.jpg\" alt=\"MOC 89583 Stand Compatible With Zelda\/Horizon Zero Dawn with 521 Pieces\" width=\"800\" height=\"800\" title=\"-\" srcset=\"https:\/\/mouldking.store\/wp-content\/uploads\/2022\/10\/Creator-MOC-89583-Stand-Compatible-With-ZeldaHorizon-Zero-Dawn-MOCBRICKLAND-4.jpg 800w, https:\/\/mouldking.store\/wp-content\/uploads\/2022\/10\/Creator-MOC-89583-Stand-Compatible-With-ZeldaHorizon-Zero-Dawn-MOCBRICKLAND-4-300x300.jpg 300w, https:\/\/mouldking.store\/wp-content\/uploads\/2022\/10\/Creator-MOC-89583-Stand-Compatible-With-ZeldaHorizon-Zero-Dawn-MOCBRICKLAND-4-768x768.jpg 768w, https:\/\/mouldking.store\/wp-content\/uploads\/2022\/10\/Creator-MOC-89583-Stand-Compatible-With-ZeldaHorizon-Zero-Dawn-MOCBRICKLAND-4-600x600.jpg 600w, https:\/\/mouldking.store\/wp-content\/uploads\/2022\/10\/Creator-MOC-89583-Stand-Compatible-With-ZeldaHorizon-Zero-Dawn-MOCBRICKLAND-4-150x150.jpg 150w, https:\/\/mouldking.store\/wp-content\/uploads\/2022\/10\/Creator-MOC-89583-Stand-Compatible-With-ZeldaHorizon-Zero-Dawn-MOCBRICKLAND-4-60x60.jpg 60w, https:\/\/mouldking.store\/wp-content\/uploads\/2022\/10\/Creator-MOC-89583-Stand-Compatible-With-ZeldaHorizon-Zero-Dawn-MOCBRICKLAND-4-90x90.jpg 90w\" sizes=\"(max-width: 800px) 100vw, 800px\" \/><figcaption id=\"caption-attachment-33161\" class=\"wp-caption-text\">Ch\u00e2n \u0111\u1ebf MOC 89583 T\u01b0\u01a1ng th\u00edch v\u1edbi Zelda\/Horizon Zero Dawn v\u1edbi 521 mi\u1ebfng<\/figcaption><\/figure>\n<figure id=\"attachment_33154\" aria-describedby=\"caption-attachment-33154\" style=\"width: 800px\" class=\"wp-caption aligncenter\"><img loading=\"lazy\" decoding=\"async\" class=\"wp-image-33154 size-full\" src=\"https:\/\/mouldking.store\/wp-content\/uploads\/2022\/10\/Creator-MOC-89583-Stand-Compatible-With-ZeldaHorizon-Zero-Dawn-MOCBRICKLAND-2.jpg\" alt=\"MOC 89583 Stand Compatible With Zelda\/Horizon Zero Dawn with 521 Pieces\" width=\"800\" height=\"800\" title=\"-\" srcset=\"https:\/\/mouldking.store\/wp-content\/uploads\/2022\/10\/Creator-MOC-89583-Stand-Compatible-With-ZeldaHorizon-Zero-Dawn-MOCBRICKLAND-2.jpg 800w, https:\/\/mouldking.store\/wp-content\/uploads\/2022\/10\/Creator-MOC-89583-Stand-Compatible-With-ZeldaHorizon-Zero-Dawn-MOCBRICKLAND-2-300x300.jpg 300w, https:\/\/mouldking.store\/wp-content\/uploads\/2022\/10\/Creator-MOC-89583-Stand-Compatible-With-ZeldaHorizon-Zero-Dawn-MOCBRICKLAND-2-768x768.jpg 768w, https:\/\/mouldking.store\/wp-content\/uploads\/2022\/10\/Creator-MOC-89583-Stand-Compatible-With-ZeldaHorizon-Zero-Dawn-MOCBRICKLAND-2-600x600.jpg 600w, https:\/\/mouldking.store\/wp-content\/uploads\/2022\/10\/Creator-MOC-89583-Stand-Compatible-With-ZeldaHorizon-Zero-Dawn-MOCBRICKLAND-2-150x150.jpg 150w, https:\/\/mouldking.store\/wp-content\/uploads\/2022\/10\/Creator-MOC-89583-Stand-Compatible-With-ZeldaHorizon-Zero-Dawn-MOCBRICKLAND-2-60x60.jpg 60w, https:\/\/mouldking.store\/wp-content\/uploads\/2022\/10\/Creator-MOC-89583-Stand-Compatible-With-ZeldaHorizon-Zero-Dawn-MOCBRICKLAND-2-90x90.jpg 90w\" sizes=\"(max-width: 800px) 100vw, 800px\" \/><figcaption id=\"caption-attachment-33154\" class=\"wp-caption-text\">Ch\u00e2n \u0111\u1ebf MOC 89583 T\u01b0\u01a1ng th\u00edch v\u1edbi Zelda\/Horizon Zero Dawn v\u1edbi 521 mi\u1ebfng<\/figcaption><\/figure>\n<figure id=\"attachment_33153\" aria-describedby=\"caption-attachment-33153\" style=\"width: 800px\" class=\"wp-caption aligncenter\"><img loading=\"lazy\" decoding=\"async\" class=\"wp-image-33153 size-full\" src=\"https:\/\/mouldking.store\/wp-content\/uploads\/2022\/10\/Creator-MOC-89583-Stand-Compatible-With-ZeldaHorizon-Zero-Dawn-MOCBRICKLAND-3.jpg\" alt=\"MOC 89583 Stand Compatible With Zelda\/Horizon Zero Dawn with 521 Pieces\" width=\"800\" height=\"800\" title=\"-\" srcset=\"https:\/\/mouldking.store\/wp-content\/uploads\/2022\/10\/Creator-MOC-89583-Stand-Compatible-With-ZeldaHorizon-Zero-Dawn-MOCBRICKLAND-3.jpg 800w, https:\/\/mouldking.store\/wp-content\/uploads\/2022\/10\/Creator-MOC-89583-Stand-Compatible-With-ZeldaHorizon-Zero-Dawn-MOCBRICKLAND-3-300x300.jpg 300w, https:\/\/mouldking.store\/wp-content\/uploads\/2022\/10\/Creator-MOC-89583-Stand-Compatible-With-ZeldaHorizon-Zero-Dawn-MOCBRICKLAND-3-768x768.jpg 768w, https:\/\/mouldking.store\/wp-content\/uploads\/2022\/10\/Creator-MOC-89583-Stand-Compatible-With-ZeldaHorizon-Zero-Dawn-MOCBRICKLAND-3-600x600.jpg 600w, https:\/\/mouldking.store\/wp-content\/uploads\/2022\/10\/Creator-MOC-89583-Stand-Compatible-With-ZeldaHorizon-Zero-Dawn-MOCBRICKLAND-3-150x150.jpg 150w, https:\/\/mouldking.store\/wp-content\/uploads\/2022\/10\/Creator-MOC-89583-Stand-Compatible-With-ZeldaHorizon-Zero-Dawn-MOCBRICKLAND-3-60x60.jpg 60w, https:\/\/mouldking.store\/wp-content\/uploads\/2022\/10\/Creator-MOC-89583-Stand-Compatible-With-ZeldaHorizon-Zero-Dawn-MOCBRICKLAND-3-90x90.jpg 90w\" sizes=\"(max-width: 800px) 100vw, 800px\" \/><figcaption id=\"caption-attachment-33153\" class=\"wp-caption-text\">Ch\u00e2n \u0111\u1ebf MOC 89583 T\u01b0\u01a1ng th\u00edch v\u1edbi Zelda\/Horizon Zero Dawn v\u1edbi 521 mi\u1ebfng<\/figcaption><\/figure>\n<figure id=\"attachment_33160\" aria-describedby=\"caption-attachment-33160\" style=\"width: 800px\" class=\"wp-caption aligncenter\"><img loading=\"lazy\" decoding=\"async\" class=\"wp-image-33160 size-full\" src=\"https:\/\/mouldking.store\/wp-content\/uploads\/2022\/10\/Creator-MOC-89583-Stand-Compatible-With-ZeldaHorizon-Zero-Dawn-MOCBRICKLAND-5.jpg\" alt=\"MOC 89583 Stand Compatible With Zelda\/Horizon Zero Dawn with 521 Pieces\" width=\"800\" height=\"800\" title=\"-\" srcset=\"https:\/\/mouldking.store\/wp-content\/uploads\/2022\/10\/Creator-MOC-89583-Stand-Compatible-With-ZeldaHorizon-Zero-Dawn-MOCBRICKLAND-5.jpg 800w, https:\/\/mouldking.store\/wp-content\/uploads\/2022\/10\/Creator-MOC-89583-Stand-Compatible-With-ZeldaHorizon-Zero-Dawn-MOCBRICKLAND-5-300x300.jpg 300w, https:\/\/mouldking.store\/wp-content\/uploads\/2022\/10\/Creator-MOC-89583-Stand-Compatible-With-ZeldaHorizon-Zero-Dawn-MOCBRICKLAND-5-768x768.jpg 768w, https:\/\/mouldking.store\/wp-content\/uploads\/2022\/10\/Creator-MOC-89583-Stand-Compatible-With-ZeldaHorizon-Zero-Dawn-MOCBRICKLAND-5-600x600.jpg 600w, https:\/\/mouldking.store\/wp-content\/uploads\/2022\/10\/Creator-MOC-89583-Stand-Compatible-With-ZeldaHorizon-Zero-Dawn-MOCBRICKLAND-5-150x150.jpg 150w, https:\/\/mouldking.store\/wp-content\/uploads\/2022\/10\/Creator-MOC-89583-Stand-Compatible-With-ZeldaHorizon-Zero-Dawn-MOCBRICKLAND-5-60x60.jpg 60w, https:\/\/mouldking.store\/wp-content\/uploads\/2022\/10\/Creator-MOC-89583-Stand-Compatible-With-ZeldaHorizon-Zero-Dawn-MOCBRICKLAND-5-90x90.jpg 90w\" sizes=\"(max-width: 800px) 100vw, 800px\" \/><figcaption id=\"caption-attachment-33160\" class=\"wp-caption-text\">Ch\u00e2n \u0111\u1ebf MOC 89583 T\u01b0\u01a1ng th\u00edch v\u1edbi Zelda\/Horizon Zero Dawn v\u1edbi 521 mi\u1ebfng<\/figcaption><\/figure>\n<figure id=\"attachment_33159\" aria-describedby=\"caption-attachment-33159\" style=\"width: 800px\" class=\"wp-caption aligncenter\"><img loading=\"lazy\" decoding=\"async\" class=\"wp-image-33159 size-full\" src=\"https:\/\/mouldking.store\/wp-content\/uploads\/2022\/10\/Creator-MOC-89583-Stand-Compatible-With-ZeldaHorizon-Zero-Dawn-MOCBRICKLAND-6.jpg\" alt=\"MOC 89583 Stand Compatible With Zelda\/Horizon Zero Dawn with 521 Pieces\" width=\"800\" height=\"800\" title=\"-\" srcset=\"https:\/\/mouldking.store\/wp-content\/uploads\/2022\/10\/Creator-MOC-89583-Stand-Compatible-With-ZeldaHorizon-Zero-Dawn-MOCBRICKLAND-6.jpg 800w, https:\/\/mouldking.store\/wp-content\/uploads\/2022\/10\/Creator-MOC-89583-Stand-Compatible-With-ZeldaHorizon-Zero-Dawn-MOCBRICKLAND-6-300x300.jpg 300w, https:\/\/mouldking.store\/wp-content\/uploads\/2022\/10\/Creator-MOC-89583-Stand-Compatible-With-ZeldaHorizon-Zero-Dawn-MOCBRICKLAND-6-768x768.jpg 768w, https:\/\/mouldking.store\/wp-content\/uploads\/2022\/10\/Creator-MOC-89583-Stand-Compatible-With-ZeldaHorizon-Zero-Dawn-MOCBRICKLAND-6-600x600.jpg 600w, https:\/\/mouldking.store\/wp-content\/uploads\/2022\/10\/Creator-MOC-89583-Stand-Compatible-With-ZeldaHorizon-Zero-Dawn-MOCBRICKLAND-6-150x150.jpg 150w, https:\/\/mouldking.store\/wp-content\/uploads\/2022\/10\/Creator-MOC-89583-Stand-Compatible-With-ZeldaHorizon-Zero-Dawn-MOCBRICKLAND-6-60x60.jpg 60w, https:\/\/mouldking.store\/wp-content\/uploads\/2022\/10\/Creator-MOC-89583-Stand-Compatible-With-ZeldaHorizon-Zero-Dawn-MOCBRICKLAND-6-90x90.jpg 90w\" sizes=\"(max-width: 800px) 100vw, 800px\" \/><figcaption id=\"caption-attachment-33159\" class=\"wp-caption-text\">Ch\u00e2n \u0111\u1ebf MOC 89583 T\u01b0\u01a1ng th\u00edch v\u1edbi Zelda\/Horizon Zero Dawn v\u1edbi 521 mi\u1ebfng<\/figcaption><\/figure>\n<figure id=\"attachment_33158\" aria-describedby=\"caption-attachment-33158\" style=\"width: 800px\" class=\"wp-caption aligncenter\"><img loading=\"lazy\" decoding=\"async\" class=\"wp-image-33158 size-full\" src=\"https:\/\/mouldking.store\/wp-content\/uploads\/2022\/10\/Creator-MOC-89583-Stand-Compatible-With-ZeldaHorizon-Zero-Dawn-MOCBRICKLAND-7.jpg\" alt=\"MOC 89583 Stand Compatible With Zelda\/Horizon Zero Dawn with 521 Pieces\" width=\"800\" height=\"800\" title=\"-\" srcset=\"https:\/\/mouldking.store\/wp-content\/uploads\/2022\/10\/Creator-MOC-89583-Stand-Compatible-With-ZeldaHorizon-Zero-Dawn-MOCBRICKLAND-7.jpg 800w, https:\/\/mouldking.store\/wp-content\/uploads\/2022\/10\/Creator-MOC-89583-Stand-Compatible-With-ZeldaHorizon-Zero-Dawn-MOCBRICKLAND-7-300x300.jpg 300w, https:\/\/mouldking.store\/wp-content\/uploads\/2022\/10\/Creator-MOC-89583-Stand-Compatible-With-ZeldaHorizon-Zero-Dawn-MOCBRICKLAND-7-768x768.jpg 768w, https:\/\/mouldking.store\/wp-content\/uploads\/2022\/10\/Creator-MOC-89583-Stand-Compatible-With-ZeldaHorizon-Zero-Dawn-MOCBRICKLAND-7-600x600.jpg 600w, https:\/\/mouldking.store\/wp-content\/uploads\/2022\/10\/Creator-MOC-89583-Stand-Compatible-With-ZeldaHorizon-Zero-Dawn-MOCBRICKLAND-7-150x150.jpg 150w, https:\/\/mouldking.store\/wp-content\/uploads\/2022\/10\/Creator-MOC-89583-Stand-Compatible-With-ZeldaHorizon-Zero-Dawn-MOCBRICKLAND-7-60x60.jpg 60w, https:\/\/mouldking.store\/wp-content\/uploads\/2022\/10\/Creator-MOC-89583-Stand-Compatible-With-ZeldaHorizon-Zero-Dawn-MOCBRICKLAND-7-90x90.jpg 90w\" sizes=\"(max-width: 800px) 100vw, 800px\" \/><figcaption id=\"caption-attachment-33158\" class=\"wp-caption-text\">Ch\u00e2n \u0111\u1ebf MOC 89583 T\u01b0\u01a1ng th\u00edch v\u1edbi Zelda\/Horizon Zero Dawn v\u1edbi 521 mi\u1ebfng<\/figcaption><\/figure>\n<figure id=\"attachment_33155\" aria-describedby=\"caption-attachment-33155\" style=\"width: 800px\" class=\"wp-caption aligncenter\"><img loading=\"lazy\" decoding=\"async\" class=\"wp-image-33155 size-full\" src=\"https:\/\/mouldking.store\/wp-content\/uploads\/2022\/10\/Creator-MOC-89583-Stand-Compatible-With-ZeldaHorizon-Zero-Dawn-MOCBRICKLAND-1.jpg\" alt=\"MOC 89583 Stand Compatible With Zelda\/Horizon Zero Dawn with 521 Pieces\" width=\"800\" height=\"800\" title=\"-\" srcset=\"https:\/\/mouldking.store\/wp-content\/uploads\/2022\/10\/Creator-MOC-89583-Stand-Compatible-With-ZeldaHorizon-Zero-Dawn-MOCBRICKLAND-1.jpg 800w, https:\/\/mouldking.store\/wp-content\/uploads\/2022\/10\/Creator-MOC-89583-Stand-Compatible-With-ZeldaHorizon-Zero-Dawn-MOCBRICKLAND-1-300x300.jpg 300w, https:\/\/mouldking.store\/wp-content\/uploads\/2022\/10\/Creator-MOC-89583-Stand-Compatible-With-ZeldaHorizon-Zero-Dawn-MOCBRICKLAND-1-768x768.jpg 768w, https:\/\/mouldking.store\/wp-content\/uploads\/2022\/10\/Creator-MOC-89583-Stand-Compatible-With-ZeldaHorizon-Zero-Dawn-MOCBRICKLAND-1-600x600.jpg 600w, https:\/\/mouldking.store\/wp-content\/uploads\/2022\/10\/Creator-MOC-89583-Stand-Compatible-With-ZeldaHorizon-Zero-Dawn-MOCBRICKLAND-1-150x150.jpg 150w, https:\/\/mouldking.store\/wp-content\/uploads\/2022\/10\/Creator-MOC-89583-Stand-Compatible-With-ZeldaHorizon-Zero-Dawn-MOCBRICKLAND-1-60x60.jpg 60w, https:\/\/mouldking.store\/wp-content\/uploads\/2022\/10\/Creator-MOC-89583-Stand-Compatible-With-ZeldaHorizon-Zero-Dawn-MOCBRICKLAND-1-90x90.jpg 90w\" sizes=\"(max-width: 800px) 100vw, 800px\" \/><figcaption id=\"caption-attachment-33155\" class=\"wp-caption-text\">Ch\u00e2n \u0111\u1ebf MOC 89583 T\u01b0\u01a1ng th\u00edch v\u1edbi Zelda\/Horizon Zero Dawn v\u1edbi 521 mi\u1ebfng<\/figcaption><\/figure>\n<p>&nbsp;<\/p>","protected":false},"excerpt":{"rendered":"<p>Product information: Brand: MOC Gender: Unisex Name: Stand Compatible With Zelda\/Horizon Zero Dawn Age Range: &gt; 6 years old Model Number: C9131 Classification: Assemblage Plastic Block Shape: Self-Locking Bricks Material: Plastic Plastic Type: ABS Bricks Blocks: 521\u00a0PCS Dimensions: 31.8 x 26.4 x 18.5 cm Weight: 0.58 kg Contains detailed assembly instructions. Notice: 1. Without an [&hellip;]<\/p>","protected":false},"featured_media":33162,"comment_status":"closed","ping_status":"closed","template":"","meta":{"_acf_changed":false},"product_cat":[371],"product_tag":[6106,5998,6107,6108],"class_list":["product","first","instock","shipping-taxable","purchasable","product-type-simple"],"acf":[],"_links":{"self":[{"href":"https:\/\/mouldking.store\/vi\/wp-json\/wp\/v2\/product\/33152","targetHints":{"allow":["GET"]}}],"collection":[{"href":"https:\/\/mouldking.store\/vi\/wp-json\/wp\/v2\/product"}],"about":[{"href":"https:\/\/mouldking.store\/vi\/wp-json\/wp\/v2\/types\/product"}],"replies":[{"embeddable":true,"href":"https:\/\/mouldking.store\/vi\/wp-json\/wp\/v2\/comments?post=33152"}],"wp:featuredmedia":[{"embeddable":true,"href":"https:\/\/mouldking.store\/vi\/wp-json\/wp\/v2\/media\/33162"}],"wp:attachment":[{"href":"https:\/\/mouldking.store\/vi\/wp-json\/wp\/v2\/media?parent=33152"}],"wp:term":[{"taxonomy":"product_cat","embeddable":true,"href":"https:\/\/mouldking.store\/vi\/wp-json\/wp\/v2\/product_cat?post=33152"},{"taxonomy":"product_tag","embeddable":true,"href":"https:\/\/mouldking.store\/vi\/wp-json\/wp\/v2\/product_tag?post=33152"}],"curies":[{"name":"wp","href":"https:\/\/api.w.org\/{rel}","templated":true}]}}