{"id":33180,"date":"2022-10-13T16:21:20","date_gmt":"2022-10-13T09:21:20","guid":{"rendered":"https:\/\/mouldking.store\/?post_type=product&#038;p=33180"},"modified":"2025-12-25T09:12:25","modified_gmt":"2025-12-25T02:12:25","slug":"moc-117559-blacksmith-accessories-with-1048-pieces","status":"publish","type":"product","link":"https:\/\/mouldking.store\/vi\/shop\/moc-117559-blacksmith-accessories-with-1048-pieces\/","title":{"rendered":"MOC-117559 Ph\u1ee5 ki\u1ec7n th\u1ee3 r\u00e8n v\u1edbi 1048 mi\u1ebfng"},"content":{"rendered":"<p>Th\u00f4ng tin s\u1ea3n ph\u1ea9m:<\/p>\n<ol>\n<li>Th\u01b0\u01a1ng hi\u1ec7u: M\u1ed8C<\/li>\n<li>Gi\u1edbi t\u00ednh: Unisex<\/li>\n<li>T\u00ean: Ph\u1ee5 ki\u1ec7n th\u1ee3 r\u00e8n<\/li>\n<li>\u0110\u1ed9 tu\u1ed5i: &gt; 6 tu\u1ed5i<\/li>\n<li>S\u1ed1 m\u00f4 h\u00ecnh: C9160<\/li>\n<li>Ph\u00e2n lo\u1ea1i: T\u1eadp h\u1ee3p<\/li>\n<li>H\u00ecnh d\u1ea1ng kh\u1ed1i nh\u1ef1a: G\u1ea1ch t\u1ef1 kh\u00f3a<\/li>\n<li>Ch\u1ea5t li\u1ec7u: Nh\u1ef1a<\/li>\n<li>Lo\u1ea1i nh\u1ef1a: ABS<\/li>\n<li>Kh\u1ed1i g\u1ea1ch: 1048 C\u00c1I<\/li>\n<li>K\u00edch th\u01b0\u1edbc: 36,8 x 22,2 x 18,6 cm<\/li>\n<li>C\u00e2n n\u1eb7ng: 0,91kg<\/li>\n<li>Ch\u1ee9a h\u01b0\u1edbng d\u1eabn l\u1eafp r\u00e1p chi ti\u1ebft.<\/li>\n<\/ol>\n<p>\u0110\u1ec3 \u00fd:<br \/>\n1. Kh\u00f4ng c\u00f3 h\u1ed9p ban \u0111\u1ea7u, nh\u01b0ng ch\u00fang t\u00f4i \u0111\u1ea3m b\u1ea3o s\u1ea3n ph\u1ea9m c\u1ee7a ch\u00fang t\u00f4i c\u00f3 ch\u1ea5t l\u01b0\u1ee3ng \u0111\u1ea3m b\u1ea3o v\u00e0 bao b\u00ec \u0111\u1eb9p.<br \/>\n2. V\u00ec t\u1ea5t c\u1ea3 c\u00e1c b\u1ed9 ph\u1eadn ch\u00fang t\u00f4i \u0111\u00e3 ki\u1ec3m tra tr\u01b0\u1edbc khi v\u1eadn chuy\u1ec3n, v\u00ec v\u1eady n\u1ebfu b\u1ea1n th\u1ea5y m\u1ed9t s\u1ed1 b\u1ed9 ph\u1eadn b\u1ecb thi\u1ebfu ho\u1eb7c h\u01b0 h\u1ecfng, \u0111\u1eebng lo l\u1eafng v\u00e0 ch\u1ec9 c\u1ea7n vui l\u00f2ng li\u00ean h\u1ec7 v\u1edbi ch\u00fang t\u00f4i v\u00e0 ch\u00fang t\u00f4i c\u00f3 th\u1ec3 g\u1eedi l\u1ea1i mi\u1ec5n ph\u00ed cho b\u1ea1n ngay l\u1eadp t\u1ee9c.<\/p>\n<p>&nbsp;<\/p>\n<figure id=\"attachment_33185\" aria-describedby=\"caption-attachment-33185\" style=\"width: 1024px\" class=\"wp-caption aligncenter\"><img fetchpriority=\"high\" decoding=\"async\" class=\"wp-image-33185 size-large\" src=\"https:\/\/mouldking.store\/wp-content\/uploads\/2022\/10\/Military-MOC-117559-Blacksmith-Accessories-MOCBRICKLAND-1024x1024.png\" alt=\"MOC-117559 Blacksmith Accessories with 1048 Pieces\" width=\"1024\" height=\"1024\" title=\"-\" srcset=\"https:\/\/mouldking.store\/wp-content\/uploads\/2022\/10\/Military-MOC-117559-Blacksmith-Accessories-MOCBRICKLAND-1024x1024.png 1024w, https:\/\/mouldking.store\/wp-content\/uploads\/2022\/10\/Military-MOC-117559-Blacksmith-Accessories-MOCBRICKLAND-300x300.png 300w, https:\/\/mouldking.store\/wp-content\/uploads\/2022\/10\/Military-MOC-117559-Blacksmith-Accessories-MOCBRICKLAND-768x768.png 768w, https:\/\/mouldking.store\/wp-content\/uploads\/2022\/10\/Military-MOC-117559-Blacksmith-Accessories-MOCBRICKLAND-1536x1536.png 1536w, https:\/\/mouldking.store\/wp-content\/uploads\/2022\/10\/Military-MOC-117559-Blacksmith-Accessories-MOCBRICKLAND-2048x2048.png 2048w, https:\/\/mouldking.store\/wp-content\/uploads\/2022\/10\/Military-MOC-117559-Blacksmith-Accessories-MOCBRICKLAND-600x600.png 600w, https:\/\/mouldking.store\/wp-content\/uploads\/2022\/10\/Military-MOC-117559-Blacksmith-Accessories-MOCBRICKLAND-150x150.png 150w, https:\/\/mouldking.store\/wp-content\/uploads\/2022\/10\/Military-MOC-117559-Blacksmith-Accessories-MOCBRICKLAND-60x60.png 60w, https:\/\/mouldking.store\/wp-content\/uploads\/2022\/10\/Military-MOC-117559-Blacksmith-Accessories-MOCBRICKLAND-90x90.png 90w\" sizes=\"(max-width: 1024px) 100vw, 1024px\" \/><figcaption id=\"caption-attachment-33185\" class=\"wp-caption-text\">MOC-117559 Ph\u1ee5 ki\u1ec7n th\u1ee3 r\u00e8n v\u1edbi 1048 mi\u1ebfng<\/figcaption><\/figure>\n<figure id=\"attachment_33181\" aria-describedby=\"caption-attachment-33181\" style=\"width: 800px\" class=\"wp-caption aligncenter\"><img decoding=\"async\" class=\"wp-image-33181 size-full\" src=\"https:\/\/mouldking.store\/wp-content\/uploads\/2022\/10\/Military-MOC-117559-Blacksmith-Accessories-MOCBRICKLAND-3.jpg\" alt=\"MOC-117559 Blacksmith Accessories with 1048 Pieces\" width=\"800\" height=\"800\" title=\"-\" srcset=\"https:\/\/mouldking.store\/wp-content\/uploads\/2022\/10\/Military-MOC-117559-Blacksmith-Accessories-MOCBRICKLAND-3.jpg 800w, https:\/\/mouldking.store\/wp-content\/uploads\/2022\/10\/Military-MOC-117559-Blacksmith-Accessories-MOCBRICKLAND-3-300x300.jpg 300w, https:\/\/mouldking.store\/wp-content\/uploads\/2022\/10\/Military-MOC-117559-Blacksmith-Accessories-MOCBRICKLAND-3-768x768.jpg 768w, https:\/\/mouldking.store\/wp-content\/uploads\/2022\/10\/Military-MOC-117559-Blacksmith-Accessories-MOCBRICKLAND-3-600x600.jpg 600w, https:\/\/mouldking.store\/wp-content\/uploads\/2022\/10\/Military-MOC-117559-Blacksmith-Accessories-MOCBRICKLAND-3-150x150.jpg 150w, https:\/\/mouldking.store\/wp-content\/uploads\/2022\/10\/Military-MOC-117559-Blacksmith-Accessories-MOCBRICKLAND-3-60x60.jpg 60w, https:\/\/mouldking.store\/wp-content\/uploads\/2022\/10\/Military-MOC-117559-Blacksmith-Accessories-MOCBRICKLAND-3-90x90.jpg 90w\" sizes=\"(max-width: 800px) 100vw, 800px\" \/><figcaption id=\"caption-attachment-33181\" class=\"wp-caption-text\">MOC-117559 Ph\u1ee5 ki\u1ec7n th\u1ee3 r\u00e8n v\u1edbi 1048 mi\u1ebfng<\/figcaption><\/figure>\n<figure id=\"attachment_33182\" aria-describedby=\"caption-attachment-33182\" style=\"width: 800px\" class=\"wp-caption aligncenter\"><img decoding=\"async\" class=\"wp-image-33182 size-full\" src=\"https:\/\/mouldking.store\/wp-content\/uploads\/2022\/10\/Military-MOC-117559-Blacksmith-Accessories-MOCBRICKLAND-2.jpg\" alt=\"MOC-117559 Blacksmith Accessories with 1048 Pieces\" width=\"800\" height=\"800\" title=\"-\" srcset=\"https:\/\/mouldking.store\/wp-content\/uploads\/2022\/10\/Military-MOC-117559-Blacksmith-Accessories-MOCBRICKLAND-2.jpg 800w, https:\/\/mouldking.store\/wp-content\/uploads\/2022\/10\/Military-MOC-117559-Blacksmith-Accessories-MOCBRICKLAND-2-300x300.jpg 300w, https:\/\/mouldking.store\/wp-content\/uploads\/2022\/10\/Military-MOC-117559-Blacksmith-Accessories-MOCBRICKLAND-2-768x768.jpg 768w, https:\/\/mouldking.store\/wp-content\/uploads\/2022\/10\/Military-MOC-117559-Blacksmith-Accessories-MOCBRICKLAND-2-600x600.jpg 600w, https:\/\/mouldking.store\/wp-content\/uploads\/2022\/10\/Military-MOC-117559-Blacksmith-Accessories-MOCBRICKLAND-2-150x150.jpg 150w, https:\/\/mouldking.store\/wp-content\/uploads\/2022\/10\/Military-MOC-117559-Blacksmith-Accessories-MOCBRICKLAND-2-60x60.jpg 60w, https:\/\/mouldking.store\/wp-content\/uploads\/2022\/10\/Military-MOC-117559-Blacksmith-Accessories-MOCBRICKLAND-2-90x90.jpg 90w\" sizes=\"(max-width: 800px) 100vw, 800px\" \/><figcaption id=\"caption-attachment-33182\" class=\"wp-caption-text\">MOC-117559 Ph\u1ee5 ki\u1ec7n th\u1ee3 r\u00e8n v\u1edbi 1048 mi\u1ebfng<\/figcaption><\/figure>\n<figure id=\"attachment_33184\" aria-describedby=\"caption-attachment-33184\" style=\"width: 800px\" class=\"wp-caption aligncenter\"><img loading=\"lazy\" decoding=\"async\" class=\"wp-image-33184 size-full\" src=\"https:\/\/mouldking.store\/wp-content\/uploads\/2022\/10\/Military-MOC-117559-Blacksmith-Accessories-MOCBRICKLAND-4.jpg\" alt=\"MOC-117559 Blacksmith Accessories with 1048 Pieces\" width=\"800\" height=\"800\" title=\"-\" srcset=\"https:\/\/mouldking.store\/wp-content\/uploads\/2022\/10\/Military-MOC-117559-Blacksmith-Accessories-MOCBRICKLAND-4.jpg 800w, https:\/\/mouldking.store\/wp-content\/uploads\/2022\/10\/Military-MOC-117559-Blacksmith-Accessories-MOCBRICKLAND-4-300x300.jpg 300w, https:\/\/mouldking.store\/wp-content\/uploads\/2022\/10\/Military-MOC-117559-Blacksmith-Accessories-MOCBRICKLAND-4-768x768.jpg 768w, https:\/\/mouldking.store\/wp-content\/uploads\/2022\/10\/Military-MOC-117559-Blacksmith-Accessories-MOCBRICKLAND-4-600x600.jpg 600w, https:\/\/mouldking.store\/wp-content\/uploads\/2022\/10\/Military-MOC-117559-Blacksmith-Accessories-MOCBRICKLAND-4-150x150.jpg 150w, https:\/\/mouldking.store\/wp-content\/uploads\/2022\/10\/Military-MOC-117559-Blacksmith-Accessories-MOCBRICKLAND-4-60x60.jpg 60w, https:\/\/mouldking.store\/wp-content\/uploads\/2022\/10\/Military-MOC-117559-Blacksmith-Accessories-MOCBRICKLAND-4-90x90.jpg 90w\" sizes=\"(max-width: 800px) 100vw, 800px\" \/><figcaption id=\"caption-attachment-33184\" class=\"wp-caption-text\">MOC-117559 Ph\u1ee5 ki\u1ec7n th\u1ee3 r\u00e8n v\u1edbi 1048 mi\u1ebfng<\/figcaption><\/figure>\n<figure id=\"attachment_33183\" aria-describedby=\"caption-attachment-33183\" style=\"width: 800px\" class=\"wp-caption aligncenter\"><img loading=\"lazy\" decoding=\"async\" class=\"wp-image-33183 size-full\" src=\"https:\/\/mouldking.store\/wp-content\/uploads\/2022\/10\/Military-MOC-117559-Blacksmith-Accessories-MOCBRICKLAND-1.jpg\" alt=\"MOC-117559 Blacksmith Accessories with 1048 Pieces\" width=\"800\" height=\"1210\" title=\"-\" srcset=\"https:\/\/mouldking.store\/wp-content\/uploads\/2022\/10\/Military-MOC-117559-Blacksmith-Accessories-MOCBRICKLAND-1.jpg 800w, https:\/\/mouldking.store\/wp-content\/uploads\/2022\/10\/Military-MOC-117559-Blacksmith-Accessories-MOCBRICKLAND-1-198x300.jpg 198w, https:\/\/mouldking.store\/wp-content\/uploads\/2022\/10\/Military-MOC-117559-Blacksmith-Accessories-MOCBRICKLAND-1-677x1024.jpg 677w, https:\/\/mouldking.store\/wp-content\/uploads\/2022\/10\/Military-MOC-117559-Blacksmith-Accessories-MOCBRICKLAND-1-768x1162.jpg 768w, https:\/\/mouldking.store\/wp-content\/uploads\/2022\/10\/Military-MOC-117559-Blacksmith-Accessories-MOCBRICKLAND-1-300x454.jpg 300w, https:\/\/mouldking.store\/wp-content\/uploads\/2022\/10\/Military-MOC-117559-Blacksmith-Accessories-MOCBRICKLAND-1-600x908.jpg 600w, https:\/\/mouldking.store\/wp-content\/uploads\/2022\/10\/Military-MOC-117559-Blacksmith-Accessories-MOCBRICKLAND-1-99x150.jpg 99w, https:\/\/mouldking.store\/wp-content\/uploads\/2022\/10\/Military-MOC-117559-Blacksmith-Accessories-MOCBRICKLAND-1-40x60.jpg 40w, https:\/\/mouldking.store\/wp-content\/uploads\/2022\/10\/Military-MOC-117559-Blacksmith-Accessories-MOCBRICKLAND-1-60x90.jpg 60w\" sizes=\"(max-width: 800px) 100vw, 800px\" \/><figcaption id=\"caption-attachment-33183\" class=\"wp-caption-text\">MOC-117559 Ph\u1ee5 ki\u1ec7n th\u1ee3 r\u00e8n v\u1edbi 1048 mi\u1ebfng<\/figcaption><\/figure>","protected":false},"excerpt":{"rendered":"<p>Product information: Brand: MOC Gender: Unisex Name: Blacksmith Accessories Age Range: &gt; 6 years old Model Number: C9160 Classification: Assemblage Plastic Block Shape: Self-Locking Bricks Material: Plastic Plastic Type: ABS Bricks Blocks: 1048\u00a0PCS Dimensions: 36.8 x 22.2 x 18.6 cm Weight: 0.91 kg Contains detailed assembly instructions. Notice: 1. Without an original box, but we [&hellip;]<\/p>","protected":false},"featured_media":33185,"comment_status":"closed","ping_status":"closed","template":"","meta":{"_acf_changed":false},"product_cat":[372],"product_tag":[2676,6114,6113,6112],"class_list":["product","first","instock","shipping-taxable","purchasable","product-type-simple"],"acf":[],"_links":{"self":[{"href":"https:\/\/mouldking.store\/vi\/wp-json\/wp\/v2\/product\/33180","targetHints":{"allow":["GET"]}}],"collection":[{"href":"https:\/\/mouldking.store\/vi\/wp-json\/wp\/v2\/product"}],"about":[{"href":"https:\/\/mouldking.store\/vi\/wp-json\/wp\/v2\/types\/product"}],"replies":[{"embeddable":true,"href":"https:\/\/mouldking.store\/vi\/wp-json\/wp\/v2\/comments?post=33180"}],"wp:featuredmedia":[{"embeddable":true,"href":"https:\/\/mouldking.store\/vi\/wp-json\/wp\/v2\/media\/33185"}],"wp:attachment":[{"href":"https:\/\/mouldking.store\/vi\/wp-json\/wp\/v2\/media?parent=33180"}],"wp:term":[{"taxonomy":"product_cat","embeddable":true,"href":"https:\/\/mouldking.store\/vi\/wp-json\/wp\/v2\/product_cat?post=33180"},{"taxonomy":"product_tag","embeddable":true,"href":"https:\/\/mouldking.store\/vi\/wp-json\/wp\/v2\/product_tag?post=33180"}],"curies":[{"name":"wp","href":"https:\/\/api.w.org\/{rel}","templated":true}]}}