{"id":33186,"date":"2022-10-13T16:29:09","date_gmt":"2022-10-13T09:29:09","guid":{"rendered":"https:\/\/mouldking.store\/?post_type=product&#038;p=33186"},"modified":"2025-12-25T09:12:25","modified_gmt":"2025-12-25T02:12:25","slug":"moc-118322-union-pacific-gtel-8500-veranda-fuel-tender-only-with-1259-pieces","status":"publish","type":"product","link":"https:\/\/mouldking.store\/vi\/shop\/moc-118322-union-pacific-gtel-8500-veranda-fuel-tender-only-with-1259-pieces\/","title":{"rendered":"MOC-118322 Union Pacific GTEL 8500 Veranda Fuel Tender Ch\u1ec9 v\u1edbi 1259 mi\u1ebfng"},"content":{"rendered":"<p>Th\u00f4ng tin s\u1ea3n ph\u1ea9m:<\/p>\n<ol>\n<li>Th\u01b0\u01a1ng hi\u1ec7u: M\u1ed8C<\/li>\n<li>Gi\u1edbi t\u00ednh: Unisex<\/li>\n<li>Name: Union Pacific GTEL 8500 Veranda Fuel Tender Only<\/li>\n<li>\u0110\u1ed9 tu\u1ed5i: &gt; 6 tu\u1ed5i<\/li>\n<li>Model Number: C9132<\/li>\n<li>Ph\u00e2n lo\u1ea1i: T\u1eadp h\u1ee3p<\/li>\n<li>H\u00ecnh d\u1ea1ng kh\u1ed1i nh\u1ef1a: G\u1ea1ch t\u1ef1 kh\u00f3a<\/li>\n<li>Ch\u1ea5t li\u1ec7u: Nh\u1ef1a<\/li>\n<li>Lo\u1ea1i nh\u1ef1a: ABS<\/li>\n<li>Bricks Blocks: 1259\u00a0PCS<\/li>\n<li>Dimensions: 35.5 x 8 x 13.1 cm<\/li>\n<li>Weight: 0.87 kg<\/li>\n<li>Ch\u1ee9a h\u01b0\u1edbng d\u1eabn l\u1eafp r\u00e1p chi ti\u1ebft.<\/li>\n<\/ol>\n<p>\u0110\u1ec3 \u00fd:<br \/>\n1. Kh\u00f4ng c\u00f3 h\u1ed9p ban \u0111\u1ea7u, nh\u01b0ng ch\u00fang t\u00f4i \u0111\u1ea3m b\u1ea3o s\u1ea3n ph\u1ea9m c\u1ee7a ch\u00fang t\u00f4i c\u00f3 ch\u1ea5t l\u01b0\u1ee3ng \u0111\u1ea3m b\u1ea3o v\u00e0 bao b\u00ec \u0111\u1eb9p.<br \/>\n2. V\u00ec t\u1ea5t c\u1ea3 c\u00e1c b\u1ed9 ph\u1eadn ch\u00fang t\u00f4i \u0111\u00e3 ki\u1ec3m tra tr\u01b0\u1edbc khi v\u1eadn chuy\u1ec3n, v\u00ec v\u1eady n\u1ebfu b\u1ea1n th\u1ea5y m\u1ed9t s\u1ed1 b\u1ed9 ph\u1eadn b\u1ecb thi\u1ebfu ho\u1eb7c h\u01b0 h\u1ecfng, \u0111\u1eebng lo l\u1eafng v\u00e0 ch\u1ec9 c\u1ea7n vui l\u00f2ng li\u00ean h\u1ec7 v\u1edbi ch\u00fang t\u00f4i v\u00e0 ch\u00fang t\u00f4i c\u00f3 th\u1ec3 g\u1eedi l\u1ea1i mi\u1ec5n ph\u00ed cho b\u1ea1n ngay l\u1eadp t\u1ee9c.<\/p>\n<p>&nbsp;<\/p>\n<figure id=\"attachment_33187\" aria-describedby=\"caption-attachment-33187\" style=\"width: 1024px\" class=\"wp-caption aligncenter\"><img fetchpriority=\"high\" decoding=\"async\" class=\"wp-image-33187 size-large\" src=\"https:\/\/mouldking.store\/wp-content\/uploads\/2022\/10\/Technic-MOC-118322-Union-Pacific-GTEL-8500-Veranda-Fuel-Tender-Only-MOCBRICKLAND-1024x1024.png\" alt=\"MOC-118322 Union Pacific GTEL 8500 Veranda Fuel Tender Only with 1259 Pieces\" width=\"1024\" height=\"1024\" title=\"-\" srcset=\"https:\/\/mouldking.store\/wp-content\/uploads\/2022\/10\/Technic-MOC-118322-Union-Pacific-GTEL-8500-Veranda-Fuel-Tender-Only-MOCBRICKLAND-1024x1024.png 1024w, https:\/\/mouldking.store\/wp-content\/uploads\/2022\/10\/Technic-MOC-118322-Union-Pacific-GTEL-8500-Veranda-Fuel-Tender-Only-MOCBRICKLAND-300x300.png 300w, https:\/\/mouldking.store\/wp-content\/uploads\/2022\/10\/Technic-MOC-118322-Union-Pacific-GTEL-8500-Veranda-Fuel-Tender-Only-MOCBRICKLAND-768x768.png 768w, https:\/\/mouldking.store\/wp-content\/uploads\/2022\/10\/Technic-MOC-118322-Union-Pacific-GTEL-8500-Veranda-Fuel-Tender-Only-MOCBRICKLAND-1536x1536.png 1536w, https:\/\/mouldking.store\/wp-content\/uploads\/2022\/10\/Technic-MOC-118322-Union-Pacific-GTEL-8500-Veranda-Fuel-Tender-Only-MOCBRICKLAND-2048x2048.png 2048w, https:\/\/mouldking.store\/wp-content\/uploads\/2022\/10\/Technic-MOC-118322-Union-Pacific-GTEL-8500-Veranda-Fuel-Tender-Only-MOCBRICKLAND-600x600.png 600w, https:\/\/mouldking.store\/wp-content\/uploads\/2022\/10\/Technic-MOC-118322-Union-Pacific-GTEL-8500-Veranda-Fuel-Tender-Only-MOCBRICKLAND-150x150.png 150w, https:\/\/mouldking.store\/wp-content\/uploads\/2022\/10\/Technic-MOC-118322-Union-Pacific-GTEL-8500-Veranda-Fuel-Tender-Only-MOCBRICKLAND-60x60.png 60w, https:\/\/mouldking.store\/wp-content\/uploads\/2022\/10\/Technic-MOC-118322-Union-Pacific-GTEL-8500-Veranda-Fuel-Tender-Only-MOCBRICKLAND-90x90.png 90w\" sizes=\"(max-width: 1024px) 100vw, 1024px\" \/><figcaption id=\"caption-attachment-33187\" class=\"wp-caption-text\">MOC-118322 Union Pacific GTEL 8500 Veranda Fuel Tender Ch\u1ec9 v\u1edbi 1259 mi\u1ebfng<\/figcaption><\/figure>\n<figure id=\"attachment_33189\" aria-describedby=\"caption-attachment-33189\" style=\"width: 800px\" class=\"wp-caption aligncenter\"><img decoding=\"async\" class=\"wp-image-33189 size-full\" src=\"https:\/\/mouldking.store\/wp-content\/uploads\/2022\/10\/Technic-MOC-118322-Union-Pacific-GTEL-8500-Veranda-Fuel-Tender-Only-MOCBRICKLAND-3.jpg\" alt=\"MOC-118322 Union Pacific GTEL 8500 Veranda Fuel Tender Only with 1259 Pieces\" width=\"800\" height=\"800\" title=\"-\" srcset=\"https:\/\/mouldking.store\/wp-content\/uploads\/2022\/10\/Technic-MOC-118322-Union-Pacific-GTEL-8500-Veranda-Fuel-Tender-Only-MOCBRICKLAND-3.jpg 800w, https:\/\/mouldking.store\/wp-content\/uploads\/2022\/10\/Technic-MOC-118322-Union-Pacific-GTEL-8500-Veranda-Fuel-Tender-Only-MOCBRICKLAND-3-300x300.jpg 300w, https:\/\/mouldking.store\/wp-content\/uploads\/2022\/10\/Technic-MOC-118322-Union-Pacific-GTEL-8500-Veranda-Fuel-Tender-Only-MOCBRICKLAND-3-768x768.jpg 768w, https:\/\/mouldking.store\/wp-content\/uploads\/2022\/10\/Technic-MOC-118322-Union-Pacific-GTEL-8500-Veranda-Fuel-Tender-Only-MOCBRICKLAND-3-600x600.jpg 600w, https:\/\/mouldking.store\/wp-content\/uploads\/2022\/10\/Technic-MOC-118322-Union-Pacific-GTEL-8500-Veranda-Fuel-Tender-Only-MOCBRICKLAND-3-150x150.jpg 150w, https:\/\/mouldking.store\/wp-content\/uploads\/2022\/10\/Technic-MOC-118322-Union-Pacific-GTEL-8500-Veranda-Fuel-Tender-Only-MOCBRICKLAND-3-60x60.jpg 60w, https:\/\/mouldking.store\/wp-content\/uploads\/2022\/10\/Technic-MOC-118322-Union-Pacific-GTEL-8500-Veranda-Fuel-Tender-Only-MOCBRICKLAND-3-90x90.jpg 90w\" sizes=\"(max-width: 800px) 100vw, 800px\" \/><figcaption id=\"caption-attachment-33189\" class=\"wp-caption-text\">MOC-118322 Union Pacific GTEL 8500 Veranda Fuel Tender Ch\u1ec9 v\u1edbi 1259 mi\u1ebfng<\/figcaption><\/figure>\n<figure id=\"attachment_33190\" aria-describedby=\"caption-attachment-33190\" style=\"width: 800px\" class=\"wp-caption aligncenter\"><img decoding=\"async\" class=\"wp-image-33190 size-full\" src=\"https:\/\/mouldking.store\/wp-content\/uploads\/2022\/10\/Technic-MOC-118322-Union-Pacific-GTEL-8500-Veranda-Fuel-Tender-Only-MOCBRICKLAND-2.jpg\" alt=\"MOC-118322 Union Pacific GTEL 8500 Veranda Fuel Tender Only with 1259 Pieces\" width=\"800\" height=\"800\" title=\"-\" srcset=\"https:\/\/mouldking.store\/wp-content\/uploads\/2022\/10\/Technic-MOC-118322-Union-Pacific-GTEL-8500-Veranda-Fuel-Tender-Only-MOCBRICKLAND-2.jpg 800w, https:\/\/mouldking.store\/wp-content\/uploads\/2022\/10\/Technic-MOC-118322-Union-Pacific-GTEL-8500-Veranda-Fuel-Tender-Only-MOCBRICKLAND-2-300x300.jpg 300w, https:\/\/mouldking.store\/wp-content\/uploads\/2022\/10\/Technic-MOC-118322-Union-Pacific-GTEL-8500-Veranda-Fuel-Tender-Only-MOCBRICKLAND-2-768x768.jpg 768w, https:\/\/mouldking.store\/wp-content\/uploads\/2022\/10\/Technic-MOC-118322-Union-Pacific-GTEL-8500-Veranda-Fuel-Tender-Only-MOCBRICKLAND-2-600x600.jpg 600w, https:\/\/mouldking.store\/wp-content\/uploads\/2022\/10\/Technic-MOC-118322-Union-Pacific-GTEL-8500-Veranda-Fuel-Tender-Only-MOCBRICKLAND-2-150x150.jpg 150w, https:\/\/mouldking.store\/wp-content\/uploads\/2022\/10\/Technic-MOC-118322-Union-Pacific-GTEL-8500-Veranda-Fuel-Tender-Only-MOCBRICKLAND-2-60x60.jpg 60w, https:\/\/mouldking.store\/wp-content\/uploads\/2022\/10\/Technic-MOC-118322-Union-Pacific-GTEL-8500-Veranda-Fuel-Tender-Only-MOCBRICKLAND-2-90x90.jpg 90w\" sizes=\"(max-width: 800px) 100vw, 800px\" \/><figcaption id=\"caption-attachment-33190\" class=\"wp-caption-text\">MOC-118322 Union Pacific GTEL 8500 Veranda Fuel Tender Ch\u1ec9 v\u1edbi 1259 mi\u1ebfng<\/figcaption><\/figure>\n<figure id=\"attachment_33188\" aria-describedby=\"caption-attachment-33188\" style=\"width: 800px\" class=\"wp-caption aligncenter\"><img loading=\"lazy\" decoding=\"async\" class=\"wp-image-33188 size-full\" src=\"https:\/\/mouldking.store\/wp-content\/uploads\/2022\/10\/Technic-MOC-118322-Union-Pacific-GTEL-8500-Veranda-Fuel-Tender-Only-MOCBRICKLAND-4.jpg\" alt=\"MOC-118322 Union Pacific GTEL 8500 Veranda Fuel Tender Only with 1259 Pieces\" width=\"800\" height=\"800\" title=\"-\" srcset=\"https:\/\/mouldking.store\/wp-content\/uploads\/2022\/10\/Technic-MOC-118322-Union-Pacific-GTEL-8500-Veranda-Fuel-Tender-Only-MOCBRICKLAND-4.jpg 800w, https:\/\/mouldking.store\/wp-content\/uploads\/2022\/10\/Technic-MOC-118322-Union-Pacific-GTEL-8500-Veranda-Fuel-Tender-Only-MOCBRICKLAND-4-300x300.jpg 300w, https:\/\/mouldking.store\/wp-content\/uploads\/2022\/10\/Technic-MOC-118322-Union-Pacific-GTEL-8500-Veranda-Fuel-Tender-Only-MOCBRICKLAND-4-768x768.jpg 768w, https:\/\/mouldking.store\/wp-content\/uploads\/2022\/10\/Technic-MOC-118322-Union-Pacific-GTEL-8500-Veranda-Fuel-Tender-Only-MOCBRICKLAND-4-600x600.jpg 600w, https:\/\/mouldking.store\/wp-content\/uploads\/2022\/10\/Technic-MOC-118322-Union-Pacific-GTEL-8500-Veranda-Fuel-Tender-Only-MOCBRICKLAND-4-150x150.jpg 150w, https:\/\/mouldking.store\/wp-content\/uploads\/2022\/10\/Technic-MOC-118322-Union-Pacific-GTEL-8500-Veranda-Fuel-Tender-Only-MOCBRICKLAND-4-60x60.jpg 60w, https:\/\/mouldking.store\/wp-content\/uploads\/2022\/10\/Technic-MOC-118322-Union-Pacific-GTEL-8500-Veranda-Fuel-Tender-Only-MOCBRICKLAND-4-90x90.jpg 90w\" sizes=\"(max-width: 800px) 100vw, 800px\" \/><figcaption id=\"caption-attachment-33188\" class=\"wp-caption-text\">MOC-118322 Union Pacific GTEL 8500 Veranda Fuel Tender Ch\u1ec9 v\u1edbi 1259 mi\u1ebfng<\/figcaption><\/figure>\n<figure id=\"attachment_33191\" aria-describedby=\"caption-attachment-33191\" style=\"width: 800px\" class=\"wp-caption aligncenter\"><img loading=\"lazy\" decoding=\"async\" class=\"wp-image-33191 size-full\" src=\"https:\/\/mouldking.store\/wp-content\/uploads\/2022\/10\/Technic-MOC-118322-Union-Pacific-GTEL-8500-Veranda-Fuel-Tender-Only-MOCBRICKLAND-1.jpg\" alt=\"MOC-118322 Union Pacific GTEL 8500 Veranda Fuel Tender Only with 1259 Pieces\" width=\"800\" height=\"1038\" title=\"-\" srcset=\"https:\/\/mouldking.store\/wp-content\/uploads\/2022\/10\/Technic-MOC-118322-Union-Pacific-GTEL-8500-Veranda-Fuel-Tender-Only-MOCBRICKLAND-1.jpg 800w, https:\/\/mouldking.store\/wp-content\/uploads\/2022\/10\/Technic-MOC-118322-Union-Pacific-GTEL-8500-Veranda-Fuel-Tender-Only-MOCBRICKLAND-1-231x300.jpg 231w, https:\/\/mouldking.store\/wp-content\/uploads\/2022\/10\/Technic-MOC-118322-Union-Pacific-GTEL-8500-Veranda-Fuel-Tender-Only-MOCBRICKLAND-1-789x1024.jpg 789w, https:\/\/mouldking.store\/wp-content\/uploads\/2022\/10\/Technic-MOC-118322-Union-Pacific-GTEL-8500-Veranda-Fuel-Tender-Only-MOCBRICKLAND-1-768x996.jpg 768w, https:\/\/mouldking.store\/wp-content\/uploads\/2022\/10\/Technic-MOC-118322-Union-Pacific-GTEL-8500-Veranda-Fuel-Tender-Only-MOCBRICKLAND-1-300x389.jpg 300w, https:\/\/mouldking.store\/wp-content\/uploads\/2022\/10\/Technic-MOC-118322-Union-Pacific-GTEL-8500-Veranda-Fuel-Tender-Only-MOCBRICKLAND-1-600x779.jpg 600w, https:\/\/mouldking.store\/wp-content\/uploads\/2022\/10\/Technic-MOC-118322-Union-Pacific-GTEL-8500-Veranda-Fuel-Tender-Only-MOCBRICKLAND-1-116x150.jpg 116w, https:\/\/mouldking.store\/wp-content\/uploads\/2022\/10\/Technic-MOC-118322-Union-Pacific-GTEL-8500-Veranda-Fuel-Tender-Only-MOCBRICKLAND-1-46x60.jpg 46w, https:\/\/mouldking.store\/wp-content\/uploads\/2022\/10\/Technic-MOC-118322-Union-Pacific-GTEL-8500-Veranda-Fuel-Tender-Only-MOCBRICKLAND-1-69x90.jpg 69w\" sizes=\"(max-width: 800px) 100vw, 800px\" \/><figcaption id=\"caption-attachment-33191\" class=\"wp-caption-text\">MOC-118322 Union Pacific GTEL 8500 Veranda Fuel Tender Ch\u1ec9 v\u1edbi 1259 mi\u1ebfng<\/figcaption><\/figure>","protected":false},"excerpt":{"rendered":"<p>Product information: Brand: MOC Gender: Unisex Name: Union Pacific GTEL 8500 Veranda Fuel Tender Only Age Range: &gt; 6 years old Model Number: C9132 Classification: Assemblage Plastic Block Shape: Self-Locking Bricks Material: Plastic Plastic Type: ABS Bricks Blocks: 1259\u00a0PCS Dimensions: 35.5 x 8 x 13.1 cm Weight: 0.87 kg Contains detailed assembly instructions. Notice: 1. [&hellip;]<\/p>","protected":false},"featured_media":33187,"comment_status":"closed","ping_status":"closed","template":"","meta":{"_acf_changed":false},"product_cat":[364],"product_tag":[6116,6115,6117],"class_list":["product","first","instock","shipping-taxable","purchasable","product-type-simple"],"acf":[],"_links":{"self":[{"href":"https:\/\/mouldking.store\/vi\/wp-json\/wp\/v2\/product\/33186","targetHints":{"allow":["GET"]}}],"collection":[{"href":"https:\/\/mouldking.store\/vi\/wp-json\/wp\/v2\/product"}],"about":[{"href":"https:\/\/mouldking.store\/vi\/wp-json\/wp\/v2\/types\/product"}],"replies":[{"embeddable":true,"href":"https:\/\/mouldking.store\/vi\/wp-json\/wp\/v2\/comments?post=33186"}],"wp:featuredmedia":[{"embeddable":true,"href":"https:\/\/mouldking.store\/vi\/wp-json\/wp\/v2\/media\/33187"}],"wp:attachment":[{"href":"https:\/\/mouldking.store\/vi\/wp-json\/wp\/v2\/media?parent=33186"}],"wp:term":[{"taxonomy":"product_cat","embeddable":true,"href":"https:\/\/mouldking.store\/vi\/wp-json\/wp\/v2\/product_cat?post=33186"},{"taxonomy":"product_tag","embeddable":true,"href":"https:\/\/mouldking.store\/vi\/wp-json\/wp\/v2\/product_tag?post=33186"}],"curies":[{"name":"wp","href":"https:\/\/api.w.org\/{rel}","templated":true}]}}