{"id":33334,"date":"2022-11-01T09:58:09","date_gmt":"2022-11-01T02:58:09","guid":{"rendered":"https:\/\/mouldking.store\/?post_type=product&#038;p=33334"},"modified":"2022-11-01T09:58:09","modified_gmt":"2022-11-01T02:58:09","slug":"dk-1507-the-blade-of-ghost-slayer-yinzhu-yusui-tianyuan-with-1478-pieces","status":"publish","type":"product","link":"https:\/\/mouldking.store\/vi\/shop\/dk-1507-the-blade-of-ghost-slayer-yinzhu-yusui-tianyuan-with-1478-pieces\/","title":{"rendered":"DK 1507 Thanh Ki\u1ebfm Di\u1ec7t Ma: Yinzhu Yusui Tianyuan V\u1edbi 1478 M\u1ea3nh"},"content":{"rendered":"<p>Th\u00f4ng tin s\u1ea3n ph\u1ea9m:<br \/>\n1. Brand: DK<br \/>\n2. Gi\u1edbi t\u00ednh: Unisex<br \/>\n3. Name: The Blade of Ghost Slayer: Yinzhu Yusui Tianyuan<br \/>\n4. Age Range: &gt; 8 years old<br \/>\n5. Model Number: 1507<br \/>\n6. Ph\u00e2n lo\u1ea1i: T\u1eadp h\u1ee3p<br \/>\n7. H\u00ecnh d\u1ea1ng kh\u1ed1i nh\u1ef1a: G\u1ea1ch t\u1ef1 kh\u00f3a<br \/>\n8. Ch\u1ea5t li\u1ec7u: Nh\u1ef1a<br \/>\n9. Lo\u1ea1i nh\u1ef1a: ABS<br \/>\n10. Bricks Blocks: 1478 PCS<br \/>\n11. C\u00f3 h\u01b0\u1edbng d\u1eabn l\u1eafp r\u00e1p chi ti\u1ebft.<\/p>\n<figure id=\"attachment_33335\" aria-describedby=\"caption-attachment-33335\" style=\"width: 856px\" class=\"wp-caption aligncenter\"><img fetchpriority=\"high\" decoding=\"async\" class=\"wp-image-33335\" src=\"https:\/\/mouldking.store\/wp-content\/uploads\/2022\/11\/DK-1507-The-Blade-of-Ghost-Slayer-Yinzhu-Yusui-Tianyuan-2-300x300.png\" alt=\"DK 1507 The Blade of Ghost Slayer: Yinzhu Yusui Tianyuan With 1478 Pieces\" width=\"856\" height=\"856\" title=\"-\" srcset=\"https:\/\/mouldking.store\/wp-content\/uploads\/2022\/11\/DK-1507-The-Blade-of-Ghost-Slayer-Yinzhu-Yusui-Tianyuan-2-300x300.png 300w, https:\/\/mouldking.store\/wp-content\/uploads\/2022\/11\/DK-1507-The-Blade-of-Ghost-Slayer-Yinzhu-Yusui-Tianyuan-2-768x768.png 768w, https:\/\/mouldking.store\/wp-content\/uploads\/2022\/11\/DK-1507-The-Blade-of-Ghost-Slayer-Yinzhu-Yusui-Tianyuan-2-600x600.png 600w, https:\/\/mouldking.store\/wp-content\/uploads\/2022\/11\/DK-1507-The-Blade-of-Ghost-Slayer-Yinzhu-Yusui-Tianyuan-2-150x150.png 150w, https:\/\/mouldking.store\/wp-content\/uploads\/2022\/11\/DK-1507-The-Blade-of-Ghost-Slayer-Yinzhu-Yusui-Tianyuan-2-60x60.png 60w, https:\/\/mouldking.store\/wp-content\/uploads\/2022\/11\/DK-1507-The-Blade-of-Ghost-Slayer-Yinzhu-Yusui-Tianyuan-2-90x90.png 90w, https:\/\/mouldking.store\/wp-content\/uploads\/2022\/11\/DK-1507-The-Blade-of-Ghost-Slayer-Yinzhu-Yusui-Tianyuan-2.png 800w\" sizes=\"(max-width: 856px) 100vw, 856px\" \/><figcaption id=\"caption-attachment-33335\" class=\"wp-caption-text\">DK 1507 Thanh Ki\u1ebfm Di\u1ec7t Ma: Yinzhu Yusui Tianyuan V\u1edbi 1478 M\u1ea3nh<\/figcaption><\/figure>\n<figure id=\"attachment_33336\" aria-describedby=\"caption-attachment-33336\" style=\"width: 770px\" class=\"wp-caption aligncenter\"><img decoding=\"async\" class=\"wp-image-33336\" src=\"https:\/\/mouldking.store\/wp-content\/uploads\/2022\/11\/DK-1507-The-Blade-of-Ghost-Slayer-Yinzhu-Yusui-Tianyuan-3-300x300.png\" alt=\"DK 1507 The Blade of Ghost Slayer: Yinzhu Yusui Tianyuan With 1478 Pieces\" width=\"770\" height=\"770\" title=\"-\" srcset=\"https:\/\/mouldking.store\/wp-content\/uploads\/2022\/11\/DK-1507-The-Blade-of-Ghost-Slayer-Yinzhu-Yusui-Tianyuan-3-300x300.png 300w, https:\/\/mouldking.store\/wp-content\/uploads\/2022\/11\/DK-1507-The-Blade-of-Ghost-Slayer-Yinzhu-Yusui-Tianyuan-3-768x768.png 768w, https:\/\/mouldking.store\/wp-content\/uploads\/2022\/11\/DK-1507-The-Blade-of-Ghost-Slayer-Yinzhu-Yusui-Tianyuan-3-600x600.png 600w, https:\/\/mouldking.store\/wp-content\/uploads\/2022\/11\/DK-1507-The-Blade-of-Ghost-Slayer-Yinzhu-Yusui-Tianyuan-3-150x150.png 150w, https:\/\/mouldking.store\/wp-content\/uploads\/2022\/11\/DK-1507-The-Blade-of-Ghost-Slayer-Yinzhu-Yusui-Tianyuan-3-60x60.png 60w, https:\/\/mouldking.store\/wp-content\/uploads\/2022\/11\/DK-1507-The-Blade-of-Ghost-Slayer-Yinzhu-Yusui-Tianyuan-3-90x90.png 90w, https:\/\/mouldking.store\/wp-content\/uploads\/2022\/11\/DK-1507-The-Blade-of-Ghost-Slayer-Yinzhu-Yusui-Tianyuan-3.png 800w\" sizes=\"(max-width: 770px) 100vw, 770px\" \/><figcaption id=\"caption-attachment-33336\" class=\"wp-caption-text\">DK 1507 Thanh Ki\u1ebfm Di\u1ec7t Ma: Yinzhu Yusui Tianyuan V\u1edbi 1478 M\u1ea3nh<\/figcaption><\/figure>\n<figure id=\"attachment_33337\" aria-describedby=\"caption-attachment-33337\" style=\"width: 819px\" class=\"wp-caption aligncenter\"><img decoding=\"async\" class=\"wp-image-33337\" src=\"https:\/\/mouldking.store\/wp-content\/uploads\/2022\/11\/DK-1507-The-Blade-of-Ghost-Slayer-Yinzhu-Yusui-Tianyuan-4-300x300.png\" alt=\"DK 1507 The Blade of Ghost Slayer: Yinzhu Yusui Tianyuan With 1478 Pieces\" width=\"819\" height=\"819\" title=\"-\" srcset=\"https:\/\/mouldking.store\/wp-content\/uploads\/2022\/11\/DK-1507-The-Blade-of-Ghost-Slayer-Yinzhu-Yusui-Tianyuan-4-300x300.png 300w, https:\/\/mouldking.store\/wp-content\/uploads\/2022\/11\/DK-1507-The-Blade-of-Ghost-Slayer-Yinzhu-Yusui-Tianyuan-4-768x768.png 768w, https:\/\/mouldking.store\/wp-content\/uploads\/2022\/11\/DK-1507-The-Blade-of-Ghost-Slayer-Yinzhu-Yusui-Tianyuan-4-600x600.png 600w, https:\/\/mouldking.store\/wp-content\/uploads\/2022\/11\/DK-1507-The-Blade-of-Ghost-Slayer-Yinzhu-Yusui-Tianyuan-4-150x150.png 150w, https:\/\/mouldking.store\/wp-content\/uploads\/2022\/11\/DK-1507-The-Blade-of-Ghost-Slayer-Yinzhu-Yusui-Tianyuan-4-60x60.png 60w, https:\/\/mouldking.store\/wp-content\/uploads\/2022\/11\/DK-1507-The-Blade-of-Ghost-Slayer-Yinzhu-Yusui-Tianyuan-4-90x90.png 90w, https:\/\/mouldking.store\/wp-content\/uploads\/2022\/11\/DK-1507-The-Blade-of-Ghost-Slayer-Yinzhu-Yusui-Tianyuan-4.png 800w\" sizes=\"(max-width: 819px) 100vw, 819px\" \/><figcaption id=\"caption-attachment-33337\" class=\"wp-caption-text\">DK 1507 Thanh Ki\u1ebfm Di\u1ec7t Ma: Yinzhu Yusui Tianyuan V\u1edbi 1478 M\u1ea3nh<\/figcaption><\/figure>","protected":false},"excerpt":{"rendered":"<p>1. Kh\u00f4ng c\u00f3 h\u1ed9p ban \u0111\u1ea7u, nh\u01b0ng ch\u00fang t\u00f4i \u0111\u1ea3m b\u1ea3o s\u1ea3n ph\u1ea9m c\u1ee7a ch\u00fang t\u00f4i c\u00f3 ch\u1ea5t l\u01b0\u1ee3ng \u0111\u1ea3m b\u1ea3o v\u00e0 bao b\u00ec \u0111\u1eb9p.<br \/>\n2. V\u00ec t\u1ea5t c\u1ea3 c\u00e1c b\u1ed9 ph\u1eadn ch\u00fang t\u00f4i \u0111\u00e3 ki\u1ec3m tra tr\u01b0\u1edbc khi v\u1eadn chuy\u1ec3n, v\u00ec v\u1eady n\u1ebfu b\u1ea1n th\u1ea5y m\u1ed9t s\u1ed1 b\u1ed9 ph\u1eadn b\u1ecb thi\u1ebfu ho\u1eb7c h\u01b0 h\u1ecfng, \u0111\u1eebng lo l\u1eafng v\u00e0 ch\u1ec9 c\u1ea7n vui l\u00f2ng li\u00ean h\u1ec7 v\u1edbi ch\u00fang t\u00f4i v\u00e0 ch\u00fang t\u00f4i c\u00f3 th\u1ec3 g\u1eedi l\u1ea1i mi\u1ec5n ph\u00ed cho b\u1ea1n ngay l\u1eadp t\u1ee9c.<\/p>","protected":false},"featured_media":33335,"comment_status":"closed","ping_status":"closed","template":"","meta":{"_acf_changed":false},"product_cat":[581],"product_tag":[6157,6156,6158,6160,6159],"class_list":["product","first","instock","shipping-taxable","purchasable","product-type-simple"],"acf":[],"_links":{"self":[{"href":"https:\/\/mouldking.store\/vi\/wp-json\/wp\/v2\/product\/33334","targetHints":{"allow":["GET"]}}],"collection":[{"href":"https:\/\/mouldking.store\/vi\/wp-json\/wp\/v2\/product"}],"about":[{"href":"https:\/\/mouldking.store\/vi\/wp-json\/wp\/v2\/types\/product"}],"replies":[{"embeddable":true,"href":"https:\/\/mouldking.store\/vi\/wp-json\/wp\/v2\/comments?post=33334"}],"wp:featuredmedia":[{"embeddable":true,"href":"https:\/\/mouldking.store\/vi\/wp-json\/wp\/v2\/media\/33335"}],"wp:attachment":[{"href":"https:\/\/mouldking.store\/vi\/wp-json\/wp\/v2\/media?parent=33334"}],"wp:term":[{"taxonomy":"product_cat","embeddable":true,"href":"https:\/\/mouldking.store\/vi\/wp-json\/wp\/v2\/product_cat?post=33334"},{"taxonomy":"product_tag","embeddable":true,"href":"https:\/\/mouldking.store\/vi\/wp-json\/wp\/v2\/product_tag?post=33334"}],"curies":[{"name":"wp","href":"https:\/\/api.w.org\/{rel}","templated":true}]}}