{"id":33338,"date":"2022-11-01T10:02:25","date_gmt":"2022-11-01T03:02:25","guid":{"rendered":"https:\/\/mouldking.store\/?post_type=product&#038;p=33338"},"modified":"2022-11-01T10:02:26","modified_gmt":"2022-11-01T03:02:26","slug":"dk-1508-one-piece-sandai-kitetsu-with-790-pieces","status":"publish","type":"product","link":"https:\/\/mouldking.store\/vi\/shop\/dk-1508-one-piece-sandai-kitetsu-with-790-pieces\/","title":{"rendered":"DK 1508 M\u1ed9t M\u1ea3nh Sandai Kitetsu V\u1edbi 790 M\u1ea3nh"},"content":{"rendered":"<p>Th\u00f4ng tin s\u1ea3n ph\u1ea9m:<br \/>\n1. Brand: DK<br \/>\n2. Gi\u1edbi t\u00ednh: Unisex<br \/>\n3. Name: One Piece Sandai Kitetsu<br \/>\n4. Age Range: &gt; 8 years old<br \/>\n5. Model Number: 1508<br \/>\n6. Ph\u00e2n lo\u1ea1i: T\u1eadp h\u1ee3p<br \/>\n7. H\u00ecnh d\u1ea1ng kh\u1ed1i nh\u1ef1a: G\u1ea1ch t\u1ef1 kh\u00f3a<br \/>\n8. Ch\u1ea5t li\u1ec7u: Nh\u1ef1a<br \/>\n9. Lo\u1ea1i nh\u1ef1a: ABS<br \/>\n10. Bricks Blocks: 790 PCS<br \/>\n11. C\u00f3 h\u01b0\u1edbng d\u1eabn l\u1eafp r\u00e1p chi ti\u1ebft.<\/p>\n<figure id=\"attachment_33339\" aria-describedby=\"caption-attachment-33339\" style=\"width: 777px\" class=\"wp-caption aligncenter\"><img fetchpriority=\"high\" decoding=\"async\" class=\"wp-image-33339\" src=\"https:\/\/mouldking.store\/wp-content\/uploads\/2022\/11\/DK-1508-One-Piece-Sandai-Kitetsu-1-300x300.jpg\" alt=\"DK 1508 One Piece Sandai Kitetsu With 790 Pieces\" width=\"777\" height=\"777\" title=\"-\" srcset=\"https:\/\/mouldking.store\/wp-content\/uploads\/2022\/11\/DK-1508-One-Piece-Sandai-Kitetsu-1-300x300.jpg 300w, https:\/\/mouldking.store\/wp-content\/uploads\/2022\/11\/DK-1508-One-Piece-Sandai-Kitetsu-1-768x768.jpg 768w, https:\/\/mouldking.store\/wp-content\/uploads\/2022\/11\/DK-1508-One-Piece-Sandai-Kitetsu-1-600x600.jpg 600w, https:\/\/mouldking.store\/wp-content\/uploads\/2022\/11\/DK-1508-One-Piece-Sandai-Kitetsu-1-150x150.jpg 150w, https:\/\/mouldking.store\/wp-content\/uploads\/2022\/11\/DK-1508-One-Piece-Sandai-Kitetsu-1-60x60.jpg 60w, https:\/\/mouldking.store\/wp-content\/uploads\/2022\/11\/DK-1508-One-Piece-Sandai-Kitetsu-1-90x90.jpg 90w, https:\/\/mouldking.store\/wp-content\/uploads\/2022\/11\/DK-1508-One-Piece-Sandai-Kitetsu-1.jpg 800w\" sizes=\"(max-width: 777px) 100vw, 777px\" \/><figcaption id=\"caption-attachment-33339\" class=\"wp-caption-text\">DK 1508 M\u1ed9t M\u1ea3nh Sandai Kitetsu V\u1edbi 790 M\u1ea3nh<\/figcaption><\/figure>\n<figure id=\"attachment_33340\" aria-describedby=\"caption-attachment-33340\" style=\"width: 780px\" class=\"wp-caption aligncenter\"><img decoding=\"async\" class=\"wp-image-33340\" src=\"https:\/\/mouldking.store\/wp-content\/uploads\/2022\/11\/DK-1508-One-Piece-Sandai-Kitetsu-2-213x300.jpg\" alt=\"DK 1508 One Piece Sandai Kitetsu With 790 Pieces\" width=\"780\" height=\"1099\" title=\"-\" srcset=\"https:\/\/mouldking.store\/wp-content\/uploads\/2022\/11\/DK-1508-One-Piece-Sandai-Kitetsu-2-213x300.jpg 213w, https:\/\/mouldking.store\/wp-content\/uploads\/2022\/11\/DK-1508-One-Piece-Sandai-Kitetsu-2-300x423.jpg 300w, https:\/\/mouldking.store\/wp-content\/uploads\/2022\/11\/DK-1508-One-Piece-Sandai-Kitetsu-2-600x846.jpg 600w, https:\/\/mouldking.store\/wp-content\/uploads\/2022\/11\/DK-1508-One-Piece-Sandai-Kitetsu-2-106x150.jpg 106w, https:\/\/mouldking.store\/wp-content\/uploads\/2022\/11\/DK-1508-One-Piece-Sandai-Kitetsu-2-43x60.jpg 43w, https:\/\/mouldking.store\/wp-content\/uploads\/2022\/11\/DK-1508-One-Piece-Sandai-Kitetsu-2-64x90.jpg 64w, https:\/\/mouldking.store\/wp-content\/uploads\/2022\/11\/DK-1508-One-Piece-Sandai-Kitetsu-2.jpg 726w\" sizes=\"(max-width: 780px) 100vw, 780px\" \/><figcaption id=\"caption-attachment-33340\" class=\"wp-caption-text\">DK 1508 M\u1ed9t M\u1ea3nh Sandai Kitetsu V\u1edbi 790 M\u1ea3nh<\/figcaption><\/figure>","protected":false},"excerpt":{"rendered":"<p>1. Kh\u00f4ng c\u00f3 h\u1ed9p ban \u0111\u1ea7u, nh\u01b0ng ch\u00fang t\u00f4i \u0111\u1ea3m b\u1ea3o s\u1ea3n ph\u1ea9m c\u1ee7a ch\u00fang t\u00f4i c\u00f3 ch\u1ea5t l\u01b0\u1ee3ng \u0111\u1ea3m b\u1ea3o v\u00e0 bao b\u00ec \u0111\u1eb9p.<br \/>\n2. V\u00ec t\u1ea5t c\u1ea3 c\u00e1c b\u1ed9 ph\u1eadn ch\u00fang t\u00f4i \u0111\u00e3 ki\u1ec3m tra tr\u01b0\u1edbc khi v\u1eadn chuy\u1ec3n, v\u00ec v\u1eady n\u1ebfu b\u1ea1n th\u1ea5y m\u1ed9t s\u1ed1 b\u1ed9 ph\u1eadn b\u1ecb thi\u1ebfu ho\u1eb7c h\u01b0 h\u1ecfng, \u0111\u1eebng lo l\u1eafng v\u00e0 ch\u1ec9 c\u1ea7n vui l\u00f2ng li\u00ean h\u1ec7 v\u1edbi ch\u00fang t\u00f4i v\u00e0 ch\u00fang t\u00f4i c\u00f3 th\u1ec3 g\u1eedi l\u1ea1i mi\u1ec5n ph\u00ed cho b\u1ea1n ngay l\u1eadp t\u1ee9c.<\/p>","protected":false},"featured_media":33339,"comment_status":"closed","ping_status":"closed","template":"","meta":{"_acf_changed":false},"product_cat":[581],"product_tag":[6162,6161,1824,6164,6163],"class_list":["product","first","instock","shipping-taxable","purchasable","product-type-simple"],"acf":[],"_links":{"self":[{"href":"https:\/\/mouldking.store\/vi\/wp-json\/wp\/v2\/product\/33338","targetHints":{"allow":["GET"]}}],"collection":[{"href":"https:\/\/mouldking.store\/vi\/wp-json\/wp\/v2\/product"}],"about":[{"href":"https:\/\/mouldking.store\/vi\/wp-json\/wp\/v2\/types\/product"}],"replies":[{"embeddable":true,"href":"https:\/\/mouldking.store\/vi\/wp-json\/wp\/v2\/comments?post=33338"}],"wp:featuredmedia":[{"embeddable":true,"href":"https:\/\/mouldking.store\/vi\/wp-json\/wp\/v2\/media\/33339"}],"wp:attachment":[{"href":"https:\/\/mouldking.store\/vi\/wp-json\/wp\/v2\/media?parent=33338"}],"wp:term":[{"taxonomy":"product_cat","embeddable":true,"href":"https:\/\/mouldking.store\/vi\/wp-json\/wp\/v2\/product_cat?post=33338"},{"taxonomy":"product_tag","embeddable":true,"href":"https:\/\/mouldking.store\/vi\/wp-json\/wp\/v2\/product_tag?post=33338"}],"curies":[{"name":"wp","href":"https:\/\/api.w.org\/{rel}","templated":true}]}}