{"id":33377,"date":"2022-11-02T09:49:55","date_gmt":"2022-11-02T02:49:55","guid":{"rendered":"https:\/\/mouldking.store\/?post_type=product&#038;p=33377"},"modified":"2024-02-27T15:08:29","modified_gmt":"2024-02-27T08:08:29","slug":"quan-guan-100241-tog-ii-british-super-heavy-tank-with-2288-pieces","status":"publish","type":"product","link":"https:\/\/mouldking.store\/vi\/shop\/quan-guan-100241-tog-ii-british-super-heavy-tank-with-2288-pieces\/","title":{"rendered":"Quan Guan 100241 TOG II Xe T\u0103ng Si\u00eau H\u1ea1ng N\u1eb7ng C\u1ee7a Anh G\u1ed3m 2288 M\u1ea3nh Gh\u00e9p"},"content":{"rendered":"<p>Th\u00f4ng tin s\u1ea3n ph\u1ea9m:<\/p>\n<ol>\n<li>Th\u01b0\u01a1ng hi\u1ec7u: Qu\u00e2n Quan<\/li>\n<li>Gi\u1edbi t\u00ednh: Unisex<\/li>\n<li>T\u00ean: TOG II Xe t\u0103ng h\u1ea1ng n\u1eb7ng c\u1ee7a Anh<\/li>\n<li>\u0110\u1ed9 tu\u1ed5i: &gt; 6 tu\u1ed5i<\/li>\n<li>S\u1ed1 m\u00f4 h\u00ecnh: 100241<\/li>\n<li>Ph\u00e2n lo\u1ea1i: T\u1eadp h\u1ee3p<\/li>\n<li>H\u00ecnh d\u1ea1ng kh\u1ed1i nh\u1ef1a: G\u1ea1ch t\u1ef1 kh\u00f3a<\/li>\n<li>Ch\u1ea5t li\u1ec7u: Nh\u1ef1a<\/li>\n<li>Lo\u1ea1i nh\u1ef1a: ABS<\/li>\n<li>Kh\u1ed1i g\u1ea1ch: 2288 C\u00c1I<\/li>\n<li>K\u00edch th\u01b0\u1edbc: 42 \u00d7 11,7 \u00d7 18 cm<\/li>\n<li>Ch\u1ee9a h\u01b0\u1edbng d\u1eabn l\u1eafp r\u00e1p chi ti\u1ebft.<\/li>\n<\/ol>\n<p>\u0110\u1ec3 \u00fd:<br \/>\n1. Kh\u00f4ng c\u00f3 h\u1ed9p ban \u0111\u1ea7u, nh\u01b0ng ch\u00fang t\u00f4i \u0111\u1ea3m b\u1ea3o s\u1ea3n ph\u1ea9m c\u1ee7a ch\u00fang t\u00f4i c\u00f3 ch\u1ea5t l\u01b0\u1ee3ng \u0111\u1ea3m b\u1ea3o v\u00e0 bao b\u00ec \u0111\u1eb9p.<br \/>\n2. V\u00ec t\u1ea5t c\u1ea3 c\u00e1c b\u1ed9 ph\u1eadn ch\u00fang t\u00f4i \u0111\u00e3 ki\u1ec3m tra tr\u01b0\u1edbc khi v\u1eadn chuy\u1ec3n, v\u00ec v\u1eady n\u1ebfu b\u1ea1n th\u1ea5y m\u1ed9t s\u1ed1 b\u1ed9 ph\u1eadn b\u1ecb thi\u1ebfu ho\u1eb7c h\u01b0 h\u1ecfng, \u0111\u1eebng lo l\u1eafng v\u00e0 ch\u1ec9 c\u1ea7n vui l\u00f2ng li\u00ean h\u1ec7 v\u1edbi ch\u00fang t\u00f4i v\u00e0 ch\u00fang t\u00f4i c\u00f3 th\u1ec3 g\u1eedi l\u1ea1i mi\u1ec5n ph\u00ed cho b\u1ea1n ngay l\u1eadp t\u1ee9c.<\/p>\n<figure id=\"attachment_33379\" aria-describedby=\"caption-attachment-33379\" style=\"width: 800px\" class=\"wp-caption aligncenter\"><img fetchpriority=\"high\" decoding=\"async\" class=\"wp-image-33379 size-full\" src=\"https:\/\/mouldking.store\/wp-content\/uploads\/2022\/11\/Military-Quan-Guan-100241-TOG-II-British-Super-Heavy-Tank-1.jpg\" alt=\"Quan Guan 100241 TOG II British Super Heavy Tank With 2288 Pieces\" width=\"800\" height=\"800\" title=\"-\" srcset=\"https:\/\/mouldking.store\/wp-content\/uploads\/2022\/11\/Military-Quan-Guan-100241-TOG-II-British-Super-Heavy-Tank-1.jpg 800w, https:\/\/mouldking.store\/wp-content\/uploads\/2022\/11\/Military-Quan-Guan-100241-TOG-II-British-Super-Heavy-Tank-1-300x300.jpg 300w, https:\/\/mouldking.store\/wp-content\/uploads\/2022\/11\/Military-Quan-Guan-100241-TOG-II-British-Super-Heavy-Tank-1-768x768.jpg 768w, https:\/\/mouldking.store\/wp-content\/uploads\/2022\/11\/Military-Quan-Guan-100241-TOG-II-British-Super-Heavy-Tank-1-600x600.jpg 600w, https:\/\/mouldking.store\/wp-content\/uploads\/2022\/11\/Military-Quan-Guan-100241-TOG-II-British-Super-Heavy-Tank-1-150x150.jpg 150w, https:\/\/mouldking.store\/wp-content\/uploads\/2022\/11\/Military-Quan-Guan-100241-TOG-II-British-Super-Heavy-Tank-1-60x60.jpg 60w, https:\/\/mouldking.store\/wp-content\/uploads\/2022\/11\/Military-Quan-Guan-100241-TOG-II-British-Super-Heavy-Tank-1-90x90.jpg 90w\" sizes=\"(max-width: 800px) 100vw, 800px\" \/><figcaption id=\"caption-attachment-33379\" class=\"wp-caption-text\">Quan Guan 100241 TOG II Xe T\u0103ng Si\u00eau H\u1ea1ng N\u1eb7ng C\u1ee7a Anh G\u1ed3m 2288 M\u1ea3nh Gh\u00e9p<\/figcaption><\/figure>\n<figure id=\"attachment_33380\" aria-describedby=\"caption-attachment-33380\" style=\"width: 800px\" class=\"wp-caption aligncenter\"><img decoding=\"async\" class=\"wp-image-33380 size-full\" src=\"https:\/\/mouldking.store\/wp-content\/uploads\/2022\/11\/Military-Quan-Guan-100241-TOG-II-British-Super-Heavy-Tank-3.jpg\" alt=\"Quan Guan 100241 TOG II British Super Heavy Tank With 2288 Pieces\" width=\"800\" height=\"800\" title=\"-\" srcset=\"https:\/\/mouldking.store\/wp-content\/uploads\/2022\/11\/Military-Quan-Guan-100241-TOG-II-British-Super-Heavy-Tank-3.jpg 800w, https:\/\/mouldking.store\/wp-content\/uploads\/2022\/11\/Military-Quan-Guan-100241-TOG-II-British-Super-Heavy-Tank-3-300x300.jpg 300w, https:\/\/mouldking.store\/wp-content\/uploads\/2022\/11\/Military-Quan-Guan-100241-TOG-II-British-Super-Heavy-Tank-3-768x768.jpg 768w, https:\/\/mouldking.store\/wp-content\/uploads\/2022\/11\/Military-Quan-Guan-100241-TOG-II-British-Super-Heavy-Tank-3-600x600.jpg 600w, https:\/\/mouldking.store\/wp-content\/uploads\/2022\/11\/Military-Quan-Guan-100241-TOG-II-British-Super-Heavy-Tank-3-150x150.jpg 150w, https:\/\/mouldking.store\/wp-content\/uploads\/2022\/11\/Military-Quan-Guan-100241-TOG-II-British-Super-Heavy-Tank-3-60x60.jpg 60w, https:\/\/mouldking.store\/wp-content\/uploads\/2022\/11\/Military-Quan-Guan-100241-TOG-II-British-Super-Heavy-Tank-3-90x90.jpg 90w\" sizes=\"(max-width: 800px) 100vw, 800px\" \/><figcaption id=\"caption-attachment-33380\" class=\"wp-caption-text\">Quan Guan 100241 TOG II Xe T\u0103ng Si\u00eau H\u1ea1ng N\u1eb7ng C\u1ee7a Anh G\u1ed3m 2288 M\u1ea3nh Gh\u00e9p<\/figcaption><\/figure>\n<figure id=\"attachment_33381\" aria-describedby=\"caption-attachment-33381\" style=\"width: 800px\" class=\"wp-caption aligncenter\"><img decoding=\"async\" class=\"wp-image-33381 size-full\" src=\"https:\/\/mouldking.store\/wp-content\/uploads\/2022\/11\/Military-Quan-Guan-100241-TOG-II-British-Super-Heavy-Tank-4.jpg\" alt=\"Quan Guan 100241 TOG II British Super Heavy Tank With 2288 Pieces\" width=\"800\" height=\"800\" title=\"-\" srcset=\"https:\/\/mouldking.store\/wp-content\/uploads\/2022\/11\/Military-Quan-Guan-100241-TOG-II-British-Super-Heavy-Tank-4.jpg 800w, https:\/\/mouldking.store\/wp-content\/uploads\/2022\/11\/Military-Quan-Guan-100241-TOG-II-British-Super-Heavy-Tank-4-300x300.jpg 300w, https:\/\/mouldking.store\/wp-content\/uploads\/2022\/11\/Military-Quan-Guan-100241-TOG-II-British-Super-Heavy-Tank-4-768x768.jpg 768w, https:\/\/mouldking.store\/wp-content\/uploads\/2022\/11\/Military-Quan-Guan-100241-TOG-II-British-Super-Heavy-Tank-4-600x600.jpg 600w, https:\/\/mouldking.store\/wp-content\/uploads\/2022\/11\/Military-Quan-Guan-100241-TOG-II-British-Super-Heavy-Tank-4-150x150.jpg 150w, https:\/\/mouldking.store\/wp-content\/uploads\/2022\/11\/Military-Quan-Guan-100241-TOG-II-British-Super-Heavy-Tank-4-60x60.jpg 60w, https:\/\/mouldking.store\/wp-content\/uploads\/2022\/11\/Military-Quan-Guan-100241-TOG-II-British-Super-Heavy-Tank-4-90x90.jpg 90w\" sizes=\"(max-width: 800px) 100vw, 800px\" \/><figcaption id=\"caption-attachment-33381\" class=\"wp-caption-text\">Quan Guan 100241 TOG II Xe T\u0103ng Si\u00eau H\u1ea1ng N\u1eb7ng C\u1ee7a Anh G\u1ed3m 2288 M\u1ea3nh Gh\u00e9p<\/figcaption><\/figure>\n<figure id=\"attachment_33382\" aria-describedby=\"caption-attachment-33382\" style=\"width: 800px\" class=\"wp-caption aligncenter\"><img loading=\"lazy\" decoding=\"async\" class=\"wp-image-33382 size-full\" src=\"https:\/\/mouldking.store\/wp-content\/uploads\/2022\/11\/Military-Quan-Guan-100241-TOG-II-British-Super-Heavy-Tank-2.jpg\" alt=\"Quan Guan 100241 TOG II British Super Heavy Tank With 2288 Pieces\" width=\"800\" height=\"800\" title=\"-\" srcset=\"https:\/\/mouldking.store\/wp-content\/uploads\/2022\/11\/Military-Quan-Guan-100241-TOG-II-British-Super-Heavy-Tank-2.jpg 800w, https:\/\/mouldking.store\/wp-content\/uploads\/2022\/11\/Military-Quan-Guan-100241-TOG-II-British-Super-Heavy-Tank-2-300x300.jpg 300w, https:\/\/mouldking.store\/wp-content\/uploads\/2022\/11\/Military-Quan-Guan-100241-TOG-II-British-Super-Heavy-Tank-2-768x768.jpg 768w, https:\/\/mouldking.store\/wp-content\/uploads\/2022\/11\/Military-Quan-Guan-100241-TOG-II-British-Super-Heavy-Tank-2-600x600.jpg 600w, https:\/\/mouldking.store\/wp-content\/uploads\/2022\/11\/Military-Quan-Guan-100241-TOG-II-British-Super-Heavy-Tank-2-150x150.jpg 150w, https:\/\/mouldking.store\/wp-content\/uploads\/2022\/11\/Military-Quan-Guan-100241-TOG-II-British-Super-Heavy-Tank-2-60x60.jpg 60w, https:\/\/mouldking.store\/wp-content\/uploads\/2022\/11\/Military-Quan-Guan-100241-TOG-II-British-Super-Heavy-Tank-2-90x90.jpg 90w\" sizes=\"(max-width: 800px) 100vw, 800px\" \/><figcaption id=\"caption-attachment-33382\" class=\"wp-caption-text\">Quan Guan 100241 TOG II Xe T\u0103ng Si\u00eau H\u1ea1ng N\u1eb7ng C\u1ee7a Anh G\u1ed3m 2288 M\u1ea3nh Gh\u00e9p<\/figcaption><\/figure>\n<figure id=\"attachment_33383\" aria-describedby=\"caption-attachment-33383\" style=\"width: 800px\" class=\"wp-caption aligncenter\"><img loading=\"lazy\" decoding=\"async\" class=\"wp-image-33383 size-full\" src=\"https:\/\/mouldking.store\/wp-content\/uploads\/2022\/11\/Military-Quan-Guan-100241-TOG-II-British-Super-Heavy-Tank-5.jpg\" alt=\"Quan Guan 100241 TOG II British Super Heavy Tank With 2288 Pieces\" width=\"800\" height=\"800\" title=\"-\" srcset=\"https:\/\/mouldking.store\/wp-content\/uploads\/2022\/11\/Military-Quan-Guan-100241-TOG-II-British-Super-Heavy-Tank-5.jpg 800w, https:\/\/mouldking.store\/wp-content\/uploads\/2022\/11\/Military-Quan-Guan-100241-TOG-II-British-Super-Heavy-Tank-5-300x300.jpg 300w, https:\/\/mouldking.store\/wp-content\/uploads\/2022\/11\/Military-Quan-Guan-100241-TOG-II-British-Super-Heavy-Tank-5-768x768.jpg 768w, https:\/\/mouldking.store\/wp-content\/uploads\/2022\/11\/Military-Quan-Guan-100241-TOG-II-British-Super-Heavy-Tank-5-600x600.jpg 600w, https:\/\/mouldking.store\/wp-content\/uploads\/2022\/11\/Military-Quan-Guan-100241-TOG-II-British-Super-Heavy-Tank-5-150x150.jpg 150w, https:\/\/mouldking.store\/wp-content\/uploads\/2022\/11\/Military-Quan-Guan-100241-TOG-II-British-Super-Heavy-Tank-5-60x60.jpg 60w, https:\/\/mouldking.store\/wp-content\/uploads\/2022\/11\/Military-Quan-Guan-100241-TOG-II-British-Super-Heavy-Tank-5-90x90.jpg 90w\" sizes=\"(max-width: 800px) 100vw, 800px\" \/><figcaption id=\"caption-attachment-33383\" class=\"wp-caption-text\">Quan Guan 100241 TOG II Xe T\u0103ng Si\u00eau H\u1ea1ng N\u1eb7ng C\u1ee7a Anh G\u1ed3m 2288 M\u1ea3nh Gh\u00e9p<\/figcaption><\/figure>\n<figure id=\"attachment_33384\" aria-describedby=\"caption-attachment-33384\" style=\"width: 800px\" class=\"wp-caption aligncenter\"><img loading=\"lazy\" decoding=\"async\" class=\"wp-image-33384 size-full\" src=\"https:\/\/mouldking.store\/wp-content\/uploads\/2022\/11\/Military-Quan-Guan-100241-TOG-II-British-Super-Heavy-Tank-6.jpg\" alt=\"Quan Guan 100241 TOG II British Super Heavy Tank With 2288 Pieces\" width=\"800\" height=\"800\" title=\"-\" srcset=\"https:\/\/mouldking.store\/wp-content\/uploads\/2022\/11\/Military-Quan-Guan-100241-TOG-II-British-Super-Heavy-Tank-6.jpg 800w, https:\/\/mouldking.store\/wp-content\/uploads\/2022\/11\/Military-Quan-Guan-100241-TOG-II-British-Super-Heavy-Tank-6-300x300.jpg 300w, https:\/\/mouldking.store\/wp-content\/uploads\/2022\/11\/Military-Quan-Guan-100241-TOG-II-British-Super-Heavy-Tank-6-768x768.jpg 768w, https:\/\/mouldking.store\/wp-content\/uploads\/2022\/11\/Military-Quan-Guan-100241-TOG-II-British-Super-Heavy-Tank-6-600x600.jpg 600w, https:\/\/mouldking.store\/wp-content\/uploads\/2022\/11\/Military-Quan-Guan-100241-TOG-II-British-Super-Heavy-Tank-6-150x150.jpg 150w, https:\/\/mouldking.store\/wp-content\/uploads\/2022\/11\/Military-Quan-Guan-100241-TOG-II-British-Super-Heavy-Tank-6-60x60.jpg 60w, https:\/\/mouldking.store\/wp-content\/uploads\/2022\/11\/Military-Quan-Guan-100241-TOG-II-British-Super-Heavy-Tank-6-90x90.jpg 90w\" sizes=\"(max-width: 800px) 100vw, 800px\" \/><figcaption id=\"caption-attachment-33384\" class=\"wp-caption-text\">Quan Guan 100241 TOG II Xe T\u0103ng Si\u00eau H\u1ea1ng N\u1eb7ng C\u1ee7a Anh G\u1ed3m 2288 M\u1ea3nh Gh\u00e9p<\/figcaption><\/figure>\n<figure id=\"attachment_33385\" aria-describedby=\"caption-attachment-33385\" style=\"width: 800px\" class=\"wp-caption aligncenter\"><img loading=\"lazy\" decoding=\"async\" class=\"wp-image-33385 size-full\" src=\"https:\/\/mouldking.store\/wp-content\/uploads\/2022\/11\/Military-Quan-Guan-100241-TOG-II-British-Super-Heavy-Tank-7.jpg\" alt=\"Quan Guan 100241 TOG II British Super Heavy Tank With 2288 Pieces\" width=\"800\" height=\"800\" title=\"-\" srcset=\"https:\/\/mouldking.store\/wp-content\/uploads\/2022\/11\/Military-Quan-Guan-100241-TOG-II-British-Super-Heavy-Tank-7.jpg 800w, https:\/\/mouldking.store\/wp-content\/uploads\/2022\/11\/Military-Quan-Guan-100241-TOG-II-British-Super-Heavy-Tank-7-300x300.jpg 300w, https:\/\/mouldking.store\/wp-content\/uploads\/2022\/11\/Military-Quan-Guan-100241-TOG-II-British-Super-Heavy-Tank-7-768x768.jpg 768w, https:\/\/mouldking.store\/wp-content\/uploads\/2022\/11\/Military-Quan-Guan-100241-TOG-II-British-Super-Heavy-Tank-7-600x600.jpg 600w, https:\/\/mouldking.store\/wp-content\/uploads\/2022\/11\/Military-Quan-Guan-100241-TOG-II-British-Super-Heavy-Tank-7-150x150.jpg 150w, https:\/\/mouldking.store\/wp-content\/uploads\/2022\/11\/Military-Quan-Guan-100241-TOG-II-British-Super-Heavy-Tank-7-60x60.jpg 60w, https:\/\/mouldking.store\/wp-content\/uploads\/2022\/11\/Military-Quan-Guan-100241-TOG-II-British-Super-Heavy-Tank-7-90x90.jpg 90w\" sizes=\"(max-width: 800px) 100vw, 800px\" \/><figcaption id=\"caption-attachment-33385\" class=\"wp-caption-text\">Quan Guan 100241 TOG II Xe T\u0103ng Si\u00eau H\u1ea1ng N\u1eb7ng C\u1ee7a Anh G\u1ed3m 2288 M\u1ea3nh Gh\u00e9p<\/figcaption><\/figure>","protected":false},"excerpt":{"rendered":"<p>Product information: Brand: Quan Guan Gender: Unisex Name: TOG II British Super Heavy Tank Age Range: &gt; 6 years old Model Number: 100241 Classification: Assemblage Plastic Block Shape: Self-Locking Bricks Material: Plastic Plastic Type: ABS Bricks Blocks: 2288 PCS Dimensions: 42 \u00d7 11.7 \u00d7 18 cm Contains detailed assembly instructions. Notice: 1. Without an original [&hellip;]<\/p>","protected":false},"featured_media":33378,"comment_status":"closed","ping_status":"closed","template":"","meta":{"_acf_changed":false},"product_cat":[1350],"product_tag":[6191,6193,5465,6195,6190,6192,485,6194],"class_list":["product","first","instock","shipping-taxable","purchasable","product-type-simple"],"acf":[],"_links":{"self":[{"href":"https:\/\/mouldking.store\/vi\/wp-json\/wp\/v2\/product\/33377","targetHints":{"allow":["GET"]}}],"collection":[{"href":"https:\/\/mouldking.store\/vi\/wp-json\/wp\/v2\/product"}],"about":[{"href":"https:\/\/mouldking.store\/vi\/wp-json\/wp\/v2\/types\/product"}],"replies":[{"embeddable":true,"href":"https:\/\/mouldking.store\/vi\/wp-json\/wp\/v2\/comments?post=33377"}],"wp:featuredmedia":[{"embeddable":true,"href":"https:\/\/mouldking.store\/vi\/wp-json\/wp\/v2\/media\/33378"}],"wp:attachment":[{"href":"https:\/\/mouldking.store\/vi\/wp-json\/wp\/v2\/media?parent=33377"}],"wp:term":[{"taxonomy":"product_cat","embeddable":true,"href":"https:\/\/mouldking.store\/vi\/wp-json\/wp\/v2\/product_cat?post=33377"},{"taxonomy":"product_tag","embeddable":true,"href":"https:\/\/mouldking.store\/vi\/wp-json\/wp\/v2\/product_tag?post=33377"}],"curies":[{"name":"wp","href":"https:\/\/api.w.org\/{rel}","templated":true}]}}