{"id":33394,"date":"2022-11-02T10:09:11","date_gmt":"2022-11-02T03:09:11","guid":{"rendered":"https:\/\/mouldking.store\/?post_type=product&#038;p=33394"},"modified":"2024-12-09T17:42:54","modified_gmt":"2024-12-09T10:42:54","slug":"lebo-77036-optimus-prime-carriage-with-1766-pieces","status":"publish","type":"product","link":"https:\/\/mouldking.store\/vi\/shop\/lebo-77036-optimus-prime-carriage-with-1766-pieces\/","title":{"rendered":"LEBO 77036 C\u1ed7 Xe Optimus Prime V\u1edbi 1766 M\u1ea3nh Gh\u00e9p"},"content":{"rendered":"<p>Th\u00f4ng tin s\u1ea3n ph\u1ea9m:<\/p>\n<ol>\n<li>Brand: LEBO<\/li>\n<li>Gi\u1edbi t\u00ednh: Unisex<\/li>\n<li>Name: Optimus Prime Carriage<\/li>\n<li>\u0110\u1ed9 tu\u1ed5i: &gt; 6 tu\u1ed5i<\/li>\n<li>Model Number: 77036<\/li>\n<li>Ph\u00e2n lo\u1ea1i: T\u1eadp h\u1ee3p<\/li>\n<li>H\u00ecnh d\u1ea1ng kh\u1ed1i nh\u1ef1a: G\u1ea1ch t\u1ef1 kh\u00f3a<\/li>\n<li>Ch\u1ea5t li\u1ec7u: Nh\u1ef1a<\/li>\n<li>Lo\u1ea1i nh\u1ef1a: ABS<\/li>\n<li>Bricks Blocks: 1766 PCS<\/li>\n<li>Dimensions:\u00a039.5 \u00d7 13 \u00d7 19 cm<\/li>\n<li>Ch\u1ee9a h\u01b0\u1edbng d\u1eabn l\u1eafp r\u00e1p chi ti\u1ebft.<\/li>\n<\/ol>\n<p>\u0110\u1ec3 \u00fd:<br \/>\n1. Kh\u00f4ng c\u00f3 h\u1ed9p ban \u0111\u1ea7u, nh\u01b0ng ch\u00fang t\u00f4i \u0111\u1ea3m b\u1ea3o s\u1ea3n ph\u1ea9m c\u1ee7a ch\u00fang t\u00f4i c\u00f3 ch\u1ea5t l\u01b0\u1ee3ng \u0111\u1ea3m b\u1ea3o v\u00e0 bao b\u00ec \u0111\u1eb9p.<br \/>\n2. V\u00ec t\u1ea5t c\u1ea3 c\u00e1c b\u1ed9 ph\u1eadn ch\u00fang t\u00f4i \u0111\u00e3 ki\u1ec3m tra tr\u01b0\u1edbc khi v\u1eadn chuy\u1ec3n, v\u00ec v\u1eady n\u1ebfu b\u1ea1n th\u1ea5y m\u1ed9t s\u1ed1 b\u1ed9 ph\u1eadn b\u1ecb thi\u1ebfu ho\u1eb7c h\u01b0 h\u1ecfng, \u0111\u1eebng lo l\u1eafng v\u00e0 ch\u1ec9 c\u1ea7n vui l\u00f2ng li\u00ean h\u1ec7 v\u1edbi ch\u00fang t\u00f4i v\u00e0 ch\u00fang t\u00f4i c\u00f3 th\u1ec3 g\u1eedi l\u1ea1i mi\u1ec5n ph\u00ed cho b\u1ea1n ngay l\u1eadp t\u1ee9c.<\/p>\n<figure id=\"attachment_33395\" aria-describedby=\"caption-attachment-33395\" style=\"width: 768px\" class=\"wp-caption aligncenter\"><img fetchpriority=\"high\" decoding=\"async\" class=\"wp-image-33395 size-full\" src=\"https:\/\/mouldking.store\/wp-content\/uploads\/2022\/11\/Technic-LEBO-77036-Optimus-Prime-Carriage-1-768x768-1.jpg\" alt=\"LEBO 77036 Optimus Prime Carriage With 1766 Pieces\" width=\"768\" height=\"768\" title=\"-\" srcset=\"https:\/\/mouldking.store\/wp-content\/uploads\/2022\/11\/Technic-LEBO-77036-Optimus-Prime-Carriage-1-768x768-1.jpg 768w, https:\/\/mouldking.store\/wp-content\/uploads\/2022\/11\/Technic-LEBO-77036-Optimus-Prime-Carriage-1-768x768-1-300x300.jpg 300w, https:\/\/mouldking.store\/wp-content\/uploads\/2022\/11\/Technic-LEBO-77036-Optimus-Prime-Carriage-1-768x768-1-600x600.jpg 600w, https:\/\/mouldking.store\/wp-content\/uploads\/2022\/11\/Technic-LEBO-77036-Optimus-Prime-Carriage-1-768x768-1-150x150.jpg 150w, https:\/\/mouldking.store\/wp-content\/uploads\/2022\/11\/Technic-LEBO-77036-Optimus-Prime-Carriage-1-768x768-1-60x60.jpg 60w, https:\/\/mouldking.store\/wp-content\/uploads\/2022\/11\/Technic-LEBO-77036-Optimus-Prime-Carriage-1-768x768-1-90x90.jpg 90w\" sizes=\"(max-width: 768px) 100vw, 768px\" \/><figcaption id=\"caption-attachment-33395\" class=\"wp-caption-text\">LEBO 77036 C\u1ed7 Xe Optimus Prime V\u1edbi 1766 M\u1ea3nh Gh\u00e9p<\/figcaption><\/figure>\n<figure id=\"attachment_33396\" aria-describedby=\"caption-attachment-33396\" style=\"width: 750px\" class=\"wp-caption aligncenter\"><img decoding=\"async\" class=\"wp-image-33396 size-full\" src=\"https:\/\/mouldking.store\/wp-content\/uploads\/2022\/11\/Technic-LEBO-77036-Optimus-Prime-Carriage-7.jpg\" alt=\"LEBO 77036 Optimus Prime Carriage With 1766 Pieces\" width=\"750\" height=\"1024\" title=\"-\" srcset=\"https:\/\/mouldking.store\/wp-content\/uploads\/2022\/11\/Technic-LEBO-77036-Optimus-Prime-Carriage-7.jpg 750w, https:\/\/mouldking.store\/wp-content\/uploads\/2022\/11\/Technic-LEBO-77036-Optimus-Prime-Carriage-7-220x300.jpg 220w, https:\/\/mouldking.store\/wp-content\/uploads\/2022\/11\/Technic-LEBO-77036-Optimus-Prime-Carriage-7-300x410.jpg 300w, https:\/\/mouldking.store\/wp-content\/uploads\/2022\/11\/Technic-LEBO-77036-Optimus-Prime-Carriage-7-600x819.jpg 600w, https:\/\/mouldking.store\/wp-content\/uploads\/2022\/11\/Technic-LEBO-77036-Optimus-Prime-Carriage-7-110x150.jpg 110w, https:\/\/mouldking.store\/wp-content\/uploads\/2022\/11\/Technic-LEBO-77036-Optimus-Prime-Carriage-7-44x60.jpg 44w, https:\/\/mouldking.store\/wp-content\/uploads\/2022\/11\/Technic-LEBO-77036-Optimus-Prime-Carriage-7-66x90.jpg 66w\" sizes=\"(max-width: 750px) 100vw, 750px\" \/><figcaption id=\"caption-attachment-33396\" class=\"wp-caption-text\">LEBO 77036 C\u1ed7 Xe Optimus Prime V\u1edbi 1766 M\u1ea3nh Gh\u00e9p<\/figcaption><\/figure>\n<figure id=\"attachment_33397\" aria-describedby=\"caption-attachment-33397\" style=\"width: 541px\" class=\"wp-caption aligncenter\"><img decoding=\"async\" class=\"wp-image-33397 size-full\" src=\"https:\/\/mouldking.store\/wp-content\/uploads\/2022\/11\/Technic-LEBO-77036-Optimus-Prime-Carriage-6.jpg\" alt=\"LEBO 77036 Optimus Prime Carriage With 1766 Pieces\" width=\"541\" height=\"1024\" title=\"-\" srcset=\"https:\/\/mouldking.store\/wp-content\/uploads\/2022\/11\/Technic-LEBO-77036-Optimus-Prime-Carriage-6.jpg 541w, https:\/\/mouldking.store\/wp-content\/uploads\/2022\/11\/Technic-LEBO-77036-Optimus-Prime-Carriage-6-158x300.jpg 158w, https:\/\/mouldking.store\/wp-content\/uploads\/2022\/11\/Technic-LEBO-77036-Optimus-Prime-Carriage-6-300x568.jpg 300w, https:\/\/mouldking.store\/wp-content\/uploads\/2022\/11\/Technic-LEBO-77036-Optimus-Prime-Carriage-6-79x150.jpg 79w, https:\/\/mouldking.store\/wp-content\/uploads\/2022\/11\/Technic-LEBO-77036-Optimus-Prime-Carriage-6-32x60.jpg 32w, https:\/\/mouldking.store\/wp-content\/uploads\/2022\/11\/Technic-LEBO-77036-Optimus-Prime-Carriage-6-48x90.jpg 48w\" sizes=\"(max-width: 541px) 100vw, 541px\" \/><figcaption id=\"caption-attachment-33397\" class=\"wp-caption-text\">LEBO 77036 C\u1ed7 Xe Optimus Prime V\u1edbi 1766 M\u1ea3nh Gh\u00e9p<\/figcaption><\/figure>\n<figure id=\"attachment_33398\" aria-describedby=\"caption-attachment-33398\" style=\"width: 768px\" class=\"wp-caption aligncenter\"><img loading=\"lazy\" decoding=\"async\" class=\"wp-image-33398 size-full\" src=\"https:\/\/mouldking.store\/wp-content\/uploads\/2022\/11\/Technic-LEBO-77036-Optimus-Prime-Carriage-5-768x823-1.jpg\" alt=\"LEBO 77036 Optimus Prime Carriage With 1766 Pieces\" width=\"768\" height=\"823\" title=\"-\" srcset=\"https:\/\/mouldking.store\/wp-content\/uploads\/2022\/11\/Technic-LEBO-77036-Optimus-Prime-Carriage-5-768x823-1.jpg 768w, https:\/\/mouldking.store\/wp-content\/uploads\/2022\/11\/Technic-LEBO-77036-Optimus-Prime-Carriage-5-768x823-1-280x300.jpg 280w, https:\/\/mouldking.store\/wp-content\/uploads\/2022\/11\/Technic-LEBO-77036-Optimus-Prime-Carriage-5-768x823-1-300x321.jpg 300w, https:\/\/mouldking.store\/wp-content\/uploads\/2022\/11\/Technic-LEBO-77036-Optimus-Prime-Carriage-5-768x823-1-600x643.jpg 600w, https:\/\/mouldking.store\/wp-content\/uploads\/2022\/11\/Technic-LEBO-77036-Optimus-Prime-Carriage-5-768x823-1-140x150.jpg 140w, https:\/\/mouldking.store\/wp-content\/uploads\/2022\/11\/Technic-LEBO-77036-Optimus-Prime-Carriage-5-768x823-1-56x60.jpg 56w, https:\/\/mouldking.store\/wp-content\/uploads\/2022\/11\/Technic-LEBO-77036-Optimus-Prime-Carriage-5-768x823-1-84x90.jpg 84w\" sizes=\"(max-width: 768px) 100vw, 768px\" \/><figcaption id=\"caption-attachment-33398\" class=\"wp-caption-text\">LEBO 77036 C\u1ed7 Xe Optimus Prime V\u1edbi 1766 M\u1ea3nh Gh\u00e9p<\/figcaption><\/figure>\n<figure id=\"attachment_33399\" aria-describedby=\"caption-attachment-33399\" style=\"width: 768px\" class=\"wp-caption aligncenter\"><img loading=\"lazy\" decoding=\"async\" class=\"wp-image-33399 size-full\" src=\"https:\/\/mouldking.store\/wp-content\/uploads\/2022\/11\/Technic-LEBO-77036-Optimus-Prime-Carriage-4-768x698-1.jpg\" alt=\"LEBO 77036 Optimus Prime Carriage With 1766 Pieces\" width=\"768\" height=\"698\" title=\"-\" srcset=\"https:\/\/mouldking.store\/wp-content\/uploads\/2022\/11\/Technic-LEBO-77036-Optimus-Prime-Carriage-4-768x698-1.jpg 768w, https:\/\/mouldking.store\/wp-content\/uploads\/2022\/11\/Technic-LEBO-77036-Optimus-Prime-Carriage-4-768x698-1-300x273.jpg 300w, https:\/\/mouldking.store\/wp-content\/uploads\/2022\/11\/Technic-LEBO-77036-Optimus-Prime-Carriage-4-768x698-1-600x545.jpg 600w, https:\/\/mouldking.store\/wp-content\/uploads\/2022\/11\/Technic-LEBO-77036-Optimus-Prime-Carriage-4-768x698-1-150x136.jpg 150w, https:\/\/mouldking.store\/wp-content\/uploads\/2022\/11\/Technic-LEBO-77036-Optimus-Prime-Carriage-4-768x698-1-66x60.jpg 66w, https:\/\/mouldking.store\/wp-content\/uploads\/2022\/11\/Technic-LEBO-77036-Optimus-Prime-Carriage-4-768x698-1-99x90.jpg 99w\" sizes=\"(max-width: 768px) 100vw, 768px\" \/><figcaption id=\"caption-attachment-33399\" class=\"wp-caption-text\">LEBO 77036 C\u1ed7 Xe Optimus Prime V\u1edbi 1766 M\u1ea3nh Gh\u00e9p<\/figcaption><\/figure>\n<figure id=\"attachment_33400\" aria-describedby=\"caption-attachment-33400\" style=\"width: 768px\" class=\"wp-caption aligncenter\"><img loading=\"lazy\" decoding=\"async\" class=\"wp-image-33400 size-full\" src=\"https:\/\/mouldking.store\/wp-content\/uploads\/2022\/11\/Technic-LEBO-77036-Optimus-Prime-Carriage-3-768x717-1.jpg\" alt=\"LEBO 77036 Optimus Prime Carriage With 1766 Pieces\" width=\"768\" height=\"717\" title=\"-\" srcset=\"https:\/\/mouldking.store\/wp-content\/uploads\/2022\/11\/Technic-LEBO-77036-Optimus-Prime-Carriage-3-768x717-1.jpg 768w, https:\/\/mouldking.store\/wp-content\/uploads\/2022\/11\/Technic-LEBO-77036-Optimus-Prime-Carriage-3-768x717-1-300x280.jpg 300w, https:\/\/mouldking.store\/wp-content\/uploads\/2022\/11\/Technic-LEBO-77036-Optimus-Prime-Carriage-3-768x717-1-600x560.jpg 600w, https:\/\/mouldking.store\/wp-content\/uploads\/2022\/11\/Technic-LEBO-77036-Optimus-Prime-Carriage-3-768x717-1-150x140.jpg 150w, https:\/\/mouldking.store\/wp-content\/uploads\/2022\/11\/Technic-LEBO-77036-Optimus-Prime-Carriage-3-768x717-1-64x60.jpg 64w, https:\/\/mouldking.store\/wp-content\/uploads\/2022\/11\/Technic-LEBO-77036-Optimus-Prime-Carriage-3-768x717-1-96x90.jpg 96w\" sizes=\"(max-width: 768px) 100vw, 768px\" \/><figcaption id=\"caption-attachment-33400\" class=\"wp-caption-text\">LEBO 77036 C\u1ed7 Xe Optimus Prime V\u1edbi 1766 M\u1ea3nh Gh\u00e9p<\/figcaption><\/figure>\n<figure id=\"attachment_33401\" aria-describedby=\"caption-attachment-33401\" style=\"width: 768px\" class=\"wp-caption aligncenter\"><img loading=\"lazy\" decoding=\"async\" class=\"wp-image-33401 size-full\" src=\"https:\/\/mouldking.store\/wp-content\/uploads\/2022\/11\/Technic-LEBO-77036-Optimus-Prime-Carriage-2-768x963-1.jpg\" alt=\"LEBO 77036 Optimus Prime Carriage With 1766 Pieces\" width=\"768\" height=\"963\" title=\"-\" srcset=\"https:\/\/mouldking.store\/wp-content\/uploads\/2022\/11\/Technic-LEBO-77036-Optimus-Prime-Carriage-2-768x963-1.jpg 768w, https:\/\/mouldking.store\/wp-content\/uploads\/2022\/11\/Technic-LEBO-77036-Optimus-Prime-Carriage-2-768x963-1-239x300.jpg 239w, https:\/\/mouldking.store\/wp-content\/uploads\/2022\/11\/Technic-LEBO-77036-Optimus-Prime-Carriage-2-768x963-1-300x376.jpg 300w, https:\/\/mouldking.store\/wp-content\/uploads\/2022\/11\/Technic-LEBO-77036-Optimus-Prime-Carriage-2-768x963-1-600x752.jpg 600w, https:\/\/mouldking.store\/wp-content\/uploads\/2022\/11\/Technic-LEBO-77036-Optimus-Prime-Carriage-2-768x963-1-120x150.jpg 120w, https:\/\/mouldking.store\/wp-content\/uploads\/2022\/11\/Technic-LEBO-77036-Optimus-Prime-Carriage-2-768x963-1-48x60.jpg 48w, https:\/\/mouldking.store\/wp-content\/uploads\/2022\/11\/Technic-LEBO-77036-Optimus-Prime-Carriage-2-768x963-1-72x90.jpg 72w\" sizes=\"(max-width: 768px) 100vw, 768px\" \/><figcaption id=\"caption-attachment-33401\" class=\"wp-caption-text\">LEBO 77036 C\u1ed7 Xe Optimus Prime V\u1edbi 1766 M\u1ea3nh Gh\u00e9p<\/figcaption><\/figure>","protected":false},"excerpt":{"rendered":"<p>Product information: Brand: LEBO Gender: Unisex Name: Optimus Prime Carriage Age Range: &gt; 6 years old Model Number: 77036 Classification: Assemblage Plastic Block Shape: Self-Locking Bricks Material: Plastic Plastic Type: ABS Bricks Blocks: 1766 PCS Dimensions:\u00a039.5 \u00d7 13 \u00d7 19 cm Contains detailed assembly instructions. Notice: 1. Without an original box, but we guarantee our [&hellip;]<\/p>","protected":false},"featured_media":33395,"comment_status":"closed","ping_status":"closed","template":"","meta":{"_acf_changed":false},"product_cat":[1357],"product_tag":[6206,6203,991,6204,6202,6201,6205],"class_list":["product","first","instock","shipping-taxable","purchasable","product-type-simple"],"acf":[],"_links":{"self":[{"href":"https:\/\/mouldking.store\/vi\/wp-json\/wp\/v2\/product\/33394","targetHints":{"allow":["GET"]}}],"collection":[{"href":"https:\/\/mouldking.store\/vi\/wp-json\/wp\/v2\/product"}],"about":[{"href":"https:\/\/mouldking.store\/vi\/wp-json\/wp\/v2\/types\/product"}],"replies":[{"embeddable":true,"href":"https:\/\/mouldking.store\/vi\/wp-json\/wp\/v2\/comments?post=33394"}],"wp:featuredmedia":[{"embeddable":true,"href":"https:\/\/mouldking.store\/vi\/wp-json\/wp\/v2\/media\/33395"}],"wp:attachment":[{"href":"https:\/\/mouldking.store\/vi\/wp-json\/wp\/v2\/media?parent=33394"}],"wp:term":[{"taxonomy":"product_cat","embeddable":true,"href":"https:\/\/mouldking.store\/vi\/wp-json\/wp\/v2\/product_cat?post=33394"},{"taxonomy":"product_tag","embeddable":true,"href":"https:\/\/mouldking.store\/vi\/wp-json\/wp\/v2\/product_tag?post=33394"}],"curies":[{"name":"wp","href":"https:\/\/api.w.org\/{rel}","templated":true}]}}