{"id":33408,"date":"2022-11-02T10:26:24","date_gmt":"2022-11-02T03:26:24","guid":{"rendered":"https:\/\/mouldking.store\/?post_type=product&#038;p=33408"},"modified":"2022-11-02T10:26:24","modified_gmt":"2022-11-02T03:26:24","slug":"mould-king-20002-rc-bridge-tank-with-2388-pieces","status":"publish","type":"product","link":"https:\/\/mouldking.store\/vi\/shop\/mould-king-20002-rc-bridge-tank-with-2388-pieces\/","title":{"rendered":"Xe t\u0103ng c\u1ea7u RC Mold King 20002 v\u1edbi 2388 mi\u1ebfng"},"content":{"rendered":"<p>Th\u00f4ng tin s\u1ea3n ph\u1ea9m:<\/p>\n<ol>\n<li>Th\u01b0\u01a1ng hi\u1ec7u: Khu\u00f4n Vua<\/li>\n<li>Gi\u1edbi t\u00ednh: Unisex<\/li>\n<li>Name: RC Bridge Tank<\/li>\n<li>\u0110\u1ed9 tu\u1ed5i: &gt; 6 tu\u1ed5i<\/li>\n<li>S\u1ed1 m\u00f4 h\u00ecnh: 20002<\/li>\n<li>Ph\u00e2n lo\u1ea1i: T\u1eadp h\u1ee3p<\/li>\n<li>H\u00ecnh d\u1ea1ng kh\u1ed1i nh\u1ef1a: G\u1ea1ch t\u1ef1 kh\u00f3a<\/li>\n<li>Ch\u1ea5t li\u1ec7u: Nh\u1ef1a<\/li>\n<li>Lo\u1ea1i nh\u1ef1a: ABS<\/li>\n<li>Bricks Blocks: 2388 \u00a0PCS<\/li>\n<li>Dimensions: 64 \u00d7 22.2 \u00d7 24 cm<\/li>\n<li>Ch\u1ee9a h\u01b0\u1edbng d\u1eabn l\u1eafp r\u00e1p chi ti\u1ebft.<\/li>\n<\/ol>\n<p>\u0110\u1ec3 \u00fd:<br \/>\n1. Kh\u00f4ng c\u00f3 h\u1ed9p ban \u0111\u1ea7u, nh\u01b0ng ch\u00fang t\u00f4i \u0111\u1ea3m b\u1ea3o s\u1ea3n ph\u1ea9m c\u1ee7a ch\u00fang t\u00f4i c\u00f3 ch\u1ea5t l\u01b0\u1ee3ng \u0111\u1ea3m b\u1ea3o v\u00e0 bao b\u00ec \u0111\u1eb9p.<br \/>\n2. V\u00ec t\u1ea5t c\u1ea3 c\u00e1c b\u1ed9 ph\u1eadn ch\u00fang t\u00f4i \u0111\u00e3 ki\u1ec3m tra tr\u01b0\u1edbc khi v\u1eadn chuy\u1ec3n, v\u00ec v\u1eady n\u1ebfu b\u1ea1n th\u1ea5y m\u1ed9t s\u1ed1 b\u1ed9 ph\u1eadn b\u1ecb thi\u1ebfu ho\u1eb7c h\u01b0 h\u1ecfng, \u0111\u1eebng lo l\u1eafng v\u00e0 ch\u1ec9 c\u1ea7n vui l\u00f2ng li\u00ean h\u1ec7 v\u1edbi ch\u00fang t\u00f4i v\u00e0 ch\u00fang t\u00f4i c\u00f3 th\u1ec3 g\u1eedi l\u1ea1i mi\u1ec5n ph\u00ed cho b\u1ea1n ngay l\u1eadp t\u1ee9c.<\/p>\n<figure id=\"attachment_33409\" aria-describedby=\"caption-attachment-33409\" style=\"width: 800px\" class=\"wp-caption aligncenter\"><img fetchpriority=\"high\" decoding=\"async\" class=\"wp-image-33409 size-full\" src=\"https:\/\/mouldking.store\/wp-content\/uploads\/2022\/11\/Military-Mould-King-20002-RC-Bridge-Tank-1.jpg\" alt=\" Mould King 20002 RC Bridge Tank With 2388 Pieces\" width=\"800\" height=\"800\" title=\"-\" srcset=\"https:\/\/mouldking.store\/wp-content\/uploads\/2022\/11\/Military-Mould-King-20002-RC-Bridge-Tank-1.jpg 800w, https:\/\/mouldking.store\/wp-content\/uploads\/2022\/11\/Military-Mould-King-20002-RC-Bridge-Tank-1-300x300.jpg 300w, https:\/\/mouldking.store\/wp-content\/uploads\/2022\/11\/Military-Mould-King-20002-RC-Bridge-Tank-1-768x768.jpg 768w, https:\/\/mouldking.store\/wp-content\/uploads\/2022\/11\/Military-Mould-King-20002-RC-Bridge-Tank-1-600x600.jpg 600w, https:\/\/mouldking.store\/wp-content\/uploads\/2022\/11\/Military-Mould-King-20002-RC-Bridge-Tank-1-150x150.jpg 150w, https:\/\/mouldking.store\/wp-content\/uploads\/2022\/11\/Military-Mould-King-20002-RC-Bridge-Tank-1-60x60.jpg 60w, https:\/\/mouldking.store\/wp-content\/uploads\/2022\/11\/Military-Mould-King-20002-RC-Bridge-Tank-1-90x90.jpg 90w\" sizes=\"(max-width: 800px) 100vw, 800px\" \/><figcaption id=\"caption-attachment-33409\" class=\"wp-caption-text\">Xe t\u0103ng c\u1ea7u RC Mold King 20002 v\u1edbi 2388 mi\u1ebfng<\/figcaption><\/figure>\n<figure id=\"attachment_33410\" aria-describedby=\"caption-attachment-33410\" style=\"width: 800px\" class=\"wp-caption aligncenter\"><img decoding=\"async\" class=\"wp-image-33410 size-full\" src=\"https:\/\/mouldking.store\/wp-content\/uploads\/2022\/11\/Military-Mould-King-20002-RC-Bridge-Tank-16.jpg\" alt=\" Mould King 20002 RC Bridge Tank With 2388 Pieces\" width=\"800\" height=\"800\" title=\"-\" srcset=\"https:\/\/mouldking.store\/wp-content\/uploads\/2022\/11\/Military-Mould-King-20002-RC-Bridge-Tank-16.jpg 800w, https:\/\/mouldking.store\/wp-content\/uploads\/2022\/11\/Military-Mould-King-20002-RC-Bridge-Tank-16-300x300.jpg 300w, https:\/\/mouldking.store\/wp-content\/uploads\/2022\/11\/Military-Mould-King-20002-RC-Bridge-Tank-16-768x768.jpg 768w, https:\/\/mouldking.store\/wp-content\/uploads\/2022\/11\/Military-Mould-King-20002-RC-Bridge-Tank-16-600x600.jpg 600w, https:\/\/mouldking.store\/wp-content\/uploads\/2022\/11\/Military-Mould-King-20002-RC-Bridge-Tank-16-150x150.jpg 150w, https:\/\/mouldking.store\/wp-content\/uploads\/2022\/11\/Military-Mould-King-20002-RC-Bridge-Tank-16-60x60.jpg 60w, https:\/\/mouldking.store\/wp-content\/uploads\/2022\/11\/Military-Mould-King-20002-RC-Bridge-Tank-16-90x90.jpg 90w\" sizes=\"(max-width: 800px) 100vw, 800px\" \/><figcaption id=\"caption-attachment-33410\" class=\"wp-caption-text\">Xe t\u0103ng c\u1ea7u RC Mold King 20002 v\u1edbi 2388 mi\u1ebfng<\/figcaption><\/figure>\n<figure id=\"attachment_33411\" aria-describedby=\"caption-attachment-33411\" style=\"width: 800px\" class=\"wp-caption aligncenter\"><img decoding=\"async\" class=\"wp-image-33411 size-full\" src=\"https:\/\/mouldking.store\/wp-content\/uploads\/2022\/11\/Military-Mould-King-20002-RC-Bridge-Tank-15.jpg\" alt=\" Mould King 20002 RC Bridge Tank With 2388 Pieces\" width=\"800\" height=\"800\" title=\"-\" srcset=\"https:\/\/mouldking.store\/wp-content\/uploads\/2022\/11\/Military-Mould-King-20002-RC-Bridge-Tank-15.jpg 800w, https:\/\/mouldking.store\/wp-content\/uploads\/2022\/11\/Military-Mould-King-20002-RC-Bridge-Tank-15-300x300.jpg 300w, https:\/\/mouldking.store\/wp-content\/uploads\/2022\/11\/Military-Mould-King-20002-RC-Bridge-Tank-15-768x768.jpg 768w, https:\/\/mouldking.store\/wp-content\/uploads\/2022\/11\/Military-Mould-King-20002-RC-Bridge-Tank-15-600x600.jpg 600w, https:\/\/mouldking.store\/wp-content\/uploads\/2022\/11\/Military-Mould-King-20002-RC-Bridge-Tank-15-150x150.jpg 150w, https:\/\/mouldking.store\/wp-content\/uploads\/2022\/11\/Military-Mould-King-20002-RC-Bridge-Tank-15-60x60.jpg 60w, https:\/\/mouldking.store\/wp-content\/uploads\/2022\/11\/Military-Mould-King-20002-RC-Bridge-Tank-15-90x90.jpg 90w\" sizes=\"(max-width: 800px) 100vw, 800px\" \/><figcaption id=\"caption-attachment-33411\" class=\"wp-caption-text\">Xe t\u0103ng c\u1ea7u RC Mold King 20002 v\u1edbi 2388 mi\u1ebfng<\/figcaption><\/figure>\n<figure id=\"attachment_33412\" aria-describedby=\"caption-attachment-33412\" style=\"width: 790px\" class=\"wp-caption aligncenter\"><img loading=\"lazy\" decoding=\"async\" class=\"wp-image-33412 size-full\" src=\"https:\/\/mouldking.store\/wp-content\/uploads\/2022\/11\/Military-Mould-King-20002-RC-Bridge-Tank-4.jpg\" alt=\" Mould King 20002 RC Bridge Tank With 2388 Pieces\" width=\"790\" height=\"753\" title=\"-\" srcset=\"https:\/\/mouldking.store\/wp-content\/uploads\/2022\/11\/Military-Mould-King-20002-RC-Bridge-Tank-4.jpg 790w, https:\/\/mouldking.store\/wp-content\/uploads\/2022\/11\/Military-Mould-King-20002-RC-Bridge-Tank-4-300x286.jpg 300w, https:\/\/mouldking.store\/wp-content\/uploads\/2022\/11\/Military-Mould-King-20002-RC-Bridge-Tank-4-768x732.jpg 768w, https:\/\/mouldking.store\/wp-content\/uploads\/2022\/11\/Military-Mould-King-20002-RC-Bridge-Tank-4-600x572.jpg 600w, https:\/\/mouldking.store\/wp-content\/uploads\/2022\/11\/Military-Mould-King-20002-RC-Bridge-Tank-4-150x143.jpg 150w, https:\/\/mouldking.store\/wp-content\/uploads\/2022\/11\/Military-Mould-King-20002-RC-Bridge-Tank-4-63x60.jpg 63w, https:\/\/mouldking.store\/wp-content\/uploads\/2022\/11\/Military-Mould-King-20002-RC-Bridge-Tank-4-94x90.jpg 94w\" sizes=\"(max-width: 790px) 100vw, 790px\" \/><figcaption id=\"caption-attachment-33412\" class=\"wp-caption-text\">Xe t\u0103ng c\u1ea7u RC Mold King 20002 v\u1edbi 2388 mi\u1ebfng<\/figcaption><\/figure>\n<figure id=\"attachment_33413\" aria-describedby=\"caption-attachment-33413\" style=\"width: 800px\" class=\"wp-caption aligncenter\"><img loading=\"lazy\" decoding=\"async\" class=\"wp-image-33413 size-full\" src=\"https:\/\/mouldking.store\/wp-content\/uploads\/2022\/11\/Military-Mould-King-20002-RC-Bridge-Tank-13.jpg\" alt=\" Mould King 20002 RC Bridge Tank With 2388 Pieces\" width=\"800\" height=\"800\" title=\"-\" srcset=\"https:\/\/mouldking.store\/wp-content\/uploads\/2022\/11\/Military-Mould-King-20002-RC-Bridge-Tank-13.jpg 800w, https:\/\/mouldking.store\/wp-content\/uploads\/2022\/11\/Military-Mould-King-20002-RC-Bridge-Tank-13-300x300.jpg 300w, https:\/\/mouldking.store\/wp-content\/uploads\/2022\/11\/Military-Mould-King-20002-RC-Bridge-Tank-13-768x768.jpg 768w, https:\/\/mouldking.store\/wp-content\/uploads\/2022\/11\/Military-Mould-King-20002-RC-Bridge-Tank-13-600x600.jpg 600w, https:\/\/mouldking.store\/wp-content\/uploads\/2022\/11\/Military-Mould-King-20002-RC-Bridge-Tank-13-150x150.jpg 150w, https:\/\/mouldking.store\/wp-content\/uploads\/2022\/11\/Military-Mould-King-20002-RC-Bridge-Tank-13-60x60.jpg 60w, https:\/\/mouldking.store\/wp-content\/uploads\/2022\/11\/Military-Mould-King-20002-RC-Bridge-Tank-13-90x90.jpg 90w\" sizes=\"(max-width: 800px) 100vw, 800px\" \/><figcaption id=\"caption-attachment-33413\" class=\"wp-caption-text\">Xe t\u0103ng c\u1ea7u RC Mold King 20002 v\u1edbi 2388 mi\u1ebfng<\/figcaption><\/figure>\n<figure id=\"attachment_33414\" aria-describedby=\"caption-attachment-33414\" style=\"width: 790px\" class=\"wp-caption aligncenter\"><img loading=\"lazy\" decoding=\"async\" class=\"wp-image-33414 size-full\" src=\"https:\/\/mouldking.store\/wp-content\/uploads\/2022\/11\/Military-Mould-King-20002-RC-Bridge-Tank-5.jpg\" alt=\" Mould King 20002 RC Bridge Tank With 2388 Pieces\" width=\"790\" height=\"736\" title=\"-\" srcset=\"https:\/\/mouldking.store\/wp-content\/uploads\/2022\/11\/Military-Mould-King-20002-RC-Bridge-Tank-5.jpg 790w, https:\/\/mouldking.store\/wp-content\/uploads\/2022\/11\/Military-Mould-King-20002-RC-Bridge-Tank-5-300x279.jpg 300w, https:\/\/mouldking.store\/wp-content\/uploads\/2022\/11\/Military-Mould-King-20002-RC-Bridge-Tank-5-768x716.jpg 768w, https:\/\/mouldking.store\/wp-content\/uploads\/2022\/11\/Military-Mould-King-20002-RC-Bridge-Tank-5-600x559.jpg 600w, https:\/\/mouldking.store\/wp-content\/uploads\/2022\/11\/Military-Mould-King-20002-RC-Bridge-Tank-5-150x140.jpg 150w, https:\/\/mouldking.store\/wp-content\/uploads\/2022\/11\/Military-Mould-King-20002-RC-Bridge-Tank-5-64x60.jpg 64w, https:\/\/mouldking.store\/wp-content\/uploads\/2022\/11\/Military-Mould-King-20002-RC-Bridge-Tank-5-97x90.jpg 97w\" sizes=\"(max-width: 790px) 100vw, 790px\" \/><figcaption id=\"caption-attachment-33414\" class=\"wp-caption-text\">Xe t\u0103ng c\u1ea7u RC Mold King 20002 v\u1edbi 2388 mi\u1ebfng<\/figcaption><\/figure>\n<figure id=\"attachment_33415\" aria-describedby=\"caption-attachment-33415\" style=\"width: 800px\" class=\"wp-caption aligncenter\"><img loading=\"lazy\" decoding=\"async\" class=\"wp-image-33415 size-full\" src=\"https:\/\/mouldking.store\/wp-content\/uploads\/2022\/11\/Military-Mould-King-20002-RC-Bridge-Tank-14.jpg\" alt=\" Mould King 20002 RC Bridge Tank With 2388 Pieces\" width=\"800\" height=\"800\" title=\"-\" srcset=\"https:\/\/mouldking.store\/wp-content\/uploads\/2022\/11\/Military-Mould-King-20002-RC-Bridge-Tank-14.jpg 800w, https:\/\/mouldking.store\/wp-content\/uploads\/2022\/11\/Military-Mould-King-20002-RC-Bridge-Tank-14-300x300.jpg 300w, https:\/\/mouldking.store\/wp-content\/uploads\/2022\/11\/Military-Mould-King-20002-RC-Bridge-Tank-14-768x768.jpg 768w, https:\/\/mouldking.store\/wp-content\/uploads\/2022\/11\/Military-Mould-King-20002-RC-Bridge-Tank-14-600x600.jpg 600w, https:\/\/mouldking.store\/wp-content\/uploads\/2022\/11\/Military-Mould-King-20002-RC-Bridge-Tank-14-150x150.jpg 150w, https:\/\/mouldking.store\/wp-content\/uploads\/2022\/11\/Military-Mould-King-20002-RC-Bridge-Tank-14-60x60.jpg 60w, https:\/\/mouldking.store\/wp-content\/uploads\/2022\/11\/Military-Mould-King-20002-RC-Bridge-Tank-14-90x90.jpg 90w\" sizes=\"(max-width: 800px) 100vw, 800px\" \/><figcaption id=\"caption-attachment-33415\" class=\"wp-caption-text\">Xe t\u0103ng c\u1ea7u RC Mold King 20002 v\u1edbi 2388 mi\u1ebfng<\/figcaption><\/figure>\n<figure id=\"attachment_33416\" aria-describedby=\"caption-attachment-33416\" style=\"width: 800px\" class=\"wp-caption aligncenter\"><img loading=\"lazy\" decoding=\"async\" class=\"wp-image-33416 size-full\" src=\"https:\/\/mouldking.store\/wp-content\/uploads\/2022\/11\/Military-Mould-King-20002-RC-Bridge-Tank-12.jpg\" alt=\" Mould King 20002 RC Bridge Tank With 2388 Pieces\" width=\"800\" height=\"800\" title=\"-\" srcset=\"https:\/\/mouldking.store\/wp-content\/uploads\/2022\/11\/Military-Mould-King-20002-RC-Bridge-Tank-12.jpg 800w, https:\/\/mouldking.store\/wp-content\/uploads\/2022\/11\/Military-Mould-King-20002-RC-Bridge-Tank-12-300x300.jpg 300w, https:\/\/mouldking.store\/wp-content\/uploads\/2022\/11\/Military-Mould-King-20002-RC-Bridge-Tank-12-768x768.jpg 768w, https:\/\/mouldking.store\/wp-content\/uploads\/2022\/11\/Military-Mould-King-20002-RC-Bridge-Tank-12-600x600.jpg 600w, https:\/\/mouldking.store\/wp-content\/uploads\/2022\/11\/Military-Mould-King-20002-RC-Bridge-Tank-12-150x150.jpg 150w, https:\/\/mouldking.store\/wp-content\/uploads\/2022\/11\/Military-Mould-King-20002-RC-Bridge-Tank-12-60x60.jpg 60w, https:\/\/mouldking.store\/wp-content\/uploads\/2022\/11\/Military-Mould-King-20002-RC-Bridge-Tank-12-90x90.jpg 90w\" sizes=\"(max-width: 800px) 100vw, 800px\" \/><figcaption id=\"caption-attachment-33416\" class=\"wp-caption-text\">Xe t\u0103ng c\u1ea7u RC Mold King 20002 v\u1edbi 2388 mi\u1ebfng<\/figcaption><\/figure>","protected":false},"excerpt":{"rendered":"<p>Product information: Brand: Mould King Gender: Unisex Name: RC Bridge Tank Age Range: &gt; 6 years old Model Number: 20002 Classification: Assemblage Plastic Block Shape: Self-Locking Bricks Material: Plastic Plastic Type: ABS Bricks Blocks: 2388 \u00a0PCS Dimensions: 64 \u00d7 22.2 \u00d7 24 cm Contains detailed assembly instructions. Notice: 1. Without an original box, but we [&hellip;]<\/p>","protected":false},"featured_media":33409,"comment_status":"closed","ping_status":"closed","template":"","meta":{"_acf_changed":false},"product_cat":[1350],"product_tag":[6213,615,6214,6212,6215,485],"class_list":["product","first","instock","shipping-taxable","purchasable","product-type-simple"],"acf":[],"_links":{"self":[{"href":"https:\/\/mouldking.store\/vi\/wp-json\/wp\/v2\/product\/33408","targetHints":{"allow":["GET"]}}],"collection":[{"href":"https:\/\/mouldking.store\/vi\/wp-json\/wp\/v2\/product"}],"about":[{"href":"https:\/\/mouldking.store\/vi\/wp-json\/wp\/v2\/types\/product"}],"replies":[{"embeddable":true,"href":"https:\/\/mouldking.store\/vi\/wp-json\/wp\/v2\/comments?post=33408"}],"wp:featuredmedia":[{"embeddable":true,"href":"https:\/\/mouldking.store\/vi\/wp-json\/wp\/v2\/media\/33409"}],"wp:attachment":[{"href":"https:\/\/mouldking.store\/vi\/wp-json\/wp\/v2\/media?parent=33408"}],"wp:term":[{"taxonomy":"product_cat","embeddable":true,"href":"https:\/\/mouldking.store\/vi\/wp-json\/wp\/v2\/product_cat?post=33408"},{"taxonomy":"product_tag","embeddable":true,"href":"https:\/\/mouldking.store\/vi\/wp-json\/wp\/v2\/product_tag?post=33408"}],"curies":[{"name":"wp","href":"https:\/\/api.w.org\/{rel}","templated":true}]}}