{"id":33493,"date":"2022-11-02T11:55:39","date_gmt":"2022-11-02T04:55:39","guid":{"rendered":"https:\/\/mouldking.store\/?post_type=product&#038;p=33493"},"modified":"2022-11-02T11:55:40","modified_gmt":"2022-11-02T04:55:40","slug":"sembo-605022-tricky-magic-night-train-paradise-with-673-pieces","status":"publish","type":"product","link":"https:\/\/mouldking.store\/vi\/shop\/sembo-605022-tricky-magic-night-train-paradise-with-673-pieces\/","title":{"rendered":"SEMBO 605022 Tricky Magic Night \u2013 Train Paradise With 673 Pieces"},"content":{"rendered":"<p>Th\u00f4ng tin s\u1ea3n ph\u1ea9m:<\/p>\n<ol>\n<li>Th\u01b0\u01a1ng hi\u1ec7u: SEMBO<\/li>\n<li>Gi\u1edbi t\u00ednh: Unisex<\/li>\n<li>T\u00ean: Tricky Magic Night \u2013 Train Paradise<\/li>\n<li>\u0110\u1ed9 tu\u1ed5i: &gt; 6 tu\u1ed5i<\/li>\n<li>S\u1ed1 m\u00f4 h\u00ecnh: 605022<\/li>\n<li>Ph\u00e2n lo\u1ea1i: T\u1eadp h\u1ee3p<\/li>\n<li>H\u00ecnh d\u1ea1ng kh\u1ed1i nh\u1ef1a: G\u1ea1ch t\u1ef1 kh\u00f3a<\/li>\n<li>Ch\u1ea5t li\u1ec7u: Nh\u1ef1a<\/li>\n<li>Lo\u1ea1i nh\u1ef1a: ABS<\/li>\n<li>Kh\u1ed1i g\u1ea1ch: 673 C\u00c1I<\/li>\n<li>K\u00edch th\u01b0\u1edbc: 28,5 x 22x 18,5 cm<\/li>\n<li>Ch\u1ee9a h\u01b0\u1edbng d\u1eabn l\u1eafp r\u00e1p chi ti\u1ebft.<\/li>\n<\/ol>\n<p>\u0110\u1ec3 \u00fd:<br \/>\n1. Kh\u00f4ng c\u00f3 h\u1ed9p ban \u0111\u1ea7u, nh\u01b0ng ch\u00fang t\u00f4i \u0111\u1ea3m b\u1ea3o s\u1ea3n ph\u1ea9m c\u1ee7a ch\u00fang t\u00f4i c\u00f3 ch\u1ea5t l\u01b0\u1ee3ng \u0111\u1ea3m b\u1ea3o v\u00e0 bao b\u00ec \u0111\u1eb9p.<br \/>\n2. V\u00ec t\u1ea5t c\u1ea3 c\u00e1c b\u1ed9 ph\u1eadn ch\u00fang t\u00f4i \u0111\u00e3 ki\u1ec3m tra tr\u01b0\u1edbc khi v\u1eadn chuy\u1ec3n, v\u00ec v\u1eady n\u1ebfu b\u1ea1n th\u1ea5y m\u1ed9t s\u1ed1 b\u1ed9 ph\u1eadn b\u1ecb thi\u1ebfu ho\u1eb7c h\u01b0 h\u1ecfng, \u0111\u1eebng lo l\u1eafng v\u00e0 ch\u1ec9 c\u1ea7n vui l\u00f2ng li\u00ean h\u1ec7 v\u1edbi ch\u00fang t\u00f4i v\u00e0 ch\u00fang t\u00f4i c\u00f3 th\u1ec3 g\u1eedi l\u1ea1i mi\u1ec5n ph\u00ed cho b\u1ea1n ngay l\u1eadp t\u1ee9c.<\/p>\n<figure id=\"attachment_33494\" aria-describedby=\"caption-attachment-33494\" style=\"width: 768px\" class=\"wp-caption aligncenter\"><img fetchpriority=\"high\" decoding=\"async\" class=\"wp-image-33494 size-full\" src=\"https:\/\/mouldking.store\/wp-content\/uploads\/2022\/11\/Creator-SEMBO-605022-Tricky-Magic-Night-Train-Paradise-1-768x768-1.jpg\" alt=\"SEMBO 605022 Tricky Magic Night \u2013 Train Paradise With 673 Pieces\" width=\"768\" height=\"768\" title=\"-\" srcset=\"https:\/\/mouldking.store\/wp-content\/uploads\/2022\/11\/Creator-SEMBO-605022-Tricky-Magic-Night-Train-Paradise-1-768x768-1.jpg 768w, https:\/\/mouldking.store\/wp-content\/uploads\/2022\/11\/Creator-SEMBO-605022-Tricky-Magic-Night-Train-Paradise-1-768x768-1-300x300.jpg 300w, https:\/\/mouldking.store\/wp-content\/uploads\/2022\/11\/Creator-SEMBO-605022-Tricky-Magic-Night-Train-Paradise-1-768x768-1-600x600.jpg 600w, https:\/\/mouldking.store\/wp-content\/uploads\/2022\/11\/Creator-SEMBO-605022-Tricky-Magic-Night-Train-Paradise-1-768x768-1-150x150.jpg 150w, https:\/\/mouldking.store\/wp-content\/uploads\/2022\/11\/Creator-SEMBO-605022-Tricky-Magic-Night-Train-Paradise-1-768x768-1-60x60.jpg 60w, https:\/\/mouldking.store\/wp-content\/uploads\/2022\/11\/Creator-SEMBO-605022-Tricky-Magic-Night-Train-Paradise-1-768x768-1-90x90.jpg 90w\" sizes=\"(max-width: 768px) 100vw, 768px\" \/><figcaption id=\"caption-attachment-33494\" class=\"wp-caption-text\">SEMBO 605022 Tricky Magic Night \u2013 Train Paradise With 673 Pieces<\/figcaption><\/figure>\n<figure id=\"attachment_33495\" aria-describedby=\"caption-attachment-33495\" style=\"width: 768px\" class=\"wp-caption aligncenter\"><img decoding=\"async\" class=\"wp-image-33495 size-full\" src=\"https:\/\/mouldking.store\/wp-content\/uploads\/2022\/11\/Creator-SEMBO-605022-Tricky-Magic-Night-Train-Paradise-11-768x768-1.jpg\" alt=\"SEMBO 605022 Tricky Magic Night \u2013 Train Paradise With 673 Pieces\" width=\"768\" height=\"768\" title=\"-\" srcset=\"https:\/\/mouldking.store\/wp-content\/uploads\/2022\/11\/Creator-SEMBO-605022-Tricky-Magic-Night-Train-Paradise-11-768x768-1.jpg 768w, https:\/\/mouldking.store\/wp-content\/uploads\/2022\/11\/Creator-SEMBO-605022-Tricky-Magic-Night-Train-Paradise-11-768x768-1-300x300.jpg 300w, https:\/\/mouldking.store\/wp-content\/uploads\/2022\/11\/Creator-SEMBO-605022-Tricky-Magic-Night-Train-Paradise-11-768x768-1-600x600.jpg 600w, https:\/\/mouldking.store\/wp-content\/uploads\/2022\/11\/Creator-SEMBO-605022-Tricky-Magic-Night-Train-Paradise-11-768x768-1-150x150.jpg 150w, https:\/\/mouldking.store\/wp-content\/uploads\/2022\/11\/Creator-SEMBO-605022-Tricky-Magic-Night-Train-Paradise-11-768x768-1-60x60.jpg 60w, https:\/\/mouldking.store\/wp-content\/uploads\/2022\/11\/Creator-SEMBO-605022-Tricky-Magic-Night-Train-Paradise-11-768x768-1-90x90.jpg 90w\" sizes=\"(max-width: 768px) 100vw, 768px\" \/><figcaption id=\"caption-attachment-33495\" class=\"wp-caption-text\">SEMBO 605022 Tricky Magic Night \u2013 Train Paradise With 673 Pieces<\/figcaption><\/figure>\n<figure id=\"attachment_33496\" aria-describedby=\"caption-attachment-33496\" style=\"width: 768px\" class=\"wp-caption aligncenter\"><img decoding=\"async\" class=\"wp-image-33496 size-full\" src=\"https:\/\/mouldking.store\/wp-content\/uploads\/2022\/11\/Creator-SEMBO-605022-Tricky-Magic-Night-Train-Paradise-10-768x768-1.jpg\" alt=\"SEMBO 605022 Tricky Magic Night \u2013 Train Paradise With 673 Pieces\" width=\"768\" height=\"768\" title=\"-\" srcset=\"https:\/\/mouldking.store\/wp-content\/uploads\/2022\/11\/Creator-SEMBO-605022-Tricky-Magic-Night-Train-Paradise-10-768x768-1.jpg 768w, https:\/\/mouldking.store\/wp-content\/uploads\/2022\/11\/Creator-SEMBO-605022-Tricky-Magic-Night-Train-Paradise-10-768x768-1-300x300.jpg 300w, https:\/\/mouldking.store\/wp-content\/uploads\/2022\/11\/Creator-SEMBO-605022-Tricky-Magic-Night-Train-Paradise-10-768x768-1-600x600.jpg 600w, https:\/\/mouldking.store\/wp-content\/uploads\/2022\/11\/Creator-SEMBO-605022-Tricky-Magic-Night-Train-Paradise-10-768x768-1-150x150.jpg 150w, https:\/\/mouldking.store\/wp-content\/uploads\/2022\/11\/Creator-SEMBO-605022-Tricky-Magic-Night-Train-Paradise-10-768x768-1-60x60.jpg 60w, https:\/\/mouldking.store\/wp-content\/uploads\/2022\/11\/Creator-SEMBO-605022-Tricky-Magic-Night-Train-Paradise-10-768x768-1-90x90.jpg 90w\" sizes=\"(max-width: 768px) 100vw, 768px\" \/><figcaption id=\"caption-attachment-33496\" class=\"wp-caption-text\">SEMBO 605022 Tricky Magic Night \u2013 Train Paradise With 673 Pieces<\/figcaption><\/figure>\n<figure id=\"attachment_33497\" aria-describedby=\"caption-attachment-33497\" style=\"width: 600px\" class=\"wp-caption aligncenter\"><img loading=\"lazy\" decoding=\"async\" class=\"wp-image-33497 size-full\" src=\"https:\/\/mouldking.store\/wp-content\/uploads\/2022\/11\/Creator-SEMBO-605022-Tricky-Magic-Night-Train-Paradise-5-600x1002-1.jpg\" alt=\"SEMBO 605022 Tricky Magic Night \u2013 Train Paradise With 673 Pieces\" width=\"600\" height=\"1002\" title=\"-\" srcset=\"https:\/\/mouldking.store\/wp-content\/uploads\/2022\/11\/Creator-SEMBO-605022-Tricky-Magic-Night-Train-Paradise-5-600x1002-1.jpg 600w, https:\/\/mouldking.store\/wp-content\/uploads\/2022\/11\/Creator-SEMBO-605022-Tricky-Magic-Night-Train-Paradise-5-600x1002-1-180x300.jpg 180w, https:\/\/mouldking.store\/wp-content\/uploads\/2022\/11\/Creator-SEMBO-605022-Tricky-Magic-Night-Train-Paradise-5-600x1002-1-300x501.jpg 300w, https:\/\/mouldking.store\/wp-content\/uploads\/2022\/11\/Creator-SEMBO-605022-Tricky-Magic-Night-Train-Paradise-5-600x1002-1-90x150.jpg 90w, https:\/\/mouldking.store\/wp-content\/uploads\/2022\/11\/Creator-SEMBO-605022-Tricky-Magic-Night-Train-Paradise-5-600x1002-1-36x60.jpg 36w, https:\/\/mouldking.store\/wp-content\/uploads\/2022\/11\/Creator-SEMBO-605022-Tricky-Magic-Night-Train-Paradise-5-600x1002-1-54x90.jpg 54w\" sizes=\"(max-width: 600px) 100vw, 600px\" \/><figcaption id=\"caption-attachment-33497\" class=\"wp-caption-text\">SEMBO 605022 Tricky Magic Night \u2013 Train Paradise With 673 Pieces<\/figcaption><\/figure>\n<figure id=\"attachment_33498\" aria-describedby=\"caption-attachment-33498\" style=\"width: 600px\" class=\"wp-caption aligncenter\"><img loading=\"lazy\" decoding=\"async\" class=\"wp-image-33498 size-full\" src=\"https:\/\/mouldking.store\/wp-content\/uploads\/2022\/11\/Creator-SEMBO-605022-Tricky-Magic-Night-Train-Paradise-6-600x941-1.jpg\" alt=\"SEMBO 605022 Tricky Magic Night \u2013 Train Paradise With 673 Pieces\" width=\"600\" height=\"941\" title=\"-\" srcset=\"https:\/\/mouldking.store\/wp-content\/uploads\/2022\/11\/Creator-SEMBO-605022-Tricky-Magic-Night-Train-Paradise-6-600x941-1.jpg 600w, https:\/\/mouldking.store\/wp-content\/uploads\/2022\/11\/Creator-SEMBO-605022-Tricky-Magic-Night-Train-Paradise-6-600x941-1-191x300.jpg 191w, https:\/\/mouldking.store\/wp-content\/uploads\/2022\/11\/Creator-SEMBO-605022-Tricky-Magic-Night-Train-Paradise-6-600x941-1-300x471.jpg 300w, https:\/\/mouldking.store\/wp-content\/uploads\/2022\/11\/Creator-SEMBO-605022-Tricky-Magic-Night-Train-Paradise-6-600x941-1-96x150.jpg 96w, https:\/\/mouldking.store\/wp-content\/uploads\/2022\/11\/Creator-SEMBO-605022-Tricky-Magic-Night-Train-Paradise-6-600x941-1-38x60.jpg 38w, https:\/\/mouldking.store\/wp-content\/uploads\/2022\/11\/Creator-SEMBO-605022-Tricky-Magic-Night-Train-Paradise-6-600x941-1-57x90.jpg 57w\" sizes=\"(max-width: 600px) 100vw, 600px\" \/><figcaption id=\"caption-attachment-33498\" class=\"wp-caption-text\">SEMBO 605022 Tricky Magic Night \u2013 Train Paradise With 673 Pieces<\/figcaption><\/figure>\n<figure id=\"attachment_33499\" aria-describedby=\"caption-attachment-33499\" style=\"width: 600px\" class=\"wp-caption aligncenter\"><img loading=\"lazy\" decoding=\"async\" class=\"wp-image-33499 size-full\" src=\"https:\/\/mouldking.store\/wp-content\/uploads\/2022\/11\/Creator-SEMBO-605022-Tricky-Magic-Night-Train-Paradise-8-600x1017-1.jpg\" alt=\"SEMBO 605022 Tricky Magic Night \u2013 Train Paradise With 673 Pieces\" width=\"600\" height=\"1017\" title=\"-\" srcset=\"https:\/\/mouldking.store\/wp-content\/uploads\/2022\/11\/Creator-SEMBO-605022-Tricky-Magic-Night-Train-Paradise-8-600x1017-1.jpg 600w, https:\/\/mouldking.store\/wp-content\/uploads\/2022\/11\/Creator-SEMBO-605022-Tricky-Magic-Night-Train-Paradise-8-600x1017-1-177x300.jpg 177w, https:\/\/mouldking.store\/wp-content\/uploads\/2022\/11\/Creator-SEMBO-605022-Tricky-Magic-Night-Train-Paradise-8-600x1017-1-300x509.jpg 300w, https:\/\/mouldking.store\/wp-content\/uploads\/2022\/11\/Creator-SEMBO-605022-Tricky-Magic-Night-Train-Paradise-8-600x1017-1-88x150.jpg 88w, https:\/\/mouldking.store\/wp-content\/uploads\/2022\/11\/Creator-SEMBO-605022-Tricky-Magic-Night-Train-Paradise-8-600x1017-1-35x60.jpg 35w, https:\/\/mouldking.store\/wp-content\/uploads\/2022\/11\/Creator-SEMBO-605022-Tricky-Magic-Night-Train-Paradise-8-600x1017-1-53x90.jpg 53w\" sizes=\"(max-width: 600px) 100vw, 600px\" \/><figcaption id=\"caption-attachment-33499\" class=\"wp-caption-text\">SEMBO 605022 Tricky Magic Night \u2013 Train Paradise With 673 Pieces<\/figcaption><\/figure>\n<figure id=\"attachment_33500\" aria-describedby=\"caption-attachment-33500\" style=\"width: 687px\" class=\"wp-caption aligncenter\"><img loading=\"lazy\" decoding=\"async\" class=\"wp-image-33500 size-full\" src=\"https:\/\/mouldking.store\/wp-content\/uploads\/2022\/11\/Creator-SEMBO-605022-Tricky-Magic-Night-Train-Paradise-4.jpg\" alt=\"SEMBO 605022 Tricky Magic Night \u2013 Train Paradise With 673 Pieces\" width=\"687\" height=\"1024\" title=\"-\" srcset=\"https:\/\/mouldking.store\/wp-content\/uploads\/2022\/11\/Creator-SEMBO-605022-Tricky-Magic-Night-Train-Paradise-4.jpg 687w, https:\/\/mouldking.store\/wp-content\/uploads\/2022\/11\/Creator-SEMBO-605022-Tricky-Magic-Night-Train-Paradise-4-201x300.jpg 201w, https:\/\/mouldking.store\/wp-content\/uploads\/2022\/11\/Creator-SEMBO-605022-Tricky-Magic-Night-Train-Paradise-4-300x447.jpg 300w, https:\/\/mouldking.store\/wp-content\/uploads\/2022\/11\/Creator-SEMBO-605022-Tricky-Magic-Night-Train-Paradise-4-600x894.jpg 600w, https:\/\/mouldking.store\/wp-content\/uploads\/2022\/11\/Creator-SEMBO-605022-Tricky-Magic-Night-Train-Paradise-4-101x150.jpg 101w, https:\/\/mouldking.store\/wp-content\/uploads\/2022\/11\/Creator-SEMBO-605022-Tricky-Magic-Night-Train-Paradise-4-40x60.jpg 40w, https:\/\/mouldking.store\/wp-content\/uploads\/2022\/11\/Creator-SEMBO-605022-Tricky-Magic-Night-Train-Paradise-4-60x90.jpg 60w\" sizes=\"(max-width: 687px) 100vw, 687px\" \/><figcaption id=\"caption-attachment-33500\" class=\"wp-caption-text\">SEMBO 605022 Tricky Magic Night \u2013 Train Paradise With 673 Pieces<\/figcaption><\/figure>\n<figure id=\"attachment_33501\" aria-describedby=\"caption-attachment-33501\" style=\"width: 768px\" class=\"wp-caption aligncenter\"><img loading=\"lazy\" decoding=\"async\" class=\"wp-image-33501 size-full\" src=\"https:\/\/mouldking.store\/wp-content\/uploads\/2022\/11\/Creator-SEMBO-605022-Tricky-Magic-Night-Train-Paradise-9-768x768-1.jpg\" alt=\"SEMBO 605022 Tricky Magic Night \u2013 Train Paradise With 673 Pieces\" width=\"768\" height=\"768\" title=\"-\" srcset=\"https:\/\/mouldking.store\/wp-content\/uploads\/2022\/11\/Creator-SEMBO-605022-Tricky-Magic-Night-Train-Paradise-9-768x768-1.jpg 768w, https:\/\/mouldking.store\/wp-content\/uploads\/2022\/11\/Creator-SEMBO-605022-Tricky-Magic-Night-Train-Paradise-9-768x768-1-300x300.jpg 300w, https:\/\/mouldking.store\/wp-content\/uploads\/2022\/11\/Creator-SEMBO-605022-Tricky-Magic-Night-Train-Paradise-9-768x768-1-600x600.jpg 600w, https:\/\/mouldking.store\/wp-content\/uploads\/2022\/11\/Creator-SEMBO-605022-Tricky-Magic-Night-Train-Paradise-9-768x768-1-150x150.jpg 150w, https:\/\/mouldking.store\/wp-content\/uploads\/2022\/11\/Creator-SEMBO-605022-Tricky-Magic-Night-Train-Paradise-9-768x768-1-60x60.jpg 60w, https:\/\/mouldking.store\/wp-content\/uploads\/2022\/11\/Creator-SEMBO-605022-Tricky-Magic-Night-Train-Paradise-9-768x768-1-90x90.jpg 90w\" sizes=\"(max-width: 768px) 100vw, 768px\" \/><figcaption id=\"caption-attachment-33501\" class=\"wp-caption-text\">SEMBO 605022 Tricky Magic Night \u2013 Train Paradise With 673 Pieces<\/figcaption><\/figure>\n<figure id=\"attachment_33502\" aria-describedby=\"caption-attachment-33502\" style=\"width: 600px\" class=\"wp-caption aligncenter\"><img loading=\"lazy\" decoding=\"async\" class=\"wp-image-33502 size-full\" src=\"https:\/\/mouldking.store\/wp-content\/uploads\/2022\/11\/Creator-SEMBO-605022-Tricky-Magic-Night-Train-Paradise-3-600x927-1.jpg\" alt=\"SEMBO 605022 Tricky Magic Night \u2013 Train Paradise With 673 Pieces\" width=\"600\" height=\"927\" title=\"-\" srcset=\"https:\/\/mouldking.store\/wp-content\/uploads\/2022\/11\/Creator-SEMBO-605022-Tricky-Magic-Night-Train-Paradise-3-600x927-1.jpg 600w, https:\/\/mouldking.store\/wp-content\/uploads\/2022\/11\/Creator-SEMBO-605022-Tricky-Magic-Night-Train-Paradise-3-600x927-1-194x300.jpg 194w, https:\/\/mouldking.store\/wp-content\/uploads\/2022\/11\/Creator-SEMBO-605022-Tricky-Magic-Night-Train-Paradise-3-600x927-1-300x464.jpg 300w, https:\/\/mouldking.store\/wp-content\/uploads\/2022\/11\/Creator-SEMBO-605022-Tricky-Magic-Night-Train-Paradise-3-600x927-1-97x150.jpg 97w, https:\/\/mouldking.store\/wp-content\/uploads\/2022\/11\/Creator-SEMBO-605022-Tricky-Magic-Night-Train-Paradise-3-600x927-1-39x60.jpg 39w, https:\/\/mouldking.store\/wp-content\/uploads\/2022\/11\/Creator-SEMBO-605022-Tricky-Magic-Night-Train-Paradise-3-600x927-1-58x90.jpg 58w\" sizes=\"(max-width: 600px) 100vw, 600px\" \/><figcaption id=\"caption-attachment-33502\" class=\"wp-caption-text\">SEMBO 605022 Tricky Magic Night \u2013 Train Paradise With 673 Pieces<\/figcaption><\/figure>\n<figure id=\"attachment_33503\" aria-describedby=\"caption-attachment-33503\" style=\"width: 513px\" class=\"wp-caption aligncenter\"><img loading=\"lazy\" decoding=\"async\" class=\"wp-image-33503 size-full\" src=\"https:\/\/mouldking.store\/wp-content\/uploads\/2022\/11\/Creator-SEMBO-605022-Tricky-Magic-Night-Train-Paradise-7.jpg\" alt=\"SEMBO 605022 Tricky Magic Night \u2013 Train Paradise With 673 Pieces\" width=\"513\" height=\"1024\" title=\"-\" srcset=\"https:\/\/mouldking.store\/wp-content\/uploads\/2022\/11\/Creator-SEMBO-605022-Tricky-Magic-Night-Train-Paradise-7.jpg 513w, https:\/\/mouldking.store\/wp-content\/uploads\/2022\/11\/Creator-SEMBO-605022-Tricky-Magic-Night-Train-Paradise-7-150x300.jpg 150w, https:\/\/mouldking.store\/wp-content\/uploads\/2022\/11\/Creator-SEMBO-605022-Tricky-Magic-Night-Train-Paradise-7-300x599.jpg 300w, https:\/\/mouldking.store\/wp-content\/uploads\/2022\/11\/Creator-SEMBO-605022-Tricky-Magic-Night-Train-Paradise-7-75x150.jpg 75w, https:\/\/mouldking.store\/wp-content\/uploads\/2022\/11\/Creator-SEMBO-605022-Tricky-Magic-Night-Train-Paradise-7-30x60.jpg 30w, https:\/\/mouldking.store\/wp-content\/uploads\/2022\/11\/Creator-SEMBO-605022-Tricky-Magic-Night-Train-Paradise-7-45x90.jpg 45w\" sizes=\"(max-width: 513px) 100vw, 513px\" \/><figcaption id=\"caption-attachment-33503\" class=\"wp-caption-text\">SEMBO 605022 Tricky Magic Night \u2013 Train Paradise With 673 Pieces<\/figcaption><\/figure>\n<figure id=\"attachment_33504\" aria-describedby=\"caption-attachment-33504\" style=\"width: 768px\" class=\"wp-caption aligncenter\"><img loading=\"lazy\" decoding=\"async\" class=\"wp-image-33504 size-full\" src=\"https:\/\/mouldking.store\/wp-content\/uploads\/2022\/11\/Creator-SEMBO-605022-Tricky-Magic-Night-Train-Paradise-2-768x771-1.jpg\" alt=\"SEMBO 605022 Tricky Magic Night \u2013 Train Paradise With 673 Pieces\" width=\"768\" height=\"771\" title=\"-\" srcset=\"https:\/\/mouldking.store\/wp-content\/uploads\/2022\/11\/Creator-SEMBO-605022-Tricky-Magic-Night-Train-Paradise-2-768x771-1.jpg 768w, https:\/\/mouldking.store\/wp-content\/uploads\/2022\/11\/Creator-SEMBO-605022-Tricky-Magic-Night-Train-Paradise-2-768x771-1-300x301.jpg 300w, https:\/\/mouldking.store\/wp-content\/uploads\/2022\/11\/Creator-SEMBO-605022-Tricky-Magic-Night-Train-Paradise-2-768x771-1-600x602.jpg 600w, https:\/\/mouldking.store\/wp-content\/uploads\/2022\/11\/Creator-SEMBO-605022-Tricky-Magic-Night-Train-Paradise-2-768x771-1-150x150.jpg 150w, https:\/\/mouldking.store\/wp-content\/uploads\/2022\/11\/Creator-SEMBO-605022-Tricky-Magic-Night-Train-Paradise-2-768x771-1-60x60.jpg 60w, https:\/\/mouldking.store\/wp-content\/uploads\/2022\/11\/Creator-SEMBO-605022-Tricky-Magic-Night-Train-Paradise-2-768x771-1-90x90.jpg 90w\" sizes=\"(max-width: 768px) 100vw, 768px\" \/><figcaption id=\"caption-attachment-33504\" class=\"wp-caption-text\">SEMBO 605022 Tricky Magic Night \u2013 Train Paradise With 673 Pieces<\/figcaption><\/figure>","protected":false},"excerpt":{"rendered":"<p>Product information: Brand: SEMBO Gender: Unisex Name: Tricky Magic Night \u2013 Train Paradise Age Range: &gt; 6 years old Model Number: 605022 Classification: Assemblage Plastic Block Shape: Self-Locking Bricks Material: Plastic Plastic Type: ABS Bricks Blocks: 673 PCS Dimensions: 28.5 x 22x 18.5 cm Contains detailed assembly instructions. Notice: 1. Without an original box, but [&hellip;]<\/p>","protected":false},"featured_media":33494,"comment_status":"closed","ping_status":"closed","template":"","meta":{"_acf_changed":false},"product_cat":[1365],"product_tag":[6264,1491,6266,6263,6265,6251,6267],"class_list":["product","first","instock","shipping-taxable","purchasable","product-type-simple"],"acf":[],"_links":{"self":[{"href":"https:\/\/mouldking.store\/vi\/wp-json\/wp\/v2\/product\/33493","targetHints":{"allow":["GET"]}}],"collection":[{"href":"https:\/\/mouldking.store\/vi\/wp-json\/wp\/v2\/product"}],"about":[{"href":"https:\/\/mouldking.store\/vi\/wp-json\/wp\/v2\/types\/product"}],"replies":[{"embeddable":true,"href":"https:\/\/mouldking.store\/vi\/wp-json\/wp\/v2\/comments?post=33493"}],"wp:featuredmedia":[{"embeddable":true,"href":"https:\/\/mouldking.store\/vi\/wp-json\/wp\/v2\/media\/33494"}],"wp:attachment":[{"href":"https:\/\/mouldking.store\/vi\/wp-json\/wp\/v2\/media?parent=33493"}],"wp:term":[{"taxonomy":"product_cat","embeddable":true,"href":"https:\/\/mouldking.store\/vi\/wp-json\/wp\/v2\/product_cat?post=33493"},{"taxonomy":"product_tag","embeddable":true,"href":"https:\/\/mouldking.store\/vi\/wp-json\/wp\/v2\/product_tag?post=33493"}],"curies":[{"name":"wp","href":"https:\/\/api.w.org\/{rel}","templated":true}]}}