{"id":33539,"date":"2022-11-02T12:43:16","date_gmt":"2022-11-02T05:43:16","guid":{"rendered":"https:\/\/mouldking.store\/?post_type=product&#038;p=33539"},"modified":"2022-11-02T12:43:16","modified_gmt":"2022-11-02T05:43:16","slug":"wekki-516951-time-machine-the-8090s-with-4279-pieces","status":"publish","type":"product","link":"https:\/\/mouldking.store\/vi\/shop\/wekki-516951-time-machine-the-8090s-with-4279-pieces\/","title":{"rendered":"C\u1ed7 M\u00e1y Th\u1eddi Gian Wekki 516951: Th\u1eadp Ni\u00ean 8090 V\u1edbi 4279 M\u1ea3nh Gh\u00e9p"},"content":{"rendered":"<p style=\"margin: 0px 0px 1.41575em;color: #000000;font-family: sans-serif;font-size: medium\">Th\u00f4ng tin s\u1ea3n ph\u1ea9m:<\/p>\n<ol style=\"padding: 0px;margin: 0px 0px 1.41575em 20px;color: #000000;font-family: sans-serif;font-size: medium\">\n<li style=\"margin-bottom: 3px;padding-left: 6px\">Th\u01b0\u01a1ng hi\u1ec7u: Weki<\/li>\n<li style=\"margin-bottom: 3px;padding-left: 6px\">Gi\u1edbi t\u00ednh: Unisex<\/li>\n<li style=\"margin-bottom: 3px;padding-left: 6px\">T\u00ean: C\u1ed7 m\u00e1y th\u1eddi gian: Th\u1eadp ni\u00ean 8090<\/li>\n<li style=\"margin-bottom: 3px;padding-left: 6px\">\u0110\u1ed9 tu\u1ed5i: &gt; 6 tu\u1ed5i<\/li>\n<li style=\"margin-bottom: 3px;padding-left: 6px\">S\u1ed1 m\u00f4 h\u00ecnh: 516951<\/li>\n<li style=\"margin-bottom: 3px;padding-left: 6px\">Ph\u00e2n lo\u1ea1i: T\u1eadp h\u1ee3p<\/li>\n<li style=\"margin-bottom: 3px;padding-left: 6px\">H\u00ecnh d\u1ea1ng kh\u1ed1i nh\u1ef1a: G\u1ea1ch t\u1ef1 kh\u00f3a<\/li>\n<li style=\"margin-bottom: 3px;padding-left: 6px\">Ch\u1ea5t li\u1ec7u: Nh\u1ef1a<\/li>\n<li style=\"margin-bottom: 3px;padding-left: 6px\">Lo\u1ea1i nh\u1ef1a: ABS<\/li>\n<li style=\"margin-bottom: 3px;padding-left: 6px\">Kh\u1ed1i g\u1ea1ch: 4279 C\u00c1I<\/li>\n<li style=\"margin-bottom: 3px;padding-left: 6px\">K\u00edch th\u01b0\u1edbc: 58,5 \u00d7 56,7 \u00d7 33,4 cm<\/li>\n<li style=\"margin-bottom: 3px;padding-left: 6px\">Ch\u1ee9a h\u01b0\u1edbng d\u1eabn l\u1eafp r\u00e1p chi ti\u1ebft.<\/li>\n<\/ol>\n<p style=\"margin: 0px 0px 1.41575em;color: #000000;font-family: sans-serif;font-size: medium\">\u0110\u1ec3 \u00fd:<br \/>1. Kh\u00f4ng c\u00f3 h\u1ed9p ban \u0111\u1ea7u, nh\u01b0ng ch\u00fang t\u00f4i \u0111\u1ea3m b\u1ea3o s\u1ea3n ph\u1ea9m c\u1ee7a ch\u00fang t\u00f4i c\u00f3 ch\u1ea5t l\u01b0\u1ee3ng \u0111\u1ea3m b\u1ea3o v\u00e0 bao b\u00ec \u0111\u1eb9p.<br \/>2. V\u00ec t\u1ea5t c\u1ea3 c\u00e1c b\u1ed9 ph\u1eadn ch\u00fang t\u00f4i \u0111\u00e3 ki\u1ec3m tra tr\u01b0\u1edbc khi v\u1eadn chuy\u1ec3n, v\u00ec v\u1eady n\u1ebfu b\u1ea1n th\u1ea5y m\u1ed9t s\u1ed1 b\u1ed9 ph\u1eadn b\u1ecb thi\u1ebfu ho\u1eb7c h\u01b0 h\u1ecfng, \u0111\u1eebng lo l\u1eafng v\u00e0 ch\u1ec9 c\u1ea7n vui l\u00f2ng li\u00ean h\u1ec7 v\u1edbi ch\u00fang t\u00f4i v\u00e0 ch\u00fang t\u00f4i c\u00f3 th\u1ec3 g\u1eedi l\u1ea1i mi\u1ec5n ph\u00ed cho b\u1ea1n ngay l\u1eadp t\u1ee9c.<\/p>\n<figure id=\"attachment_33540\" aria-describedby=\"caption-attachment-33540\" style=\"width: 800px\" class=\"wp-caption aligncenter\"><img fetchpriority=\"high\" decoding=\"async\" class=\"wp-image-33540 size-full\" src=\"https:\/\/mouldking.store\/wp-content\/uploads\/2022\/11\/Modular-Building-Wekki-516951-Time-Machine-The-8090s-1.jpg\" alt=\"Wekki 516951 Time Machine: The 8090s With 4279 Pieces\" width=\"800\" height=\"800\" title=\"-\" srcset=\"https:\/\/mouldking.store\/wp-content\/uploads\/2022\/11\/Modular-Building-Wekki-516951-Time-Machine-The-8090s-1.jpg 800w, https:\/\/mouldking.store\/wp-content\/uploads\/2022\/11\/Modular-Building-Wekki-516951-Time-Machine-The-8090s-1-300x300.jpg 300w, https:\/\/mouldking.store\/wp-content\/uploads\/2022\/11\/Modular-Building-Wekki-516951-Time-Machine-The-8090s-1-768x768.jpg 768w, https:\/\/mouldking.store\/wp-content\/uploads\/2022\/11\/Modular-Building-Wekki-516951-Time-Machine-The-8090s-1-600x600.jpg 600w, https:\/\/mouldking.store\/wp-content\/uploads\/2022\/11\/Modular-Building-Wekki-516951-Time-Machine-The-8090s-1-150x150.jpg 150w, https:\/\/mouldking.store\/wp-content\/uploads\/2022\/11\/Modular-Building-Wekki-516951-Time-Machine-The-8090s-1-60x60.jpg 60w, https:\/\/mouldking.store\/wp-content\/uploads\/2022\/11\/Modular-Building-Wekki-516951-Time-Machine-The-8090s-1-90x90.jpg 90w\" sizes=\"(max-width: 800px) 100vw, 800px\" \/><figcaption id=\"caption-attachment-33540\" class=\"wp-caption-text\">C\u1ed7 M\u00e1y Th\u1eddi Gian Wekki 516951: Th\u1eadp Ni\u00ean 8090 V\u1edbi 4279 M\u1ea3nh Gh\u00e9p<\/figcaption><\/figure>\n<figure id=\"attachment_33541\" aria-describedby=\"caption-attachment-33541\" style=\"width: 800px\" class=\"wp-caption aligncenter\"><img decoding=\"async\" class=\"wp-image-33541 size-full\" src=\"https:\/\/mouldking.store\/wp-content\/uploads\/2022\/11\/Modular-Building-Wekki-516951-Time-Machine-The-8090s-7.jpg\" alt=\"Wekki 516951 Time Machine: The 8090s With 4279 Pieces\" width=\"800\" height=\"800\" title=\"-\" srcset=\"https:\/\/mouldking.store\/wp-content\/uploads\/2022\/11\/Modular-Building-Wekki-516951-Time-Machine-The-8090s-7.jpg 800w, https:\/\/mouldking.store\/wp-content\/uploads\/2022\/11\/Modular-Building-Wekki-516951-Time-Machine-The-8090s-7-300x300.jpg 300w, https:\/\/mouldking.store\/wp-content\/uploads\/2022\/11\/Modular-Building-Wekki-516951-Time-Machine-The-8090s-7-768x768.jpg 768w, https:\/\/mouldking.store\/wp-content\/uploads\/2022\/11\/Modular-Building-Wekki-516951-Time-Machine-The-8090s-7-600x600.jpg 600w, https:\/\/mouldking.store\/wp-content\/uploads\/2022\/11\/Modular-Building-Wekki-516951-Time-Machine-The-8090s-7-150x150.jpg 150w, https:\/\/mouldking.store\/wp-content\/uploads\/2022\/11\/Modular-Building-Wekki-516951-Time-Machine-The-8090s-7-60x60.jpg 60w, https:\/\/mouldking.store\/wp-content\/uploads\/2022\/11\/Modular-Building-Wekki-516951-Time-Machine-The-8090s-7-90x90.jpg 90w\" sizes=\"(max-width: 800px) 100vw, 800px\" \/><figcaption id=\"caption-attachment-33541\" class=\"wp-caption-text\">C\u1ed7 M\u00e1y Th\u1eddi Gian Wekki 516951: Th\u1eadp Ni\u00ean 8090 V\u1edbi 4279 M\u1ea3nh Gh\u00e9p<\/figcaption><\/figure>\n<figure id=\"attachment_33542\" aria-describedby=\"caption-attachment-33542\" style=\"width: 800px\" class=\"wp-caption aligncenter\"><img decoding=\"async\" class=\"wp-image-33542 size-full\" src=\"https:\/\/mouldking.store\/wp-content\/uploads\/2022\/11\/Modular-Building-Wekki-516951-Time-Machine-The-8090s-6.jpg\" alt=\"Wekki 516951 Time Machine: The 8090s With 4279 Pieces\" width=\"800\" height=\"800\" title=\"-\" srcset=\"https:\/\/mouldking.store\/wp-content\/uploads\/2022\/11\/Modular-Building-Wekki-516951-Time-Machine-The-8090s-6.jpg 800w, https:\/\/mouldking.store\/wp-content\/uploads\/2022\/11\/Modular-Building-Wekki-516951-Time-Machine-The-8090s-6-300x300.jpg 300w, https:\/\/mouldking.store\/wp-content\/uploads\/2022\/11\/Modular-Building-Wekki-516951-Time-Machine-The-8090s-6-768x768.jpg 768w, https:\/\/mouldking.store\/wp-content\/uploads\/2022\/11\/Modular-Building-Wekki-516951-Time-Machine-The-8090s-6-600x600.jpg 600w, https:\/\/mouldking.store\/wp-content\/uploads\/2022\/11\/Modular-Building-Wekki-516951-Time-Machine-The-8090s-6-150x150.jpg 150w, https:\/\/mouldking.store\/wp-content\/uploads\/2022\/11\/Modular-Building-Wekki-516951-Time-Machine-The-8090s-6-60x60.jpg 60w, https:\/\/mouldking.store\/wp-content\/uploads\/2022\/11\/Modular-Building-Wekki-516951-Time-Machine-The-8090s-6-90x90.jpg 90w\" sizes=\"(max-width: 800px) 100vw, 800px\" \/><figcaption id=\"caption-attachment-33542\" class=\"wp-caption-text\">C\u1ed7 M\u00e1y Th\u1eddi Gian Wekki 516951: Th\u1eadp Ni\u00ean 8090 V\u1edbi 4279 M\u1ea3nh Gh\u00e9p<\/figcaption><\/figure>\n<figure id=\"attachment_33543\" aria-describedby=\"caption-attachment-33543\" style=\"width: 800px\" class=\"wp-caption aligncenter\"><img loading=\"lazy\" decoding=\"async\" class=\"wp-image-33543 size-full\" src=\"https:\/\/mouldking.store\/wp-content\/uploads\/2022\/11\/Modular-Building-Wekki-516951-Time-Machine-The-8090s-5.jpg\" alt=\"Wekki 516951 Time Machine: The 8090s With 4279 Pieces\" width=\"800\" height=\"800\" title=\"-\" srcset=\"https:\/\/mouldking.store\/wp-content\/uploads\/2022\/11\/Modular-Building-Wekki-516951-Time-Machine-The-8090s-5.jpg 800w, https:\/\/mouldking.store\/wp-content\/uploads\/2022\/11\/Modular-Building-Wekki-516951-Time-Machine-The-8090s-5-300x300.jpg 300w, https:\/\/mouldking.store\/wp-content\/uploads\/2022\/11\/Modular-Building-Wekki-516951-Time-Machine-The-8090s-5-768x768.jpg 768w, https:\/\/mouldking.store\/wp-content\/uploads\/2022\/11\/Modular-Building-Wekki-516951-Time-Machine-The-8090s-5-600x600.jpg 600w, https:\/\/mouldking.store\/wp-content\/uploads\/2022\/11\/Modular-Building-Wekki-516951-Time-Machine-The-8090s-5-150x150.jpg 150w, https:\/\/mouldking.store\/wp-content\/uploads\/2022\/11\/Modular-Building-Wekki-516951-Time-Machine-The-8090s-5-60x60.jpg 60w, https:\/\/mouldking.store\/wp-content\/uploads\/2022\/11\/Modular-Building-Wekki-516951-Time-Machine-The-8090s-5-90x90.jpg 90w\" sizes=\"(max-width: 800px) 100vw, 800px\" \/><figcaption id=\"caption-attachment-33543\" class=\"wp-caption-text\">C\u1ed7 M\u00e1y Th\u1eddi Gian Wekki 516951: Th\u1eadp Ni\u00ean 8090 V\u1edbi 4279 M\u1ea3nh Gh\u00e9p<\/figcaption><\/figure>\n<figure id=\"attachment_33544\" aria-describedby=\"caption-attachment-33544\" style=\"width: 800px\" class=\"wp-caption aligncenter\"><img loading=\"lazy\" decoding=\"async\" class=\"wp-image-33544 size-full\" src=\"https:\/\/mouldking.store\/wp-content\/uploads\/2022\/11\/Modular-Building-Wekki-516951-Time-Machine-The-8090s-4.jpg\" alt=\"Wekki 516951 Time Machine: The 8090s With 4279 Pieces\" width=\"800\" height=\"800\" title=\"-\" srcset=\"https:\/\/mouldking.store\/wp-content\/uploads\/2022\/11\/Modular-Building-Wekki-516951-Time-Machine-The-8090s-4.jpg 800w, https:\/\/mouldking.store\/wp-content\/uploads\/2022\/11\/Modular-Building-Wekki-516951-Time-Machine-The-8090s-4-300x300.jpg 300w, https:\/\/mouldking.store\/wp-content\/uploads\/2022\/11\/Modular-Building-Wekki-516951-Time-Machine-The-8090s-4-768x768.jpg 768w, https:\/\/mouldking.store\/wp-content\/uploads\/2022\/11\/Modular-Building-Wekki-516951-Time-Machine-The-8090s-4-600x600.jpg 600w, https:\/\/mouldking.store\/wp-content\/uploads\/2022\/11\/Modular-Building-Wekki-516951-Time-Machine-The-8090s-4-150x150.jpg 150w, https:\/\/mouldking.store\/wp-content\/uploads\/2022\/11\/Modular-Building-Wekki-516951-Time-Machine-The-8090s-4-60x60.jpg 60w, https:\/\/mouldking.store\/wp-content\/uploads\/2022\/11\/Modular-Building-Wekki-516951-Time-Machine-The-8090s-4-90x90.jpg 90w\" sizes=\"(max-width: 800px) 100vw, 800px\" \/><figcaption id=\"caption-attachment-33544\" class=\"wp-caption-text\">C\u1ed7 M\u00e1y Th\u1eddi Gian Wekki 516951: Th\u1eadp Ni\u00ean 8090 V\u1edbi 4279 M\u1ea3nh Gh\u00e9p<\/figcaption><\/figure>\n<figure id=\"attachment_33545\" aria-describedby=\"caption-attachment-33545\" style=\"width: 800px\" class=\"wp-caption aligncenter\"><img loading=\"lazy\" decoding=\"async\" class=\"wp-image-33545 size-full\" src=\"https:\/\/mouldking.store\/wp-content\/uploads\/2022\/11\/Modular-Building-Wekki-516951-Time-Machine-The-8090s-3.jpg\" alt=\"Wekki 516951 Time Machine: The 8090s With 4279 Pieces\" width=\"800\" height=\"800\" title=\"-\" srcset=\"https:\/\/mouldking.store\/wp-content\/uploads\/2022\/11\/Modular-Building-Wekki-516951-Time-Machine-The-8090s-3.jpg 800w, https:\/\/mouldking.store\/wp-content\/uploads\/2022\/11\/Modular-Building-Wekki-516951-Time-Machine-The-8090s-3-300x300.jpg 300w, https:\/\/mouldking.store\/wp-content\/uploads\/2022\/11\/Modular-Building-Wekki-516951-Time-Machine-The-8090s-3-768x768.jpg 768w, https:\/\/mouldking.store\/wp-content\/uploads\/2022\/11\/Modular-Building-Wekki-516951-Time-Machine-The-8090s-3-600x600.jpg 600w, https:\/\/mouldking.store\/wp-content\/uploads\/2022\/11\/Modular-Building-Wekki-516951-Time-Machine-The-8090s-3-150x150.jpg 150w, https:\/\/mouldking.store\/wp-content\/uploads\/2022\/11\/Modular-Building-Wekki-516951-Time-Machine-The-8090s-3-60x60.jpg 60w, https:\/\/mouldking.store\/wp-content\/uploads\/2022\/11\/Modular-Building-Wekki-516951-Time-Machine-The-8090s-3-90x90.jpg 90w\" sizes=\"(max-width: 800px) 100vw, 800px\" \/><figcaption id=\"caption-attachment-33545\" class=\"wp-caption-text\">C\u1ed7 M\u00e1y Th\u1eddi Gian Wekki 516951: Th\u1eadp Ni\u00ean 8090 V\u1edbi 4279 M\u1ea3nh Gh\u00e9p<\/figcaption><\/figure>\n<figure id=\"attachment_33546\" aria-describedby=\"caption-attachment-33546\" style=\"width: 800px\" class=\"wp-caption aligncenter\"><img loading=\"lazy\" decoding=\"async\" class=\"wp-image-33546 size-full\" src=\"https:\/\/mouldking.store\/wp-content\/uploads\/2022\/11\/Modular-Building-Wekki-516951-Time-Machine-The-8090s-2.jpg\" alt=\"Wekki 516951 Time Machine: The 8090s With 4279 Pieces\" width=\"800\" height=\"800\" title=\"-\" srcset=\"https:\/\/mouldking.store\/wp-content\/uploads\/2022\/11\/Modular-Building-Wekki-516951-Time-Machine-The-8090s-2.jpg 800w, https:\/\/mouldking.store\/wp-content\/uploads\/2022\/11\/Modular-Building-Wekki-516951-Time-Machine-The-8090s-2-300x300.jpg 300w, https:\/\/mouldking.store\/wp-content\/uploads\/2022\/11\/Modular-Building-Wekki-516951-Time-Machine-The-8090s-2-768x768.jpg 768w, https:\/\/mouldking.store\/wp-content\/uploads\/2022\/11\/Modular-Building-Wekki-516951-Time-Machine-The-8090s-2-600x600.jpg 600w, https:\/\/mouldking.store\/wp-content\/uploads\/2022\/11\/Modular-Building-Wekki-516951-Time-Machine-The-8090s-2-150x150.jpg 150w, https:\/\/mouldking.store\/wp-content\/uploads\/2022\/11\/Modular-Building-Wekki-516951-Time-Machine-The-8090s-2-60x60.jpg 60w, https:\/\/mouldking.store\/wp-content\/uploads\/2022\/11\/Modular-Building-Wekki-516951-Time-Machine-The-8090s-2-90x90.jpg 90w\" sizes=\"(max-width: 800px) 100vw, 800px\" \/><figcaption id=\"caption-attachment-33546\" class=\"wp-caption-text\">C\u1ed7 M\u00e1y Th\u1eddi Gian Wekki 516951: Th\u1eadp Ni\u00ean 8090 V\u1edbi 4279 M\u1ea3nh Gh\u00e9p<\/figcaption><\/figure>","protected":false},"excerpt":{"rendered":"<p>Product information: Brand: Wekki Gender: Unisex Name: Time Machine: The 8090s Age Range: &gt; 6 years old Model Number: 516951 Classification: Assemblage Plastic Block Shape: Self-Locking Bricks Material: Plastic Plastic Type: ABS Bricks Blocks: 4279 PCS Dimensions: 58.5 \u00d7 56.7 \u00d7 33.4 cm Contains detailed assembly instructions. Notice:1. Without an original box, but we guarantee [&hellip;]<\/p>","protected":false},"featured_media":33540,"comment_status":"closed","ping_status":"closed","template":"","meta":{"_acf_changed":false},"product_cat":[1395],"product_tag":[6289,6292,6291,6290,6288,6293,6287],"class_list":["product","first","instock","shipping-taxable","purchasable","product-type-simple"],"acf":[],"_links":{"self":[{"href":"https:\/\/mouldking.store\/vi\/wp-json\/wp\/v2\/product\/33539","targetHints":{"allow":["GET"]}}],"collection":[{"href":"https:\/\/mouldking.store\/vi\/wp-json\/wp\/v2\/product"}],"about":[{"href":"https:\/\/mouldking.store\/vi\/wp-json\/wp\/v2\/types\/product"}],"replies":[{"embeddable":true,"href":"https:\/\/mouldking.store\/vi\/wp-json\/wp\/v2\/comments?post=33539"}],"wp:featuredmedia":[{"embeddable":true,"href":"https:\/\/mouldking.store\/vi\/wp-json\/wp\/v2\/media\/33540"}],"wp:attachment":[{"href":"https:\/\/mouldking.store\/vi\/wp-json\/wp\/v2\/media?parent=33539"}],"wp:term":[{"taxonomy":"product_cat","embeddable":true,"href":"https:\/\/mouldking.store\/vi\/wp-json\/wp\/v2\/product_cat?post=33539"},{"taxonomy":"product_tag","embeddable":true,"href":"https:\/\/mouldking.store\/vi\/wp-json\/wp\/v2\/product_tag?post=33539"}],"curies":[{"name":"wp","href":"https:\/\/api.w.org\/{rel}","templated":true}]}}