{"id":33554,"date":"2022-11-02T13:07:57","date_gmt":"2022-11-02T06:07:57","guid":{"rendered":"https:\/\/mouldking.store\/?post_type=product&#038;p=33554"},"modified":"2022-11-02T13:07:57","modified_gmt":"2022-11-02T06:07:57","slug":"yupin-p1401-114-rc-sports-car-zonda-gt-with-1689-pieces","status":"publish","type":"product","link":"https:\/\/mouldking.store\/vi\/shop\/yupin-p1401-114-rc-sports-car-zonda-gt-with-1689-pieces\/","title":{"rendered":"Yupin P1401 Xe th\u1ec3 thao RC 1:14 Zonda GT v\u1edbi 1689 m\u1ea3nh gh\u00e9p"},"content":{"rendered":"<p>Th\u00f4ng tin s\u1ea3n ph\u1ea9m:<\/p>\n<ol>\n<li>Brand: Yupin<\/li>\n<li>Gi\u1edbi t\u00ednh: Unisex<\/li>\n<li>Name: 1:14 RC Sports Car Zonda GT<\/li>\n<li>\u0110\u1ed9 tu\u1ed5i: &gt; 6 tu\u1ed5i<\/li>\n<li>Model Number: P1401<\/li>\n<li>Ph\u00e2n lo\u1ea1i: T\u1eadp h\u1ee3p<\/li>\n<li>H\u00ecnh d\u1ea1ng kh\u1ed1i nh\u1ef1a: G\u1ea1ch t\u1ef1 kh\u00f3a<\/li>\n<li>Ch\u1ea5t li\u1ec7u: Nh\u1ef1a<\/li>\n<li>Lo\u1ea1i nh\u1ef1a: ABS<\/li>\n<li>Bricks Blocks: 1689 PCS<\/li>\n<li>Dimensions: 38.3 \u00d7 16.8 \u00d7 9.9 cm<\/li>\n<li>C\u00e2n n\u1eb7ng: 0,21kg<\/li>\n<li>Ch\u1ee9a h\u01b0\u1edbng d\u1eabn l\u1eafp r\u00e1p chi ti\u1ebft.<\/li>\n<\/ol>\n<p>\u0110\u1ec3 \u00fd:<br \/>\n1. Kh\u00f4ng c\u00f3 h\u1ed9p ban \u0111\u1ea7u, nh\u01b0ng ch\u00fang t\u00f4i \u0111\u1ea3m b\u1ea3o s\u1ea3n ph\u1ea9m c\u1ee7a ch\u00fang t\u00f4i c\u00f3 ch\u1ea5t l\u01b0\u1ee3ng \u0111\u1ea3m b\u1ea3o v\u00e0 bao b\u00ec \u0111\u1eb9p.<br \/>\n2. V\u00ec t\u1ea5t c\u1ea3 c\u00e1c b\u1ed9 ph\u1eadn ch\u00fang t\u00f4i \u0111\u00e3 ki\u1ec3m tra tr\u01b0\u1edbc khi v\u1eadn chuy\u1ec3n, v\u00ec v\u1eady n\u1ebfu b\u1ea1n th\u1ea5y m\u1ed9t s\u1ed1 b\u1ed9 ph\u1eadn b\u1ecb thi\u1ebfu ho\u1eb7c h\u01b0 h\u1ecfng, \u0111\u1eebng lo l\u1eafng v\u00e0 ch\u1ec9 c\u1ea7n vui l\u00f2ng li\u00ean h\u1ec7 v\u1edbi ch\u00fang t\u00f4i v\u00e0 ch\u00fang t\u00f4i c\u00f3 th\u1ec3 g\u1eedi l\u1ea1i mi\u1ec5n ph\u00ed cho b\u1ea1n ngay l\u1eadp t\u1ee9c.<\/p>\n<figure id=\"attachment_33555\" aria-describedby=\"caption-attachment-33555\" style=\"width: 800px\" class=\"wp-caption aligncenter\"><img fetchpriority=\"high\" decoding=\"async\" class=\"wp-image-33555 size-full\" src=\"https:\/\/mouldking.store\/wp-content\/uploads\/2022\/11\/Technic-Yupin-P1401-114-RC-Sports-Car-Zonda-GT-1.jpg\" alt=\"Yupin P1401 1:14 RC Sports Car Zonda GT With 1689 Pieces\" width=\"800\" height=\"800\" title=\"-\" srcset=\"https:\/\/mouldking.store\/wp-content\/uploads\/2022\/11\/Technic-Yupin-P1401-114-RC-Sports-Car-Zonda-GT-1.jpg 800w, https:\/\/mouldking.store\/wp-content\/uploads\/2022\/11\/Technic-Yupin-P1401-114-RC-Sports-Car-Zonda-GT-1-300x300.jpg 300w, https:\/\/mouldking.store\/wp-content\/uploads\/2022\/11\/Technic-Yupin-P1401-114-RC-Sports-Car-Zonda-GT-1-768x768.jpg 768w, https:\/\/mouldking.store\/wp-content\/uploads\/2022\/11\/Technic-Yupin-P1401-114-RC-Sports-Car-Zonda-GT-1-600x600.jpg 600w, https:\/\/mouldking.store\/wp-content\/uploads\/2022\/11\/Technic-Yupin-P1401-114-RC-Sports-Car-Zonda-GT-1-150x150.jpg 150w, https:\/\/mouldking.store\/wp-content\/uploads\/2022\/11\/Technic-Yupin-P1401-114-RC-Sports-Car-Zonda-GT-1-60x60.jpg 60w, https:\/\/mouldking.store\/wp-content\/uploads\/2022\/11\/Technic-Yupin-P1401-114-RC-Sports-Car-Zonda-GT-1-90x90.jpg 90w\" sizes=\"(max-width: 800px) 100vw, 800px\" \/><figcaption id=\"caption-attachment-33555\" class=\"wp-caption-text\">Yupin P1401 Xe th\u1ec3 thao RC 1:14 Zonda GT v\u1edbi 1689 m\u1ea3nh gh\u00e9p<\/figcaption><\/figure>\n<figure id=\"attachment_33556\" aria-describedby=\"caption-attachment-33556\" style=\"width: 800px\" class=\"wp-caption aligncenter\"><img decoding=\"async\" class=\"wp-image-33556 size-full\" src=\"https:\/\/mouldking.store\/wp-content\/uploads\/2022\/11\/Technic-Yupin-P1401-114-RC-Sports-Car-Zonda-GT-5.jpg\" alt=\"Yupin P1401 1:14 RC Sports Car Zonda GT With 1689 Pieces\" width=\"800\" height=\"800\" title=\"-\" srcset=\"https:\/\/mouldking.store\/wp-content\/uploads\/2022\/11\/Technic-Yupin-P1401-114-RC-Sports-Car-Zonda-GT-5.jpg 800w, https:\/\/mouldking.store\/wp-content\/uploads\/2022\/11\/Technic-Yupin-P1401-114-RC-Sports-Car-Zonda-GT-5-300x300.jpg 300w, https:\/\/mouldking.store\/wp-content\/uploads\/2022\/11\/Technic-Yupin-P1401-114-RC-Sports-Car-Zonda-GT-5-768x768.jpg 768w, https:\/\/mouldking.store\/wp-content\/uploads\/2022\/11\/Technic-Yupin-P1401-114-RC-Sports-Car-Zonda-GT-5-600x600.jpg 600w, https:\/\/mouldking.store\/wp-content\/uploads\/2022\/11\/Technic-Yupin-P1401-114-RC-Sports-Car-Zonda-GT-5-150x150.jpg 150w, https:\/\/mouldking.store\/wp-content\/uploads\/2022\/11\/Technic-Yupin-P1401-114-RC-Sports-Car-Zonda-GT-5-60x60.jpg 60w, https:\/\/mouldking.store\/wp-content\/uploads\/2022\/11\/Technic-Yupin-P1401-114-RC-Sports-Car-Zonda-GT-5-90x90.jpg 90w\" sizes=\"(max-width: 800px) 100vw, 800px\" \/><figcaption id=\"caption-attachment-33556\" class=\"wp-caption-text\">Yupin P1401 Xe th\u1ec3 thao RC 1:14 Zonda GT v\u1edbi 1689 m\u1ea3nh gh\u00e9p<\/figcaption><\/figure>\n<figure id=\"attachment_33557\" aria-describedby=\"caption-attachment-33557\" style=\"width: 800px\" class=\"wp-caption aligncenter\"><img decoding=\"async\" class=\"wp-image-33557 size-full\" src=\"https:\/\/mouldking.store\/wp-content\/uploads\/2022\/11\/Technic-Yupin-P1401-114-RC-Sports-Car-Zonda-GT-4.jpg\" alt=\"Yupin P1401 1:14 RC Sports Car Zonda GT With 1689 Pieces\" width=\"800\" height=\"800\" title=\"-\" srcset=\"https:\/\/mouldking.store\/wp-content\/uploads\/2022\/11\/Technic-Yupin-P1401-114-RC-Sports-Car-Zonda-GT-4.jpg 800w, https:\/\/mouldking.store\/wp-content\/uploads\/2022\/11\/Technic-Yupin-P1401-114-RC-Sports-Car-Zonda-GT-4-300x300.jpg 300w, https:\/\/mouldking.store\/wp-content\/uploads\/2022\/11\/Technic-Yupin-P1401-114-RC-Sports-Car-Zonda-GT-4-768x768.jpg 768w, https:\/\/mouldking.store\/wp-content\/uploads\/2022\/11\/Technic-Yupin-P1401-114-RC-Sports-Car-Zonda-GT-4-600x600.jpg 600w, https:\/\/mouldking.store\/wp-content\/uploads\/2022\/11\/Technic-Yupin-P1401-114-RC-Sports-Car-Zonda-GT-4-150x150.jpg 150w, https:\/\/mouldking.store\/wp-content\/uploads\/2022\/11\/Technic-Yupin-P1401-114-RC-Sports-Car-Zonda-GT-4-60x60.jpg 60w, https:\/\/mouldking.store\/wp-content\/uploads\/2022\/11\/Technic-Yupin-P1401-114-RC-Sports-Car-Zonda-GT-4-90x90.jpg 90w\" sizes=\"(max-width: 800px) 100vw, 800px\" \/><figcaption id=\"caption-attachment-33557\" class=\"wp-caption-text\">Yupin P1401 Xe th\u1ec3 thao RC 1:14 Zonda GT v\u1edbi 1689 m\u1ea3nh gh\u00e9p<\/figcaption><\/figure>\n<figure id=\"attachment_33558\" aria-describedby=\"caption-attachment-33558\" style=\"width: 800px\" class=\"wp-caption aligncenter\"><img loading=\"lazy\" decoding=\"async\" class=\"wp-image-33558 size-full\" src=\"https:\/\/mouldking.store\/wp-content\/uploads\/2022\/11\/Technic-Yupin-P1401-114-RC-Sports-Car-Zonda-GT-3.jpg\" alt=\"Yupin P1401 1:14 RC Sports Car Zonda GT With 1689 Pieces\" width=\"800\" height=\"800\" title=\"-\" srcset=\"https:\/\/mouldking.store\/wp-content\/uploads\/2022\/11\/Technic-Yupin-P1401-114-RC-Sports-Car-Zonda-GT-3.jpg 800w, https:\/\/mouldking.store\/wp-content\/uploads\/2022\/11\/Technic-Yupin-P1401-114-RC-Sports-Car-Zonda-GT-3-300x300.jpg 300w, https:\/\/mouldking.store\/wp-content\/uploads\/2022\/11\/Technic-Yupin-P1401-114-RC-Sports-Car-Zonda-GT-3-768x768.jpg 768w, https:\/\/mouldking.store\/wp-content\/uploads\/2022\/11\/Technic-Yupin-P1401-114-RC-Sports-Car-Zonda-GT-3-600x600.jpg 600w, https:\/\/mouldking.store\/wp-content\/uploads\/2022\/11\/Technic-Yupin-P1401-114-RC-Sports-Car-Zonda-GT-3-150x150.jpg 150w, https:\/\/mouldking.store\/wp-content\/uploads\/2022\/11\/Technic-Yupin-P1401-114-RC-Sports-Car-Zonda-GT-3-60x60.jpg 60w, https:\/\/mouldking.store\/wp-content\/uploads\/2022\/11\/Technic-Yupin-P1401-114-RC-Sports-Car-Zonda-GT-3-90x90.jpg 90w\" sizes=\"(max-width: 800px) 100vw, 800px\" \/><figcaption id=\"caption-attachment-33558\" class=\"wp-caption-text\">Yupin P1401 Xe th\u1ec3 thao RC 1:14 Zonda GT v\u1edbi 1689 m\u1ea3nh gh\u00e9p<\/figcaption><\/figure>\n<figure id=\"attachment_33559\" aria-describedby=\"caption-attachment-33559\" style=\"width: 800px\" class=\"wp-caption aligncenter\"><img loading=\"lazy\" decoding=\"async\" class=\"wp-image-33559 size-full\" src=\"https:\/\/mouldking.store\/wp-content\/uploads\/2022\/11\/Technic-Yupin-P1401-114-RC-Sports-Car-Zonda-GT-2.jpg\" alt=\"Yupin P1401 1:14 RC Sports Car Zonda GT With 1689 Pieces\" width=\"800\" height=\"800\" title=\"-\" srcset=\"https:\/\/mouldking.store\/wp-content\/uploads\/2022\/11\/Technic-Yupin-P1401-114-RC-Sports-Car-Zonda-GT-2.jpg 800w, https:\/\/mouldking.store\/wp-content\/uploads\/2022\/11\/Technic-Yupin-P1401-114-RC-Sports-Car-Zonda-GT-2-300x300.jpg 300w, https:\/\/mouldking.store\/wp-content\/uploads\/2022\/11\/Technic-Yupin-P1401-114-RC-Sports-Car-Zonda-GT-2-768x768.jpg 768w, https:\/\/mouldking.store\/wp-content\/uploads\/2022\/11\/Technic-Yupin-P1401-114-RC-Sports-Car-Zonda-GT-2-600x600.jpg 600w, https:\/\/mouldking.store\/wp-content\/uploads\/2022\/11\/Technic-Yupin-P1401-114-RC-Sports-Car-Zonda-GT-2-150x150.jpg 150w, https:\/\/mouldking.store\/wp-content\/uploads\/2022\/11\/Technic-Yupin-P1401-114-RC-Sports-Car-Zonda-GT-2-60x60.jpg 60w, https:\/\/mouldking.store\/wp-content\/uploads\/2022\/11\/Technic-Yupin-P1401-114-RC-Sports-Car-Zonda-GT-2-90x90.jpg 90w\" sizes=\"(max-width: 800px) 100vw, 800px\" \/><figcaption id=\"caption-attachment-33559\" class=\"wp-caption-text\">Yupin P1401 Xe th\u1ec3 thao RC 1:14 Zonda GT v\u1edbi 1689 m\u1ea3nh gh\u00e9p<\/figcaption><\/figure>","protected":false},"excerpt":{"rendered":"<p>Product information: Brand: Yupin Gender: Unisex Name: 1:14 RC Sports Car Zonda GT Age Range: &gt; 6 years old Model Number: P1401 Classification: Assemblage Plastic Block Shape: Self-Locking Bricks Material: Plastic Plastic Type: ABS Bricks Blocks: 1689 PCS Dimensions: 38.3 \u00d7 16.8 \u00d7 9.9 cm Weight: 0.21 kg Contains detailed assembly instructions. Notice: 1. Without [&hellip;]<\/p>","protected":false},"featured_media":33555,"comment_status":"closed","ping_status":"closed","template":"","meta":{"_acf_changed":false},"product_cat":[1357],"product_tag":[6305,6306,6303,5166,6302,6307,6301,6304],"class_list":["product","first","instock","shipping-taxable","purchasable","product-type-simple"],"acf":[],"_links":{"self":[{"href":"https:\/\/mouldking.store\/vi\/wp-json\/wp\/v2\/product\/33554","targetHints":{"allow":["GET"]}}],"collection":[{"href":"https:\/\/mouldking.store\/vi\/wp-json\/wp\/v2\/product"}],"about":[{"href":"https:\/\/mouldking.store\/vi\/wp-json\/wp\/v2\/types\/product"}],"replies":[{"embeddable":true,"href":"https:\/\/mouldking.store\/vi\/wp-json\/wp\/v2\/comments?post=33554"}],"wp:featuredmedia":[{"embeddable":true,"href":"https:\/\/mouldking.store\/vi\/wp-json\/wp\/v2\/media\/33555"}],"wp:attachment":[{"href":"https:\/\/mouldking.store\/vi\/wp-json\/wp\/v2\/media?parent=33554"}],"wp:term":[{"taxonomy":"product_cat","embeddable":true,"href":"https:\/\/mouldking.store\/vi\/wp-json\/wp\/v2\/product_cat?post=33554"},{"taxonomy":"product_tag","embeddable":true,"href":"https:\/\/mouldking.store\/vi\/wp-json\/wp\/v2\/product_tag?post=33554"}],"curies":[{"name":"wp","href":"https:\/\/api.w.org\/{rel}","templated":true}]}}