{"id":33572,"date":"2022-11-02T14:18:13","date_gmt":"2022-11-02T07:18:13","guid":{"rendered":"https:\/\/mouldking.store\/?post_type=product&#038;p=33572"},"modified":"2024-03-04T10:36:33","modified_gmt":"2024-03-04T03:36:33","slug":"mould-king-17027-red-fire-rescue-vehicle-with-4883-pieces","status":"publish","type":"product","link":"https:\/\/mouldking.store\/vi\/shop\/mould-king-17027-red-fire-rescue-vehicle-with-4883-pieces\/","title":{"rendered":"KHU\u00d4N KING 17027 Xe c\u1ee9u h\u1ecfa m\u00e0u \u0111\u1ecf v\u1edbi 4883 mi\u1ebfng"},"content":{"rendered":"<p>Th\u00f4ng tin s\u1ea3n ph\u1ea9m:<\/p>\n<ol>\n<li>Th\u01b0\u01a1ng hi\u1ec7u: VUA KHU\u00d4N<\/li>\n<li>Gi\u1edbi t\u00ednh: Unisex<\/li>\n<li>T\u00ean: Xe c\u1ee9u h\u1ecfa \u0111\u1ecf<\/li>\n<li>\u0110\u1ed9 tu\u1ed5i: &gt; 6 tu\u1ed5i<\/li>\n<li>S\u1ed1 m\u00f4 h\u00ecnh: 17027<\/li>\n<li>Ph\u00e2n lo\u1ea1i: T\u1eadp h\u1ee3p<\/li>\n<li>H\u00ecnh d\u1ea1ng kh\u1ed1i nh\u1ef1a: G\u1ea1ch t\u1ef1 kh\u00f3a<\/li>\n<li>Ch\u1ea5t li\u1ec7u: Nh\u1ef1a<\/li>\n<li>Lo\u1ea1i nh\u1ef1a: ABS<\/li>\n<li>Kh\u1ed1i g\u1ea1ch: 4883 C\u00c1I<\/li>\n<li>K\u00edch th\u01b0\u1edbc: 20 x 21 x 60 cm<\/li>\n<li>Ch\u1ee9a h\u01b0\u1edbng d\u1eabn l\u1eafp r\u00e1p chi ti\u1ebft.<\/li>\n<\/ol>\n<p>\u0110\u1ec3 \u00fd:<br \/>\n1. Kh\u00f4ng c\u00f3 h\u1ed9p ban \u0111\u1ea7u, nh\u01b0ng ch\u00fang t\u00f4i \u0111\u1ea3m b\u1ea3o s\u1ea3n ph\u1ea9m c\u1ee7a ch\u00fang t\u00f4i c\u00f3 ch\u1ea5t l\u01b0\u1ee3ng \u0111\u1ea3m b\u1ea3o v\u00e0 bao b\u00ec \u0111\u1eb9p.<br \/>\n2. V\u00ec t\u1ea5t c\u1ea3 c\u00e1c b\u1ed9 ph\u1eadn ch\u00fang t\u00f4i \u0111\u00e3 ki\u1ec3m tra tr\u01b0\u1edbc khi v\u1eadn chuy\u1ec3n, v\u00ec v\u1eady n\u1ebfu b\u1ea1n th\u1ea5y m\u1ed9t s\u1ed1 b\u1ed9 ph\u1eadn b\u1ecb thi\u1ebfu ho\u1eb7c h\u01b0 h\u1ecfng, \u0111\u1eebng lo l\u1eafng v\u00e0 ch\u1ec9 c\u1ea7n vui l\u00f2ng li\u00ean h\u1ec7 v\u1edbi ch\u00fang t\u00f4i v\u00e0 ch\u00fang t\u00f4i c\u00f3 th\u1ec3 g\u1eedi l\u1ea1i mi\u1ec5n ph\u00ed cho b\u1ea1n ngay l\u1eadp t\u1ee9c.<\/p>\n<figure id=\"attachment_33578\" aria-describedby=\"caption-attachment-33578\" style=\"width: 898px\" class=\"wp-caption aligncenter\"><img fetchpriority=\"high\" decoding=\"async\" class=\"wp-image-33578 size-full\" src=\"https:\/\/mouldking.store\/wp-content\/uploads\/2022\/11\/MOULD-KING-17027-Red-Fire-Rescue-Vehicle-1-1.jpg\" alt=\"MOULD KING 17027 Red Fire Rescue Vehicle With 4883 Pieces\" width=\"898\" height=\"885\" title=\"-\" srcset=\"https:\/\/mouldking.store\/wp-content\/uploads\/2022\/11\/MOULD-KING-17027-Red-Fire-Rescue-Vehicle-1-1.jpg 898w, https:\/\/mouldking.store\/wp-content\/uploads\/2022\/11\/MOULD-KING-17027-Red-Fire-Rescue-Vehicle-1-1-300x296.jpg 300w, https:\/\/mouldking.store\/wp-content\/uploads\/2022\/11\/MOULD-KING-17027-Red-Fire-Rescue-Vehicle-1-1-768x757.jpg 768w, https:\/\/mouldking.store\/wp-content\/uploads\/2022\/11\/MOULD-KING-17027-Red-Fire-Rescue-Vehicle-1-1-600x591.jpg 600w, https:\/\/mouldking.store\/wp-content\/uploads\/2022\/11\/MOULD-KING-17027-Red-Fire-Rescue-Vehicle-1-1-150x148.jpg 150w, https:\/\/mouldking.store\/wp-content\/uploads\/2022\/11\/MOULD-KING-17027-Red-Fire-Rescue-Vehicle-1-1-61x60.jpg 61w, https:\/\/mouldking.store\/wp-content\/uploads\/2022\/11\/MOULD-KING-17027-Red-Fire-Rescue-Vehicle-1-1-91x90.jpg 91w\" sizes=\"(max-width: 898px) 100vw, 898px\" \/><figcaption id=\"caption-attachment-33578\" class=\"wp-caption-text\">KHU\u00d4N KING 17027 Xe c\u1ee9u h\u1ecfa m\u00e0u \u0111\u1ecf v\u1edbi 4883 mi\u1ebfng<\/figcaption><\/figure>\n<figure id=\"attachment_33579\" aria-describedby=\"caption-attachment-33579\" style=\"width: 894px\" class=\"wp-caption aligncenter\"><img decoding=\"async\" class=\"wp-image-33579 size-full\" src=\"https:\/\/mouldking.store\/wp-content\/uploads\/2022\/11\/MOULD-KING-17027-Red-Fire-Rescue-Vehicle-2.jpg\" alt=\"MOULD KING 17027 Red Fire Rescue Vehicle With 4883 Pieces\" width=\"894\" height=\"883\" title=\"-\" srcset=\"https:\/\/mouldking.store\/wp-content\/uploads\/2022\/11\/MOULD-KING-17027-Red-Fire-Rescue-Vehicle-2.jpg 894w, https:\/\/mouldking.store\/wp-content\/uploads\/2022\/11\/MOULD-KING-17027-Red-Fire-Rescue-Vehicle-2-300x296.jpg 300w, https:\/\/mouldking.store\/wp-content\/uploads\/2022\/11\/MOULD-KING-17027-Red-Fire-Rescue-Vehicle-2-768x759.jpg 768w, https:\/\/mouldking.store\/wp-content\/uploads\/2022\/11\/MOULD-KING-17027-Red-Fire-Rescue-Vehicle-2-600x593.jpg 600w, https:\/\/mouldking.store\/wp-content\/uploads\/2022\/11\/MOULD-KING-17027-Red-Fire-Rescue-Vehicle-2-150x148.jpg 150w, https:\/\/mouldking.store\/wp-content\/uploads\/2022\/11\/MOULD-KING-17027-Red-Fire-Rescue-Vehicle-2-61x60.jpg 61w, https:\/\/mouldking.store\/wp-content\/uploads\/2022\/11\/MOULD-KING-17027-Red-Fire-Rescue-Vehicle-2-91x90.jpg 91w\" sizes=\"(max-width: 894px) 100vw, 894px\" \/><figcaption id=\"caption-attachment-33579\" class=\"wp-caption-text\">KHU\u00d4N KING 17027 Xe c\u1ee9u h\u1ecfa m\u00e0u \u0111\u1ecf v\u1edbi 4883 mi\u1ebfng<\/figcaption><\/figure>\n<figure id=\"attachment_33580\" aria-describedby=\"caption-attachment-33580\" style=\"width: 900px\" class=\"wp-caption aligncenter\"><img decoding=\"async\" class=\"wp-image-33580 size-full\" src=\"https:\/\/mouldking.store\/wp-content\/uploads\/2022\/11\/MOULD-KING-17027-Red-Fire-Rescue-Vehicle-3.jpg\" alt=\"MOULD KING 17027 Red Fire Rescue Vehicle With 4883 Pieces\" width=\"900\" height=\"896\" title=\"-\" srcset=\"https:\/\/mouldking.store\/wp-content\/uploads\/2022\/11\/MOULD-KING-17027-Red-Fire-Rescue-Vehicle-3.jpg 900w, https:\/\/mouldking.store\/wp-content\/uploads\/2022\/11\/MOULD-KING-17027-Red-Fire-Rescue-Vehicle-3-300x299.jpg 300w, https:\/\/mouldking.store\/wp-content\/uploads\/2022\/11\/MOULD-KING-17027-Red-Fire-Rescue-Vehicle-3-768x765.jpg 768w, https:\/\/mouldking.store\/wp-content\/uploads\/2022\/11\/MOULD-KING-17027-Red-Fire-Rescue-Vehicle-3-600x597.jpg 600w, https:\/\/mouldking.store\/wp-content\/uploads\/2022\/11\/MOULD-KING-17027-Red-Fire-Rescue-Vehicle-3-150x150.jpg 150w, https:\/\/mouldking.store\/wp-content\/uploads\/2022\/11\/MOULD-KING-17027-Red-Fire-Rescue-Vehicle-3-60x60.jpg 60w, https:\/\/mouldking.store\/wp-content\/uploads\/2022\/11\/MOULD-KING-17027-Red-Fire-Rescue-Vehicle-3-90x90.jpg 90w\" sizes=\"(max-width: 900px) 100vw, 900px\" \/><figcaption id=\"caption-attachment-33580\" class=\"wp-caption-text\">KHU\u00d4N KING 17027 Xe c\u1ee9u h\u1ecfa m\u00e0u \u0111\u1ecf v\u1edbi 4883 mi\u1ebfng<\/figcaption><\/figure>\n<figure id=\"attachment_33581\" aria-describedby=\"caption-attachment-33581\" style=\"width: 899px\" class=\"wp-caption aligncenter\"><img loading=\"lazy\" decoding=\"async\" class=\"wp-image-33581 size-full\" src=\"https:\/\/mouldking.store\/wp-content\/uploads\/2022\/11\/MOULD-KING-17027-Red-Fire-Rescue-Vehicle-4.jpg\" alt=\"MOULD KING 17027 Red Fire Rescue Vehicle With 4883 Pieces\" width=\"899\" height=\"889\" title=\"-\" srcset=\"https:\/\/mouldking.store\/wp-content\/uploads\/2022\/11\/MOULD-KING-17027-Red-Fire-Rescue-Vehicle-4.jpg 899w, https:\/\/mouldking.store\/wp-content\/uploads\/2022\/11\/MOULD-KING-17027-Red-Fire-Rescue-Vehicle-4-300x297.jpg 300w, https:\/\/mouldking.store\/wp-content\/uploads\/2022\/11\/MOULD-KING-17027-Red-Fire-Rescue-Vehicle-4-768x759.jpg 768w, https:\/\/mouldking.store\/wp-content\/uploads\/2022\/11\/MOULD-KING-17027-Red-Fire-Rescue-Vehicle-4-600x593.jpg 600w, https:\/\/mouldking.store\/wp-content\/uploads\/2022\/11\/MOULD-KING-17027-Red-Fire-Rescue-Vehicle-4-150x148.jpg 150w, https:\/\/mouldking.store\/wp-content\/uploads\/2022\/11\/MOULD-KING-17027-Red-Fire-Rescue-Vehicle-4-61x60.jpg 61w, https:\/\/mouldking.store\/wp-content\/uploads\/2022\/11\/MOULD-KING-17027-Red-Fire-Rescue-Vehicle-4-91x90.jpg 91w\" sizes=\"(max-width: 899px) 100vw, 899px\" \/><figcaption id=\"caption-attachment-33581\" class=\"wp-caption-text\">KHU\u00d4N KING 17027 Xe c\u1ee9u h\u1ecfa m\u00e0u \u0111\u1ecf v\u1edbi 4883 mi\u1ebfng<\/figcaption><\/figure>","protected":false},"excerpt":{"rendered":"<p>Product information: Brand: MOULD KING Gender: Unisex Name: Red Fire Rescue Vehicle Age Range: &gt; 6 years old Model Number: 17027 Classification: Assemblage Plastic Block Shape: Self-Locking Bricks Material: Plastic Plastic Type: ABS Bricks Blocks: 4883 PCS Dimensions: 20 x 21 x 60 cm Contains detailed assembly instructions. Notice: 1. Without an original box, but [&hellip;]<\/p>","protected":false},"featured_media":33578,"comment_status":"closed","ping_status":"closed","template":"","meta":{"_acf_changed":false},"product_cat":[1357],"product_tag":[6329,6328,615,6330,6326,6327],"class_list":["product","first","outofstock","shipping-taxable","purchasable","product-type-simple"],"acf":[],"_links":{"self":[{"href":"https:\/\/mouldking.store\/vi\/wp-json\/wp\/v2\/product\/33572","targetHints":{"allow":["GET"]}}],"collection":[{"href":"https:\/\/mouldking.store\/vi\/wp-json\/wp\/v2\/product"}],"about":[{"href":"https:\/\/mouldking.store\/vi\/wp-json\/wp\/v2\/types\/product"}],"replies":[{"embeddable":true,"href":"https:\/\/mouldking.store\/vi\/wp-json\/wp\/v2\/comments?post=33572"}],"wp:featuredmedia":[{"embeddable":true,"href":"https:\/\/mouldking.store\/vi\/wp-json\/wp\/v2\/media\/33578"}],"wp:attachment":[{"href":"https:\/\/mouldking.store\/vi\/wp-json\/wp\/v2\/media?parent=33572"}],"wp:term":[{"taxonomy":"product_cat","embeddable":true,"href":"https:\/\/mouldking.store\/vi\/wp-json\/wp\/v2\/product_cat?post=33572"},{"taxonomy":"product_tag","embeddable":true,"href":"https:\/\/mouldking.store\/vi\/wp-json\/wp\/v2\/product_tag?post=33572"}],"curies":[{"name":"wp","href":"https:\/\/api.w.org\/{rel}","templated":true}]}}