{"id":33582,"date":"2022-11-02T14:22:15","date_gmt":"2022-11-02T07:22:15","guid":{"rendered":"https:\/\/mouldking.store\/?post_type=product&#038;p=33582"},"modified":"2022-11-02T14:22:15","modified_gmt":"2022-11-02T07:22:15","slug":"moyu-my88010-18-static-version-sports-super-suv-with-2375-pieces","status":"publish","type":"product","link":"https:\/\/mouldking.store\/vi\/shop\/moyu-my88010-18-static-version-sports-super-suv-with-2375-pieces\/","title":{"rendered":"MOYU MY88010 1:8 Phi\u00ean b\u1ea3n t\u0129nh Si\u00eau SUV th\u1ec3 thao v\u1edbi 2375 mi\u1ebfng"},"content":{"rendered":"<p>Th\u00f4ng tin s\u1ea3n ph\u1ea9m:<\/p>\n<ol>\n<li>Th\u01b0\u01a1ng hi\u1ec7u: MOYOU<\/li>\n<li>Gi\u1edbi t\u00ednh: Unisex<\/li>\n<li>T\u00ean: Phi\u00ean b\u1ea3n t\u0129nh 1:8 Th\u1ec3 thao si\u00eau SUV<\/li>\n<li>\u0110\u1ed9 tu\u1ed5i: &gt; 6 tu\u1ed5i<\/li>\n<li>S\u1ed1 m\u00f4 h\u00ecnh: MY88010<\/li>\n<li>Ph\u00e2n lo\u1ea1i: T\u1eadp h\u1ee3p<\/li>\n<li>H\u00ecnh d\u1ea1ng kh\u1ed1i nh\u1ef1a: G\u1ea1ch t\u1ef1 kh\u00f3a<\/li>\n<li>Ch\u1ea5t li\u1ec7u: Nh\u1ef1a<\/li>\n<li>Lo\u1ea1i nh\u1ef1a: ABS<\/li>\n<li>Kh\u1ed1i g\u1ea1ch: 2375 C\u00c1I<\/li>\n<li>K\u00edch th\u01b0\u1edbc: 54,5 \u00d7 22,5 \u00d7 18 cm<\/li>\n<li>Ch\u1ee9a h\u01b0\u1edbng d\u1eabn l\u1eafp r\u00e1p chi ti\u1ebft.<\/li>\n<\/ol>\n<p>\u0110\u1ec3 \u00fd:<br \/>\n1. Kh\u00f4ng c\u00f3 h\u1ed9p ban \u0111\u1ea7u, nh\u01b0ng ch\u00fang t\u00f4i \u0111\u1ea3m b\u1ea3o s\u1ea3n ph\u1ea9m c\u1ee7a ch\u00fang t\u00f4i c\u00f3 ch\u1ea5t l\u01b0\u1ee3ng \u0111\u1ea3m b\u1ea3o v\u00e0 bao b\u00ec \u0111\u1eb9p.<br \/>\n2. V\u00ec t\u1ea5t c\u1ea3 c\u00e1c b\u1ed9 ph\u1eadn ch\u00fang t\u00f4i \u0111\u00e3 ki\u1ec3m tra tr\u01b0\u1edbc khi v\u1eadn chuy\u1ec3n, v\u00ec v\u1eady n\u1ebfu b\u1ea1n th\u1ea5y m\u1ed9t s\u1ed1 b\u1ed9 ph\u1eadn b\u1ecb thi\u1ebfu ho\u1eb7c h\u01b0 h\u1ecfng, \u0111\u1eebng lo l\u1eafng v\u00e0 ch\u1ec9 c\u1ea7n vui l\u00f2ng li\u00ean h\u1ec7 v\u1edbi ch\u00fang t\u00f4i v\u00e0 ch\u00fang t\u00f4i c\u00f3 th\u1ec3 g\u1eedi l\u1ea1i mi\u1ec5n ph\u00ed cho b\u1ea1n ngay l\u1eadp t\u1ee9c.<\/p>\n<figure id=\"attachment_33583\" aria-describedby=\"caption-attachment-33583\" style=\"width: 800px\" class=\"wp-caption aligncenter\"><img fetchpriority=\"high\" decoding=\"async\" class=\"wp-image-33583 size-full\" src=\"https:\/\/mouldking.store\/wp-content\/uploads\/2022\/11\/Technic-MOYU-MY88010-18-Static-Version-Sports-Super-SUV-1.jpg\" alt=\"MOYU MY88010 1:8 Static Version Sports Super SUV With 2375 Pieces\" width=\"800\" height=\"800\" title=\"-\" srcset=\"https:\/\/mouldking.store\/wp-content\/uploads\/2022\/11\/Technic-MOYU-MY88010-18-Static-Version-Sports-Super-SUV-1.jpg 800w, https:\/\/mouldking.store\/wp-content\/uploads\/2022\/11\/Technic-MOYU-MY88010-18-Static-Version-Sports-Super-SUV-1-300x300.jpg 300w, https:\/\/mouldking.store\/wp-content\/uploads\/2022\/11\/Technic-MOYU-MY88010-18-Static-Version-Sports-Super-SUV-1-768x768.jpg 768w, https:\/\/mouldking.store\/wp-content\/uploads\/2022\/11\/Technic-MOYU-MY88010-18-Static-Version-Sports-Super-SUV-1-600x600.jpg 600w, https:\/\/mouldking.store\/wp-content\/uploads\/2022\/11\/Technic-MOYU-MY88010-18-Static-Version-Sports-Super-SUV-1-150x150.jpg 150w, https:\/\/mouldking.store\/wp-content\/uploads\/2022\/11\/Technic-MOYU-MY88010-18-Static-Version-Sports-Super-SUV-1-60x60.jpg 60w, https:\/\/mouldking.store\/wp-content\/uploads\/2022\/11\/Technic-MOYU-MY88010-18-Static-Version-Sports-Super-SUV-1-90x90.jpg 90w\" sizes=\"(max-width: 800px) 100vw, 800px\" \/><figcaption id=\"caption-attachment-33583\" class=\"wp-caption-text\">MOYU MY88010 1:8 Phi\u00ean b\u1ea3n t\u0129nh Si\u00eau SUV th\u1ec3 thao v\u1edbi 2375 mi\u1ebfng<\/figcaption><\/figure>\n<figure id=\"attachment_33584\" aria-describedby=\"caption-attachment-33584\" style=\"width: 800px\" class=\"wp-caption aligncenter\"><img decoding=\"async\" class=\"wp-image-33584 size-full\" src=\"https:\/\/mouldking.store\/wp-content\/uploads\/2022\/11\/Technic-MOYU-MY88010-18-Static-Version-Sports-Super-SUV-3.jpg\" alt=\"MOYU MY88010 1:8 Static Version Sports Super SUV With 2375 Pieces\" width=\"800\" height=\"800\" title=\"-\" srcset=\"https:\/\/mouldking.store\/wp-content\/uploads\/2022\/11\/Technic-MOYU-MY88010-18-Static-Version-Sports-Super-SUV-3.jpg 800w, https:\/\/mouldking.store\/wp-content\/uploads\/2022\/11\/Technic-MOYU-MY88010-18-Static-Version-Sports-Super-SUV-3-300x300.jpg 300w, https:\/\/mouldking.store\/wp-content\/uploads\/2022\/11\/Technic-MOYU-MY88010-18-Static-Version-Sports-Super-SUV-3-768x768.jpg 768w, https:\/\/mouldking.store\/wp-content\/uploads\/2022\/11\/Technic-MOYU-MY88010-18-Static-Version-Sports-Super-SUV-3-600x600.jpg 600w, https:\/\/mouldking.store\/wp-content\/uploads\/2022\/11\/Technic-MOYU-MY88010-18-Static-Version-Sports-Super-SUV-3-150x150.jpg 150w, https:\/\/mouldking.store\/wp-content\/uploads\/2022\/11\/Technic-MOYU-MY88010-18-Static-Version-Sports-Super-SUV-3-60x60.jpg 60w, https:\/\/mouldking.store\/wp-content\/uploads\/2022\/11\/Technic-MOYU-MY88010-18-Static-Version-Sports-Super-SUV-3-90x90.jpg 90w\" sizes=\"(max-width: 800px) 100vw, 800px\" \/><figcaption id=\"caption-attachment-33584\" class=\"wp-caption-text\">MOYU MY88010 1:8 Phi\u00ean b\u1ea3n t\u0129nh Si\u00eau SUV th\u1ec3 thao v\u1edbi 2375 mi\u1ebfng<\/figcaption><\/figure>\n<figure id=\"attachment_33585\" aria-describedby=\"caption-attachment-33585\" style=\"width: 800px\" class=\"wp-caption aligncenter\"><img decoding=\"async\" class=\"wp-image-33585 size-full\" src=\"https:\/\/mouldking.store\/wp-content\/uploads\/2022\/11\/Technic-MOYU-MY88010-18-Static-Version-Sports-Super-SUV-5.jpg\" alt=\"MOYU MY88010 1:8 Static Version Sports Super SUV With 2375 Pieces\" width=\"800\" height=\"800\" title=\"-\" srcset=\"https:\/\/mouldking.store\/wp-content\/uploads\/2022\/11\/Technic-MOYU-MY88010-18-Static-Version-Sports-Super-SUV-5.jpg 800w, https:\/\/mouldking.store\/wp-content\/uploads\/2022\/11\/Technic-MOYU-MY88010-18-Static-Version-Sports-Super-SUV-5-300x300.jpg 300w, https:\/\/mouldking.store\/wp-content\/uploads\/2022\/11\/Technic-MOYU-MY88010-18-Static-Version-Sports-Super-SUV-5-768x768.jpg 768w, https:\/\/mouldking.store\/wp-content\/uploads\/2022\/11\/Technic-MOYU-MY88010-18-Static-Version-Sports-Super-SUV-5-600x600.jpg 600w, https:\/\/mouldking.store\/wp-content\/uploads\/2022\/11\/Technic-MOYU-MY88010-18-Static-Version-Sports-Super-SUV-5-150x150.jpg 150w, https:\/\/mouldking.store\/wp-content\/uploads\/2022\/11\/Technic-MOYU-MY88010-18-Static-Version-Sports-Super-SUV-5-60x60.jpg 60w, https:\/\/mouldking.store\/wp-content\/uploads\/2022\/11\/Technic-MOYU-MY88010-18-Static-Version-Sports-Super-SUV-5-90x90.jpg 90w\" sizes=\"(max-width: 800px) 100vw, 800px\" \/><figcaption id=\"caption-attachment-33585\" class=\"wp-caption-text\">MOYU MY88010 1:8 Phi\u00ean b\u1ea3n t\u0129nh Si\u00eau SUV th\u1ec3 thao v\u1edbi 2375 mi\u1ebfng<\/figcaption><\/figure>\n<figure id=\"attachment_33586\" aria-describedby=\"caption-attachment-33586\" style=\"width: 800px\" class=\"wp-caption aligncenter\"><img loading=\"lazy\" decoding=\"async\" class=\"wp-image-33586 size-full\" src=\"https:\/\/mouldking.store\/wp-content\/uploads\/2022\/11\/Technic-MOYU-MY88010-18-Static-Version-Sports-Super-SUV-4.jpg\" alt=\"MOYU MY88010 1:8 Static Version Sports Super SUV With 2375 Pieces\" width=\"800\" height=\"800\" title=\"-\" srcset=\"https:\/\/mouldking.store\/wp-content\/uploads\/2022\/11\/Technic-MOYU-MY88010-18-Static-Version-Sports-Super-SUV-4.jpg 800w, https:\/\/mouldking.store\/wp-content\/uploads\/2022\/11\/Technic-MOYU-MY88010-18-Static-Version-Sports-Super-SUV-4-300x300.jpg 300w, https:\/\/mouldking.store\/wp-content\/uploads\/2022\/11\/Technic-MOYU-MY88010-18-Static-Version-Sports-Super-SUV-4-768x768.jpg 768w, https:\/\/mouldking.store\/wp-content\/uploads\/2022\/11\/Technic-MOYU-MY88010-18-Static-Version-Sports-Super-SUV-4-600x600.jpg 600w, https:\/\/mouldking.store\/wp-content\/uploads\/2022\/11\/Technic-MOYU-MY88010-18-Static-Version-Sports-Super-SUV-4-150x150.jpg 150w, https:\/\/mouldking.store\/wp-content\/uploads\/2022\/11\/Technic-MOYU-MY88010-18-Static-Version-Sports-Super-SUV-4-60x60.jpg 60w, https:\/\/mouldking.store\/wp-content\/uploads\/2022\/11\/Technic-MOYU-MY88010-18-Static-Version-Sports-Super-SUV-4-90x90.jpg 90w\" sizes=\"(max-width: 800px) 100vw, 800px\" \/><figcaption id=\"caption-attachment-33586\" class=\"wp-caption-text\">MOYU MY88010 1:8 Phi\u00ean b\u1ea3n t\u0129nh Si\u00eau SUV th\u1ec3 thao v\u1edbi 2375 mi\u1ebfng<\/figcaption><\/figure>\n<figure id=\"attachment_33587\" aria-describedby=\"caption-attachment-33587\" style=\"width: 800px\" class=\"wp-caption aligncenter\"><img loading=\"lazy\" decoding=\"async\" class=\"wp-image-33587 size-full\" src=\"https:\/\/mouldking.store\/wp-content\/uploads\/2022\/11\/Technic-MOYU-MY88010-18-Static-Version-Sports-Super-SUV-2.jpg\" alt=\"MOYU MY88010 1:8 Static Version Sports Super SUV With 2375 Pieces\" width=\"800\" height=\"800\" title=\"-\" srcset=\"https:\/\/mouldking.store\/wp-content\/uploads\/2022\/11\/Technic-MOYU-MY88010-18-Static-Version-Sports-Super-SUV-2.jpg 800w, https:\/\/mouldking.store\/wp-content\/uploads\/2022\/11\/Technic-MOYU-MY88010-18-Static-Version-Sports-Super-SUV-2-300x300.jpg 300w, https:\/\/mouldking.store\/wp-content\/uploads\/2022\/11\/Technic-MOYU-MY88010-18-Static-Version-Sports-Super-SUV-2-768x768.jpg 768w, https:\/\/mouldking.store\/wp-content\/uploads\/2022\/11\/Technic-MOYU-MY88010-18-Static-Version-Sports-Super-SUV-2-600x600.jpg 600w, https:\/\/mouldking.store\/wp-content\/uploads\/2022\/11\/Technic-MOYU-MY88010-18-Static-Version-Sports-Super-SUV-2-150x150.jpg 150w, https:\/\/mouldking.store\/wp-content\/uploads\/2022\/11\/Technic-MOYU-MY88010-18-Static-Version-Sports-Super-SUV-2-60x60.jpg 60w, https:\/\/mouldking.store\/wp-content\/uploads\/2022\/11\/Technic-MOYU-MY88010-18-Static-Version-Sports-Super-SUV-2-90x90.jpg 90w\" sizes=\"(max-width: 800px) 100vw, 800px\" \/><figcaption id=\"caption-attachment-33587\" class=\"wp-caption-text\">MOYU MY88010 1:8 Phi\u00ean b\u1ea3n t\u0129nh Si\u00eau SUV th\u1ec3 thao v\u1edbi 2375 mi\u1ebfng<\/figcaption><\/figure>","protected":false},"excerpt":{"rendered":"<p>Product information: Brand: MOYU Gender: Unisex Name: 1:8 Static Version Sports Super SUV Age Range: &gt; 6 years old Model Number: MY88010 Classification: Assemblage Plastic Block Shape: Self-Locking Bricks Material: Plastic Plastic Type: ABS Bricks Blocks: 2375 PCS Dimensions: 54.5 \u00d7 22.5 \u00d7 18 cm Contains detailed assembly instructions. Notice: 1. Without an original box, [&hellip;]<\/p>","protected":false},"author":1145,"featured_media":33583,"comment_status":"closed","ping_status":"closed","template":"","meta":{"_acf_changed":false},"product_cat":[1357],"product_tag":[6333,6335,2451,6336,6331,6332,6334],"class_list":["product","first","instock","shipping-taxable","purchasable","product-type-simple"],"acf":[],"_links":{"self":[{"href":"https:\/\/mouldking.store\/vi\/wp-json\/wp\/v2\/product\/33582","targetHints":{"allow":["GET"]}}],"collection":[{"href":"https:\/\/mouldking.store\/vi\/wp-json\/wp\/v2\/product"}],"about":[{"href":"https:\/\/mouldking.store\/vi\/wp-json\/wp\/v2\/types\/product"}],"author":[{"embeddable":true,"href":"https:\/\/mouldking.store\/vi\/wp-json\/wp\/v2\/users\/1145"}],"replies":[{"embeddable":true,"href":"https:\/\/mouldking.store\/vi\/wp-json\/wp\/v2\/comments?post=33582"}],"wp:featuredmedia":[{"embeddable":true,"href":"https:\/\/mouldking.store\/vi\/wp-json\/wp\/v2\/media\/33583"}],"wp:attachment":[{"href":"https:\/\/mouldking.store\/vi\/wp-json\/wp\/v2\/media?parent=33582"}],"wp:term":[{"taxonomy":"product_cat","embeddable":true,"href":"https:\/\/mouldking.store\/vi\/wp-json\/wp\/v2\/product_cat?post=33582"},{"taxonomy":"product_tag","embeddable":true,"href":"https:\/\/mouldking.store\/vi\/wp-json\/wp\/v2\/product_tag?post=33582"}],"curies":[{"name":"wp","href":"https:\/\/api.w.org\/{rel}","templated":true}]}}