{"id":33640,"date":"2022-11-02T15:30:28","date_gmt":"2022-11-02T08:30:28","guid":{"rendered":"https:\/\/mouldking.store\/?post_type=product&#038;p=33640"},"modified":"2022-11-02T15:30:28","modified_gmt":"2022-11-02T08:30:28","slug":"panlos-687302-king-kong-q-edition-with-566-pieces","status":"publish","type":"product","link":"https:\/\/mouldking.store\/vi\/shop\/panlos-687302-king-kong-q-edition-with-566-pieces\/","title":{"rendered":"PANLOS 687302 King Kong Q Edition V\u1edbi 566 M\u1ea3nh gh\u00e9p"},"content":{"rendered":"<p>Th\u00f4ng tin s\u1ea3n ph\u1ea9m:<\/p>\n<ol>\n<li>Th\u01b0\u01a1ng hi\u1ec7u: PANLOS<\/li>\n<li>Gi\u1edbi t\u00ednh: Unisex<\/li>\n<li>T\u00ean: Phi\u00ean b\u1ea3n King Kong Q<\/li>\n<li>\u0110\u1ed9 tu\u1ed5i: &gt; 6 tu\u1ed5i<\/li>\n<li>S\u1ed1 m\u00f4 h\u00ecnh: 687302<\/li>\n<li>Ph\u00e2n lo\u1ea1i: T\u1eadp h\u1ee3p<\/li>\n<li>H\u00ecnh d\u1ea1ng kh\u1ed1i nh\u1ef1a: G\u1ea1ch t\u1ef1 kh\u00f3a<\/li>\n<li>Ch\u1ea5t li\u1ec7u: Nh\u1ef1a<\/li>\n<li>Lo\u1ea1i nh\u1ef1a: ABS<\/li>\n<li>Kh\u1ed1i g\u1ea1ch: 566 C\u00c1I<\/li>\n<li>Ch\u1ee9a h\u01b0\u1edbng d\u1eabn l\u1eafp r\u00e1p chi ti\u1ebft.<\/li>\n<\/ol>\n<p>\u0110\u1ec3 \u00fd:<br \/>\n1. Kh\u00f4ng c\u00f3 h\u1ed9p ban \u0111\u1ea7u, nh\u01b0ng ch\u00fang t\u00f4i \u0111\u1ea3m b\u1ea3o s\u1ea3n ph\u1ea9m c\u1ee7a ch\u00fang t\u00f4i c\u00f3 ch\u1ea5t l\u01b0\u1ee3ng \u0111\u1ea3m b\u1ea3o v\u00e0 bao b\u00ec \u0111\u1eb9p.<br \/>\n2. V\u00ec t\u1ea5t c\u1ea3 c\u00e1c b\u1ed9 ph\u1eadn ch\u00fang t\u00f4i \u0111\u00e3 ki\u1ec3m tra tr\u01b0\u1edbc khi v\u1eadn chuy\u1ec3n, v\u00ec v\u1eady n\u1ebfu b\u1ea1n th\u1ea5y m\u1ed9t s\u1ed1 b\u1ed9 ph\u1eadn b\u1ecb thi\u1ebfu ho\u1eb7c h\u01b0 h\u1ecfng, \u0111\u1eebng lo l\u1eafng v\u00e0 ch\u1ec9 c\u1ea7n vui l\u00f2ng li\u00ean h\u1ec7 v\u1edbi ch\u00fang t\u00f4i v\u00e0 ch\u00fang t\u00f4i c\u00f3 th\u1ec3 g\u1eedi l\u1ea1i mi\u1ec5n ph\u00ed cho b\u1ea1n ngay l\u1eadp t\u1ee9c.<\/p>\n<figure id=\"attachment_33647\" aria-describedby=\"caption-attachment-33647\" style=\"width: 768px\" class=\"wp-caption aligncenter\"><img fetchpriority=\"high\" decoding=\"async\" class=\"wp-image-33647 size-full\" src=\"https:\/\/mouldking.store\/wp-content\/uploads\/2022\/11\/Creator-PANLOS-687302-King-Kong-Q-Edition-1-768x768-1.jpg\" alt=\" PANLOS 687302 King Kong Q Edition With 566 Pieces\" width=\"768\" height=\"768\" title=\"-\" srcset=\"https:\/\/mouldking.store\/wp-content\/uploads\/2022\/11\/Creator-PANLOS-687302-King-Kong-Q-Edition-1-768x768-1.jpg 768w, https:\/\/mouldking.store\/wp-content\/uploads\/2022\/11\/Creator-PANLOS-687302-King-Kong-Q-Edition-1-768x768-1-300x300.jpg 300w, https:\/\/mouldking.store\/wp-content\/uploads\/2022\/11\/Creator-PANLOS-687302-King-Kong-Q-Edition-1-768x768-1-600x600.jpg 600w, https:\/\/mouldking.store\/wp-content\/uploads\/2022\/11\/Creator-PANLOS-687302-King-Kong-Q-Edition-1-768x768-1-150x150.jpg 150w, https:\/\/mouldking.store\/wp-content\/uploads\/2022\/11\/Creator-PANLOS-687302-King-Kong-Q-Edition-1-768x768-1-60x60.jpg 60w, https:\/\/mouldking.store\/wp-content\/uploads\/2022\/11\/Creator-PANLOS-687302-King-Kong-Q-Edition-1-768x768-1-90x90.jpg 90w\" sizes=\"(max-width: 768px) 100vw, 768px\" \/><figcaption id=\"caption-attachment-33647\" class=\"wp-caption-text\">PANLOS 687302 King Kong Q Edition V\u1edbi 566 M\u1ea3nh gh\u00e9p<\/figcaption><\/figure>\n<figure id=\"attachment_33648\" aria-describedby=\"caption-attachment-33648\" style=\"width: 750px\" class=\"wp-caption aligncenter\"><img decoding=\"async\" class=\"wp-image-33648 size-full\" src=\"https:\/\/mouldking.store\/wp-content\/uploads\/2022\/11\/Creator-PANLOS-687302-King-Kong-Q-Edition-4.jpg\" alt=\" PANLOS 687302 King Kong Q Edition With 566 Pieces\" width=\"750\" height=\"1024\" title=\"-\" srcset=\"https:\/\/mouldking.store\/wp-content\/uploads\/2022\/11\/Creator-PANLOS-687302-King-Kong-Q-Edition-4.jpg 750w, https:\/\/mouldking.store\/wp-content\/uploads\/2022\/11\/Creator-PANLOS-687302-King-Kong-Q-Edition-4-220x300.jpg 220w, https:\/\/mouldking.store\/wp-content\/uploads\/2022\/11\/Creator-PANLOS-687302-King-Kong-Q-Edition-4-300x410.jpg 300w, https:\/\/mouldking.store\/wp-content\/uploads\/2022\/11\/Creator-PANLOS-687302-King-Kong-Q-Edition-4-600x819.jpg 600w, https:\/\/mouldking.store\/wp-content\/uploads\/2022\/11\/Creator-PANLOS-687302-King-Kong-Q-Edition-4-110x150.jpg 110w, https:\/\/mouldking.store\/wp-content\/uploads\/2022\/11\/Creator-PANLOS-687302-King-Kong-Q-Edition-4-44x60.jpg 44w, https:\/\/mouldking.store\/wp-content\/uploads\/2022\/11\/Creator-PANLOS-687302-King-Kong-Q-Edition-4-66x90.jpg 66w\" sizes=\"(max-width: 750px) 100vw, 750px\" \/><figcaption id=\"caption-attachment-33648\" class=\"wp-caption-text\">PANLOS 687302 King Kong Q Edition V\u1edbi 566 M\u1ea3nh gh\u00e9p<\/figcaption><\/figure>\n<figure id=\"attachment_33649\" aria-describedby=\"caption-attachment-33649\" style=\"width: 768px\" class=\"wp-caption aligncenter\"><img decoding=\"async\" class=\"wp-image-33649 size-full\" src=\"https:\/\/mouldking.store\/wp-content\/uploads\/2022\/11\/Creator-PANLOS-687302-King-Kong-Q-Edition-3-768x978-1.jpg\" alt=\" PANLOS 687302 King Kong Q Edition With 566 Pieces\" width=\"768\" height=\"978\" title=\"-\" srcset=\"https:\/\/mouldking.store\/wp-content\/uploads\/2022\/11\/Creator-PANLOS-687302-King-Kong-Q-Edition-3-768x978-1.jpg 768w, https:\/\/mouldking.store\/wp-content\/uploads\/2022\/11\/Creator-PANLOS-687302-King-Kong-Q-Edition-3-768x978-1-236x300.jpg 236w, https:\/\/mouldking.store\/wp-content\/uploads\/2022\/11\/Creator-PANLOS-687302-King-Kong-Q-Edition-3-768x978-1-300x382.jpg 300w, https:\/\/mouldking.store\/wp-content\/uploads\/2022\/11\/Creator-PANLOS-687302-King-Kong-Q-Edition-3-768x978-1-600x764.jpg 600w, https:\/\/mouldking.store\/wp-content\/uploads\/2022\/11\/Creator-PANLOS-687302-King-Kong-Q-Edition-3-768x978-1-118x150.jpg 118w, https:\/\/mouldking.store\/wp-content\/uploads\/2022\/11\/Creator-PANLOS-687302-King-Kong-Q-Edition-3-768x978-1-47x60.jpg 47w, https:\/\/mouldking.store\/wp-content\/uploads\/2022\/11\/Creator-PANLOS-687302-King-Kong-Q-Edition-3-768x978-1-71x90.jpg 71w\" sizes=\"(max-width: 768px) 100vw, 768px\" \/><figcaption id=\"caption-attachment-33649\" class=\"wp-caption-text\">PANLOS 687302 King Kong Q Edition V\u1edbi 566 M\u1ea3nh gh\u00e9p<\/figcaption><\/figure>\n<figure id=\"attachment_33650\" aria-describedby=\"caption-attachment-33650\" style=\"width: 768px\" class=\"wp-caption aligncenter\"><img loading=\"lazy\" decoding=\"async\" class=\"wp-image-33650 size-full\" src=\"https:\/\/mouldking.store\/wp-content\/uploads\/2022\/11\/Creator-PANLOS-687302-King-Kong-Q-Edition-2-768x665-1.jpg\" alt=\" PANLOS 687302 King Kong Q Edition With 566 Pieces\" width=\"768\" height=\"665\" title=\"-\" srcset=\"https:\/\/mouldking.store\/wp-content\/uploads\/2022\/11\/Creator-PANLOS-687302-King-Kong-Q-Edition-2-768x665-1.jpg 768w, https:\/\/mouldking.store\/wp-content\/uploads\/2022\/11\/Creator-PANLOS-687302-King-Kong-Q-Edition-2-768x665-1-300x260.jpg 300w, https:\/\/mouldking.store\/wp-content\/uploads\/2022\/11\/Creator-PANLOS-687302-King-Kong-Q-Edition-2-768x665-1-600x520.jpg 600w, https:\/\/mouldking.store\/wp-content\/uploads\/2022\/11\/Creator-PANLOS-687302-King-Kong-Q-Edition-2-768x665-1-150x130.jpg 150w, https:\/\/mouldking.store\/wp-content\/uploads\/2022\/11\/Creator-PANLOS-687302-King-Kong-Q-Edition-2-768x665-1-69x60.jpg 69w, https:\/\/mouldking.store\/wp-content\/uploads\/2022\/11\/Creator-PANLOS-687302-King-Kong-Q-Edition-2-768x665-1-104x90.jpg 104w\" sizes=\"(max-width: 768px) 100vw, 768px\" \/><figcaption id=\"caption-attachment-33650\" class=\"wp-caption-text\">PANLOS 687302 King Kong Q Edition V\u1edbi 566 M\u1ea3nh gh\u00e9p<\/figcaption><\/figure>","protected":false},"excerpt":{"rendered":"<p>Product information: Brand: PANLOS Gender: Unisex Name: King Kong Q Edition Age Range: &gt; 6 years old Model Number: 687302 Classification: Assemblage Plastic Block Shape: Self-Locking Bricks Material: Plastic Plastic Type: ABS Bricks Blocks: 566 PCS Contains detailed assembly instructions. Notice: 1. Without an original box, but we guarantee our products have quality assurance and [&hellip;]<\/p>","protected":false},"featured_media":33647,"comment_status":"closed","ping_status":"closed","template":"","meta":{"_acf_changed":false},"product_cat":[1365],"product_tag":[6387,2508,6389,1851,6388,6386],"class_list":["product","first","instock","shipping-taxable","purchasable","product-type-simple"],"acf":[],"_links":{"self":[{"href":"https:\/\/mouldking.store\/vi\/wp-json\/wp\/v2\/product\/33640","targetHints":{"allow":["GET"]}}],"collection":[{"href":"https:\/\/mouldking.store\/vi\/wp-json\/wp\/v2\/product"}],"about":[{"href":"https:\/\/mouldking.store\/vi\/wp-json\/wp\/v2\/types\/product"}],"replies":[{"embeddable":true,"href":"https:\/\/mouldking.store\/vi\/wp-json\/wp\/v2\/comments?post=33640"}],"wp:featuredmedia":[{"embeddable":true,"href":"https:\/\/mouldking.store\/vi\/wp-json\/wp\/v2\/media\/33647"}],"wp:attachment":[{"href":"https:\/\/mouldking.store\/vi\/wp-json\/wp\/v2\/media?parent=33640"}],"wp:term":[{"taxonomy":"product_cat","embeddable":true,"href":"https:\/\/mouldking.store\/vi\/wp-json\/wp\/v2\/product_cat?post=33640"},{"taxonomy":"product_tag","embeddable":true,"href":"https:\/\/mouldking.store\/vi\/wp-json\/wp\/v2\/product_tag?post=33640"}],"curies":[{"name":"wp","href":"https:\/\/api.w.org\/{rel}","templated":true}]}}