{"id":33646,"date":"2022-11-02T15:35:51","date_gmt":"2022-11-02T08:35:51","guid":{"rendered":"https:\/\/mouldking.store\/?post_type=product&#038;p=33646"},"modified":"2022-11-02T15:35:51","modified_gmt":"2022-11-02T08:35:51","slug":"panlos-687301-godzilla-q-edition-with-853-pieces","status":"publish","type":"product","link":"https:\/\/mouldking.store\/vi\/shop\/panlos-687301-godzilla-q-edition-with-853-pieces\/","title":{"rendered":"PANLOS 687301 Godzilla Q Edition V\u1edbi 853 M\u1ea3nh Gh\u00e9p"},"content":{"rendered":"<p>Th\u00f4ng tin s\u1ea3n ph\u1ea9m:<\/p>\n<ol>\n<li>Th\u01b0\u01a1ng hi\u1ec7u: PANLOS<\/li>\n<li>Gi\u1edbi t\u00ednh: Unisex<\/li>\n<li>Name: Godzilla Q Edition<\/li>\n<li>\u0110\u1ed9 tu\u1ed5i: &gt; 6 tu\u1ed5i<\/li>\n<li>Model Number: 687301<\/li>\n<li>Ph\u00e2n lo\u1ea1i: T\u1eadp h\u1ee3p<\/li>\n<li>H\u00ecnh d\u1ea1ng kh\u1ed1i nh\u1ef1a: G\u1ea1ch t\u1ef1 kh\u00f3a<\/li>\n<li>Ch\u1ea5t li\u1ec7u: Nh\u1ef1a<\/li>\n<li>Lo\u1ea1i nh\u1ef1a: ABS<\/li>\n<li>Bricks Blocks: 853 PCS<\/li>\n<li>Ch\u1ee9a h\u01b0\u1edbng d\u1eabn l\u1eafp r\u00e1p chi ti\u1ebft.<\/li>\n<\/ol>\n<p>\u0110\u1ec3 \u00fd:<br \/>\n1. Kh\u00f4ng c\u00f3 h\u1ed9p ban \u0111\u1ea7u, nh\u01b0ng ch\u00fang t\u00f4i \u0111\u1ea3m b\u1ea3o s\u1ea3n ph\u1ea9m c\u1ee7a ch\u00fang t\u00f4i c\u00f3 ch\u1ea5t l\u01b0\u1ee3ng \u0111\u1ea3m b\u1ea3o v\u00e0 bao b\u00ec \u0111\u1eb9p.<br \/>\n2. V\u00ec t\u1ea5t c\u1ea3 c\u00e1c b\u1ed9 ph\u1eadn ch\u00fang t\u00f4i \u0111\u00e3 ki\u1ec3m tra tr\u01b0\u1edbc khi v\u1eadn chuy\u1ec3n, v\u00ec v\u1eady n\u1ebfu b\u1ea1n th\u1ea5y m\u1ed9t s\u1ed1 b\u1ed9 ph\u1eadn b\u1ecb thi\u1ebfu ho\u1eb7c h\u01b0 h\u1ecfng, \u0111\u1eebng lo l\u1eafng v\u00e0 ch\u1ec9 c\u1ea7n vui l\u00f2ng li\u00ean h\u1ec7 v\u1edbi ch\u00fang t\u00f4i v\u00e0 ch\u00fang t\u00f4i c\u00f3 th\u1ec3 g\u1eedi l\u1ea1i mi\u1ec5n ph\u00ed cho b\u1ea1n ngay l\u1eadp t\u1ee9c.<\/p>\n<figure id=\"attachment_33652\" aria-describedby=\"caption-attachment-33652\" style=\"width: 768px\" class=\"wp-caption aligncenter\"><img fetchpriority=\"high\" decoding=\"async\" class=\"wp-image-33652 size-full\" src=\"https:\/\/mouldking.store\/wp-content\/uploads\/2022\/11\/Creator-PANLOS-687301-Godzilla-Q-Edition-1-768x768-1.jpg\" alt=\"PANLOS 687301 Godzilla Q Edition With 853 Pieces\" width=\"768\" height=\"768\" title=\"-\" srcset=\"https:\/\/mouldking.store\/wp-content\/uploads\/2022\/11\/Creator-PANLOS-687301-Godzilla-Q-Edition-1-768x768-1.jpg 768w, https:\/\/mouldking.store\/wp-content\/uploads\/2022\/11\/Creator-PANLOS-687301-Godzilla-Q-Edition-1-768x768-1-300x300.jpg 300w, https:\/\/mouldking.store\/wp-content\/uploads\/2022\/11\/Creator-PANLOS-687301-Godzilla-Q-Edition-1-768x768-1-600x600.jpg 600w, https:\/\/mouldking.store\/wp-content\/uploads\/2022\/11\/Creator-PANLOS-687301-Godzilla-Q-Edition-1-768x768-1-150x150.jpg 150w, https:\/\/mouldking.store\/wp-content\/uploads\/2022\/11\/Creator-PANLOS-687301-Godzilla-Q-Edition-1-768x768-1-60x60.jpg 60w, https:\/\/mouldking.store\/wp-content\/uploads\/2022\/11\/Creator-PANLOS-687301-Godzilla-Q-Edition-1-768x768-1-90x90.jpg 90w\" sizes=\"(max-width: 768px) 100vw, 768px\" \/><figcaption id=\"caption-attachment-33652\" class=\"wp-caption-text\">PANLOS 687301 Godzilla Q Edition V\u1edbi 853 M\u1ea3nh Gh\u00e9p<\/figcaption><\/figure>\n<figure id=\"attachment_33653\" aria-describedby=\"caption-attachment-33653\" style=\"width: 750px\" class=\"wp-caption aligncenter\"><img decoding=\"async\" class=\"wp-image-33653 size-full\" src=\"https:\/\/mouldking.store\/wp-content\/uploads\/2022\/11\/Creator-PANLOS-687301-Godzilla-Q-Edition-4.jpg\" alt=\"PANLOS 687301 Godzilla Q Edition With 853 Pieces\" width=\"750\" height=\"1024\" title=\"-\" srcset=\"https:\/\/mouldking.store\/wp-content\/uploads\/2022\/11\/Creator-PANLOS-687301-Godzilla-Q-Edition-4.jpg 750w, https:\/\/mouldking.store\/wp-content\/uploads\/2022\/11\/Creator-PANLOS-687301-Godzilla-Q-Edition-4-220x300.jpg 220w, https:\/\/mouldking.store\/wp-content\/uploads\/2022\/11\/Creator-PANLOS-687301-Godzilla-Q-Edition-4-300x410.jpg 300w, https:\/\/mouldking.store\/wp-content\/uploads\/2022\/11\/Creator-PANLOS-687301-Godzilla-Q-Edition-4-600x819.jpg 600w, https:\/\/mouldking.store\/wp-content\/uploads\/2022\/11\/Creator-PANLOS-687301-Godzilla-Q-Edition-4-110x150.jpg 110w, https:\/\/mouldking.store\/wp-content\/uploads\/2022\/11\/Creator-PANLOS-687301-Godzilla-Q-Edition-4-44x60.jpg 44w, https:\/\/mouldking.store\/wp-content\/uploads\/2022\/11\/Creator-PANLOS-687301-Godzilla-Q-Edition-4-66x90.jpg 66w\" sizes=\"(max-width: 750px) 100vw, 750px\" \/><figcaption id=\"caption-attachment-33653\" class=\"wp-caption-text\">PANLOS 687301 Godzilla Q Edition V\u1edbi 853 M\u1ea3nh Gh\u00e9p<\/figcaption><\/figure>\n<figure id=\"attachment_33654\" aria-describedby=\"caption-attachment-33654\" style=\"width: 768px\" class=\"wp-caption aligncenter\"><img decoding=\"async\" class=\"wp-image-33654 size-full\" src=\"https:\/\/mouldking.store\/wp-content\/uploads\/2022\/11\/Creator-PANLOS-687301-Godzilla-Q-Edition-3-768x976-1.jpg\" alt=\"PANLOS 687301 Godzilla Q Edition With 853 Pieces\" width=\"768\" height=\"976\" title=\"-\" srcset=\"https:\/\/mouldking.store\/wp-content\/uploads\/2022\/11\/Creator-PANLOS-687301-Godzilla-Q-Edition-3-768x976-1.jpg 768w, https:\/\/mouldking.store\/wp-content\/uploads\/2022\/11\/Creator-PANLOS-687301-Godzilla-Q-Edition-3-768x976-1-236x300.jpg 236w, https:\/\/mouldking.store\/wp-content\/uploads\/2022\/11\/Creator-PANLOS-687301-Godzilla-Q-Edition-3-768x976-1-300x381.jpg 300w, https:\/\/mouldking.store\/wp-content\/uploads\/2022\/11\/Creator-PANLOS-687301-Godzilla-Q-Edition-3-768x976-1-600x763.jpg 600w, https:\/\/mouldking.store\/wp-content\/uploads\/2022\/11\/Creator-PANLOS-687301-Godzilla-Q-Edition-3-768x976-1-118x150.jpg 118w, https:\/\/mouldking.store\/wp-content\/uploads\/2022\/11\/Creator-PANLOS-687301-Godzilla-Q-Edition-3-768x976-1-47x60.jpg 47w, https:\/\/mouldking.store\/wp-content\/uploads\/2022\/11\/Creator-PANLOS-687301-Godzilla-Q-Edition-3-768x976-1-71x90.jpg 71w\" sizes=\"(max-width: 768px) 100vw, 768px\" \/><figcaption id=\"caption-attachment-33654\" class=\"wp-caption-text\">PANLOS 687301 Godzilla Q Edition V\u1edbi 853 M\u1ea3nh Gh\u00e9p<\/figcaption><\/figure>\n<figure id=\"attachment_33655\" aria-describedby=\"caption-attachment-33655\" style=\"width: 768px\" class=\"wp-caption aligncenter\"><img loading=\"lazy\" decoding=\"async\" class=\"wp-image-33655 size-full\" src=\"https:\/\/mouldking.store\/wp-content\/uploads\/2022\/11\/Creator-PANLOS-687301-Godzilla-Q-Edition-2-768x739-1.jpg\" alt=\"PANLOS 687301 Godzilla Q Edition With 853 Pieces\" width=\"768\" height=\"739\" title=\"-\" srcset=\"https:\/\/mouldking.store\/wp-content\/uploads\/2022\/11\/Creator-PANLOS-687301-Godzilla-Q-Edition-2-768x739-1.jpg 768w, https:\/\/mouldking.store\/wp-content\/uploads\/2022\/11\/Creator-PANLOS-687301-Godzilla-Q-Edition-2-768x739-1-300x289.jpg 300w, https:\/\/mouldking.store\/wp-content\/uploads\/2022\/11\/Creator-PANLOS-687301-Godzilla-Q-Edition-2-768x739-1-600x577.jpg 600w, https:\/\/mouldking.store\/wp-content\/uploads\/2022\/11\/Creator-PANLOS-687301-Godzilla-Q-Edition-2-768x739-1-150x144.jpg 150w, https:\/\/mouldking.store\/wp-content\/uploads\/2022\/11\/Creator-PANLOS-687301-Godzilla-Q-Edition-2-768x739-1-62x60.jpg 62w, https:\/\/mouldking.store\/wp-content\/uploads\/2022\/11\/Creator-PANLOS-687301-Godzilla-Q-Edition-2-768x739-1-94x90.jpg 94w\" sizes=\"(max-width: 768px) 100vw, 768px\" \/><figcaption id=\"caption-attachment-33655\" class=\"wp-caption-text\">PANLOS 687301 Godzilla Q Edition V\u1edbi 853 M\u1ea3nh Gh\u00e9p<\/figcaption><\/figure>","protected":false},"excerpt":{"rendered":"<p>Product information: Brand: PANLOS Gender: Unisex Name: Godzilla Q Edition Age Range: &gt; 6 years old Model Number: 687301 Classification: Assemblage Plastic Block Shape: Self-Locking Bricks Material: Plastic Plastic Type: ABS Bricks Blocks: 853 PCS Contains detailed assembly instructions. Notice: 1. Without an original box, but we guarantee our products have quality assurance and nice [&hellip;]<\/p>","protected":false},"featured_media":33652,"comment_status":"closed","ping_status":"closed","template":"","meta":{"_acf_changed":false},"product_cat":[1365],"product_tag":[6391,3547,6393,1851,6392,6390],"class_list":["product","first","instock","shipping-taxable","purchasable","product-type-simple"],"acf":[],"_links":{"self":[{"href":"https:\/\/mouldking.store\/vi\/wp-json\/wp\/v2\/product\/33646","targetHints":{"allow":["GET"]}}],"collection":[{"href":"https:\/\/mouldking.store\/vi\/wp-json\/wp\/v2\/product"}],"about":[{"href":"https:\/\/mouldking.store\/vi\/wp-json\/wp\/v2\/types\/product"}],"replies":[{"embeddable":true,"href":"https:\/\/mouldking.store\/vi\/wp-json\/wp\/v2\/comments?post=33646"}],"wp:featuredmedia":[{"embeddable":true,"href":"https:\/\/mouldking.store\/vi\/wp-json\/wp\/v2\/media\/33652"}],"wp:attachment":[{"href":"https:\/\/mouldking.store\/vi\/wp-json\/wp\/v2\/media?parent=33646"}],"wp:term":[{"taxonomy":"product_cat","embeddable":true,"href":"https:\/\/mouldking.store\/vi\/wp-json\/wp\/v2\/product_cat?post=33646"},{"taxonomy":"product_tag","embeddable":true,"href":"https:\/\/mouldking.store\/vi\/wp-json\/wp\/v2\/product_tag?post=33646"}],"curies":[{"name":"wp","href":"https:\/\/api.w.org\/{rel}","templated":true}]}}