{"id":33692,"date":"2022-11-02T16:28:33","date_gmt":"2022-11-02T09:28:33","guid":{"rendered":"https:\/\/mouldking.store\/?post_type=product&#038;p=33692"},"modified":"2022-11-02T16:28:34","modified_gmt":"2022-11-02T09:28:34","slug":"keeppley-k18003-new-chinese-style-streetscape-with-k18003-pieces","status":"publish","type":"product","link":"https:\/\/mouldking.store\/vi\/shop\/keeppley-k18003-new-chinese-style-streetscape-with-k18003-pieces\/","title":{"rendered":"Keeppley K18003 Phong c\u00e1ch \u0111\u01b0\u1eddng ph\u1ed1 m\u1edbi c\u1ee7a Trung Qu\u1ed1c v\u1edbi c\u00e1c m\u1ea3nh gh\u00e9p K18003"},"content":{"rendered":"<p>Th\u00f4ng tin s\u1ea3n ph\u1ea9m:<\/p>\n<ol>\n<li>Th\u01b0\u01a1ng hi\u1ec7u: Keeppley<\/li>\n<li>Gi\u1edbi t\u00ednh: Unisex<\/li>\n<li>T\u00ean: Phong c\u00e1ch \u0111\u01b0\u1eddng ph\u1ed1 m\u1edbi c\u1ee7a Trung Qu\u1ed1c<\/li>\n<li>\u0110\u1ed9 tu\u1ed5i: &gt; 6 tu\u1ed5i<\/li>\n<li>S\u1ed1 m\u00f4 h\u00ecnh: K18003<\/li>\n<li>Ph\u00e2n lo\u1ea1i: T\u1eadp h\u1ee3p<\/li>\n<li>H\u00ecnh d\u1ea1ng kh\u1ed1i nh\u1ef1a: G\u1ea1ch t\u1ef1 kh\u00f3a<\/li>\n<li>Ch\u1ea5t li\u1ec7u: Nh\u1ef1a<\/li>\n<li>Lo\u1ea1i nh\u1ef1a: ABS<\/li>\n<li>Kh\u1ed1i g\u1ea1ch: K18003 PCS<\/li>\n<li>K\u00edch th\u01b0\u1edbc: 41 \u00d7 33 \u00d7 34,5 cm<\/li>\n<li>Ch\u1ee9a h\u01b0\u1edbng d\u1eabn l\u1eafp r\u00e1p chi ti\u1ebft.<\/li>\n<\/ol>\n<p>\u0110\u1ec3 \u00fd:<br \/>\n1. Kh\u00f4ng c\u00f3 h\u1ed9p ban \u0111\u1ea7u, nh\u01b0ng ch\u00fang t\u00f4i \u0111\u1ea3m b\u1ea3o s\u1ea3n ph\u1ea9m c\u1ee7a ch\u00fang t\u00f4i c\u00f3 ch\u1ea5t l\u01b0\u1ee3ng \u0111\u1ea3m b\u1ea3o v\u00e0 bao b\u00ec \u0111\u1eb9p.<br \/>\n2. V\u00ec t\u1ea5t c\u1ea3 c\u00e1c b\u1ed9 ph\u1eadn ch\u00fang t\u00f4i \u0111\u00e3 ki\u1ec3m tra tr\u01b0\u1edbc khi v\u1eadn chuy\u1ec3n, v\u00ec v\u1eady n\u1ebfu b\u1ea1n th\u1ea5y m\u1ed9t s\u1ed1 b\u1ed9 ph\u1eadn b\u1ecb thi\u1ebfu ho\u1eb7c h\u01b0 h\u1ecfng, \u0111\u1eebng lo l\u1eafng v\u00e0 ch\u1ec9 c\u1ea7n vui l\u00f2ng li\u00ean h\u1ec7 v\u1edbi ch\u00fang t\u00f4i v\u00e0 ch\u00fang t\u00f4i c\u00f3 th\u1ec3 g\u1eedi l\u1ea1i mi\u1ec5n ph\u00ed cho b\u1ea1n ngay l\u1eadp t\u1ee9c.<\/p>\n<figure id=\"attachment_33694\" aria-describedby=\"caption-attachment-33694\" style=\"width: 800px\" class=\"wp-caption aligncenter\"><img fetchpriority=\"high\" decoding=\"async\" class=\"wp-image-33694 size-full\" src=\"https:\/\/mouldking.store\/wp-content\/uploads\/2022\/11\/Modular-Building-Keeppley-K18003-New-Chinese-Style-Streetscape-1.jpg\" alt=\" Keeppley K18003 New Chinese Style Streetscape With K18003 Pieces\" width=\"800\" height=\"800\" title=\"-\" srcset=\"https:\/\/mouldking.store\/wp-content\/uploads\/2022\/11\/Modular-Building-Keeppley-K18003-New-Chinese-Style-Streetscape-1.jpg 800w, https:\/\/mouldking.store\/wp-content\/uploads\/2022\/11\/Modular-Building-Keeppley-K18003-New-Chinese-Style-Streetscape-1-300x300.jpg 300w, https:\/\/mouldking.store\/wp-content\/uploads\/2022\/11\/Modular-Building-Keeppley-K18003-New-Chinese-Style-Streetscape-1-768x768.jpg 768w, https:\/\/mouldking.store\/wp-content\/uploads\/2022\/11\/Modular-Building-Keeppley-K18003-New-Chinese-Style-Streetscape-1-600x600.jpg 600w, https:\/\/mouldking.store\/wp-content\/uploads\/2022\/11\/Modular-Building-Keeppley-K18003-New-Chinese-Style-Streetscape-1-150x150.jpg 150w, https:\/\/mouldking.store\/wp-content\/uploads\/2022\/11\/Modular-Building-Keeppley-K18003-New-Chinese-Style-Streetscape-1-60x60.jpg 60w, https:\/\/mouldking.store\/wp-content\/uploads\/2022\/11\/Modular-Building-Keeppley-K18003-New-Chinese-Style-Streetscape-1-90x90.jpg 90w\" sizes=\"(max-width: 800px) 100vw, 800px\" \/><figcaption id=\"caption-attachment-33694\" class=\"wp-caption-text\">Keeppley K18003 Phong c\u00e1ch \u0111\u01b0\u1eddng ph\u1ed1 m\u1edbi c\u1ee7a Trung Qu\u1ed1c v\u1edbi c\u00e1c m\u1ea3nh gh\u00e9p K18003<\/figcaption><\/figure>\n<figure id=\"attachment_33695\" aria-describedby=\"caption-attachment-33695\" style=\"width: 603px\" class=\"wp-caption aligncenter\"><img decoding=\"async\" class=\"wp-image-33695 size-full\" src=\"https:\/\/mouldking.store\/wp-content\/uploads\/2022\/11\/Modular-Building-Keeppley-K18003-New-Chinese-Style-Streetscape-2.jpg\" alt=\" Keeppley K18003 New Chinese Style Streetscape With K18003 Pieces\" width=\"603\" height=\"557\" title=\"-\" srcset=\"https:\/\/mouldking.store\/wp-content\/uploads\/2022\/11\/Modular-Building-Keeppley-K18003-New-Chinese-Style-Streetscape-2.jpg 603w, https:\/\/mouldking.store\/wp-content\/uploads\/2022\/11\/Modular-Building-Keeppley-K18003-New-Chinese-Style-Streetscape-2-300x277.jpg 300w, https:\/\/mouldking.store\/wp-content\/uploads\/2022\/11\/Modular-Building-Keeppley-K18003-New-Chinese-Style-Streetscape-2-600x554.jpg 600w, https:\/\/mouldking.store\/wp-content\/uploads\/2022\/11\/Modular-Building-Keeppley-K18003-New-Chinese-Style-Streetscape-2-150x139.jpg 150w, https:\/\/mouldking.store\/wp-content\/uploads\/2022\/11\/Modular-Building-Keeppley-K18003-New-Chinese-Style-Streetscape-2-65x60.jpg 65w, https:\/\/mouldking.store\/wp-content\/uploads\/2022\/11\/Modular-Building-Keeppley-K18003-New-Chinese-Style-Streetscape-2-97x90.jpg 97w\" sizes=\"(max-width: 603px) 100vw, 603px\" \/><figcaption id=\"caption-attachment-33695\" class=\"wp-caption-text\">Keeppley K18003 Phong c\u00e1ch \u0111\u01b0\u1eddng ph\u1ed1 m\u1edbi c\u1ee7a Trung Qu\u1ed1c v\u1edbi c\u00e1c m\u1ea3nh gh\u00e9p K18003<\/figcaption><\/figure>\n<figure id=\"attachment_33696\" aria-describedby=\"caption-attachment-33696\" style=\"width: 800px\" class=\"wp-caption aligncenter\"><img decoding=\"async\" class=\"wp-image-33696 size-full\" src=\"https:\/\/mouldking.store\/wp-content\/uploads\/2022\/11\/Modular-Building-Keeppley-K18003-New-Chinese-Style-Streetscape-3.jpg\" alt=\" Keeppley K18003 New Chinese Style Streetscape With K18003 Pieces\" width=\"800\" height=\"800\" title=\"-\" srcset=\"https:\/\/mouldking.store\/wp-content\/uploads\/2022\/11\/Modular-Building-Keeppley-K18003-New-Chinese-Style-Streetscape-3.jpg 800w, https:\/\/mouldking.store\/wp-content\/uploads\/2022\/11\/Modular-Building-Keeppley-K18003-New-Chinese-Style-Streetscape-3-300x300.jpg 300w, https:\/\/mouldking.store\/wp-content\/uploads\/2022\/11\/Modular-Building-Keeppley-K18003-New-Chinese-Style-Streetscape-3-768x768.jpg 768w, https:\/\/mouldking.store\/wp-content\/uploads\/2022\/11\/Modular-Building-Keeppley-K18003-New-Chinese-Style-Streetscape-3-600x600.jpg 600w, https:\/\/mouldking.store\/wp-content\/uploads\/2022\/11\/Modular-Building-Keeppley-K18003-New-Chinese-Style-Streetscape-3-150x150.jpg 150w, https:\/\/mouldking.store\/wp-content\/uploads\/2022\/11\/Modular-Building-Keeppley-K18003-New-Chinese-Style-Streetscape-3-60x60.jpg 60w, https:\/\/mouldking.store\/wp-content\/uploads\/2022\/11\/Modular-Building-Keeppley-K18003-New-Chinese-Style-Streetscape-3-90x90.jpg 90w\" sizes=\"(max-width: 800px) 100vw, 800px\" \/><figcaption id=\"caption-attachment-33696\" class=\"wp-caption-text\">Keeppley K18003 Phong c\u00e1ch \u0111\u01b0\u1eddng ph\u1ed1 m\u1edbi c\u1ee7a Trung Qu\u1ed1c v\u1edbi c\u00e1c m\u1ea3nh gh\u00e9p K18003<\/figcaption><\/figure>\n<figure id=\"attachment_33697\" aria-describedby=\"caption-attachment-33697\" style=\"width: 800px\" class=\"wp-caption aligncenter\"><img loading=\"lazy\" decoding=\"async\" class=\"wp-image-33697 size-full\" src=\"https:\/\/mouldking.store\/wp-content\/uploads\/2022\/11\/Modular-Building-Keeppley-K18003-New-Chinese-Style-Streetscape-4.jpg\" alt=\" Keeppley K18003 New Chinese Style Streetscape With K18003 Pieces\" width=\"800\" height=\"800\" title=\"-\" srcset=\"https:\/\/mouldking.store\/wp-content\/uploads\/2022\/11\/Modular-Building-Keeppley-K18003-New-Chinese-Style-Streetscape-4.jpg 800w, https:\/\/mouldking.store\/wp-content\/uploads\/2022\/11\/Modular-Building-Keeppley-K18003-New-Chinese-Style-Streetscape-4-300x300.jpg 300w, https:\/\/mouldking.store\/wp-content\/uploads\/2022\/11\/Modular-Building-Keeppley-K18003-New-Chinese-Style-Streetscape-4-768x768.jpg 768w, https:\/\/mouldking.store\/wp-content\/uploads\/2022\/11\/Modular-Building-Keeppley-K18003-New-Chinese-Style-Streetscape-4-600x600.jpg 600w, https:\/\/mouldking.store\/wp-content\/uploads\/2022\/11\/Modular-Building-Keeppley-K18003-New-Chinese-Style-Streetscape-4-150x150.jpg 150w, https:\/\/mouldking.store\/wp-content\/uploads\/2022\/11\/Modular-Building-Keeppley-K18003-New-Chinese-Style-Streetscape-4-60x60.jpg 60w, https:\/\/mouldking.store\/wp-content\/uploads\/2022\/11\/Modular-Building-Keeppley-K18003-New-Chinese-Style-Streetscape-4-90x90.jpg 90w\" sizes=\"(max-width: 800px) 100vw, 800px\" \/><figcaption id=\"caption-attachment-33697\" class=\"wp-caption-text\">Keeppley K18003 Phong c\u00e1ch \u0111\u01b0\u1eddng ph\u1ed1 m\u1edbi c\u1ee7a Trung Qu\u1ed1c v\u1edbi c\u00e1c m\u1ea3nh gh\u00e9p K18003<\/figcaption><\/figure>\n<figure id=\"attachment_33698\" aria-describedby=\"caption-attachment-33698\" style=\"width: 800px\" class=\"wp-caption aligncenter\"><img loading=\"lazy\" decoding=\"async\" class=\"wp-image-33698 size-full\" src=\"https:\/\/mouldking.store\/wp-content\/uploads\/2022\/11\/Modular-Building-Keeppley-K18003-New-Chinese-Style-Streetscape-5.jpg\" alt=\" Keeppley K18003 New Chinese Style Streetscape With K18003 Pieces\" width=\"800\" height=\"800\" title=\"-\" srcset=\"https:\/\/mouldking.store\/wp-content\/uploads\/2022\/11\/Modular-Building-Keeppley-K18003-New-Chinese-Style-Streetscape-5.jpg 800w, https:\/\/mouldking.store\/wp-content\/uploads\/2022\/11\/Modular-Building-Keeppley-K18003-New-Chinese-Style-Streetscape-5-300x300.jpg 300w, https:\/\/mouldking.store\/wp-content\/uploads\/2022\/11\/Modular-Building-Keeppley-K18003-New-Chinese-Style-Streetscape-5-768x768.jpg 768w, https:\/\/mouldking.store\/wp-content\/uploads\/2022\/11\/Modular-Building-Keeppley-K18003-New-Chinese-Style-Streetscape-5-600x600.jpg 600w, https:\/\/mouldking.store\/wp-content\/uploads\/2022\/11\/Modular-Building-Keeppley-K18003-New-Chinese-Style-Streetscape-5-150x150.jpg 150w, https:\/\/mouldking.store\/wp-content\/uploads\/2022\/11\/Modular-Building-Keeppley-K18003-New-Chinese-Style-Streetscape-5-60x60.jpg 60w, https:\/\/mouldking.store\/wp-content\/uploads\/2022\/11\/Modular-Building-Keeppley-K18003-New-Chinese-Style-Streetscape-5-90x90.jpg 90w\" sizes=\"(max-width: 800px) 100vw, 800px\" \/><figcaption id=\"caption-attachment-33698\" class=\"wp-caption-text\">Keeppley K18003 Phong c\u00e1ch \u0111\u01b0\u1eddng ph\u1ed1 m\u1edbi c\u1ee7a Trung Qu\u1ed1c v\u1edbi c\u00e1c m\u1ea3nh gh\u00e9p K18003<\/figcaption><\/figure>\n<figure id=\"attachment_33700\" aria-describedby=\"caption-attachment-33700\" style=\"width: 800px\" class=\"wp-caption aligncenter\"><img loading=\"lazy\" decoding=\"async\" class=\"wp-image-33700 size-full\" src=\"https:\/\/mouldking.store\/wp-content\/uploads\/2022\/11\/Modular-Building-Keeppley-K18003-New-Chinese-Style-Streetscape-6.jpg\" alt=\" Keeppley K18003 New Chinese Style Streetscape With K18003 Pieces\" width=\"800\" height=\"800\" title=\"-\" srcset=\"https:\/\/mouldking.store\/wp-content\/uploads\/2022\/11\/Modular-Building-Keeppley-K18003-New-Chinese-Style-Streetscape-6.jpg 800w, https:\/\/mouldking.store\/wp-content\/uploads\/2022\/11\/Modular-Building-Keeppley-K18003-New-Chinese-Style-Streetscape-6-300x300.jpg 300w, https:\/\/mouldking.store\/wp-content\/uploads\/2022\/11\/Modular-Building-Keeppley-K18003-New-Chinese-Style-Streetscape-6-768x768.jpg 768w, https:\/\/mouldking.store\/wp-content\/uploads\/2022\/11\/Modular-Building-Keeppley-K18003-New-Chinese-Style-Streetscape-6-600x600.jpg 600w, https:\/\/mouldking.store\/wp-content\/uploads\/2022\/11\/Modular-Building-Keeppley-K18003-New-Chinese-Style-Streetscape-6-150x150.jpg 150w, https:\/\/mouldking.store\/wp-content\/uploads\/2022\/11\/Modular-Building-Keeppley-K18003-New-Chinese-Style-Streetscape-6-60x60.jpg 60w, https:\/\/mouldking.store\/wp-content\/uploads\/2022\/11\/Modular-Building-Keeppley-K18003-New-Chinese-Style-Streetscape-6-90x90.jpg 90w\" sizes=\"(max-width: 800px) 100vw, 800px\" \/><figcaption id=\"caption-attachment-33700\" class=\"wp-caption-text\">Keeppley K18003 Phong c\u00e1ch \u0111\u01b0\u1eddng ph\u1ed1 m\u1edbi c\u1ee7a Trung Qu\u1ed1c v\u1edbi c\u00e1c m\u1ea3nh gh\u00e9p K18003<\/figcaption><\/figure>","protected":false},"excerpt":{"rendered":"<p>Product information: Brand: Keeppley Gender: Unisex Name: New Chinese Style Streetscape Age Range: &gt; 6 years old Model Number: K18003 Classification: Assemblage Plastic Block Shape: Self-Locking Bricks Material: Plastic Plastic Type: ABS Bricks Blocks: K18003 PCS Dimensions: 41 \u00d7 33 \u00d7 34.5 cm Contains detailed assembly instructions. Notice: 1. Without an original box, but we [&hellip;]<\/p>","protected":false},"featured_media":33694,"comment_status":"closed","ping_status":"closed","template":"","meta":{"_acf_changed":false},"product_cat":[1395],"product_tag":[6431,6430,6429,6434,6428,6433,6432],"class_list":["product","first","instock","shipping-taxable","purchasable","product-type-simple"],"acf":[],"_links":{"self":[{"href":"https:\/\/mouldking.store\/vi\/wp-json\/wp\/v2\/product\/33692","targetHints":{"allow":["GET"]}}],"collection":[{"href":"https:\/\/mouldking.store\/vi\/wp-json\/wp\/v2\/product"}],"about":[{"href":"https:\/\/mouldking.store\/vi\/wp-json\/wp\/v2\/types\/product"}],"replies":[{"embeddable":true,"href":"https:\/\/mouldking.store\/vi\/wp-json\/wp\/v2\/comments?post=33692"}],"wp:featuredmedia":[{"embeddable":true,"href":"https:\/\/mouldking.store\/vi\/wp-json\/wp\/v2\/media\/33694"}],"wp:attachment":[{"href":"https:\/\/mouldking.store\/vi\/wp-json\/wp\/v2\/media?parent=33692"}],"wp:term":[{"taxonomy":"product_cat","embeddable":true,"href":"https:\/\/mouldking.store\/vi\/wp-json\/wp\/v2\/product_cat?post=33692"},{"taxonomy":"product_tag","embeddable":true,"href":"https:\/\/mouldking.store\/vi\/wp-json\/wp\/v2\/product_tag?post=33692"}],"curies":[{"name":"wp","href":"https:\/\/api.w.org\/{rel}","templated":true}]}}