{"id":33725,"date":"2022-11-02T17:00:00","date_gmt":"2022-11-02T10:00:00","guid":{"rendered":"https:\/\/mouldking.store\/?post_type=product&#038;p=33725"},"modified":"2024-03-04T11:00:50","modified_gmt":"2024-03-04T04:00:50","slug":"funwhole-fh9003-ocean-adventure-boat-with-824-pieces","status":"publish","type":"product","link":"https:\/\/mouldking.store\/vi\/shop\/funwhole-fh9003-ocean-adventure-boat-with-824-pieces\/","title":{"rendered":"FUNWHOLE FH9003 Thuy\u1ec1n Phi\u00eau L\u01b0u Tr\u00ean \u0110\u1ea1i D\u01b0\u01a1ng V\u1edbi 824 M\u1ea3nh Gh\u00e9p"},"content":{"rendered":"<p>Th\u00f4ng tin s\u1ea3n ph\u1ea9m:<\/p>\n<ol>\n<li>Th\u01b0\u01a1ng hi\u1ec7u: FUN WHOLE<\/li>\n<li>Gi\u1edbi t\u00ednh: Unisex<\/li>\n<li>Name: Ocean Adventure Boat<\/li>\n<li>\u0110\u1ed9 tu\u1ed5i: &gt; 6 tu\u1ed5i<\/li>\n<li>Model Number: FH9003<\/li>\n<li>Ph\u00e2n lo\u1ea1i: T\u1eadp h\u1ee3p<\/li>\n<li>H\u00ecnh d\u1ea1ng kh\u1ed1i nh\u1ef1a: G\u1ea1ch t\u1ef1 kh\u00f3a<\/li>\n<li>Ch\u1ea5t li\u1ec7u: Nh\u1ef1a<\/li>\n<li>Lo\u1ea1i nh\u1ef1a: ABS<\/li>\n<li>Bricks Blocks: 824 PCS<\/li>\n<li>Dimensions: 29 x 13 x 19 cm<\/li>\n<li>Ch\u1ee9a h\u01b0\u1edbng d\u1eabn l\u1eafp r\u00e1p chi ti\u1ebft.<\/li>\n<\/ol>\n<p>\u0110\u1ec3 \u00fd:<br \/>\n1. Kh\u00f4ng c\u00f3 h\u1ed9p ban \u0111\u1ea7u, nh\u01b0ng ch\u00fang t\u00f4i \u0111\u1ea3m b\u1ea3o s\u1ea3n ph\u1ea9m c\u1ee7a ch\u00fang t\u00f4i c\u00f3 ch\u1ea5t l\u01b0\u1ee3ng \u0111\u1ea3m b\u1ea3o v\u00e0 bao b\u00ec \u0111\u1eb9p.<br \/>\n2. V\u00ec t\u1ea5t c\u1ea3 c\u00e1c b\u1ed9 ph\u1eadn ch\u00fang t\u00f4i \u0111\u00e3 ki\u1ec3m tra tr\u01b0\u1edbc khi v\u1eadn chuy\u1ec3n, v\u00ec v\u1eady n\u1ebfu b\u1ea1n th\u1ea5y m\u1ed9t s\u1ed1 b\u1ed9 ph\u1eadn b\u1ecb thi\u1ebfu ho\u1eb7c h\u01b0 h\u1ecfng, \u0111\u1eebng lo l\u1eafng v\u00e0 ch\u1ec9 c\u1ea7n vui l\u00f2ng li\u00ean h\u1ec7 v\u1edbi ch\u00fang t\u00f4i v\u00e0 ch\u00fang t\u00f4i c\u00f3 th\u1ec3 g\u1eedi l\u1ea1i mi\u1ec5n ph\u00ed cho b\u1ea1n ngay l\u1eadp t\u1ee9c.<\/p>\n<figure id=\"attachment_33731\" aria-describedby=\"caption-attachment-33731\" style=\"width: 1024px\" class=\"wp-caption aligncenter\"><img fetchpriority=\"high\" decoding=\"async\" class=\"wp-image-33731 size-large\" src=\"https:\/\/mouldking.store\/wp-content\/uploads\/2022\/11\/Creator-FUNWHOLE-FH9003-Ocean-Adventure-Boat-1-1024x1024.jpg\" alt=\"FUNWHOLE FH9003 Ocean Adventure Boat With 824 Pieces\" width=\"1024\" height=\"1024\" title=\"-\" srcset=\"https:\/\/mouldking.store\/wp-content\/uploads\/2022\/11\/Creator-FUNWHOLE-FH9003-Ocean-Adventure-Boat-1-1024x1024.jpg 1024w, https:\/\/mouldking.store\/wp-content\/uploads\/2022\/11\/Creator-FUNWHOLE-FH9003-Ocean-Adventure-Boat-1-300x300.jpg 300w, https:\/\/mouldking.store\/wp-content\/uploads\/2022\/11\/Creator-FUNWHOLE-FH9003-Ocean-Adventure-Boat-1-768x768.jpg 768w, https:\/\/mouldking.store\/wp-content\/uploads\/2022\/11\/Creator-FUNWHOLE-FH9003-Ocean-Adventure-Boat-1-1536x1536.jpg 1536w, https:\/\/mouldking.store\/wp-content\/uploads\/2022\/11\/Creator-FUNWHOLE-FH9003-Ocean-Adventure-Boat-1-600x600.jpg 600w, https:\/\/mouldking.store\/wp-content\/uploads\/2022\/11\/Creator-FUNWHOLE-FH9003-Ocean-Adventure-Boat-1-150x150.jpg 150w, https:\/\/mouldking.store\/wp-content\/uploads\/2022\/11\/Creator-FUNWHOLE-FH9003-Ocean-Adventure-Boat-1-60x60.jpg 60w, https:\/\/mouldking.store\/wp-content\/uploads\/2022\/11\/Creator-FUNWHOLE-FH9003-Ocean-Adventure-Boat-1-90x90.jpg 90w, https:\/\/mouldking.store\/wp-content\/uploads\/2022\/11\/Creator-FUNWHOLE-FH9003-Ocean-Adventure-Boat-1.jpg 1600w\" sizes=\"(max-width: 1024px) 100vw, 1024px\" \/><figcaption id=\"caption-attachment-33731\" class=\"wp-caption-text\">FUNWHOLE FH9003 Thuy\u1ec1n Phi\u00eau L\u01b0u Tr\u00ean \u0110\u1ea1i D\u01b0\u01a1ng V\u1edbi 824 M\u1ea3nh Gh\u00e9p<\/figcaption><\/figure>\n<figure id=\"attachment_33732\" aria-describedby=\"caption-attachment-33732\" style=\"width: 1024px\" class=\"wp-caption aligncenter\"><img decoding=\"async\" class=\"wp-image-33732 size-large\" src=\"https:\/\/mouldking.store\/wp-content\/uploads\/2022\/11\/Creator-FUNWHOLE-FH9003-Ocean-Adventure-Boat-6-1024x1024.jpg\" alt=\"FUNWHOLE FH9003 Ocean Adventure Boat With 824 Pieces\" width=\"1024\" height=\"1024\" title=\"-\" srcset=\"https:\/\/mouldking.store\/wp-content\/uploads\/2022\/11\/Creator-FUNWHOLE-FH9003-Ocean-Adventure-Boat-6-1024x1024.jpg 1024w, https:\/\/mouldking.store\/wp-content\/uploads\/2022\/11\/Creator-FUNWHOLE-FH9003-Ocean-Adventure-Boat-6-300x300.jpg 300w, https:\/\/mouldking.store\/wp-content\/uploads\/2022\/11\/Creator-FUNWHOLE-FH9003-Ocean-Adventure-Boat-6-768x768.jpg 768w, https:\/\/mouldking.store\/wp-content\/uploads\/2022\/11\/Creator-FUNWHOLE-FH9003-Ocean-Adventure-Boat-6-1536x1536.jpg 1536w, https:\/\/mouldking.store\/wp-content\/uploads\/2022\/11\/Creator-FUNWHOLE-FH9003-Ocean-Adventure-Boat-6-600x600.jpg 600w, https:\/\/mouldking.store\/wp-content\/uploads\/2022\/11\/Creator-FUNWHOLE-FH9003-Ocean-Adventure-Boat-6-150x150.jpg 150w, https:\/\/mouldking.store\/wp-content\/uploads\/2022\/11\/Creator-FUNWHOLE-FH9003-Ocean-Adventure-Boat-6-60x60.jpg 60w, https:\/\/mouldking.store\/wp-content\/uploads\/2022\/11\/Creator-FUNWHOLE-FH9003-Ocean-Adventure-Boat-6-90x90.jpg 90w, https:\/\/mouldking.store\/wp-content\/uploads\/2022\/11\/Creator-FUNWHOLE-FH9003-Ocean-Adventure-Boat-6.jpg 1600w\" sizes=\"(max-width: 1024px) 100vw, 1024px\" \/><figcaption id=\"caption-attachment-33732\" class=\"wp-caption-text\">FUNWHOLE FH9003 Thuy\u1ec1n Phi\u00eau L\u01b0u Tr\u00ean \u0110\u1ea1i D\u01b0\u01a1ng V\u1edbi 824 M\u1ea3nh Gh\u00e9p<\/figcaption><\/figure>\n<figure id=\"attachment_33733\" aria-describedby=\"caption-attachment-33733\" style=\"width: 1024px\" class=\"wp-caption aligncenter\"><img decoding=\"async\" class=\"wp-image-33733 size-large\" src=\"https:\/\/mouldking.store\/wp-content\/uploads\/2022\/11\/Creator-FUNWHOLE-FH9003-Ocean-Adventure-Boat-5-1024x1024.jpg\" alt=\"FUNWHOLE FH9003 Ocean Adventure Boat With 824 Pieces\" width=\"1024\" height=\"1024\" title=\"-\" srcset=\"https:\/\/mouldking.store\/wp-content\/uploads\/2022\/11\/Creator-FUNWHOLE-FH9003-Ocean-Adventure-Boat-5-1024x1024.jpg 1024w, https:\/\/mouldking.store\/wp-content\/uploads\/2022\/11\/Creator-FUNWHOLE-FH9003-Ocean-Adventure-Boat-5-300x300.jpg 300w, https:\/\/mouldking.store\/wp-content\/uploads\/2022\/11\/Creator-FUNWHOLE-FH9003-Ocean-Adventure-Boat-5-768x768.jpg 768w, https:\/\/mouldking.store\/wp-content\/uploads\/2022\/11\/Creator-FUNWHOLE-FH9003-Ocean-Adventure-Boat-5-1536x1536.jpg 1536w, https:\/\/mouldking.store\/wp-content\/uploads\/2022\/11\/Creator-FUNWHOLE-FH9003-Ocean-Adventure-Boat-5-600x600.jpg 600w, https:\/\/mouldking.store\/wp-content\/uploads\/2022\/11\/Creator-FUNWHOLE-FH9003-Ocean-Adventure-Boat-5-150x150.jpg 150w, https:\/\/mouldking.store\/wp-content\/uploads\/2022\/11\/Creator-FUNWHOLE-FH9003-Ocean-Adventure-Boat-5-60x60.jpg 60w, https:\/\/mouldking.store\/wp-content\/uploads\/2022\/11\/Creator-FUNWHOLE-FH9003-Ocean-Adventure-Boat-5-90x90.jpg 90w, https:\/\/mouldking.store\/wp-content\/uploads\/2022\/11\/Creator-FUNWHOLE-FH9003-Ocean-Adventure-Boat-5.jpg 1600w\" sizes=\"(max-width: 1024px) 100vw, 1024px\" \/><figcaption id=\"caption-attachment-33733\" class=\"wp-caption-text\">FUNWHOLE FH9003 Thuy\u1ec1n Phi\u00eau L\u01b0u Tr\u00ean \u0110\u1ea1i D\u01b0\u01a1ng V\u1edbi 824 M\u1ea3nh Gh\u00e9p<\/figcaption><\/figure>\n<figure id=\"attachment_33734\" aria-describedby=\"caption-attachment-33734\" style=\"width: 1024px\" class=\"wp-caption aligncenter\"><img loading=\"lazy\" decoding=\"async\" class=\"wp-image-33734 size-large\" src=\"https:\/\/mouldking.store\/wp-content\/uploads\/2022\/11\/Creator-FUNWHOLE-FH9003-Ocean-Adventure-Boat-4-1024x1024.jpg\" alt=\"FUNWHOLE FH9003 Ocean Adventure Boat With 824 Pieces\" width=\"1024\" height=\"1024\" title=\"-\" srcset=\"https:\/\/mouldking.store\/wp-content\/uploads\/2022\/11\/Creator-FUNWHOLE-FH9003-Ocean-Adventure-Boat-4-1024x1024.jpg 1024w, https:\/\/mouldking.store\/wp-content\/uploads\/2022\/11\/Creator-FUNWHOLE-FH9003-Ocean-Adventure-Boat-4-300x300.jpg 300w, https:\/\/mouldking.store\/wp-content\/uploads\/2022\/11\/Creator-FUNWHOLE-FH9003-Ocean-Adventure-Boat-4-768x768.jpg 768w, https:\/\/mouldking.store\/wp-content\/uploads\/2022\/11\/Creator-FUNWHOLE-FH9003-Ocean-Adventure-Boat-4-1536x1536.jpg 1536w, https:\/\/mouldking.store\/wp-content\/uploads\/2022\/11\/Creator-FUNWHOLE-FH9003-Ocean-Adventure-Boat-4-600x600.jpg 600w, https:\/\/mouldking.store\/wp-content\/uploads\/2022\/11\/Creator-FUNWHOLE-FH9003-Ocean-Adventure-Boat-4-150x150.jpg 150w, https:\/\/mouldking.store\/wp-content\/uploads\/2022\/11\/Creator-FUNWHOLE-FH9003-Ocean-Adventure-Boat-4-60x60.jpg 60w, https:\/\/mouldking.store\/wp-content\/uploads\/2022\/11\/Creator-FUNWHOLE-FH9003-Ocean-Adventure-Boat-4-90x90.jpg 90w, https:\/\/mouldking.store\/wp-content\/uploads\/2022\/11\/Creator-FUNWHOLE-FH9003-Ocean-Adventure-Boat-4.jpg 1600w\" sizes=\"(max-width: 1024px) 100vw, 1024px\" \/><figcaption id=\"caption-attachment-33734\" class=\"wp-caption-text\">FUNWHOLE FH9003 Thuy\u1ec1n Phi\u00eau L\u01b0u Tr\u00ean \u0110\u1ea1i D\u01b0\u01a1ng V\u1edbi 824 M\u1ea3nh Gh\u00e9p<\/figcaption><\/figure>\n<figure id=\"attachment_33735\" aria-describedby=\"caption-attachment-33735\" style=\"width: 1024px\" class=\"wp-caption aligncenter\"><img loading=\"lazy\" decoding=\"async\" class=\"wp-image-33735 size-large\" src=\"https:\/\/mouldking.store\/wp-content\/uploads\/2022\/11\/Creator-FUNWHOLE-FH9003-Ocean-Adventure-Boat-3-1024x1024.jpg\" alt=\"FUNWHOLE FH9003 Ocean Adventure Boat With 824 Pieces\" width=\"1024\" height=\"1024\" title=\"-\" srcset=\"https:\/\/mouldking.store\/wp-content\/uploads\/2022\/11\/Creator-FUNWHOLE-FH9003-Ocean-Adventure-Boat-3-1024x1024.jpg 1024w, https:\/\/mouldking.store\/wp-content\/uploads\/2022\/11\/Creator-FUNWHOLE-FH9003-Ocean-Adventure-Boat-3-300x300.jpg 300w, https:\/\/mouldking.store\/wp-content\/uploads\/2022\/11\/Creator-FUNWHOLE-FH9003-Ocean-Adventure-Boat-3-768x768.jpg 768w, https:\/\/mouldking.store\/wp-content\/uploads\/2022\/11\/Creator-FUNWHOLE-FH9003-Ocean-Adventure-Boat-3-1536x1536.jpg 1536w, https:\/\/mouldking.store\/wp-content\/uploads\/2022\/11\/Creator-FUNWHOLE-FH9003-Ocean-Adventure-Boat-3-600x600.jpg 600w, https:\/\/mouldking.store\/wp-content\/uploads\/2022\/11\/Creator-FUNWHOLE-FH9003-Ocean-Adventure-Boat-3-150x150.jpg 150w, https:\/\/mouldking.store\/wp-content\/uploads\/2022\/11\/Creator-FUNWHOLE-FH9003-Ocean-Adventure-Boat-3-60x60.jpg 60w, https:\/\/mouldking.store\/wp-content\/uploads\/2022\/11\/Creator-FUNWHOLE-FH9003-Ocean-Adventure-Boat-3-90x90.jpg 90w, https:\/\/mouldking.store\/wp-content\/uploads\/2022\/11\/Creator-FUNWHOLE-FH9003-Ocean-Adventure-Boat-3.jpg 2000w\" sizes=\"(max-width: 1024px) 100vw, 1024px\" \/><figcaption id=\"caption-attachment-33735\" class=\"wp-caption-text\">FUNWHOLE FH9003 Thuy\u1ec1n Phi\u00eau L\u01b0u Tr\u00ean \u0110\u1ea1i D\u01b0\u01a1ng V\u1edbi 824 M\u1ea3nh Gh\u00e9p<\/figcaption><\/figure>\n<figure id=\"attachment_33736\" aria-describedby=\"caption-attachment-33736\" style=\"width: 1024px\" class=\"wp-caption aligncenter\"><img loading=\"lazy\" decoding=\"async\" class=\"wp-image-33736 size-large\" src=\"https:\/\/mouldking.store\/wp-content\/uploads\/2022\/11\/Creator-FUNWHOLE-FH9003-Ocean-Adventure-Boat-2-1024x1024.jpg\" alt=\"FUNWHOLE FH9003 Ocean Adventure Boat With 824 Pieces\" width=\"1024\" height=\"1024\" title=\"-\" srcset=\"https:\/\/mouldking.store\/wp-content\/uploads\/2022\/11\/Creator-FUNWHOLE-FH9003-Ocean-Adventure-Boat-2-1024x1024.jpg 1024w, https:\/\/mouldking.store\/wp-content\/uploads\/2022\/11\/Creator-FUNWHOLE-FH9003-Ocean-Adventure-Boat-2-300x300.jpg 300w, https:\/\/mouldking.store\/wp-content\/uploads\/2022\/11\/Creator-FUNWHOLE-FH9003-Ocean-Adventure-Boat-2-768x768.jpg 768w, https:\/\/mouldking.store\/wp-content\/uploads\/2022\/11\/Creator-FUNWHOLE-FH9003-Ocean-Adventure-Boat-2-1536x1536.jpg 1536w, https:\/\/mouldking.store\/wp-content\/uploads\/2022\/11\/Creator-FUNWHOLE-FH9003-Ocean-Adventure-Boat-2-600x600.jpg 600w, https:\/\/mouldking.store\/wp-content\/uploads\/2022\/11\/Creator-FUNWHOLE-FH9003-Ocean-Adventure-Boat-2-150x150.jpg 150w, https:\/\/mouldking.store\/wp-content\/uploads\/2022\/11\/Creator-FUNWHOLE-FH9003-Ocean-Adventure-Boat-2-60x60.jpg 60w, https:\/\/mouldking.store\/wp-content\/uploads\/2022\/11\/Creator-FUNWHOLE-FH9003-Ocean-Adventure-Boat-2-90x90.jpg 90w, https:\/\/mouldking.store\/wp-content\/uploads\/2022\/11\/Creator-FUNWHOLE-FH9003-Ocean-Adventure-Boat-2.jpg 1600w\" sizes=\"(max-width: 1024px) 100vw, 1024px\" \/><figcaption id=\"caption-attachment-33736\" class=\"wp-caption-text\">FUNWHOLE FH9003 Thuy\u1ec1n Phi\u00eau L\u01b0u Tr\u00ean \u0110\u1ea1i D\u01b0\u01a1ng V\u1edbi 824 M\u1ea3nh Gh\u00e9p<\/figcaption><\/figure>","protected":false},"excerpt":{"rendered":"<p>Product information: Brand: FUNWHOLE Gender: Unisex Name: Ocean Adventure Boat Age Range: &gt; 6 years old Model Number: FH9003 Classification: Assemblage Plastic Block Shape: Self-Locking Bricks Material: Plastic Plastic Type: ABS Bricks Blocks: 824 PCS Dimensions: 29 x 13 x 19 cm Contains detailed assembly instructions. Notice: 1. Without an original box, but we guarantee [&hellip;]<\/p>","protected":false},"featured_media":33731,"comment_status":"closed","ping_status":"closed","template":"","meta":{"_acf_changed":false},"product_cat":[1365],"product_tag":[6470,6471,6468,6467,6472,6466,6469,6473],"class_list":["product","first","outofstock","shipping-taxable","purchasable","product-type-simple"],"acf":[],"_links":{"self":[{"href":"https:\/\/mouldking.store\/vi\/wp-json\/wp\/v2\/product\/33725","targetHints":{"allow":["GET"]}}],"collection":[{"href":"https:\/\/mouldking.store\/vi\/wp-json\/wp\/v2\/product"}],"about":[{"href":"https:\/\/mouldking.store\/vi\/wp-json\/wp\/v2\/types\/product"}],"replies":[{"embeddable":true,"href":"https:\/\/mouldking.store\/vi\/wp-json\/wp\/v2\/comments?post=33725"}],"wp:featuredmedia":[{"embeddable":true,"href":"https:\/\/mouldking.store\/vi\/wp-json\/wp\/v2\/media\/33731"}],"wp:attachment":[{"href":"https:\/\/mouldking.store\/vi\/wp-json\/wp\/v2\/media?parent=33725"}],"wp:term":[{"taxonomy":"product_cat","embeddable":true,"href":"https:\/\/mouldking.store\/vi\/wp-json\/wp\/v2\/product_cat?post=33725"},{"taxonomy":"product_tag","embeddable":true,"href":"https:\/\/mouldking.store\/vi\/wp-json\/wp\/v2\/product_tag?post=33725"}],"curies":[{"name":"wp","href":"https:\/\/api.w.org\/{rel}","templated":true}]}}