{"id":33836,"date":"2022-11-03T09:19:47","date_gmt":"2022-11-03T02:19:47","guid":{"rendered":"https:\/\/mouldking.store\/?post_type=product&#038;p=33836"},"modified":"2025-12-25T09:12:23","modified_gmt":"2025-12-25T02:12:23","slug":"moc-97338-yt-2400-freighter-outrider-satos-hammer-playset-with-1817-pieces","status":"publish","type":"product","link":"https:\/\/mouldking.store\/vi\/shop\/moc-97338-yt-2400-freighter-outrider-satos-hammer-playset-with-1817-pieces\/","title":{"rendered":"MOC-97338 YT-2400 M\u00e1y ch\u1edf h\u00e0ng \/ Xe \u0111i\u1ec1u khi\u1ec3n \/ B\u00faa c\u1ee7a Sato \u2013 B\u1ed9 \u0111\u1ed3 ch\u01a1i c\u00f3 1817 m\u1ea3nh gh\u00e9p"},"content":{"rendered":"<p>Th\u00f4ng tin s\u1ea3n ph\u1ea9m:<\/p>\n<ol>\n<li>Th\u01b0\u01a1ng hi\u1ec7u: M\u1ed8C<\/li>\n<li>Gi\u1edbi t\u00ednh: Unisex<\/li>\n<li>Name: YT-2400 Freighter \/ Outrider \/ Sato\u2019s Hammer \u2013 Playset<\/li>\n<li>\u0110\u1ed9 tu\u1ed5i: &gt; 6 tu\u1ed5i<\/li>\n<li>Model Number: 97338<\/li>\n<li>Ph\u00e2n lo\u1ea1i: T\u1eadp h\u1ee3p<\/li>\n<li>H\u00ecnh d\u1ea1ng kh\u1ed1i nh\u1ef1a: G\u1ea1ch t\u1ef1 kh\u00f3a<\/li>\n<li>Ch\u1ea5t li\u1ec7u: Nh\u1ef1a<\/li>\n<li>Lo\u1ea1i nh\u1ef1a: ABS<\/li>\n<li>Bricks Blocks: 1817 PCS<\/li>\n<li>Size: \u00a0245 x 36.8 x 17 cm<\/li>\n<li>Weight:2.01 kg<\/li>\n<li>Ch\u1ee9a h\u01b0\u1edbng d\u1eabn l\u1eafp r\u00e1p chi ti\u1ebft.<\/li>\n<\/ol>\n<p>\u0110\u1ec3 \u00fd:<br \/>\n1. Kh\u00f4ng c\u00f3 h\u1ed9p ban \u0111\u1ea7u, nh\u01b0ng ch\u00fang t\u00f4i \u0111\u1ea3m b\u1ea3o s\u1ea3n ph\u1ea9m c\u1ee7a ch\u00fang t\u00f4i c\u00f3 ch\u1ea5t l\u01b0\u1ee3ng \u0111\u1ea3m b\u1ea3o v\u00e0 bao b\u00ec \u0111\u1eb9p.<br \/>\n2. V\u00ec t\u1ea5t c\u1ea3 c\u00e1c b\u1ed9 ph\u1eadn ch\u00fang t\u00f4i \u0111\u00e3 ki\u1ec3m tra tr\u01b0\u1edbc khi v\u1eadn chuy\u1ec3n, v\u00ec v\u1eady n\u1ebfu b\u1ea1n th\u1ea5y m\u1ed9t s\u1ed1 b\u1ed9 ph\u1eadn b\u1ecb thi\u1ebfu ho\u1eb7c h\u01b0 h\u1ecfng, \u0111\u1eebng lo l\u1eafng v\u00e0 ch\u1ec9 c\u1ea7n vui l\u00f2ng li\u00ean h\u1ec7 v\u1edbi ch\u00fang t\u00f4i v\u00e0 ch\u00fang t\u00f4i c\u00f3 th\u1ec3 g\u1eedi l\u1ea1i mi\u1ec5n ph\u00ed cho b\u1ea1n ngay l\u1eadp t\u1ee9c.<\/p>\n<figure id=\"attachment_33887\" aria-describedby=\"caption-attachment-33887\" style=\"width: 1024px\" class=\"wp-caption aligncenter\"><img fetchpriority=\"high\" decoding=\"async\" class=\"wp-image-33887 size-large\" src=\"https:\/\/mouldking.store\/wp-content\/uploads\/2022\/11\/MOCFACTORY-Product-12-1024x1024.png\" alt=\"MOC-97338 YT-2400 Freighter \/ Outrider \/ Sato\u2019s Hammer \u2013 Playset With 1817 pieces\" width=\"1024\" height=\"1024\" title=\"-\" srcset=\"https:\/\/mouldking.store\/wp-content\/uploads\/2022\/11\/MOCFACTORY-Product-12-1024x1024.png 1024w, https:\/\/mouldking.store\/wp-content\/uploads\/2022\/11\/MOCFACTORY-Product-12-300x300.png 300w, https:\/\/mouldking.store\/wp-content\/uploads\/2022\/11\/MOCFACTORY-Product-12-768x768.png 768w, https:\/\/mouldking.store\/wp-content\/uploads\/2022\/11\/MOCFACTORY-Product-12-600x600.png 600w, https:\/\/mouldking.store\/wp-content\/uploads\/2022\/11\/MOCFACTORY-Product-12-150x150.png 150w, https:\/\/mouldking.store\/wp-content\/uploads\/2022\/11\/MOCFACTORY-Product-12-60x60.png 60w, https:\/\/mouldking.store\/wp-content\/uploads\/2022\/11\/MOCFACTORY-Product-12-90x90.png 90w, https:\/\/mouldking.store\/wp-content\/uploads\/2022\/11\/MOCFACTORY-Product-12.png 1095w\" sizes=\"(max-width: 1024px) 100vw, 1024px\" \/><figcaption id=\"caption-attachment-33887\" class=\"wp-caption-text\">MOC-97338 YT-2400 M\u00e1y ch\u1edf h\u00e0ng \/ Xe \u0111i\u1ec1u khi\u1ec3n \/ B\u00faa c\u1ee7a Sato \u2013 B\u1ed9 \u0111\u1ed3 ch\u01a1i c\u00f3 1817 m\u1ea3nh gh\u00e9p<\/figcaption><\/figure>\n<figure id=\"attachment_33838\" aria-describedby=\"caption-attachment-33838\" style=\"width: 800px\" class=\"wp-caption aligncenter\"><img decoding=\"async\" class=\"wp-image-33838 size-full\" src=\"https:\/\/mouldking.store\/wp-content\/uploads\/2022\/11\/Star-Wars-MOC-97338-YT-2400-Freighter-Outrider-Satos-Hammer-Playset-MOCBRICKLAND-4.jpg\" alt=\"MOC-97338 YT-2400 Freighter \/ Outrider \/ Sato\u2019s Hammer \u2013 Playset With 1817 pieces\" width=\"800\" height=\"800\" title=\"-\" srcset=\"https:\/\/mouldking.store\/wp-content\/uploads\/2022\/11\/Star-Wars-MOC-97338-YT-2400-Freighter-Outrider-Satos-Hammer-Playset-MOCBRICKLAND-4.jpg 800w, https:\/\/mouldking.store\/wp-content\/uploads\/2022\/11\/Star-Wars-MOC-97338-YT-2400-Freighter-Outrider-Satos-Hammer-Playset-MOCBRICKLAND-4-300x300.jpg 300w, https:\/\/mouldking.store\/wp-content\/uploads\/2022\/11\/Star-Wars-MOC-97338-YT-2400-Freighter-Outrider-Satos-Hammer-Playset-MOCBRICKLAND-4-768x768.jpg 768w, https:\/\/mouldking.store\/wp-content\/uploads\/2022\/11\/Star-Wars-MOC-97338-YT-2400-Freighter-Outrider-Satos-Hammer-Playset-MOCBRICKLAND-4-600x600.jpg 600w, https:\/\/mouldking.store\/wp-content\/uploads\/2022\/11\/Star-Wars-MOC-97338-YT-2400-Freighter-Outrider-Satos-Hammer-Playset-MOCBRICKLAND-4-150x150.jpg 150w, https:\/\/mouldking.store\/wp-content\/uploads\/2022\/11\/Star-Wars-MOC-97338-YT-2400-Freighter-Outrider-Satos-Hammer-Playset-MOCBRICKLAND-4-60x60.jpg 60w, https:\/\/mouldking.store\/wp-content\/uploads\/2022\/11\/Star-Wars-MOC-97338-YT-2400-Freighter-Outrider-Satos-Hammer-Playset-MOCBRICKLAND-4-90x90.jpg 90w\" sizes=\"(max-width: 800px) 100vw, 800px\" \/><figcaption id=\"caption-attachment-33838\" class=\"wp-caption-text\">MOC-97338 YT-2400 M\u00e1y ch\u1edf h\u00e0ng \/ Xe \u0111i\u1ec1u khi\u1ec3n \/ B\u00faa c\u1ee7a Sato \u2013 B\u1ed9 \u0111\u1ed3 ch\u01a1i c\u00f3 1817 m\u1ea3nh gh\u00e9p<\/figcaption><\/figure>\n<figure id=\"attachment_33839\" aria-describedby=\"caption-attachment-33839\" style=\"width: 800px\" class=\"wp-caption aligncenter\"><img decoding=\"async\" class=\"wp-image-33839 size-full\" src=\"https:\/\/mouldking.store\/wp-content\/uploads\/2022\/11\/Star-Wars-MOC-97338-YT-2400-Freighter-Outrider-Satos-Hammer-Playset-MOCBRICKLAND-3.jpg\" alt=\"MOC-97338 YT-2400 Freighter \/ Outrider \/ Sato\u2019s Hammer \u2013 Playset With 1817 pieces\" width=\"800\" height=\"800\" title=\"-\" srcset=\"https:\/\/mouldking.store\/wp-content\/uploads\/2022\/11\/Star-Wars-MOC-97338-YT-2400-Freighter-Outrider-Satos-Hammer-Playset-MOCBRICKLAND-3.jpg 800w, https:\/\/mouldking.store\/wp-content\/uploads\/2022\/11\/Star-Wars-MOC-97338-YT-2400-Freighter-Outrider-Satos-Hammer-Playset-MOCBRICKLAND-3-300x300.jpg 300w, https:\/\/mouldking.store\/wp-content\/uploads\/2022\/11\/Star-Wars-MOC-97338-YT-2400-Freighter-Outrider-Satos-Hammer-Playset-MOCBRICKLAND-3-768x768.jpg 768w, https:\/\/mouldking.store\/wp-content\/uploads\/2022\/11\/Star-Wars-MOC-97338-YT-2400-Freighter-Outrider-Satos-Hammer-Playset-MOCBRICKLAND-3-600x600.jpg 600w, https:\/\/mouldking.store\/wp-content\/uploads\/2022\/11\/Star-Wars-MOC-97338-YT-2400-Freighter-Outrider-Satos-Hammer-Playset-MOCBRICKLAND-3-150x150.jpg 150w, https:\/\/mouldking.store\/wp-content\/uploads\/2022\/11\/Star-Wars-MOC-97338-YT-2400-Freighter-Outrider-Satos-Hammer-Playset-MOCBRICKLAND-3-60x60.jpg 60w, https:\/\/mouldking.store\/wp-content\/uploads\/2022\/11\/Star-Wars-MOC-97338-YT-2400-Freighter-Outrider-Satos-Hammer-Playset-MOCBRICKLAND-3-90x90.jpg 90w\" sizes=\"(max-width: 800px) 100vw, 800px\" \/><figcaption id=\"caption-attachment-33839\" class=\"wp-caption-text\">MOC-97338 YT-2400 M\u00e1y ch\u1edf h\u00e0ng \/ Xe \u0111i\u1ec1u khi\u1ec3n \/ B\u00faa c\u1ee7a Sato \u2013 B\u1ed9 \u0111\u1ed3 ch\u01a1i c\u00f3 1817 m\u1ea3nh gh\u00e9p<\/figcaption><\/figure>\n<figure id=\"attachment_33840\" aria-describedby=\"caption-attachment-33840\" style=\"width: 800px\" class=\"wp-caption aligncenter\"><img loading=\"lazy\" decoding=\"async\" class=\"wp-image-33840 size-full\" src=\"https:\/\/mouldking.store\/wp-content\/uploads\/2022\/11\/Star-Wars-MOC-97338-YT-2400-Freighter-Outrider-Satos-Hammer-Playset-MOCBRICKLAND-2.jpg\" alt=\"MOC-97338 YT-2400 Freighter \/ Outrider \/ Sato\u2019s Hammer \u2013 Playset With 1817 pieces\" width=\"800\" height=\"800\" title=\"-\" srcset=\"https:\/\/mouldking.store\/wp-content\/uploads\/2022\/11\/Star-Wars-MOC-97338-YT-2400-Freighter-Outrider-Satos-Hammer-Playset-MOCBRICKLAND-2.jpg 800w, https:\/\/mouldking.store\/wp-content\/uploads\/2022\/11\/Star-Wars-MOC-97338-YT-2400-Freighter-Outrider-Satos-Hammer-Playset-MOCBRICKLAND-2-300x300.jpg 300w, https:\/\/mouldking.store\/wp-content\/uploads\/2022\/11\/Star-Wars-MOC-97338-YT-2400-Freighter-Outrider-Satos-Hammer-Playset-MOCBRICKLAND-2-768x768.jpg 768w, https:\/\/mouldking.store\/wp-content\/uploads\/2022\/11\/Star-Wars-MOC-97338-YT-2400-Freighter-Outrider-Satos-Hammer-Playset-MOCBRICKLAND-2-600x600.jpg 600w, https:\/\/mouldking.store\/wp-content\/uploads\/2022\/11\/Star-Wars-MOC-97338-YT-2400-Freighter-Outrider-Satos-Hammer-Playset-MOCBRICKLAND-2-150x150.jpg 150w, https:\/\/mouldking.store\/wp-content\/uploads\/2022\/11\/Star-Wars-MOC-97338-YT-2400-Freighter-Outrider-Satos-Hammer-Playset-MOCBRICKLAND-2-60x60.jpg 60w, https:\/\/mouldking.store\/wp-content\/uploads\/2022\/11\/Star-Wars-MOC-97338-YT-2400-Freighter-Outrider-Satos-Hammer-Playset-MOCBRICKLAND-2-90x90.jpg 90w\" sizes=\"(max-width: 800px) 100vw, 800px\" \/><figcaption id=\"caption-attachment-33840\" class=\"wp-caption-text\">MOC-97338 YT-2400 M\u00e1y ch\u1edf h\u00e0ng \/ Xe \u0111i\u1ec1u khi\u1ec3n \/ B\u00faa c\u1ee7a Sato \u2013 B\u1ed9 \u0111\u1ed3 ch\u01a1i c\u00f3 1817 m\u1ea3nh gh\u00e9p<\/figcaption><\/figure>\n<figure id=\"attachment_33841\" aria-describedby=\"caption-attachment-33841\" style=\"width: 800px\" class=\"wp-caption aligncenter\"><img loading=\"lazy\" decoding=\"async\" class=\"wp-image-33841 size-full\" src=\"https:\/\/mouldking.store\/wp-content\/uploads\/2022\/11\/Star-Wars-MOC-97338-YT-2400-Freighter-Outrider-Satos-Hammer-Playset-MOCBRICKLAND-5.jpg\" alt=\"MOC-97338 YT-2400 Freighter \/ Outrider \/ Sato\u2019s Hammer \u2013 Playset With 1817 pieces\" width=\"800\" height=\"800\" title=\"-\" srcset=\"https:\/\/mouldking.store\/wp-content\/uploads\/2022\/11\/Star-Wars-MOC-97338-YT-2400-Freighter-Outrider-Satos-Hammer-Playset-MOCBRICKLAND-5.jpg 800w, https:\/\/mouldking.store\/wp-content\/uploads\/2022\/11\/Star-Wars-MOC-97338-YT-2400-Freighter-Outrider-Satos-Hammer-Playset-MOCBRICKLAND-5-300x300.jpg 300w, https:\/\/mouldking.store\/wp-content\/uploads\/2022\/11\/Star-Wars-MOC-97338-YT-2400-Freighter-Outrider-Satos-Hammer-Playset-MOCBRICKLAND-5-768x768.jpg 768w, https:\/\/mouldking.store\/wp-content\/uploads\/2022\/11\/Star-Wars-MOC-97338-YT-2400-Freighter-Outrider-Satos-Hammer-Playset-MOCBRICKLAND-5-600x600.jpg 600w, https:\/\/mouldking.store\/wp-content\/uploads\/2022\/11\/Star-Wars-MOC-97338-YT-2400-Freighter-Outrider-Satos-Hammer-Playset-MOCBRICKLAND-5-150x150.jpg 150w, https:\/\/mouldking.store\/wp-content\/uploads\/2022\/11\/Star-Wars-MOC-97338-YT-2400-Freighter-Outrider-Satos-Hammer-Playset-MOCBRICKLAND-5-60x60.jpg 60w, https:\/\/mouldking.store\/wp-content\/uploads\/2022\/11\/Star-Wars-MOC-97338-YT-2400-Freighter-Outrider-Satos-Hammer-Playset-MOCBRICKLAND-5-90x90.jpg 90w\" sizes=\"(max-width: 800px) 100vw, 800px\" \/><figcaption id=\"caption-attachment-33841\" class=\"wp-caption-text\">MOC-97338 YT-2400 M\u00e1y ch\u1edf h\u00e0ng \/ Xe \u0111i\u1ec1u khi\u1ec3n \/ B\u00faa c\u1ee7a Sato \u2013 B\u1ed9 \u0111\u1ed3 ch\u01a1i c\u00f3 1817 m\u1ea3nh gh\u00e9p<\/figcaption><\/figure>","protected":false},"excerpt":{"rendered":"<p>Product information: Brand: MOC Gender: Unisex Name: YT-2400 Freighter \/ Outrider \/ Sato\u2019s Hammer \u2013 Playset Age Range: &gt; 6 years old Model Number: 97338 Classification: Assemblage Plastic Block Shape: Self-Locking Bricks Material: Plastic Plastic Type: ABS Bricks Blocks: 1817 PCS Size: \u00a0245 x 36.8 x 17 cm Weight:2.01 kg Contains detailed assembly instructions. Notice: [&hellip;]<\/p>","protected":false},"featured_media":33887,"comment_status":"closed","ping_status":"closed","template":"","meta":{"_acf_changed":false},"product_cat":[415],"product_tag":[6552,6550,6549,6553,6555,6554,6551,6556],"class_list":["product","first","instock","shipping-taxable","purchasable","product-type-simple"],"acf":[],"_links":{"self":[{"href":"https:\/\/mouldking.store\/vi\/wp-json\/wp\/v2\/product\/33836","targetHints":{"allow":["GET"]}}],"collection":[{"href":"https:\/\/mouldking.store\/vi\/wp-json\/wp\/v2\/product"}],"about":[{"href":"https:\/\/mouldking.store\/vi\/wp-json\/wp\/v2\/types\/product"}],"replies":[{"embeddable":true,"href":"https:\/\/mouldking.store\/vi\/wp-json\/wp\/v2\/comments?post=33836"}],"wp:featuredmedia":[{"embeddable":true,"href":"https:\/\/mouldking.store\/vi\/wp-json\/wp\/v2\/media\/33887"}],"wp:attachment":[{"href":"https:\/\/mouldking.store\/vi\/wp-json\/wp\/v2\/media?parent=33836"}],"wp:term":[{"taxonomy":"product_cat","embeddable":true,"href":"https:\/\/mouldking.store\/vi\/wp-json\/wp\/v2\/product_cat?post=33836"},{"taxonomy":"product_tag","embeddable":true,"href":"https:\/\/mouldking.store\/vi\/wp-json\/wp\/v2\/product_tag?post=33836"}],"curies":[{"name":"wp","href":"https:\/\/api.w.org\/{rel}","templated":true}]}}