{"id":33925,"date":"2022-11-04T10:16:57","date_gmt":"2022-11-04T03:16:57","guid":{"rendered":"https:\/\/mouldking.store\/?post_type=product&#038;p=33925"},"modified":"2022-11-04T10:16:58","modified_gmt":"2022-11-04T03:16:58","slug":"dk-6010-colorful-plant-with-288-pieces","status":"publish","type":"product","link":"https:\/\/mouldking.store\/vi\/shop\/dk-6010-colorful-plant-with-288-pieces\/","title":{"rendered":"DK 6010 C\u00e2y Nhi\u1ec1u M\u00e0u S\u1eafc V\u1edbi 288 C\u00e1i"},"content":{"rendered":"<p>Th\u00f4ng tin s\u1ea3n ph\u1ea9m:<\/p>\n<ol>\n<li>Th\u01b0\u01a1ng hi\u1ec7u: \u0110K<\/li>\n<li>Gi\u1edbi t\u00ednh: Unisex<\/li>\n<li>Name: Colorful Plant<\/li>\n<li>\u0110\u1ed9 tu\u1ed5i: &gt; 6 tu\u1ed5i<\/li>\n<li>Model Number: 6010<\/li>\n<li>Ph\u00e2n lo\u1ea1i: T\u1eadp h\u1ee3p<\/li>\n<li>H\u00ecnh d\u1ea1ng kh\u1ed1i nh\u1ef1a: G\u1ea1ch t\u1ef1 kh\u00f3a<\/li>\n<li>Ch\u1ea5t li\u1ec7u: Nh\u1ef1a<\/li>\n<li>Lo\u1ea1i nh\u1ef1a: ABS<\/li>\n<li>Bricks Blocks: 288 PCS<\/li>\n<li>Dimensions: 14 \u00d7 11 cm<\/li>\n<li>Ch\u1ee9a h\u01b0\u1edbng d\u1eabn l\u1eafp r\u00e1p chi ti\u1ebft.<\/li>\n<\/ol>\n<p>\u0110\u1ec3 \u00fd:<br \/>\n1. Kh\u00f4ng c\u00f3 h\u1ed9p ban \u0111\u1ea7u, nh\u01b0ng ch\u00fang t\u00f4i \u0111\u1ea3m b\u1ea3o s\u1ea3n ph\u1ea9m c\u1ee7a ch\u00fang t\u00f4i c\u00f3 ch\u1ea5t l\u01b0\u1ee3ng \u0111\u1ea3m b\u1ea3o v\u00e0 bao b\u00ec \u0111\u1eb9p.<br \/>\n2. V\u00ec t\u1ea5t c\u1ea3 c\u00e1c b\u1ed9 ph\u1eadn ch\u00fang t\u00f4i \u0111\u00e3 ki\u1ec3m tra tr\u01b0\u1edbc khi v\u1eadn chuy\u1ec3n, v\u00ec v\u1eady n\u1ebfu b\u1ea1n th\u1ea5y m\u1ed9t s\u1ed1 b\u1ed9 ph\u1eadn b\u1ecb thi\u1ebfu ho\u1eb7c h\u01b0 h\u1ecfng, \u0111\u1eebng lo l\u1eafng v\u00e0 ch\u1ec9 c\u1ea7n vui l\u00f2ng li\u00ean h\u1ec7 v\u1edbi ch\u00fang t\u00f4i v\u00e0 ch\u00fang t\u00f4i c\u00f3 th\u1ec3 g\u1eedi l\u1ea1i mi\u1ec5n ph\u00ed cho b\u1ea1n ngay l\u1eadp t\u1ee9c.<\/p>\n<figure id=\"attachment_33926\" aria-describedby=\"caption-attachment-33926\" style=\"width: 800px\" class=\"wp-caption aligncenter\"><img fetchpriority=\"high\" decoding=\"async\" class=\"wp-image-33926 size-full\" src=\"https:\/\/mouldking.store\/wp-content\/uploads\/2022\/11\/DK6010-1-69d8.jpg\" alt=\"DK 6010 Colorful Plant With 288 Pieces\" width=\"800\" height=\"800\" title=\"-\" srcset=\"https:\/\/mouldking.store\/wp-content\/uploads\/2022\/11\/DK6010-1-69d8.jpg 800w, https:\/\/mouldking.store\/wp-content\/uploads\/2022\/11\/DK6010-1-69d8-300x300.jpg 300w, https:\/\/mouldking.store\/wp-content\/uploads\/2022\/11\/DK6010-1-69d8-768x768.jpg 768w, https:\/\/mouldking.store\/wp-content\/uploads\/2022\/11\/DK6010-1-69d8-600x600.jpg 600w, https:\/\/mouldking.store\/wp-content\/uploads\/2022\/11\/DK6010-1-69d8-150x150.jpg 150w, https:\/\/mouldking.store\/wp-content\/uploads\/2022\/11\/DK6010-1-69d8-60x60.jpg 60w, https:\/\/mouldking.store\/wp-content\/uploads\/2022\/11\/DK6010-1-69d8-90x90.jpg 90w\" sizes=\"(max-width: 800px) 100vw, 800px\" \/><figcaption id=\"caption-attachment-33926\" class=\"wp-caption-text\">DK 6010 C\u00e2y Nhi\u1ec1u M\u00e0u S\u1eafc V\u1edbi 288 C\u00e1i<\/figcaption><\/figure>\n<figure id=\"attachment_33927\" aria-describedby=\"caption-attachment-33927\" style=\"width: 800px\" class=\"wp-caption aligncenter\"><img decoding=\"async\" class=\"wp-image-33927 size-full\" src=\"https:\/\/mouldking.store\/wp-content\/uploads\/2022\/11\/DK6010-3-1726.jpg\" alt=\"DK 6010 Colorful Plant With 288 Pieces\" width=\"800\" height=\"800\" title=\"-\" srcset=\"https:\/\/mouldking.store\/wp-content\/uploads\/2022\/11\/DK6010-3-1726.jpg 800w, https:\/\/mouldking.store\/wp-content\/uploads\/2022\/11\/DK6010-3-1726-300x300.jpg 300w, https:\/\/mouldking.store\/wp-content\/uploads\/2022\/11\/DK6010-3-1726-768x768.jpg 768w, https:\/\/mouldking.store\/wp-content\/uploads\/2022\/11\/DK6010-3-1726-600x600.jpg 600w, https:\/\/mouldking.store\/wp-content\/uploads\/2022\/11\/DK6010-3-1726-150x150.jpg 150w, https:\/\/mouldking.store\/wp-content\/uploads\/2022\/11\/DK6010-3-1726-60x60.jpg 60w, https:\/\/mouldking.store\/wp-content\/uploads\/2022\/11\/DK6010-3-1726-90x90.jpg 90w\" sizes=\"(max-width: 800px) 100vw, 800px\" \/><figcaption id=\"caption-attachment-33927\" class=\"wp-caption-text\">DK 6010 C\u00e2y Nhi\u1ec1u M\u00e0u S\u1eafc V\u1edbi 288 C\u00e1i<\/figcaption><\/figure>\n<figure id=\"attachment_33928\" aria-describedby=\"caption-attachment-33928\" style=\"width: 800px\" class=\"wp-caption aligncenter\"><img decoding=\"async\" class=\"wp-image-33928 size-full\" src=\"https:\/\/mouldking.store\/wp-content\/uploads\/2022\/11\/DK6010-2-1aa8.jpg\" alt=\"DK 6010 Colorful Plant With 288 Pieces\" width=\"800\" height=\"800\" title=\"-\" srcset=\"https:\/\/mouldking.store\/wp-content\/uploads\/2022\/11\/DK6010-2-1aa8.jpg 800w, https:\/\/mouldking.store\/wp-content\/uploads\/2022\/11\/DK6010-2-1aa8-300x300.jpg 300w, https:\/\/mouldking.store\/wp-content\/uploads\/2022\/11\/DK6010-2-1aa8-768x768.jpg 768w, https:\/\/mouldking.store\/wp-content\/uploads\/2022\/11\/DK6010-2-1aa8-600x600.jpg 600w, https:\/\/mouldking.store\/wp-content\/uploads\/2022\/11\/DK6010-2-1aa8-150x150.jpg 150w, https:\/\/mouldking.store\/wp-content\/uploads\/2022\/11\/DK6010-2-1aa8-60x60.jpg 60w, https:\/\/mouldking.store\/wp-content\/uploads\/2022\/11\/DK6010-2-1aa8-90x90.jpg 90w\" sizes=\"(max-width: 800px) 100vw, 800px\" \/><figcaption id=\"caption-attachment-33928\" class=\"wp-caption-text\">DK 6010 C\u00e2y Nhi\u1ec1u M\u00e0u S\u1eafc V\u1edbi 288 C\u00e1i<\/figcaption><\/figure>","protected":false},"excerpt":{"rendered":"<p>Product information: Brand: DK Gender: Unisex Name: Colorful Plant Age Range: &gt; 6 years old Model Number: 6010 Classification: Assemblage Plastic Block Shape: Self-Locking Bricks Material: Plastic Plastic Type: ABS Bricks Blocks: 288 PCS Dimensions: 14 \u00d7 11 cm Contains detailed assembly instructions. Notice: 1. Without an original box, but we guarantee our products have [&hellip;]<\/p>","protected":false},"featured_media":33926,"comment_status":"closed","ping_status":"closed","template":"","meta":{"_acf_changed":false},"product_cat":[1365],"product_tag":[6593,6595,6600,6599,6598,6594],"class_list":["product","first","instock","shipping-taxable","purchasable","product-type-simple"],"acf":[],"_links":{"self":[{"href":"https:\/\/mouldking.store\/vi\/wp-json\/wp\/v2\/product\/33925","targetHints":{"allow":["GET"]}}],"collection":[{"href":"https:\/\/mouldking.store\/vi\/wp-json\/wp\/v2\/product"}],"about":[{"href":"https:\/\/mouldking.store\/vi\/wp-json\/wp\/v2\/types\/product"}],"replies":[{"embeddable":true,"href":"https:\/\/mouldking.store\/vi\/wp-json\/wp\/v2\/comments?post=33925"}],"wp:featuredmedia":[{"embeddable":true,"href":"https:\/\/mouldking.store\/vi\/wp-json\/wp\/v2\/media\/33926"}],"wp:attachment":[{"href":"https:\/\/mouldking.store\/vi\/wp-json\/wp\/v2\/media?parent=33925"}],"wp:term":[{"taxonomy":"product_cat","embeddable":true,"href":"https:\/\/mouldking.store\/vi\/wp-json\/wp\/v2\/product_cat?post=33925"},{"taxonomy":"product_tag","embeddable":true,"href":"https:\/\/mouldking.store\/vi\/wp-json\/wp\/v2\/product_tag?post=33925"}],"curies":[{"name":"wp","href":"https:\/\/api.w.org\/{rel}","templated":true}]}}