{"id":33959,"date":"2022-11-04T11:06:24","date_gmt":"2022-11-04T04:06:24","guid":{"rendered":"https:\/\/mouldking.store\/?post_type=product&#038;p=33959"},"modified":"2022-11-04T11:06:24","modified_gmt":"2022-11-04T04:06:24","slug":"mould-king-15053-red-spider-with-818-pieces","status":"publish","type":"product","link":"https:\/\/mouldking.store\/vi\/shop\/mould-king-15053-red-spider-with-818-pieces\/","title":{"rendered":"KHU\u00d4N KING 15053 Nh\u1ec7n \u0110\u1ecf G\u1ed3m 818 M\u1ea3nh"},"content":{"rendered":"<p>Th\u00f4ng tin s\u1ea3n ph\u1ea9m:<\/p>\n<ol>\n<li>Th\u01b0\u01a1ng hi\u1ec7u: VUA KHU\u00d4N<\/li>\n<li>Gi\u1edbi t\u00ednh: Unisex<\/li>\n<li>T\u00ean:Nh\u1ec7n \u0111\u1ecf<\/li>\n<li>\u0110\u1ed9 tu\u1ed5i: &gt; 6 tu\u1ed5i<\/li>\n<li>S\u1ed1 m\u00f4 h\u00ecnh: 15053<\/li>\n<li>Ph\u00e2n lo\u1ea1i: T\u1eadp h\u1ee3p<\/li>\n<li>H\u00ecnh d\u1ea1ng kh\u1ed1i nh\u1ef1a: G\u1ea1ch t\u1ef1 kh\u00f3a<\/li>\n<li>Ch\u1ea5t li\u1ec7u: Nh\u1ef1a<\/li>\n<li>Lo\u1ea1i nh\u1ef1a: ABS<\/li>\n<li>Kh\u1ed1i g\u1ea1ch: 818 C\u00c1I<\/li>\n<li>K\u00edch th\u01b0\u1edbc: 37,7 \u00d7 21,6 \u00d7 14,4 cm<\/li>\n<li>Ch\u1ee9a h\u01b0\u1edbng d\u1eabn l\u1eafp r\u00e1p chi ti\u1ebft.<\/li>\n<\/ol>\n<p>\u0110\u1ec3 \u00fd:<br \/>\n1. Kh\u00f4ng c\u00f3 h\u1ed9p ban \u0111\u1ea7u, nh\u01b0ng ch\u00fang t\u00f4i \u0111\u1ea3m b\u1ea3o s\u1ea3n ph\u1ea9m c\u1ee7a ch\u00fang t\u00f4i c\u00f3 ch\u1ea5t l\u01b0\u1ee3ng \u0111\u1ea3m b\u1ea3o v\u00e0 bao b\u00ec \u0111\u1eb9p.<br \/>\n2. V\u00ec t\u1ea5t c\u1ea3 c\u00e1c b\u1ed9 ph\u1eadn ch\u00fang t\u00f4i \u0111\u00e3 ki\u1ec3m tra tr\u01b0\u1edbc khi v\u1eadn chuy\u1ec3n, v\u00ec v\u1eady n\u1ebfu b\u1ea1n th\u1ea5y m\u1ed9t s\u1ed1 b\u1ed9 ph\u1eadn b\u1ecb thi\u1ebfu ho\u1eb7c h\u01b0 h\u1ecfng, \u0111\u1eebng lo l\u1eafng v\u00e0 ch\u1ec9 c\u1ea7n vui l\u00f2ng li\u00ean h\u1ec7 v\u1edbi ch\u00fang t\u00f4i v\u00e0 ch\u00fang t\u00f4i c\u00f3 th\u1ec3 g\u1eedi l\u1ea1i mi\u1ec5n ph\u00ed cho b\u1ea1n ngay l\u1eadp t\u1ee9c.<\/p>\n<figure id=\"attachment_33960\" aria-describedby=\"caption-attachment-33960\" style=\"width: 1080px\" class=\"wp-caption aligncenter\"><img fetchpriority=\"high\" decoding=\"async\" class=\"wp-image-33960 size-full\" src=\"https:\/\/mouldking.store\/wp-content\/uploads\/2022\/11\/15053-1-54ca.jpg\" alt=\"MOULD KING 15053 Red Spider With 818 Pieces\" width=\"1080\" height=\"1080\" title=\"-\" srcset=\"https:\/\/mouldking.store\/wp-content\/uploads\/2022\/11\/15053-1-54ca.jpg 1080w, https:\/\/mouldking.store\/wp-content\/uploads\/2022\/11\/15053-1-54ca-300x300.jpg 300w, https:\/\/mouldking.store\/wp-content\/uploads\/2022\/11\/15053-1-54ca-1024x1024.jpg 1024w, https:\/\/mouldking.store\/wp-content\/uploads\/2022\/11\/15053-1-54ca-768x768.jpg 768w, https:\/\/mouldking.store\/wp-content\/uploads\/2022\/11\/15053-1-54ca-600x600.jpg 600w, https:\/\/mouldking.store\/wp-content\/uploads\/2022\/11\/15053-1-54ca-150x150.jpg 150w, https:\/\/mouldking.store\/wp-content\/uploads\/2022\/11\/15053-1-54ca-60x60.jpg 60w, https:\/\/mouldking.store\/wp-content\/uploads\/2022\/11\/15053-1-54ca-90x90.jpg 90w\" sizes=\"(max-width: 1080px) 100vw, 1080px\" \/><figcaption id=\"caption-attachment-33960\" class=\"wp-caption-text\">KHU\u00d4N KING 15053 Nh\u1ec7n \u0110\u1ecf G\u1ed3m 818 M\u1ea3nh<\/figcaption><\/figure>\n<figure id=\"attachment_33961\" aria-describedby=\"caption-attachment-33961\" style=\"width: 1080px\" class=\"wp-caption aligncenter\"><img decoding=\"async\" class=\"wp-image-33961 size-full\" src=\"https:\/\/mouldking.store\/wp-content\/uploads\/2022\/11\/15053-2-6cff.jpg\" alt=\"MOULD KING 15053 Red Spider With 818 Pieces\" width=\"1080\" height=\"1080\" title=\"-\" srcset=\"https:\/\/mouldking.store\/wp-content\/uploads\/2022\/11\/15053-2-6cff.jpg 1080w, https:\/\/mouldking.store\/wp-content\/uploads\/2022\/11\/15053-2-6cff-300x300.jpg 300w, https:\/\/mouldking.store\/wp-content\/uploads\/2022\/11\/15053-2-6cff-1024x1024.jpg 1024w, https:\/\/mouldking.store\/wp-content\/uploads\/2022\/11\/15053-2-6cff-768x768.jpg 768w, https:\/\/mouldking.store\/wp-content\/uploads\/2022\/11\/15053-2-6cff-600x600.jpg 600w, https:\/\/mouldking.store\/wp-content\/uploads\/2022\/11\/15053-2-6cff-150x150.jpg 150w, https:\/\/mouldking.store\/wp-content\/uploads\/2022\/11\/15053-2-6cff-60x60.jpg 60w, https:\/\/mouldking.store\/wp-content\/uploads\/2022\/11\/15053-2-6cff-90x90.jpg 90w\" sizes=\"(max-width: 1080px) 100vw, 1080px\" \/><figcaption id=\"caption-attachment-33961\" class=\"wp-caption-text\">KHU\u00d4N KING 15053 Nh\u1ec7n \u0110\u1ecf G\u1ed3m 818 M\u1ea3nh<\/figcaption><\/figure>","protected":false},"excerpt":{"rendered":"<p>Product information: Brand: MOULD KING Gender: Unisex Name:Red Spider Age Range: &gt; 6 years old Model Number: 15053 Classification: Assemblage Plastic Block Shape: Self-Locking Bricks Material: Plastic Plastic Type: ABS Bricks Blocks: 818 PCS Dimensions: 37.7 \u00d7 21.6 \u00d7 14.4 cm Contains detailed assembly instructions. Notice: 1. Without an original box, but we guarantee our [&hellip;]<\/p>","protected":false},"featured_media":33960,"comment_status":"closed","ping_status":"closed","template":"","meta":{"_acf_changed":false},"product_cat":[371],"product_tag":[6628,615,6631,6627,6629,6630],"class_list":["product","first","instock","shipping-taxable","purchasable","product-type-simple"],"acf":[],"_links":{"self":[{"href":"https:\/\/mouldking.store\/vi\/wp-json\/wp\/v2\/product\/33959","targetHints":{"allow":["GET"]}}],"collection":[{"href":"https:\/\/mouldking.store\/vi\/wp-json\/wp\/v2\/product"}],"about":[{"href":"https:\/\/mouldking.store\/vi\/wp-json\/wp\/v2\/types\/product"}],"replies":[{"embeddable":true,"href":"https:\/\/mouldking.store\/vi\/wp-json\/wp\/v2\/comments?post=33959"}],"wp:featuredmedia":[{"embeddable":true,"href":"https:\/\/mouldking.store\/vi\/wp-json\/wp\/v2\/media\/33960"}],"wp:attachment":[{"href":"https:\/\/mouldking.store\/vi\/wp-json\/wp\/v2\/media?parent=33959"}],"wp:term":[{"taxonomy":"product_cat","embeddable":true,"href":"https:\/\/mouldking.store\/vi\/wp-json\/wp\/v2\/product_cat?post=33959"},{"taxonomy":"product_tag","embeddable":true,"href":"https:\/\/mouldking.store\/vi\/wp-json\/wp\/v2\/product_tag?post=33959"}],"curies":[{"name":"wp","href":"https:\/\/api.w.org\/{rel}","templated":true}]}}