{"id":33994,"date":"2022-11-04T12:13:14","date_gmt":"2022-11-04T05:13:14","guid":{"rendered":"https:\/\/mouldking.store\/?post_type=product&#038;p=33994"},"modified":"2022-11-04T12:13:14","modified_gmt":"2022-11-04T05:13:14","slug":"jaki-1365-christmas-diy-music-box-christmas-fiesta-with-543-pieces","status":"publish","type":"product","link":"https:\/\/mouldking.store\/vi\/shop\/jaki-1365-christmas-diy-music-box-christmas-fiesta-with-543-pieces\/","title":{"rendered":"JAKI 1365 H\u1ed9p Nh\u1ea1c Gi\u00e1ng Sinh DIY L\u1ec5 H\u1ed9i Gi\u00e1ng Sinh V\u1edbi 543 M\u1ea3nh Gh\u00e9p"},"content":{"rendered":"<p>Th\u00f4ng tin s\u1ea3n ph\u1ea9m:<\/p>\n<ol>\n<li>Th\u01b0\u01a1ng hi\u1ec7u: JAKI<\/li>\n<li>Gi\u1edbi t\u00ednh: Unisex<\/li>\n<li>Name: Christmas DIY Music Box Christmas Fiesta<\/li>\n<li>\u0110\u1ed9 tu\u1ed5i: &gt; 6 tu\u1ed5i<\/li>\n<li>Model Number: 1365<\/li>\n<li>Ph\u00e2n lo\u1ea1i: T\u1eadp h\u1ee3p<\/li>\n<li>H\u00ecnh d\u1ea1ng kh\u1ed1i nh\u1ef1a: G\u1ea1ch t\u1ef1 kh\u00f3a<\/li>\n<li>Ch\u1ea5t li\u1ec7u: Nh\u1ef1a<\/li>\n<li>Lo\u1ea1i nh\u1ef1a: ABS<\/li>\n<li>Bricks Blocks: 543 PCS<\/li>\n<li>Dimensions: 19 \u00d7 19 \u00d7 29 cm<\/li>\n<li>Ch\u1ee9a h\u01b0\u1edbng d\u1eabn l\u1eafp r\u00e1p chi ti\u1ebft.<\/li>\n<\/ol>\n<p>\u0110\u1ec3 \u00fd:<br \/>\n1. Kh\u00f4ng c\u00f3 h\u1ed9p ban \u0111\u1ea7u, nh\u01b0ng ch\u00fang t\u00f4i \u0111\u1ea3m b\u1ea3o s\u1ea3n ph\u1ea9m c\u1ee7a ch\u00fang t\u00f4i c\u00f3 ch\u1ea5t l\u01b0\u1ee3ng \u0111\u1ea3m b\u1ea3o v\u00e0 bao b\u00ec \u0111\u1eb9p.<br \/>\n2. V\u00ec t\u1ea5t c\u1ea3 c\u00e1c b\u1ed9 ph\u1eadn ch\u00fang t\u00f4i \u0111\u00e3 ki\u1ec3m tra tr\u01b0\u1edbc khi v\u1eadn chuy\u1ec3n, v\u00ec v\u1eady n\u1ebfu b\u1ea1n th\u1ea5y m\u1ed9t s\u1ed1 b\u1ed9 ph\u1eadn b\u1ecb thi\u1ebfu ho\u1eb7c h\u01b0 h\u1ecfng, \u0111\u1eebng lo l\u1eafng v\u00e0 ch\u1ec9 c\u1ea7n vui l\u00f2ng li\u00ean h\u1ec7 v\u1edbi ch\u00fang t\u00f4i v\u00e0 ch\u00fang t\u00f4i c\u00f3 th\u1ec3 g\u1eedi l\u1ea1i mi\u1ec5n ph\u00ed cho b\u1ea1n ngay l\u1eadp t\u1ee9c.<\/p>\n<figure id=\"attachment_33995\" aria-describedby=\"caption-attachment-33995\" style=\"width: 1000px\" class=\"wp-caption aligncenter\"><img fetchpriority=\"high\" decoding=\"async\" class=\"wp-image-33995 size-full\" src=\"https:\/\/mouldking.store\/wp-content\/uploads\/2022\/11\/JK1365-1-6ec4.jpg\" alt=\"JAKI 1365 Christmas DIY Music Box Christmas Fiesta With 543 Pieces\" width=\"1000\" height=\"1000\" title=\"-\" srcset=\"https:\/\/mouldking.store\/wp-content\/uploads\/2022\/11\/JK1365-1-6ec4.jpg 1000w, https:\/\/mouldking.store\/wp-content\/uploads\/2022\/11\/JK1365-1-6ec4-300x300.jpg 300w, https:\/\/mouldking.store\/wp-content\/uploads\/2022\/11\/JK1365-1-6ec4-768x768.jpg 768w, https:\/\/mouldking.store\/wp-content\/uploads\/2022\/11\/JK1365-1-6ec4-600x600.jpg 600w, https:\/\/mouldking.store\/wp-content\/uploads\/2022\/11\/JK1365-1-6ec4-150x150.jpg 150w, https:\/\/mouldking.store\/wp-content\/uploads\/2022\/11\/JK1365-1-6ec4-60x60.jpg 60w, https:\/\/mouldking.store\/wp-content\/uploads\/2022\/11\/JK1365-1-6ec4-90x90.jpg 90w\" sizes=\"(max-width: 1000px) 100vw, 1000px\" \/><figcaption id=\"caption-attachment-33995\" class=\"wp-caption-text\">JAKI 1365 H\u1ed9p Nh\u1ea1c Gi\u00e1ng Sinh DIY L\u1ec5 H\u1ed9i Gi\u00e1ng Sinh V\u1edbi 543 M\u1ea3nh Gh\u00e9p<\/figcaption><\/figure>\n<figure id=\"attachment_33996\" aria-describedby=\"caption-attachment-33996\" style=\"width: 1000px\" class=\"wp-caption aligncenter\"><img decoding=\"async\" class=\"wp-image-33996 size-full\" src=\"https:\/\/mouldking.store\/wp-content\/uploads\/2022\/11\/JK1365-2-496d.jpg\" alt=\"JAKI 1365 Christmas DIY Music Box Christmas Fiesta With 543 Pieces\" width=\"1000\" height=\"1000\" title=\"-\" srcset=\"https:\/\/mouldking.store\/wp-content\/uploads\/2022\/11\/JK1365-2-496d.jpg 1000w, https:\/\/mouldking.store\/wp-content\/uploads\/2022\/11\/JK1365-2-496d-300x300.jpg 300w, https:\/\/mouldking.store\/wp-content\/uploads\/2022\/11\/JK1365-2-496d-768x768.jpg 768w, https:\/\/mouldking.store\/wp-content\/uploads\/2022\/11\/JK1365-2-496d-600x600.jpg 600w, https:\/\/mouldking.store\/wp-content\/uploads\/2022\/11\/JK1365-2-496d-150x150.jpg 150w, https:\/\/mouldking.store\/wp-content\/uploads\/2022\/11\/JK1365-2-496d-60x60.jpg 60w, https:\/\/mouldking.store\/wp-content\/uploads\/2022\/11\/JK1365-2-496d-90x90.jpg 90w\" sizes=\"(max-width: 1000px) 100vw, 1000px\" \/><figcaption id=\"caption-attachment-33996\" class=\"wp-caption-text\">JAKI 1365 H\u1ed9p Nh\u1ea1c Gi\u00e1ng Sinh DIY L\u1ec5 H\u1ed9i Gi\u00e1ng Sinh V\u1edbi 543 M\u1ea3nh Gh\u00e9p<\/figcaption><\/figure>\n<figure id=\"attachment_33997\" aria-describedby=\"caption-attachment-33997\" style=\"width: 1000px\" class=\"wp-caption aligncenter\"><img decoding=\"async\" class=\"wp-image-33997 size-full\" src=\"https:\/\/mouldking.store\/wp-content\/uploads\/2022\/11\/JK1365-3-e049.jpg\" alt=\"JAKI 1365 Christmas DIY Music Box Christmas Fiesta With 543 Pieces\" width=\"1000\" height=\"1000\" title=\"-\" srcset=\"https:\/\/mouldking.store\/wp-content\/uploads\/2022\/11\/JK1365-3-e049.jpg 1000w, https:\/\/mouldking.store\/wp-content\/uploads\/2022\/11\/JK1365-3-e049-300x300.jpg 300w, https:\/\/mouldking.store\/wp-content\/uploads\/2022\/11\/JK1365-3-e049-768x768.jpg 768w, https:\/\/mouldking.store\/wp-content\/uploads\/2022\/11\/JK1365-3-e049-600x600.jpg 600w, https:\/\/mouldking.store\/wp-content\/uploads\/2022\/11\/JK1365-3-e049-150x150.jpg 150w, https:\/\/mouldking.store\/wp-content\/uploads\/2022\/11\/JK1365-3-e049-60x60.jpg 60w, https:\/\/mouldking.store\/wp-content\/uploads\/2022\/11\/JK1365-3-e049-90x90.jpg 90w\" sizes=\"(max-width: 1000px) 100vw, 1000px\" \/><figcaption id=\"caption-attachment-33997\" class=\"wp-caption-text\">JAKI 1365 H\u1ed9p Nh\u1ea1c Gi\u00e1ng Sinh DIY L\u1ec5 H\u1ed9i Gi\u00e1ng Sinh V\u1edbi 543 M\u1ea3nh Gh\u00e9p<\/figcaption><\/figure>\n<figure id=\"attachment_33998\" aria-describedby=\"caption-attachment-33998\" style=\"width: 1000px\" class=\"wp-caption aligncenter\"><img loading=\"lazy\" decoding=\"async\" class=\"wp-image-33998 size-full\" src=\"https:\/\/mouldking.store\/wp-content\/uploads\/2022\/11\/JK1365-4-7d15.jpg\" alt=\"JAKI 1365 Christmas DIY Music Box Christmas Fiesta With 543 Pieces\" width=\"1000\" height=\"1000\" title=\"-\" srcset=\"https:\/\/mouldking.store\/wp-content\/uploads\/2022\/11\/JK1365-4-7d15.jpg 1000w, https:\/\/mouldking.store\/wp-content\/uploads\/2022\/11\/JK1365-4-7d15-300x300.jpg 300w, https:\/\/mouldking.store\/wp-content\/uploads\/2022\/11\/JK1365-4-7d15-768x768.jpg 768w, https:\/\/mouldking.store\/wp-content\/uploads\/2022\/11\/JK1365-4-7d15-600x600.jpg 600w, https:\/\/mouldking.store\/wp-content\/uploads\/2022\/11\/JK1365-4-7d15-150x150.jpg 150w, https:\/\/mouldking.store\/wp-content\/uploads\/2022\/11\/JK1365-4-7d15-60x60.jpg 60w, https:\/\/mouldking.store\/wp-content\/uploads\/2022\/11\/JK1365-4-7d15-90x90.jpg 90w\" sizes=\"(max-width: 1000px) 100vw, 1000px\" \/><figcaption id=\"caption-attachment-33998\" class=\"wp-caption-text\">JAKI 1365 H\u1ed9p Nh\u1ea1c Gi\u00e1ng Sinh DIY L\u1ec5 H\u1ed9i Gi\u00e1ng Sinh V\u1edbi 543 M\u1ea3nh Gh\u00e9p<\/figcaption><\/figure>\n<figure id=\"attachment_33999\" aria-describedby=\"caption-attachment-33999\" style=\"width: 1000px\" class=\"wp-caption aligncenter\"><img loading=\"lazy\" decoding=\"async\" class=\"wp-image-33999 size-full\" src=\"https:\/\/mouldking.store\/wp-content\/uploads\/2022\/11\/JK1365-5-29be.jpg\" alt=\"JAKI 1365 Christmas DIY Music Box Christmas Fiesta With 543 Pieces\" width=\"1000\" height=\"1000\" title=\"-\" srcset=\"https:\/\/mouldking.store\/wp-content\/uploads\/2022\/11\/JK1365-5-29be.jpg 1000w, https:\/\/mouldking.store\/wp-content\/uploads\/2022\/11\/JK1365-5-29be-300x300.jpg 300w, https:\/\/mouldking.store\/wp-content\/uploads\/2022\/11\/JK1365-5-29be-768x768.jpg 768w, https:\/\/mouldking.store\/wp-content\/uploads\/2022\/11\/JK1365-5-29be-600x600.jpg 600w, https:\/\/mouldking.store\/wp-content\/uploads\/2022\/11\/JK1365-5-29be-150x150.jpg 150w, https:\/\/mouldking.store\/wp-content\/uploads\/2022\/11\/JK1365-5-29be-60x60.jpg 60w, https:\/\/mouldking.store\/wp-content\/uploads\/2022\/11\/JK1365-5-29be-90x90.jpg 90w\" sizes=\"(max-width: 1000px) 100vw, 1000px\" \/><figcaption id=\"caption-attachment-33999\" class=\"wp-caption-text\">JAKI 1365 H\u1ed9p Nh\u1ea1c Gi\u00e1ng Sinh DIY L\u1ec5 H\u1ed9i Gi\u00e1ng Sinh V\u1edbi 543 M\u1ea3nh Gh\u00e9p<\/figcaption><\/figure>","protected":false},"excerpt":{"rendered":"<p>Product information: Brand: JAKI Gender: Unisex Name: Christmas DIY Music Box Christmas Fiesta Age Range: &gt; 6 years old Model Number: 1365 Classification: Assemblage Plastic Block Shape: Self-Locking Bricks Material: Plastic Plastic Type: ABS Bricks Blocks: 543 PCS Dimensions: 19 \u00d7 19 \u00d7 29 cm Contains detailed assembly instructions. Notice: 1. Without an original box, [&hellip;]<\/p>","protected":false},"featured_media":33995,"comment_status":"closed","ping_status":"closed","template":"","meta":{"_acf_changed":false},"product_cat":[1365],"product_tag":[6670,1066,6672,6673,6671,6440,6674,6669,1370],"class_list":["product","first","instock","shipping-taxable","purchasable","product-type-simple"],"acf":[],"_links":{"self":[{"href":"https:\/\/mouldking.store\/vi\/wp-json\/wp\/v2\/product\/33994","targetHints":{"allow":["GET"]}}],"collection":[{"href":"https:\/\/mouldking.store\/vi\/wp-json\/wp\/v2\/product"}],"about":[{"href":"https:\/\/mouldking.store\/vi\/wp-json\/wp\/v2\/types\/product"}],"replies":[{"embeddable":true,"href":"https:\/\/mouldking.store\/vi\/wp-json\/wp\/v2\/comments?post=33994"}],"wp:featuredmedia":[{"embeddable":true,"href":"https:\/\/mouldking.store\/vi\/wp-json\/wp\/v2\/media\/33995"}],"wp:attachment":[{"href":"https:\/\/mouldking.store\/vi\/wp-json\/wp\/v2\/media?parent=33994"}],"wp:term":[{"taxonomy":"product_cat","embeddable":true,"href":"https:\/\/mouldking.store\/vi\/wp-json\/wp\/v2\/product_cat?post=33994"},{"taxonomy":"product_tag","embeddable":true,"href":"https:\/\/mouldking.store\/vi\/wp-json\/wp\/v2\/product_tag?post=33994"}],"curies":[{"name":"wp","href":"https:\/\/api.w.org\/{rel}","templated":true}]}}