{"id":34023,"date":"2022-11-04T14:31:11","date_gmt":"2022-11-04T07:31:11","guid":{"rendered":"https:\/\/mouldking.store\/?post_type=product&#038;p=34023"},"modified":"2025-12-25T09:12:23","modified_gmt":"2025-12-25T02:12:23","slug":"moc-71446-juno-jupiter-polar-orbiter-with-1267-pieces","status":"publish","type":"product","link":"https:\/\/mouldking.store\/vi\/shop\/moc-71446-juno-jupiter-polar-orbiter-with-1267-pieces\/","title":{"rendered":"MOC-71446 Juno (Jupiter Polar Orbiter) V\u1edbi 1267 M\u1ea3nh gh\u00e9p"},"content":{"rendered":"<p>Th\u00f4ng tin s\u1ea3n ph\u1ea9m:<\/p>\n<ol>\n<li>Th\u01b0\u01a1ng hi\u1ec7u: M\u1ed8C<\/li>\n<li>Gi\u1edbi t\u00ednh: Unisex<\/li>\n<li>Name: Juno (Jupiter Polar Orbiter)<\/li>\n<li>\u0110\u1ed9 tu\u1ed5i: &gt; 6 tu\u1ed5i<\/li>\n<li>Model Number: 71446<\/li>\n<li>Ph\u00e2n lo\u1ea1i: T\u1eadp h\u1ee3p<\/li>\n<li>H\u00ecnh d\u1ea1ng kh\u1ed1i nh\u1ef1a: G\u1ea1ch t\u1ef1 kh\u00f3a<\/li>\n<li>Ch\u1ea5t li\u1ec7u: Nh\u1ef1a<\/li>\n<li>Lo\u1ea1i nh\u1ef1a: ABS<\/li>\n<li>Bricks Blocks: 1267 PCS<\/li>\n<li>Size: 48\u00d720.8x64cm<\/li>\n<li>Ch\u1ee9a h\u01b0\u1edbng d\u1eabn l\u1eafp r\u00e1p chi ti\u1ebft.<\/li>\n<\/ol>\n<p>\u0110\u1ec3 \u00fd:<br \/>\n1. Kh\u00f4ng c\u00f3 h\u1ed9p ban \u0111\u1ea7u, nh\u01b0ng ch\u00fang t\u00f4i \u0111\u1ea3m b\u1ea3o s\u1ea3n ph\u1ea9m c\u1ee7a ch\u00fang t\u00f4i c\u00f3 ch\u1ea5t l\u01b0\u1ee3ng \u0111\u1ea3m b\u1ea3o v\u00e0 bao b\u00ec \u0111\u1eb9p.<br \/>\n2. V\u00ec t\u1ea5t c\u1ea3 c\u00e1c b\u1ed9 ph\u1eadn ch\u00fang t\u00f4i \u0111\u00e3 ki\u1ec3m tra tr\u01b0\u1edbc khi v\u1eadn chuy\u1ec3n, v\u00ec v\u1eady n\u1ebfu b\u1ea1n th\u1ea5y m\u1ed9t s\u1ed1 b\u1ed9 ph\u1eadn b\u1ecb thi\u1ebfu ho\u1eb7c h\u01b0 h\u1ecfng, \u0111\u1eebng lo l\u1eafng v\u00e0 ch\u1ec9 c\u1ea7n vui l\u00f2ng li\u00ean h\u1ec7 v\u1edbi ch\u00fang t\u00f4i v\u00e0 ch\u00fang t\u00f4i c\u00f3 th\u1ec3 g\u1eedi l\u1ea1i mi\u1ec5n ph\u00ed cho b\u1ea1n ngay l\u1eadp t\u1ee9c.<\/p>\n<figure id=\"attachment_34028\" aria-describedby=\"caption-attachment-34028\" style=\"width: 1024px\" class=\"wp-caption aligncenter\"><img fetchpriority=\"high\" decoding=\"async\" class=\"wp-image-34028 size-large\" src=\"https:\/\/mouldking.store\/wp-content\/uploads\/2022\/11\/MOCFACTORY-Product-20-1024x1024.png\" alt=\"MOC-71446 Juno (Jupiter Polar Orbiter) With 1267 Pieces\" width=\"1024\" height=\"1024\" title=\"-\" srcset=\"https:\/\/mouldking.store\/wp-content\/uploads\/2022\/11\/MOCFACTORY-Product-20-1024x1024.png 1024w, https:\/\/mouldking.store\/wp-content\/uploads\/2022\/11\/MOCFACTORY-Product-20-300x300.png 300w, https:\/\/mouldking.store\/wp-content\/uploads\/2022\/11\/MOCFACTORY-Product-20-768x768.png 768w, https:\/\/mouldking.store\/wp-content\/uploads\/2022\/11\/MOCFACTORY-Product-20-600x600.png 600w, https:\/\/mouldking.store\/wp-content\/uploads\/2022\/11\/MOCFACTORY-Product-20-150x150.png 150w, https:\/\/mouldking.store\/wp-content\/uploads\/2022\/11\/MOCFACTORY-Product-20-60x60.png 60w, https:\/\/mouldking.store\/wp-content\/uploads\/2022\/11\/MOCFACTORY-Product-20-90x90.png 90w, https:\/\/mouldking.store\/wp-content\/uploads\/2022\/11\/MOCFACTORY-Product-20.png 1095w\" sizes=\"(max-width: 1024px) 100vw, 1024px\" \/><figcaption id=\"caption-attachment-34028\" class=\"wp-caption-text\">MOC-71446 Juno (Jupiter Polar Orbiter) V\u1edbi 1267 M\u1ea3nh gh\u00e9p<\/figcaption><\/figure>\n<figure id=\"attachment_34025\" aria-describedby=\"caption-attachment-34025\" style=\"width: 768px\" class=\"wp-caption aligncenter\"><img decoding=\"async\" class=\"wp-image-34025 size-full\" src=\"https:\/\/mouldking.store\/wp-content\/uploads\/2022\/11\/c9174-4.png\" alt=\"MOC-71446 Juno (Jupiter Polar Orbiter) With 1267 Pieces\" width=\"768\" height=\"1024\" title=\"-\" srcset=\"https:\/\/mouldking.store\/wp-content\/uploads\/2022\/11\/c9174-4.png 768w, https:\/\/mouldking.store\/wp-content\/uploads\/2022\/11\/c9174-4-225x300.png 225w, https:\/\/mouldking.store\/wp-content\/uploads\/2022\/11\/c9174-4-300x400.png 300w, https:\/\/mouldking.store\/wp-content\/uploads\/2022\/11\/c9174-4-600x800.png 600w, https:\/\/mouldking.store\/wp-content\/uploads\/2022\/11\/c9174-4-113x150.png 113w, https:\/\/mouldking.store\/wp-content\/uploads\/2022\/11\/c9174-4-45x60.png 45w, https:\/\/mouldking.store\/wp-content\/uploads\/2022\/11\/c9174-4-68x90.png 68w\" sizes=\"(max-width: 768px) 100vw, 768px\" \/><figcaption id=\"caption-attachment-34025\" class=\"wp-caption-text\">MOC-71446 Juno (Jupiter Polar Orbiter) V\u1edbi 1267 M\u1ea3nh gh\u00e9p<\/figcaption><\/figure>\n<figure id=\"attachment_34026\" aria-describedby=\"caption-attachment-34026\" style=\"width: 768px\" class=\"wp-caption aligncenter\"><img decoding=\"async\" class=\"wp-image-34026 size-full\" src=\"https:\/\/mouldking.store\/wp-content\/uploads\/2022\/11\/c9174-3.png\" alt=\"MOC-71446 Juno (Jupiter Polar Orbiter) With 1267 Pieces\" width=\"768\" height=\"1024\" title=\"-\" srcset=\"https:\/\/mouldking.store\/wp-content\/uploads\/2022\/11\/c9174-3.png 768w, https:\/\/mouldking.store\/wp-content\/uploads\/2022\/11\/c9174-3-225x300.png 225w, https:\/\/mouldking.store\/wp-content\/uploads\/2022\/11\/c9174-3-300x400.png 300w, https:\/\/mouldking.store\/wp-content\/uploads\/2022\/11\/c9174-3-600x800.png 600w, https:\/\/mouldking.store\/wp-content\/uploads\/2022\/11\/c9174-3-113x150.png 113w, https:\/\/mouldking.store\/wp-content\/uploads\/2022\/11\/c9174-3-45x60.png 45w, https:\/\/mouldking.store\/wp-content\/uploads\/2022\/11\/c9174-3-68x90.png 68w\" sizes=\"(max-width: 768px) 100vw, 768px\" \/><figcaption id=\"caption-attachment-34026\" class=\"wp-caption-text\">MOC-71446 Juno (Jupiter Polar Orbiter) V\u1edbi 1267 M\u1ea3nh gh\u00e9p<\/figcaption><\/figure>\n<figure id=\"attachment_34027\" aria-describedby=\"caption-attachment-34027\" style=\"width: 768px\" class=\"wp-caption aligncenter\"><img loading=\"lazy\" decoding=\"async\" class=\"wp-image-34027 size-full\" src=\"https:\/\/mouldking.store\/wp-content\/uploads\/2022\/11\/c9174-2.png\" alt=\"MOC-71446 Juno (Jupiter Polar Orbiter) With 1267 Pieces\" width=\"768\" height=\"1024\" title=\"-\" srcset=\"https:\/\/mouldking.store\/wp-content\/uploads\/2022\/11\/c9174-2.png 768w, https:\/\/mouldking.store\/wp-content\/uploads\/2022\/11\/c9174-2-225x300.png 225w, https:\/\/mouldking.store\/wp-content\/uploads\/2022\/11\/c9174-2-300x400.png 300w, https:\/\/mouldking.store\/wp-content\/uploads\/2022\/11\/c9174-2-600x800.png 600w, https:\/\/mouldking.store\/wp-content\/uploads\/2022\/11\/c9174-2-113x150.png 113w, https:\/\/mouldking.store\/wp-content\/uploads\/2022\/11\/c9174-2-45x60.png 45w, https:\/\/mouldking.store\/wp-content\/uploads\/2022\/11\/c9174-2-68x90.png 68w\" sizes=\"(max-width: 768px) 100vw, 768px\" \/><figcaption id=\"caption-attachment-34027\" class=\"wp-caption-text\">MOC-71446 Juno (Jupiter Polar Orbiter) V\u1edbi 1267 M\u1ea3nh gh\u00e9p<\/figcaption><\/figure>","protected":false},"excerpt":{"rendered":"<p>Product information: Brand: MOC Gender: Unisex Name: Juno (Jupiter Polar Orbiter) Age Range: &gt; 6 years old Model Number: 71446 Classification: Assemblage Plastic Block Shape: Self-Locking Bricks Material: Plastic Plastic Type: ABS Bricks Blocks: 1267 PCS Size: 48\u00d720.8x64cm Contains detailed assembly instructions. Notice: 1. Without an original box, but we guarantee our products have quality [&hellip;]<\/p>","protected":false},"featured_media":34028,"comment_status":"closed","ping_status":"closed","template":"","meta":{"_acf_changed":false},"product_cat":[6016],"product_tag":[6698,6700,6701,6699,6697,6696],"class_list":["product","first","instock","shipping-taxable","purchasable","product-type-simple"],"acf":[],"_links":{"self":[{"href":"https:\/\/mouldking.store\/vi\/wp-json\/wp\/v2\/product\/34023","targetHints":{"allow":["GET"]}}],"collection":[{"href":"https:\/\/mouldking.store\/vi\/wp-json\/wp\/v2\/product"}],"about":[{"href":"https:\/\/mouldking.store\/vi\/wp-json\/wp\/v2\/types\/product"}],"replies":[{"embeddable":true,"href":"https:\/\/mouldking.store\/vi\/wp-json\/wp\/v2\/comments?post=34023"}],"wp:featuredmedia":[{"embeddable":true,"href":"https:\/\/mouldking.store\/vi\/wp-json\/wp\/v2\/media\/34028"}],"wp:attachment":[{"href":"https:\/\/mouldking.store\/vi\/wp-json\/wp\/v2\/media?parent=34023"}],"wp:term":[{"taxonomy":"product_cat","embeddable":true,"href":"https:\/\/mouldking.store\/vi\/wp-json\/wp\/v2\/product_cat?post=34023"},{"taxonomy":"product_tag","embeddable":true,"href":"https:\/\/mouldking.store\/vi\/wp-json\/wp\/v2\/product_tag?post=34023"}],"curies":[{"name":"wp","href":"https:\/\/api.w.org\/{rel}","templated":true}]}}