{"id":34107,"date":"2022-11-04T16:47:45","date_gmt":"2022-11-04T09:47:45","guid":{"rendered":"https:\/\/mouldking.store\/?post_type=product&#038;p=34107"},"modified":"2025-12-25T09:12:22","modified_gmt":"2025-12-25T02:12:22","slug":"moc-116421-griffon-machina-with-452-pieces","status":"publish","type":"product","link":"https:\/\/mouldking.store\/vi\/shop\/moc-116421-griffon-machina-with-452-pieces\/","title":{"rendered":"MOC-116421 Griffon Machina v\u1edbi 452 chi ti\u1ebft"},"content":{"rendered":"<p>Th\u00f4ng tin s\u1ea3n ph\u1ea9m:<\/p>\n<ol>\n<li>Th\u01b0\u01a1ng hi\u1ec7u: M\u1ed8C<\/li>\n<li>Gi\u1edbi t\u00ednh: Unisex<\/li>\n<li>Name: Griffon Machina<\/li>\n<li>Model Number: 116421<\/li>\n<li>Age Range: &gt; 6<\/li>\n<li>Ph\u00e2n lo\u1ea1i: T\u1eadp h\u1ee3p<\/li>\n<li>H\u00ecnh d\u1ea1ng kh\u1ed1i nh\u1ef1a: G\u1ea1ch t\u1ef1 kh\u00f3a<\/li>\n<li>Ch\u1ea5t li\u1ec7u: Nh\u1ef1a<\/li>\n<li>Lo\u1ea1i nh\u1ef1a: ABS<\/li>\n<li>Bricks Blocks:452 PCS<\/li>\n<li>Size: 20 x 16 x 18 cm<\/li>\n<li>Weight:0.24 kg<\/li>\n<li>Ch\u1ee9a h\u01b0\u1edbng d\u1eabn l\u1eafp r\u00e1p chi ti\u1ebft.<\/li>\n<\/ol>\n<p>\u0110\u1ec3 \u00fd:<br \/>\n1. Kh\u00f4ng c\u00f3 h\u1ed9p ban \u0111\u1ea7u, nh\u01b0ng ch\u00fang t\u00f4i \u0111\u1ea3m b\u1ea3o s\u1ea3n ph\u1ea9m c\u1ee7a ch\u00fang t\u00f4i c\u00f3 ch\u1ea5t l\u01b0\u1ee3ng \u0111\u1ea3m b\u1ea3o v\u00e0 bao b\u00ec \u0111\u1eb9p.<br \/>\n2. V\u00ec t\u1ea5t c\u1ea3 c\u00e1c b\u1ed9 ph\u1eadn ch\u00fang t\u00f4i \u0111\u00e3 ki\u1ec3m tra tr\u01b0\u1edbc khi v\u1eadn chuy\u1ec3n, v\u00ec v\u1eady n\u1ebfu b\u1ea1n th\u1ea5y m\u1ed9t s\u1ed1 b\u1ed9 ph\u1eadn b\u1ecb thi\u1ebfu ho\u1eb7c h\u01b0 h\u1ecfng, \u0111\u1eebng lo l\u1eafng v\u00e0 ch\u1ec9 c\u1ea7n vui l\u00f2ng li\u00ean h\u1ec7 v\u1edbi ch\u00fang t\u00f4i v\u00e0 ch\u00fang t\u00f4i c\u00f3 th\u1ec3 g\u1eedi l\u1ea1i mi\u1ec5n ph\u00ed cho b\u1ea1n ngay l\u1eadp t\u1ee9c.<\/p>\n<figure id=\"attachment_34108\" aria-describedby=\"caption-attachment-34108\" style=\"width: 1024px\" class=\"wp-caption aligncenter\"><img fetchpriority=\"high\" decoding=\"async\" class=\"wp-image-34108 size-large\" src=\"https:\/\/mouldking.store\/wp-content\/uploads\/2022\/11\/MOCFACTORY-Product-32-1024x1024.png\" alt=\"MOC-116421 Griffon Machina With 452 Pieces\" width=\"1024\" height=\"1024\" title=\"-\" srcset=\"https:\/\/mouldking.store\/wp-content\/uploads\/2022\/11\/MOCFACTORY-Product-32-1024x1024.png 1024w, https:\/\/mouldking.store\/wp-content\/uploads\/2022\/11\/MOCFACTORY-Product-32-300x300.png 300w, https:\/\/mouldking.store\/wp-content\/uploads\/2022\/11\/MOCFACTORY-Product-32-768x768.png 768w, https:\/\/mouldking.store\/wp-content\/uploads\/2022\/11\/MOCFACTORY-Product-32-600x600.png 600w, https:\/\/mouldking.store\/wp-content\/uploads\/2022\/11\/MOCFACTORY-Product-32-150x150.png 150w, https:\/\/mouldking.store\/wp-content\/uploads\/2022\/11\/MOCFACTORY-Product-32-60x60.png 60w, https:\/\/mouldking.store\/wp-content\/uploads\/2022\/11\/MOCFACTORY-Product-32-90x90.png 90w, https:\/\/mouldking.store\/wp-content\/uploads\/2022\/11\/MOCFACTORY-Product-32.png 1095w\" sizes=\"(max-width: 1024px) 100vw, 1024px\" \/><figcaption id=\"caption-attachment-34108\" class=\"wp-caption-text\">MOC-116421 Griffon Machina v\u1edbi 452 chi ti\u1ebft<\/figcaption><\/figure>\n<figure id=\"attachment_34109\" aria-describedby=\"caption-attachment-34109\" style=\"width: 1000px\" class=\"wp-caption aligncenter\"><img decoding=\"async\" class=\"wp-image-34109 size-full\" src=\"https:\/\/mouldking.store\/wp-content\/uploads\/2022\/11\/C9098-1.jpg\" alt=\"MOC-116421 Griffon Machina With 452 Pieces\" width=\"1000\" height=\"1000\" title=\"-\" srcset=\"https:\/\/mouldking.store\/wp-content\/uploads\/2022\/11\/C9098-1.jpg 1000w, https:\/\/mouldking.store\/wp-content\/uploads\/2022\/11\/C9098-1-300x300.jpg 300w, https:\/\/mouldking.store\/wp-content\/uploads\/2022\/11\/C9098-1-768x768.jpg 768w, https:\/\/mouldking.store\/wp-content\/uploads\/2022\/11\/C9098-1-600x600.jpg 600w, https:\/\/mouldking.store\/wp-content\/uploads\/2022\/11\/C9098-1-150x150.jpg 150w, https:\/\/mouldking.store\/wp-content\/uploads\/2022\/11\/C9098-1-60x60.jpg 60w, https:\/\/mouldking.store\/wp-content\/uploads\/2022\/11\/C9098-1-90x90.jpg 90w\" sizes=\"(max-width: 1000px) 100vw, 1000px\" \/><figcaption id=\"caption-attachment-34109\" class=\"wp-caption-text\">MOC-116421 Griffon Machina v\u1edbi 452 chi ti\u1ebft<\/figcaption><\/figure>\n<figure id=\"attachment_34110\" aria-describedby=\"caption-attachment-34110\" style=\"width: 1000px\" class=\"wp-caption aligncenter\"><img decoding=\"async\" class=\"wp-image-34110 size-full\" src=\"https:\/\/mouldking.store\/wp-content\/uploads\/2022\/11\/C9098-2.jpg\" alt=\"MOC-116421 Griffon Machina With 452 Pieces\" width=\"1000\" height=\"1000\" title=\"-\" srcset=\"https:\/\/mouldking.store\/wp-content\/uploads\/2022\/11\/C9098-2.jpg 1000w, https:\/\/mouldking.store\/wp-content\/uploads\/2022\/11\/C9098-2-300x300.jpg 300w, https:\/\/mouldking.store\/wp-content\/uploads\/2022\/11\/C9098-2-768x768.jpg 768w, https:\/\/mouldking.store\/wp-content\/uploads\/2022\/11\/C9098-2-600x600.jpg 600w, https:\/\/mouldking.store\/wp-content\/uploads\/2022\/11\/C9098-2-150x150.jpg 150w, https:\/\/mouldking.store\/wp-content\/uploads\/2022\/11\/C9098-2-60x60.jpg 60w, https:\/\/mouldking.store\/wp-content\/uploads\/2022\/11\/C9098-2-90x90.jpg 90w\" sizes=\"(max-width: 1000px) 100vw, 1000px\" \/><figcaption id=\"caption-attachment-34110\" class=\"wp-caption-text\">MOC-116421 Griffon Machina v\u1edbi 452 chi ti\u1ebft<\/figcaption><\/figure>\n<figure id=\"attachment_34111\" aria-describedby=\"caption-attachment-34111\" style=\"width: 300px\" class=\"wp-caption aligncenter\"><img loading=\"lazy\" decoding=\"async\" class=\"wp-image-34111\" src=\"https:\/\/mouldking.store\/wp-content\/uploads\/2022\/11\/C9098-3-300x300.jpg\" alt=\"MOC-116421 Griffon Machina With 452 Pieces\" width=\"300\" height=\"300\" title=\"-\" srcset=\"https:\/\/mouldking.store\/wp-content\/uploads\/2022\/11\/C9098-3-300x300.jpg 300w, https:\/\/mouldking.store\/wp-content\/uploads\/2022\/11\/C9098-3-768x768.jpg 768w, https:\/\/mouldking.store\/wp-content\/uploads\/2022\/11\/C9098-3-600x600.jpg 600w, https:\/\/mouldking.store\/wp-content\/uploads\/2022\/11\/C9098-3-150x150.jpg 150w, https:\/\/mouldking.store\/wp-content\/uploads\/2022\/11\/C9098-3-60x60.jpg 60w, https:\/\/mouldking.store\/wp-content\/uploads\/2022\/11\/C9098-3-90x90.jpg 90w, https:\/\/mouldking.store\/wp-content\/uploads\/2022\/11\/C9098-3.jpg 1000w\" sizes=\"(max-width: 300px) 100vw, 300px\" \/><figcaption id=\"caption-attachment-34111\" class=\"wp-caption-text\">MOC-116421 Griffon Machina v\u1edbi 452 chi ti\u1ebft<\/figcaption><\/figure>\n<figure id=\"attachment_34112\" aria-describedby=\"caption-attachment-34112\" style=\"width: 1000px\" class=\"wp-caption aligncenter\"><img loading=\"lazy\" decoding=\"async\" class=\"wp-image-34112 size-full\" src=\"https:\/\/mouldking.store\/wp-content\/uploads\/2022\/11\/C9098-4.jpg\" alt=\"MOC-116421 Griffon Machina With 452 Pieces\" width=\"1000\" height=\"1000\" title=\"-\" srcset=\"https:\/\/mouldking.store\/wp-content\/uploads\/2022\/11\/C9098-4.jpg 1000w, https:\/\/mouldking.store\/wp-content\/uploads\/2022\/11\/C9098-4-300x300.jpg 300w, https:\/\/mouldking.store\/wp-content\/uploads\/2022\/11\/C9098-4-768x768.jpg 768w, https:\/\/mouldking.store\/wp-content\/uploads\/2022\/11\/C9098-4-600x600.jpg 600w, https:\/\/mouldking.store\/wp-content\/uploads\/2022\/11\/C9098-4-150x150.jpg 150w, https:\/\/mouldking.store\/wp-content\/uploads\/2022\/11\/C9098-4-60x60.jpg 60w, https:\/\/mouldking.store\/wp-content\/uploads\/2022\/11\/C9098-4-90x90.jpg 90w\" sizes=\"(max-width: 1000px) 100vw, 1000px\" \/><figcaption id=\"caption-attachment-34112\" class=\"wp-caption-text\">MOC-116421 Griffon Machina v\u1edbi 452 chi ti\u1ebft<\/figcaption><\/figure>","protected":false},"excerpt":{"rendered":"<p>Product information: Brand: MOC Gender: Unisex Name: Griffon Machina Model Number: 116421 Age Range: &gt; 6 Classification: Assemblage Plastic Block Shape: Self-Locking Bricks Material: Plastic Plastic Type: ABS Bricks Blocks:452 PCS Size: 20 x 16 x 18 cm Weight:0.24 kg Contains detailed assembly instructions. Notice: 1. Without an original box, but we guarantee our products [&hellip;]<\/p>","protected":false},"featured_media":34108,"comment_status":"closed","ping_status":"closed","template":"","meta":{"_acf_changed":false},"product_cat":[1365],"product_tag":[6755,6756,6754,6757,6753],"class_list":["product","first","instock","shipping-taxable","purchasable","product-type-simple"],"acf":[],"_links":{"self":[{"href":"https:\/\/mouldking.store\/vi\/wp-json\/wp\/v2\/product\/34107","targetHints":{"allow":["GET"]}}],"collection":[{"href":"https:\/\/mouldking.store\/vi\/wp-json\/wp\/v2\/product"}],"about":[{"href":"https:\/\/mouldking.store\/vi\/wp-json\/wp\/v2\/types\/product"}],"replies":[{"embeddable":true,"href":"https:\/\/mouldking.store\/vi\/wp-json\/wp\/v2\/comments?post=34107"}],"wp:featuredmedia":[{"embeddable":true,"href":"https:\/\/mouldking.store\/vi\/wp-json\/wp\/v2\/media\/34108"}],"wp:attachment":[{"href":"https:\/\/mouldking.store\/vi\/wp-json\/wp\/v2\/media?parent=34107"}],"wp:term":[{"taxonomy":"product_cat","embeddable":true,"href":"https:\/\/mouldking.store\/vi\/wp-json\/wp\/v2\/product_cat?post=34107"},{"taxonomy":"product_tag","embeddable":true,"href":"https:\/\/mouldking.store\/vi\/wp-json\/wp\/v2\/product_tag?post=34107"}],"curies":[{"name":"wp","href":"https:\/\/api.w.org\/{rel}","templated":true}]}}