{"id":34168,"date":"2022-11-05T11:07:42","date_gmt":"2022-11-05T04:07:42","guid":{"rendered":"https:\/\/mouldking.store\/?post_type=product&#038;p=34168"},"modified":"2022-11-05T11:07:42","modified_gmt":"2022-11-05T04:07:42","slug":"52toys-bb-25cl-stegosaur","status":"publish","type":"product","link":"https:\/\/mouldking.store\/vi\/shop\/52toys-bb-25cl-stegosaur\/","title":{"rendered":"52\u0110\u1ed2 CH\u01a0I BB-25CL CHI\u1ebeN BINH"},"content":{"rendered":"<p>Th\u00f4ng tin s\u1ea3n ph\u1ea9m:<\/p>\n<ol>\n<li>Th\u01b0\u01a1ng hi\u1ec7u: 52TOYS<\/li>\n<li>Gi\u1edbi t\u00ednh: Unisex<\/li>\n<li>Name: STEGOSAUR<\/li>\n<li>\u0110\u1ed9 tu\u1ed5i: &gt; 6 tu\u1ed5i<\/li>\n<li>Model Number: BB-25CL<\/li>\n<li>Ph\u00e2n lo\u1ea1i: T\u1eadp h\u1ee3p<\/li>\n<li>H\u00ecnh d\u1ea1ng kh\u1ed1i nh\u1ef1a: G\u1ea1ch t\u1ef1 kh\u00f3a<\/li>\n<li>Ch\u1ea5t li\u1ec7u: Nh\u1ef1a<\/li>\n<li>Lo\u1ea1i nh\u1ef1a: ABS<\/li>\n<li>K\u00edch th\u01b0\u1edbc: 15cm<\/li>\n<li>Ch\u1ee9a h\u01b0\u1edbng d\u1eabn l\u1eafp r\u00e1p chi ti\u1ebft.<\/li>\n<\/ol>\n<p>\u0110\u1ec3 \u00fd:<br \/>\n1. Kh\u00f4ng c\u00f3 h\u1ed9p ban \u0111\u1ea7u, nh\u01b0ng ch\u00fang t\u00f4i \u0111\u1ea3m b\u1ea3o s\u1ea3n ph\u1ea9m c\u1ee7a ch\u00fang t\u00f4i c\u00f3 ch\u1ea5t l\u01b0\u1ee3ng \u0111\u1ea3m b\u1ea3o v\u00e0 bao b\u00ec \u0111\u1eb9p.<br \/>\n2. V\u00ec t\u1ea5t c\u1ea3 c\u00e1c b\u1ed9 ph\u1eadn ch\u00fang t\u00f4i \u0111\u00e3 ki\u1ec3m tra tr\u01b0\u1edbc khi v\u1eadn chuy\u1ec3n, v\u00ec v\u1eady n\u1ebfu b\u1ea1n th\u1ea5y m\u1ed9t s\u1ed1 b\u1ed9 ph\u1eadn b\u1ecb thi\u1ebfu ho\u1eb7c h\u01b0 h\u1ecfng, \u0111\u1eebng lo l\u1eafng v\u00e0 ch\u1ec9 c\u1ea7n vui l\u00f2ng li\u00ean h\u1ec7 v\u1edbi ch\u00fang t\u00f4i v\u00e0 ch\u00fang t\u00f4i c\u00f3 th\u1ec3 g\u1eedi l\u1ea1i mi\u1ec5n ph\u00ed cho b\u1ea1n ngay l\u1eadp t\u1ee9c.<\/p>\n<figure id=\"attachment_34169\" aria-describedby=\"caption-attachment-34169\" style=\"width: 800px\" class=\"wp-caption aligncenter\"><img fetchpriority=\"high\" decoding=\"async\" class=\"wp-image-34169 size-full\" src=\"https:\/\/mouldking.store\/wp-content\/uploads\/2022\/11\/2TOYS-BB-25CL-6.jpg\" alt=\"52TOYS BB-25CL STEGOSAUR\" width=\"800\" height=\"800\" title=\"-\" srcset=\"https:\/\/mouldking.store\/wp-content\/uploads\/2022\/11\/2TOYS-BB-25CL-6.jpg 800w, https:\/\/mouldking.store\/wp-content\/uploads\/2022\/11\/2TOYS-BB-25CL-6-300x300.jpg 300w, https:\/\/mouldking.store\/wp-content\/uploads\/2022\/11\/2TOYS-BB-25CL-6-768x768.jpg 768w, https:\/\/mouldking.store\/wp-content\/uploads\/2022\/11\/2TOYS-BB-25CL-6-600x600.jpg 600w, https:\/\/mouldking.store\/wp-content\/uploads\/2022\/11\/2TOYS-BB-25CL-6-150x150.jpg 150w, https:\/\/mouldking.store\/wp-content\/uploads\/2022\/11\/2TOYS-BB-25CL-6-60x60.jpg 60w, https:\/\/mouldking.store\/wp-content\/uploads\/2022\/11\/2TOYS-BB-25CL-6-90x90.jpg 90w\" sizes=\"(max-width: 800px) 100vw, 800px\" \/><figcaption id=\"caption-attachment-34169\" class=\"wp-caption-text\">52\u0110\u1ed2 CH\u01a0I BB-25CL CHI\u1ebeN BINH<\/figcaption><\/figure>\n<figure id=\"attachment_34170\" aria-describedby=\"caption-attachment-34170\" style=\"width: 770px\" class=\"wp-caption aligncenter\"><img decoding=\"async\" class=\"wp-image-34170 size-full\" src=\"https:\/\/mouldking.store\/wp-content\/uploads\/2022\/11\/2TOYS-BB-25CL-5.jpg\" alt=\"52TOYS BB-25CL STEGOSAUR\" width=\"770\" height=\"1024\" title=\"-\" srcset=\"https:\/\/mouldking.store\/wp-content\/uploads\/2022\/11\/2TOYS-BB-25CL-5.jpg 770w, https:\/\/mouldking.store\/wp-content\/uploads\/2022\/11\/2TOYS-BB-25CL-5-226x300.jpg 226w, https:\/\/mouldking.store\/wp-content\/uploads\/2022\/11\/2TOYS-BB-25CL-5-768x1021.jpg 768w, https:\/\/mouldking.store\/wp-content\/uploads\/2022\/11\/2TOYS-BB-25CL-5-300x399.jpg 300w, https:\/\/mouldking.store\/wp-content\/uploads\/2022\/11\/2TOYS-BB-25CL-5-600x798.jpg 600w, https:\/\/mouldking.store\/wp-content\/uploads\/2022\/11\/2TOYS-BB-25CL-5-113x150.jpg 113w, https:\/\/mouldking.store\/wp-content\/uploads\/2022\/11\/2TOYS-BB-25CL-5-45x60.jpg 45w, https:\/\/mouldking.store\/wp-content\/uploads\/2022\/11\/2TOYS-BB-25CL-5-68x90.jpg 68w\" sizes=\"(max-width: 770px) 100vw, 770px\" \/><figcaption id=\"caption-attachment-34170\" class=\"wp-caption-text\">52\u0110\u1ed2 CH\u01a0I BB-25CL CHI\u1ebeN BINH<\/figcaption><\/figure>\n<figure id=\"attachment_34171\" aria-describedby=\"caption-attachment-34171\" style=\"width: 717px\" class=\"wp-caption aligncenter\"><img decoding=\"async\" class=\"wp-image-34171 size-full\" src=\"https:\/\/mouldking.store\/wp-content\/uploads\/2022\/11\/2TOYS-BB-25CL-4.jpg\" alt=\"52TOYS BB-25CL STEGOSAUR\" width=\"717\" height=\"1024\" title=\"-\" srcset=\"https:\/\/mouldking.store\/wp-content\/uploads\/2022\/11\/2TOYS-BB-25CL-4.jpg 717w, https:\/\/mouldking.store\/wp-content\/uploads\/2022\/11\/2TOYS-BB-25CL-4-210x300.jpg 210w, https:\/\/mouldking.store\/wp-content\/uploads\/2022\/11\/2TOYS-BB-25CL-4-300x428.jpg 300w, https:\/\/mouldking.store\/wp-content\/uploads\/2022\/11\/2TOYS-BB-25CL-4-600x857.jpg 600w, https:\/\/mouldking.store\/wp-content\/uploads\/2022\/11\/2TOYS-BB-25CL-4-105x150.jpg 105w, https:\/\/mouldking.store\/wp-content\/uploads\/2022\/11\/2TOYS-BB-25CL-4-42x60.jpg 42w, https:\/\/mouldking.store\/wp-content\/uploads\/2022\/11\/2TOYS-BB-25CL-4-63x90.jpg 63w\" sizes=\"(max-width: 717px) 100vw, 717px\" \/><figcaption id=\"caption-attachment-34171\" class=\"wp-caption-text\">52\u0110\u1ed2 CH\u01a0I BB-25CL CHI\u1ebeN BINH<\/figcaption><\/figure>\n<figure id=\"attachment_34172\" aria-describedby=\"caption-attachment-34172\" style=\"width: 800px\" class=\"wp-caption aligncenter\"><img loading=\"lazy\" decoding=\"async\" class=\"wp-image-34172 size-full\" src=\"https:\/\/mouldking.store\/wp-content\/uploads\/2022\/11\/2TOYS-BB-25CL-3.jpg\" alt=\"52TOYS BB-25CL STEGOSAUR\" width=\"800\" height=\"800\" title=\"-\" srcset=\"https:\/\/mouldking.store\/wp-content\/uploads\/2022\/11\/2TOYS-BB-25CL-3.jpg 800w, https:\/\/mouldking.store\/wp-content\/uploads\/2022\/11\/2TOYS-BB-25CL-3-300x300.jpg 300w, https:\/\/mouldking.store\/wp-content\/uploads\/2022\/11\/2TOYS-BB-25CL-3-768x768.jpg 768w, https:\/\/mouldking.store\/wp-content\/uploads\/2022\/11\/2TOYS-BB-25CL-3-600x600.jpg 600w, https:\/\/mouldking.store\/wp-content\/uploads\/2022\/11\/2TOYS-BB-25CL-3-150x150.jpg 150w, https:\/\/mouldking.store\/wp-content\/uploads\/2022\/11\/2TOYS-BB-25CL-3-60x60.jpg 60w, https:\/\/mouldking.store\/wp-content\/uploads\/2022\/11\/2TOYS-BB-25CL-3-90x90.jpg 90w\" sizes=\"(max-width: 800px) 100vw, 800px\" \/><figcaption id=\"caption-attachment-34172\" class=\"wp-caption-text\">52\u0110\u1ed2 CH\u01a0I BB-25CL CHI\u1ebeN BINH<\/figcaption><\/figure>\n<figure id=\"attachment_34173\" aria-describedby=\"caption-attachment-34173\" style=\"width: 800px\" class=\"wp-caption aligncenter\"><img loading=\"lazy\" decoding=\"async\" class=\"wp-image-34173 size-full\" src=\"https:\/\/mouldking.store\/wp-content\/uploads\/2022\/11\/2TOYS-BB-25CL-2.jpg\" alt=\"52TOYS BB-25CL STEGOSAUR\" width=\"800\" height=\"800\" title=\"-\" srcset=\"https:\/\/mouldking.store\/wp-content\/uploads\/2022\/11\/2TOYS-BB-25CL-2.jpg 800w, https:\/\/mouldking.store\/wp-content\/uploads\/2022\/11\/2TOYS-BB-25CL-2-300x300.jpg 300w, https:\/\/mouldking.store\/wp-content\/uploads\/2022\/11\/2TOYS-BB-25CL-2-768x768.jpg 768w, https:\/\/mouldking.store\/wp-content\/uploads\/2022\/11\/2TOYS-BB-25CL-2-600x600.jpg 600w, https:\/\/mouldking.store\/wp-content\/uploads\/2022\/11\/2TOYS-BB-25CL-2-150x150.jpg 150w, https:\/\/mouldking.store\/wp-content\/uploads\/2022\/11\/2TOYS-BB-25CL-2-60x60.jpg 60w, https:\/\/mouldking.store\/wp-content\/uploads\/2022\/11\/2TOYS-BB-25CL-2-90x90.jpg 90w\" sizes=\"(max-width: 800px) 100vw, 800px\" \/><figcaption id=\"caption-attachment-34173\" class=\"wp-caption-text\">52\u0110\u1ed2 CH\u01a0I BB-25CL CHI\u1ebeN BINH<\/figcaption><\/figure>\n<figure id=\"attachment_34174\" aria-describedby=\"caption-attachment-34174\" style=\"width: 800px\" class=\"wp-caption aligncenter\"><img loading=\"lazy\" decoding=\"async\" class=\"wp-image-34174 size-full\" src=\"https:\/\/mouldking.store\/wp-content\/uploads\/2022\/11\/2TOYS-BB-25CL.jpg\" alt=\"52TOYS BB-25CL STEGOSAUR\" width=\"800\" height=\"800\" title=\"-\" srcset=\"https:\/\/mouldking.store\/wp-content\/uploads\/2022\/11\/2TOYS-BB-25CL.jpg 800w, https:\/\/mouldking.store\/wp-content\/uploads\/2022\/11\/2TOYS-BB-25CL-300x300.jpg 300w, https:\/\/mouldking.store\/wp-content\/uploads\/2022\/11\/2TOYS-BB-25CL-768x768.jpg 768w, https:\/\/mouldking.store\/wp-content\/uploads\/2022\/11\/2TOYS-BB-25CL-600x600.jpg 600w, https:\/\/mouldking.store\/wp-content\/uploads\/2022\/11\/2TOYS-BB-25CL-150x150.jpg 150w, https:\/\/mouldking.store\/wp-content\/uploads\/2022\/11\/2TOYS-BB-25CL-60x60.jpg 60w, https:\/\/mouldking.store\/wp-content\/uploads\/2022\/11\/2TOYS-BB-25CL-90x90.jpg 90w\" sizes=\"(max-width: 800px) 100vw, 800px\" \/><figcaption id=\"caption-attachment-34174\" class=\"wp-caption-text\">52\u0110\u1ed2 CH\u01a0I BB-25CL CHI\u1ebeN BINH<\/figcaption><\/figure>","protected":false},"excerpt":{"rendered":"<p>Product information: Brand: 52TOYS Gender: Unisex Name: STEGOSAUR Age Range: &gt; 6 years old Model Number: BB-25CL Classification: Assemblage Plastic Block Shape: Self-Locking Bricks Material: Plastic Plastic Type: ABS Size: 15 cm Contains detailed assembly instructions. Notice: 1. Without an original box, but we guarantee our products have quality assurance and nice packaging. 2. As [&hellip;]<\/p>","protected":false},"featured_media":34169,"comment_status":"closed","ping_status":"closed","template":"","meta":{"_acf_changed":false},"product_cat":[1408],"product_tag":[6179,6809,6806,6807,6808],"class_list":["product","first","instock","shipping-taxable","purchasable","product-type-simple"],"acf":[],"_links":{"self":[{"href":"https:\/\/mouldking.store\/vi\/wp-json\/wp\/v2\/product\/34168","targetHints":{"allow":["GET"]}}],"collection":[{"href":"https:\/\/mouldking.store\/vi\/wp-json\/wp\/v2\/product"}],"about":[{"href":"https:\/\/mouldking.store\/vi\/wp-json\/wp\/v2\/types\/product"}],"replies":[{"embeddable":true,"href":"https:\/\/mouldking.store\/vi\/wp-json\/wp\/v2\/comments?post=34168"}],"wp:featuredmedia":[{"embeddable":true,"href":"https:\/\/mouldking.store\/vi\/wp-json\/wp\/v2\/media\/34169"}],"wp:attachment":[{"href":"https:\/\/mouldking.store\/vi\/wp-json\/wp\/v2\/media?parent=34168"}],"wp:term":[{"taxonomy":"product_cat","embeddable":true,"href":"https:\/\/mouldking.store\/vi\/wp-json\/wp\/v2\/product_cat?post=34168"},{"taxonomy":"product_tag","embeddable":true,"href":"https:\/\/mouldking.store\/vi\/wp-json\/wp\/v2\/product_tag?post=34168"}],"curies":[{"name":"wp","href":"https:\/\/api.w.org\/{rel}","templated":true}]}}