{"id":34214,"date":"2022-11-07T09:31:43","date_gmt":"2022-11-07T02:31:43","guid":{"rendered":"https:\/\/mouldking.store\/?post_type=product&#038;p=34214"},"modified":"2022-11-07T09:31:43","modified_gmt":"2022-11-07T02:31:43","slug":"52toys-bb-20bt-benger","status":"publish","type":"product","link":"https:\/\/mouldking.store\/vi\/shop\/52toys-bb-20bt-benger\/","title":{"rendered":"52\u0110\u1ed2 CH\u01a0I BB-20BT BENGER"},"content":{"rendered":"<p>Th\u00f4ng tin s\u1ea3n ph\u1ea9m:<\/p>\n<ol>\n<li>Th\u01b0\u01a1ng hi\u1ec7u: 52TOYS<\/li>\n<li>Gi\u1edbi t\u00ednh: Unisex<\/li>\n<li>T\u00ean: BENGER<\/li>\n<li>\u0110\u1ed9 tu\u1ed5i: &gt; 6 tu\u1ed5i<\/li>\n<li>S\u1ed1 m\u00f4 h\u00ecnh: BB-20BT<\/li>\n<li>Ph\u00e2n lo\u1ea1i: T\u1eadp h\u1ee3p<\/li>\n<li>H\u00ecnh d\u1ea1ng kh\u1ed1i nh\u1ef1a: G\u1ea1ch t\u1ef1 kh\u00f3a<\/li>\n<li>Ch\u1ea5t li\u1ec7u: Nh\u1ef1a<\/li>\n<li>Lo\u1ea1i nh\u1ef1a: ABS<\/li>\n<li>K\u00edch th\u01b0\u1edbc: 10,5cm<\/li>\n<li>Ch\u1ee9a h\u01b0\u1edbng d\u1eabn l\u1eafp r\u00e1p chi ti\u1ebft.<\/li>\n<\/ol>\n<p>\u0110\u1ec3 \u00fd:<br \/>\n1. Kh\u00f4ng c\u00f3 h\u1ed9p ban \u0111\u1ea7u, nh\u01b0ng ch\u00fang t\u00f4i \u0111\u1ea3m b\u1ea3o s\u1ea3n ph\u1ea9m c\u1ee7a ch\u00fang t\u00f4i c\u00f3 ch\u1ea5t l\u01b0\u1ee3ng \u0111\u1ea3m b\u1ea3o v\u00e0 bao b\u00ec \u0111\u1eb9p.<br \/>\n2. V\u00ec t\u1ea5t c\u1ea3 c\u00e1c b\u1ed9 ph\u1eadn ch\u00fang t\u00f4i \u0111\u00e3 ki\u1ec3m tra tr\u01b0\u1edbc khi v\u1eadn chuy\u1ec3n, v\u00ec v\u1eady n\u1ebfu b\u1ea1n th\u1ea5y m\u1ed9t s\u1ed1 b\u1ed9 ph\u1eadn b\u1ecb thi\u1ebfu ho\u1eb7c h\u01b0 h\u1ecfng, \u0111\u1eebng lo l\u1eafng v\u00e0 ch\u1ec9 c\u1ea7n vui l\u00f2ng li\u00ean h\u1ec7 v\u1edbi ch\u00fang t\u00f4i v\u00e0 ch\u00fang t\u00f4i c\u00f3 th\u1ec3 g\u1eedi l\u1ea1i mi\u1ec5n ph\u00ed cho b\u1ea1n ngay l\u1eadp t\u1ee9c.<\/p>\n<figure id=\"attachment_34215\" aria-describedby=\"caption-attachment-34215\" style=\"width: 800px\" class=\"wp-caption aligncenter\"><img fetchpriority=\"high\" decoding=\"async\" class=\"wp-image-34215 size-full\" src=\"https:\/\/mouldking.store\/wp-content\/uploads\/2022\/11\/52TOYS-BB-20BT-6.jpg\" alt=\"52TOYS BB-20BT BENGER \" width=\"800\" height=\"800\" title=\"-\" srcset=\"https:\/\/mouldking.store\/wp-content\/uploads\/2022\/11\/52TOYS-BB-20BT-6.jpg 800w, https:\/\/mouldking.store\/wp-content\/uploads\/2022\/11\/52TOYS-BB-20BT-6-300x300.jpg 300w, https:\/\/mouldking.store\/wp-content\/uploads\/2022\/11\/52TOYS-BB-20BT-6-768x768.jpg 768w, https:\/\/mouldking.store\/wp-content\/uploads\/2022\/11\/52TOYS-BB-20BT-6-600x600.jpg 600w, https:\/\/mouldking.store\/wp-content\/uploads\/2022\/11\/52TOYS-BB-20BT-6-150x150.jpg 150w, https:\/\/mouldking.store\/wp-content\/uploads\/2022\/11\/52TOYS-BB-20BT-6-60x60.jpg 60w, https:\/\/mouldking.store\/wp-content\/uploads\/2022\/11\/52TOYS-BB-20BT-6-90x90.jpg 90w\" sizes=\"(max-width: 800px) 100vw, 800px\" \/><figcaption id=\"caption-attachment-34215\" class=\"wp-caption-text\">52\u0110\u1ed2 CH\u01a0I BB-20BT BENGER<\/figcaption><\/figure>\n<figure id=\"attachment_34216\" aria-describedby=\"caption-attachment-34216\" style=\"width: 750px\" class=\"wp-caption aligncenter\"><img decoding=\"async\" class=\"wp-image-34216 size-full\" src=\"https:\/\/mouldking.store\/wp-content\/uploads\/2022\/11\/52TOYS-BB-20BT-5.jpg\" alt=\"52TOYS BB-20BT BENGER \" width=\"750\" height=\"1000\" title=\"-\" srcset=\"https:\/\/mouldking.store\/wp-content\/uploads\/2022\/11\/52TOYS-BB-20BT-5.jpg 750w, https:\/\/mouldking.store\/wp-content\/uploads\/2022\/11\/52TOYS-BB-20BT-5-225x300.jpg 225w, https:\/\/mouldking.store\/wp-content\/uploads\/2022\/11\/52TOYS-BB-20BT-5-300x400.jpg 300w, https:\/\/mouldking.store\/wp-content\/uploads\/2022\/11\/52TOYS-BB-20BT-5-600x800.jpg 600w, https:\/\/mouldking.store\/wp-content\/uploads\/2022\/11\/52TOYS-BB-20BT-5-113x150.jpg 113w, https:\/\/mouldking.store\/wp-content\/uploads\/2022\/11\/52TOYS-BB-20BT-5-45x60.jpg 45w, https:\/\/mouldking.store\/wp-content\/uploads\/2022\/11\/52TOYS-BB-20BT-5-68x90.jpg 68w\" sizes=\"(max-width: 750px) 100vw, 750px\" \/><figcaption id=\"caption-attachment-34216\" class=\"wp-caption-text\">52\u0110\u1ed2 CH\u01a0I BB-20BT BENGER<\/figcaption><\/figure>\n<figure id=\"attachment_34217\" aria-describedby=\"caption-attachment-34217\" style=\"width: 1004px\" class=\"wp-caption aligncenter\"><img decoding=\"async\" class=\"wp-image-34217 size-full\" src=\"https:\/\/mouldking.store\/wp-content\/uploads\/2022\/11\/52TOYS-BB-20BT-4.jpg\" alt=\"52TOYS BB-20BT BENGER \" width=\"1004\" height=\"1024\" title=\"-\" srcset=\"https:\/\/mouldking.store\/wp-content\/uploads\/2022\/11\/52TOYS-BB-20BT-4.jpg 1004w, https:\/\/mouldking.store\/wp-content\/uploads\/2022\/11\/52TOYS-BB-20BT-4-294x300.jpg 294w, https:\/\/mouldking.store\/wp-content\/uploads\/2022\/11\/52TOYS-BB-20BT-4-768x783.jpg 768w, https:\/\/mouldking.store\/wp-content\/uploads\/2022\/11\/52TOYS-BB-20BT-4-300x306.jpg 300w, https:\/\/mouldking.store\/wp-content\/uploads\/2022\/11\/52TOYS-BB-20BT-4-600x612.jpg 600w, https:\/\/mouldking.store\/wp-content\/uploads\/2022\/11\/52TOYS-BB-20BT-4-147x150.jpg 147w, https:\/\/mouldking.store\/wp-content\/uploads\/2022\/11\/52TOYS-BB-20BT-4-59x60.jpg 59w, https:\/\/mouldking.store\/wp-content\/uploads\/2022\/11\/52TOYS-BB-20BT-4-88x90.jpg 88w\" sizes=\"(max-width: 1004px) 100vw, 1004px\" \/><figcaption id=\"caption-attachment-34217\" class=\"wp-caption-text\">52\u0110\u1ed2 CH\u01a0I BB-20BT BENGER<\/figcaption><\/figure>\n<figure id=\"attachment_34218\" aria-describedby=\"caption-attachment-34218\" style=\"width: 1024px\" class=\"wp-caption aligncenter\"><img loading=\"lazy\" decoding=\"async\" class=\"wp-image-34218 size-full\" src=\"https:\/\/mouldking.store\/wp-content\/uploads\/2022\/11\/52TOYS-BB-20BT-3.jpg\" alt=\"52TOYS BB-20BT BENGER \" width=\"1024\" height=\"956\" title=\"-\" srcset=\"https:\/\/mouldking.store\/wp-content\/uploads\/2022\/11\/52TOYS-BB-20BT-3.jpg 1024w, https:\/\/mouldking.store\/wp-content\/uploads\/2022\/11\/52TOYS-BB-20BT-3-300x280.jpg 300w, https:\/\/mouldking.store\/wp-content\/uploads\/2022\/11\/52TOYS-BB-20BT-3-768x717.jpg 768w, https:\/\/mouldking.store\/wp-content\/uploads\/2022\/11\/52TOYS-BB-20BT-3-600x560.jpg 600w, https:\/\/mouldking.store\/wp-content\/uploads\/2022\/11\/52TOYS-BB-20BT-3-150x140.jpg 150w, https:\/\/mouldking.store\/wp-content\/uploads\/2022\/11\/52TOYS-BB-20BT-3-64x60.jpg 64w, https:\/\/mouldking.store\/wp-content\/uploads\/2022\/11\/52TOYS-BB-20BT-3-96x90.jpg 96w\" sizes=\"(max-width: 1024px) 100vw, 1024px\" \/><figcaption id=\"caption-attachment-34218\" class=\"wp-caption-text\">52\u0110\u1ed2 CH\u01a0I BB-20BT BENGER<\/figcaption><\/figure>\n<figure id=\"attachment_34219\" aria-describedby=\"caption-attachment-34219\" style=\"width: 1024px\" class=\"wp-caption aligncenter\"><img loading=\"lazy\" decoding=\"async\" class=\"wp-image-34219 size-full\" src=\"https:\/\/mouldking.store\/wp-content\/uploads\/2022\/11\/52TOYS-BB-20BT-2.jpg\" alt=\"52TOYS BB-20BT BENGER \" width=\"1024\" height=\"796\" title=\"-\" srcset=\"https:\/\/mouldking.store\/wp-content\/uploads\/2022\/11\/52TOYS-BB-20BT-2.jpg 1024w, https:\/\/mouldking.store\/wp-content\/uploads\/2022\/11\/52TOYS-BB-20BT-2-300x233.jpg 300w, https:\/\/mouldking.store\/wp-content\/uploads\/2022\/11\/52TOYS-BB-20BT-2-768x597.jpg 768w, https:\/\/mouldking.store\/wp-content\/uploads\/2022\/11\/52TOYS-BB-20BT-2-600x466.jpg 600w, https:\/\/mouldking.store\/wp-content\/uploads\/2022\/11\/52TOYS-BB-20BT-2-150x117.jpg 150w, https:\/\/mouldking.store\/wp-content\/uploads\/2022\/11\/52TOYS-BB-20BT-2-77x60.jpg 77w, https:\/\/mouldking.store\/wp-content\/uploads\/2022\/11\/52TOYS-BB-20BT-2-116x90.jpg 116w\" sizes=\"(max-width: 1024px) 100vw, 1024px\" \/><figcaption id=\"caption-attachment-34219\" class=\"wp-caption-text\">52\u0110\u1ed2 CH\u01a0I BB-20BT BENGER<\/figcaption><\/figure>\n<figure id=\"attachment_34220\" aria-describedby=\"caption-attachment-34220\" style=\"width: 731px\" class=\"wp-caption aligncenter\"><img loading=\"lazy\" decoding=\"async\" class=\"wp-image-34220 size-full\" src=\"https:\/\/mouldking.store\/wp-content\/uploads\/2022\/11\/52TOYS-BB-20BT.jpg\" alt=\"52TOYS BB-20BT BENGER \" width=\"731\" height=\"1024\" title=\"-\" srcset=\"https:\/\/mouldking.store\/wp-content\/uploads\/2022\/11\/52TOYS-BB-20BT.jpg 731w, https:\/\/mouldking.store\/wp-content\/uploads\/2022\/11\/52TOYS-BB-20BT-214x300.jpg 214w, https:\/\/mouldking.store\/wp-content\/uploads\/2022\/11\/52TOYS-BB-20BT-300x420.jpg 300w, https:\/\/mouldking.store\/wp-content\/uploads\/2022\/11\/52TOYS-BB-20BT-600x840.jpg 600w, https:\/\/mouldking.store\/wp-content\/uploads\/2022\/11\/52TOYS-BB-20BT-107x150.jpg 107w, https:\/\/mouldking.store\/wp-content\/uploads\/2022\/11\/52TOYS-BB-20BT-43x60.jpg 43w, https:\/\/mouldking.store\/wp-content\/uploads\/2022\/11\/52TOYS-BB-20BT-64x90.jpg 64w\" sizes=\"(max-width: 731px) 100vw, 731px\" \/><figcaption id=\"caption-attachment-34220\" class=\"wp-caption-text\">52\u0110\u1ed2 CH\u01a0I BB-20BT BENGER<\/figcaption><\/figure>","protected":false},"excerpt":{"rendered":"<p>Product information: Brand: 52TOYS Gender: Unisex Name: BENGER Age Range: &gt; 6 years old Model Number: BB-20BT Classification: Assemblage Plastic Block Shape: Self-Locking Bricks Material: Plastic Plastic Type: ABS Size: 10.5 cm Contains detailed assembly instructions. Notice: 1. Without an original box, but we guarantee our products have quality assurance and nice packaging. 2. As [&hellip;]<\/p>","protected":false},"featured_media":34215,"comment_status":"closed","ping_status":"closed","template":"","meta":{"_acf_changed":false},"product_cat":[1408],"product_tag":[6179,6830,6831,6832],"class_list":["product","first","instock","shipping-taxable","purchasable","product-type-simple"],"acf":[],"_links":{"self":[{"href":"https:\/\/mouldking.store\/vi\/wp-json\/wp\/v2\/product\/34214","targetHints":{"allow":["GET"]}}],"collection":[{"href":"https:\/\/mouldking.store\/vi\/wp-json\/wp\/v2\/product"}],"about":[{"href":"https:\/\/mouldking.store\/vi\/wp-json\/wp\/v2\/types\/product"}],"replies":[{"embeddable":true,"href":"https:\/\/mouldking.store\/vi\/wp-json\/wp\/v2\/comments?post=34214"}],"wp:featuredmedia":[{"embeddable":true,"href":"https:\/\/mouldking.store\/vi\/wp-json\/wp\/v2\/media\/34215"}],"wp:attachment":[{"href":"https:\/\/mouldking.store\/vi\/wp-json\/wp\/v2\/media?parent=34214"}],"wp:term":[{"taxonomy":"product_cat","embeddable":true,"href":"https:\/\/mouldking.store\/vi\/wp-json\/wp\/v2\/product_cat?post=34214"},{"taxonomy":"product_tag","embeddable":true,"href":"https:\/\/mouldking.store\/vi\/wp-json\/wp\/v2\/product_tag?post=34214"}],"curies":[{"name":"wp","href":"https:\/\/api.w.org\/{rel}","templated":true}]}}