{"id":34228,"date":"2022-11-07T09:46:37","date_gmt":"2022-11-07T02:46:37","guid":{"rendered":"https:\/\/mouldking.store\/?post_type=product&#038;p=34228"},"modified":"2022-11-07T09:46:38","modified_gmt":"2022-11-07T02:46:38","slug":"52toys-bb-08gp-glacier","status":"publish","type":"product","link":"https:\/\/mouldking.store\/vi\/shop\/52toys-bb-08gp-glacier\/","title":{"rendered":"52\u0110\u1ed2 CH\u01a0I BB-08GP S\u1ea0O B\u0102NG"},"content":{"rendered":"<p>Th\u00f4ng tin s\u1ea3n ph\u1ea9m:<\/p>\n<ol>\n<li>Th\u01b0\u01a1ng hi\u1ec7u: 52TOYS<\/li>\n<li>Gi\u1edbi t\u00ednh: Unisex<\/li>\n<li>Name: GLACIER<\/li>\n<li>\u0110\u1ed9 tu\u1ed5i: &gt; 6 tu\u1ed5i<\/li>\n<li>Model Number: BB-08GP<\/li>\n<li>Ph\u00e2n lo\u1ea1i: T\u1eadp h\u1ee3p<\/li>\n<li>H\u00ecnh d\u1ea1ng kh\u1ed1i nh\u1ef1a: G\u1ea1ch t\u1ef1 kh\u00f3a<\/li>\n<li>Ch\u1ea5t li\u1ec7u: Nh\u1ef1a<\/li>\n<li>Lo\u1ea1i nh\u1ef1a: ABS<\/li>\n<li>K\u00edch th\u01b0\u1edbc: 15cm<\/li>\n<li>Ch\u1ee9a h\u01b0\u1edbng d\u1eabn l\u1eafp r\u00e1p chi ti\u1ebft.<\/li>\n<\/ol>\n<p>\u0110\u1ec3 \u00fd:<br \/>\n1. Kh\u00f4ng c\u00f3 h\u1ed9p ban \u0111\u1ea7u, nh\u01b0ng ch\u00fang t\u00f4i \u0111\u1ea3m b\u1ea3o s\u1ea3n ph\u1ea9m c\u1ee7a ch\u00fang t\u00f4i c\u00f3 ch\u1ea5t l\u01b0\u1ee3ng \u0111\u1ea3m b\u1ea3o v\u00e0 bao b\u00ec \u0111\u1eb9p.<br \/>\n2. V\u00ec t\u1ea5t c\u1ea3 c\u00e1c b\u1ed9 ph\u1eadn ch\u00fang t\u00f4i \u0111\u00e3 ki\u1ec3m tra tr\u01b0\u1edbc khi v\u1eadn chuy\u1ec3n, v\u00ec v\u1eady n\u1ebfu b\u1ea1n th\u1ea5y m\u1ed9t s\u1ed1 b\u1ed9 ph\u1eadn b\u1ecb thi\u1ebfu ho\u1eb7c h\u01b0 h\u1ecfng, \u0111\u1eebng lo l\u1eafng v\u00e0 ch\u1ec9 c\u1ea7n vui l\u00f2ng li\u00ean h\u1ec7 v\u1edbi ch\u00fang t\u00f4i v\u00e0 ch\u00fang t\u00f4i c\u00f3 th\u1ec3 g\u1eedi l\u1ea1i mi\u1ec5n ph\u00ed cho b\u1ea1n ngay l\u1eadp t\u1ee9c.<\/p>\n<figure id=\"attachment_34230\" aria-describedby=\"caption-attachment-34230\" style=\"width: 748px\" class=\"wp-caption aligncenter\"><img fetchpriority=\"high\" decoding=\"async\" class=\"wp-image-34230 size-full\" src=\"https:\/\/mouldking.store\/wp-content\/uploads\/2022\/11\/52TOYS-BB-08GP-3.jpg\" alt=\" 52TOYS BB-08GP GLACIER \" width=\"748\" height=\"748\" title=\"-\" srcset=\"https:\/\/mouldking.store\/wp-content\/uploads\/2022\/11\/52TOYS-BB-08GP-3.jpg 748w, https:\/\/mouldking.store\/wp-content\/uploads\/2022\/11\/52TOYS-BB-08GP-3-300x300.jpg 300w, https:\/\/mouldking.store\/wp-content\/uploads\/2022\/11\/52TOYS-BB-08GP-3-600x600.jpg 600w, https:\/\/mouldking.store\/wp-content\/uploads\/2022\/11\/52TOYS-BB-08GP-3-150x150.jpg 150w, https:\/\/mouldking.store\/wp-content\/uploads\/2022\/11\/52TOYS-BB-08GP-3-60x60.jpg 60w, https:\/\/mouldking.store\/wp-content\/uploads\/2022\/11\/52TOYS-BB-08GP-3-90x90.jpg 90w\" sizes=\"(max-width: 748px) 100vw, 748px\" \/><figcaption id=\"caption-attachment-34230\" class=\"wp-caption-text\">52\u0110\u1ed2 CH\u01a0I BB-08GP S\u1ea0O B\u0102NG<\/figcaption><\/figure>\n<figure id=\"attachment_34231\" aria-describedby=\"caption-attachment-34231\" style=\"width: 735px\" class=\"wp-caption aligncenter\"><img decoding=\"async\" class=\"wp-image-34231 size-full\" src=\"https:\/\/mouldking.store\/wp-content\/uploads\/2022\/11\/52TOYS-BB-08GP-2.jpg\" alt=\" 52TOYS BB-08GP GLACIER \" width=\"735\" height=\"1024\" title=\"-\" srcset=\"https:\/\/mouldking.store\/wp-content\/uploads\/2022\/11\/52TOYS-BB-08GP-2.jpg 735w, https:\/\/mouldking.store\/wp-content\/uploads\/2022\/11\/52TOYS-BB-08GP-2-215x300.jpg 215w, https:\/\/mouldking.store\/wp-content\/uploads\/2022\/11\/52TOYS-BB-08GP-2-300x418.jpg 300w, https:\/\/mouldking.store\/wp-content\/uploads\/2022\/11\/52TOYS-BB-08GP-2-600x836.jpg 600w, https:\/\/mouldking.store\/wp-content\/uploads\/2022\/11\/52TOYS-BB-08GP-2-108x150.jpg 108w, https:\/\/mouldking.store\/wp-content\/uploads\/2022\/11\/52TOYS-BB-08GP-2-43x60.jpg 43w, https:\/\/mouldking.store\/wp-content\/uploads\/2022\/11\/52TOYS-BB-08GP-2-65x90.jpg 65w\" sizes=\"(max-width: 735px) 100vw, 735px\" \/><figcaption id=\"caption-attachment-34231\" class=\"wp-caption-text\">52\u0110\u1ed2 CH\u01a0I BB-08GP S\u1ea0O B\u0102NG<\/figcaption><\/figure>\n<figure id=\"attachment_34232\" aria-describedby=\"caption-attachment-34232\" style=\"width: 467px\" class=\"wp-caption aligncenter\"><img decoding=\"async\" class=\"wp-image-34232 size-full\" src=\"https:\/\/mouldking.store\/wp-content\/uploads\/2022\/11\/52TOYS-BB-08GP.jpg\" alt=\" 52TOYS BB-08GP GLACIER \" width=\"467\" height=\"1024\" title=\"-\" srcset=\"https:\/\/mouldking.store\/wp-content\/uploads\/2022\/11\/52TOYS-BB-08GP.jpg 467w, https:\/\/mouldking.store\/wp-content\/uploads\/2022\/11\/52TOYS-BB-08GP-137x300.jpg 137w, https:\/\/mouldking.store\/wp-content\/uploads\/2022\/11\/52TOYS-BB-08GP-300x658.jpg 300w, https:\/\/mouldking.store\/wp-content\/uploads\/2022\/11\/52TOYS-BB-08GP-68x150.jpg 68w, https:\/\/mouldking.store\/wp-content\/uploads\/2022\/11\/52TOYS-BB-08GP-27x60.jpg 27w, https:\/\/mouldking.store\/wp-content\/uploads\/2022\/11\/52TOYS-BB-08GP-41x90.jpg 41w\" sizes=\"(max-width: 467px) 100vw, 467px\" \/><figcaption id=\"caption-attachment-34232\" class=\"wp-caption-text\">52\u0110\u1ed2 CH\u01a0I BB-08GP S\u1ea0O B\u0102NG<\/figcaption><\/figure>","protected":false},"excerpt":{"rendered":"<p>Product information: Brand: 52TOYS Gender: Unisex Name: GLACIER Age Range: &gt; 6 years old Model Number: BB-08GP Classification: Assemblage Plastic Block Shape: Self-Locking Bricks Material: Plastic Plastic Type: ABS Size: 15 cm Contains detailed assembly instructions. Notice: 1. Without an original box, but we guarantee our products have quality assurance and nice packaging. 2. As [&hellip;]<\/p>","protected":false},"featured_media":34230,"comment_status":"closed","ping_status":"closed","template":"","meta":{"_acf_changed":false},"product_cat":[1365,1408],"product_tag":[6179,6840,6837,6838,6839],"class_list":["product","first","instock","shipping-taxable","purchasable","product-type-simple"],"acf":[],"_links":{"self":[{"href":"https:\/\/mouldking.store\/vi\/wp-json\/wp\/v2\/product\/34228","targetHints":{"allow":["GET"]}}],"collection":[{"href":"https:\/\/mouldking.store\/vi\/wp-json\/wp\/v2\/product"}],"about":[{"href":"https:\/\/mouldking.store\/vi\/wp-json\/wp\/v2\/types\/product"}],"replies":[{"embeddable":true,"href":"https:\/\/mouldking.store\/vi\/wp-json\/wp\/v2\/comments?post=34228"}],"wp:featuredmedia":[{"embeddable":true,"href":"https:\/\/mouldking.store\/vi\/wp-json\/wp\/v2\/media\/34230"}],"wp:attachment":[{"href":"https:\/\/mouldking.store\/vi\/wp-json\/wp\/v2\/media?parent=34228"}],"wp:term":[{"taxonomy":"product_cat","embeddable":true,"href":"https:\/\/mouldking.store\/vi\/wp-json\/wp\/v2\/product_cat?post=34228"},{"taxonomy":"product_tag","embeddable":true,"href":"https:\/\/mouldking.store\/vi\/wp-json\/wp\/v2\/product_tag?post=34228"}],"curies":[{"name":"wp","href":"https:\/\/api.w.org\/{rel}","templated":true}]}}