{"id":34270,"date":"2022-11-07T10:46:57","date_gmt":"2022-11-07T03:46:57","guid":{"rendered":"https:\/\/mouldking.store\/?post_type=product&#038;p=34270"},"modified":"2022-11-07T10:46:58","modified_gmt":"2022-11-07T03:46:58","slug":"52toys-mb-10-alien-queen","status":"publish","type":"product","link":"https:\/\/mouldking.store\/vi\/shop\/52toys-mb-10-alien-queen\/","title":{"rendered":"52\u0110\u1ed2 CH\u01a0I MB-10 N\u1eee HO\u00c0NG NGO\u00c0I H\u00c0NH TINH"},"content":{"rendered":"<p>Th\u00f4ng tin s\u1ea3n ph\u1ea9m:<\/p>\n<ol>\n<li>Th\u01b0\u01a1ng hi\u1ec7u: 52TOYS<\/li>\n<li>Gi\u1edbi t\u00ednh: Unisex<\/li>\n<li>Name: ALIEN QUEEN<\/li>\n<li>\u0110\u1ed9 tu\u1ed5i: &gt; 6 tu\u1ed5i<\/li>\n<li>Model Number: MB-10<\/li>\n<li>Ph\u00e2n lo\u1ea1i: T\u1eadp h\u1ee3p<\/li>\n<li>H\u00ecnh d\u1ea1ng kh\u1ed1i nh\u1ef1a: G\u1ea1ch t\u1ef1 kh\u00f3a<\/li>\n<li>Ch\u1ea5t li\u1ec7u: Nh\u1ef1a<\/li>\n<li>Lo\u1ea1i nh\u1ef1a: ABS<\/li>\n<li>K\u00edch th\u01b0\u1edbc: 10 cm<\/li>\n<li>Ch\u1ee9a h\u01b0\u1edbng d\u1eabn l\u1eafp r\u00e1p chi ti\u1ebft.<\/li>\n<\/ol>\n<p>\u0110\u1ec3 \u00fd:<br \/>\n1. Kh\u00f4ng c\u00f3 h\u1ed9p ban \u0111\u1ea7u, nh\u01b0ng ch\u00fang t\u00f4i \u0111\u1ea3m b\u1ea3o s\u1ea3n ph\u1ea9m c\u1ee7a ch\u00fang t\u00f4i c\u00f3 ch\u1ea5t l\u01b0\u1ee3ng \u0111\u1ea3m b\u1ea3o v\u00e0 bao b\u00ec \u0111\u1eb9p.<br \/>\n2. V\u00ec t\u1ea5t c\u1ea3 c\u00e1c b\u1ed9 ph\u1eadn ch\u00fang t\u00f4i \u0111\u00e3 ki\u1ec3m tra tr\u01b0\u1edbc khi v\u1eadn chuy\u1ec3n, v\u00ec v\u1eady n\u1ebfu b\u1ea1n th\u1ea5y m\u1ed9t s\u1ed1 b\u1ed9 ph\u1eadn b\u1ecb thi\u1ebfu ho\u1eb7c h\u01b0 h\u1ecfng, \u0111\u1eebng lo l\u1eafng v\u00e0 ch\u1ec9 c\u1ea7n vui l\u00f2ng li\u00ean h\u1ec7 v\u1edbi ch\u00fang t\u00f4i v\u00e0 ch\u00fang t\u00f4i c\u00f3 th\u1ec3 g\u1eedi l\u1ea1i mi\u1ec5n ph\u00ed cho b\u1ea1n ngay l\u1eadp t\u1ee9c.<\/p>\n<figure id=\"attachment_34271\" aria-describedby=\"caption-attachment-34271\" style=\"width: 800px\" class=\"wp-caption aligncenter\"><img fetchpriority=\"high\" decoding=\"async\" class=\"wp-image-34271 size-full\" src=\"https:\/\/mouldking.store\/wp-content\/uploads\/2022\/11\/52TOYS-MB-10-14.jpg\" alt=\"52TOYS MB-10 ALIEN QUEEN\" width=\"800\" height=\"800\" title=\"-\" srcset=\"https:\/\/mouldking.store\/wp-content\/uploads\/2022\/11\/52TOYS-MB-10-14.jpg 800w, https:\/\/mouldking.store\/wp-content\/uploads\/2022\/11\/52TOYS-MB-10-14-300x300.jpg 300w, https:\/\/mouldking.store\/wp-content\/uploads\/2022\/11\/52TOYS-MB-10-14-768x768.jpg 768w, https:\/\/mouldking.store\/wp-content\/uploads\/2022\/11\/52TOYS-MB-10-14-600x600.jpg 600w, https:\/\/mouldking.store\/wp-content\/uploads\/2022\/11\/52TOYS-MB-10-14-150x150.jpg 150w, https:\/\/mouldking.store\/wp-content\/uploads\/2022\/11\/52TOYS-MB-10-14-60x60.jpg 60w, https:\/\/mouldking.store\/wp-content\/uploads\/2022\/11\/52TOYS-MB-10-14-90x90.jpg 90w\" sizes=\"(max-width: 800px) 100vw, 800px\" \/><figcaption id=\"caption-attachment-34271\" class=\"wp-caption-text\">52\u0110\u1ed2 CH\u01a0I MB-10 N\u1eee HO\u00c0NG NGO\u00c0I H\u00c0NH TINH<\/figcaption><\/figure>\n<figure id=\"attachment_34272\" aria-describedby=\"caption-attachment-34272\" style=\"width: 750px\" class=\"wp-caption aligncenter\"><img decoding=\"async\" class=\"wp-image-34272 size-full\" src=\"https:\/\/mouldking.store\/wp-content\/uploads\/2022\/11\/52TOYS-MB-10-13.jpg\" alt=\"52TOYS MB-10 ALIEN QUEEN\" width=\"750\" height=\"765\" title=\"-\" srcset=\"https:\/\/mouldking.store\/wp-content\/uploads\/2022\/11\/52TOYS-MB-10-13.jpg 750w, https:\/\/mouldking.store\/wp-content\/uploads\/2022\/11\/52TOYS-MB-10-13-294x300.jpg 294w, https:\/\/mouldking.store\/wp-content\/uploads\/2022\/11\/52TOYS-MB-10-13-300x306.jpg 300w, https:\/\/mouldking.store\/wp-content\/uploads\/2022\/11\/52TOYS-MB-10-13-600x612.jpg 600w, https:\/\/mouldking.store\/wp-content\/uploads\/2022\/11\/52TOYS-MB-10-13-147x150.jpg 147w, https:\/\/mouldking.store\/wp-content\/uploads\/2022\/11\/52TOYS-MB-10-13-59x60.jpg 59w, https:\/\/mouldking.store\/wp-content\/uploads\/2022\/11\/52TOYS-MB-10-13-88x90.jpg 88w\" sizes=\"(max-width: 750px) 100vw, 750px\" \/><figcaption id=\"caption-attachment-34272\" class=\"wp-caption-text\">52\u0110\u1ed2 CH\u01a0I MB-10 N\u1eee HO\u00c0NG NGO\u00c0I H\u00c0NH TINH<\/figcaption><\/figure>\n<figure id=\"attachment_34273\" aria-describedby=\"caption-attachment-34273\" style=\"width: 750px\" class=\"wp-caption aligncenter\"><img decoding=\"async\" class=\"wp-image-34273 size-full\" src=\"https:\/\/mouldking.store\/wp-content\/uploads\/2022\/11\/52TOYS-MB-10-12.jpg\" alt=\"52TOYS MB-10 ALIEN QUEEN\" width=\"750\" height=\"768\" title=\"-\" srcset=\"https:\/\/mouldking.store\/wp-content\/uploads\/2022\/11\/52TOYS-MB-10-12.jpg 750w, https:\/\/mouldking.store\/wp-content\/uploads\/2022\/11\/52TOYS-MB-10-12-293x300.jpg 293w, https:\/\/mouldking.store\/wp-content\/uploads\/2022\/11\/52TOYS-MB-10-12-300x307.jpg 300w, https:\/\/mouldking.store\/wp-content\/uploads\/2022\/11\/52TOYS-MB-10-12-600x614.jpg 600w, https:\/\/mouldking.store\/wp-content\/uploads\/2022\/11\/52TOYS-MB-10-12-146x150.jpg 146w, https:\/\/mouldking.store\/wp-content\/uploads\/2022\/11\/52TOYS-MB-10-12-59x60.jpg 59w, https:\/\/mouldking.store\/wp-content\/uploads\/2022\/11\/52TOYS-MB-10-12-88x90.jpg 88w\" sizes=\"(max-width: 750px) 100vw, 750px\" \/><figcaption id=\"caption-attachment-34273\" class=\"wp-caption-text\">52\u0110\u1ed2 CH\u01a0I MB-10 N\u1eee HO\u00c0NG NGO\u00c0I H\u00c0NH TINH<\/figcaption><\/figure>\n<figure id=\"attachment_34274\" aria-describedby=\"caption-attachment-34274\" style=\"width: 750px\" class=\"wp-caption aligncenter\"><img loading=\"lazy\" decoding=\"async\" class=\"wp-image-34274 size-full\" src=\"https:\/\/mouldking.store\/wp-content\/uploads\/2022\/11\/52TOYS-MB-10-11.jpg\" alt=\"52TOYS MB-10 ALIEN QUEEN\" width=\"750\" height=\"728\" title=\"-\" srcset=\"https:\/\/mouldking.store\/wp-content\/uploads\/2022\/11\/52TOYS-MB-10-11.jpg 750w, https:\/\/mouldking.store\/wp-content\/uploads\/2022\/11\/52TOYS-MB-10-11-300x291.jpg 300w, https:\/\/mouldking.store\/wp-content\/uploads\/2022\/11\/52TOYS-MB-10-11-600x582.jpg 600w, https:\/\/mouldking.store\/wp-content\/uploads\/2022\/11\/52TOYS-MB-10-11-150x146.jpg 150w, https:\/\/mouldking.store\/wp-content\/uploads\/2022\/11\/52TOYS-MB-10-11-62x60.jpg 62w, https:\/\/mouldking.store\/wp-content\/uploads\/2022\/11\/52TOYS-MB-10-11-93x90.jpg 93w\" sizes=\"(max-width: 750px) 100vw, 750px\" \/><figcaption id=\"caption-attachment-34274\" class=\"wp-caption-text\">52\u0110\u1ed2 CH\u01a0I MB-10 N\u1eee HO\u00c0NG NGO\u00c0I H\u00c0NH TINH<\/figcaption><\/figure>\n<figure id=\"attachment_34275\" aria-describedby=\"caption-attachment-34275\" style=\"width: 800px\" class=\"wp-caption aligncenter\"><img loading=\"lazy\" decoding=\"async\" class=\"wp-image-34275 size-full\" src=\"https:\/\/mouldking.store\/wp-content\/uploads\/2022\/11\/52TOYS-MB-10-10.jpg\" alt=\"52TOYS MB-10 ALIEN QUEEN\" width=\"800\" height=\"800\" title=\"-\" srcset=\"https:\/\/mouldking.store\/wp-content\/uploads\/2022\/11\/52TOYS-MB-10-10.jpg 800w, https:\/\/mouldking.store\/wp-content\/uploads\/2022\/11\/52TOYS-MB-10-10-300x300.jpg 300w, https:\/\/mouldking.store\/wp-content\/uploads\/2022\/11\/52TOYS-MB-10-10-768x768.jpg 768w, https:\/\/mouldking.store\/wp-content\/uploads\/2022\/11\/52TOYS-MB-10-10-600x600.jpg 600w, https:\/\/mouldking.store\/wp-content\/uploads\/2022\/11\/52TOYS-MB-10-10-150x150.jpg 150w, https:\/\/mouldking.store\/wp-content\/uploads\/2022\/11\/52TOYS-MB-10-10-60x60.jpg 60w, https:\/\/mouldking.store\/wp-content\/uploads\/2022\/11\/52TOYS-MB-10-10-90x90.jpg 90w\" sizes=\"(max-width: 800px) 100vw, 800px\" \/><figcaption id=\"caption-attachment-34275\" class=\"wp-caption-text\">52\u0110\u1ed2 CH\u01a0I MB-10 N\u1eee HO\u00c0NG NGO\u00c0I H\u00c0NH TINH<\/figcaption><\/figure>\n<figure id=\"attachment_34276\" aria-describedby=\"caption-attachment-34276\" style=\"width: 738px\" class=\"wp-caption aligncenter\"><img loading=\"lazy\" decoding=\"async\" class=\"wp-image-34276 size-full\" src=\"https:\/\/mouldking.store\/wp-content\/uploads\/2022\/11\/52TOYS-MB-10-9.jpg\" alt=\"52TOYS MB-10 ALIEN QUEEN\" width=\"738\" height=\"1024\" title=\"-\" srcset=\"https:\/\/mouldking.store\/wp-content\/uploads\/2022\/11\/52TOYS-MB-10-9.jpg 738w, https:\/\/mouldking.store\/wp-content\/uploads\/2022\/11\/52TOYS-MB-10-9-216x300.jpg 216w, https:\/\/mouldking.store\/wp-content\/uploads\/2022\/11\/52TOYS-MB-10-9-300x416.jpg 300w, https:\/\/mouldking.store\/wp-content\/uploads\/2022\/11\/52TOYS-MB-10-9-600x833.jpg 600w, https:\/\/mouldking.store\/wp-content\/uploads\/2022\/11\/52TOYS-MB-10-9-108x150.jpg 108w, https:\/\/mouldking.store\/wp-content\/uploads\/2022\/11\/52TOYS-MB-10-9-43x60.jpg 43w, https:\/\/mouldking.store\/wp-content\/uploads\/2022\/11\/52TOYS-MB-10-9-65x90.jpg 65w\" sizes=\"(max-width: 738px) 100vw, 738px\" \/><figcaption id=\"caption-attachment-34276\" class=\"wp-caption-text\">52\u0110\u1ed2 CH\u01a0I MB-10 N\u1eee HO\u00c0NG NGO\u00c0I H\u00c0NH TINH<\/figcaption><\/figure>\n<figure id=\"attachment_34277\" aria-describedby=\"caption-attachment-34277\" style=\"width: 750px\" class=\"wp-caption aligncenter\"><img loading=\"lazy\" decoding=\"async\" class=\"wp-image-34277 size-full\" src=\"https:\/\/mouldking.store\/wp-content\/uploads\/2022\/11\/52TOYS-MB-10-8.jpg\" alt=\"52TOYS MB-10 ALIEN QUEEN\" width=\"750\" height=\"578\" title=\"-\" srcset=\"https:\/\/mouldking.store\/wp-content\/uploads\/2022\/11\/52TOYS-MB-10-8.jpg 750w, https:\/\/mouldking.store\/wp-content\/uploads\/2022\/11\/52TOYS-MB-10-8-300x231.jpg 300w, https:\/\/mouldking.store\/wp-content\/uploads\/2022\/11\/52TOYS-MB-10-8-600x462.jpg 600w, https:\/\/mouldking.store\/wp-content\/uploads\/2022\/11\/52TOYS-MB-10-8-150x116.jpg 150w, https:\/\/mouldking.store\/wp-content\/uploads\/2022\/11\/52TOYS-MB-10-8-78x60.jpg 78w, https:\/\/mouldking.store\/wp-content\/uploads\/2022\/11\/52TOYS-MB-10-8-117x90.jpg 117w\" sizes=\"(max-width: 750px) 100vw, 750px\" \/><figcaption id=\"caption-attachment-34277\" class=\"wp-caption-text\">52\u0110\u1ed2 CH\u01a0I MB-10 N\u1eee HO\u00c0NG NGO\u00c0I H\u00c0NH TINH<\/figcaption><\/figure>\n<figure id=\"attachment_34278\" aria-describedby=\"caption-attachment-34278\" style=\"width: 750px\" class=\"wp-caption aligncenter\"><img loading=\"lazy\" decoding=\"async\" class=\"wp-image-34278 size-full\" src=\"https:\/\/mouldking.store\/wp-content\/uploads\/2022\/11\/52TOYS-MB-10-7.jpg\" alt=\"52TOYS MB-10 ALIEN QUEEN\" width=\"750\" height=\"818\" title=\"-\" srcset=\"https:\/\/mouldking.store\/wp-content\/uploads\/2022\/11\/52TOYS-MB-10-7.jpg 750w, https:\/\/mouldking.store\/wp-content\/uploads\/2022\/11\/52TOYS-MB-10-7-275x300.jpg 275w, https:\/\/mouldking.store\/wp-content\/uploads\/2022\/11\/52TOYS-MB-10-7-300x327.jpg 300w, https:\/\/mouldking.store\/wp-content\/uploads\/2022\/11\/52TOYS-MB-10-7-600x654.jpg 600w, https:\/\/mouldking.store\/wp-content\/uploads\/2022\/11\/52TOYS-MB-10-7-138x150.jpg 138w, https:\/\/mouldking.store\/wp-content\/uploads\/2022\/11\/52TOYS-MB-10-7-55x60.jpg 55w, https:\/\/mouldking.store\/wp-content\/uploads\/2022\/11\/52TOYS-MB-10-7-83x90.jpg 83w\" sizes=\"(max-width: 750px) 100vw, 750px\" \/><figcaption id=\"caption-attachment-34278\" class=\"wp-caption-text\">52\u0110\u1ed2 CH\u01a0I MB-10 N\u1eee HO\u00c0NG NGO\u00c0I H\u00c0NH TINH<\/figcaption><\/figure>\n<figure id=\"attachment_34279\" aria-describedby=\"caption-attachment-34279\" style=\"width: 750px\" class=\"wp-caption aligncenter\"><img loading=\"lazy\" decoding=\"async\" class=\"wp-image-34279 size-full\" src=\"https:\/\/mouldking.store\/wp-content\/uploads\/2022\/11\/52TOYS-MB-10-6.jpg\" alt=\"52TOYS MB-10 ALIEN QUEEN\" width=\"750\" height=\"819\" title=\"-\" srcset=\"https:\/\/mouldking.store\/wp-content\/uploads\/2022\/11\/52TOYS-MB-10-6.jpg 750w, https:\/\/mouldking.store\/wp-content\/uploads\/2022\/11\/52TOYS-MB-10-6-275x300.jpg 275w, https:\/\/mouldking.store\/wp-content\/uploads\/2022\/11\/52TOYS-MB-10-6-300x328.jpg 300w, https:\/\/mouldking.store\/wp-content\/uploads\/2022\/11\/52TOYS-MB-10-6-600x655.jpg 600w, https:\/\/mouldking.store\/wp-content\/uploads\/2022\/11\/52TOYS-MB-10-6-137x150.jpg 137w, https:\/\/mouldking.store\/wp-content\/uploads\/2022\/11\/52TOYS-MB-10-6-55x60.jpg 55w, https:\/\/mouldking.store\/wp-content\/uploads\/2022\/11\/52TOYS-MB-10-6-82x90.jpg 82w\" sizes=\"(max-width: 750px) 100vw, 750px\" \/><figcaption id=\"caption-attachment-34279\" class=\"wp-caption-text\">52\u0110\u1ed2 CH\u01a0I MB-10 N\u1eee HO\u00c0NG NGO\u00c0I H\u00c0NH TINH<\/figcaption><\/figure>\n<figure id=\"attachment_34280\" aria-describedby=\"caption-attachment-34280\" style=\"width: 750px\" class=\"wp-caption aligncenter\"><img loading=\"lazy\" decoding=\"async\" class=\"wp-image-34280 size-full\" src=\"https:\/\/mouldking.store\/wp-content\/uploads\/2022\/11\/52TOYS-MB-10-5.jpg\" alt=\"52TOYS MB-10 ALIEN QUEEN\" width=\"750\" height=\"879\" title=\"-\" srcset=\"https:\/\/mouldking.store\/wp-content\/uploads\/2022\/11\/52TOYS-MB-10-5.jpg 750w, https:\/\/mouldking.store\/wp-content\/uploads\/2022\/11\/52TOYS-MB-10-5-256x300.jpg 256w, https:\/\/mouldking.store\/wp-content\/uploads\/2022\/11\/52TOYS-MB-10-5-300x352.jpg 300w, https:\/\/mouldking.store\/wp-content\/uploads\/2022\/11\/52TOYS-MB-10-5-600x703.jpg 600w, https:\/\/mouldking.store\/wp-content\/uploads\/2022\/11\/52TOYS-MB-10-5-128x150.jpg 128w, https:\/\/mouldking.store\/wp-content\/uploads\/2022\/11\/52TOYS-MB-10-5-51x60.jpg 51w, https:\/\/mouldking.store\/wp-content\/uploads\/2022\/11\/52TOYS-MB-10-5-77x90.jpg 77w\" sizes=\"(max-width: 750px) 100vw, 750px\" \/><figcaption id=\"caption-attachment-34280\" class=\"wp-caption-text\">52\u0110\u1ed2 CH\u01a0I MB-10 N\u1eee HO\u00c0NG NGO\u00c0I H\u00c0NH TINH<\/figcaption><\/figure>\n<figure id=\"attachment_34281\" aria-describedby=\"caption-attachment-34281\" style=\"width: 750px\" class=\"wp-caption aligncenter\"><img loading=\"lazy\" decoding=\"async\" class=\"wp-image-34281 size-full\" src=\"https:\/\/mouldking.store\/wp-content\/uploads\/2022\/11\/52TOYS-MB-10-4.jpg\" alt=\"52TOYS MB-10 ALIEN QUEEN\" width=\"750\" height=\"763\" title=\"-\" srcset=\"https:\/\/mouldking.store\/wp-content\/uploads\/2022\/11\/52TOYS-MB-10-4.jpg 750w, https:\/\/mouldking.store\/wp-content\/uploads\/2022\/11\/52TOYS-MB-10-4-295x300.jpg 295w, https:\/\/mouldking.store\/wp-content\/uploads\/2022\/11\/52TOYS-MB-10-4-300x305.jpg 300w, https:\/\/mouldking.store\/wp-content\/uploads\/2022\/11\/52TOYS-MB-10-4-600x610.jpg 600w, https:\/\/mouldking.store\/wp-content\/uploads\/2022\/11\/52TOYS-MB-10-4-147x150.jpg 147w, https:\/\/mouldking.store\/wp-content\/uploads\/2022\/11\/52TOYS-MB-10-4-59x60.jpg 59w, https:\/\/mouldking.store\/wp-content\/uploads\/2022\/11\/52TOYS-MB-10-4-88x90.jpg 88w\" sizes=\"(max-width: 750px) 100vw, 750px\" \/><figcaption id=\"caption-attachment-34281\" class=\"wp-caption-text\">52\u0110\u1ed2 CH\u01a0I MB-10 N\u1eee HO\u00c0NG NGO\u00c0I H\u00c0NH TINH<\/figcaption><\/figure>\n<figure id=\"attachment_34282\" aria-describedby=\"caption-attachment-34282\" style=\"width: 750px\" class=\"wp-caption aligncenter\"><img loading=\"lazy\" decoding=\"async\" class=\"wp-image-34282 size-full\" src=\"https:\/\/mouldking.store\/wp-content\/uploads\/2022\/11\/52TOYS-MB-10-3.jpg\" alt=\"52TOYS MB-10 ALIEN QUEEN\" width=\"750\" height=\"768\" title=\"-\" srcset=\"https:\/\/mouldking.store\/wp-content\/uploads\/2022\/11\/52TOYS-MB-10-3.jpg 750w, https:\/\/mouldking.store\/wp-content\/uploads\/2022\/11\/52TOYS-MB-10-3-293x300.jpg 293w, https:\/\/mouldking.store\/wp-content\/uploads\/2022\/11\/52TOYS-MB-10-3-300x307.jpg 300w, https:\/\/mouldking.store\/wp-content\/uploads\/2022\/11\/52TOYS-MB-10-3-600x614.jpg 600w, https:\/\/mouldking.store\/wp-content\/uploads\/2022\/11\/52TOYS-MB-10-3-146x150.jpg 146w, https:\/\/mouldking.store\/wp-content\/uploads\/2022\/11\/52TOYS-MB-10-3-59x60.jpg 59w, https:\/\/mouldking.store\/wp-content\/uploads\/2022\/11\/52TOYS-MB-10-3-88x90.jpg 88w\" sizes=\"(max-width: 750px) 100vw, 750px\" \/><figcaption id=\"caption-attachment-34282\" class=\"wp-caption-text\">52\u0110\u1ed2 CH\u01a0I MB-10 N\u1eee HO\u00c0NG NGO\u00c0I H\u00c0NH TINH<\/figcaption><\/figure>\n<figure id=\"attachment_34283\" aria-describedby=\"caption-attachment-34283\" style=\"width: 750px\" class=\"wp-caption aligncenter\"><img loading=\"lazy\" decoding=\"async\" class=\"wp-image-34283 size-full\" src=\"https:\/\/mouldking.store\/wp-content\/uploads\/2022\/11\/52TOYS-MB-10-2.jpg\" alt=\"52TOYS MB-10 ALIEN QUEEN\" width=\"750\" height=\"887\" title=\"-\" srcset=\"https:\/\/mouldking.store\/wp-content\/uploads\/2022\/11\/52TOYS-MB-10-2.jpg 750w, https:\/\/mouldking.store\/wp-content\/uploads\/2022\/11\/52TOYS-MB-10-2-254x300.jpg 254w, https:\/\/mouldking.store\/wp-content\/uploads\/2022\/11\/52TOYS-MB-10-2-300x355.jpg 300w, https:\/\/mouldking.store\/wp-content\/uploads\/2022\/11\/52TOYS-MB-10-2-600x710.jpg 600w, https:\/\/mouldking.store\/wp-content\/uploads\/2022\/11\/52TOYS-MB-10-2-127x150.jpg 127w, https:\/\/mouldking.store\/wp-content\/uploads\/2022\/11\/52TOYS-MB-10-2-51x60.jpg 51w, https:\/\/mouldking.store\/wp-content\/uploads\/2022\/11\/52TOYS-MB-10-2-76x90.jpg 76w\" sizes=\"(max-width: 750px) 100vw, 750px\" \/><figcaption id=\"caption-attachment-34283\" class=\"wp-caption-text\">52\u0110\u1ed2 CH\u01a0I MB-10 N\u1eee HO\u00c0NG NGO\u00c0I H\u00c0NH TINH<\/figcaption><\/figure>\n<figure id=\"attachment_34284\" aria-describedby=\"caption-attachment-34284\" style=\"width: 750px\" class=\"wp-caption aligncenter\"><img loading=\"lazy\" decoding=\"async\" class=\"wp-image-34284 size-full\" src=\"https:\/\/mouldking.store\/wp-content\/uploads\/2022\/11\/52TOYS-MB-10.jpg\" alt=\"52TOYS MB-10 ALIEN QUEEN\" width=\"750\" height=\"554\" title=\"-\" srcset=\"https:\/\/mouldking.store\/wp-content\/uploads\/2022\/11\/52TOYS-MB-10.jpg 750w, https:\/\/mouldking.store\/wp-content\/uploads\/2022\/11\/52TOYS-MB-10-300x222.jpg 300w, https:\/\/mouldking.store\/wp-content\/uploads\/2022\/11\/52TOYS-MB-10-600x443.jpg 600w, https:\/\/mouldking.store\/wp-content\/uploads\/2022\/11\/52TOYS-MB-10-150x111.jpg 150w, https:\/\/mouldking.store\/wp-content\/uploads\/2022\/11\/52TOYS-MB-10-81x60.jpg 81w, https:\/\/mouldking.store\/wp-content\/uploads\/2022\/11\/52TOYS-MB-10-122x90.jpg 122w\" sizes=\"(max-width: 750px) 100vw, 750px\" \/><figcaption id=\"caption-attachment-34284\" class=\"wp-caption-text\">52\u0110\u1ed2 CH\u01a0I MB-10 N\u1eee HO\u00c0NG NGO\u00c0I H\u00c0NH TINH<\/figcaption><\/figure>","protected":false},"excerpt":{"rendered":"<p>Product information: Brand: 52TOYS Gender: Unisex Name: ALIEN QUEEN Age Range: &gt; 6 years old Model Number: MB-10 Classification: Assemblage Plastic Block Shape: Self-Locking Bricks Material: Plastic Plastic Type: ABS Size: 10 cm Contains detailed assembly instructions. Notice: 1. Without an original box, but we guarantee our products have quality assurance and nice packaging. 2. [&hellip;]<\/p>","protected":false},"featured_media":34271,"comment_status":"closed","ping_status":"closed","template":"","meta":{"_acf_changed":false},"product_cat":[1408],"product_tag":[6179,6865,6862,6866,6864,6863],"class_list":["product","first","instock","shipping-taxable","purchasable","product-type-simple"],"acf":[],"_links":{"self":[{"href":"https:\/\/mouldking.store\/vi\/wp-json\/wp\/v2\/product\/34270","targetHints":{"allow":["GET"]}}],"collection":[{"href":"https:\/\/mouldking.store\/vi\/wp-json\/wp\/v2\/product"}],"about":[{"href":"https:\/\/mouldking.store\/vi\/wp-json\/wp\/v2\/types\/product"}],"replies":[{"embeddable":true,"href":"https:\/\/mouldking.store\/vi\/wp-json\/wp\/v2\/comments?post=34270"}],"wp:featuredmedia":[{"embeddable":true,"href":"https:\/\/mouldking.store\/vi\/wp-json\/wp\/v2\/media\/34271"}],"wp:attachment":[{"href":"https:\/\/mouldking.store\/vi\/wp-json\/wp\/v2\/media?parent=34270"}],"wp:term":[{"taxonomy":"product_cat","embeddable":true,"href":"https:\/\/mouldking.store\/vi\/wp-json\/wp\/v2\/product_cat?post=34270"},{"taxonomy":"product_tag","embeddable":true,"href":"https:\/\/mouldking.store\/vi\/wp-json\/wp\/v2\/product_tag?post=34270"}],"curies":[{"name":"wp","href":"https:\/\/api.w.org\/{rel}","templated":true}]}}