{"id":34336,"date":"2022-11-07T11:39:58","date_gmt":"2022-11-07T04:39:58","guid":{"rendered":"https:\/\/mouldking.store\/?post_type=product&#038;p=34336"},"modified":"2022-11-07T11:39:58","modified_gmt":"2022-11-07T04:39:58","slug":"52toys-mb-22-chinese-legends-kirin-unicorns","status":"publish","type":"product","link":"https:\/\/mouldking.store\/vi\/shop\/52toys-mb-22-chinese-legends-kirin-unicorns\/","title":{"rendered":"52\u0110\u1ed2 CH\u01a0I MB-22 K\u1ef3 l\u00e2n Kirin trong truy\u1ec1n thuy\u1ebft Trung Qu\u1ed1c"},"content":{"rendered":"<p>Th\u00f4ng tin s\u1ea3n ph\u1ea9m:<\/p>\n<ol>\n<li>Th\u01b0\u01a1ng hi\u1ec7u: 52TOYS<\/li>\n<li>Gi\u1edbi t\u00ednh: Unisex<\/li>\n<li>Name: Chinese Legends Kirin Unicorns<\/li>\n<li>\u0110\u1ed9 tu\u1ed5i: &gt; 6 tu\u1ed5i<\/li>\n<li>Model Number:MB-22<\/li>\n<li>Ph\u00e2n lo\u1ea1i: T\u1eadp h\u1ee3p<\/li>\n<li>H\u00ecnh d\u1ea1ng kh\u1ed1i nh\u1ef1a: G\u1ea1ch t\u1ef1 kh\u00f3a<\/li>\n<li>Ch\u1ea5t li\u1ec7u: Nh\u1ef1a<\/li>\n<li>Lo\u1ea1i nh\u1ef1a: ABS<\/li>\n<li>Size: 16.5cm<\/li>\n<li>Ch\u1ee9a h\u01b0\u1edbng d\u1eabn l\u1eafp r\u00e1p chi ti\u1ebft.<\/li>\n<\/ol>\n<p>\u0110\u1ec3 \u00fd:<br \/>\n1. Kh\u00f4ng c\u00f3 h\u1ed9p ban \u0111\u1ea7u, nh\u01b0ng ch\u00fang t\u00f4i \u0111\u1ea3m b\u1ea3o s\u1ea3n ph\u1ea9m c\u1ee7a ch\u00fang t\u00f4i c\u00f3 ch\u1ea5t l\u01b0\u1ee3ng \u0111\u1ea3m b\u1ea3o v\u00e0 bao b\u00ec \u0111\u1eb9p.<br \/>\n2. V\u00ec t\u1ea5t c\u1ea3 c\u00e1c b\u1ed9 ph\u1eadn ch\u00fang t\u00f4i \u0111\u00e3 ki\u1ec3m tra tr\u01b0\u1edbc khi v\u1eadn chuy\u1ec3n, v\u00ec v\u1eady n\u1ebfu b\u1ea1n th\u1ea5y m\u1ed9t s\u1ed1 b\u1ed9 ph\u1eadn b\u1ecb thi\u1ebfu ho\u1eb7c h\u01b0 h\u1ecfng, \u0111\u1eebng lo l\u1eafng v\u00e0 ch\u1ec9 c\u1ea7n vui l\u00f2ng li\u00ean h\u1ec7 v\u1edbi ch\u00fang t\u00f4i v\u00e0 ch\u00fang t\u00f4i c\u00f3 th\u1ec3 g\u1eedi l\u1ea1i mi\u1ec5n ph\u00ed cho b\u1ea1n ngay l\u1eadp t\u1ee9c.<\/p>\n<figure id=\"attachment_34337\" aria-describedby=\"caption-attachment-34337\" style=\"width: 800px\" class=\"wp-caption aligncenter\"><img fetchpriority=\"high\" decoding=\"async\" class=\"wp-image-34337 size-full\" src=\"https:\/\/mouldking.store\/wp-content\/uploads\/2022\/11\/52TOYS-MB-22-11.jpg\" alt=\" 52TOYS MB-22 Chinese Legends Kirin Unicorns\" width=\"800\" height=\"800\" title=\"-\" srcset=\"https:\/\/mouldking.store\/wp-content\/uploads\/2022\/11\/52TOYS-MB-22-11.jpg 800w, https:\/\/mouldking.store\/wp-content\/uploads\/2022\/11\/52TOYS-MB-22-11-300x300.jpg 300w, https:\/\/mouldking.store\/wp-content\/uploads\/2022\/11\/52TOYS-MB-22-11-768x768.jpg 768w, https:\/\/mouldking.store\/wp-content\/uploads\/2022\/11\/52TOYS-MB-22-11-600x600.jpg 600w, https:\/\/mouldking.store\/wp-content\/uploads\/2022\/11\/52TOYS-MB-22-11-150x150.jpg 150w, https:\/\/mouldking.store\/wp-content\/uploads\/2022\/11\/52TOYS-MB-22-11-60x60.jpg 60w, https:\/\/mouldking.store\/wp-content\/uploads\/2022\/11\/52TOYS-MB-22-11-90x90.jpg 90w\" sizes=\"(max-width: 800px) 100vw, 800px\" \/><figcaption id=\"caption-attachment-34337\" class=\"wp-caption-text\">52\u0110\u1ed2 CH\u01a0I MB-22 K\u1ef3 l\u00e2n Kirin trong truy\u1ec1n thuy\u1ebft Trung Qu\u1ed1c<\/figcaption><\/figure>\n<figure id=\"attachment_34338\" aria-describedby=\"caption-attachment-34338\" style=\"width: 800px\" class=\"wp-caption aligncenter\"><img decoding=\"async\" class=\"wp-image-34338 size-full\" src=\"https:\/\/mouldking.store\/wp-content\/uploads\/2022\/11\/52TOYS-MB-22-10.jpg\" alt=\" 52TOYS MB-22 Chinese Legends Kirin Unicorns\" width=\"800\" height=\"800\" title=\"-\" srcset=\"https:\/\/mouldking.store\/wp-content\/uploads\/2022\/11\/52TOYS-MB-22-10.jpg 800w, https:\/\/mouldking.store\/wp-content\/uploads\/2022\/11\/52TOYS-MB-22-10-300x300.jpg 300w, https:\/\/mouldking.store\/wp-content\/uploads\/2022\/11\/52TOYS-MB-22-10-768x768.jpg 768w, https:\/\/mouldking.store\/wp-content\/uploads\/2022\/11\/52TOYS-MB-22-10-600x600.jpg 600w, https:\/\/mouldking.store\/wp-content\/uploads\/2022\/11\/52TOYS-MB-22-10-150x150.jpg 150w, https:\/\/mouldking.store\/wp-content\/uploads\/2022\/11\/52TOYS-MB-22-10-60x60.jpg 60w, https:\/\/mouldking.store\/wp-content\/uploads\/2022\/11\/52TOYS-MB-22-10-90x90.jpg 90w\" sizes=\"(max-width: 800px) 100vw, 800px\" \/><figcaption id=\"caption-attachment-34338\" class=\"wp-caption-text\">52\u0110\u1ed2 CH\u01a0I MB-22 K\u1ef3 l\u00e2n Kirin trong truy\u1ec1n thuy\u1ebft Trung Qu\u1ed1c<\/figcaption><\/figure>\n<figure id=\"attachment_34339\" aria-describedby=\"caption-attachment-34339\" style=\"width: 690px\" class=\"wp-caption aligncenter\"><img decoding=\"async\" class=\"wp-image-34339 size-full\" src=\"https:\/\/mouldking.store\/wp-content\/uploads\/2022\/11\/52TOYS-MB-22-9.jpg\" alt=\" 52TOYS MB-22 Chinese Legends Kirin Unicorns\" width=\"690\" height=\"690\" title=\"-\" srcset=\"https:\/\/mouldking.store\/wp-content\/uploads\/2022\/11\/52TOYS-MB-22-9.jpg 690w, https:\/\/mouldking.store\/wp-content\/uploads\/2022\/11\/52TOYS-MB-22-9-300x300.jpg 300w, https:\/\/mouldking.store\/wp-content\/uploads\/2022\/11\/52TOYS-MB-22-9-600x600.jpg 600w, https:\/\/mouldking.store\/wp-content\/uploads\/2022\/11\/52TOYS-MB-22-9-150x150.jpg 150w, https:\/\/mouldking.store\/wp-content\/uploads\/2022\/11\/52TOYS-MB-22-9-60x60.jpg 60w, https:\/\/mouldking.store\/wp-content\/uploads\/2022\/11\/52TOYS-MB-22-9-90x90.jpg 90w\" sizes=\"(max-width: 690px) 100vw, 690px\" \/><figcaption id=\"caption-attachment-34339\" class=\"wp-caption-text\">52\u0110\u1ed2 CH\u01a0I MB-22 K\u1ef3 l\u00e2n Kirin trong truy\u1ec1n thuy\u1ebft Trung Qu\u1ed1c<\/figcaption><\/figure>\n<figure id=\"attachment_34340\" aria-describedby=\"caption-attachment-34340\" style=\"width: 690px\" class=\"wp-caption aligncenter\"><img loading=\"lazy\" decoding=\"async\" class=\"wp-image-34340 size-full\" src=\"https:\/\/mouldking.store\/wp-content\/uploads\/2022\/11\/52TOYS-MB-22-8.jpg\" alt=\" 52TOYS MB-22 Chinese Legends Kirin Unicorns\" width=\"690\" height=\"690\" title=\"-\" srcset=\"https:\/\/mouldking.store\/wp-content\/uploads\/2022\/11\/52TOYS-MB-22-8.jpg 690w, https:\/\/mouldking.store\/wp-content\/uploads\/2022\/11\/52TOYS-MB-22-8-300x300.jpg 300w, https:\/\/mouldking.store\/wp-content\/uploads\/2022\/11\/52TOYS-MB-22-8-600x600.jpg 600w, https:\/\/mouldking.store\/wp-content\/uploads\/2022\/11\/52TOYS-MB-22-8-150x150.jpg 150w, https:\/\/mouldking.store\/wp-content\/uploads\/2022\/11\/52TOYS-MB-22-8-60x60.jpg 60w, https:\/\/mouldking.store\/wp-content\/uploads\/2022\/11\/52TOYS-MB-22-8-90x90.jpg 90w\" sizes=\"(max-width: 690px) 100vw, 690px\" \/><figcaption id=\"caption-attachment-34340\" class=\"wp-caption-text\">52\u0110\u1ed2 CH\u01a0I MB-22 K\u1ef3 l\u00e2n Kirin trong truy\u1ec1n thuy\u1ebft Trung Qu\u1ed1c<\/figcaption><\/figure>\n<figure id=\"attachment_34341\" aria-describedby=\"caption-attachment-34341\" style=\"width: 690px\" class=\"wp-caption aligncenter\"><img loading=\"lazy\" decoding=\"async\" class=\"wp-image-34341 size-full\" src=\"https:\/\/mouldking.store\/wp-content\/uploads\/2022\/11\/52TOYS-MB-22-7.jpg\" alt=\" 52TOYS MB-22 Chinese Legends Kirin Unicorns\" width=\"690\" height=\"690\" title=\"-\" srcset=\"https:\/\/mouldking.store\/wp-content\/uploads\/2022\/11\/52TOYS-MB-22-7.jpg 690w, https:\/\/mouldking.store\/wp-content\/uploads\/2022\/11\/52TOYS-MB-22-7-300x300.jpg 300w, https:\/\/mouldking.store\/wp-content\/uploads\/2022\/11\/52TOYS-MB-22-7-600x600.jpg 600w, https:\/\/mouldking.store\/wp-content\/uploads\/2022\/11\/52TOYS-MB-22-7-150x150.jpg 150w, https:\/\/mouldking.store\/wp-content\/uploads\/2022\/11\/52TOYS-MB-22-7-60x60.jpg 60w, https:\/\/mouldking.store\/wp-content\/uploads\/2022\/11\/52TOYS-MB-22-7-90x90.jpg 90w\" sizes=\"(max-width: 690px) 100vw, 690px\" \/><figcaption id=\"caption-attachment-34341\" class=\"wp-caption-text\">52\u0110\u1ed2 CH\u01a0I MB-22 K\u1ef3 l\u00e2n Kirin trong truy\u1ec1n thuy\u1ebft Trung Qu\u1ed1c<\/figcaption><\/figure>\n<figure id=\"attachment_34342\" aria-describedby=\"caption-attachment-34342\" style=\"width: 690px\" class=\"wp-caption aligncenter\"><img loading=\"lazy\" decoding=\"async\" class=\"wp-image-34342 size-full\" src=\"https:\/\/mouldking.store\/wp-content\/uploads\/2022\/11\/52TOYS-MB-22-6.jpg\" alt=\" 52TOYS MB-22 Chinese Legends Kirin Unicorns\" width=\"690\" height=\"690\" title=\"-\" srcset=\"https:\/\/mouldking.store\/wp-content\/uploads\/2022\/11\/52TOYS-MB-22-6.jpg 690w, https:\/\/mouldking.store\/wp-content\/uploads\/2022\/11\/52TOYS-MB-22-6-300x300.jpg 300w, https:\/\/mouldking.store\/wp-content\/uploads\/2022\/11\/52TOYS-MB-22-6-600x600.jpg 600w, https:\/\/mouldking.store\/wp-content\/uploads\/2022\/11\/52TOYS-MB-22-6-150x150.jpg 150w, https:\/\/mouldking.store\/wp-content\/uploads\/2022\/11\/52TOYS-MB-22-6-60x60.jpg 60w, https:\/\/mouldking.store\/wp-content\/uploads\/2022\/11\/52TOYS-MB-22-6-90x90.jpg 90w\" sizes=\"(max-width: 690px) 100vw, 690px\" \/><figcaption id=\"caption-attachment-34342\" class=\"wp-caption-text\">52\u0110\u1ed2 CH\u01a0I MB-22 K\u1ef3 l\u00e2n Kirin trong truy\u1ec1n thuy\u1ebft Trung Qu\u1ed1c<\/figcaption><\/figure>\n<figure id=\"attachment_34343\" aria-describedby=\"caption-attachment-34343\" style=\"width: 713px\" class=\"wp-caption aligncenter\"><img loading=\"lazy\" decoding=\"async\" class=\"wp-image-34343 size-full\" src=\"https:\/\/mouldking.store\/wp-content\/uploads\/2022\/11\/52TOYS-MB-22-5.jpg\" alt=\" 52TOYS MB-22 Chinese Legends Kirin Unicorns\" width=\"713\" height=\"1024\" title=\"-\" srcset=\"https:\/\/mouldking.store\/wp-content\/uploads\/2022\/11\/52TOYS-MB-22-5.jpg 713w, https:\/\/mouldking.store\/wp-content\/uploads\/2022\/11\/52TOYS-MB-22-5-209x300.jpg 209w, https:\/\/mouldking.store\/wp-content\/uploads\/2022\/11\/52TOYS-MB-22-5-300x431.jpg 300w, https:\/\/mouldking.store\/wp-content\/uploads\/2022\/11\/52TOYS-MB-22-5-600x862.jpg 600w, https:\/\/mouldking.store\/wp-content\/uploads\/2022\/11\/52TOYS-MB-22-5-104x150.jpg 104w, https:\/\/mouldking.store\/wp-content\/uploads\/2022\/11\/52TOYS-MB-22-5-42x60.jpg 42w, https:\/\/mouldking.store\/wp-content\/uploads\/2022\/11\/52TOYS-MB-22-5-63x90.jpg 63w\" sizes=\"(max-width: 713px) 100vw, 713px\" \/><figcaption id=\"caption-attachment-34343\" class=\"wp-caption-text\">52\u0110\u1ed2 CH\u01a0I MB-22 K\u1ef3 l\u00e2n Kirin trong truy\u1ec1n thuy\u1ebft Trung Qu\u1ed1c<\/figcaption><\/figure>\n<figure id=\"attachment_34344\" aria-describedby=\"caption-attachment-34344\" style=\"width: 742px\" class=\"wp-caption aligncenter\"><img loading=\"lazy\" decoding=\"async\" class=\"wp-image-34344 size-full\" src=\"https:\/\/mouldking.store\/wp-content\/uploads\/2022\/11\/52TOYS-MB-22-4.jpg\" alt=\" 52TOYS MB-22 Chinese Legends Kirin Unicorns\" width=\"742\" height=\"1024\" title=\"-\" srcset=\"https:\/\/mouldking.store\/wp-content\/uploads\/2022\/11\/52TOYS-MB-22-4.jpg 742w, https:\/\/mouldking.store\/wp-content\/uploads\/2022\/11\/52TOYS-MB-22-4-217x300.jpg 217w, https:\/\/mouldking.store\/wp-content\/uploads\/2022\/11\/52TOYS-MB-22-4-300x414.jpg 300w, https:\/\/mouldking.store\/wp-content\/uploads\/2022\/11\/52TOYS-MB-22-4-600x828.jpg 600w, https:\/\/mouldking.store\/wp-content\/uploads\/2022\/11\/52TOYS-MB-22-4-109x150.jpg 109w, https:\/\/mouldking.store\/wp-content\/uploads\/2022\/11\/52TOYS-MB-22-4-43x60.jpg 43w, https:\/\/mouldking.store\/wp-content\/uploads\/2022\/11\/52TOYS-MB-22-4-65x90.jpg 65w\" sizes=\"(max-width: 742px) 100vw, 742px\" \/><figcaption id=\"caption-attachment-34344\" class=\"wp-caption-text\">52\u0110\u1ed2 CH\u01a0I MB-22 K\u1ef3 l\u00e2n Kirin trong truy\u1ec1n thuy\u1ebft Trung Qu\u1ed1c<\/figcaption><\/figure>","protected":false},"excerpt":{"rendered":"<p>Product information: Brand: 52TOYS Gender: Unisex Name: Chinese Legends Kirin Unicorns Age Range: &gt; 6 years old Model Number:MB-22 Classification: Assemblage Plastic Block Shape: Self-Locking Bricks Material: Plastic Plastic Type: ABS Size: 16.5cm Contains detailed assembly instructions. Notice: 1. Without an original box, but we guarantee our products have quality assurance and nice packaging. 2. [&hellip;]<\/p>","protected":false},"featured_media":34337,"comment_status":"closed","ping_status":"closed","template":"","meta":{"_acf_changed":false},"product_cat":[1408],"product_tag":[6179,6895,6889,6891,6896,6892,6894,6890,6893],"class_list":["product","first","instock","shipping-taxable","purchasable","product-type-simple"],"acf":[],"_links":{"self":[{"href":"https:\/\/mouldking.store\/vi\/wp-json\/wp\/v2\/product\/34336","targetHints":{"allow":["GET"]}}],"collection":[{"href":"https:\/\/mouldking.store\/vi\/wp-json\/wp\/v2\/product"}],"about":[{"href":"https:\/\/mouldking.store\/vi\/wp-json\/wp\/v2\/types\/product"}],"replies":[{"embeddable":true,"href":"https:\/\/mouldking.store\/vi\/wp-json\/wp\/v2\/comments?post=34336"}],"wp:featuredmedia":[{"embeddable":true,"href":"https:\/\/mouldking.store\/vi\/wp-json\/wp\/v2\/media\/34337"}],"wp:attachment":[{"href":"https:\/\/mouldking.store\/vi\/wp-json\/wp\/v2\/media?parent=34336"}],"wp:term":[{"taxonomy":"product_cat","embeddable":true,"href":"https:\/\/mouldking.store\/vi\/wp-json\/wp\/v2\/product_cat?post=34336"},{"taxonomy":"product_tag","embeddable":true,"href":"https:\/\/mouldking.store\/vi\/wp-json\/wp\/v2\/product_tag?post=34336"}],"curies":[{"name":"wp","href":"https:\/\/api.w.org\/{rel}","templated":true}]}}