{"id":34450,"date":"2022-11-07T15:09:32","date_gmt":"2022-11-07T08:09:32","guid":{"rendered":"https:\/\/mouldking.store\/?post_type=product&#038;p=34450"},"modified":"2022-11-07T15:09:33","modified_gmt":"2022-11-07T08:09:33","slug":"52toys-bb-31-firmhand-iron-fisted-wolf-claw","status":"publish","type":"product","link":"https:\/\/mouldking.store\/vi\/shop\/52toys-bb-31-firmhand-iron-fisted-wolf-claw\/","title":{"rendered":"52\u0110\u1ed2 CH\u01a0I BB-31 M\u00f3ng S\u00f3i B\u00e0n Tay S\u1eaft"},"content":{"rendered":"<p>Th\u00f4ng tin s\u1ea3n ph\u1ea9m:<\/p>\n<ol>\n<li>Th\u01b0\u01a1ng hi\u1ec7u: 52TOYS<\/li>\n<li>Gi\u1edbi t\u00ednh: Unisex<\/li>\n<li>Name: FIRMHAND Iron-fisted Wolf Claw<\/li>\n<li>\u0110\u1ed9 tu\u1ed5i: &gt; 6 tu\u1ed5i<\/li>\n<li>Model Number: BB-31<\/li>\n<li>Ph\u00e2n lo\u1ea1i: T\u1eadp h\u1ee3p<\/li>\n<li>H\u00ecnh d\u1ea1ng kh\u1ed1i nh\u1ef1a: G\u1ea1ch t\u1ef1 kh\u00f3a<\/li>\n<li>Ch\u1ea5t li\u1ec7u: Nh\u1ef1a<\/li>\n<li>Lo\u1ea1i nh\u1ef1a: ABS<\/li>\n<li>Size: 17.5 cm<\/li>\n<li>Ch\u1ee9a h\u01b0\u1edbng d\u1eabn l\u1eafp r\u00e1p chi ti\u1ebft.<\/li>\n<\/ol>\n<p>\u0110\u1ec3 \u00fd:<br \/>\n1. Kh\u00f4ng c\u00f3 h\u1ed9p ban \u0111\u1ea7u, nh\u01b0ng ch\u00fang t\u00f4i \u0111\u1ea3m b\u1ea3o s\u1ea3n ph\u1ea9m c\u1ee7a ch\u00fang t\u00f4i c\u00f3 ch\u1ea5t l\u01b0\u1ee3ng \u0111\u1ea3m b\u1ea3o v\u00e0 bao b\u00ec \u0111\u1eb9p.<br \/>\n2. V\u00ec t\u1ea5t c\u1ea3 c\u00e1c b\u1ed9 ph\u1eadn ch\u00fang t\u00f4i \u0111\u00e3 ki\u1ec3m tra tr\u01b0\u1edbc khi v\u1eadn chuy\u1ec3n, v\u00ec v\u1eady n\u1ebfu b\u1ea1n th\u1ea5y m\u1ed9t s\u1ed1 b\u1ed9 ph\u1eadn b\u1ecb thi\u1ebfu ho\u1eb7c h\u01b0 h\u1ecfng, \u0111\u1eebng lo l\u1eafng v\u00e0 ch\u1ec9 c\u1ea7n vui l\u00f2ng li\u00ean h\u1ec7 v\u1edbi ch\u00fang t\u00f4i v\u00e0 ch\u00fang t\u00f4i c\u00f3 th\u1ec3 g\u1eedi l\u1ea1i mi\u1ec5n ph\u00ed cho b\u1ea1n ngay l\u1eadp t\u1ee9c.<\/p>\n<figure id=\"attachment_34451\" aria-describedby=\"caption-attachment-34451\" style=\"width: 800px\" class=\"wp-caption aligncenter\"><img fetchpriority=\"high\" decoding=\"async\" class=\"wp-image-34451 size-full\" src=\"https:\/\/mouldking.store\/wp-content\/uploads\/2022\/11\/52TOYS-BB-31-10.jpg\" alt=\"52TOYS BB-31 FIRMHAND Iron-fisted Wolf Claw\" width=\"800\" height=\"800\" title=\"-\" srcset=\"https:\/\/mouldking.store\/wp-content\/uploads\/2022\/11\/52TOYS-BB-31-10.jpg 800w, https:\/\/mouldking.store\/wp-content\/uploads\/2022\/11\/52TOYS-BB-31-10-300x300.jpg 300w, https:\/\/mouldking.store\/wp-content\/uploads\/2022\/11\/52TOYS-BB-31-10-768x768.jpg 768w, https:\/\/mouldking.store\/wp-content\/uploads\/2022\/11\/52TOYS-BB-31-10-600x600.jpg 600w, https:\/\/mouldking.store\/wp-content\/uploads\/2022\/11\/52TOYS-BB-31-10-150x150.jpg 150w, https:\/\/mouldking.store\/wp-content\/uploads\/2022\/11\/52TOYS-BB-31-10-60x60.jpg 60w, https:\/\/mouldking.store\/wp-content\/uploads\/2022\/11\/52TOYS-BB-31-10-90x90.jpg 90w\" sizes=\"(max-width: 800px) 100vw, 800px\" \/><figcaption id=\"caption-attachment-34451\" class=\"wp-caption-text\">52\u0110\u1ed2 CH\u01a0I BB-31 M\u00f3ng S\u00f3i B\u00e0n Tay S\u1eaft<\/figcaption><\/figure>\n<figure id=\"attachment_34452\" aria-describedby=\"caption-attachment-34452\" style=\"width: 750px\" class=\"wp-caption aligncenter\"><img decoding=\"async\" class=\"wp-image-34452 size-full\" src=\"https:\/\/mouldking.store\/wp-content\/uploads\/2022\/11\/52TOYS-BB-31-9.jpg\" alt=\"52TOYS BB-31 FIRMHAND Iron-fisted Wolf Claw\" width=\"750\" height=\"1000\" title=\"-\" srcset=\"https:\/\/mouldking.store\/wp-content\/uploads\/2022\/11\/52TOYS-BB-31-9.jpg 750w, https:\/\/mouldking.store\/wp-content\/uploads\/2022\/11\/52TOYS-BB-31-9-225x300.jpg 225w, https:\/\/mouldking.store\/wp-content\/uploads\/2022\/11\/52TOYS-BB-31-9-300x400.jpg 300w, https:\/\/mouldking.store\/wp-content\/uploads\/2022\/11\/52TOYS-BB-31-9-600x800.jpg 600w, https:\/\/mouldking.store\/wp-content\/uploads\/2022\/11\/52TOYS-BB-31-9-113x150.jpg 113w, https:\/\/mouldking.store\/wp-content\/uploads\/2022\/11\/52TOYS-BB-31-9-45x60.jpg 45w, https:\/\/mouldking.store\/wp-content\/uploads\/2022\/11\/52TOYS-BB-31-9-68x90.jpg 68w\" sizes=\"(max-width: 750px) 100vw, 750px\" \/><figcaption id=\"caption-attachment-34452\" class=\"wp-caption-text\">52\u0110\u1ed2 CH\u01a0I BB-31 M\u00f3ng S\u00f3i B\u00e0n Tay S\u1eaft<\/figcaption><\/figure>\n<figure id=\"attachment_34453\" aria-describedby=\"caption-attachment-34453\" style=\"width: 750px\" class=\"wp-caption alignnone\"><img decoding=\"async\" class=\"wp-image-34453 size-full\" src=\"https:\/\/mouldking.store\/wp-content\/uploads\/2022\/11\/52TOYS-BB-31-8.jpg\" alt=\"52TOYS BB-31 FIRMHAND Iron-fisted Wolf Claw\" width=\"750\" height=\"1000\" title=\"-\" srcset=\"https:\/\/mouldking.store\/wp-content\/uploads\/2022\/11\/52TOYS-BB-31-8.jpg 750w, https:\/\/mouldking.store\/wp-content\/uploads\/2022\/11\/52TOYS-BB-31-8-225x300.jpg 225w, https:\/\/mouldking.store\/wp-content\/uploads\/2022\/11\/52TOYS-BB-31-8-300x400.jpg 300w, https:\/\/mouldking.store\/wp-content\/uploads\/2022\/11\/52TOYS-BB-31-8-600x800.jpg 600w, https:\/\/mouldking.store\/wp-content\/uploads\/2022\/11\/52TOYS-BB-31-8-113x150.jpg 113w, https:\/\/mouldking.store\/wp-content\/uploads\/2022\/11\/52TOYS-BB-31-8-45x60.jpg 45w, https:\/\/mouldking.store\/wp-content\/uploads\/2022\/11\/52TOYS-BB-31-8-68x90.jpg 68w\" sizes=\"(max-width: 750px) 100vw, 750px\" \/><figcaption id=\"caption-attachment-34453\" class=\"wp-caption-text\">52\u0110\u1ed2 CH\u01a0I BB-31 M\u00f3ng S\u00f3i B\u00e0n Tay S\u1eaft<\/figcaption><\/figure>\n<figure id=\"attachment_34454\" aria-describedby=\"caption-attachment-34454\" style=\"width: 614px\" class=\"wp-caption aligncenter\"><img loading=\"lazy\" decoding=\"async\" class=\"wp-image-34454 size-full\" src=\"https:\/\/mouldking.store\/wp-content\/uploads\/2022\/11\/52TOYS-BB-31-7.jpg\" alt=\"52TOYS BB-31 FIRMHAND Iron-fisted Wolf Claw\" width=\"614\" height=\"1024\" title=\"-\" srcset=\"https:\/\/mouldking.store\/wp-content\/uploads\/2022\/11\/52TOYS-BB-31-7.jpg 614w, https:\/\/mouldking.store\/wp-content\/uploads\/2022\/11\/52TOYS-BB-31-7-180x300.jpg 180w, https:\/\/mouldking.store\/wp-content\/uploads\/2022\/11\/52TOYS-BB-31-7-300x500.jpg 300w, https:\/\/mouldking.store\/wp-content\/uploads\/2022\/11\/52TOYS-BB-31-7-600x1001.jpg 600w, https:\/\/mouldking.store\/wp-content\/uploads\/2022\/11\/52TOYS-BB-31-7-90x150.jpg 90w, https:\/\/mouldking.store\/wp-content\/uploads\/2022\/11\/52TOYS-BB-31-7-36x60.jpg 36w, https:\/\/mouldking.store\/wp-content\/uploads\/2022\/11\/52TOYS-BB-31-7-54x90.jpg 54w\" sizes=\"(max-width: 614px) 100vw, 614px\" \/><figcaption id=\"caption-attachment-34454\" class=\"wp-caption-text\">52\u0110\u1ed2 CH\u01a0I BB-31 M\u00f3ng S\u00f3i B\u00e0n Tay S\u1eaft<\/figcaption><\/figure>\n<figure id=\"attachment_34455\" aria-describedby=\"caption-attachment-34455\" style=\"width: 732px\" class=\"wp-caption aligncenter\"><img loading=\"lazy\" decoding=\"async\" class=\"wp-image-34455 size-full\" src=\"https:\/\/mouldking.store\/wp-content\/uploads\/2022\/11\/52TOYS-BB-31-6.jpg\" alt=\"52TOYS BB-31 FIRMHAND Iron-fisted Wolf Claw\" width=\"732\" height=\"1024\" title=\"-\" srcset=\"https:\/\/mouldking.store\/wp-content\/uploads\/2022\/11\/52TOYS-BB-31-6.jpg 732w, https:\/\/mouldking.store\/wp-content\/uploads\/2022\/11\/52TOYS-BB-31-6-214x300.jpg 214w, https:\/\/mouldking.store\/wp-content\/uploads\/2022\/11\/52TOYS-BB-31-6-300x420.jpg 300w, https:\/\/mouldking.store\/wp-content\/uploads\/2022\/11\/52TOYS-BB-31-6-600x839.jpg 600w, https:\/\/mouldking.store\/wp-content\/uploads\/2022\/11\/52TOYS-BB-31-6-107x150.jpg 107w, https:\/\/mouldking.store\/wp-content\/uploads\/2022\/11\/52TOYS-BB-31-6-43x60.jpg 43w, https:\/\/mouldking.store\/wp-content\/uploads\/2022\/11\/52TOYS-BB-31-6-64x90.jpg 64w\" sizes=\"(max-width: 732px) 100vw, 732px\" \/><figcaption id=\"caption-attachment-34455\" class=\"wp-caption-text\">52\u0110\u1ed2 CH\u01a0I BB-31 M\u00f3ng S\u00f3i B\u00e0n Tay S\u1eaft<\/figcaption><\/figure>\n<figure id=\"attachment_34456\" aria-describedby=\"caption-attachment-34456\" style=\"width: 769px\" class=\"wp-caption aligncenter\"><img loading=\"lazy\" decoding=\"async\" class=\"wp-image-34456 size-full\" src=\"https:\/\/mouldking.store\/wp-content\/uploads\/2022\/11\/52TOYS-BB-31-5.jpg\" alt=\"52TOYS BB-31 FIRMHAND Iron-fisted Wolf Claw\" width=\"769\" height=\"1024\" title=\"-\" srcset=\"https:\/\/mouldking.store\/wp-content\/uploads\/2022\/11\/52TOYS-BB-31-5.jpg 769w, https:\/\/mouldking.store\/wp-content\/uploads\/2022\/11\/52TOYS-BB-31-5-225x300.jpg 225w, https:\/\/mouldking.store\/wp-content\/uploads\/2022\/11\/52TOYS-BB-31-5-300x399.jpg 300w, https:\/\/mouldking.store\/wp-content\/uploads\/2022\/11\/52TOYS-BB-31-5-600x799.jpg 600w, https:\/\/mouldking.store\/wp-content\/uploads\/2022\/11\/52TOYS-BB-31-5-113x150.jpg 113w, https:\/\/mouldking.store\/wp-content\/uploads\/2022\/11\/52TOYS-BB-31-5-45x60.jpg 45w, https:\/\/mouldking.store\/wp-content\/uploads\/2022\/11\/52TOYS-BB-31-5-68x90.jpg 68w\" sizes=\"(max-width: 769px) 100vw, 769px\" \/><figcaption id=\"caption-attachment-34456\" class=\"wp-caption-text\">52\u0110\u1ed2 CH\u01a0I BB-31 M\u00f3ng S\u00f3i B\u00e0n Tay S\u1eaft<\/figcaption><\/figure>\n<figure id=\"attachment_34457\" aria-describedby=\"caption-attachment-34457\" style=\"width: 766px\" class=\"wp-caption aligncenter\"><img loading=\"lazy\" decoding=\"async\" class=\"wp-image-34457 size-full\" src=\"https:\/\/mouldking.store\/wp-content\/uploads\/2022\/11\/52TOYS-BB-31-4.jpg\" alt=\"52TOYS BB-31 FIRMHAND Iron-fisted Wolf Claw\" width=\"766\" height=\"1024\" title=\"-\" srcset=\"https:\/\/mouldking.store\/wp-content\/uploads\/2022\/11\/52TOYS-BB-31-4.jpg 766w, https:\/\/mouldking.store\/wp-content\/uploads\/2022\/11\/52TOYS-BB-31-4-224x300.jpg 224w, https:\/\/mouldking.store\/wp-content\/uploads\/2022\/11\/52TOYS-BB-31-4-300x401.jpg 300w, https:\/\/mouldking.store\/wp-content\/uploads\/2022\/11\/52TOYS-BB-31-4-600x802.jpg 600w, https:\/\/mouldking.store\/wp-content\/uploads\/2022\/11\/52TOYS-BB-31-4-112x150.jpg 112w, https:\/\/mouldking.store\/wp-content\/uploads\/2022\/11\/52TOYS-BB-31-4-45x60.jpg 45w, https:\/\/mouldking.store\/wp-content\/uploads\/2022\/11\/52TOYS-BB-31-4-67x90.jpg 67w\" sizes=\"(max-width: 766px) 100vw, 766px\" \/><figcaption id=\"caption-attachment-34457\" class=\"wp-caption-text\">52\u0110\u1ed2 CH\u01a0I BB-31 M\u00f3ng S\u00f3i B\u00e0n Tay S\u1eaft<\/figcaption><\/figure>\n<figure id=\"attachment_34458\" aria-describedby=\"caption-attachment-34458\" style=\"width: 735px\" class=\"wp-caption aligncenter\"><img loading=\"lazy\" decoding=\"async\" class=\"wp-image-34458 size-full\" src=\"https:\/\/mouldking.store\/wp-content\/uploads\/2022\/11\/52TOYS-BB-31-3.jpg\" alt=\"52TOYS BB-31 FIRMHAND Iron-fisted Wolf Claw\" width=\"735\" height=\"1024\" title=\"-\" srcset=\"https:\/\/mouldking.store\/wp-content\/uploads\/2022\/11\/52TOYS-BB-31-3.jpg 735w, https:\/\/mouldking.store\/wp-content\/uploads\/2022\/11\/52TOYS-BB-31-3-215x300.jpg 215w, https:\/\/mouldking.store\/wp-content\/uploads\/2022\/11\/52TOYS-BB-31-3-300x418.jpg 300w, https:\/\/mouldking.store\/wp-content\/uploads\/2022\/11\/52TOYS-BB-31-3-600x836.jpg 600w, https:\/\/mouldking.store\/wp-content\/uploads\/2022\/11\/52TOYS-BB-31-3-108x150.jpg 108w, https:\/\/mouldking.store\/wp-content\/uploads\/2022\/11\/52TOYS-BB-31-3-43x60.jpg 43w, https:\/\/mouldking.store\/wp-content\/uploads\/2022\/11\/52TOYS-BB-31-3-65x90.jpg 65w\" sizes=\"(max-width: 735px) 100vw, 735px\" \/><figcaption id=\"caption-attachment-34458\" class=\"wp-caption-text\">52\u0110\u1ed2 CH\u01a0I BB-31 M\u00f3ng S\u00f3i B\u00e0n Tay S\u1eaft<\/figcaption><\/figure>\n<figure id=\"attachment_34459\" aria-describedby=\"caption-attachment-34459\" style=\"width: 646px\" class=\"wp-caption aligncenter\"><img loading=\"lazy\" decoding=\"async\" class=\"wp-image-34459 size-full\" src=\"https:\/\/mouldking.store\/wp-content\/uploads\/2022\/11\/52TOYS-BB-31-2.jpg\" alt=\"52TOYS BB-31 FIRMHAND Iron-fisted Wolf Claw\" width=\"646\" height=\"1024\" title=\"-\" srcset=\"https:\/\/mouldking.store\/wp-content\/uploads\/2022\/11\/52TOYS-BB-31-2.jpg 646w, https:\/\/mouldking.store\/wp-content\/uploads\/2022\/11\/52TOYS-BB-31-2-189x300.jpg 189w, https:\/\/mouldking.store\/wp-content\/uploads\/2022\/11\/52TOYS-BB-31-2-300x476.jpg 300w, https:\/\/mouldking.store\/wp-content\/uploads\/2022\/11\/52TOYS-BB-31-2-600x951.jpg 600w, https:\/\/mouldking.store\/wp-content\/uploads\/2022\/11\/52TOYS-BB-31-2-95x150.jpg 95w, https:\/\/mouldking.store\/wp-content\/uploads\/2022\/11\/52TOYS-BB-31-2-38x60.jpg 38w, https:\/\/mouldking.store\/wp-content\/uploads\/2022\/11\/52TOYS-BB-31-2-57x90.jpg 57w\" sizes=\"(max-width: 646px) 100vw, 646px\" \/><figcaption id=\"caption-attachment-34459\" class=\"wp-caption-text\">52\u0110\u1ed2 CH\u01a0I BB-31 M\u00f3ng S\u00f3i B\u00e0n Tay S\u1eaft<\/figcaption><\/figure>\n<figure id=\"attachment_34460\" aria-describedby=\"caption-attachment-34460\" style=\"width: 650px\" class=\"wp-caption aligncenter\"><img loading=\"lazy\" decoding=\"async\" class=\"wp-image-34460 size-full\" src=\"https:\/\/mouldking.store\/wp-content\/uploads\/2022\/11\/52TOYS-BB-31.jpg\" alt=\"52TOYS BB-31 FIRMHAND Iron-fisted Wolf Claw\" width=\"650\" height=\"1024\" title=\"-\" srcset=\"https:\/\/mouldking.store\/wp-content\/uploads\/2022\/11\/52TOYS-BB-31.jpg 650w, https:\/\/mouldking.store\/wp-content\/uploads\/2022\/11\/52TOYS-BB-31-190x300.jpg 190w, https:\/\/mouldking.store\/wp-content\/uploads\/2022\/11\/52TOYS-BB-31-300x473.jpg 300w, https:\/\/mouldking.store\/wp-content\/uploads\/2022\/11\/52TOYS-BB-31-600x945.jpg 600w, https:\/\/mouldking.store\/wp-content\/uploads\/2022\/11\/52TOYS-BB-31-95x150.jpg 95w, https:\/\/mouldking.store\/wp-content\/uploads\/2022\/11\/52TOYS-BB-31-38x60.jpg 38w, https:\/\/mouldking.store\/wp-content\/uploads\/2022\/11\/52TOYS-BB-31-57x90.jpg 57w\" sizes=\"(max-width: 650px) 100vw, 650px\" \/><figcaption id=\"caption-attachment-34460\" class=\"wp-caption-text\">52\u0110\u1ed2 CH\u01a0I BB-31 M\u00f3ng S\u00f3i B\u00e0n Tay S\u1eaft<\/figcaption><\/figure>","protected":false},"excerpt":{"rendered":"<p>Product information: Brand: 52TOYS Gender: Unisex Name: FIRMHAND Iron-fisted Wolf Claw Age Range: &gt; 6 years old Model Number: BB-31 Classification: Assemblage Plastic Block Shape: Self-Locking Bricks Material: Plastic Plastic Type: ABS Size: 17.5 cm Contains detailed assembly instructions. Notice: 1. Without an original box, but we guarantee our products have quality assurance and nice [&hellip;]<\/p>","protected":false},"featured_media":34451,"comment_status":"closed","ping_status":"closed","template":"","meta":{"_acf_changed":false},"product_cat":[1365],"product_tag":[6179,6964,6958,6959,6960,6965,6962,6961,6963],"class_list":["product","first","instock","shipping-taxable","purchasable","product-type-simple"],"acf":[],"_links":{"self":[{"href":"https:\/\/mouldking.store\/vi\/wp-json\/wp\/v2\/product\/34450","targetHints":{"allow":["GET"]}}],"collection":[{"href":"https:\/\/mouldking.store\/vi\/wp-json\/wp\/v2\/product"}],"about":[{"href":"https:\/\/mouldking.store\/vi\/wp-json\/wp\/v2\/types\/product"}],"replies":[{"embeddable":true,"href":"https:\/\/mouldking.store\/vi\/wp-json\/wp\/v2\/comments?post=34450"}],"wp:featuredmedia":[{"embeddable":true,"href":"https:\/\/mouldking.store\/vi\/wp-json\/wp\/v2\/media\/34451"}],"wp:attachment":[{"href":"https:\/\/mouldking.store\/vi\/wp-json\/wp\/v2\/media?parent=34450"}],"wp:term":[{"taxonomy":"product_cat","embeddable":true,"href":"https:\/\/mouldking.store\/vi\/wp-json\/wp\/v2\/product_cat?post=34450"},{"taxonomy":"product_tag","embeddable":true,"href":"https:\/\/mouldking.store\/vi\/wp-json\/wp\/v2\/product_tag?post=34450"}],"curies":[{"name":"wp","href":"https:\/\/api.w.org\/{rel}","templated":true}]}}