{"id":34461,"date":"2022-11-07T15:19:19","date_gmt":"2022-11-07T08:19:19","guid":{"rendered":"https:\/\/mouldking.store\/?post_type=product&#038;p=34461"},"modified":"2022-11-07T15:19:19","modified_gmt":"2022-11-07T08:19:19","slug":"52toys-bb-30-megadio-super-energy-dior","status":"publish","type":"product","link":"https:\/\/mouldking.store\/vi\/shop\/52toys-bb-30-megadio-super-energy-dior\/","title":{"rendered":"52TOYS BB-30 MEGADIO Super-Energy Dior"},"content":{"rendered":"<p>Th\u00f4ng tin s\u1ea3n ph\u1ea9m:<\/p>\n<ol>\n<li>Th\u01b0\u01a1ng hi\u1ec7u: 52TOYS<\/li>\n<li>Gi\u1edbi t\u00ednh: Unisex<\/li>\n<li>Name: MEGADIO Super-Energy Dior<\/li>\n<li>\u0110\u1ed9 tu\u1ed5i: &gt; 6 tu\u1ed5i<\/li>\n<li>Model Number: BB-30<\/li>\n<li>Ph\u00e2n lo\u1ea1i: T\u1eadp h\u1ee3p<\/li>\n<li>H\u00ecnh d\u1ea1ng kh\u1ed1i nh\u1ef1a: G\u1ea1ch t\u1ef1 kh\u00f3a<\/li>\n<li>Ch\u1ea5t li\u1ec7u: Nh\u1ef1a<\/li>\n<li>Lo\u1ea1i nh\u1ef1a: ABS<\/li>\n<li>Size: 11 cm<\/li>\n<li>Ch\u1ee9a h\u01b0\u1edbng d\u1eabn l\u1eafp r\u00e1p chi ti\u1ebft.<\/li>\n<\/ol>\n<p>\u0110\u1ec3 \u00fd:<br \/>\n1. Kh\u00f4ng c\u00f3 h\u1ed9p ban \u0111\u1ea7u, nh\u01b0ng ch\u00fang t\u00f4i \u0111\u1ea3m b\u1ea3o s\u1ea3n ph\u1ea9m c\u1ee7a ch\u00fang t\u00f4i c\u00f3 ch\u1ea5t l\u01b0\u1ee3ng \u0111\u1ea3m b\u1ea3o v\u00e0 bao b\u00ec \u0111\u1eb9p.<br \/>\n2. V\u00ec t\u1ea5t c\u1ea3 c\u00e1c b\u1ed9 ph\u1eadn ch\u00fang t\u00f4i \u0111\u00e3 ki\u1ec3m tra tr\u01b0\u1edbc khi v\u1eadn chuy\u1ec3n, v\u00ec v\u1eady n\u1ebfu b\u1ea1n th\u1ea5y m\u1ed9t s\u1ed1 b\u1ed9 ph\u1eadn b\u1ecb thi\u1ebfu ho\u1eb7c h\u01b0 h\u1ecfng, \u0111\u1eebng lo l\u1eafng v\u00e0 ch\u1ec9 c\u1ea7n vui l\u00f2ng li\u00ean h\u1ec7 v\u1edbi ch\u00fang t\u00f4i v\u00e0 ch\u00fang t\u00f4i c\u00f3 th\u1ec3 g\u1eedi l\u1ea1i mi\u1ec5n ph\u00ed cho b\u1ea1n ngay l\u1eadp t\u1ee9c.<\/p>\n<figure id=\"attachment_34462\" aria-describedby=\"caption-attachment-34462\" style=\"width: 800px\" class=\"wp-caption aligncenter\"><img fetchpriority=\"high\" decoding=\"async\" class=\"wp-image-34462 size-full\" src=\"https:\/\/mouldking.store\/wp-content\/uploads\/2022\/11\/52TOYS-BB-30-16.jpg\" alt=\"52TOYS BB-30 MEGADIO Super-Energy Dior\" width=\"800\" height=\"800\" title=\"-\" srcset=\"https:\/\/mouldking.store\/wp-content\/uploads\/2022\/11\/52TOYS-BB-30-16.jpg 800w, https:\/\/mouldking.store\/wp-content\/uploads\/2022\/11\/52TOYS-BB-30-16-300x300.jpg 300w, https:\/\/mouldking.store\/wp-content\/uploads\/2022\/11\/52TOYS-BB-30-16-768x768.jpg 768w, https:\/\/mouldking.store\/wp-content\/uploads\/2022\/11\/52TOYS-BB-30-16-600x600.jpg 600w, https:\/\/mouldking.store\/wp-content\/uploads\/2022\/11\/52TOYS-BB-30-16-150x150.jpg 150w, https:\/\/mouldking.store\/wp-content\/uploads\/2022\/11\/52TOYS-BB-30-16-60x60.jpg 60w, https:\/\/mouldking.store\/wp-content\/uploads\/2022\/11\/52TOYS-BB-30-16-90x90.jpg 90w\" sizes=\"(max-width: 800px) 100vw, 800px\" \/><figcaption id=\"caption-attachment-34462\" class=\"wp-caption-text\">52TOYS BB-30 MEGADIO Super-Energy Dior<\/figcaption><\/figure>\n<figure id=\"attachment_34463\" aria-describedby=\"caption-attachment-34463\" style=\"width: 750px\" class=\"wp-caption aligncenter\"><img decoding=\"async\" class=\"wp-image-34463 size-full\" src=\"https:\/\/mouldking.store\/wp-content\/uploads\/2022\/11\/52TOYS-BB-30-15.jpg\" alt=\"52TOYS BB-30 MEGADIO Super-Energy Dior\" width=\"750\" height=\"1000\" title=\"-\" srcset=\"https:\/\/mouldking.store\/wp-content\/uploads\/2022\/11\/52TOYS-BB-30-15.jpg 750w, https:\/\/mouldking.store\/wp-content\/uploads\/2022\/11\/52TOYS-BB-30-15-225x300.jpg 225w, https:\/\/mouldking.store\/wp-content\/uploads\/2022\/11\/52TOYS-BB-30-15-300x400.jpg 300w, https:\/\/mouldking.store\/wp-content\/uploads\/2022\/11\/52TOYS-BB-30-15-600x800.jpg 600w, https:\/\/mouldking.store\/wp-content\/uploads\/2022\/11\/52TOYS-BB-30-15-113x150.jpg 113w, https:\/\/mouldking.store\/wp-content\/uploads\/2022\/11\/52TOYS-BB-30-15-45x60.jpg 45w, https:\/\/mouldking.store\/wp-content\/uploads\/2022\/11\/52TOYS-BB-30-15-68x90.jpg 68w\" sizes=\"(max-width: 750px) 100vw, 750px\" \/><figcaption id=\"caption-attachment-34463\" class=\"wp-caption-text\">52TOYS BB-30 MEGADIO Super-Energy Dior<\/figcaption><\/figure>\n<figure id=\"attachment_34464\" aria-describedby=\"caption-attachment-34464\" style=\"width: 750px\" class=\"wp-caption aligncenter\"><img decoding=\"async\" class=\"wp-image-34464 size-full\" src=\"https:\/\/mouldking.store\/wp-content\/uploads\/2022\/11\/52TOYS-BB-30-14.jpg\" alt=\"52TOYS BB-30 MEGADIO Super-Energy Dior\" width=\"750\" height=\"1000\" title=\"-\" srcset=\"https:\/\/mouldking.store\/wp-content\/uploads\/2022\/11\/52TOYS-BB-30-14.jpg 750w, https:\/\/mouldking.store\/wp-content\/uploads\/2022\/11\/52TOYS-BB-30-14-225x300.jpg 225w, https:\/\/mouldking.store\/wp-content\/uploads\/2022\/11\/52TOYS-BB-30-14-300x400.jpg 300w, https:\/\/mouldking.store\/wp-content\/uploads\/2022\/11\/52TOYS-BB-30-14-600x800.jpg 600w, https:\/\/mouldking.store\/wp-content\/uploads\/2022\/11\/52TOYS-BB-30-14-113x150.jpg 113w, https:\/\/mouldking.store\/wp-content\/uploads\/2022\/11\/52TOYS-BB-30-14-45x60.jpg 45w, https:\/\/mouldking.store\/wp-content\/uploads\/2022\/11\/52TOYS-BB-30-14-68x90.jpg 68w\" sizes=\"(max-width: 750px) 100vw, 750px\" \/><figcaption id=\"caption-attachment-34464\" class=\"wp-caption-text\">52TOYS BB-30 MEGADIO Super-Energy Dior<\/figcaption><\/figure>\n<figure id=\"attachment_34465\" aria-describedby=\"caption-attachment-34465\" style=\"width: 750px\" class=\"wp-caption aligncenter\"><img loading=\"lazy\" decoding=\"async\" class=\"wp-image-34465 size-full\" src=\"https:\/\/mouldking.store\/wp-content\/uploads\/2022\/11\/52TOYS-BB-30-13.jpg\" alt=\"52TOYS BB-30 MEGADIO Super-Energy Dior\" width=\"750\" height=\"1000\" title=\"-\" srcset=\"https:\/\/mouldking.store\/wp-content\/uploads\/2022\/11\/52TOYS-BB-30-13.jpg 750w, https:\/\/mouldking.store\/wp-content\/uploads\/2022\/11\/52TOYS-BB-30-13-225x300.jpg 225w, https:\/\/mouldking.store\/wp-content\/uploads\/2022\/11\/52TOYS-BB-30-13-300x400.jpg 300w, https:\/\/mouldking.store\/wp-content\/uploads\/2022\/11\/52TOYS-BB-30-13-600x800.jpg 600w, https:\/\/mouldking.store\/wp-content\/uploads\/2022\/11\/52TOYS-BB-30-13-113x150.jpg 113w, https:\/\/mouldking.store\/wp-content\/uploads\/2022\/11\/52TOYS-BB-30-13-45x60.jpg 45w, https:\/\/mouldking.store\/wp-content\/uploads\/2022\/11\/52TOYS-BB-30-13-68x90.jpg 68w\" sizes=\"(max-width: 750px) 100vw, 750px\" \/><figcaption id=\"caption-attachment-34465\" class=\"wp-caption-text\">52TOYS BB-30 MEGADIO Super-Energy Dior<\/figcaption><\/figure>\n<figure id=\"attachment_34466\" aria-describedby=\"caption-attachment-34466\" style=\"width: 661px\" class=\"wp-caption aligncenter\"><img loading=\"lazy\" decoding=\"async\" class=\"wp-image-34466 size-full\" src=\"https:\/\/mouldking.store\/wp-content\/uploads\/2022\/11\/52TOYS-BB-30-12.jpg\" alt=\"52TOYS BB-30 MEGADIO Super-Energy Dior\" width=\"661\" height=\"1024\" title=\"-\" srcset=\"https:\/\/mouldking.store\/wp-content\/uploads\/2022\/11\/52TOYS-BB-30-12.jpg 661w, https:\/\/mouldking.store\/wp-content\/uploads\/2022\/11\/52TOYS-BB-30-12-194x300.jpg 194w, https:\/\/mouldking.store\/wp-content\/uploads\/2022\/11\/52TOYS-BB-30-12-300x465.jpg 300w, https:\/\/mouldking.store\/wp-content\/uploads\/2022\/11\/52TOYS-BB-30-12-600x930.jpg 600w, https:\/\/mouldking.store\/wp-content\/uploads\/2022\/11\/52TOYS-BB-30-12-97x150.jpg 97w, https:\/\/mouldking.store\/wp-content\/uploads\/2022\/11\/52TOYS-BB-30-12-39x60.jpg 39w, https:\/\/mouldking.store\/wp-content\/uploads\/2022\/11\/52TOYS-BB-30-12-58x90.jpg 58w\" sizes=\"(max-width: 661px) 100vw, 661px\" \/><figcaption id=\"caption-attachment-34466\" class=\"wp-caption-text\">52TOYS BB-30 MEGADIO Super-Energy Dior<\/figcaption><\/figure>\n<figure id=\"attachment_34467\" aria-describedby=\"caption-attachment-34467\" style=\"width: 715px\" class=\"wp-caption aligncenter\"><img loading=\"lazy\" decoding=\"async\" class=\"wp-image-34467 size-full\" src=\"https:\/\/mouldking.store\/wp-content\/uploads\/2022\/11\/52TOYS-BB-30-11.jpg\" alt=\"52TOYS BB-30 MEGADIO Super-Energy Dior\" width=\"715\" height=\"1024\" title=\"-\" srcset=\"https:\/\/mouldking.store\/wp-content\/uploads\/2022\/11\/52TOYS-BB-30-11.jpg 715w, https:\/\/mouldking.store\/wp-content\/uploads\/2022\/11\/52TOYS-BB-30-11-209x300.jpg 209w, https:\/\/mouldking.store\/wp-content\/uploads\/2022\/11\/52TOYS-BB-30-11-300x430.jpg 300w, https:\/\/mouldking.store\/wp-content\/uploads\/2022\/11\/52TOYS-BB-30-11-600x859.jpg 600w, https:\/\/mouldking.store\/wp-content\/uploads\/2022\/11\/52TOYS-BB-30-11-105x150.jpg 105w, https:\/\/mouldking.store\/wp-content\/uploads\/2022\/11\/52TOYS-BB-30-11-42x60.jpg 42w, https:\/\/mouldking.store\/wp-content\/uploads\/2022\/11\/52TOYS-BB-30-11-63x90.jpg 63w\" sizes=\"(max-width: 715px) 100vw, 715px\" \/><figcaption id=\"caption-attachment-34467\" class=\"wp-caption-text\">52TOYS BB-30 MEGADIO Super-Energy Dior<\/figcaption><\/figure>\n<figure id=\"attachment_34468\" aria-describedby=\"caption-attachment-34468\" style=\"width: 790px\" class=\"wp-caption aligncenter\"><img loading=\"lazy\" decoding=\"async\" class=\"wp-image-34468 size-full\" src=\"https:\/\/mouldking.store\/wp-content\/uploads\/2022\/11\/52TOYS-BB-30-10.jpg\" alt=\"52TOYS BB-30 MEGADIO Super-Energy Dior\" width=\"790\" height=\"527\" title=\"-\" srcset=\"https:\/\/mouldking.store\/wp-content\/uploads\/2022\/11\/52TOYS-BB-30-10.jpg 790w, https:\/\/mouldking.store\/wp-content\/uploads\/2022\/11\/52TOYS-BB-30-10-300x200.jpg 300w, https:\/\/mouldking.store\/wp-content\/uploads\/2022\/11\/52TOYS-BB-30-10-768x512.jpg 768w, https:\/\/mouldking.store\/wp-content\/uploads\/2022\/11\/52TOYS-BB-30-10-600x400.jpg 600w, https:\/\/mouldking.store\/wp-content\/uploads\/2022\/11\/52TOYS-BB-30-10-150x100.jpg 150w, https:\/\/mouldking.store\/wp-content\/uploads\/2022\/11\/52TOYS-BB-30-10-90x60.jpg 90w, https:\/\/mouldking.store\/wp-content\/uploads\/2022\/11\/52TOYS-BB-30-10-135x90.jpg 135w\" sizes=\"(max-width: 790px) 100vw, 790px\" \/><figcaption id=\"caption-attachment-34468\" class=\"wp-caption-text\">52TOYS BB-30 MEGADIO Super-Energy Dior<\/figcaption><\/figure>\n<figure id=\"attachment_34469\" aria-describedby=\"caption-attachment-34469\" style=\"width: 790px\" class=\"wp-caption aligncenter\"><img loading=\"lazy\" decoding=\"async\" class=\"wp-image-34469 size-full\" src=\"https:\/\/mouldking.store\/wp-content\/uploads\/2022\/11\/52TOYS-BB-30-9.jpg\" alt=\"52TOYS BB-30 MEGADIO Super-Energy Dior\" width=\"790\" height=\"527\" title=\"-\" srcset=\"https:\/\/mouldking.store\/wp-content\/uploads\/2022\/11\/52TOYS-BB-30-9.jpg 790w, https:\/\/mouldking.store\/wp-content\/uploads\/2022\/11\/52TOYS-BB-30-9-300x200.jpg 300w, https:\/\/mouldking.store\/wp-content\/uploads\/2022\/11\/52TOYS-BB-30-9-768x512.jpg 768w, https:\/\/mouldking.store\/wp-content\/uploads\/2022\/11\/52TOYS-BB-30-9-600x400.jpg 600w, https:\/\/mouldking.store\/wp-content\/uploads\/2022\/11\/52TOYS-BB-30-9-150x100.jpg 150w, https:\/\/mouldking.store\/wp-content\/uploads\/2022\/11\/52TOYS-BB-30-9-90x60.jpg 90w, https:\/\/mouldking.store\/wp-content\/uploads\/2022\/11\/52TOYS-BB-30-9-135x90.jpg 135w\" sizes=\"(max-width: 790px) 100vw, 790px\" \/><figcaption id=\"caption-attachment-34469\" class=\"wp-caption-text\">52TOYS BB-30 MEGADIO Super-Energy Dior<\/figcaption><\/figure>\n<figure id=\"attachment_34470\" aria-describedby=\"caption-attachment-34470\" style=\"width: 790px\" class=\"wp-caption aligncenter\"><img loading=\"lazy\" decoding=\"async\" class=\"wp-image-34470 size-full\" src=\"https:\/\/mouldking.store\/wp-content\/uploads\/2022\/11\/52TOYS-BB-30-8.jpg\" alt=\"52TOYS BB-30 MEGADIO Super-Energy Dior\" width=\"790\" height=\"527\" title=\"-\" srcset=\"https:\/\/mouldking.store\/wp-content\/uploads\/2022\/11\/52TOYS-BB-30-8.jpg 790w, https:\/\/mouldking.store\/wp-content\/uploads\/2022\/11\/52TOYS-BB-30-8-300x200.jpg 300w, https:\/\/mouldking.store\/wp-content\/uploads\/2022\/11\/52TOYS-BB-30-8-768x512.jpg 768w, https:\/\/mouldking.store\/wp-content\/uploads\/2022\/11\/52TOYS-BB-30-8-600x400.jpg 600w, https:\/\/mouldking.store\/wp-content\/uploads\/2022\/11\/52TOYS-BB-30-8-150x100.jpg 150w, https:\/\/mouldking.store\/wp-content\/uploads\/2022\/11\/52TOYS-BB-30-8-90x60.jpg 90w, https:\/\/mouldking.store\/wp-content\/uploads\/2022\/11\/52TOYS-BB-30-8-135x90.jpg 135w\" sizes=\"(max-width: 790px) 100vw, 790px\" \/><figcaption id=\"caption-attachment-34470\" class=\"wp-caption-text\">52TOYS BB-30 MEGADIO Super-Energy Dior<\/figcaption><\/figure>\n<figure id=\"attachment_34471\" aria-describedby=\"caption-attachment-34471\" style=\"width: 790px\" class=\"wp-caption aligncenter\"><img loading=\"lazy\" decoding=\"async\" class=\"wp-image-34471 size-full\" src=\"https:\/\/mouldking.store\/wp-content\/uploads\/2022\/11\/52TOYS-BB-30-7.jpg\" alt=\"52TOYS BB-30 MEGADIO Super-Energy Dior\" width=\"790\" height=\"527\" title=\"-\" srcset=\"https:\/\/mouldking.store\/wp-content\/uploads\/2022\/11\/52TOYS-BB-30-7.jpg 790w, https:\/\/mouldking.store\/wp-content\/uploads\/2022\/11\/52TOYS-BB-30-7-300x200.jpg 300w, https:\/\/mouldking.store\/wp-content\/uploads\/2022\/11\/52TOYS-BB-30-7-768x512.jpg 768w, https:\/\/mouldking.store\/wp-content\/uploads\/2022\/11\/52TOYS-BB-30-7-600x400.jpg 600w, https:\/\/mouldking.store\/wp-content\/uploads\/2022\/11\/52TOYS-BB-30-7-150x100.jpg 150w, https:\/\/mouldking.store\/wp-content\/uploads\/2022\/11\/52TOYS-BB-30-7-90x60.jpg 90w, https:\/\/mouldking.store\/wp-content\/uploads\/2022\/11\/52TOYS-BB-30-7-135x90.jpg 135w\" sizes=\"(max-width: 790px) 100vw, 790px\" \/><figcaption id=\"caption-attachment-34471\" class=\"wp-caption-text\">52TOYS BB-30 MEGADIO Super-Energy Dior<\/figcaption><\/figure>\n<figure id=\"attachment_34472\" aria-describedby=\"caption-attachment-34472\" style=\"width: 753px\" class=\"wp-caption aligncenter\"><img loading=\"lazy\" decoding=\"async\" class=\"wp-image-34472 size-full\" src=\"https:\/\/mouldking.store\/wp-content\/uploads\/2022\/11\/52TOYS-BB-30-6.jpg\" alt=\"52TOYS BB-30 MEGADIO Super-Energy Dior\" width=\"753\" height=\"1024\" title=\"-\" srcset=\"https:\/\/mouldking.store\/wp-content\/uploads\/2022\/11\/52TOYS-BB-30-6.jpg 753w, https:\/\/mouldking.store\/wp-content\/uploads\/2022\/11\/52TOYS-BB-30-6-221x300.jpg 221w, https:\/\/mouldking.store\/wp-content\/uploads\/2022\/11\/52TOYS-BB-30-6-300x408.jpg 300w, https:\/\/mouldking.store\/wp-content\/uploads\/2022\/11\/52TOYS-BB-30-6-600x816.jpg 600w, https:\/\/mouldking.store\/wp-content\/uploads\/2022\/11\/52TOYS-BB-30-6-110x150.jpg 110w, https:\/\/mouldking.store\/wp-content\/uploads\/2022\/11\/52TOYS-BB-30-6-44x60.jpg 44w, https:\/\/mouldking.store\/wp-content\/uploads\/2022\/11\/52TOYS-BB-30-6-66x90.jpg 66w\" sizes=\"(max-width: 753px) 100vw, 753px\" \/><figcaption id=\"caption-attachment-34472\" class=\"wp-caption-text\">52TOYS BB-30 MEGADIO Super-Energy Dior<\/figcaption><\/figure>\n<figure id=\"attachment_34473\" aria-describedby=\"caption-attachment-34473\" style=\"width: 765px\" class=\"wp-caption aligncenter\"><img loading=\"lazy\" decoding=\"async\" class=\"wp-image-34473 size-full\" src=\"https:\/\/mouldking.store\/wp-content\/uploads\/2022\/11\/52TOYS-BB-30-5.jpg\" alt=\"52TOYS BB-30 MEGADIO Super-Energy Dior\" width=\"765\" height=\"1024\" title=\"-\" srcset=\"https:\/\/mouldking.store\/wp-content\/uploads\/2022\/11\/52TOYS-BB-30-5.jpg 765w, https:\/\/mouldking.store\/wp-content\/uploads\/2022\/11\/52TOYS-BB-30-5-224x300.jpg 224w, https:\/\/mouldking.store\/wp-content\/uploads\/2022\/11\/52TOYS-BB-30-5-300x402.jpg 300w, https:\/\/mouldking.store\/wp-content\/uploads\/2022\/11\/52TOYS-BB-30-5-600x803.jpg 600w, https:\/\/mouldking.store\/wp-content\/uploads\/2022\/11\/52TOYS-BB-30-5-112x150.jpg 112w, https:\/\/mouldking.store\/wp-content\/uploads\/2022\/11\/52TOYS-BB-30-5-45x60.jpg 45w, https:\/\/mouldking.store\/wp-content\/uploads\/2022\/11\/52TOYS-BB-30-5-67x90.jpg 67w\" sizes=\"(max-width: 765px) 100vw, 765px\" \/><figcaption id=\"caption-attachment-34473\" class=\"wp-caption-text\">52TOYS BB-30 MEGADIO Super-Energy Dior<\/figcaption><\/figure>\n<figure id=\"attachment_34474\" aria-describedby=\"caption-attachment-34474\" style=\"width: 555px\" class=\"wp-caption aligncenter\"><img loading=\"lazy\" decoding=\"async\" class=\"wp-image-34474 size-full\" src=\"https:\/\/mouldking.store\/wp-content\/uploads\/2022\/11\/52TOYS-BB-30-4.jpg\" alt=\"52TOYS BB-30 MEGADIO Super-Energy Dior\" width=\"555\" height=\"1024\" title=\"-\" srcset=\"https:\/\/mouldking.store\/wp-content\/uploads\/2022\/11\/52TOYS-BB-30-4.jpg 555w, https:\/\/mouldking.store\/wp-content\/uploads\/2022\/11\/52TOYS-BB-30-4-163x300.jpg 163w, https:\/\/mouldking.store\/wp-content\/uploads\/2022\/11\/52TOYS-BB-30-4-300x554.jpg 300w, https:\/\/mouldking.store\/wp-content\/uploads\/2022\/11\/52TOYS-BB-30-4-81x150.jpg 81w, https:\/\/mouldking.store\/wp-content\/uploads\/2022\/11\/52TOYS-BB-30-4-33x60.jpg 33w, https:\/\/mouldking.store\/wp-content\/uploads\/2022\/11\/52TOYS-BB-30-4-49x90.jpg 49w\" sizes=\"(max-width: 555px) 100vw, 555px\" \/><figcaption id=\"caption-attachment-34474\" class=\"wp-caption-text\">52TOYS BB-30 MEGADIO Super-Energy Dior<\/figcaption><\/figure>\n<figure id=\"attachment_34475\" aria-describedby=\"caption-attachment-34475\" style=\"width: 1024px\" class=\"wp-caption aligncenter\"><img loading=\"lazy\" decoding=\"async\" class=\"wp-image-34475 size-full\" src=\"https:\/\/mouldking.store\/wp-content\/uploads\/2022\/11\/52TOYS-BB-30-3.jpg\" alt=\"52TOYS BB-30 MEGADIO Super-Energy Dior\" width=\"1024\" height=\"975\" title=\"-\" srcset=\"https:\/\/mouldking.store\/wp-content\/uploads\/2022\/11\/52TOYS-BB-30-3.jpg 1024w, https:\/\/mouldking.store\/wp-content\/uploads\/2022\/11\/52TOYS-BB-30-3-300x286.jpg 300w, https:\/\/mouldking.store\/wp-content\/uploads\/2022\/11\/52TOYS-BB-30-3-768x731.jpg 768w, https:\/\/mouldking.store\/wp-content\/uploads\/2022\/11\/52TOYS-BB-30-3-600x571.jpg 600w, https:\/\/mouldking.store\/wp-content\/uploads\/2022\/11\/52TOYS-BB-30-3-150x143.jpg 150w, https:\/\/mouldking.store\/wp-content\/uploads\/2022\/11\/52TOYS-BB-30-3-63x60.jpg 63w, https:\/\/mouldking.store\/wp-content\/uploads\/2022\/11\/52TOYS-BB-30-3-95x90.jpg 95w\" sizes=\"(max-width: 1024px) 100vw, 1024px\" \/><figcaption id=\"caption-attachment-34475\" class=\"wp-caption-text\">52TOYS BB-30 MEGADIO Super-Energy Dior<\/figcaption><\/figure>\n<figure id=\"attachment_34476\" aria-describedby=\"caption-attachment-34476\" style=\"width: 749px\" class=\"wp-caption aligncenter\"><img loading=\"lazy\" decoding=\"async\" class=\"wp-image-34476 size-full\" src=\"https:\/\/mouldking.store\/wp-content\/uploads\/2022\/11\/52TOYS-BB-30-2.jpg\" alt=\"52TOYS BB-30 MEGADIO Super-Energy Dior\" width=\"749\" height=\"1024\" title=\"-\" srcset=\"https:\/\/mouldking.store\/wp-content\/uploads\/2022\/11\/52TOYS-BB-30-2.jpg 749w, https:\/\/mouldking.store\/wp-content\/uploads\/2022\/11\/52TOYS-BB-30-2-219x300.jpg 219w, https:\/\/mouldking.store\/wp-content\/uploads\/2022\/11\/52TOYS-BB-30-2-300x410.jpg 300w, https:\/\/mouldking.store\/wp-content\/uploads\/2022\/11\/52TOYS-BB-30-2-600x820.jpg 600w, https:\/\/mouldking.store\/wp-content\/uploads\/2022\/11\/52TOYS-BB-30-2-110x150.jpg 110w, https:\/\/mouldking.store\/wp-content\/uploads\/2022\/11\/52TOYS-BB-30-2-44x60.jpg 44w, https:\/\/mouldking.store\/wp-content\/uploads\/2022\/11\/52TOYS-BB-30-2-66x90.jpg 66w\" sizes=\"(max-width: 749px) 100vw, 749px\" \/><figcaption id=\"caption-attachment-34476\" class=\"wp-caption-text\">52TOYS BB-30 MEGADIO Super-Energy Dior<\/figcaption><\/figure>\n<figure id=\"attachment_34477\" aria-describedby=\"caption-attachment-34477\" style=\"width: 1024px\" class=\"wp-caption aligncenter\"><img loading=\"lazy\" decoding=\"async\" class=\"wp-image-34477 size-full\" src=\"https:\/\/mouldking.store\/wp-content\/uploads\/2022\/11\/52TOYS-BB-30.jpg\" alt=\"52TOYS BB-30 MEGADIO Super-Energy Dior\" width=\"1024\" height=\"689\" title=\"-\" srcset=\"https:\/\/mouldking.store\/wp-content\/uploads\/2022\/11\/52TOYS-BB-30.jpg 1024w, https:\/\/mouldking.store\/wp-content\/uploads\/2022\/11\/52TOYS-BB-30-300x202.jpg 300w, https:\/\/mouldking.store\/wp-content\/uploads\/2022\/11\/52TOYS-BB-30-768x517.jpg 768w, https:\/\/mouldking.store\/wp-content\/uploads\/2022\/11\/52TOYS-BB-30-600x404.jpg 600w, https:\/\/mouldking.store\/wp-content\/uploads\/2022\/11\/52TOYS-BB-30-150x101.jpg 150w, https:\/\/mouldking.store\/wp-content\/uploads\/2022\/11\/52TOYS-BB-30-89x60.jpg 89w, https:\/\/mouldking.store\/wp-content\/uploads\/2022\/11\/52TOYS-BB-30-134x90.jpg 134w\" sizes=\"(max-width: 1024px) 100vw, 1024px\" \/><figcaption id=\"caption-attachment-34477\" class=\"wp-caption-text\">52TOYS BB-30 MEGADIO Super-Energy Dior<\/figcaption><\/figure>","protected":false},"excerpt":{"rendered":"<p>Product information: Brand: 52TOYS Gender: Unisex Name: MEGADIO Super-Energy Dior Age Range: &gt; 6 years old Model Number: BB-30 Classification: Assemblage Plastic Block Shape: Self-Locking Bricks Material: Plastic Plastic Type: ABS Size: 11 cm Contains detailed assembly instructions. Notice: 1. Without an original box, but we guarantee our products have quality assurance and nice packaging. [&hellip;]<\/p>","protected":false},"featured_media":34462,"comment_status":"closed","ping_status":"closed","template":"","meta":{"_acf_changed":false},"product_cat":[1365],"product_tag":[6179,6970,6966,6967,6968,6971,6969],"class_list":["product","first","instock","shipping-taxable","purchasable","product-type-simple"],"acf":[],"_links":{"self":[{"href":"https:\/\/mouldking.store\/vi\/wp-json\/wp\/v2\/product\/34461","targetHints":{"allow":["GET"]}}],"collection":[{"href":"https:\/\/mouldking.store\/vi\/wp-json\/wp\/v2\/product"}],"about":[{"href":"https:\/\/mouldking.store\/vi\/wp-json\/wp\/v2\/types\/product"}],"replies":[{"embeddable":true,"href":"https:\/\/mouldking.store\/vi\/wp-json\/wp\/v2\/comments?post=34461"}],"wp:featuredmedia":[{"embeddable":true,"href":"https:\/\/mouldking.store\/vi\/wp-json\/wp\/v2\/media\/34462"}],"wp:attachment":[{"href":"https:\/\/mouldking.store\/vi\/wp-json\/wp\/v2\/media?parent=34461"}],"wp:term":[{"taxonomy":"product_cat","embeddable":true,"href":"https:\/\/mouldking.store\/vi\/wp-json\/wp\/v2\/product_cat?post=34461"},{"taxonomy":"product_tag","embeddable":true,"href":"https:\/\/mouldking.store\/vi\/wp-json\/wp\/v2\/product_tag?post=34461"}],"curies":[{"name":"wp","href":"https:\/\/api.w.org\/{rel}","templated":true}]}}