{"id":34491,"date":"2022-11-07T15:37:17","date_gmt":"2022-11-07T08:37:17","guid":{"rendered":"https:\/\/mouldking.store\/?post_type=product&#038;p=34491"},"modified":"2022-11-07T15:37:17","modified_gmt":"2022-11-07T08:37:17","slug":"52toys-bb-28-reaper-mantis-insects","status":"publish","type":"product","link":"https:\/\/mouldking.store\/vi\/shop\/52toys-bb-28-reaper-mantis-insects\/","title":{"rendered":"52\u0110\u1ed2 CH\u01a0I BB-28 REAPER B\u1ecd ng\u1ef1a C\u00f4n tr\u00f9ng"},"content":{"rendered":"<p>Th\u00f4ng tin s\u1ea3n ph\u1ea9m:<\/p>\n<ol>\n<li>Th\u01b0\u01a1ng hi\u1ec7u: 52TOYS<\/li>\n<li>Gi\u1edbi t\u00ednh: Unisex<\/li>\n<li>T\u00ean: REAPER Mantis C\u00f4n tr\u00f9ng<\/li>\n<li>\u0110\u1ed9 tu\u1ed5i: &gt; 6 tu\u1ed5i<\/li>\n<li>S\u1ed1 m\u00f4 h\u00ecnh: BB-28<\/li>\n<li>Ph\u00e2n lo\u1ea1i: T\u1eadp h\u1ee3p<\/li>\n<li>H\u00ecnh d\u1ea1ng kh\u1ed1i nh\u1ef1a: G\u1ea1ch t\u1ef1 kh\u00f3a<\/li>\n<li>Ch\u1ea5t li\u1ec7u: Nh\u1ef1a<\/li>\n<li>Lo\u1ea1i nh\u1ef1a: ABS<\/li>\n<li>K\u00edch th\u01b0\u1edbc: 19cm<\/li>\n<li>Ch\u1ee9a h\u01b0\u1edbng d\u1eabn l\u1eafp r\u00e1p chi ti\u1ebft.<\/li>\n<\/ol>\n<p>\u0110\u1ec3 \u00fd:<br \/>\n1. Kh\u00f4ng c\u00f3 h\u1ed9p ban \u0111\u1ea7u, nh\u01b0ng ch\u00fang t\u00f4i \u0111\u1ea3m b\u1ea3o s\u1ea3n ph\u1ea9m c\u1ee7a ch\u00fang t\u00f4i c\u00f3 ch\u1ea5t l\u01b0\u1ee3ng \u0111\u1ea3m b\u1ea3o v\u00e0 bao b\u00ec \u0111\u1eb9p.<br \/>\n2. V\u00ec t\u1ea5t c\u1ea3 c\u00e1c b\u1ed9 ph\u1eadn ch\u00fang t\u00f4i \u0111\u00e3 ki\u1ec3m tra tr\u01b0\u1edbc khi v\u1eadn chuy\u1ec3n, v\u00ec v\u1eady n\u1ebfu b\u1ea1n th\u1ea5y m\u1ed9t s\u1ed1 b\u1ed9 ph\u1eadn b\u1ecb thi\u1ebfu ho\u1eb7c h\u01b0 h\u1ecfng, \u0111\u1eebng lo l\u1eafng v\u00e0 ch\u1ec9 c\u1ea7n vui l\u00f2ng li\u00ean h\u1ec7 v\u1edbi ch\u00fang t\u00f4i v\u00e0 ch\u00fang t\u00f4i c\u00f3 th\u1ec3 g\u1eedi l\u1ea1i mi\u1ec5n ph\u00ed cho b\u1ea1n ngay l\u1eadp t\u1ee9c.<\/p>\n<figure id=\"attachment_34492\" aria-describedby=\"caption-attachment-34492\" style=\"width: 800px\" class=\"wp-caption aligncenter\"><img fetchpriority=\"high\" decoding=\"async\" class=\"wp-image-34492 size-full\" src=\"https:\/\/mouldking.store\/wp-content\/uploads\/2022\/11\/52TOYS-BB-28-16.jpg\" alt=\"52TOYS BB-28 REAPER Mantis Insects\" width=\"800\" height=\"800\" title=\"-\" srcset=\"https:\/\/mouldking.store\/wp-content\/uploads\/2022\/11\/52TOYS-BB-28-16.jpg 800w, https:\/\/mouldking.store\/wp-content\/uploads\/2022\/11\/52TOYS-BB-28-16-300x300.jpg 300w, https:\/\/mouldking.store\/wp-content\/uploads\/2022\/11\/52TOYS-BB-28-16-768x768.jpg 768w, https:\/\/mouldking.store\/wp-content\/uploads\/2022\/11\/52TOYS-BB-28-16-600x600.jpg 600w, https:\/\/mouldking.store\/wp-content\/uploads\/2022\/11\/52TOYS-BB-28-16-150x150.jpg 150w, https:\/\/mouldking.store\/wp-content\/uploads\/2022\/11\/52TOYS-BB-28-16-60x60.jpg 60w, https:\/\/mouldking.store\/wp-content\/uploads\/2022\/11\/52TOYS-BB-28-16-90x90.jpg 90w\" sizes=\"(max-width: 800px) 100vw, 800px\" \/><figcaption id=\"caption-attachment-34492\" class=\"wp-caption-text\">52\u0110\u1ed2 CH\u01a0I BB-28 REAPER B\u1ecd ng\u1ef1a C\u00f4n tr\u00f9ng<\/figcaption><\/figure>\n<figure id=\"attachment_34493\" aria-describedby=\"caption-attachment-34493\" style=\"width: 749px\" class=\"wp-caption aligncenter\"><img decoding=\"async\" class=\"wp-image-34493 size-full\" src=\"https:\/\/mouldking.store\/wp-content\/uploads\/2022\/11\/52TOYS-BB-28-15.jpg\" alt=\"52TOYS BB-28 REAPER Mantis Insects\" width=\"749\" height=\"1024\" title=\"-\" srcset=\"https:\/\/mouldking.store\/wp-content\/uploads\/2022\/11\/52TOYS-BB-28-15.jpg 749w, https:\/\/mouldking.store\/wp-content\/uploads\/2022\/11\/52TOYS-BB-28-15-219x300.jpg 219w, https:\/\/mouldking.store\/wp-content\/uploads\/2022\/11\/52TOYS-BB-28-15-300x410.jpg 300w, https:\/\/mouldking.store\/wp-content\/uploads\/2022\/11\/52TOYS-BB-28-15-600x820.jpg 600w, https:\/\/mouldking.store\/wp-content\/uploads\/2022\/11\/52TOYS-BB-28-15-110x150.jpg 110w, https:\/\/mouldking.store\/wp-content\/uploads\/2022\/11\/52TOYS-BB-28-15-44x60.jpg 44w, https:\/\/mouldking.store\/wp-content\/uploads\/2022\/11\/52TOYS-BB-28-15-66x90.jpg 66w\" sizes=\"(max-width: 749px) 100vw, 749px\" \/><figcaption id=\"caption-attachment-34493\" class=\"wp-caption-text\">52\u0110\u1ed2 CH\u01a0I BB-28 REAPER B\u1ecd ng\u1ef1a C\u00f4n tr\u00f9ng<\/figcaption><\/figure>\n<figure id=\"attachment_34494\" aria-describedby=\"caption-attachment-34494\" style=\"width: 750px\" class=\"wp-caption aligncenter\"><img decoding=\"async\" class=\"wp-image-34494 size-full\" src=\"https:\/\/mouldking.store\/wp-content\/uploads\/2022\/11\/52TOYS-BB-28-14.jpg\" alt=\"52TOYS BB-28 REAPER Mantis Insects\" width=\"750\" height=\"1000\" title=\"-\" srcset=\"https:\/\/mouldking.store\/wp-content\/uploads\/2022\/11\/52TOYS-BB-28-14.jpg 750w, https:\/\/mouldking.store\/wp-content\/uploads\/2022\/11\/52TOYS-BB-28-14-225x300.jpg 225w, https:\/\/mouldking.store\/wp-content\/uploads\/2022\/11\/52TOYS-BB-28-14-300x400.jpg 300w, https:\/\/mouldking.store\/wp-content\/uploads\/2022\/11\/52TOYS-BB-28-14-600x800.jpg 600w, https:\/\/mouldking.store\/wp-content\/uploads\/2022\/11\/52TOYS-BB-28-14-113x150.jpg 113w, https:\/\/mouldking.store\/wp-content\/uploads\/2022\/11\/52TOYS-BB-28-14-45x60.jpg 45w, https:\/\/mouldking.store\/wp-content\/uploads\/2022\/11\/52TOYS-BB-28-14-68x90.jpg 68w\" sizes=\"(max-width: 750px) 100vw, 750px\" \/><figcaption id=\"caption-attachment-34494\" class=\"wp-caption-text\">52\u0110\u1ed2 CH\u01a0I BB-28 REAPER B\u1ecd ng\u1ef1a C\u00f4n tr\u00f9ng<\/figcaption><\/figure>\n<figure id=\"attachment_34495\" aria-describedby=\"caption-attachment-34495\" style=\"width: 750px\" class=\"wp-caption aligncenter\"><img loading=\"lazy\" decoding=\"async\" class=\"wp-image-34495 size-full\" src=\"https:\/\/mouldking.store\/wp-content\/uploads\/2022\/11\/52TOYS-BB-28-13.jpg\" alt=\"52TOYS BB-28 REAPER Mantis Insects\" width=\"750\" height=\"1000\" title=\"-\" srcset=\"https:\/\/mouldking.store\/wp-content\/uploads\/2022\/11\/52TOYS-BB-28-13.jpg 750w, https:\/\/mouldking.store\/wp-content\/uploads\/2022\/11\/52TOYS-BB-28-13-225x300.jpg 225w, https:\/\/mouldking.store\/wp-content\/uploads\/2022\/11\/52TOYS-BB-28-13-300x400.jpg 300w, https:\/\/mouldking.store\/wp-content\/uploads\/2022\/11\/52TOYS-BB-28-13-600x800.jpg 600w, https:\/\/mouldking.store\/wp-content\/uploads\/2022\/11\/52TOYS-BB-28-13-113x150.jpg 113w, https:\/\/mouldking.store\/wp-content\/uploads\/2022\/11\/52TOYS-BB-28-13-45x60.jpg 45w, https:\/\/mouldking.store\/wp-content\/uploads\/2022\/11\/52TOYS-BB-28-13-68x90.jpg 68w\" sizes=\"(max-width: 750px) 100vw, 750px\" \/><figcaption id=\"caption-attachment-34495\" class=\"wp-caption-text\">52\u0110\u1ed2 CH\u01a0I BB-28 REAPER B\u1ecd ng\u1ef1a C\u00f4n tr\u00f9ng<\/figcaption><\/figure>\n<figure id=\"attachment_34496\" aria-describedby=\"caption-attachment-34496\" style=\"width: 750px\" class=\"wp-caption aligncenter\"><img loading=\"lazy\" decoding=\"async\" class=\"wp-image-34496 size-full\" src=\"https:\/\/mouldking.store\/wp-content\/uploads\/2022\/11\/52TOYS-BB-28-12.jpg\" alt=\"52TOYS BB-28 REAPER Mantis Insects\" width=\"750\" height=\"1000\" title=\"-\" srcset=\"https:\/\/mouldking.store\/wp-content\/uploads\/2022\/11\/52TOYS-BB-28-12.jpg 750w, https:\/\/mouldking.store\/wp-content\/uploads\/2022\/11\/52TOYS-BB-28-12-225x300.jpg 225w, https:\/\/mouldking.store\/wp-content\/uploads\/2022\/11\/52TOYS-BB-28-12-300x400.jpg 300w, https:\/\/mouldking.store\/wp-content\/uploads\/2022\/11\/52TOYS-BB-28-12-600x800.jpg 600w, https:\/\/mouldking.store\/wp-content\/uploads\/2022\/11\/52TOYS-BB-28-12-113x150.jpg 113w, https:\/\/mouldking.store\/wp-content\/uploads\/2022\/11\/52TOYS-BB-28-12-45x60.jpg 45w, https:\/\/mouldking.store\/wp-content\/uploads\/2022\/11\/52TOYS-BB-28-12-68x90.jpg 68w\" sizes=\"(max-width: 750px) 100vw, 750px\" \/><figcaption id=\"caption-attachment-34496\" class=\"wp-caption-text\">52\u0110\u1ed2 CH\u01a0I BB-28 REAPER B\u1ecd ng\u1ef1a C\u00f4n tr\u00f9ng<\/figcaption><\/figure>\n<figure id=\"attachment_34497\" aria-describedby=\"caption-attachment-34497\" style=\"width: 661px\" class=\"wp-caption aligncenter\"><img loading=\"lazy\" decoding=\"async\" class=\"wp-image-34497 size-full\" src=\"https:\/\/mouldking.store\/wp-content\/uploads\/2022\/11\/52TOYS-BB-28-11.jpg\" alt=\"52TOYS BB-28 REAPER Mantis Insects\" width=\"661\" height=\"1024\" title=\"-\" srcset=\"https:\/\/mouldking.store\/wp-content\/uploads\/2022\/11\/52TOYS-BB-28-11.jpg 661w, https:\/\/mouldking.store\/wp-content\/uploads\/2022\/11\/52TOYS-BB-28-11-194x300.jpg 194w, https:\/\/mouldking.store\/wp-content\/uploads\/2022\/11\/52TOYS-BB-28-11-300x465.jpg 300w, https:\/\/mouldking.store\/wp-content\/uploads\/2022\/11\/52TOYS-BB-28-11-600x930.jpg 600w, https:\/\/mouldking.store\/wp-content\/uploads\/2022\/11\/52TOYS-BB-28-11-97x150.jpg 97w, https:\/\/mouldking.store\/wp-content\/uploads\/2022\/11\/52TOYS-BB-28-11-39x60.jpg 39w, https:\/\/mouldking.store\/wp-content\/uploads\/2022\/11\/52TOYS-BB-28-11-58x90.jpg 58w\" sizes=\"(max-width: 661px) 100vw, 661px\" \/><figcaption id=\"caption-attachment-34497\" class=\"wp-caption-text\">52\u0110\u1ed2 CH\u01a0I BB-28 REAPER B\u1ecd ng\u1ef1a C\u00f4n tr\u00f9ng<\/figcaption><\/figure>\n<figure id=\"attachment_34498\" aria-describedby=\"caption-attachment-34498\" style=\"width: 720px\" class=\"wp-caption aligncenter\"><img loading=\"lazy\" decoding=\"async\" class=\"wp-image-34498 size-full\" src=\"https:\/\/mouldking.store\/wp-content\/uploads\/2022\/11\/52TOYS-BB-28-10.jpg\" alt=\"52TOYS BB-28 REAPER Mantis Insects\" width=\"720\" height=\"1024\" title=\"-\" srcset=\"https:\/\/mouldking.store\/wp-content\/uploads\/2022\/11\/52TOYS-BB-28-10.jpg 720w, https:\/\/mouldking.store\/wp-content\/uploads\/2022\/11\/52TOYS-BB-28-10-211x300.jpg 211w, https:\/\/mouldking.store\/wp-content\/uploads\/2022\/11\/52TOYS-BB-28-10-300x427.jpg 300w, https:\/\/mouldking.store\/wp-content\/uploads\/2022\/11\/52TOYS-BB-28-10-600x853.jpg 600w, https:\/\/mouldking.store\/wp-content\/uploads\/2022\/11\/52TOYS-BB-28-10-105x150.jpg 105w, https:\/\/mouldking.store\/wp-content\/uploads\/2022\/11\/52TOYS-BB-28-10-42x60.jpg 42w, https:\/\/mouldking.store\/wp-content\/uploads\/2022\/11\/52TOYS-BB-28-10-63x90.jpg 63w\" sizes=\"(max-width: 720px) 100vw, 720px\" \/><figcaption id=\"caption-attachment-34498\" class=\"wp-caption-text\">52\u0110\u1ed2 CH\u01a0I BB-28 REAPER B\u1ecd ng\u1ef1a C\u00f4n tr\u00f9ng<\/figcaption><\/figure>\n<figure id=\"attachment_34499\" aria-describedby=\"caption-attachment-34499\" style=\"width: 690px\" class=\"wp-caption aligncenter\"><img loading=\"lazy\" decoding=\"async\" class=\"wp-image-34499 size-full\" src=\"https:\/\/mouldking.store\/wp-content\/uploads\/2022\/11\/52TOYS-BB-28-9.jpg\" alt=\"52TOYS BB-28 REAPER Mantis Insects\" width=\"690\" height=\"1024\" title=\"-\" srcset=\"https:\/\/mouldking.store\/wp-content\/uploads\/2022\/11\/52TOYS-BB-28-9.jpg 690w, https:\/\/mouldking.store\/wp-content\/uploads\/2022\/11\/52TOYS-BB-28-9-202x300.jpg 202w, https:\/\/mouldking.store\/wp-content\/uploads\/2022\/11\/52TOYS-BB-28-9-300x445.jpg 300w, https:\/\/mouldking.store\/wp-content\/uploads\/2022\/11\/52TOYS-BB-28-9-600x890.jpg 600w, https:\/\/mouldking.store\/wp-content\/uploads\/2022\/11\/52TOYS-BB-28-9-101x150.jpg 101w, https:\/\/mouldking.store\/wp-content\/uploads\/2022\/11\/52TOYS-BB-28-9-40x60.jpg 40w, https:\/\/mouldking.store\/wp-content\/uploads\/2022\/11\/52TOYS-BB-28-9-61x90.jpg 61w\" sizes=\"(max-width: 690px) 100vw, 690px\" \/><figcaption id=\"caption-attachment-34499\" class=\"wp-caption-text\">52\u0110\u1ed2 CH\u01a0I BB-28 REAPER B\u1ecd ng\u1ef1a C\u00f4n tr\u00f9ng<\/figcaption><\/figure>\n<figure id=\"attachment_34500\" aria-describedby=\"caption-attachment-34500\" style=\"width: 790px\" class=\"wp-caption aligncenter\"><img loading=\"lazy\" decoding=\"async\" class=\"wp-image-34500 size-full\" src=\"https:\/\/mouldking.store\/wp-content\/uploads\/2022\/11\/52TOYS-BB-28-8.jpg\" alt=\"52TOYS BB-28 REAPER Mantis Insects\" width=\"790\" height=\"527\" title=\"-\" srcset=\"https:\/\/mouldking.store\/wp-content\/uploads\/2022\/11\/52TOYS-BB-28-8.jpg 790w, https:\/\/mouldking.store\/wp-content\/uploads\/2022\/11\/52TOYS-BB-28-8-300x200.jpg 300w, https:\/\/mouldking.store\/wp-content\/uploads\/2022\/11\/52TOYS-BB-28-8-768x512.jpg 768w, https:\/\/mouldking.store\/wp-content\/uploads\/2022\/11\/52TOYS-BB-28-8-600x400.jpg 600w, https:\/\/mouldking.store\/wp-content\/uploads\/2022\/11\/52TOYS-BB-28-8-150x100.jpg 150w, https:\/\/mouldking.store\/wp-content\/uploads\/2022\/11\/52TOYS-BB-28-8-90x60.jpg 90w, https:\/\/mouldking.store\/wp-content\/uploads\/2022\/11\/52TOYS-BB-28-8-135x90.jpg 135w\" sizes=\"(max-width: 790px) 100vw, 790px\" \/><figcaption id=\"caption-attachment-34500\" class=\"wp-caption-text\">52\u0110\u1ed2 CH\u01a0I BB-28 REAPER B\u1ecd ng\u1ef1a C\u00f4n tr\u00f9ng<\/figcaption><\/figure>\n<figure id=\"attachment_34501\" aria-describedby=\"caption-attachment-34501\" style=\"width: 719px\" class=\"wp-caption aligncenter\"><img loading=\"lazy\" decoding=\"async\" class=\"wp-image-34501 size-full\" src=\"https:\/\/mouldking.store\/wp-content\/uploads\/2022\/11\/52TOYS-BB-28-7.jpg\" alt=\"52TOYS BB-28 REAPER Mantis Insects\" width=\"719\" height=\"1024\" title=\"-\" srcset=\"https:\/\/mouldking.store\/wp-content\/uploads\/2022\/11\/52TOYS-BB-28-7.jpg 719w, https:\/\/mouldking.store\/wp-content\/uploads\/2022\/11\/52TOYS-BB-28-7-211x300.jpg 211w, https:\/\/mouldking.store\/wp-content\/uploads\/2022\/11\/52TOYS-BB-28-7-300x427.jpg 300w, https:\/\/mouldking.store\/wp-content\/uploads\/2022\/11\/52TOYS-BB-28-7-600x855.jpg 600w, https:\/\/mouldking.store\/wp-content\/uploads\/2022\/11\/52TOYS-BB-28-7-105x150.jpg 105w, https:\/\/mouldking.store\/wp-content\/uploads\/2022\/11\/52TOYS-BB-28-7-42x60.jpg 42w, https:\/\/mouldking.store\/wp-content\/uploads\/2022\/11\/52TOYS-BB-28-7-63x90.jpg 63w\" sizes=\"(max-width: 719px) 100vw, 719px\" \/><figcaption id=\"caption-attachment-34501\" class=\"wp-caption-text\">52\u0110\u1ed2 CH\u01a0I BB-28 REAPER B\u1ecd ng\u1ef1a C\u00f4n tr\u00f9ng<\/figcaption><\/figure>\n<figure id=\"attachment_34502\" aria-describedby=\"caption-attachment-34502\" style=\"width: 661px\" class=\"wp-caption aligncenter\"><img loading=\"lazy\" decoding=\"async\" class=\"wp-image-34502 size-full\" src=\"https:\/\/mouldking.store\/wp-content\/uploads\/2022\/11\/52TOYS-BB-28-6.jpg\" alt=\"52TOYS BB-28 REAPER Mantis Insects\" width=\"661\" height=\"1024\" title=\"-\" srcset=\"https:\/\/mouldking.store\/wp-content\/uploads\/2022\/11\/52TOYS-BB-28-6.jpg 661w, https:\/\/mouldking.store\/wp-content\/uploads\/2022\/11\/52TOYS-BB-28-6-194x300.jpg 194w, https:\/\/mouldking.store\/wp-content\/uploads\/2022\/11\/52TOYS-BB-28-6-300x465.jpg 300w, https:\/\/mouldking.store\/wp-content\/uploads\/2022\/11\/52TOYS-BB-28-6-600x930.jpg 600w, https:\/\/mouldking.store\/wp-content\/uploads\/2022\/11\/52TOYS-BB-28-6-97x150.jpg 97w, https:\/\/mouldking.store\/wp-content\/uploads\/2022\/11\/52TOYS-BB-28-6-39x60.jpg 39w, https:\/\/mouldking.store\/wp-content\/uploads\/2022\/11\/52TOYS-BB-28-6-58x90.jpg 58w\" sizes=\"(max-width: 661px) 100vw, 661px\" \/><figcaption id=\"caption-attachment-34502\" class=\"wp-caption-text\">52\u0110\u1ed2 CH\u01a0I BB-28 REAPER B\u1ecd ng\u1ef1a C\u00f4n tr\u00f9ng<\/figcaption><\/figure>\n<figure id=\"attachment_34503\" aria-describedby=\"caption-attachment-34503\" style=\"width: 767px\" class=\"wp-caption aligncenter\"><img loading=\"lazy\" decoding=\"async\" class=\"wp-image-34503 size-full\" src=\"https:\/\/mouldking.store\/wp-content\/uploads\/2022\/11\/52TOYS-BB-28-5.jpg\" alt=\"52TOYS BB-28 REAPER Mantis Insects\" width=\"767\" height=\"1024\" title=\"-\" srcset=\"https:\/\/mouldking.store\/wp-content\/uploads\/2022\/11\/52TOYS-BB-28-5.jpg 767w, https:\/\/mouldking.store\/wp-content\/uploads\/2022\/11\/52TOYS-BB-28-5-225x300.jpg 225w, https:\/\/mouldking.store\/wp-content\/uploads\/2022\/11\/52TOYS-BB-28-5-300x401.jpg 300w, https:\/\/mouldking.store\/wp-content\/uploads\/2022\/11\/52TOYS-BB-28-5-600x801.jpg 600w, https:\/\/mouldking.store\/wp-content\/uploads\/2022\/11\/52TOYS-BB-28-5-112x150.jpg 112w, https:\/\/mouldking.store\/wp-content\/uploads\/2022\/11\/52TOYS-BB-28-5-45x60.jpg 45w, https:\/\/mouldking.store\/wp-content\/uploads\/2022\/11\/52TOYS-BB-28-5-67x90.jpg 67w\" sizes=\"(max-width: 767px) 100vw, 767px\" \/><figcaption id=\"caption-attachment-34503\" class=\"wp-caption-text\">52\u0110\u1ed2 CH\u01a0I BB-28 REAPER B\u1ecd ng\u1ef1a C\u00f4n tr\u00f9ng<\/figcaption><\/figure>\n<figure id=\"attachment_34504\" aria-describedby=\"caption-attachment-34504\" style=\"width: 788px\" class=\"wp-caption aligncenter\"><img loading=\"lazy\" decoding=\"async\" class=\"wp-image-34504 size-full\" src=\"https:\/\/mouldking.store\/wp-content\/uploads\/2022\/11\/4.jpg\" alt=\"52TOYS BB-28 REAPER Mantis Insects\" width=\"788\" height=\"572\" title=\"-\" srcset=\"https:\/\/mouldking.store\/wp-content\/uploads\/2022\/11\/4.jpg 788w, https:\/\/mouldking.store\/wp-content\/uploads\/2022\/11\/4-300x218.jpg 300w, https:\/\/mouldking.store\/wp-content\/uploads\/2022\/11\/4-768x557.jpg 768w, https:\/\/mouldking.store\/wp-content\/uploads\/2022\/11\/4-600x436.jpg 600w, https:\/\/mouldking.store\/wp-content\/uploads\/2022\/11\/4-150x109.jpg 150w, https:\/\/mouldking.store\/wp-content\/uploads\/2022\/11\/4-83x60.jpg 83w, https:\/\/mouldking.store\/wp-content\/uploads\/2022\/11\/4-124x90.jpg 124w\" sizes=\"(max-width: 788px) 100vw, 788px\" \/><figcaption id=\"caption-attachment-34504\" class=\"wp-caption-text\">52\u0110\u1ed2 CH\u01a0I BB-28 REAPER B\u1ecd ng\u1ef1a C\u00f4n tr\u00f9ng<\/figcaption><\/figure>\n<figure id=\"attachment_34505\" aria-describedby=\"caption-attachment-34505\" style=\"width: 790px\" class=\"wp-caption aligncenter\"><img loading=\"lazy\" decoding=\"async\" class=\"wp-image-34505 size-full\" src=\"https:\/\/mouldking.store\/wp-content\/uploads\/2022\/11\/3.jpg\" alt=\"52TOYS BB-28 REAPER Mantis Insects\" width=\"790\" height=\"710\" title=\"-\" srcset=\"https:\/\/mouldking.store\/wp-content\/uploads\/2022\/11\/3.jpg 790w, https:\/\/mouldking.store\/wp-content\/uploads\/2022\/11\/3-300x270.jpg 300w, https:\/\/mouldking.store\/wp-content\/uploads\/2022\/11\/3-768x690.jpg 768w, https:\/\/mouldking.store\/wp-content\/uploads\/2022\/11\/3-600x539.jpg 600w, https:\/\/mouldking.store\/wp-content\/uploads\/2022\/11\/3-150x135.jpg 150w, https:\/\/mouldking.store\/wp-content\/uploads\/2022\/11\/3-67x60.jpg 67w, https:\/\/mouldking.store\/wp-content\/uploads\/2022\/11\/3-100x90.jpg 100w\" sizes=\"(max-width: 790px) 100vw, 790px\" \/><figcaption id=\"caption-attachment-34505\" class=\"wp-caption-text\">52\u0110\u1ed2 CH\u01a0I BB-28 REAPER B\u1ecd ng\u1ef1a C\u00f4n tr\u00f9ng<\/figcaption><\/figure>\n<figure id=\"attachment_34506\" aria-describedby=\"caption-attachment-34506\" style=\"width: 750px\" class=\"wp-caption aligncenter\"><img loading=\"lazy\" decoding=\"async\" class=\"wp-image-34506 size-full\" src=\"https:\/\/mouldking.store\/wp-content\/uploads\/2022\/11\/52TOYS-BB-28-2.jpg\" alt=\"52TOYS BB-28 REAPER Mantis Insects\" width=\"750\" height=\"1000\" title=\"-\" srcset=\"https:\/\/mouldking.store\/wp-content\/uploads\/2022\/11\/52TOYS-BB-28-2.jpg 750w, https:\/\/mouldking.store\/wp-content\/uploads\/2022\/11\/52TOYS-BB-28-2-225x300.jpg 225w, https:\/\/mouldking.store\/wp-content\/uploads\/2022\/11\/52TOYS-BB-28-2-300x400.jpg 300w, https:\/\/mouldking.store\/wp-content\/uploads\/2022\/11\/52TOYS-BB-28-2-600x800.jpg 600w, https:\/\/mouldking.store\/wp-content\/uploads\/2022\/11\/52TOYS-BB-28-2-113x150.jpg 113w, https:\/\/mouldking.store\/wp-content\/uploads\/2022\/11\/52TOYS-BB-28-2-45x60.jpg 45w, https:\/\/mouldking.store\/wp-content\/uploads\/2022\/11\/52TOYS-BB-28-2-68x90.jpg 68w\" sizes=\"(max-width: 750px) 100vw, 750px\" \/><figcaption id=\"caption-attachment-34506\" class=\"wp-caption-text\">52\u0110\u1ed2 CH\u01a0I BB-28 REAPER B\u1ecd ng\u1ef1a C\u00f4n tr\u00f9ng<\/figcaption><\/figure>\n<figure id=\"attachment_34507\" aria-describedby=\"caption-attachment-34507\" style=\"width: 788px\" class=\"wp-caption aligncenter\"><img loading=\"lazy\" decoding=\"async\" class=\"wp-image-34507 size-full\" src=\"https:\/\/mouldking.store\/wp-content\/uploads\/2022\/11\/52TOYS-BB-28.jpg\" alt=\"52TOYS BB-28 REAPER Mantis Insects\" width=\"788\" height=\"504\" title=\"-\" srcset=\"https:\/\/mouldking.store\/wp-content\/uploads\/2022\/11\/52TOYS-BB-28.jpg 788w, https:\/\/mouldking.store\/wp-content\/uploads\/2022\/11\/52TOYS-BB-28-300x192.jpg 300w, https:\/\/mouldking.store\/wp-content\/uploads\/2022\/11\/52TOYS-BB-28-768x491.jpg 768w, https:\/\/mouldking.store\/wp-content\/uploads\/2022\/11\/52TOYS-BB-28-600x384.jpg 600w, https:\/\/mouldking.store\/wp-content\/uploads\/2022\/11\/52TOYS-BB-28-150x96.jpg 150w, https:\/\/mouldking.store\/wp-content\/uploads\/2022\/11\/52TOYS-BB-28-94x60.jpg 94w, https:\/\/mouldking.store\/wp-content\/uploads\/2022\/11\/52TOYS-BB-28-141x90.jpg 141w\" sizes=\"(max-width: 788px) 100vw, 788px\" \/><figcaption id=\"caption-attachment-34507\" class=\"wp-caption-text\">52\u0110\u1ed2 CH\u01a0I BB-28 REAPER B\u1ecd ng\u1ef1a C\u00f4n tr\u00f9ng<\/figcaption><\/figure>","protected":false},"excerpt":{"rendered":"<p>Product information: Brand: 52TOYS Gender: Unisex Name: REAPER Mantis Insects Age Range: &gt; 6 years old Model Number: BB-28 Classification: Assemblage Plastic Block Shape: Self-Locking Bricks Material: Plastic Plastic Type: ABS Size: 19 cm Contains detailed assembly instructions. Notice: 1. Without an original box, but we guarantee our products have quality assurance and nice packaging. [&hellip;]<\/p>","protected":false},"featured_media":34492,"comment_status":"closed","ping_status":"closed","template":"","meta":{"_acf_changed":false},"product_cat":[1365],"product_tag":[6179,6982,6978,6979,6981,6980,6983,5745,6984],"class_list":["product","first","instock","shipping-taxable","purchasable","product-type-simple"],"acf":[],"_links":{"self":[{"href":"https:\/\/mouldking.store\/vi\/wp-json\/wp\/v2\/product\/34491","targetHints":{"allow":["GET"]}}],"collection":[{"href":"https:\/\/mouldking.store\/vi\/wp-json\/wp\/v2\/product"}],"about":[{"href":"https:\/\/mouldking.store\/vi\/wp-json\/wp\/v2\/types\/product"}],"replies":[{"embeddable":true,"href":"https:\/\/mouldking.store\/vi\/wp-json\/wp\/v2\/comments?post=34491"}],"wp:featuredmedia":[{"embeddable":true,"href":"https:\/\/mouldking.store\/vi\/wp-json\/wp\/v2\/media\/34492"}],"wp:attachment":[{"href":"https:\/\/mouldking.store\/vi\/wp-json\/wp\/v2\/media?parent=34491"}],"wp:term":[{"taxonomy":"product_cat","embeddable":true,"href":"https:\/\/mouldking.store\/vi\/wp-json\/wp\/v2\/product_cat?post=34491"},{"taxonomy":"product_tag","embeddable":true,"href":"https:\/\/mouldking.store\/vi\/wp-json\/wp\/v2\/product_tag?post=34491"}],"curies":[{"name":"wp","href":"https:\/\/api.w.org\/{rel}","templated":true}]}}