{"id":34534,"date":"2022-11-07T16:25:51","date_gmt":"2022-11-07T09:25:51","guid":{"rendered":"https:\/\/mouldking.store\/?post_type=product&#038;p=34534"},"modified":"2022-11-07T16:25:51","modified_gmt":"2022-11-07T09:25:51","slug":"52toys-bb-24-jetsam-waste-reef-turtle","status":"publish","type":"product","link":"https:\/\/mouldking.store\/vi\/shop\/52toys-bb-24-jetsam-waste-reef-turtle\/","title":{"rendered":"52\u0110\u1ed2 CH\u01a0I R\u00f9a R\u1ea1n San H\u00f4 Ch\u1ea5t Th\u1ea3i BB-24 JETSAM"},"content":{"rendered":"<p>Th\u00f4ng tin s\u1ea3n ph\u1ea9m:<\/p>\n<ol>\n<li>Th\u01b0\u01a1ng hi\u1ec7u: 52TOYS<\/li>\n<li>Gi\u1edbi t\u00ednh: Unisex<\/li>\n<li>Name: JETSAM Waste Reef Turtle<\/li>\n<li>\u0110\u1ed9 tu\u1ed5i: &gt; 6 tu\u1ed5i<\/li>\n<li>Model Number: BB-24<\/li>\n<li>Ph\u00e2n lo\u1ea1i: T\u1eadp h\u1ee3p<\/li>\n<li>H\u00ecnh d\u1ea1ng kh\u1ed1i nh\u1ef1a: G\u1ea1ch t\u1ef1 kh\u00f3a<\/li>\n<li>Ch\u1ea5t li\u1ec7u: Nh\u1ef1a<\/li>\n<li>Lo\u1ea1i nh\u1ef1a: ABS<\/li>\n<li>K\u00edch th\u01b0\u1edbc: 10 cm<\/li>\n<li>Ch\u1ee9a h\u01b0\u1edbng d\u1eabn l\u1eafp r\u00e1p chi ti\u1ebft.<\/li>\n<\/ol>\n<p>\u0110\u1ec3 \u00fd:<br \/>\n1. Kh\u00f4ng c\u00f3 h\u1ed9p ban \u0111\u1ea7u, nh\u01b0ng ch\u00fang t\u00f4i \u0111\u1ea3m b\u1ea3o s\u1ea3n ph\u1ea9m c\u1ee7a ch\u00fang t\u00f4i c\u00f3 ch\u1ea5t l\u01b0\u1ee3ng \u0111\u1ea3m b\u1ea3o v\u00e0 bao b\u00ec \u0111\u1eb9p.<br \/>\n2. V\u00ec t\u1ea5t c\u1ea3 c\u00e1c b\u1ed9 ph\u1eadn ch\u00fang t\u00f4i \u0111\u00e3 ki\u1ec3m tra tr\u01b0\u1edbc khi v\u1eadn chuy\u1ec3n, v\u00ec v\u1eady n\u1ebfu b\u1ea1n th\u1ea5y m\u1ed9t s\u1ed1 b\u1ed9 ph\u1eadn b\u1ecb thi\u1ebfu ho\u1eb7c h\u01b0 h\u1ecfng, \u0111\u1eebng lo l\u1eafng v\u00e0 ch\u1ec9 c\u1ea7n vui l\u00f2ng li\u00ean h\u1ec7 v\u1edbi ch\u00fang t\u00f4i v\u00e0 ch\u00fang t\u00f4i c\u00f3 th\u1ec3 g\u1eedi l\u1ea1i mi\u1ec5n ph\u00ed cho b\u1ea1n ngay l\u1eadp t\u1ee9c.<\/p>\n<figure id=\"attachment_34535\" aria-describedby=\"caption-attachment-34535\" style=\"width: 800px\" class=\"wp-caption aligncenter\"><img fetchpriority=\"high\" decoding=\"async\" class=\"wp-image-34535\" src=\"https:\/\/mouldking.store\/wp-content\/uploads\/2022\/11\/52TOYS-BB-24-12-300x300.jpg\" alt=\"52TOYS BB-24 JETSAM Waste Reef Turtle\" width=\"800\" height=\"800\" title=\"-\" srcset=\"https:\/\/mouldking.store\/wp-content\/uploads\/2022\/11\/52TOYS-BB-24-12-300x300.jpg 300w, https:\/\/mouldking.store\/wp-content\/uploads\/2022\/11\/52TOYS-BB-24-12-150x150.jpg 150w, https:\/\/mouldking.store\/wp-content\/uploads\/2022\/11\/52TOYS-BB-24-12-60x60.jpg 60w, https:\/\/mouldking.store\/wp-content\/uploads\/2022\/11\/52TOYS-BB-24-12-90x90.jpg 90w, https:\/\/mouldking.store\/wp-content\/uploads\/2022\/11\/52TOYS-BB-24-12.jpg 500w\" sizes=\"(max-width: 800px) 100vw, 800px\" \/><figcaption id=\"caption-attachment-34535\" class=\"wp-caption-text\">52\u0110\u1ed2 CH\u01a0I R\u00f9a R\u1ea1n San H\u00f4 Ch\u1ea5t Th\u1ea3i BB-24 JETSAM<\/figcaption><\/figure>\n<figure id=\"attachment_34536\" aria-describedby=\"caption-attachment-34536\" style=\"width: 750px\" class=\"wp-caption aligncenter\"><img decoding=\"async\" class=\"wp-image-34536 size-full\" src=\"https:\/\/mouldking.store\/wp-content\/uploads\/2022\/11\/52TOYS-BB-24-11.jpg\" alt=\"52TOYS BB-24 JETSAM Waste Reef Turtle\" width=\"750\" height=\"1000\" title=\"-\" srcset=\"https:\/\/mouldking.store\/wp-content\/uploads\/2022\/11\/52TOYS-BB-24-11.jpg 750w, https:\/\/mouldking.store\/wp-content\/uploads\/2022\/11\/52TOYS-BB-24-11-225x300.jpg 225w, https:\/\/mouldking.store\/wp-content\/uploads\/2022\/11\/52TOYS-BB-24-11-300x400.jpg 300w, https:\/\/mouldking.store\/wp-content\/uploads\/2022\/11\/52TOYS-BB-24-11-600x800.jpg 600w, https:\/\/mouldking.store\/wp-content\/uploads\/2022\/11\/52TOYS-BB-24-11-113x150.jpg 113w, https:\/\/mouldking.store\/wp-content\/uploads\/2022\/11\/52TOYS-BB-24-11-45x60.jpg 45w, https:\/\/mouldking.store\/wp-content\/uploads\/2022\/11\/52TOYS-BB-24-11-68x90.jpg 68w\" sizes=\"(max-width: 750px) 100vw, 750px\" \/><figcaption id=\"caption-attachment-34536\" class=\"wp-caption-text\">52\u0110\u1ed2 CH\u01a0I R\u00f9a R\u1ea1n San H\u00f4 Ch\u1ea5t Th\u1ea3i BB-24 JETSAM<\/figcaption><\/figure>\n<figure id=\"attachment_34537\" aria-describedby=\"caption-attachment-34537\" style=\"width: 750px\" class=\"wp-caption aligncenter\"><img decoding=\"async\" class=\"wp-image-34537 size-full\" src=\"https:\/\/mouldking.store\/wp-content\/uploads\/2022\/11\/52TOYS-BB-24-10.jpg\" alt=\"52TOYS BB-24 JETSAM Waste Reef Turtle\" width=\"750\" height=\"1000\" title=\"-\" srcset=\"https:\/\/mouldking.store\/wp-content\/uploads\/2022\/11\/52TOYS-BB-24-10.jpg 750w, https:\/\/mouldking.store\/wp-content\/uploads\/2022\/11\/52TOYS-BB-24-10-225x300.jpg 225w, https:\/\/mouldking.store\/wp-content\/uploads\/2022\/11\/52TOYS-BB-24-10-300x400.jpg 300w, https:\/\/mouldking.store\/wp-content\/uploads\/2022\/11\/52TOYS-BB-24-10-600x800.jpg 600w, https:\/\/mouldking.store\/wp-content\/uploads\/2022\/11\/52TOYS-BB-24-10-113x150.jpg 113w, https:\/\/mouldking.store\/wp-content\/uploads\/2022\/11\/52TOYS-BB-24-10-45x60.jpg 45w, https:\/\/mouldking.store\/wp-content\/uploads\/2022\/11\/52TOYS-BB-24-10-68x90.jpg 68w\" sizes=\"(max-width: 750px) 100vw, 750px\" \/><figcaption id=\"caption-attachment-34537\" class=\"wp-caption-text\">52\u0110\u1ed2 CH\u01a0I R\u00f9a R\u1ea1n San H\u00f4 Ch\u1ea5t Th\u1ea3i BB-24 JETSAM<\/figcaption><\/figure>\n<figure id=\"attachment_34538\" aria-describedby=\"caption-attachment-34538\" style=\"width: 750px\" class=\"wp-caption aligncenter\"><img loading=\"lazy\" decoding=\"async\" class=\"wp-image-34538 size-full\" src=\"https:\/\/mouldking.store\/wp-content\/uploads\/2022\/11\/52TOYS-BB-24-9.jpg\" alt=\"52TOYS BB-24 JETSAM Waste Reef Turtle\" width=\"750\" height=\"1000\" title=\"-\" srcset=\"https:\/\/mouldking.store\/wp-content\/uploads\/2022\/11\/52TOYS-BB-24-9.jpg 750w, https:\/\/mouldking.store\/wp-content\/uploads\/2022\/11\/52TOYS-BB-24-9-225x300.jpg 225w, https:\/\/mouldking.store\/wp-content\/uploads\/2022\/11\/52TOYS-BB-24-9-300x400.jpg 300w, https:\/\/mouldking.store\/wp-content\/uploads\/2022\/11\/52TOYS-BB-24-9-600x800.jpg 600w, https:\/\/mouldking.store\/wp-content\/uploads\/2022\/11\/52TOYS-BB-24-9-113x150.jpg 113w, https:\/\/mouldking.store\/wp-content\/uploads\/2022\/11\/52TOYS-BB-24-9-45x60.jpg 45w, https:\/\/mouldking.store\/wp-content\/uploads\/2022\/11\/52TOYS-BB-24-9-68x90.jpg 68w\" sizes=\"(max-width: 750px) 100vw, 750px\" \/><figcaption id=\"caption-attachment-34538\" class=\"wp-caption-text\">52\u0110\u1ed2 CH\u01a0I R\u00f9a R\u1ea1n San H\u00f4 Ch\u1ea5t Th\u1ea3i BB-24 JETSAM<\/figcaption><\/figure>\n<figure id=\"attachment_34539\" aria-describedby=\"caption-attachment-34539\" style=\"width: 750px\" class=\"wp-caption aligncenter\"><img loading=\"lazy\" decoding=\"async\" class=\"wp-image-34539 size-full\" src=\"https:\/\/mouldking.store\/wp-content\/uploads\/2022\/11\/52TOYS-BB-24-8.jpg\" alt=\"52TOYS BB-24 JETSAM Waste Reef Turtle\" width=\"750\" height=\"1000\" title=\"-\" srcset=\"https:\/\/mouldking.store\/wp-content\/uploads\/2022\/11\/52TOYS-BB-24-8.jpg 750w, https:\/\/mouldking.store\/wp-content\/uploads\/2022\/11\/52TOYS-BB-24-8-225x300.jpg 225w, https:\/\/mouldking.store\/wp-content\/uploads\/2022\/11\/52TOYS-BB-24-8-300x400.jpg 300w, https:\/\/mouldking.store\/wp-content\/uploads\/2022\/11\/52TOYS-BB-24-8-600x800.jpg 600w, https:\/\/mouldking.store\/wp-content\/uploads\/2022\/11\/52TOYS-BB-24-8-113x150.jpg 113w, https:\/\/mouldking.store\/wp-content\/uploads\/2022\/11\/52TOYS-BB-24-8-45x60.jpg 45w, https:\/\/mouldking.store\/wp-content\/uploads\/2022\/11\/52TOYS-BB-24-8-68x90.jpg 68w\" sizes=\"(max-width: 750px) 100vw, 750px\" \/><figcaption id=\"caption-attachment-34539\" class=\"wp-caption-text\">52\u0110\u1ed2 CH\u01a0I R\u00f9a R\u1ea1n San H\u00f4 Ch\u1ea5t Th\u1ea3i BB-24 JETSAM<\/figcaption><\/figure>\n<figure id=\"attachment_34540\" aria-describedby=\"caption-attachment-34540\" style=\"width: 640px\" class=\"wp-caption aligncenter\"><img loading=\"lazy\" decoding=\"async\" class=\"wp-image-34540 size-full\" src=\"https:\/\/mouldking.store\/wp-content\/uploads\/2022\/11\/52TOYS-BB-24-7.jpg\" alt=\"52TOYS BB-24 JETSAM Waste Reef Turtle\" width=\"640\" height=\"1024\" title=\"-\" srcset=\"https:\/\/mouldking.store\/wp-content\/uploads\/2022\/11\/52TOYS-BB-24-7.jpg 640w, https:\/\/mouldking.store\/wp-content\/uploads\/2022\/11\/52TOYS-BB-24-7-188x300.jpg 188w, https:\/\/mouldking.store\/wp-content\/uploads\/2022\/11\/52TOYS-BB-24-7-300x480.jpg 300w, https:\/\/mouldking.store\/wp-content\/uploads\/2022\/11\/52TOYS-BB-24-7-600x960.jpg 600w, https:\/\/mouldking.store\/wp-content\/uploads\/2022\/11\/52TOYS-BB-24-7-94x150.jpg 94w, https:\/\/mouldking.store\/wp-content\/uploads\/2022\/11\/52TOYS-BB-24-7-38x60.jpg 38w, https:\/\/mouldking.store\/wp-content\/uploads\/2022\/11\/52TOYS-BB-24-7-56x90.jpg 56w\" sizes=\"(max-width: 640px) 100vw, 640px\" \/><figcaption id=\"caption-attachment-34540\" class=\"wp-caption-text\">52\u0110\u1ed2 CH\u01a0I R\u00f9a R\u1ea1n San H\u00f4 Ch\u1ea5t Th\u1ea3i BB-24 JETSAM<\/figcaption><\/figure>\n<figure id=\"attachment_34541\" aria-describedby=\"caption-attachment-34541\" style=\"width: 784px\" class=\"wp-caption aligncenter\"><img loading=\"lazy\" decoding=\"async\" class=\"wp-image-34541 size-full\" src=\"https:\/\/mouldking.store\/wp-content\/uploads\/2022\/11\/52TOYS-BB-24-6.jpg\" alt=\"52TOYS BB-24 JETSAM Waste Reef Turtle\" width=\"784\" height=\"1000\" title=\"-\" srcset=\"https:\/\/mouldking.store\/wp-content\/uploads\/2022\/11\/52TOYS-BB-24-6.jpg 784w, https:\/\/mouldking.store\/wp-content\/uploads\/2022\/11\/52TOYS-BB-24-6-235x300.jpg 235w, https:\/\/mouldking.store\/wp-content\/uploads\/2022\/11\/52TOYS-BB-24-6-768x980.jpg 768w, https:\/\/mouldking.store\/wp-content\/uploads\/2022\/11\/52TOYS-BB-24-6-300x383.jpg 300w, https:\/\/mouldking.store\/wp-content\/uploads\/2022\/11\/52TOYS-BB-24-6-600x765.jpg 600w, https:\/\/mouldking.store\/wp-content\/uploads\/2022\/11\/52TOYS-BB-24-6-118x150.jpg 118w, https:\/\/mouldking.store\/wp-content\/uploads\/2022\/11\/52TOYS-BB-24-6-47x60.jpg 47w, https:\/\/mouldking.store\/wp-content\/uploads\/2022\/11\/52TOYS-BB-24-6-71x90.jpg 71w\" sizes=\"(max-width: 784px) 100vw, 784px\" \/><figcaption id=\"caption-attachment-34541\" class=\"wp-caption-text\">52\u0110\u1ed2 CH\u01a0I R\u00f9a R\u1ea1n San H\u00f4 Ch\u1ea5t Th\u1ea3i BB-24 JETSAM<\/figcaption><\/figure>\n<figure id=\"attachment_34542\" aria-describedby=\"caption-attachment-34542\" style=\"width: 647px\" class=\"wp-caption aligncenter\"><img loading=\"lazy\" decoding=\"async\" class=\"wp-image-34542 size-full\" src=\"https:\/\/mouldking.store\/wp-content\/uploads\/2022\/11\/52TOYS-BB-24-5.jpg\" alt=\"52TOYS BB-24 JETSAM Waste Reef Turtle\" width=\"647\" height=\"1024\" title=\"-\" srcset=\"https:\/\/mouldking.store\/wp-content\/uploads\/2022\/11\/52TOYS-BB-24-5.jpg 647w, https:\/\/mouldking.store\/wp-content\/uploads\/2022\/11\/52TOYS-BB-24-5-190x300.jpg 190w, https:\/\/mouldking.store\/wp-content\/uploads\/2022\/11\/52TOYS-BB-24-5-300x475.jpg 300w, https:\/\/mouldking.store\/wp-content\/uploads\/2022\/11\/52TOYS-BB-24-5-600x950.jpg 600w, https:\/\/mouldking.store\/wp-content\/uploads\/2022\/11\/52TOYS-BB-24-5-95x150.jpg 95w, https:\/\/mouldking.store\/wp-content\/uploads\/2022\/11\/52TOYS-BB-24-5-38x60.jpg 38w, https:\/\/mouldking.store\/wp-content\/uploads\/2022\/11\/52TOYS-BB-24-5-57x90.jpg 57w\" sizes=\"(max-width: 647px) 100vw, 647px\" \/><figcaption id=\"caption-attachment-34542\" class=\"wp-caption-text\">52\u0110\u1ed2 CH\u01a0I R\u00f9a R\u1ea1n San H\u00f4 Ch\u1ea5t Th\u1ea3i BB-24 JETSAM<\/figcaption><\/figure>\n<figure id=\"attachment_34543\" aria-describedby=\"caption-attachment-34543\" style=\"width: 784px\" class=\"wp-caption aligncenter\"><img loading=\"lazy\" decoding=\"async\" class=\"wp-image-34543 size-full\" src=\"https:\/\/mouldking.store\/wp-content\/uploads\/2022\/11\/52TOYS-BB-24-4.jpg\" alt=\"52TOYS BB-24 JETSAM Waste Reef Turtle\" width=\"784\" height=\"1000\" title=\"-\" srcset=\"https:\/\/mouldking.store\/wp-content\/uploads\/2022\/11\/52TOYS-BB-24-4.jpg 784w, https:\/\/mouldking.store\/wp-content\/uploads\/2022\/11\/52TOYS-BB-24-4-235x300.jpg 235w, https:\/\/mouldking.store\/wp-content\/uploads\/2022\/11\/52TOYS-BB-24-4-768x980.jpg 768w, https:\/\/mouldking.store\/wp-content\/uploads\/2022\/11\/52TOYS-BB-24-4-300x383.jpg 300w, https:\/\/mouldking.store\/wp-content\/uploads\/2022\/11\/52TOYS-BB-24-4-600x765.jpg 600w, https:\/\/mouldking.store\/wp-content\/uploads\/2022\/11\/52TOYS-BB-24-4-118x150.jpg 118w, https:\/\/mouldking.store\/wp-content\/uploads\/2022\/11\/52TOYS-BB-24-4-47x60.jpg 47w, https:\/\/mouldking.store\/wp-content\/uploads\/2022\/11\/52TOYS-BB-24-4-71x90.jpg 71w\" sizes=\"(max-width: 784px) 100vw, 784px\" \/><figcaption id=\"caption-attachment-34543\" class=\"wp-caption-text\">52\u0110\u1ed2 CH\u01a0I R\u00f9a R\u1ea1n San H\u00f4 Ch\u1ea5t Th\u1ea3i BB-24 JETSAM<\/figcaption><\/figure>\n<figure id=\"attachment_34544\" aria-describedby=\"caption-attachment-34544\" style=\"width: 545px\" class=\"wp-caption aligncenter\"><img loading=\"lazy\" decoding=\"async\" class=\"wp-image-34544 size-full\" src=\"https:\/\/mouldking.store\/wp-content\/uploads\/2022\/11\/52TOYS-BB-24-3.jpg\" alt=\"52TOYS BB-24 JETSAM Waste Reef Turtle\" width=\"545\" height=\"1024\" title=\"-\" srcset=\"https:\/\/mouldking.store\/wp-content\/uploads\/2022\/11\/52TOYS-BB-24-3.jpg 545w, https:\/\/mouldking.store\/wp-content\/uploads\/2022\/11\/52TOYS-BB-24-3-160x300.jpg 160w, https:\/\/mouldking.store\/wp-content\/uploads\/2022\/11\/52TOYS-BB-24-3-300x564.jpg 300w, https:\/\/mouldking.store\/wp-content\/uploads\/2022\/11\/52TOYS-BB-24-3-80x150.jpg 80w, https:\/\/mouldking.store\/wp-content\/uploads\/2022\/11\/52TOYS-BB-24-3-32x60.jpg 32w, https:\/\/mouldking.store\/wp-content\/uploads\/2022\/11\/52TOYS-BB-24-3-48x90.jpg 48w\" sizes=\"(max-width: 545px) 100vw, 545px\" \/><figcaption id=\"caption-attachment-34544\" class=\"wp-caption-text\">52\u0110\u1ed2 CH\u01a0I R\u00f9a R\u1ea1n San H\u00f4 Ch\u1ea5t Th\u1ea3i BB-24 JETSAM<\/figcaption><\/figure>\n<figure id=\"attachment_34546\" aria-describedby=\"caption-attachment-34546\" style=\"width: 788px\" class=\"wp-caption aligncenter\"><img loading=\"lazy\" decoding=\"async\" class=\"wp-image-34546 size-full\" src=\"https:\/\/mouldking.store\/wp-content\/uploads\/2022\/11\/52TOYS-BB-24.jpg\" alt=\"52TOYS BB-24 JETSAM Waste Reef Turtle\" width=\"788\" height=\"604\" title=\"-\" srcset=\"https:\/\/mouldking.store\/wp-content\/uploads\/2022\/11\/52TOYS-BB-24.jpg 788w, https:\/\/mouldking.store\/wp-content\/uploads\/2022\/11\/52TOYS-BB-24-300x230.jpg 300w, https:\/\/mouldking.store\/wp-content\/uploads\/2022\/11\/52TOYS-BB-24-768x589.jpg 768w, https:\/\/mouldking.store\/wp-content\/uploads\/2022\/11\/52TOYS-BB-24-600x460.jpg 600w, https:\/\/mouldking.store\/wp-content\/uploads\/2022\/11\/52TOYS-BB-24-150x115.jpg 150w, https:\/\/mouldking.store\/wp-content\/uploads\/2022\/11\/52TOYS-BB-24-78x60.jpg 78w, https:\/\/mouldking.store\/wp-content\/uploads\/2022\/11\/52TOYS-BB-24-117x90.jpg 117w\" sizes=\"(max-width: 788px) 100vw, 788px\" \/><figcaption id=\"caption-attachment-34546\" class=\"wp-caption-text\">52\u0110\u1ed2 CH\u01a0I R\u00f9a R\u1ea1n San H\u00f4 Ch\u1ea5t Th\u1ea3i BB-24 JETSAM<\/figcaption><\/figure>","protected":false},"excerpt":{"rendered":"<p>Product information: Brand: 52TOYS Gender: Unisex Name: JETSAM Waste Reef Turtle Age Range: &gt; 6 years old Model Number: BB-24 Classification: Assemblage Plastic Block Shape: Self-Locking Bricks Material: Plastic Plastic Type: ABS Size: 10 cm Contains detailed assembly instructions. Notice: 1. Without an original box, but we guarantee our products have quality assurance and nice [&hellip;]<\/p>","protected":false},"featured_media":34535,"comment_status":"closed","ping_status":"closed","template":"","meta":{"_acf_changed":false},"product_cat":[1365],"product_tag":[6179,7005,7001,7002,7003,7006,6812,7004],"class_list":["product","first","instock","shipping-taxable","purchasable","product-type-simple"],"acf":[],"_links":{"self":[{"href":"https:\/\/mouldking.store\/vi\/wp-json\/wp\/v2\/product\/34534","targetHints":{"allow":["GET"]}}],"collection":[{"href":"https:\/\/mouldking.store\/vi\/wp-json\/wp\/v2\/product"}],"about":[{"href":"https:\/\/mouldking.store\/vi\/wp-json\/wp\/v2\/types\/product"}],"replies":[{"embeddable":true,"href":"https:\/\/mouldking.store\/vi\/wp-json\/wp\/v2\/comments?post=34534"}],"wp:featuredmedia":[{"embeddable":true,"href":"https:\/\/mouldking.store\/vi\/wp-json\/wp\/v2\/media\/34535"}],"wp:attachment":[{"href":"https:\/\/mouldking.store\/vi\/wp-json\/wp\/v2\/media?parent=34534"}],"wp:term":[{"taxonomy":"product_cat","embeddable":true,"href":"https:\/\/mouldking.store\/vi\/wp-json\/wp\/v2\/product_cat?post=34534"},{"taxonomy":"product_tag","embeddable":true,"href":"https:\/\/mouldking.store\/vi\/wp-json\/wp\/v2\/product_tag?post=34534"}],"curies":[{"name":"wp","href":"https:\/\/api.w.org\/{rel}","templated":true}]}}