{"id":34568,"date":"2022-11-07T16:49:48","date_gmt":"2022-11-07T09:49:48","guid":{"rendered":"https:\/\/mouldking.store\/?post_type=product&#038;p=34568"},"modified":"2022-11-07T16:49:48","modified_gmt":"2022-11-07T09:49:48","slug":"52toys-bb-15-teardrop-crocodile","status":"publish","type":"product","link":"https:\/\/mouldking.store\/vi\/shop\/52toys-bb-15-teardrop-crocodile\/","title":{"rendered":"52\u0110\u1ed2 CH\u01a0I C\u00e1 s\u1ea5u h\u00ecnh gi\u1ecdt n\u01b0\u1edbc BB-15"},"content":{"rendered":"<p>Th\u00f4ng tin s\u1ea3n ph\u1ea9m:<\/p>\n<ol>\n<li>Th\u01b0\u01a1ng hi\u1ec7u: 52TOYS<\/li>\n<li>Gi\u1edbi t\u00ednh: Unisex<\/li>\n<li>Name: TEARDROP Crocodile<\/li>\n<li>\u0110\u1ed9 tu\u1ed5i: &gt; 6 tu\u1ed5i<\/li>\n<li>Model Number: BB-15<\/li>\n<li>Ph\u00e2n lo\u1ea1i: T\u1eadp h\u1ee3p<\/li>\n<li>H\u00ecnh d\u1ea1ng kh\u1ed1i nh\u1ef1a: G\u1ea1ch t\u1ef1 kh\u00f3a<\/li>\n<li>Ch\u1ea5t li\u1ec7u: Nh\u1ef1a<\/li>\n<li>Lo\u1ea1i nh\u1ef1a: ABS<\/li>\n<li>K\u00edch th\u01b0\u1edbc: 18cm<\/li>\n<li>Ch\u1ee9a h\u01b0\u1edbng d\u1eabn l\u1eafp r\u00e1p chi ti\u1ebft.<\/li>\n<\/ol>\n<p>\u0110\u1ec3 \u00fd:<br \/>\n1. Kh\u00f4ng c\u00f3 h\u1ed9p ban \u0111\u1ea7u, nh\u01b0ng ch\u00fang t\u00f4i \u0111\u1ea3m b\u1ea3o s\u1ea3n ph\u1ea9m c\u1ee7a ch\u00fang t\u00f4i c\u00f3 ch\u1ea5t l\u01b0\u1ee3ng \u0111\u1ea3m b\u1ea3o v\u00e0 bao b\u00ec \u0111\u1eb9p.<br \/>\n2. V\u00ec t\u1ea5t c\u1ea3 c\u00e1c b\u1ed9 ph\u1eadn ch\u00fang t\u00f4i \u0111\u00e3 ki\u1ec3m tra tr\u01b0\u1edbc khi v\u1eadn chuy\u1ec3n, v\u00ec v\u1eady n\u1ebfu b\u1ea1n th\u1ea5y m\u1ed9t s\u1ed1 b\u1ed9 ph\u1eadn b\u1ecb thi\u1ebfu ho\u1eb7c h\u01b0 h\u1ecfng, \u0111\u1eebng lo l\u1eafng v\u00e0 ch\u1ec9 c\u1ea7n vui l\u00f2ng li\u00ean h\u1ec7 v\u1edbi ch\u00fang t\u00f4i v\u00e0 ch\u00fang t\u00f4i c\u00f3 th\u1ec3 g\u1eedi l\u1ea1i mi\u1ec5n ph\u00ed cho b\u1ea1n ngay l\u1eadp t\u1ee9c.<\/p>\n<figure id=\"attachment_34569\" aria-describedby=\"caption-attachment-34569\" style=\"width: 800px\" class=\"wp-caption aligncenter\"><img fetchpriority=\"high\" decoding=\"async\" class=\"wp-image-34569 size-full\" src=\"https:\/\/mouldking.store\/wp-content\/uploads\/2022\/11\/52TOYS-BB-15-10.jpg\" alt=\"52TOYS BB-15 TEARDROP Crocodile \" width=\"800\" height=\"800\" title=\"-\" srcset=\"https:\/\/mouldking.store\/wp-content\/uploads\/2022\/11\/52TOYS-BB-15-10.jpg 800w, https:\/\/mouldking.store\/wp-content\/uploads\/2022\/11\/52TOYS-BB-15-10-300x300.jpg 300w, https:\/\/mouldking.store\/wp-content\/uploads\/2022\/11\/52TOYS-BB-15-10-768x768.jpg 768w, https:\/\/mouldking.store\/wp-content\/uploads\/2022\/11\/52TOYS-BB-15-10-600x600.jpg 600w, https:\/\/mouldking.store\/wp-content\/uploads\/2022\/11\/52TOYS-BB-15-10-150x150.jpg 150w, https:\/\/mouldking.store\/wp-content\/uploads\/2022\/11\/52TOYS-BB-15-10-60x60.jpg 60w, https:\/\/mouldking.store\/wp-content\/uploads\/2022\/11\/52TOYS-BB-15-10-90x90.jpg 90w\" sizes=\"(max-width: 800px) 100vw, 800px\" \/><figcaption id=\"caption-attachment-34569\" class=\"wp-caption-text\">52\u0110\u1ed2 CH\u01a0I C\u00e1 s\u1ea5u h\u00ecnh gi\u1ecdt n\u01b0\u1edbc BB-15<\/figcaption><\/figure>\n<figure id=\"attachment_34570\" aria-describedby=\"caption-attachment-34570\" style=\"width: 775px\" class=\"wp-caption aligncenter\"><img decoding=\"async\" class=\"wp-image-34570 size-full\" src=\"https:\/\/mouldking.store\/wp-content\/uploads\/2022\/11\/52TOYS-BB-15-9.jpg\" alt=\"52TOYS BB-15 TEARDROP Crocodile \" width=\"775\" height=\"1024\" title=\"-\" srcset=\"https:\/\/mouldking.store\/wp-content\/uploads\/2022\/11\/52TOYS-BB-15-9.jpg 775w, https:\/\/mouldking.store\/wp-content\/uploads\/2022\/11\/52TOYS-BB-15-9-227x300.jpg 227w, https:\/\/mouldking.store\/wp-content\/uploads\/2022\/11\/52TOYS-BB-15-9-768x1015.jpg 768w, https:\/\/mouldking.store\/wp-content\/uploads\/2022\/11\/52TOYS-BB-15-9-300x396.jpg 300w, https:\/\/mouldking.store\/wp-content\/uploads\/2022\/11\/52TOYS-BB-15-9-600x793.jpg 600w, https:\/\/mouldking.store\/wp-content\/uploads\/2022\/11\/52TOYS-BB-15-9-114x150.jpg 114w, https:\/\/mouldking.store\/wp-content\/uploads\/2022\/11\/52TOYS-BB-15-9-45x60.jpg 45w, https:\/\/mouldking.store\/wp-content\/uploads\/2022\/11\/52TOYS-BB-15-9-68x90.jpg 68w\" sizes=\"(max-width: 775px) 100vw, 775px\" \/><figcaption id=\"caption-attachment-34570\" class=\"wp-caption-text\">52\u0110\u1ed2 CH\u01a0I C\u00e1 s\u1ea5u h\u00ecnh gi\u1ecdt n\u01b0\u1edbc BB-15<\/figcaption><\/figure>\n<figure id=\"attachment_34571\" aria-describedby=\"caption-attachment-34571\" style=\"width: 561px\" class=\"wp-caption aligncenter\"><img decoding=\"async\" class=\"wp-image-34571 size-full\" src=\"https:\/\/mouldking.store\/wp-content\/uploads\/2022\/11\/52TOYS-BB-15-8.jpg\" alt=\"52TOYS BB-15 TEARDROP Crocodile \" width=\"561\" height=\"1024\" title=\"-\" srcset=\"https:\/\/mouldking.store\/wp-content\/uploads\/2022\/11\/52TOYS-BB-15-8.jpg 561w, https:\/\/mouldking.store\/wp-content\/uploads\/2022\/11\/52TOYS-BB-15-8-164x300.jpg 164w, https:\/\/mouldking.store\/wp-content\/uploads\/2022\/11\/52TOYS-BB-15-8-300x548.jpg 300w, https:\/\/mouldking.store\/wp-content\/uploads\/2022\/11\/52TOYS-BB-15-8-82x150.jpg 82w, https:\/\/mouldking.store\/wp-content\/uploads\/2022\/11\/52TOYS-BB-15-8-33x60.jpg 33w, https:\/\/mouldking.store\/wp-content\/uploads\/2022\/11\/52TOYS-BB-15-8-49x90.jpg 49w\" sizes=\"(max-width: 561px) 100vw, 561px\" \/><figcaption id=\"caption-attachment-34571\" class=\"wp-caption-text\">52\u0110\u1ed2 CH\u01a0I C\u00e1 s\u1ea5u h\u00ecnh gi\u1ecdt n\u01b0\u1edbc BB-15<\/figcaption><\/figure>\n<figure id=\"attachment_34572\" aria-describedby=\"caption-attachment-34572\" style=\"width: 455px\" class=\"wp-caption aligncenter\"><img loading=\"lazy\" decoding=\"async\" class=\"wp-image-34572 size-full\" src=\"https:\/\/mouldking.store\/wp-content\/uploads\/2022\/11\/52TOYS-BB-15-7.jpg\" alt=\"52TOYS BB-15 TEARDROP Crocodile \" width=\"455\" height=\"1024\" title=\"-\" srcset=\"https:\/\/mouldking.store\/wp-content\/uploads\/2022\/11\/52TOYS-BB-15-7.jpg 455w, https:\/\/mouldking.store\/wp-content\/uploads\/2022\/11\/52TOYS-BB-15-7-133x300.jpg 133w, https:\/\/mouldking.store\/wp-content\/uploads\/2022\/11\/52TOYS-BB-15-7-300x675.jpg 300w, https:\/\/mouldking.store\/wp-content\/uploads\/2022\/11\/52TOYS-BB-15-7-67x150.jpg 67w, https:\/\/mouldking.store\/wp-content\/uploads\/2022\/11\/52TOYS-BB-15-7-27x60.jpg 27w, https:\/\/mouldking.store\/wp-content\/uploads\/2022\/11\/52TOYS-BB-15-7-40x90.jpg 40w\" sizes=\"(max-width: 455px) 100vw, 455px\" \/><figcaption id=\"caption-attachment-34572\" class=\"wp-caption-text\">52\u0110\u1ed2 CH\u01a0I C\u00e1 s\u1ea5u h\u00ecnh gi\u1ecdt n\u01b0\u1edbc BB-15<\/figcaption><\/figure>\n<figure id=\"attachment_34573\" aria-describedby=\"caption-attachment-34573\" style=\"width: 510px\" class=\"wp-caption aligncenter\"><img loading=\"lazy\" decoding=\"async\" class=\"wp-image-34573 size-full\" src=\"https:\/\/mouldking.store\/wp-content\/uploads\/2022\/11\/52TOYS-BB-15-6.jpg\" alt=\"52TOYS BB-15 TEARDROP Crocodile \" width=\"510\" height=\"1024\" title=\"-\" srcset=\"https:\/\/mouldking.store\/wp-content\/uploads\/2022\/11\/52TOYS-BB-15-6.jpg 510w, https:\/\/mouldking.store\/wp-content\/uploads\/2022\/11\/52TOYS-BB-15-6-149x300.jpg 149w, https:\/\/mouldking.store\/wp-content\/uploads\/2022\/11\/52TOYS-BB-15-6-300x602.jpg 300w, https:\/\/mouldking.store\/wp-content\/uploads\/2022\/11\/52TOYS-BB-15-6-75x150.jpg 75w, https:\/\/mouldking.store\/wp-content\/uploads\/2022\/11\/52TOYS-BB-15-6-30x60.jpg 30w, https:\/\/mouldking.store\/wp-content\/uploads\/2022\/11\/52TOYS-BB-15-6-45x90.jpg 45w\" sizes=\"(max-width: 510px) 100vw, 510px\" \/><figcaption id=\"caption-attachment-34573\" class=\"wp-caption-text\">52\u0110\u1ed2 CH\u01a0I C\u00e1 s\u1ea5u h\u00ecnh gi\u1ecdt n\u01b0\u1edbc BB-15<\/figcaption><\/figure>\n<figure id=\"attachment_34574\" aria-describedby=\"caption-attachment-34574\" style=\"width: 750px\" class=\"wp-caption aligncenter\"><img loading=\"lazy\" decoding=\"async\" class=\"wp-image-34574 size-full\" src=\"https:\/\/mouldking.store\/wp-content\/uploads\/2022\/11\/52TOYS-BB-15-5.jpg\" alt=\"52TOYS BB-15 TEARDROP Crocodile \" width=\"750\" height=\"1000\" title=\"-\" srcset=\"https:\/\/mouldking.store\/wp-content\/uploads\/2022\/11\/52TOYS-BB-15-5.jpg 750w, https:\/\/mouldking.store\/wp-content\/uploads\/2022\/11\/52TOYS-BB-15-5-225x300.jpg 225w, https:\/\/mouldking.store\/wp-content\/uploads\/2022\/11\/52TOYS-BB-15-5-300x400.jpg 300w, https:\/\/mouldking.store\/wp-content\/uploads\/2022\/11\/52TOYS-BB-15-5-600x800.jpg 600w, https:\/\/mouldking.store\/wp-content\/uploads\/2022\/11\/52TOYS-BB-15-5-113x150.jpg 113w, https:\/\/mouldking.store\/wp-content\/uploads\/2022\/11\/52TOYS-BB-15-5-45x60.jpg 45w, https:\/\/mouldking.store\/wp-content\/uploads\/2022\/11\/52TOYS-BB-15-5-68x90.jpg 68w\" sizes=\"(max-width: 750px) 100vw, 750px\" \/><figcaption id=\"caption-attachment-34574\" class=\"wp-caption-text\">52\u0110\u1ed2 CH\u01a0I C\u00e1 s\u1ea5u h\u00ecnh gi\u1ecdt n\u01b0\u1edbc BB-15<\/figcaption><\/figure>\n<figure id=\"attachment_34575\" aria-describedby=\"caption-attachment-34575\" style=\"width: 790px\" class=\"wp-caption aligncenter\"><img loading=\"lazy\" decoding=\"async\" class=\"wp-image-34575 size-full\" src=\"https:\/\/mouldking.store\/wp-content\/uploads\/2022\/11\/52TOYS-BB-15-4.jpg\" alt=\"52TOYS BB-15 TEARDROP Crocodile \" width=\"790\" height=\"830\" title=\"-\" srcset=\"https:\/\/mouldking.store\/wp-content\/uploads\/2022\/11\/52TOYS-BB-15-4.jpg 790w, https:\/\/mouldking.store\/wp-content\/uploads\/2022\/11\/52TOYS-BB-15-4-286x300.jpg 286w, https:\/\/mouldking.store\/wp-content\/uploads\/2022\/11\/52TOYS-BB-15-4-768x807.jpg 768w, https:\/\/mouldking.store\/wp-content\/uploads\/2022\/11\/52TOYS-BB-15-4-300x315.jpg 300w, https:\/\/mouldking.store\/wp-content\/uploads\/2022\/11\/52TOYS-BB-15-4-600x630.jpg 600w, https:\/\/mouldking.store\/wp-content\/uploads\/2022\/11\/52TOYS-BB-15-4-143x150.jpg 143w, https:\/\/mouldking.store\/wp-content\/uploads\/2022\/11\/52TOYS-BB-15-4-57x60.jpg 57w, https:\/\/mouldking.store\/wp-content\/uploads\/2022\/11\/52TOYS-BB-15-4-86x90.jpg 86w\" sizes=\"(max-width: 790px) 100vw, 790px\" \/><figcaption id=\"caption-attachment-34575\" class=\"wp-caption-text\">52\u0110\u1ed2 CH\u01a0I C\u00e1 s\u1ea5u h\u00ecnh gi\u1ecdt n\u01b0\u1edbc BB-15<\/figcaption><\/figure>\n<figure id=\"attachment_34576\" aria-describedby=\"caption-attachment-34576\" style=\"width: 750px\" class=\"wp-caption aligncenter\"><img loading=\"lazy\" decoding=\"async\" class=\"wp-image-34576 size-full\" src=\"https:\/\/mouldking.store\/wp-content\/uploads\/2022\/11\/52TOYS-BB-15-3.jpg\" alt=\"52TOYS BB-15 TEARDROP Crocodile \" width=\"750\" height=\"1000\" title=\"-\" srcset=\"https:\/\/mouldking.store\/wp-content\/uploads\/2022\/11\/52TOYS-BB-15-3.jpg 750w, https:\/\/mouldking.store\/wp-content\/uploads\/2022\/11\/52TOYS-BB-15-3-225x300.jpg 225w, https:\/\/mouldking.store\/wp-content\/uploads\/2022\/11\/52TOYS-BB-15-3-300x400.jpg 300w, https:\/\/mouldking.store\/wp-content\/uploads\/2022\/11\/52TOYS-BB-15-3-600x800.jpg 600w, https:\/\/mouldking.store\/wp-content\/uploads\/2022\/11\/52TOYS-BB-15-3-113x150.jpg 113w, https:\/\/mouldking.store\/wp-content\/uploads\/2022\/11\/52TOYS-BB-15-3-45x60.jpg 45w, https:\/\/mouldking.store\/wp-content\/uploads\/2022\/11\/52TOYS-BB-15-3-68x90.jpg 68w\" sizes=\"(max-width: 750px) 100vw, 750px\" \/><figcaption id=\"caption-attachment-34576\" class=\"wp-caption-text\">52\u0110\u1ed2 CH\u01a0I C\u00e1 s\u1ea5u h\u00ecnh gi\u1ecdt n\u01b0\u1edbc BB-15<\/figcaption><\/figure>\n<figure id=\"attachment_34577\" aria-describedby=\"caption-attachment-34577\" style=\"width: 750px\" class=\"wp-caption aligncenter\"><img loading=\"lazy\" decoding=\"async\" class=\"wp-image-34577 size-full\" src=\"https:\/\/mouldking.store\/wp-content\/uploads\/2022\/11\/52TOYS-BB-15-2.jpg\" alt=\"52TOYS BB-15 TEARDROP Crocodile \" width=\"750\" height=\"1000\" title=\"-\" srcset=\"https:\/\/mouldking.store\/wp-content\/uploads\/2022\/11\/52TOYS-BB-15-2.jpg 750w, https:\/\/mouldking.store\/wp-content\/uploads\/2022\/11\/52TOYS-BB-15-2-225x300.jpg 225w, https:\/\/mouldking.store\/wp-content\/uploads\/2022\/11\/52TOYS-BB-15-2-300x400.jpg 300w, https:\/\/mouldking.store\/wp-content\/uploads\/2022\/11\/52TOYS-BB-15-2-600x800.jpg 600w, https:\/\/mouldking.store\/wp-content\/uploads\/2022\/11\/52TOYS-BB-15-2-113x150.jpg 113w, https:\/\/mouldking.store\/wp-content\/uploads\/2022\/11\/52TOYS-BB-15-2-45x60.jpg 45w, https:\/\/mouldking.store\/wp-content\/uploads\/2022\/11\/52TOYS-BB-15-2-68x90.jpg 68w\" sizes=\"(max-width: 750px) 100vw, 750px\" \/><figcaption id=\"caption-attachment-34577\" class=\"wp-caption-text\">52\u0110\u1ed2 CH\u01a0I C\u00e1 s\u1ea5u h\u00ecnh gi\u1ecdt n\u01b0\u1edbc BB-15<\/figcaption><\/figure>\n<figure id=\"attachment_34578\" aria-describedby=\"caption-attachment-34578\" style=\"width: 750px\" class=\"wp-caption aligncenter\"><img loading=\"lazy\" decoding=\"async\" class=\"wp-image-34578 size-full\" src=\"https:\/\/mouldking.store\/wp-content\/uploads\/2022\/11\/52TOYS-BB-15.jpg\" alt=\"52TOYS BB-15 TEARDROP Crocodile \" width=\"750\" height=\"1000\" title=\"-\" srcset=\"https:\/\/mouldking.store\/wp-content\/uploads\/2022\/11\/52TOYS-BB-15.jpg 750w, https:\/\/mouldking.store\/wp-content\/uploads\/2022\/11\/52TOYS-BB-15-225x300.jpg 225w, https:\/\/mouldking.store\/wp-content\/uploads\/2022\/11\/52TOYS-BB-15-300x400.jpg 300w, https:\/\/mouldking.store\/wp-content\/uploads\/2022\/11\/52TOYS-BB-15-600x800.jpg 600w, https:\/\/mouldking.store\/wp-content\/uploads\/2022\/11\/52TOYS-BB-15-113x150.jpg 113w, https:\/\/mouldking.store\/wp-content\/uploads\/2022\/11\/52TOYS-BB-15-45x60.jpg 45w, https:\/\/mouldking.store\/wp-content\/uploads\/2022\/11\/52TOYS-BB-15-68x90.jpg 68w\" sizes=\"(max-width: 750px) 100vw, 750px\" \/><figcaption id=\"caption-attachment-34578\" class=\"wp-caption-text\">52\u0110\u1ed2 CH\u01a0I C\u00e1 s\u1ea5u h\u00ecnh gi\u1ecdt n\u01b0\u1edbc BB-15<\/figcaption><\/figure>","protected":false},"excerpt":{"rendered":"<p>Product information: Brand: 52TOYS Gender: Unisex Name: TEARDROP Crocodile Age Range: &gt; 6 years old Model Number: BB-15 Classification: Assemblage Plastic Block Shape: Self-Locking Bricks Material: Plastic Plastic Type: ABS Size: 18 cm Contains detailed assembly instructions. Notice: 1. Without an original box, but we guarantee our products have quality assurance and nice packaging. 2. [&hellip;]<\/p>","protected":false},"featured_media":34569,"comment_status":"closed","ping_status":"closed","template":"","meta":{"_acf_changed":false},"product_cat":[1365],"product_tag":[6179,7022,7018,7019,7021,7020,7023],"class_list":["product","first","instock","shipping-taxable","purchasable","product-type-simple"],"acf":[],"_links":{"self":[{"href":"https:\/\/mouldking.store\/vi\/wp-json\/wp\/v2\/product\/34568","targetHints":{"allow":["GET"]}}],"collection":[{"href":"https:\/\/mouldking.store\/vi\/wp-json\/wp\/v2\/product"}],"about":[{"href":"https:\/\/mouldking.store\/vi\/wp-json\/wp\/v2\/types\/product"}],"replies":[{"embeddable":true,"href":"https:\/\/mouldking.store\/vi\/wp-json\/wp\/v2\/comments?post=34568"}],"wp:featuredmedia":[{"embeddable":true,"href":"https:\/\/mouldking.store\/vi\/wp-json\/wp\/v2\/media\/34569"}],"wp:attachment":[{"href":"https:\/\/mouldking.store\/vi\/wp-json\/wp\/v2\/media?parent=34568"}],"wp:term":[{"taxonomy":"product_cat","embeddable":true,"href":"https:\/\/mouldking.store\/vi\/wp-json\/wp\/v2\/product_cat?post=34568"},{"taxonomy":"product_tag","embeddable":true,"href":"https:\/\/mouldking.store\/vi\/wp-json\/wp\/v2\/product_tag?post=34568"}],"curies":[{"name":"wp","href":"https:\/\/api.w.org\/{rel}","templated":true}]}}