{"id":34609,"date":"2022-11-07T17:24:27","date_gmt":"2022-11-07T10:24:27","guid":{"rendered":"https:\/\/mouldking.store\/?post_type=product&#038;p=34609"},"modified":"2022-11-07T17:24:27","modified_gmt":"2022-11-07T10:24:27","slug":"52toys-bb-38tn-techninja-bee","status":"publish","type":"product","link":"https:\/\/mouldking.store\/vi\/shop\/52toys-bb-38tn-techninja-bee\/","title":{"rendered":"52\u0110\u1ed2 CH\u01a0I BB-38TN TECHNINJA Bee"},"content":{"rendered":"<p>Th\u00f4ng tin s\u1ea3n ph\u1ea9m:<\/p>\n<ol>\n<li>Th\u01b0\u01a1ng hi\u1ec7u: 52TOYS<\/li>\n<li>Gi\u1edbi t\u00ednh: Unisex<\/li>\n<li>Name: TECHNINJA Bee<\/li>\n<li>\u0110\u1ed9 tu\u1ed5i: &gt; 6 tu\u1ed5i<\/li>\n<li>Model Number: BB-38TN<\/li>\n<li>Ph\u00e2n lo\u1ea1i: T\u1eadp h\u1ee3p<\/li>\n<li>H\u00ecnh d\u1ea1ng kh\u1ed1i nh\u1ef1a: G\u1ea1ch t\u1ef1 kh\u00f3a<\/li>\n<li>Ch\u1ea5t li\u1ec7u: Nh\u1ef1a<\/li>\n<li>Lo\u1ea1i nh\u1ef1a: ABS<\/li>\n<li>Size: 15.5 cm<\/li>\n<li>Ch\u1ee9a h\u01b0\u1edbng d\u1eabn l\u1eafp r\u00e1p chi ti\u1ebft.<\/li>\n<\/ol>\n<p>\u0110\u1ec3 \u00fd:<br \/>\n1. Kh\u00f4ng c\u00f3 h\u1ed9p ban \u0111\u1ea7u, nh\u01b0ng ch\u00fang t\u00f4i \u0111\u1ea3m b\u1ea3o s\u1ea3n ph\u1ea9m c\u1ee7a ch\u00fang t\u00f4i c\u00f3 ch\u1ea5t l\u01b0\u1ee3ng \u0111\u1ea3m b\u1ea3o v\u00e0 bao b\u00ec \u0111\u1eb9p.<br \/>\n2. V\u00ec t\u1ea5t c\u1ea3 c\u00e1c b\u1ed9 ph\u1eadn ch\u00fang t\u00f4i \u0111\u00e3 ki\u1ec3m tra tr\u01b0\u1edbc khi v\u1eadn chuy\u1ec3n, v\u00ec v\u1eady n\u1ebfu b\u1ea1n th\u1ea5y m\u1ed9t s\u1ed1 b\u1ed9 ph\u1eadn b\u1ecb thi\u1ebfu ho\u1eb7c h\u01b0 h\u1ecfng, \u0111\u1eebng lo l\u1eafng v\u00e0 ch\u1ec9 c\u1ea7n vui l\u00f2ng li\u00ean h\u1ec7 v\u1edbi ch\u00fang t\u00f4i v\u00e0 ch\u00fang t\u00f4i c\u00f3 th\u1ec3 g\u1eedi l\u1ea1i mi\u1ec5n ph\u00ed cho b\u1ea1n ngay l\u1eadp t\u1ee9c.<\/p>\n<figure id=\"attachment_34611\" aria-describedby=\"caption-attachment-34611\" style=\"width: 800px\" class=\"wp-caption aligncenter\"><img fetchpriority=\"high\" decoding=\"async\" class=\"wp-image-34611 size-full\" src=\"https:\/\/mouldking.store\/wp-content\/uploads\/2022\/11\/52TOYS-BB-38TN-11.jpg\" alt=\"52TOYS BB-38TN TECHNINJA Bee \" width=\"800\" height=\"800\" title=\"-\" srcset=\"https:\/\/mouldking.store\/wp-content\/uploads\/2022\/11\/52TOYS-BB-38TN-11.jpg 800w, https:\/\/mouldking.store\/wp-content\/uploads\/2022\/11\/52TOYS-BB-38TN-11-300x300.jpg 300w, https:\/\/mouldking.store\/wp-content\/uploads\/2022\/11\/52TOYS-BB-38TN-11-768x768.jpg 768w, https:\/\/mouldking.store\/wp-content\/uploads\/2022\/11\/52TOYS-BB-38TN-11-600x600.jpg 600w, https:\/\/mouldking.store\/wp-content\/uploads\/2022\/11\/52TOYS-BB-38TN-11-150x150.jpg 150w, https:\/\/mouldking.store\/wp-content\/uploads\/2022\/11\/52TOYS-BB-38TN-11-60x60.jpg 60w, https:\/\/mouldking.store\/wp-content\/uploads\/2022\/11\/52TOYS-BB-38TN-11-90x90.jpg 90w\" sizes=\"(max-width: 800px) 100vw, 800px\" \/><figcaption id=\"caption-attachment-34611\" class=\"wp-caption-text\">52\u0110\u1ed2 CH\u01a0I BB-38TN TECHNINJA Bee<\/figcaption><\/figure>\n<figure id=\"attachment_34612\" aria-describedby=\"caption-attachment-34612\" style=\"width: 790px\" class=\"wp-caption aligncenter\"><img decoding=\"async\" class=\"wp-image-34612 size-full\" src=\"https:\/\/mouldking.store\/wp-content\/uploads\/2022\/11\/52TOYS-BB-38TN-10.jpg\" alt=\"52TOYS BB-38TN TECHNINJA Bee \" width=\"790\" height=\"534\" title=\"-\" srcset=\"https:\/\/mouldking.store\/wp-content\/uploads\/2022\/11\/52TOYS-BB-38TN-10.jpg 790w, https:\/\/mouldking.store\/wp-content\/uploads\/2022\/11\/52TOYS-BB-38TN-10-300x203.jpg 300w, https:\/\/mouldking.store\/wp-content\/uploads\/2022\/11\/52TOYS-BB-38TN-10-768x519.jpg 768w, https:\/\/mouldking.store\/wp-content\/uploads\/2022\/11\/52TOYS-BB-38TN-10-600x406.jpg 600w, https:\/\/mouldking.store\/wp-content\/uploads\/2022\/11\/52TOYS-BB-38TN-10-150x101.jpg 150w, https:\/\/mouldking.store\/wp-content\/uploads\/2022\/11\/52TOYS-BB-38TN-10-89x60.jpg 89w, https:\/\/mouldking.store\/wp-content\/uploads\/2022\/11\/52TOYS-BB-38TN-10-133x90.jpg 133w\" sizes=\"(max-width: 790px) 100vw, 790px\" \/><figcaption id=\"caption-attachment-34612\" class=\"wp-caption-text\">52\u0110\u1ed2 CH\u01a0I BB-38TN TECHNINJA Bee<\/figcaption><\/figure>\n<figure id=\"attachment_34613\" aria-describedby=\"caption-attachment-34613\" style=\"width: 790px\" class=\"wp-caption aligncenter\"><img decoding=\"async\" class=\"wp-image-34613 size-full\" src=\"https:\/\/mouldking.store\/wp-content\/uploads\/2022\/11\/52TOYS-BB-38TN-9.jpg\" alt=\"52TOYS BB-38TN TECHNINJA Bee \" width=\"790\" height=\"534\" title=\"-\" srcset=\"https:\/\/mouldking.store\/wp-content\/uploads\/2022\/11\/52TOYS-BB-38TN-9.jpg 790w, https:\/\/mouldking.store\/wp-content\/uploads\/2022\/11\/52TOYS-BB-38TN-9-300x203.jpg 300w, https:\/\/mouldking.store\/wp-content\/uploads\/2022\/11\/52TOYS-BB-38TN-9-768x519.jpg 768w, https:\/\/mouldking.store\/wp-content\/uploads\/2022\/11\/52TOYS-BB-38TN-9-600x406.jpg 600w, https:\/\/mouldking.store\/wp-content\/uploads\/2022\/11\/52TOYS-BB-38TN-9-150x101.jpg 150w, https:\/\/mouldking.store\/wp-content\/uploads\/2022\/11\/52TOYS-BB-38TN-9-89x60.jpg 89w, https:\/\/mouldking.store\/wp-content\/uploads\/2022\/11\/52TOYS-BB-38TN-9-133x90.jpg 133w\" sizes=\"(max-width: 790px) 100vw, 790px\" \/><figcaption id=\"caption-attachment-34613\" class=\"wp-caption-text\">52\u0110\u1ed2 CH\u01a0I BB-38TN TECHNINJA Bee<\/figcaption><\/figure>\n<figure id=\"attachment_34614\" aria-describedby=\"caption-attachment-34614\" style=\"width: 685px\" class=\"wp-caption aligncenter\"><img loading=\"lazy\" decoding=\"async\" class=\"wp-image-34614 size-full\" src=\"https:\/\/mouldking.store\/wp-content\/uploads\/2022\/11\/52TOYS-BB-38TN-8.jpg\" alt=\"52TOYS BB-38TN TECHNINJA Bee \" width=\"685\" height=\"1024\" title=\"-\" srcset=\"https:\/\/mouldking.store\/wp-content\/uploads\/2022\/11\/52TOYS-BB-38TN-8.jpg 685w, https:\/\/mouldking.store\/wp-content\/uploads\/2022\/11\/52TOYS-BB-38TN-8-201x300.jpg 201w, https:\/\/mouldking.store\/wp-content\/uploads\/2022\/11\/52TOYS-BB-38TN-8-300x448.jpg 300w, https:\/\/mouldking.store\/wp-content\/uploads\/2022\/11\/52TOYS-BB-38TN-8-600x897.jpg 600w, https:\/\/mouldking.store\/wp-content\/uploads\/2022\/11\/52TOYS-BB-38TN-8-100x150.jpg 100w, https:\/\/mouldking.store\/wp-content\/uploads\/2022\/11\/52TOYS-BB-38TN-8-40x60.jpg 40w, https:\/\/mouldking.store\/wp-content\/uploads\/2022\/11\/52TOYS-BB-38TN-8-60x90.jpg 60w\" sizes=\"(max-width: 685px) 100vw, 685px\" \/><figcaption id=\"caption-attachment-34614\" class=\"wp-caption-text\">52\u0110\u1ed2 CH\u01a0I BB-38TN TECHNINJA Bee<\/figcaption><\/figure>\n<figure id=\"attachment_34615\" aria-describedby=\"caption-attachment-34615\" style=\"width: 815px\" class=\"wp-caption aligncenter\"><img loading=\"lazy\" decoding=\"async\" class=\"wp-image-34615 size-full\" src=\"https:\/\/mouldking.store\/wp-content\/uploads\/2022\/11\/52TOYS-BB-38TN-7.jpg\" alt=\"52TOYS BB-38TN TECHNINJA Bee \" width=\"815\" height=\"1024\" title=\"-\" srcset=\"https:\/\/mouldking.store\/wp-content\/uploads\/2022\/11\/52TOYS-BB-38TN-7.jpg 815w, https:\/\/mouldking.store\/wp-content\/uploads\/2022\/11\/52TOYS-BB-38TN-7-239x300.jpg 239w, https:\/\/mouldking.store\/wp-content\/uploads\/2022\/11\/52TOYS-BB-38TN-7-768x965.jpg 768w, https:\/\/mouldking.store\/wp-content\/uploads\/2022\/11\/52TOYS-BB-38TN-7-300x377.jpg 300w, https:\/\/mouldking.store\/wp-content\/uploads\/2022\/11\/52TOYS-BB-38TN-7-600x754.jpg 600w, https:\/\/mouldking.store\/wp-content\/uploads\/2022\/11\/52TOYS-BB-38TN-7-119x150.jpg 119w, https:\/\/mouldking.store\/wp-content\/uploads\/2022\/11\/52TOYS-BB-38TN-7-48x60.jpg 48w, https:\/\/mouldking.store\/wp-content\/uploads\/2022\/11\/52TOYS-BB-38TN-7-72x90.jpg 72w\" sizes=\"(max-width: 815px) 100vw, 815px\" \/><figcaption id=\"caption-attachment-34615\" class=\"wp-caption-text\">52\u0110\u1ed2 CH\u01a0I BB-38TN TECHNINJA Bee<\/figcaption><\/figure>\n<figure id=\"attachment_34616\" aria-describedby=\"caption-attachment-34616\" style=\"width: 725px\" class=\"wp-caption aligncenter\"><img loading=\"lazy\" decoding=\"async\" class=\"wp-image-34616 size-full\" src=\"https:\/\/mouldking.store\/wp-content\/uploads\/2022\/11\/52TOYS-BB-38TN-6.jpg\" alt=\"52TOYS BB-38TN TECHNINJA Bee \" width=\"725\" height=\"1024\" title=\"-\" srcset=\"https:\/\/mouldking.store\/wp-content\/uploads\/2022\/11\/52TOYS-BB-38TN-6.jpg 725w, https:\/\/mouldking.store\/wp-content\/uploads\/2022\/11\/52TOYS-BB-38TN-6-212x300.jpg 212w, https:\/\/mouldking.store\/wp-content\/uploads\/2022\/11\/52TOYS-BB-38TN-6-300x424.jpg 300w, https:\/\/mouldking.store\/wp-content\/uploads\/2022\/11\/52TOYS-BB-38TN-6-600x847.jpg 600w, https:\/\/mouldking.store\/wp-content\/uploads\/2022\/11\/52TOYS-BB-38TN-6-106x150.jpg 106w, https:\/\/mouldking.store\/wp-content\/uploads\/2022\/11\/52TOYS-BB-38TN-6-42x60.jpg 42w, https:\/\/mouldking.store\/wp-content\/uploads\/2022\/11\/52TOYS-BB-38TN-6-64x90.jpg 64w\" sizes=\"(max-width: 725px) 100vw, 725px\" \/><figcaption id=\"caption-attachment-34616\" class=\"wp-caption-text\">52\u0110\u1ed2 CH\u01a0I BB-38TN TECHNINJA Bee<\/figcaption><\/figure>\n<figure id=\"attachment_34617\" aria-describedby=\"caption-attachment-34617\" style=\"width: 759px\" class=\"wp-caption aligncenter\"><img loading=\"lazy\" decoding=\"async\" class=\"wp-image-34617 size-full\" src=\"https:\/\/mouldking.store\/wp-content\/uploads\/2022\/11\/52TOYS-BB-38TN-5.jpg\" alt=\"52TOYS BB-38TN TECHNINJA Bee \" width=\"759\" height=\"1024\" title=\"-\" srcset=\"https:\/\/mouldking.store\/wp-content\/uploads\/2022\/11\/52TOYS-BB-38TN-5.jpg 759w, https:\/\/mouldking.store\/wp-content\/uploads\/2022\/11\/52TOYS-BB-38TN-5-222x300.jpg 222w, https:\/\/mouldking.store\/wp-content\/uploads\/2022\/11\/52TOYS-BB-38TN-5-300x405.jpg 300w, https:\/\/mouldking.store\/wp-content\/uploads\/2022\/11\/52TOYS-BB-38TN-5-600x809.jpg 600w, https:\/\/mouldking.store\/wp-content\/uploads\/2022\/11\/52TOYS-BB-38TN-5-111x150.jpg 111w, https:\/\/mouldking.store\/wp-content\/uploads\/2022\/11\/52TOYS-BB-38TN-5-44x60.jpg 44w, https:\/\/mouldking.store\/wp-content\/uploads\/2022\/11\/52TOYS-BB-38TN-5-67x90.jpg 67w\" sizes=\"(max-width: 759px) 100vw, 759px\" \/><figcaption id=\"caption-attachment-34617\" class=\"wp-caption-text\">52\u0110\u1ed2 CH\u01a0I BB-38TN TECHNINJA Bee<\/figcaption><\/figure>\n<figure id=\"attachment_34618\" aria-describedby=\"caption-attachment-34618\" style=\"width: 790px\" class=\"wp-caption aligncenter\"><img loading=\"lazy\" decoding=\"async\" class=\"wp-image-34618 size-full\" src=\"https:\/\/mouldking.store\/wp-content\/uploads\/2022\/11\/52TOYS-BB-38TN-4.jpg\" alt=\"52TOYS BB-38TN TECHNINJA Bee \" width=\"790\" height=\"534\" title=\"-\" srcset=\"https:\/\/mouldking.store\/wp-content\/uploads\/2022\/11\/52TOYS-BB-38TN-4.jpg 790w, https:\/\/mouldking.store\/wp-content\/uploads\/2022\/11\/52TOYS-BB-38TN-4-300x203.jpg 300w, https:\/\/mouldking.store\/wp-content\/uploads\/2022\/11\/52TOYS-BB-38TN-4-768x519.jpg 768w, https:\/\/mouldking.store\/wp-content\/uploads\/2022\/11\/52TOYS-BB-38TN-4-600x406.jpg 600w, https:\/\/mouldking.store\/wp-content\/uploads\/2022\/11\/52TOYS-BB-38TN-4-150x101.jpg 150w, https:\/\/mouldking.store\/wp-content\/uploads\/2022\/11\/52TOYS-BB-38TN-4-89x60.jpg 89w, https:\/\/mouldking.store\/wp-content\/uploads\/2022\/11\/52TOYS-BB-38TN-4-133x90.jpg 133w\" sizes=\"(max-width: 790px) 100vw, 790px\" \/><figcaption id=\"caption-attachment-34618\" class=\"wp-caption-text\">52\u0110\u1ed2 CH\u01a0I BB-38TN TECHNINJA Bee<\/figcaption><\/figure>\n<figure id=\"attachment_34619\" aria-describedby=\"caption-attachment-34619\" style=\"width: 779px\" class=\"wp-caption aligncenter\"><img loading=\"lazy\" decoding=\"async\" class=\"wp-image-34619 size-full\" src=\"https:\/\/mouldking.store\/wp-content\/uploads\/2022\/11\/52TOYS-BB-38TN-3.jpg\" alt=\"52TOYS BB-38TN TECHNINJA Bee \" width=\"779\" height=\"1024\" title=\"-\" srcset=\"https:\/\/mouldking.store\/wp-content\/uploads\/2022\/11\/52TOYS-BB-38TN-3.jpg 779w, https:\/\/mouldking.store\/wp-content\/uploads\/2022\/11\/52TOYS-BB-38TN-3-228x300.jpg 228w, https:\/\/mouldking.store\/wp-content\/uploads\/2022\/11\/52TOYS-BB-38TN-3-768x1010.jpg 768w, https:\/\/mouldking.store\/wp-content\/uploads\/2022\/11\/52TOYS-BB-38TN-3-300x394.jpg 300w, https:\/\/mouldking.store\/wp-content\/uploads\/2022\/11\/52TOYS-BB-38TN-3-600x789.jpg 600w, https:\/\/mouldking.store\/wp-content\/uploads\/2022\/11\/52TOYS-BB-38TN-3-114x150.jpg 114w, https:\/\/mouldking.store\/wp-content\/uploads\/2022\/11\/52TOYS-BB-38TN-3-46x60.jpg 46w, https:\/\/mouldking.store\/wp-content\/uploads\/2022\/11\/52TOYS-BB-38TN-3-68x90.jpg 68w\" sizes=\"(max-width: 779px) 100vw, 779px\" \/><figcaption id=\"caption-attachment-34619\" class=\"wp-caption-text\">52\u0110\u1ed2 CH\u01a0I BB-38TN TECHNINJA Bee<\/figcaption><\/figure>\n<figure id=\"attachment_34620\" aria-describedby=\"caption-attachment-34620\" style=\"width: 996px\" class=\"wp-caption aligncenter\"><img loading=\"lazy\" decoding=\"async\" class=\"wp-image-34620 size-full\" src=\"https:\/\/mouldking.store\/wp-content\/uploads\/2022\/11\/52TOYS-BB-38TN-2.jpg\" alt=\"52TOYS BB-38TN TECHNINJA Bee \" width=\"996\" height=\"732\" title=\"-\" srcset=\"https:\/\/mouldking.store\/wp-content\/uploads\/2022\/11\/52TOYS-BB-38TN-2.jpg 996w, https:\/\/mouldking.store\/wp-content\/uploads\/2022\/11\/52TOYS-BB-38TN-2-300x220.jpg 300w, https:\/\/mouldking.store\/wp-content\/uploads\/2022\/11\/52TOYS-BB-38TN-2-768x564.jpg 768w, https:\/\/mouldking.store\/wp-content\/uploads\/2022\/11\/52TOYS-BB-38TN-2-600x441.jpg 600w, https:\/\/mouldking.store\/wp-content\/uploads\/2022\/11\/52TOYS-BB-38TN-2-150x110.jpg 150w, https:\/\/mouldking.store\/wp-content\/uploads\/2022\/11\/52TOYS-BB-38TN-2-82x60.jpg 82w, https:\/\/mouldking.store\/wp-content\/uploads\/2022\/11\/52TOYS-BB-38TN-2-122x90.jpg 122w\" sizes=\"(max-width: 996px) 100vw, 996px\" \/><figcaption id=\"caption-attachment-34620\" class=\"wp-caption-text\">52\u0110\u1ed2 CH\u01a0I BB-38TN TECHNINJA Bee<\/figcaption><\/figure>\n<figure id=\"attachment_34621\" aria-describedby=\"caption-attachment-34621\" style=\"width: 996px\" class=\"wp-caption aligncenter\"><img loading=\"lazy\" decoding=\"async\" class=\"wp-image-34621 size-full\" src=\"https:\/\/mouldking.store\/wp-content\/uploads\/2022\/11\/52TOYS-BB-38TN.jpg\" alt=\"52TOYS BB-38TN TECHNINJA Bee \" width=\"996\" height=\"920\" title=\"-\" srcset=\"https:\/\/mouldking.store\/wp-content\/uploads\/2022\/11\/52TOYS-BB-38TN.jpg 996w, https:\/\/mouldking.store\/wp-content\/uploads\/2022\/11\/52TOYS-BB-38TN-300x277.jpg 300w, https:\/\/mouldking.store\/wp-content\/uploads\/2022\/11\/52TOYS-BB-38TN-768x709.jpg 768w, https:\/\/mouldking.store\/wp-content\/uploads\/2022\/11\/52TOYS-BB-38TN-600x554.jpg 600w, https:\/\/mouldking.store\/wp-content\/uploads\/2022\/11\/52TOYS-BB-38TN-150x139.jpg 150w, https:\/\/mouldking.store\/wp-content\/uploads\/2022\/11\/52TOYS-BB-38TN-65x60.jpg 65w, https:\/\/mouldking.store\/wp-content\/uploads\/2022\/11\/52TOYS-BB-38TN-97x90.jpg 97w\" sizes=\"(max-width: 996px) 100vw, 996px\" \/><figcaption id=\"caption-attachment-34621\" class=\"wp-caption-text\">52\u0110\u1ed2 CH\u01a0I BB-38TN TECHNINJA Bee<\/figcaption><\/figure>","protected":false},"excerpt":{"rendered":"<p>Product information: Brand: 52TOYS Gender: Unisex Name: TECHNINJA Bee Age Range: &gt; 6 years old Model Number: BB-38TN Classification: Assemblage Plastic Block Shape: Self-Locking Bricks Material: Plastic Plastic Type: ABS Size: 15.5 cm Contains detailed assembly instructions. Notice: 1. Without an original box, but we guarantee our products have quality assurance and nice packaging. 2. [&hellip;]<\/p>","protected":false},"featured_media":34611,"comment_status":"closed","ping_status":"closed","template":"","meta":{"_acf_changed":false},"product_cat":[1365],"product_tag":[6179,7040,7036,7037,7039,7038,7041],"class_list":["product","first","instock","shipping-taxable","purchasable","product-type-variable"],"acf":[],"_links":{"self":[{"href":"https:\/\/mouldking.store\/vi\/wp-json\/wp\/v2\/product\/34609","targetHints":{"allow":["GET"]}}],"collection":[{"href":"https:\/\/mouldking.store\/vi\/wp-json\/wp\/v2\/product"}],"about":[{"href":"https:\/\/mouldking.store\/vi\/wp-json\/wp\/v2\/types\/product"}],"replies":[{"embeddable":true,"href":"https:\/\/mouldking.store\/vi\/wp-json\/wp\/v2\/comments?post=34609"}],"wp:featuredmedia":[{"embeddable":true,"href":"https:\/\/mouldking.store\/vi\/wp-json\/wp\/v2\/media\/34611"}],"wp:attachment":[{"href":"https:\/\/mouldking.store\/vi\/wp-json\/wp\/v2\/media?parent=34609"}],"wp:term":[{"taxonomy":"product_cat","embeddable":true,"href":"https:\/\/mouldking.store\/vi\/wp-json\/wp\/v2\/product_cat?post=34609"},{"taxonomy":"product_tag","embeddable":true,"href":"https:\/\/mouldking.store\/vi\/wp-json\/wp\/v2\/product_tag?post=34609"}],"curies":[{"name":"wp","href":"https:\/\/api.w.org\/{rel}","templated":true}]}}