{"id":34638,"date":"2022-11-08T09:04:15","date_gmt":"2022-11-08T02:04:15","guid":{"rendered":"https:\/\/mouldking.store\/?post_type=product&#038;p=34638"},"modified":"2022-11-08T09:04:16","modified_gmt":"2022-11-08T02:04:16","slug":"trumpeter-08112-transformers-decepticon-soundwave-ravage-with-130-pieces","status":"publish","type":"product","link":"https:\/\/mouldking.store\/vi\/shop\/trumpeter-08112-transformers-decepticon-soundwave-ravage-with-130-pieces\/","title":{"rendered":"TRUMPETER 08112 Transformers Decepticon Soundwave &amp; Ravage With 130 Pieces"},"content":{"rendered":"<p>Th\u00f4ng tin s\u1ea3n ph\u1ea9m:<\/p>\n<ol>\n<li>Th\u01b0\u01a1ng hi\u1ec7u: TRUMPETER<\/li>\n<li>Gi\u1edbi t\u00ednh: Unisex<\/li>\n<li>Name: Transformers Decepticon Soundwave &amp; Ravage<\/li>\n<li>\u0110\u1ed9 tu\u1ed5i: &gt; 6 tu\u1ed5i<\/li>\n<li>Model Number: 08112<\/li>\n<li>Ph\u00e2n lo\u1ea1i: T\u1eadp h\u1ee3p<\/li>\n<li>H\u00ecnh d\u1ea1ng kh\u1ed1i nh\u1ef1a: G\u1ea1ch t\u1ef1 kh\u00f3a<\/li>\n<li>Ch\u1ea5t li\u1ec7u: Nh\u1ef1a<\/li>\n<li>Lo\u1ea1i nh\u1ef1a: ABS<\/li>\n<li>Bricks Blocks:130 PCS<\/li>\n<li>Size:63x47x113mm<\/li>\n<li>Ch\u1ee9a h\u01b0\u1edbng d\u1eabn l\u1eafp r\u00e1p chi ti\u1ebft.<\/li>\n<\/ol>\n<p>\u0110\u1ec3 \u00fd:<br \/>\n1. Kh\u00f4ng c\u00f3 h\u1ed9p ban \u0111\u1ea7u, nh\u01b0ng ch\u00fang t\u00f4i \u0111\u1ea3m b\u1ea3o s\u1ea3n ph\u1ea9m c\u1ee7a ch\u00fang t\u00f4i c\u00f3 ch\u1ea5t l\u01b0\u1ee3ng \u0111\u1ea3m b\u1ea3o v\u00e0 bao b\u00ec \u0111\u1eb9p.<br \/>\n2. V\u00ec t\u1ea5t c\u1ea3 c\u00e1c b\u1ed9 ph\u1eadn ch\u00fang t\u00f4i \u0111\u00e3 ki\u1ec3m tra tr\u01b0\u1edbc khi v\u1eadn chuy\u1ec3n, v\u00ec v\u1eady n\u1ebfu b\u1ea1n th\u1ea5y m\u1ed9t s\u1ed1 b\u1ed9 ph\u1eadn b\u1ecb thi\u1ebfu ho\u1eb7c h\u01b0 h\u1ecfng, \u0111\u1eebng lo l\u1eafng v\u00e0 ch\u1ec9 c\u1ea7n vui l\u00f2ng li\u00ean h\u1ec7 v\u1edbi ch\u00fang t\u00f4i v\u00e0 ch\u00fang t\u00f4i c\u00f3 th\u1ec3 g\u1eedi l\u1ea1i mi\u1ec5n ph\u00ed cho b\u1ea1n ngay l\u1eadp t\u1ee9c.<\/p>\n<figure id=\"attachment_34644\" aria-describedby=\"caption-attachment-34644\" style=\"width: 800px\" class=\"wp-caption aligncenter\"><img fetchpriority=\"high\" decoding=\"async\" class=\"wp-image-34644 size-full\" src=\"https:\/\/mouldking.store\/wp-content\/uploads\/2022\/11\/TRUMPETER-08112-12.jpg\" alt=\"TRUMPETER 08112 Transformers Decepticon Soundwave &amp; Ravage With 130 Pieces\" width=\"800\" height=\"800\" title=\"-\" srcset=\"https:\/\/mouldking.store\/wp-content\/uploads\/2022\/11\/TRUMPETER-08112-12.jpg 800w, https:\/\/mouldking.store\/wp-content\/uploads\/2022\/11\/TRUMPETER-08112-12-300x300.jpg 300w, https:\/\/mouldking.store\/wp-content\/uploads\/2022\/11\/TRUMPETER-08112-12-768x768.jpg 768w, https:\/\/mouldking.store\/wp-content\/uploads\/2022\/11\/TRUMPETER-08112-12-600x600.jpg 600w, https:\/\/mouldking.store\/wp-content\/uploads\/2022\/11\/TRUMPETER-08112-12-150x150.jpg 150w, https:\/\/mouldking.store\/wp-content\/uploads\/2022\/11\/TRUMPETER-08112-12-60x60.jpg 60w, https:\/\/mouldking.store\/wp-content\/uploads\/2022\/11\/TRUMPETER-08112-12-90x90.jpg 90w\" sizes=\"(max-width: 800px) 100vw, 800px\" \/><figcaption id=\"caption-attachment-34644\" class=\"wp-caption-text\">TRUMPETER 08112 Transformers Decepticon Soundwave &amp; Ravage With 130 Pieces<\/figcaption><\/figure>\n<figure id=\"attachment_34645\" aria-describedby=\"caption-attachment-34645\" style=\"width: 750px\" class=\"wp-caption aligncenter\"><img decoding=\"async\" class=\"wp-image-34645 size-full\" src=\"https:\/\/mouldking.store\/wp-content\/uploads\/2022\/11\/TRUMPETER-08112-11.jpg\" alt=\"TRUMPETER 08112 Transformers Decepticon Soundwave &amp; Ravage With 130 Pieces\" width=\"750\" height=\"1000\" title=\"-\" srcset=\"https:\/\/mouldking.store\/wp-content\/uploads\/2022\/11\/TRUMPETER-08112-11.jpg 750w, https:\/\/mouldking.store\/wp-content\/uploads\/2022\/11\/TRUMPETER-08112-11-225x300.jpg 225w, https:\/\/mouldking.store\/wp-content\/uploads\/2022\/11\/TRUMPETER-08112-11-300x400.jpg 300w, https:\/\/mouldking.store\/wp-content\/uploads\/2022\/11\/TRUMPETER-08112-11-600x800.jpg 600w, https:\/\/mouldking.store\/wp-content\/uploads\/2022\/11\/TRUMPETER-08112-11-113x150.jpg 113w, https:\/\/mouldking.store\/wp-content\/uploads\/2022\/11\/TRUMPETER-08112-11-45x60.jpg 45w, https:\/\/mouldking.store\/wp-content\/uploads\/2022\/11\/TRUMPETER-08112-11-68x90.jpg 68w\" sizes=\"(max-width: 750px) 100vw, 750px\" \/><figcaption id=\"caption-attachment-34645\" class=\"wp-caption-text\">TRUMPETER 08112 Transformers Decepticon Soundwave &amp; Ravage With 130 Pieces<\/figcaption><\/figure>\n<figure id=\"attachment_34646\" aria-describedby=\"caption-attachment-34646\" style=\"width: 750px\" class=\"wp-caption aligncenter\"><img decoding=\"async\" class=\"wp-image-34646 size-full\" src=\"https:\/\/mouldking.store\/wp-content\/uploads\/2022\/11\/TRUMPETER-08112-10.jpg\" alt=\"TRUMPETER 08112 Transformers Decepticon Soundwave &amp; Ravage With 130 Pieces\" width=\"750\" height=\"997\" title=\"-\" srcset=\"https:\/\/mouldking.store\/wp-content\/uploads\/2022\/11\/TRUMPETER-08112-10.jpg 750w, https:\/\/mouldking.store\/wp-content\/uploads\/2022\/11\/TRUMPETER-08112-10-226x300.jpg 226w, https:\/\/mouldking.store\/wp-content\/uploads\/2022\/11\/TRUMPETER-08112-10-300x399.jpg 300w, https:\/\/mouldking.store\/wp-content\/uploads\/2022\/11\/TRUMPETER-08112-10-600x798.jpg 600w, https:\/\/mouldking.store\/wp-content\/uploads\/2022\/11\/TRUMPETER-08112-10-113x150.jpg 113w, https:\/\/mouldking.store\/wp-content\/uploads\/2022\/11\/TRUMPETER-08112-10-45x60.jpg 45w, https:\/\/mouldking.store\/wp-content\/uploads\/2022\/11\/TRUMPETER-08112-10-68x90.jpg 68w\" sizes=\"(max-width: 750px) 100vw, 750px\" \/><figcaption id=\"caption-attachment-34646\" class=\"wp-caption-text\">TRUMPETER 08112 Transformers Decepticon Soundwave &amp; Ravage With 130 Pieces<\/figcaption><\/figure>\n<figure id=\"attachment_34647\" aria-describedby=\"caption-attachment-34647\" style=\"width: 750px\" class=\"wp-caption aligncenter\"><img loading=\"lazy\" decoding=\"async\" class=\"wp-image-34647 size-full\" src=\"https:\/\/mouldking.store\/wp-content\/uploads\/2022\/11\/TRUMPETER-08112-9.jpg\" alt=\"TRUMPETER 08112 Transformers Decepticon Soundwave &amp; Ravage With 130 Pieces\" width=\"750\" height=\"999\" title=\"-\" srcset=\"https:\/\/mouldking.store\/wp-content\/uploads\/2022\/11\/TRUMPETER-08112-9.jpg 750w, https:\/\/mouldking.store\/wp-content\/uploads\/2022\/11\/TRUMPETER-08112-9-225x300.jpg 225w, https:\/\/mouldking.store\/wp-content\/uploads\/2022\/11\/TRUMPETER-08112-9-300x400.jpg 300w, https:\/\/mouldking.store\/wp-content\/uploads\/2022\/11\/TRUMPETER-08112-9-600x799.jpg 600w, https:\/\/mouldking.store\/wp-content\/uploads\/2022\/11\/TRUMPETER-08112-9-113x150.jpg 113w, https:\/\/mouldking.store\/wp-content\/uploads\/2022\/11\/TRUMPETER-08112-9-45x60.jpg 45w, https:\/\/mouldking.store\/wp-content\/uploads\/2022\/11\/TRUMPETER-08112-9-68x90.jpg 68w\" sizes=\"(max-width: 750px) 100vw, 750px\" \/><figcaption id=\"caption-attachment-34647\" class=\"wp-caption-text\">TRUMPETER 08112 Transformers Decepticon Soundwave &amp; Ravage With 130 Pieces<\/figcaption><\/figure>\n<figure id=\"attachment_34648\" aria-describedby=\"caption-attachment-34648\" style=\"width: 750px\" class=\"wp-caption aligncenter\"><img loading=\"lazy\" decoding=\"async\" class=\"wp-image-34648 size-full\" src=\"https:\/\/mouldking.store\/wp-content\/uploads\/2022\/11\/TRUMPETER-08112-8.jpg\" alt=\"TRUMPETER 08112 Transformers Decepticon Soundwave &amp; Ravage With 130 Pieces\" width=\"750\" height=\"1003\" title=\"-\" srcset=\"https:\/\/mouldking.store\/wp-content\/uploads\/2022\/11\/TRUMPETER-08112-8.jpg 750w, https:\/\/mouldking.store\/wp-content\/uploads\/2022\/11\/TRUMPETER-08112-8-224x300.jpg 224w, https:\/\/mouldking.store\/wp-content\/uploads\/2022\/11\/TRUMPETER-08112-8-300x401.jpg 300w, https:\/\/mouldking.store\/wp-content\/uploads\/2022\/11\/TRUMPETER-08112-8-600x802.jpg 600w, https:\/\/mouldking.store\/wp-content\/uploads\/2022\/11\/TRUMPETER-08112-8-112x150.jpg 112w, https:\/\/mouldking.store\/wp-content\/uploads\/2022\/11\/TRUMPETER-08112-8-45x60.jpg 45w, https:\/\/mouldking.store\/wp-content\/uploads\/2022\/11\/TRUMPETER-08112-8-67x90.jpg 67w\" sizes=\"(max-width: 750px) 100vw, 750px\" \/><figcaption id=\"caption-attachment-34648\" class=\"wp-caption-text\">TRUMPETER 08112 Transformers Decepticon Soundwave &amp; Ravage With 130 Pieces<\/figcaption><\/figure>\n<figure id=\"attachment_34649\" aria-describedby=\"caption-attachment-34649\" style=\"width: 576px\" class=\"wp-caption aligncenter\"><img loading=\"lazy\" decoding=\"async\" class=\"wp-image-34649 size-full\" src=\"https:\/\/mouldking.store\/wp-content\/uploads\/2022\/11\/TRUMPETER-08112-7.jpg\" alt=\"TRUMPETER 08112 Transformers Decepticon Soundwave &amp; Ravage With 130 Pieces\" width=\"576\" height=\"1024\" title=\"-\" srcset=\"https:\/\/mouldking.store\/wp-content\/uploads\/2022\/11\/TRUMPETER-08112-7.jpg 576w, https:\/\/mouldking.store\/wp-content\/uploads\/2022\/11\/TRUMPETER-08112-7-169x300.jpg 169w, https:\/\/mouldking.store\/wp-content\/uploads\/2022\/11\/TRUMPETER-08112-7-300x533.jpg 300w, https:\/\/mouldking.store\/wp-content\/uploads\/2022\/11\/TRUMPETER-08112-7-84x150.jpg 84w, https:\/\/mouldking.store\/wp-content\/uploads\/2022\/11\/TRUMPETER-08112-7-34x60.jpg 34w, https:\/\/mouldking.store\/wp-content\/uploads\/2022\/11\/TRUMPETER-08112-7-51x90.jpg 51w\" sizes=\"(max-width: 576px) 100vw, 576px\" \/><figcaption id=\"caption-attachment-34649\" class=\"wp-caption-text\">TRUMPETER 08112 Transformers Decepticon Soundwave &amp; Ravage With 130 Pieces<\/figcaption><\/figure>\n<figure id=\"attachment_34650\" aria-describedby=\"caption-attachment-34650\" style=\"width: 576px\" class=\"wp-caption aligncenter\"><img loading=\"lazy\" decoding=\"async\" class=\"wp-image-34650 size-full\" src=\"https:\/\/mouldking.store\/wp-content\/uploads\/2022\/11\/TRUMPETER-08112-6.jpg\" alt=\"TRUMPETER 08112 Transformers Decepticon Soundwave &amp; Ravage With 130 Pieces\" width=\"576\" height=\"1024\" title=\"-\" srcset=\"https:\/\/mouldking.store\/wp-content\/uploads\/2022\/11\/TRUMPETER-08112-6.jpg 576w, https:\/\/mouldking.store\/wp-content\/uploads\/2022\/11\/TRUMPETER-08112-6-169x300.jpg 169w, https:\/\/mouldking.store\/wp-content\/uploads\/2022\/11\/TRUMPETER-08112-6-300x533.jpg 300w, https:\/\/mouldking.store\/wp-content\/uploads\/2022\/11\/TRUMPETER-08112-6-84x150.jpg 84w, https:\/\/mouldking.store\/wp-content\/uploads\/2022\/11\/TRUMPETER-08112-6-34x60.jpg 34w, https:\/\/mouldking.store\/wp-content\/uploads\/2022\/11\/TRUMPETER-08112-6-51x90.jpg 51w\" sizes=\"(max-width: 576px) 100vw, 576px\" \/><figcaption id=\"caption-attachment-34650\" class=\"wp-caption-text\">TRUMPETER 08112 Transformers Decepticon Soundwave &amp; Ravage With 130 Pieces<\/figcaption><\/figure>\n<figure id=\"attachment_34651\" aria-describedby=\"caption-attachment-34651\" style=\"width: 576px\" class=\"wp-caption aligncenter\"><img loading=\"lazy\" decoding=\"async\" class=\"wp-image-34651 size-full\" src=\"https:\/\/mouldking.store\/wp-content\/uploads\/2022\/11\/TRUMPETER-08112-5.jpg\" alt=\"TRUMPETER 08112 Transformers Decepticon Soundwave &amp; Ravage With 130 Pieces\" width=\"576\" height=\"1024\" title=\"-\" srcset=\"https:\/\/mouldking.store\/wp-content\/uploads\/2022\/11\/TRUMPETER-08112-5.jpg 576w, https:\/\/mouldking.store\/wp-content\/uploads\/2022\/11\/TRUMPETER-08112-5-169x300.jpg 169w, https:\/\/mouldking.store\/wp-content\/uploads\/2022\/11\/TRUMPETER-08112-5-300x533.jpg 300w, https:\/\/mouldking.store\/wp-content\/uploads\/2022\/11\/TRUMPETER-08112-5-84x150.jpg 84w, https:\/\/mouldking.store\/wp-content\/uploads\/2022\/11\/TRUMPETER-08112-5-34x60.jpg 34w, https:\/\/mouldking.store\/wp-content\/uploads\/2022\/11\/TRUMPETER-08112-5-51x90.jpg 51w\" sizes=\"(max-width: 576px) 100vw, 576px\" \/><figcaption id=\"caption-attachment-34651\" class=\"wp-caption-text\">TRUMPETER 08112 Transformers Decepticon Soundwave &amp; Ravage With 130 Pieces<\/figcaption><\/figure>\n<figure id=\"attachment_34652\" aria-describedby=\"caption-attachment-34652\" style=\"width: 576px\" class=\"wp-caption aligncenter\"><img loading=\"lazy\" decoding=\"async\" class=\"wp-image-34652 size-full\" src=\"https:\/\/mouldking.store\/wp-content\/uploads\/2022\/11\/TRUMPETER-08112-4.jpg\" alt=\"TRUMPETER 08112 Transformers Decepticon Soundwave &amp; Ravage With 130 Pieces\" width=\"576\" height=\"1024\" title=\"-\" srcset=\"https:\/\/mouldking.store\/wp-content\/uploads\/2022\/11\/TRUMPETER-08112-4.jpg 576w, https:\/\/mouldking.store\/wp-content\/uploads\/2022\/11\/TRUMPETER-08112-4-169x300.jpg 169w, https:\/\/mouldking.store\/wp-content\/uploads\/2022\/11\/TRUMPETER-08112-4-300x533.jpg 300w, https:\/\/mouldking.store\/wp-content\/uploads\/2022\/11\/TRUMPETER-08112-4-84x150.jpg 84w, https:\/\/mouldking.store\/wp-content\/uploads\/2022\/11\/TRUMPETER-08112-4-34x60.jpg 34w, https:\/\/mouldking.store\/wp-content\/uploads\/2022\/11\/TRUMPETER-08112-4-51x90.jpg 51w\" sizes=\"(max-width: 576px) 100vw, 576px\" \/><figcaption id=\"caption-attachment-34652\" class=\"wp-caption-text\">TRUMPETER 08112 Transformers Decepticon Soundwave &amp; Ravage With 130 Pieces<\/figcaption><\/figure>\n<figure id=\"attachment_34653\" aria-describedby=\"caption-attachment-34653\" style=\"width: 750px\" class=\"wp-caption aligncenter\"><img loading=\"lazy\" decoding=\"async\" class=\"wp-image-34653 size-full\" src=\"https:\/\/mouldking.store\/wp-content\/uploads\/2022\/11\/TRUMPETER-08112-3.jpg\" alt=\"TRUMPETER 08112 Transformers Decepticon Soundwave &amp; Ravage With 130 Pieces\" width=\"750\" height=\"1000\" title=\"-\" srcset=\"https:\/\/mouldking.store\/wp-content\/uploads\/2022\/11\/TRUMPETER-08112-3.jpg 750w, https:\/\/mouldking.store\/wp-content\/uploads\/2022\/11\/TRUMPETER-08112-3-225x300.jpg 225w, https:\/\/mouldking.store\/wp-content\/uploads\/2022\/11\/TRUMPETER-08112-3-300x400.jpg 300w, https:\/\/mouldking.store\/wp-content\/uploads\/2022\/11\/TRUMPETER-08112-3-600x800.jpg 600w, https:\/\/mouldking.store\/wp-content\/uploads\/2022\/11\/TRUMPETER-08112-3-113x150.jpg 113w, https:\/\/mouldking.store\/wp-content\/uploads\/2022\/11\/TRUMPETER-08112-3-45x60.jpg 45w, https:\/\/mouldking.store\/wp-content\/uploads\/2022\/11\/TRUMPETER-08112-3-68x90.jpg 68w\" sizes=\"(max-width: 750px) 100vw, 750px\" \/><figcaption id=\"caption-attachment-34653\" class=\"wp-caption-text\">TRUMPETER 08112 Transformers Decepticon Soundwave &amp; Ravage With 130 Pieces<\/figcaption><\/figure>\n<figure id=\"attachment_34654\" aria-describedby=\"caption-attachment-34654\" style=\"width: 576px\" class=\"wp-caption aligncenter\"><img loading=\"lazy\" decoding=\"async\" class=\"wp-image-34654 size-full\" src=\"https:\/\/mouldking.store\/wp-content\/uploads\/2022\/11\/TRUMPETER-08112-2.jpg\" alt=\"TRUMPETER 08112 Transformers Decepticon Soundwave &amp; Ravage With 130 Pieces\" width=\"576\" height=\"1024\" title=\"-\" srcset=\"https:\/\/mouldking.store\/wp-content\/uploads\/2022\/11\/TRUMPETER-08112-2.jpg 576w, https:\/\/mouldking.store\/wp-content\/uploads\/2022\/11\/TRUMPETER-08112-2-169x300.jpg 169w, https:\/\/mouldking.store\/wp-content\/uploads\/2022\/11\/TRUMPETER-08112-2-300x533.jpg 300w, https:\/\/mouldking.store\/wp-content\/uploads\/2022\/11\/TRUMPETER-08112-2-84x150.jpg 84w, https:\/\/mouldking.store\/wp-content\/uploads\/2022\/11\/TRUMPETER-08112-2-34x60.jpg 34w, https:\/\/mouldking.store\/wp-content\/uploads\/2022\/11\/TRUMPETER-08112-2-51x90.jpg 51w\" sizes=\"(max-width: 576px) 100vw, 576px\" \/><figcaption id=\"caption-attachment-34654\" class=\"wp-caption-text\">TRUMPETER 08112 Transformers Decepticon Soundwave &amp; Ravage With 130 Pieces<\/figcaption><\/figure>\n<figure id=\"attachment_34655\" aria-describedby=\"caption-attachment-34655\" style=\"width: 576px\" class=\"wp-caption aligncenter\"><img loading=\"lazy\" decoding=\"async\" class=\"wp-image-34655 size-full\" src=\"https:\/\/mouldking.store\/wp-content\/uploads\/2022\/11\/TRUMPETER-08112.jpg\" alt=\"TRUMPETER 08112 Transformers Decepticon Soundwave &amp; Ravage With 130 Pieces\" width=\"576\" height=\"1024\" title=\"-\" srcset=\"https:\/\/mouldking.store\/wp-content\/uploads\/2022\/11\/TRUMPETER-08112.jpg 576w, https:\/\/mouldking.store\/wp-content\/uploads\/2022\/11\/TRUMPETER-08112-169x300.jpg 169w, https:\/\/mouldking.store\/wp-content\/uploads\/2022\/11\/TRUMPETER-08112-300x533.jpg 300w, https:\/\/mouldking.store\/wp-content\/uploads\/2022\/11\/TRUMPETER-08112-84x150.jpg 84w, https:\/\/mouldking.store\/wp-content\/uploads\/2022\/11\/TRUMPETER-08112-34x60.jpg 34w, https:\/\/mouldking.store\/wp-content\/uploads\/2022\/11\/TRUMPETER-08112-51x90.jpg 51w\" sizes=\"(max-width: 576px) 100vw, 576px\" \/><figcaption id=\"caption-attachment-34655\" class=\"wp-caption-text\">TRUMPETER 08112 Transformers Decepticon Soundwave &amp; Ravage With 130 Pieces<\/figcaption><\/figure>","protected":false},"excerpt":{"rendered":"<p>Product information: Brand: TRUMPETER Gender: Unisex Name: Transformers Decepticon Soundwave &amp; Ravage Age Range: &gt; 6 years old Model Number: 08112 Classification: Assemblage Plastic Block Shape: Self-Locking Bricks Material: Plastic Plastic Type: ABS Bricks Blocks:130 PCS Size:63x47x113mm Contains detailed assembly instructions. Notice: 1. Without an original box, but we guarantee our products have quality assurance [&hellip;]<\/p>","protected":false},"featured_media":34644,"comment_status":"closed","ping_status":"closed","template":"","meta":{"_acf_changed":false},"product_cat":[1408],"product_tag":[7047,7049,7048,7050,7052,6793,7051,7046],"class_list":["product","first","instock","shipping-taxable","purchasable","product-type-simple"],"acf":[],"_links":{"self":[{"href":"https:\/\/mouldking.store\/vi\/wp-json\/wp\/v2\/product\/34638","targetHints":{"allow":["GET"]}}],"collection":[{"href":"https:\/\/mouldking.store\/vi\/wp-json\/wp\/v2\/product"}],"about":[{"href":"https:\/\/mouldking.store\/vi\/wp-json\/wp\/v2\/types\/product"}],"replies":[{"embeddable":true,"href":"https:\/\/mouldking.store\/vi\/wp-json\/wp\/v2\/comments?post=34638"}],"wp:featuredmedia":[{"embeddable":true,"href":"https:\/\/mouldking.store\/vi\/wp-json\/wp\/v2\/media\/34644"}],"wp:attachment":[{"href":"https:\/\/mouldking.store\/vi\/wp-json\/wp\/v2\/media?parent=34638"}],"wp:term":[{"taxonomy":"product_cat","embeddable":true,"href":"https:\/\/mouldking.store\/vi\/wp-json\/wp\/v2\/product_cat?post=34638"},{"taxonomy":"product_tag","embeddable":true,"href":"https:\/\/mouldking.store\/vi\/wp-json\/wp\/v2\/product_tag?post=34638"}],"curies":[{"name":"wp","href":"https:\/\/api.w.org\/{rel}","templated":true}]}}